{"id":1354,"date":"2024-12-23T02:18:07","date_gmt":"2024-12-23T02:18:07","guid":{"rendered":"https:\/\/fmp-components.com\/product\/hot-sale-double-acting-20-ton-hydraulic-cylinder-welded-hydraulic-cylinder\/"},"modified":"2025-03-18T00:57:00","modified_gmt":"2025-03-18T00:57:00","slug":"hot-sale-double-acting-20-ton-hydraulic-cylinder-welded-hydraulic-cylinder","status":"publish","type":"product","link":"https:\/\/fmp-components.com\/tr\/product\/hot-sale-double-acting-20-ton-hydraulic-cylinder-welded-hydraulic-cylinder\/","title":{"rendered":"S\u0131cak Sat\u0131\u015f \u00c7ift Etkili 20 Tonluk Hidrolik Silindir Kaynakl\u0131 Hidrolik Silindir"},"content":{"rendered":"<h2>S\u0131cak Sat\u0131\u015f \u00c7ift Etkili 20 Tonluk Kaynakl\u0131 Hidrolik Silindiri Tan\u0131t\u0131yoruz:<\/h2>\n<p>S\u0131cak Sat\u0131\u015f \u00c7ift Etkili 20 Ton Kaynakl\u0131 Hidrolik Silindir, a\u011f\u0131r hizmet uygulamalar\u0131 i\u00e7in tasarlanm\u0131\u015f y\u00fcksek kaliteli bir \u00fcr\u00fcnd\u00fcr. \u00c7ift etkili tasar\u0131m\u0131 sayesinde hem uzatma hem de geri \u00e7ekme hareketlerinde verimli ve g\u00fcvenilir \u00e7al\u0131\u015fma sa\u011flar.<\/p>\n<p>Bu hidrolik silindir, zorlu ko\u015fullara dayanacak ve ola\u011fan\u00fcst\u00fc performans sunacak \u015fekilde \u00fcretilmi\u015ftir. Sa\u011flam yap\u0131s\u0131, y\u00fcksek bas\u0131n\u00e7lara dayan\u0131kl\u0131l\u0131k ve diren\u00e7 sa\u011flayan kaynakl\u0131 silindir g\u00f6vdesini i\u00e7erir. Silindir, maksimum 20 ton kuvvet \u00fcretebildi\u011finden \u00e7e\u015fitli end\u00fcstriyel g\u00f6revler i\u00e7in uygundur.<\/p>\n<p>S\u0131cak Sat\u0131\u015f \u00c7ift Etkili 20 Ton Kaynakl\u0131 Hidrolik Silindir, kolay kurulum ve kullan\u0131m i\u00e7in tasarlanm\u0131\u015ft\u0131r. \u00c7ok y\u00f6nl\u00fc montaj stili sayesinde farkl\u0131 sistemlere esnek entegrasyon sa\u011flar. Silindir ayr\u0131ca, \u00e7e\u015fitli uygulamalarla uyumluluk sa\u011flayan \u00e7e\u015fitli rot ucu ve montaj aksesuarlar\u0131 se\u00e7enekleriyle birlikte gelir.<\/p>\n<p>G\u00fcvenlik ve verimlilik a\u00e7\u0131s\u0131ndan, bu hidrolik silindir y\u00fcksek kaliteli contalar ve hassas bile\u015fenlerle donat\u0131lm\u0131\u015ft\u0131r. Minimum s\u0131z\u0131nt\u0131 ve sorunsuz \u00e7al\u0131\u015fma sa\u011flayarak performans\u0131 optimize eder ve bak\u0131m gereksinimlerini azalt\u0131r.<\/p>\n<p>\u0130ster in\u015faat, ister tar\u0131m veya di\u011fer a\u011f\u0131r hizmet sekt\u00f6rlerinde kullan\u0131ls\u0131n, S\u0131cak Sat\u0131\u015f \u00c7ift Etkili 20 Ton Kaynakl\u0131 Hidrolik Silindir g\u00fcvenilir ve verimli bir \u00e7\u00f6z\u00fcm oldu\u011funu kan\u0131tl\u0131yor. Sa\u011flam yap\u0131s\u0131, \u00e7ok y\u00f6nl\u00fc tasar\u0131m\u0131 ve \u00fcst\u00fcn performans\u0131, onu her t\u00fcrl\u00fc hidrolik sistem i\u00e7in m\u00fckemmel bir se\u00e7im haline getiriyor.<\/p>\n<p><img loading=\"lazy\" decoding=\"async\" class=\"alignnone size-full wp-image-1334\" src=\"https:\/\/fmp-components.com\/wp-content\/uploads\/2024\/12\/Adjustable-Clevis-Type-Cylinders-4.webp\" alt=\"Ayarlanabilir-\u00c7ember-Tipi-Silindirler\" width=\"800\" height=\"800\" title=\"\" srcset=\"https:\/\/fmp-components.com\/wp-content\/uploads\/2024\/12\/Adjustable-Clevis-Type-Cylinders-4.webp 800w, https:\/\/fmp-components.com\/wp-content\/uploads\/2024\/12\/Adjustable-Clevis-Type-Cylinders-4-480x480.webp 480w\" sizes=\"(min-width: 0px) and (max-width: 480px) 480px, (min-width: 481px) 800px, 100vw\" \/><\/p>\n<p>S\u0131cak Sat\u0131\u015f \u00c7ift Etkili 20 Ton Hidrolik Silindir Kaynakl\u0131 Hidrolik Silindir'i se\u00e7in ve sundu\u011fu g\u00fc\u00e7 ve dayan\u0131kl\u0131l\u0131\u011f\u0131 deneyimleyin.<\/p>\n<p>Yeni piyasaya s\u00fcr\u00fclen \u00c7ift Etkili 20 Tonluk Hidrolik Silindiri sunuyoruz, art\u0131k sat\u0131n alabilirsiniz. Bu kaynakl\u0131 tip silindir, y\u00fcksek kaliteli \u00e7elikten yap\u0131lm\u0131\u015f sa\u011flam yap\u0131s\u0131yla \u00fcst\u00fcn dayan\u0131kl\u0131l\u0131k ve mukavemet i\u00e7in \u00fcretilmi\u015ftir. 2-6 in\u00e7 (5,7-15,7 cm), 1,125-4 in\u00e7 (3,1-4,7 cm) aras\u0131nda de\u011fi\u015fen delik \u00e7ap\u0131, 4-100 in\u00e7 (4,1-2,5 cm) aras\u0131nda de\u011fi\u015fen strok \u00e7ap\u0131yla Makine Tamir At\u00f6lyeleri, \u00c7iftlikler, Enerji ve Madencilik, Makine \u00dcretimi ve Makine Fabrikalar\u0131 gibi \u00e7e\u015fitli end\u00fcstri uygulamalar\u0131 i\u00e7in uygundur. 3000 tonluk maksimum itme kuvveti ve 20 tonluk maksimum \u00e7ekme kuvvetiyle bu hidrolik silindir g\u00fc\u00e7l\u00fc bir performans sunar.<\/p>\n<p>\u00dcr\u00fcn\u00fcm\u00fcz, 2002 y\u0131l\u0131ndan beri sekt\u00f6rde lider bir kurulu\u015f olan FMP Hidrolik Makine taraf\u0131ndan \u00fcretilen birinci s\u0131n\u0131f \u00fcr\u00fcn yelpazesinin bir par\u00e7as\u0131d\u0131r. Hidrolik silindir \u00fcretimi ve ihracat\u0131nda uzmanla\u015f\u0131yoruz ve kaliteli \u00fcr\u00fcn ve m\u00fc\u015fteri hizmetleriyle sa\u011flam bir itibar kazand\u0131k. \u00c7ift Etkili 20 Tonluk Hidrolik Silindirimiz de bir istisna de\u011fildir ve hidrolik ekipmanda en iyisini sunma taahh\u00fcd\u00fcm\u00fcz\u00fcn bir kan\u0131t\u0131d\u0131r. Rulman ve hidrolik silindir dahil olmak \u00fczere temel bile\u015fenlerde 1 y\u0131l garanti ile birlikte gelir, b\u00f6ylece kalitesinden ve g\u00fcvenilirli\u011finden emin olabilirsiniz.<\/p>\n<p>M\u00fc\u015fteri memnuniyetini sa\u011flamak i\u00e7in, her \u00fcr\u00fcn i\u00e7in video \u00e7\u0131k\u0131\u015f muayene ve makine test raporu sunuyoruz. Silindir, \u015f\u0131k siyah renkte olup demir kasa, kontrplak kasa veya karton kutuda paketlenmi\u015ftir.<\/p>\n<h2>Ayarlanabilir \u00c7atal Tipi Silindirlerin Avantajlar\u0131<\/h2>\n<p>S\u0131cak sat\u0131\u015f \u00e7ift etkili 20 tonluk hidrolik silindir ve kaynakl\u0131 hidrolik silindir gibi ayarlanabilir \u00e7atal tipi silindirler, \u00e7e\u015fitli end\u00fcstriyel uygulamalarda bir\u00e7ok avantaj sunar. Bu silindirler, hassas kontrol ve g\u00fcvenilir performans sa\u011flayacak \u015fekilde tasarlanm\u0131\u015ft\u0131r ve bu da onlar\u0131 bir\u00e7ok hidrolik sistem i\u00e7in m\u00fckemmel bir se\u00e7im haline getirir.<\/p>\n<ol>\n<li><strong>Geli\u015fmi\u015f Esneklik:<\/strong> Ayarlanabilir \u00e7atal tipi silindirlerin temel avantajlar\u0131ndan biri, hidrolik sistemlerde geli\u015fmi\u015f esneklik sunabilmeleridir. Ayarlanabilir \u00e7atal \u00f6zelli\u011fi sayesinde, bu silindirler farkl\u0131 montaj konumlar\u0131na ve y\u00f6nelimlerine kolayca uyum sa\u011flayarak \u00e7e\u015fitli uygulamalarda daha fazla \u00e7ok y\u00f6nl\u00fcl\u00fck sa\u011flar.<\/li>\n<li><strong>Optimum Performans:<\/strong> Ayarlanabilir \u00e7atal tipi silindirler, optimum performans sa\u011flamak \u00fczere \u00f6zel olarak tasarlanm\u0131\u015ft\u0131r. Bu silindirlerin geli\u015fmi\u015f tasar\u0131m\u0131 ve yap\u0131s\u0131, sorunsuz ve verimli bir \u00e7al\u0131\u015fma sa\u011flayarak \u00fcretkenli\u011fi art\u0131r\u0131r ve duru\u015f s\u00fcrelerini k\u0131salt\u0131r. Y\u00fcksek kaliteli malzemeler ve hassas \u00fcretim tekniklerinin kullan\u0131m\u0131, performanslar\u0131n\u0131 ve g\u00fcvenilirliklerini daha da art\u0131r\u0131r.<\/li>\n<li><strong>Do\u011fru Konumland\u0131rma:<\/strong> Bu silindirler, hassas kontrol ve hassas konumland\u0131rma kabiliyetleriyle bilinir. Ayarlanabilir \u00e7atal tasar\u0131m\u0131, silindirin strokunun ve montaj konumunun hassas bir \u015fekilde ayarlanmas\u0131n\u0131 sa\u011flayarak y\u00fcklerin hareketinin ve konumland\u0131r\u0131lmas\u0131n\u0131n hassas bir \u015fekilde kontrol edilmesini sa\u011flar. Bu kontrol seviyesi, end\u00fcstriyel otomasyon ve malzeme ta\u015f\u0131ma sistemleri gibi hassasiyetin kritik \u00f6nem ta\u015f\u0131d\u0131\u011f\u0131 uygulamalarda hayati \u00f6nem ta\u015f\u0131r.<\/li>\n<li><strong>Dayan\u0131kl\u0131 Yap\u0131:<\/strong> Ayarlanabilir \u00e7atal tipi silindirler, zorlu \u00e7al\u0131\u015fma ko\u015fullar\u0131na dayanacak \u015fekilde \u00fcretilmi\u015ftir. Genellikle y\u00fcksek mukavemetli \u00e7elik gibi sa\u011flam malzemelerden \u00fcretilirler ve bu da dayan\u0131kl\u0131l\u0131klar\u0131n\u0131 ve uzun \u00f6m\u00fcrlerini garanti eder. \u00d6zellikle kaynakl\u0131 hidrolik silindir, m\u00fckemmel yap\u0131sal b\u00fct\u00fcnl\u00fck ve a\u015f\u0131nma ve y\u0131pranmaya kar\u015f\u0131 diren\u00e7 sunarak a\u011f\u0131r hizmet uygulamalar\u0131 i\u00e7in uygundur.<\/li>\n<li><strong>Kolay Bak\u0131m:<\/strong> Bu silindirler, bak\u0131m kolayl\u0131\u011f\u0131 d\u00fc\u015f\u00fcn\u00fclerek tasarlanm\u0131\u015ft\u0131r. Genellikle mod\u00fcler bir tasar\u0131ma sahip olduklar\u0131ndan, bak\u0131m veya onar\u0131m \u00e7al\u0131\u015fmalar\u0131 s\u0131ras\u0131nda kolayca s\u00f6k\u00fcl\u00fcp tak\u0131labilirler. Ayr\u0131ca, sa\u011flam yap\u0131lar\u0131 hasar riskini en aza indirir ve bak\u0131m d\u00f6ng\u00fcleri aras\u0131ndaki s\u00fcreyi uzatarak genel bak\u0131m maliyetlerini d\u00fc\u015f\u00fcr\u00fcr.<\/li>\n<\/ol>\n<p>Genel olarak, s\u0131cak sat\u0131\u015f \u00e7ift etkili 20 tonluk hidrolik silindir ve kaynakl\u0131 hidrolik silindir de dahil olmak \u00fczere ayarlanabilir \u00e7atal tipi silindirler, esneklik, performans, konumland\u0131rma hassasiyeti, dayan\u0131kl\u0131l\u0131k ve bak\u0131m kolayl\u0131\u011f\u0131 a\u00e7\u0131s\u0131ndan say\u0131s\u0131z avantaj sunar. Bu silindirler, \u00e7ok \u00e7e\u015fitli uygulamalar i\u00e7in g\u00fcvenilir ve verimli hidrolik g\u00fc\u00e7 sa\u011flayarak \u00e7e\u015fitli end\u00fcstrilerde hayati bir rol oynar.<\/p>\n<p><img decoding=\"async\" src=\"https:\/\/fmp-components.com\/wp-content\/uploads\/2024\/12\/Adjustable-Clevis-Type-Cylinders5.webp\" alt=\"Ayarlanabilir \u00c7atal Tipi Silindir\" width=\"800\" title=\"\"><\/p>\n<h2>Ayarlanabilir \u00c7atal Tip Silindirlerin Uygulamas\u0131<\/h2>\n<p>Ayarlanabilir \u00e7atal tipi silindirler, \u00e7e\u015fitli end\u00fcstrilerde yayg\u0131n uygulama alan\u0131 bulan \u00e7ok y\u00f6nl\u00fc hidrolik cihazlard\u0131r. Bu silindirler ola\u011fan\u00fcst\u00fc performans sunar ve \u00f6zel gereksinimleri kar\u015f\u0131layacak \u015fekilde ayarlanabilir. Bu blog yaz\u0131s\u0131nda, ayarlanabilir \u00e7atal tipi silindirlerin farkl\u0131 uygulamalar\u0131n\u0131 inceleyecek ve benzersiz \u00f6zelliklerini ve avantajlar\u0131n\u0131 inceleyece\u011fiz.<\/p>\n<h3>1. End\u00fcstriyel Otomasyon ve Makineler<\/h3>\n<p>Ayarlanabilir \u00e7atal tipi silindirlerin temel uygulamalar\u0131ndan biri end\u00fcstriyel otomasyon ve makine sekt\u00f6r\u00fcd\u00fcr. Bu silindirler, konvey\u00f6r bantlar\u0131, robotik kollar ve montaj hatt\u0131 ekipmanlar\u0131 gibi \u00e7e\u015fitli mekanik bile\u015fenlerin hareketini kontrol etmede \u00f6nemli bir rol oynar. Hassas ayarlanabilirlikleri sayesinde bu silindirler, sorunsuz ve hassas \u00e7al\u0131\u015fma sa\u011flayarak \u00fcretkenlik ve verimlili\u011fin artmas\u0131na katk\u0131da bulunur.<\/p>\n<h3>2. \u0130n\u015faat ve Yap\u0131 End\u00fcstrisi<\/h3>\n<p>\u0130n\u015faat ve yap\u0131 sekt\u00f6r\u00fc de ayarlanabilir \u00e7atal tipi silindirlere b\u00fcy\u00fck \u00f6l\u00e7\u00fcde g\u00fcvenmektedir. Bu silindirler, vin\u00e7ler, ekskavat\u00f6rler ve y\u00fckleyiciler gibi a\u011f\u0131r ekipmanlar da dahil olmak \u00fczere \u00e7ok \u00e7e\u015fitli uygulamalarda kullan\u0131lmaktad\u0131r. Ayarlanabilir \u00f6zelli\u011fi hassas konumland\u0131rma sa\u011flayarak, kontroll\u00fc kald\u0131rma, itme veya \u00e7ekme gerektiren g\u00f6revler i\u00e7in idealdir. Sa\u011flam yap\u0131lar\u0131, zorlu in\u015faat ortamlar\u0131nda bile dayan\u0131kl\u0131l\u0131k sa\u011flar.<\/p>\n<h3>3. Tar\u0131m Makinalar\u0131<\/h3>\n<p>Tar\u0131m makineleri, \u00e7e\u015fitli g\u00f6revleri verimli bir \u015fekilde yerine getirmek i\u00e7in genellikle hidrolik g\u00fcce ihtiya\u00e7 duyar. Ayarlanabilir \u00e7atal tipi silindirler, trakt\u00f6rler, bi\u00e7erd\u00f6verler ve ila\u00e7lama makineleri gibi tar\u0131m ekipmanlar\u0131nda yayg\u0131n olarak kullan\u0131l\u0131r. Bu silindirler, p\u00fcr\u00fczs\u00fcz ve kontroll\u00fc harekete katk\u0131da bulunarak \u00e7ift\u00e7ilerin b\u0131\u00e7aklar\u0131 ayarlama, ata\u015fman a\u00e7\u0131s\u0131n\u0131 kontrol etme ve ekipmanlar\u0131 kald\u0131r\u0131p indirme gibi g\u00f6revleri hassas bir \u015fekilde ger\u00e7ekle\u015ftirmelerini sa\u011flar.<\/p>\n<h3>4. Malzeme Ta\u015f\u0131ma ve Lojistik<\/h3>\n<p>Malzeme ta\u015f\u0131ma ve lojistik sekt\u00f6r\u00fc, kald\u0131rma ve elle\u00e7leme ekipmanlar\u0131nda b\u00fcy\u00fck \u00f6l\u00e7\u00fcde ayarlanabilir \u00e7atal tipi silindirlere g\u00fcvenmektedir. Bu silindirler, forkliftlerde, transpaletlerde ve konvey\u00f6r sistemlerinde mallar\u0131n kald\u0131r\u0131lmas\u0131n\u0131 ve konumland\u0131r\u0131lmas\u0131n\u0131 kontrol etmek i\u00e7in kullan\u0131l\u0131r. Silindirin uzunlu\u011funun ayarlanabilmesi, farkl\u0131 y\u00fck boyutlar\u0131na ve y\u00fcksekliklerine uyum sa\u011flamay\u0131 kolayla\u015ft\u0131rarak malzeme ta\u015f\u0131ma s\u00fcrecinin genel verimlili\u011fini art\u0131r\u0131r.<\/p>\n<h3>5. Otomotiv ve Ula\u015f\u0131m<\/h3>\n<p>Ayarlanabilir \u00e7atal tipi silindirler, otomotiv ve ula\u015f\u0131m end\u00fcstrisinde de yayg\u0131n olarak kullan\u0131lmaktad\u0131r. Bu silindirler, ara\u00e7 s\u00fcspansiyon sistemlerinde hayati bir rol oynayarak p\u00fcr\u00fczs\u00fcz ve konforlu bir s\u00fcr\u00fc\u015f sa\u011flar. Ayr\u0131ca, direksiyon sistemleri, frenler ve hidrolik kald\u0131r\u0131c\u0131lar gibi \u00e7e\u015fitli ara\u00e7 bile\u015fenlerinde de kullan\u0131l\u0131rlar. Uyarlanabilirlikleri ve g\u00fcvenilirlikleri, otomotiv uygulamalar\u0131nda optimum performans ve g\u00fcvenli\u011fin sa\u011flanmas\u0131nda onlar\u0131 vazge\u00e7ilmez k\u0131lar.<\/p>\n<p>Genel olarak, ayarlanabilir \u00e7atal tipi silindirlerin uygulama alan\u0131 bir\u00e7ok end\u00fcstriye yay\u0131larak verimlilik, hassasiyet ve g\u00fcvenli\u011fin artmas\u0131na katk\u0131da bulunmaktad\u0131r. Benzersiz ayarlanabilirlik \u00f6zellikleri ve dayan\u0131kl\u0131 yap\u0131lar\u0131, onlar\u0131 bir\u00e7ok hidrolik uygulama i\u00e7in tercih edilen bir se\u00e7enek haline getirmektedir.<\/p>\n<p>Anahtar Kelimeler: S\u0131cak Sat\u0131\u015f \u00c7ift Etkili 20 Tonluk Hidrolik Silindir, Kaynakl\u0131 Hidrolik Silindir<\/p>\n<p><img decoding=\"async\" src=\"https:\/\/fmp-components.com\/wp-content\/uploads\/2024\/12\/Application-of-Adjustable-Clevis-Type-Cylinders.webp\" alt=\"Ayarlanabilir \u00c7atal Tipi Silindir\" width=\"800\" title=\"\"><\/p>\n<h3>FMP Hakk\u0131nda<\/h3>\n<p>FMP, Hidrolik Silindir \u00fcretimi ve sat\u0131\u015f\u0131 konusunda uzmanla\u015fm\u0131\u015f bir \u015firkettir. Uzun y\u0131llara dayanan sekt\u00f6r deneyimimiz ve profesyonel ekibimizle, m\u00fc\u015fterilerimize in\u015faat makineleri i\u00e7in y\u00fcksek kaliteli ve g\u00fcvenilir hidrolik silindirler sunuyoruz.<\/p>\n<p><img decoding=\"async\" src=\"https:\/\/fmp-components.com\/wp-content\/uploads\/2024\/12\/Adjustable-Clevis-Type-Cylinders-6.webp\" alt=\"Ayarlanabilir \u00c7atal Tipi Silindir\" width=\"816\" title=\"\"><\/p>\n<p>Hidrolik silindirlerimizi se\u00e7meniz i\u00e7in be\u015f neden:<\/p>\n<ol>\n<li>Geni\u015f Se\u00e7enek Yelpazesi: Ayarlanabilir \u00e7atal tipi silindirler, ba\u011flant\u0131 \u00e7ubu\u011fu silindirleri, kaynakl\u0131 silindirler, teleskopik silindirler ve kompakt silindirler dahil olmak \u00fczere kapsaml\u0131 bir hidrolik silindir yelpazesi sunuyoruz. \u0130n\u015faat makinelerinizin ihtiya\u00e7lar\u0131 ne olursa olsun, sizin i\u00e7in m\u00fckemmel silindiri bizde bulabilirsiniz.<\/li>\n<li>\u00dcst\u00fcn Kalite: T\u00fcm hidrolik silindirlerimiz y\u00fcksek kaliteli malzemeler kullan\u0131larak \u00fcretilir ve titiz kalite kontrollerinden ge\u00e7er. Her silindirin s\u0131k\u0131 end\u00fcstri standartlar\u0131n\u0131 kar\u015f\u0131lad\u0131\u011f\u0131ndan emin olarak, size g\u00fcvenilir ve dayan\u0131kl\u0131 bir performans sunar\u0131z.<\/li>\n<li>\u00d6zelle\u015ftirme: Her in\u015faat projesinin kendine \u00f6zg\u00fc gereksinimleri oldu\u011funun fark\u0131nday\u0131z. Bu nedenle hidrolik silindirlerimiz i\u00e7in \u00f6zelle\u015ftirme se\u00e7enekleri sunuyoruz. Boyut, montaj stili veya bas\u0131n\u00e7 derecesi fark etmeksizin, silindiri \u00f6zel ihtiya\u00e7lar\u0131n\u0131za g\u00f6re uyarlayabiliriz.<\/li>\n<li>Uzman Rehberli\u011fi: Bilgili sat\u0131\u015f ekibimiz, in\u015faat makineleri sekt\u00f6r\u00fcnde deneyimlidir. Profesyonel \u00fcr\u00fcn dan\u0131\u015fmanl\u0131\u011f\u0131 sa\u011flayarak ekipman\u0131n\u0131z i\u00e7in do\u011fru hidrolik silindiri se\u00e7menize yard\u0131mc\u0131 olabilirler. M\u00fc\u015fterilerimiz i\u00e7in en iyi \u00e7\u00f6z\u00fcmleri bulmaya kararl\u0131y\u0131z.<\/li>\n<li>Verimli Da\u011f\u0131t\u0131m: Hidrolik silindirlerinizi zaman\u0131nda ve do\u011fru bir \u015fekilde teslim alman\u0131z\u0131 sa\u011flamak i\u00e7in verimli bir lojistik da\u011f\u0131t\u0131m sistemimiz mevcuttur. Makinelerinizin ar\u0131za s\u00fcresini en aza indirerek, ihtiya\u00e7 duydu\u011funuz par\u00e7alar\u0131 ihtiya\u00e7 duydu\u011funuz anda teslim edece\u011fimizden emin olabilirsiniz.<\/li>\n<\/ol>\n<p>Hidrolik silindir ihtiya\u00e7lar\u0131n\u0131z i\u00e7in FMP'yi se\u00e7in ve fark\u0131 deneyimleyin. \u0130n\u015faat makineleri ihtiya\u00e7lar\u0131n\u0131z\u0131 nas\u0131l kar\u015f\u0131layabilece\u011fimizi g\u00f6r\u00fc\u015fmek i\u00e7in bug\u00fcn bizimle ileti\u015fime ge\u00e7in.<\/p>\n<h3>SSS<\/h3>\n<p><b>S: \u00c7ift Etkili 20 Ton Hidrolik Silindirin teslimat s\u00fcresi nedir? <\/b><br \/>\nA: Tipik teslimat s\u00fcresi 25-35 g\u00fcnd\u00fcr.<\/p>\n<p><b>S: \u00c7ift Etkili 20 Ton Hidrolik Silindirin numuneleri mevcut mudur? <\/b><br \/>\nC: Evet, numune sa\u011fl\u0131yoruz ancak bunlar \u00fccretsiz de\u011fil.<\/p>\n<p><b>S: FMP \u00f6zel hidrolik silindirler \u00fcretebilir mi? <\/b><br \/>\nC: Kesinlikle, numunelerinize veya teknik \u00e7izimlerinize g\u00f6re silindir \u00fcretebiliriz. \u00d6zel ihtiya\u00e7lar\u0131n\u0131za g\u00f6re \u00f6zelle\u015ftirilmi\u015f kal\u0131plar ve aparatlar olu\u015fturabiliriz.<\/p>\n<p>Yazar\uff1a CX<\/p>","protected":false},"excerpt":{"rendered":"<p>Introducing the Hot Sale Double Acting 20 Ton Hydraulic Cylinder Welded Hydraulic Cylinder: The Hot Sale Double Acting 20 Ton Hydraulic Cylinder Welded Hydraulic Cylinder is a high-quality product designed for heavy-duty applications. With its double-acting design, it offers efficient and reliable operation in both extending and retracting movements. This hydraulic cylinder is built to [&hellip;]<\/p>","protected":false},"featured_media":1338,"comment_status":"closed","ping_status":"closed","template":"","meta":{"_et_pb_use_builder":"","_et_pb_old_content":"","_et_gb_content_width":""},"product_brand":[],"product_cat":[39],"product_tag":[41,34],"class_list":{"0":"post-1354","1":"product","2":"type-product","3":"status-publish","4":"has-post-thumbnail","6":"product_cat-adjustable-clevis-type-cylinders","7":"product_tag-adjustable-clevis-type-cylinders","8":"product_tag-hydraulic-cylinder","10":"first","11":"instock","12":"product-type-simple"},"_links":{"self":[{"href":"https:\/\/fmp-components.com\/tr\/wp-json\/wp\/v2\/product\/1354","targetHints":{"allow":["GET"]}}],"collection":[{"href":"https:\/\/fmp-components.com\/tr\/wp-json\/wp\/v2\/product"}],"about":[{"href":"https:\/\/fmp-components.com\/tr\/wp-json\/wp\/v2\/types\/product"}],"replies":[{"embeddable":true,"href":"https:\/\/fmp-components.com\/tr\/wp-json\/wp\/v2\/comments?post=1354"}],"wp:featuredmedia":[{"embeddable":true,"href":"https:\/\/fmp-components.com\/tr\/wp-json\/wp\/v2\/media\/1338"}],"wp:attachment":[{"href":"https:\/\/fmp-components.com\/tr\/wp-json\/wp\/v2\/media?parent=1354"}],"wp:term":[{"taxonomy":"product_brand","embeddable":true,"href":"https:\/\/fmp-components.com\/tr\/wp-json\/wp\/v2\/product_brand?post=1354"},{"taxonomy":"product_cat","embeddable":true,"href":"https:\/\/fmp-components.com\/tr\/wp-json\/wp\/v2\/product_cat?post=1354"},{"taxonomy":"product_tag","embeddable":true,"href":"https:\/\/fmp-components.com\/tr\/wp-json\/wp\/v2\/product_tag?post=1354"}],"curies":[{"name":"wp","href":"https:\/\/api.w.org\/{rel}","templated":true}]}}