{"id":1352,"date":"2024-12-23T02:18:07","date_gmt":"2024-12-23T02:18:07","guid":{"rendered":"https:\/\/fmp-components.com\/product\/quality-assurance-trailer-tractor-welded-hydraulic-cylinder-for-agricultural-machinery\/"},"modified":"2024-12-23T03:39:05","modified_gmt":"2024-12-23T03:39:05","slug":"quality-assurance-trailer-tractor-welded-hydraulic-cylinder-for-agricultural-machinery","status":"publish","type":"product","link":"https:\/\/fmp-components.com\/tr\/product\/quality-assurance-trailer-tractor-welded-hydraulic-cylinder-for-agricultural-machinery\/","title":{"rendered":"Tar\u0131m Makinalar\u0131 i\u00e7in Kalite G\u00fcvenceli R\u00f6mork Trakt\u00f6r Kaynakl\u0131 Hidrolik Silindir"},"content":{"rendered":"<p>Tar\u0131m Makineleri i\u00e7in Kalite G\u00fcvenceli Treyler Trakt\u00f6r Kaynakl\u0131 Hidrolik Silindiri, tar\u0131m makinelerinde kullan\u0131m i\u00e7in \u00f6zel olarak tasarlanm\u0131\u015f, y\u00fcksek performansl\u0131 ve g\u00fcvenilir bir hidrolik silindirdir. Sa\u011flam yap\u0131s\u0131 ve geli\u015fmi\u015f \u00f6zellikleriyle bu hidrolik silindir, \u00e7e\u015fitli tar\u0131m uygulamalar\u0131nda sorunsuz ve verimli bir \u00e7al\u0131\u015fma sa\u011flar.<\/p>\n<p>Temel \u00d6zellikler:<br \/>\n1. Sa\u011flam Yap\u0131: Hidrolik silindir, y\u00fcksek kaliteli malzemelerle \u00fcretilmi\u015ftir, bu sayede dayan\u0131kl\u0131d\u0131r ve y\u00fcksek bas\u0131n\u00e7 ve a\u011f\u0131r y\u00fcklere dayanabilir.<br \/>\n2. Hassas M\u00fchendislik: Silindir, do\u011fru ve g\u00fcvenilir performans sa\u011flamak i\u00e7in hassasiyetle tasarlanm\u0131\u015ft\u0131r, hassas kontrol ve sorunsuz \u00e7al\u0131\u015fma sa\u011flar.<br \/>\n3. Y\u00fcksek Kaliteli Contalar: Y\u00fcksek kaliteli contalarla donat\u0131lan bu hidrolik silindir, s\u0131z\u0131nt\u0131y\u0131 etkili bir \u015fekilde \u00f6nler ve uzun \u00f6m\u00fcrl\u00fc performans sa\u011flar.<br \/>\n4. Kolay Kurulum: Silindir, tar\u0131m makinelerine h\u0131zl\u0131 ve sorunsuz bir \u015fekilde entegre edilebilmesi i\u00e7in kolay kuruluma uygun \u015fekilde tasarlanm\u0131\u015ft\u0131r.<br \/>\n5. \u00c7ok Y\u00f6nl\u00fc Uygulama: Bu hidrolik silindir, r\u00f6morklar, trakt\u00f6rler ve di\u011fer tar\u0131m ekipmanlar\u0131 dahil olmak \u00fczere \u00e7ok \u00e7e\u015fitli tar\u0131m makineleri i\u00e7in uygundur.<\/p>\n<p><img loading=\"lazy\" decoding=\"async\" class=\"alignnone size-full wp-image-1334\" src=\"https:\/\/fmp-components.com\/wp-content\/uploads\/2024\/12\/Adjustable-Clevis-Type-Cylinders-4.webp\" alt=\"Ayarlanabilir-\u00c7ember-Tipi-Silindirler\" width=\"800\" height=\"800\" title=\"\" srcset=\"https:\/\/fmp-components.com\/wp-content\/uploads\/2024\/12\/Adjustable-Clevis-Type-Cylinders-4.webp 800w, https:\/\/fmp-components.com\/wp-content\/uploads\/2024\/12\/Adjustable-Clevis-Type-Cylinders-4-480x480.webp 480w\" sizes=\"(min-width: 0px) and (max-width: 480px) 480px, (min-width: 481px) 800px, 100vw\" \/><\/p>\n<p>Faydalar:<br \/>\n1. Geli\u015fmi\u015f Verimlilik: Hidrolik silindirin verimli performans\u0131, tar\u0131m makinelerinin \u00e7al\u0131\u015fmas\u0131n\u0131 optimize etmeye yard\u0131mc\u0131 olur, bunun sonucunda artan verimlilik ve iyile\u015ftirilmi\u015f verimlilik elde edilir.<br \/>\n2. Geli\u015ftirilmi\u015f Stabilite: Geli\u015fmi\u015f tasar\u0131m\u0131 sayesinde bu hidrolik silindir, geli\u015fmi\u015f stabilite ve kontrol sa\u011flayarak \u00e7e\u015fitli tar\u0131msal g\u00f6revlerde hassas ve g\u00fcvenli \u00e7al\u0131\u015fmaya olanak tan\u0131r.<br \/>\n3. Uzun \u00d6m\u00fcrl\u00fcl\u00fck: Y\u00fcksek kaliteli yap\u0131 ve bile\u015fenler, hidrolik silindirin uzun \u00f6m\u00fcrl\u00fc olmas\u0131n\u0131 sa\u011flayarak s\u0131k s\u0131k de\u011fi\u015ftirme ve bak\u0131m ihtiyac\u0131n\u0131 azalt\u0131r, b\u00f6ylece zamandan ve maliyetten tasarruf sa\u011flar.<br \/>\n4. G\u00fcvenilir Performans: Silindir, tar\u0131msal uygulamalar\u0131n zorlu gereksinimlerini kar\u015f\u0131lad\u0131\u011f\u0131ndan emin olmak i\u00e7in g\u00fcvenilir performans\u0131 garanti alt\u0131na almak amac\u0131yla s\u0131k\u0131 kalite g\u00fcvence prosed\u00fcrlerinden ge\u00e7er.<\/p>\n<p>Sonu\u00e7 olarak, Tar\u0131m Makineleri i\u00e7in Kalite G\u00fcvenceli Treyler Trakt\u00f6r Kaynakl\u0131 Hidrolik Silindiri, tar\u0131m makinelerinde g\u00fcvenilir ve verimli performans sunan ola\u011fan\u00fcst\u00fc bir hidrolik silindirdir. Sa\u011flam yap\u0131s\u0131, hassas m\u00fchendisli\u011fi ve \u00e7ok y\u00f6nl\u00fc kullan\u0131m\u0131yla bu hidrolik silindir, tar\u0131msal operasyonlar\u0131 optimize etmek i\u00e7in ideal bir se\u00e7imdir.<\/p>\n<p>\u015eirketimiz, Tar\u0131m Makineleri i\u00e7in \u00f6zel olarak tasarlanm\u0131\u015f Kalite G\u00fcvenceli Treyler Trakt\u00f6r Kaynakl\u0131 Hidrolik Silindirini piyasaya sunmaktad\u0131r. Bu hidrolik silindir yepyeni olup bir y\u0131l garantilidir. Makine tamir at\u00f6lyeleri, \u00e7iftlikler, enerji ve madencilik sekt\u00f6rleri, makine imalat\u0131 ve makine fabrikalar\u0131 i\u00e7in hayati \u00f6nem ta\u015f\u0131r. 104 kg a\u011f\u0131rl\u0131\u011f\u0131yla bilinen hidrolik silindir, hidrolik enerjiyle \u00e7al\u0131\u015fan standart bir piston silindiridir. Sa\u011flam \u00e7elik g\u00f6vdesiyle 3000 beygir maksimum itme g\u00fcc\u00fc ve 20 tona kadar \u00e7ekme kapasitesine sahiptir. Ayarlanabilir silindir, \u015f\u0131k siyah renkte olup, demir kutu, kontrplak kutu veya karton kutuda \u00f6zenle paketlenmi\u015ftir.<\/p>\n<h2>Ayarlanabilir \u00c7atal Tipi Silindirlerin Avantajlar\u0131<\/h2>\n<p>Ayarlanabilir \u00e7atal tipi silindirler, trakt\u00f6rler ve r\u00f6morklar da dahil olmak \u00fczere tar\u0131m makinelerinde hidrolik sistemlerin \u00f6nemli bir bile\u015fenidir. Bu silindirler, ayarlanabilirlik, dayan\u0131kl\u0131l\u0131k ve bak\u0131m kolayl\u0131\u011f\u0131 gibi di\u011fer silindir tiplerine g\u00f6re bir\u00e7ok avantaja sahiptir. Bu makalede, ayarlanabilir \u00e7atal tipi silindirlerin \u00e7e\u015fitli avantajlar\u0131n\u0131 ayr\u0131nt\u0131l\u0131 olarak ele alaca\u011f\u0131z.<\/p>\n<h3>1. Ayarlanabilir Uzunluk<\/h3>\n<p>Ayarlanabilir \u00e7atal tipi silindirlerin temel avantajlar\u0131ndan biri, farkl\u0131 uzunluklara ayarlanabilmeleridir. Bu ayarlanabilirlik, silindir uzunlu\u011funun farkl\u0131 g\u00f6revlere uyum sa\u011flamak i\u00e7in de\u011fi\u015ftirilmesi gereken tar\u0131m makinelerinde kullan\u0131m i\u00e7in idealdir. \u00d6rne\u011fin, a\u011f\u0131r bir nesneyi kald\u0131rmak i\u00e7in silindirin uzat\u0131lmas\u0131 veya nesneyi farkl\u0131 bir yere ta\u015f\u0131mak i\u00e7in geri \u00e7ekilmesi gerekebilir. Silindirin uzunlu\u011funun ayarlanabilmesi, makinenin \u00e7ok \u00e7e\u015fitli g\u00f6revleri yerine getirmesini sa\u011flayarak daha \u00e7ok y\u00f6nl\u00fc ve verimli olmas\u0131n\u0131 sa\u011flar.<\/p>\n<h3>2. Dayan\u0131kl\u0131l\u0131k<\/h3>\n<p>Ayarlanabilir \u00e7atal tipi silindirlerin bir di\u011fer avantaj\u0131 da dayan\u0131kl\u0131l\u0131klar\u0131d\u0131r. Bu silindirler genellikle \u00e7elik veya al\u00fcminyum gibi y\u00fcksek kaliteli malzemelerden \u00fcretilir ve bu da onlar\u0131 g\u00fc\u00e7l\u00fc ve a\u015f\u0131nmaya dayan\u0131kl\u0131 k\u0131lar. Ayr\u0131ca, bu silindirlerin kaynakl\u0131 yap\u0131s\u0131, tar\u0131m makinelerinde s\u0131kl\u0131kla kar\u015f\u0131la\u015f\u0131lan y\u00fcksek bas\u0131n\u00e7 ve kuvvetlere dayanabilmelerini sa\u011flar. Sonu\u00e7 olarak, ayarlanabilir \u00e7atal tipi silindirler di\u011fer silindir tiplerine g\u00f6re daha uzun \u00f6m\u00fcrl\u00fcd\u00fcr ve bak\u0131m maliyetlerini ve ar\u0131za s\u00fcrelerini azalt\u0131r.<\/p>\n<h3>3. Kolay Bak\u0131m<\/h3>\n<p>Ayarlanabilir \u00e7atal tipi silindirlerin bak\u0131m\u0131 da kolayd\u0131r. Ayarlanabilir \u015fekilde tasarland\u0131klar\u0131 i\u00e7in, genellikle di\u011fer silindir tiplerine g\u00f6re s\u00f6k\u00fcl\u00fcp tak\u0131lmas\u0131 daha kolayd\u0131r. Ayr\u0131ca, bu silindirlerin tasar\u0131m\u0131, i\u00e7 bile\u015fenlere kolay eri\u015fim sa\u011flayarak, ortaya \u00e7\u0131kabilecek sorunlar\u0131n te\u015fhis ve onar\u0131m\u0131n\u0131 kolayla\u015ft\u0131r\u0131r. Bu bak\u0131m kolayl\u0131\u011f\u0131, makinenin iyi \u00e7al\u0131\u015f\u0131r durumda kalmas\u0131n\u0131 sa\u011flar ve ar\u0131za s\u00fcresini en aza indirir.<\/p>\n<h3>4. Kalite G\u00fcvencesi<\/h3>\n<p>Tar\u0131m makineleri i\u00e7in hidrolik silindir se\u00e7erken, y\u00fcksek kalite standartlar\u0131na uygun \u00fcretilmi\u015f silindirleri se\u00e7mek \u00f6nemlidir. Ayarlanabilir \u00e7atal tipi silindirler genellikle s\u0131k\u0131 kalite kontrol standartlar\u0131na g\u00f6re \u00fcretilir ve gerekli \u00f6zellikleri kar\u015f\u0131lay\u0131p sahada g\u00fcvenilir bir \u015fekilde performans g\u00f6sterebilmelerini sa\u011flar. Bu kalite g\u00fcvencesi, makine ar\u0131za s\u00fcrelerinin \u00fcretkenlik ve k\u00e2rl\u0131l\u0131k \u00fczerinde \u00f6nemli bir etkiye sahip olabilece\u011fi tar\u0131m makinelerinde \u00f6zellikle \u00f6nemlidir.<\/p>\n<h3>\u00c7\u00f6z\u00fcm<\/h3>\n<p>Sonu\u00e7 olarak, ayarlanabilir \u00e7atal tipi silindirler, tar\u0131m makinelerinde di\u011fer silindir tiplerine g\u00f6re bir\u00e7ok avantaj sunar. Ayarlanabilirlikleri, dayan\u0131kl\u0131l\u0131klar\u0131, bak\u0131m kolayl\u0131klar\u0131 ve kalite g\u00fcvenceleri, onlar\u0131 trakt\u00f6rler, r\u00f6morklar ve di\u011fer tar\u0131m makinelerinde kullan\u0131m i\u00e7in ideal bir se\u00e7im haline getirir. Tar\u0131m makineleriniz i\u00e7in hidrolik silindir ar\u0131yorsan\u0131z, makinenizin g\u00fcvenilir ve verimli bir \u015fekilde \u00e7al\u0131\u015fmas\u0131n\u0131 sa\u011flamak i\u00e7in ayarlanabilir \u00e7atal tipi silindirleri mutlaka de\u011ferlendirin.<img decoding=\"async\" src=\"https:\/\/fmp-components.com\/wp-content\/uploads\/2024\/12\/Adjustable-Clevis-Type-Cylinders5.webp\" alt=\"Ayarlanabilir \u00c7atal Tipi Silindir\" width=\"800\" title=\"\"><\/p>\n<h2>Ayarlanabilir \u00c7atal Tip Silindirlerin Uygulamas\u0131<\/h2>\n<p>Ayarlanabilir \u00e7atal tipi silindirler olduk\u00e7a \u00e7ok y\u00f6nl\u00fcd\u00fcr ve \u00e7e\u015fitli end\u00fcstrilerde \u00e7ok \u00e7e\u015fitli uygulamalara sahiptir. Ayarlanabilir \u00e7atal tipi silindirlerin en yayg\u0131n uygulamalar\u0131ndan baz\u0131lar\u0131 \u015funlard\u0131r:<\/p>\n<h3>1. Tar\u0131m Makinalar\u0131<\/h3>\n<p>Ayarlanabilir \u00e7atal tipi silindirler, tar\u0131m makinelerinde yayg\u0131n olarak kullan\u0131lmaktad\u0131r. Tar\u0131m Makineleri i\u00e7in Kalite G\u00fcvenceli Treyler Trakt\u00f6r Kaynakl\u0131 Hidrolik Silindiri, zorlu ve zorlu ortamlarda y\u00fcksek performans ve uzun \u00f6m\u00fcrl\u00fc hizmet sunmak \u00fczere tasarlanm\u0131\u015ft\u0131r. Bu silindirler a\u011f\u0131r y\u00fckleri kald\u0131rabilir ve farkl\u0131 tar\u0131m uygulamalar\u0131n\u0131n \u00f6zel gereksinimlerine uyacak \u015fekilde \u00f6zelle\u015ftirilebilir.<\/p>\n<h4>1.1 Trakt\u00f6rler<\/h4>\n<p>Trakt\u00f6rler, modern tar\u0131m\u0131n vazge\u00e7ilmez bir par\u00e7as\u0131d\u0131r. S\u00fcrme, ekim ve hasat i\u00e7in kullan\u0131l\u0131rlar. Trakt\u00f6rlerde, ba\u011fl\u0131 ekipmanlar \u00fczerinde hassas kontrol sa\u011flamak i\u00e7in ayarlanabilir \u00e7atal tipi silindirler kullan\u0131l\u0131r. Bu silindirler, ekipmanlar\u0131 kald\u0131r\u0131p indirmek, a\u00e7\u0131lar\u0131n\u0131 ayarlamak ve derinliklerini kontrol etmek i\u00e7in kullan\u0131l\u0131r.<\/p>\n<h4>1.2 Hasat Ekipmanlar\u0131<\/h4>\n<p>Bi\u00e7erd\u00f6ver ve hasat makinesi gibi hasat ekipmanlar\u0131, kesme kafalar\u0131 \u00fczerinde hassas kontrol gerektirir. Bu makinelerde, kesme kafalar\u0131n\u0131n y\u00fcksekli\u011fini ve a\u00e7\u0131s\u0131n\u0131 kontrol etmek i\u00e7in ayarlanabilir \u00e7atal tipi silindirler kullan\u0131l\u0131r. Bu silindirler ayr\u0131ca, hasat s\u00fcrecini optimize etmek i\u00e7in kesme kafalar\u0131n\u0131n h\u0131z\u0131n\u0131 ayarlamak i\u00e7in de kullan\u0131l\u0131r.<\/p>\n<h3>2. \u0130n\u015faat Makineleri<\/h3>\n<p>Ayarlanabilir \u00e7atal tipi silindirler in\u015faat makinelerinde de yayg\u0131n olarak kullan\u0131lmaktad\u0131r. Bu silindirler, zorlu in\u015faat ortamlar\u0131nda y\u00fcksek kuvvet ve hassas kontrol sa\u011flamak \u00fczere tasarlanm\u0131\u015ft\u0131r.<\/p>\n<h4>2.1 Ekskavat\u00f6rler<\/h4>\n<p>Ekskavat\u00f6rler kazma, y\u0131k\u0131m ve toprak i\u015fleme i\u015flerinde kullan\u0131l\u0131r. Ekskavat\u00f6rlerde bom, kol ve kep\u00e7e hareketlerini kontrol etmek i\u00e7in ayarlanabilir \u00e7atal tipi silindirler kullan\u0131l\u0131r. Bu silindirler, a\u011f\u0131r y\u00fckleri ta\u015f\u0131mak ve ekskavat\u00f6r\u00fcn hareketleri \u00fczerinde hassas kontrol sa\u011flamak \u00fczere tasarlanm\u0131\u015ft\u0131r.<\/p>\n<h4>2.2 Vin\u00e7ler<\/h4>\n<p>Vin\u00e7ler, in\u015faat sahalar\u0131nda a\u011f\u0131r y\u00fckleri kald\u0131rmak i\u00e7in kullan\u0131l\u0131r. Vin\u00e7lerde, bomun hareketlerini kontrol etmek i\u00e7in ayarlanabilir \u00e7atal tipi silindirler kullan\u0131l\u0131r. Bu silindirler, vincin hareketleri \u00fczerinde y\u00fcksek kuvvet ve hassas kontrol sa\u011flamak \u00fczere tasarlanm\u0131\u015ft\u0131r.<\/p>\n<h3>3. End\u00fcstriyel Makineler<\/h3>\n<p>Ayarlanabilir \u00e7atal tipi silindirler de \u00e7e\u015fitli end\u00fcstriyel uygulamalarda kullan\u0131lmaktad\u0131r. Bu silindirler, makinelerin hareketleri \u00fczerinde hassas kontrol sa\u011flayarak y\u00fcksek performans ve verimlilik sa\u011flamak \u00fczere tasarlanm\u0131\u015ft\u0131r.<\/p>\n<h4>3.1 \u00dcretim Ekipmanlar\u0131<\/h4>\n<p>Presler ve pres makineleri gibi \u00fcretim ekipmanlar\u0131, hareketleri \u00fczerinde hassas kontrol gerektirir. Bu makinelerde, hareketleri \u00fczerinde hassas kontrol sa\u011flamak i\u00e7in ayarlanabilir \u00e7atal tipi silindirler kullan\u0131l\u0131r. Bu silindirler ayr\u0131ca, \u00fcretim s\u00fcrecine y\u00fcksek kuvvet uygulayarak y\u00fcksek kaliteli \u00fcr\u00fcnler elde etmek i\u00e7in de kullan\u0131l\u0131r.<\/p>\n<h4>3.2 Paketleme Ekipmanlar\u0131<\/h4>\n<p>Dolum makineleri ve paketleme makineleri gibi paketleme ekipmanlar\u0131, hareketleri \u00fczerinde hassas kontrol gerektirir. Bu makinelerde, hareketleri \u00fczerinde hassas kontrol sa\u011flamak i\u00e7in ayarlanabilir \u00e7atal tipi silindirler kullan\u0131l\u0131r. Bu silindirler ayr\u0131ca, paketleme i\u015flemine y\u00fcksek kuvvet uygulayarak y\u00fcksek kaliteli paketleme sa\u011flar.<\/p>\n<p>Sonu\u00e7 olarak, ayarlanabilir \u00e7atal tipi silindirler \u00e7e\u015fitli end\u00fcstrilerde \u00e7ok \u00e7e\u015fitli uygulamalara sahiptir. Bu silindirler, zorlu ve zorlu ortamlarda y\u00fcksek performans, hassas kontrol ve uzun \u00f6m\u00fcrl\u00fc hizmet sunmak \u00fczere tasarlanm\u0131\u015ft\u0131r. Tar\u0131m Makineleri i\u00e7in Kalite G\u00fcvenceli Treyler Trakt\u00f6r Kaynakl\u0131 Hidrolik Silindiri, tar\u0131m makinelerinde en yayg\u0131n kullan\u0131lan ayarlanabilir \u00e7atal tipi silindirlerden biridir ve y\u00fcksek performans ve uzun \u00f6m\u00fcrl\u00fc hizmet sunar.<img decoding=\"async\" src=\"https:\/\/fmp-components.com\/wp-content\/uploads\/2024\/12\/Application-of-Adjustable-Clevis-Type-Cylinders.webp\" alt=\"Ayarlanabilir \u00c7atal Tipi Silindir\" width=\"800\" title=\"\"><\/p>\n<h3>FMP Hidrolik Silindir Hakk\u0131nda<\/h3>\n<p>FMP, in\u015faat makinesi par\u00e7alar\u0131 ve komple makinelerin sat\u0131\u015f ve servisinde uzmanla\u015fm\u0131\u015f g\u00fcvenilir bir \u015firkettir. Hidrolik silindirlerimiz, in\u015faat sekt\u00f6r\u00fcn\u00fcn y\u00fcksek taleplerini kar\u015f\u0131lamak \u00fczere tasarlan\u0131p \u00fcretilmektedir. Ayarlanabilir \u00e7atal tipi silindirler, kaynakl\u0131 tip silindirler, teleskopik silindirler ve daha bir\u00e7ok farkl\u0131 tipte hidrolik silindiri i\u00e7eren geni\u015f bir \u00fcr\u00fcn yelpazesine sahibiz.<\/p>\n<p>FMP Hidrolik Silindiri se\u00e7meniz i\u00e7in baz\u0131 nedenler:<\/p>\n<ol>\n<li><strong>Y\u00fcksek Kaliteli Bile\u015fenler:<\/strong> Hidrolik silindirlerimiz, s\u0131k\u0131 kalite standartlar\u0131n\u0131 kar\u015f\u0131layan birinci s\u0131n\u0131f bile\u015fenler kullan\u0131larak \u00fcretilmektedir. \u00dcr\u00fcnlerimizin en y\u00fcksek kalitede olmas\u0131n\u0131 sa\u011flamak i\u00e7in malzemelerimizi yurt i\u00e7i ve yurt d\u0131\u015f\u0131ndaki g\u00fcvenilir tedarik\u00e7ilerden temin ediyoruz.<\/li>\n<li><strong>G\u00fcvenilir Performans:<\/strong> Hidrolik silindirlerimizin en zorlu ortamlarda bile g\u00fcvenilir performans sunmas\u0131n\u0131 sa\u011flamak i\u00e7in ileri \u00fcretim teknikleri ve teknolojilerini kullan\u0131yoruz.<\/li>\n<li><strong>\u00d6zelle\u015ftirme:<\/strong> M\u00fc\u015fterilerimizin \u00f6zel ihtiya\u00e7lar\u0131n\u0131 kar\u015f\u0131lamak i\u00e7in \u00f6zelle\u015ftirme hizmetleri sunuyoruz. Yetenekli m\u00fchendis ekibimiz, ihtiya\u00e7lar\u0131n\u0131z\u0131 tam olarak kar\u015f\u0131layan hidrolik silindirler tasarlay\u0131p \u00fcretebilir.<\/li>\n<li><strong>Rekabet\u00e7i Fiyatland\u0131rma:<\/strong> \u00dcr\u00fcnlerimizi kaliteden \u00f6d\u00fcn vermeden rekabet\u00e7i fiyatlarla sunuyoruz. Amac\u0131m\u0131z, m\u00fc\u015fterilerimize uygun maliyetli \u00e7\u00f6z\u00fcmler sunmakt\u0131r.<\/li>\n<li><strong>M\u00fckemmel M\u00fc\u015fteri Hizmetleri:<\/strong> Sat\u0131\u015f ekibimiz in\u015faat makineleri sekt\u00f6r\u00fcnde bilgili ve deneyimlidir. Profesyonel \u00fcr\u00fcn dan\u0131\u015fmanl\u0131\u011f\u0131 ve ak\u0131ll\u0131 sat\u0131n alma \u00f6nerileri sunabilirler. Ayr\u0131ca, m\u00fc\u015fterilerimizin ihtiya\u00e7 duyduklar\u0131 par\u00e7alar\u0131 zaman\u0131nda ve do\u011fru bir \u015fekilde almalar\u0131n\u0131 sa\u011flamak i\u00e7in verimli bir lojistik da\u011f\u0131t\u0131m sistemimiz de bulunmaktad\u0131r.<\/li>\n<\/ol>\n<p>Hidrolik silindir \u00fcr\u00fcnlerimiz hakk\u0131nda daha fazla bilgi edinmek ve in\u015faat makineleri ihtiya\u00e7lar\u0131n\u0131zda size nas\u0131l yard\u0131mc\u0131 olabilece\u011fimizi \u00f6\u011frenmek i\u00e7in hemen bizimle ileti\u015fime ge\u00e7in.<\/p>\n<p><img decoding=\"async\" src=\"https:\/\/fmp-components.com\/wp-content\/uploads\/2024\/12\/Adjustable-Clevis-Type-Cylinders-6.webp\" alt=\"Ayarlanabilir \u00c7atal Tipi Silindir\" width=\"814\" title=\"\"><\/p>\n<h3>FMP Hidrolik Silindir Hakk\u0131nda<\/h3>\n<p>FMP, in\u015faat makinesi par\u00e7alar\u0131 ve komple makinelerin sat\u0131\u015f ve servisinde uzmanla\u015fm\u0131\u015f g\u00fcvenilir bir \u015firkettir. Hidrolik silindirlerimiz, in\u015faat sekt\u00f6r\u00fcn\u00fcn y\u00fcksek taleplerini kar\u015f\u0131lamak \u00fczere tasarlan\u0131p \u00fcretilmektedir. Ayarlanabilir \u00e7atal tipi silindirler, kaynakl\u0131 tip silindirler, teleskopik silindirler ve daha bir\u00e7ok farkl\u0131 tipte hidrolik silindiri i\u00e7eren geni\u015f bir \u00fcr\u00fcn yelpazesine sahibiz.<\/p>\n<p>FMP Hidrolik Silindiri se\u00e7meniz i\u00e7in baz\u0131 nedenler:<\/p>\n<ol>\n<li><strong>Y\u00fcksek Kaliteli Bile\u015fenler:<\/strong> Hidrolik silindirlerimiz, s\u0131k\u0131 kalite standartlar\u0131n\u0131 kar\u015f\u0131layan birinci s\u0131n\u0131f bile\u015fenler kullan\u0131larak \u00fcretilmektedir. \u00dcr\u00fcnlerimizin en y\u00fcksek kalitede olmas\u0131n\u0131 sa\u011flamak i\u00e7in malzemelerimizi yurt i\u00e7i ve yurt d\u0131\u015f\u0131ndaki g\u00fcvenilir tedarik\u00e7ilerden temin ediyoruz.<\/li>\n<li><strong>G\u00fcvenilir Performans:<\/strong> Hidrolik silindirlerimizin en zorlu ortamlarda bile g\u00fcvenilir performans sunmas\u0131n\u0131 sa\u011flamak i\u00e7in ileri \u00fcretim teknikleri ve teknolojilerini kullan\u0131yoruz.<\/li>\n<li><strong>\u00d6zelle\u015ftirme:<\/strong> M\u00fc\u015fterilerimizin \u00f6zel ihtiya\u00e7lar\u0131n\u0131 kar\u015f\u0131lamak i\u00e7in \u00f6zelle\u015ftirme hizmetleri sunuyoruz. Yetenekli m\u00fchendis ekibimiz, ihtiya\u00e7lar\u0131n\u0131z\u0131 tam olarak kar\u015f\u0131layan hidrolik silindirler tasarlay\u0131p \u00fcretebilir.<\/li>\n<li><strong>Rekabet\u00e7i Fiyatland\u0131rma:<\/strong> \u00dcr\u00fcnlerimizi kaliteden \u00f6d\u00fcn vermeden rekabet\u00e7i fiyatlarla sunuyoruz. Amac\u0131m\u0131z, m\u00fc\u015fterilerimize uygun maliyetli \u00e7\u00f6z\u00fcmler sunmakt\u0131r.<\/li>\n<li><strong>M\u00fckemmel M\u00fc\u015fteri Hizmetleri:<\/strong> Sat\u0131\u015f ekibimiz in\u015faat makineleri sekt\u00f6r\u00fcnde bilgili ve deneyimlidir. Profesyonel \u00fcr\u00fcn dan\u0131\u015fmanl\u0131\u011f\u0131 ve ak\u0131ll\u0131 sat\u0131n alma \u00f6nerileri sunabilirler. Ayr\u0131ca, m\u00fc\u015fterilerimizin ihtiya\u00e7 duyduklar\u0131 par\u00e7alar\u0131 zaman\u0131nda ve do\u011fru bir \u015fekilde almalar\u0131n\u0131 sa\u011flamak i\u00e7in verimli bir lojistik da\u011f\u0131t\u0131m sistemimiz de bulunmaktad\u0131r.<\/li>\n<\/ol>\n<p>Hidrolik silindir \u00fcr\u00fcnlerimiz hakk\u0131nda daha fazla bilgi edinmek ve in\u015faat makineleri ihtiya\u00e7lar\u0131n\u0131zda size nas\u0131l yard\u0131mc\u0131 olabilece\u011fimizi \u00f6\u011frenmek i\u00e7in hemen bizimle ileti\u015fime ge\u00e7in.<\/p>\n<p><img decoding=\"async\" src=\"https:\/\/fmp-components.com\/wp-content\/uploads\/2024\/12\/Adjustable-Clevis-Type-Cylinders-6.webp\" alt=\"Ayarlanabilir \u00c7atal Tipi Silindir\" width=\"814\" title=\"\"><\/p>\n<p>Yazar\uff1a CX<\/p>","protected":false},"excerpt":{"rendered":"<p>The Quality Assurance Trailer Tractor Welded Hydraulic Cylinder for Agricultural Machinery is a high-performance and reliable hydraulic cylinder specifically designed for use in agricultural machinery. With its robust construction and advanced features, this hydraulic cylinder ensures smooth and efficient operation in various agricultural applications. Key Features: 1. Robust Construction: The hydraulic cylinder is built with [&hellip;]<\/p>","protected":false},"featured_media":1340,"comment_status":"closed","ping_status":"closed","template":"","meta":{"_et_pb_use_builder":"","_et_pb_old_content":"","_et_gb_content_width":""},"product_brand":[],"product_cat":[39],"product_tag":[41,34],"class_list":{"0":"post-1352","1":"product","2":"type-product","3":"status-publish","4":"has-post-thumbnail","6":"product_cat-adjustable-clevis-type-cylinders","7":"product_tag-adjustable-clevis-type-cylinders","8":"product_tag-hydraulic-cylinder","10":"first","11":"instock","12":"product-type-simple"},"_links":{"self":[{"href":"https:\/\/fmp-components.com\/tr\/wp-json\/wp\/v2\/product\/1352","targetHints":{"allow":["GET"]}}],"collection":[{"href":"https:\/\/fmp-components.com\/tr\/wp-json\/wp\/v2\/product"}],"about":[{"href":"https:\/\/fmp-components.com\/tr\/wp-json\/wp\/v2\/types\/product"}],"replies":[{"embeddable":true,"href":"https:\/\/fmp-components.com\/tr\/wp-json\/wp\/v2\/comments?post=1352"}],"wp:featuredmedia":[{"embeddable":true,"href":"https:\/\/fmp-components.com\/tr\/wp-json\/wp\/v2\/media\/1340"}],"wp:attachment":[{"href":"https:\/\/fmp-components.com\/tr\/wp-json\/wp\/v2\/media?parent=1352"}],"wp:term":[{"taxonomy":"product_brand","embeddable":true,"href":"https:\/\/fmp-components.com\/tr\/wp-json\/wp\/v2\/product_brand?post=1352"},{"taxonomy":"product_cat","embeddable":true,"href":"https:\/\/fmp-components.com\/tr\/wp-json\/wp\/v2\/product_cat?post=1352"},{"taxonomy":"product_tag","embeddable":true,"href":"https:\/\/fmp-components.com\/tr\/wp-json\/wp\/v2\/product_tag?post=1352"}],"curies":[{"name":"wp","href":"https:\/\/api.w.org\/{rel}","templated":true}]}}