{"id":1349,"date":"2024-12-23T02:18:07","date_gmt":"2024-12-23T02:18:07","guid":{"rendered":"https:\/\/fmp-components.com\/product\/china-supplier-tow-truck-stainless-steel-hydraulic-cylinder\/"},"modified":"2024-12-23T08:55:57","modified_gmt":"2024-12-23T08:55:57","slug":"italy-supplier-tow-truck-stainless-steel-hydraulic-cylinder","status":"publish","type":"product","link":"https:\/\/fmp-components.com\/tr\/product\/italy-supplier-tow-truck-stainless-steel-hydraulic-cylinder\/","title":{"rendered":"\u0130talya Tedarik\u00e7isi \u00c7ekici Paslanmaz \u00c7elik Hidrolik Silindir"},"content":{"rendered":"<p>\u0130talya'dan tedarik\u00e7i taraf\u0131ndan \u00fcretilen \u00e7ekici kamyon paslanmaz \u00e7elik hidrolik silindiri, a\u011f\u0131r y\u00fck \u00e7ekme uygulamalar\u0131 i\u00e7in tasarlanm\u0131\u015f y\u00fcksek kaliteli bir \u00fcr\u00fcnd\u00fcr. Dayan\u0131kl\u0131 paslanmaz \u00e7elik yap\u0131s\u0131yla bu hidrolik silindir, ola\u011fan\u00fcst\u00fc mukavemet ve korozyona kar\u015f\u0131 diren\u00e7 sunarak \u00e7e\u015fitli end\u00fcstriyel ve ticari ortamlarda kullan\u0131m i\u00e7in m\u00fckemmeldir.<\/p>\n<p>Geli\u015fmi\u015f hidrolik teknolojisiyle donat\u0131lm\u0131\u015f bu \u00e7ekici hidrolik silindiri, g\u00fcvenilir ve hassas performans sunar. G\u00fc\u00e7l\u00fc kuvvetler \u00fcretebilme \u00f6zelli\u011fi sayesinde verimli ve g\u00fcvenli \u00e7ekme i\u015flemleri sa\u011flar. \u0130ster a\u011f\u0131r y\u00fckleri kald\u0131rman\u0131z, ister \u00e7ekmeniz veya itmeniz gereksin, bu silindir i\u015fi tamamlamak i\u00e7in gerekli kuvveti ve stabiliteyi sa\u011flar.<\/p>\n<p>\u0130talya'dan temin edilen bu \u00e7ekici tipi paslanmaz \u00e7elik hidrolik silindir, kullan\u0131m kolayl\u0131\u011f\u0131 ve pratikli\u011fi g\u00f6z \u00f6n\u00fcnde bulundurularak tasarlanm\u0131\u015ft\u0131r. Kullan\u0131c\u0131 dostu tasar\u0131m\u0131 sayesinde kurulum ve \u00e7al\u0131\u015ft\u0131rma i\u015flemleri sorunsuzdur. Sa\u011flam yap\u0131s\u0131 ve g\u00fcvenilir bile\u015fenleri ile bu silindir, uzun \u00f6m\u00fcrl\u00fc performans ve minimum bak\u0131m gereksinimi sa\u011flar.<\/p>\n<p><img loading=\"lazy\" decoding=\"async\" class=\"alignnone size-full wp-image-1334\" src=\"https:\/\/fmp-components.com\/wp-content\/uploads\/2024\/12\/Adjustable-Clevis-Type-Cylinders-4.webp\" alt=\"Ayarlanabilir-\u00c7ember-Tipi-Silindirler\" width=\"800\" height=\"800\" title=\"\" srcset=\"https:\/\/fmp-components.com\/wp-content\/uploads\/2024\/12\/Adjustable-Clevis-Type-Cylinders-4.webp 800w, https:\/\/fmp-components.com\/wp-content\/uploads\/2024\/12\/Adjustable-Clevis-Type-Cylinders-4-480x480.webp 480w\" sizes=\"(min-width: 0px) and (max-width: 480px) 480px, (min-width: 481px) 800px, 100vw\" \/><\/p>\n<p>Ayr\u0131ca, bu hidrolik silindir, g\u00fcvenilir bir \u0130talyan tedarik\u00e7isinin uzmanl\u0131\u011f\u0131 ve itibar\u0131 ile desteklenmektedir. Kaliteye ve m\u00fc\u015fteri memnuniyetine olan ba\u011fl\u0131l\u0131klar\u0131yla, bu \u00fcr\u00fcn\u00fcn en y\u00fcksek end\u00fcstri standartlar\u0131n\u0131 kar\u015f\u0131lad\u0131\u011f\u0131na g\u00fcvenebilirsiniz.<\/p>\n<p>Sonu\u00e7 olarak, \u0130talyan tedarik\u00e7isi taraf\u0131ndan \u00fcretilen Paslanmaz \u00c7elik Hidrolik Silindir, a\u011f\u0131r y\u00fck \u00e7ekme uygulamalar\u0131 i\u00e7in g\u00fcvenilir ve dayan\u0131kl\u0131 bir \u00e7\u00f6z\u00fcmd\u00fcr. Paslanmaz \u00e7elik yap\u0131s\u0131, geli\u015fmi\u015f hidrolik teknolojisi ve kullan\u0131c\u0131 dostu tasar\u0131m\u0131, \u00e7e\u015fitli end\u00fcstriyel ve ticari ihtiya\u00e7lar i\u00e7in ideal bir se\u00e7im olmas\u0131n\u0131 sa\u011flar. Sayg\u0131n bir \u0130talyan tedarik\u00e7isinin uzmanl\u0131\u011f\u0131na g\u00fcvenin ve bu birinci s\u0131n\u0131f hidrolik silindirin g\u00fcc\u00fcn\u00fc ve verimlili\u011fini deneyimleyin.<\/p>\n<p>Sayg\u0131n \u0130talyan tedarik\u00e7i FMP Hydraulic Machinery'den yeni Paslanmaz \u00c7elik Hidrolik Silindirimizi tan\u0131tmaktan mutluluk duyuyoruz. Bu \u00fcr\u00fcn, etkileyici \u00f6zellikleri ve performans verileriyle makine tamir at\u00f6lyeleri, \u00e7iftlikler, enerji ve madencilik, makine imalat\u0131 ve makine fabrikalar\u0131 gibi sekt\u00f6rler i\u00e7in g\u00fcvenilir bir se\u00e7imdir.<\/p>\n<h2>Ayarlanabilir \u00c7atal Tipi Silindirlerin Avantajlar\u0131<\/h2>\n<p>Ayarlanabilir mafsall\u0131 silindirler, hidrolik sistemlerde \u00f6nemli bir bile\u015fendir. Bu silindirler, bir\u00e7ok avantaj\u0131yla \u00e7e\u015fitli sekt\u00f6rler i\u00e7in m\u00fckemmel bir se\u00e7imdir. A\u015fa\u011f\u0131da, ayarlanabilir mafsall\u0131 silindirlerin kullan\u0131m\u0131n\u0131n baz\u0131 faydalar\u0131 yer almaktad\u0131r:<\/p>\n<ol>\n<li style=\"list-style-type: none;\">\n<ol>\n<li><strong>Y\u00fcksek Mukavemet ve Dayan\u0131kl\u0131l\u0131k:<\/strong> \u0130talya'dan tedarik edilen \u00e7ekici kamyon paslanmaz \u00e7elik hidrolik silindirleri, y\u00fcksek kaliteli malzemelerden \u00fcretilmi\u015f olup son derece dayan\u0131kl\u0131 ve sa\u011flamd\u0131r. Silindirler, de\u011fi\u015fen bas\u0131n\u00e7 seviyelerine ve a\u011f\u0131r y\u00fcklere dayanacak \u015fekilde tasarlanm\u0131\u015ft\u0131r ve bu da onlar\u0131 zorlu ortamlarda kullan\u0131m i\u00e7in ideal hale getirir. Paslanmaz \u00e7elik yap\u0131s\u0131 ayr\u0131ca korozyona ve paslanmaya kar\u015f\u0131 dayan\u0131kl\u0131 olmalar\u0131n\u0131 sa\u011flayarak uzun \u00f6m\u00fcrl\u00fc olmalar\u0131n\u0131 garanti eder.<\/li>\n<\/ol>\n<\/li>\n<\/ol>\n<p>Ayarlanabilir mafsall\u0131 silindirlerin en \u00f6nemli avantajlar\u0131ndan biri, sa\u011flaml\u0131klar\u0131 ve dayan\u0131kl\u0131l\u0131klar\u0131d\u0131r. Bu silindirler, zorlu ortamlara ve a\u011f\u0131r y\u00fcklere dayanacak \u015fekilde tasarlanm\u0131\u015ft\u0131r ve bu da onlar\u0131 \u00e7e\u015fitli end\u00fcstrilerde kullan\u0131m i\u00e7in ideal hale getirir. Yap\u0131m\u0131nda kullan\u0131lan y\u00fcksek kaliteli malzemeler, uzun \u00f6m\u00fcrl\u00fc olmalar\u0131n\u0131 ve korozyona ve paslanmaya kar\u015f\u0131 dayan\u0131kl\u0131 olmalar\u0131n\u0131 sa\u011flar.<\/p>\n<ol>\n<li style=\"list-style-type: none;\">\n<ol>\n<li><strong>Kolay Kurulum ve Bak\u0131m:<\/strong> Ayarlanabilir mafsall\u0131 silindirlerin bir di\u011fer avantaj\u0131 da kolay kurulum ve bak\u0131m imkan\u0131 sunmalar\u0131d\u0131r. Bu silindirler, \u00e7ubuk ucunda ayarlanabilir bir mafsal ile birlikte gelir ve bu da onlar\u0131 farkl\u0131 ekipman t\u00fcrlerine kolayca takmay\u0131 m\u00fcmk\u00fcn k\u0131lar. Ayr\u0131ca basit bir tasar\u0131ma sahip olduklar\u0131 i\u00e7in bak\u0131m ve onar\u0131mlar\u0131 da kolayd\u0131r. Ek olarak, bu silindirler daha az par\u00e7aya sahip olduklar\u0131 i\u00e7in a\u015f\u0131nma ve y\u0131pranmaya daha az e\u011filimlidirler.<\/li>\n<\/ol>\n<\/li>\n<\/ol>\n<p>Ayarlanabilir mafsall\u0131 silindirlerin montaj\u0131 ve bak\u0131m\u0131 kolayd\u0131r. Basit tasar\u0131mlar\u0131, onar\u0131m ve de\u011fi\u015ftirme i\u015flemlerini kolayla\u015ft\u0131r\u0131r. Bu silindirler az say\u0131da par\u00e7aya sahip oldu\u011fundan a\u015f\u0131nma ve y\u0131pranma riskini azalt\u0131r. \u00c7ubuk ucundaki ayarlanabilir mafsal, farkl\u0131 ekipman t\u00fcrlerine kolayca tak\u0131lmalar\u0131n\u0131 sa\u011flar.<\/p>\n<ol>\n<li style=\"list-style-type: none;\">\n<ol>\n<li><strong>Geni\u015f Uygulama Alan\u0131:<\/strong> Ayarlanabilir mafsall\u0131 silindirler, \u00e7e\u015fitli end\u00fcstrilerde geni\u015f bir uygulama yelpazesine sahiptir. \u0130n\u015faat, imalat ve ula\u015f\u0131m end\u00fcstrileri ba\u015fta olmak \u00fczere bir\u00e7ok sekt\u00f6rde kullan\u0131l\u0131rlar. Bu silindirler, \u00e7ekici kamyonlar, ekskavat\u00f6rler ve vin\u00e7ler gibi a\u011f\u0131r makineleri \u00e7al\u0131\u015ft\u0131rmak i\u00e7in kullan\u0131l\u0131r. Ayr\u0131ca a\u011f\u0131r y\u00fckleri kald\u0131rmak ve ta\u015f\u0131mak i\u00e7in de kullan\u0131l\u0131rlar, bu da onlar\u0131 bir\u00e7ok end\u00fcstriyel s\u00fcre\u00e7te vazge\u00e7ilmez bir bile\u015fen haline getirir.<\/li>\n<\/ol>\n<\/li>\n<\/ol>\n<p>Ayarlanabilir mafsall\u0131 silindirlerin \u00e7ok y\u00f6nl\u00fcl\u00fc\u011f\u00fc, onlar\u0131 \u00e7e\u015fitli sekt\u00f6rler i\u00e7in ideal bir se\u00e7im haline getiriyor. Bunlar aras\u0131nda imalat, ta\u015f\u0131mac\u0131l\u0131k ve in\u015faat sekt\u00f6rleri yer al\u0131yor. Bu silindirler, \u00e7ekici kamyonlar, vin\u00e7ler ve ekskavat\u00f6rler gibi a\u011f\u0131r makinelerin \u00e7al\u0131\u015ft\u0131r\u0131lmas\u0131nda hayati \u00f6neme sahiptir. Ayr\u0131ca bir\u00e7ok end\u00fcstriyel s\u00fcre\u00e7te a\u011f\u0131r y\u00fcklerin kald\u0131r\u0131lmas\u0131 ve ta\u015f\u0131nmas\u0131nda da kullan\u0131l\u0131rlar.<\/p>\n<ol>\n<li style=\"list-style-type: none;\">\n<ol>\n<li><strong>Geli\u015ftirilmi\u015f Verimlilik:<\/strong> Ayarlanabilir mafsall\u0131 silindirlerin kullan\u0131m\u0131, \u00e7e\u015fitli end\u00fcstriyel s\u00fcre\u00e7lerin verimlili\u011fini \u00f6nemli \u00f6l\u00e7\u00fcde art\u0131rabilir. Bu silindirler y\u00fcksek hassasiyete sahip olup, do\u011fru ve tutarl\u0131 performans sa\u011flarlar. Ayr\u0131ca enerji tasarrufludurlar ve hidrolik sistemlerin genel enerji t\u00fcketimini azalt\u0131rlar. Ek olarak, kompakt tasar\u0131mlar\u0131 daha az yer kaplamalar\u0131n\u0131 sa\u011flayarak dar alanlarda kullan\u0131m i\u00e7in idealdirler.<\/li>\n<\/ol>\n<\/li>\n<\/ol>\n<p>Ayarlanabilir mafsal tipi silindirler, end\u00fcstriyel s\u00fcre\u00e7lerin verimlili\u011fini \u00f6nemli \u00f6l\u00e7\u00fcde art\u0131rabilir. Hassasiyetleri ve do\u011fruluklar\u0131, tutarl\u0131 performans sa\u011flamalar\u0131n\u0131 garanti ederken, enerji verimlilikleri de genel enerji t\u00fcketimini azalt\u0131r. Kompakt tasar\u0131mlar\u0131, daha az yer kaplamalar\u0131 anlam\u0131na gelir ve bu da onlar\u0131 dar alanlarda kullan\u0131m i\u00e7in ideal hale getirir.<\/p>\n<ol>\n<li style=\"list-style-type: none;\">\n<ol>\n<li><strong>\u00d6zelle\u015ftirilebilir:<\/strong> Son olarak, ayarlanabilir mafsal tipi silindirler \u00e7e\u015fitli uygulamalara uyacak \u015fekilde \u00f6zelle\u015ftirilebilir. Bu silindirler, belirli gereksinimleri kar\u015f\u0131layacak \u015fekilde tasarlanabilir ve \u00e7e\u015fitli end\u00fcstriyel s\u00fcre\u00e7ler i\u00e7in uygun olmalar\u0131n\u0131 sa\u011flar. \u00d6zelle\u015ftirilebilir silindirler, benzersiz hidrolik sistemlere ihtiya\u00e7 duyan i\u015fletmeler i\u00e7in uygun maliyetli bir \u00e7\u00f6z\u00fcm sunar.<\/li>\n<\/ol>\n<\/li>\n<\/ol>\n<p>Ayarlanabilir mafsal tipi silindirler, \u00f6zel gereksinimleri kar\u015f\u0131layacak \u015fekilde \u00f6zelle\u015ftirilebilir. Bu da onlar\u0131 \u00e7e\u015fitli end\u00fcstriyel s\u00fcre\u00e7ler i\u00e7in uygun hale getirir. \u00d6zelle\u015ftirilebilir silindirler, benzersiz hidrolik sistemlere ihtiya\u00e7 duyan i\u015fletmeler i\u00e7in uygun maliyetli bir \u00e7\u00f6z\u00fcm sunar.<\/p>\n<p>Sonu\u00e7 olarak, ayarlanabilir mafsall\u0131 silindirler, sa\u011flaml\u0131klar\u0131, dayan\u0131kl\u0131l\u0131klar\u0131, \u00e7ok y\u00f6nl\u00fcl\u00fckleri, verimlilikleri ve \u00f6zelle\u015ftirme se\u00e7enekleri nedeniyle \u00e7e\u015fitli sekt\u00f6rler i\u00e7in m\u00fckemmel bir se\u00e7imdir. Do\u011fru silindiri se\u00e7mek, hidrolik sistemlerin performans\u0131n\u0131 \u00f6nemli \u00f6l\u00e7\u00fcde art\u0131rarak verimlili\u011fi y\u00fckseltir ve maliyet tasarrufu sa\u011flar.<\/p>\n<p><img decoding=\"async\" src=\"https:\/\/fmp-components.com\/wp-content\/uploads\/2024\/12\/Adjustable-Clevis-Type-Cylinders5.webp\" alt=\"Ayarlanabilir \u00c7atal Tipi Silindir\" width=\"800\" title=\"\"><\/p>\n<h2>Ayarlanabilir \u00c7atal Tip Silindirlerin Uygulamas\u0131<\/h2>\n<p>Ayarlanabilir mafsall\u0131 silindirler, end\u00fcstriler genelinde \u00e7ok \u00e7e\u015fitli uygulamalarda kullan\u0131lan hidrolik sistemlerin temel bile\u015fenleridir. Bu silindirler, farkl\u0131 ekipman ve makinelerde g\u00fcvenilir ve hassas hareket kontrol\u00fc sa\u011flamak \u00fczere tasarlanm\u0131\u015ft\u0131r. Bu makalede, ayarlanabilir mafsall\u0131 silindirlerin \u00e7e\u015fitli uygulamalar\u0131n\u0131 ayr\u0131nt\u0131l\u0131 olarak ele alaca\u011f\u0131z.<\/p>\n<h3>1. End\u00fcstriyel Makineler<\/h3>\n<p>Ayarlanabilir mafsal tipi silindirler, end\u00fcstriyel makinelerde farkl\u0131 bile\u015fenlerin hareketini kontrol etmek i\u00e7in yayg\u0131n olarak kullan\u0131lmaktad\u0131r. \u00d6rne\u011fin, metal i\u015fleme sekt\u00f6r\u00fcnde kesici b\u0131\u00e7aklar\u0131n, preslerin ve b\u00fckme makinelerinin hareketini kontrol etmek i\u00e7in kullan\u0131l\u0131rlar. Ayr\u0131ca tekstil sekt\u00f6r\u00fcnde dokuma tezgahlar\u0131n\u0131n, iplik makinelerinin ve di\u011fer ekipmanlar\u0131n hareketini kontrol etmek i\u00e7in de kullan\u0131l\u0131rlar.<\/p>\n<h3>2. Tar\u0131m Makinalar\u0131<\/h3>\n<p>Trakt\u00f6rler, bi\u00e7erd\u00f6verler ve ekim makineleri gibi tar\u0131m makineleri, farkl\u0131 bile\u015fenlerin hareketini kontrol etmek i\u00e7in ayarlanabilir mafsall\u0131 silindirler kullan\u0131r. Bu silindirler, pulluk ve k\u00fcltivat\u00f6r gibi ekipmanlar\u0131n y\u00fcksekli\u011fini kontrol etmek ve hidrolik kollar\u0131n hareketini kontrol etmek i\u00e7in kullan\u0131l\u0131r.<\/p>\n<h3>3. \u0130n\u015faat Ekipmanlar\u0131<\/h3>\n<p>Ayarlanabilir mafsal tipi silindirler, ekskavat\u00f6rler, vin\u00e7ler ve buldozerler gibi in\u015faat ekipmanlar\u0131nda da kullan\u0131l\u0131r. Bom, kep\u00e7e ve hidrolik kollar gibi farkl\u0131 bile\u015fenlerin hareketini kontrol etmek i\u00e7in kullan\u0131l\u0131rlar. Bu silindirler, a\u011f\u0131r y\u00fcklere, y\u00fcksek bas\u0131nca ve a\u015f\u0131r\u0131 s\u0131cakl\u0131klara dayanacak \u015fekilde tasarlanm\u0131\u015ft\u0131r.<\/p>\n<h3>4. Otomotiv End\u00fcstrisi<\/h3>\n<p>Ayarlanabilir mafsal tipi silindirler, otomotiv sekt\u00f6r\u00fcnde kap\u0131lar, kaputlar ve bagaj kapaklar\u0131 gibi \u00e7e\u015fitli bile\u015fenlerin hareketini kontrol etmek i\u00e7in kullan\u0131l\u0131r. Ayr\u0131ca s\u00fcspansiyon sisteminde tekerleklerin hareketini kontrol etmek ve d\u00fczg\u00fcn bir s\u00fcr\u00fc\u015f sa\u011flamak i\u00e7in de kullan\u0131l\u0131rlar. Ek olarak, bu silindirler \u00e7ekici ara\u00e7larda bom ve vin\u00e7 hareketini kontrol etmek i\u00e7in kullan\u0131l\u0131r.<\/p>\n<h3>5. T\u0131bbi Ekipman<\/h3>\n<p>Hastane yataklar\u0131, sedyeler ve ameliyat masalar\u0131 gibi t\u0131bbi ekipmanlarda, hassas hareket kontrol\u00fc sa\u011flamak i\u00e7in Ayarlanabilir Mafsall\u0131 Silindirler kullan\u0131l\u0131r. Bu silindirler, t\u0131bbi ortamda hayati \u00f6nem ta\u015f\u0131yan, sorunsuz ve sessiz \u00e7al\u0131\u015fma sa\u011flamak \u00fczere tasarlanm\u0131\u015ft\u0131r.<\/p>\n<p>Sonu\u00e7 olarak, ayarlanabilir mafsall\u0131 tip silindirler, \u00e7e\u015fitli sekt\u00f6rlerdeki farkl\u0131 ekipman t\u00fcrlerinde kullan\u0131lan \u00e7ok y\u00f6nl\u00fc bile\u015fenlerdir. Hassas hareket kontrol\u00fc sa\u011flama yetenekleri, onlar\u0131 hidrolik sistemlerde vazge\u00e7ilmez bile\u015fenler haline getirir. \u0130talya'dan bir \u00e7ekici kamyon paslanmaz \u00e7elik hidrolik silindir tedarik\u00e7isi olarak, \u00e7e\u015fitli uygulamalar i\u00e7in y\u00fcksek kaliteli ayarlanabilir mafsall\u0131 tip silindirler sunarak g\u00fcvenilir ve verimli \u00e7al\u0131\u015fma sa\u011fl\u0131yoruz.<img decoding=\"async\" src=\"https:\/\/fmp-components.com\/wp-content\/uploads\/2024\/12\/Application-of-Adjustable-Clevis-Type-Cylinders.webp\" alt=\"Ayarlanabilir \u00c7atal Tipi Silindir\" width=\"800\" title=\"\"><\/p>\n<h3>FMP Hakk\u0131nda<\/h3>\n<p>FMP, hidrolik silindir \u00fcretimi ve sat\u0131\u015f\u0131nda uzmanla\u015fm\u0131\u015f bir \u015firkettir. M\u00fc\u015fterilerimize \u00e7e\u015fitli in\u015faat makineleri i\u00e7in y\u00fcksek kaliteli ve g\u00fcvenilir hidrolik silindirler sa\u011flamaya adanm\u0131\u015f durumday\u0131z. Y\u0131llar s\u00fcren sekt\u00f6r deneyimimiz ve profesyonel ekibimizle, m\u00fc\u015fterilerimizin ihtiya\u00e7lar\u0131n\u0131 kar\u015f\u0131lamak i\u00e7in ola\u011fan\u00fcst\u00fc \u00fcr\u00fcnler ve hizmetler sunuyoruz.<\/p>\n<p><strong>1. Geni\u015f Yelpazede Hidrolik Silindirler:<\/strong> \u00dcr\u00fcn yelpazemizde ayarlanabilir mafsall\u0131 silindirler, teleskopik silindirler ve \u00e7ift etkili silindirler gibi \u00e7e\u015fitli hidrolik silindirler bulunmaktad\u0131r. Farkl\u0131 in\u015faat makineleri t\u00fcrleri i\u00e7in \u00e7\u00f6z\u00fcmler sunarak, \u00e7e\u015fitli uygulamalarda uyumluluk ve verimlilik sa\u011fl\u0131yoruz.<\/p>\n<p><strong>2. \u00dcst\u00fcn Kalite:<\/strong> FMP olarak, \u00fcr\u00fcnlerimizin kalitesine \u00f6ncelik veriyoruz. Tedarik etti\u011fimiz t\u00fcm hidrolik silindirlerin s\u0131k\u0131 kalite standartlar\u0131n\u0131 kar\u015f\u0131lamas\u0131n\u0131 sa\u011flamak i\u00e7in y\u00fcksek kaliteli tedarik\u00e7ilerle uzun vadeli ve istikrarl\u0131 i\u015f birli\u011fi ili\u015fkileri kuruyoruz. Kaliteye olan ba\u011fl\u0131l\u0131\u011f\u0131m\u0131z, dayan\u0131kl\u0131l\u0131k, g\u00fcvenilirlik ve optimum performans\u0131 garanti eder.<\/p>\n<p><strong>3. Profesyonel Sat\u0131\u015f Ekibi:<\/strong> \u0130n\u015faat makineleri sekt\u00f6r\u00fcndeki geli\u015fim trendleri ve m\u00fc\u015fteri ihtiya\u00e7lar\u0131 konusunda uzmanla\u015fm\u0131\u015f, deneyimli ve yetenekli bir sat\u0131\u015f ekibimiz var. M\u00fc\u015fterilerimize profesyonel \u00fcr\u00fcn dan\u0131\u015fmanl\u0131\u011f\u0131 ve ak\u0131ll\u0131 sat\u0131n alma \u00f6nerileri sunarak, bilin\u00e7li kararlar vermelerine yard\u0131mc\u0131 olabiliyorlar.<\/p>\n<p><strong>4. Verimli Lojistik Da\u011f\u0131t\u0131m:<\/strong> Zaman\u0131nda teslimat\u0131n \u00f6nemini anl\u0131yoruz. FMP, m\u00fc\u015fterilerimizin ihtiya\u00e7 duyduklar\u0131 hidrolik silindirleri zaman\u0131nda ve do\u011fru bir \u015fekilde almalar\u0131n\u0131 sa\u011flamak i\u00e7in verimli bir lojistik da\u011f\u0131t\u0131m sistemine sahiptir. M\u00fc\u015fteri memnuniyetine \u00f6ncelik veriyor ve teslimat beklentilerini kar\u015f\u0131lamak i\u00e7in \u00e7aba g\u00f6steriyoruz.<\/p>\n<p><strong>5. M\u00fc\u015fteri Ba\u015far\u0131s\u0131na Ba\u011fl\u0131l\u0131k:<\/strong> FMP olarak, m\u00fc\u015fterilerimizle uzun vadeli ortakl\u0131klar kurmaya inan\u0131yoruz. Onlar\u0131n ba\u015far\u0131s\u0131na ve memnuniyetine kendimizi adad\u0131k. Ekibimiz, ola\u011fan\u00fcst\u00fc m\u00fc\u015fteri hizmeti sunmaya, her t\u00fcrl\u00fc endi\u015fe veya soruyu derhal yan\u0131tlamaya ve sat\u0131n alma s\u00fcrecinin tamam\u0131 boyunca sorunsuz ve keyifli bir deneyim sa\u011flamaya kendini adam\u0131\u015ft\u0131r.<\/p>\n<p><img decoding=\"async\" src=\"https:\/\/fmp-components.com\/wp-content\/uploads\/2024\/12\/Adjustable-Clevis-Type-Cylinders-6.webp\" alt=\"Ayarlanabilir \u00c7atal Tipi Silindir\" width=\"811\" title=\"\"><\/p>\n<h3>SSS<\/h3>\n<p><strong>S: Hidrolik silindir maksimum ne kadar y\u00fck \u00e7ekebilir?<\/strong><br \/>\nA: Hidrolik silindir azami 20 ton y\u00fck \u00e7ekebilir.<\/p>\n<p><strong>S: Hidrolik silindirin i\u00e7 \u00e7ap\u0131 ve piston kolu boyutlar\u0131 nedir?<\/strong><br \/>\nA: Silindir \u00e7ap\u0131 2-6 in\u00e7 aras\u0131nda, piston kolu \u00e7ap\u0131 ise 1,125-4 in\u00e7 aras\u0131nda de\u011fi\u015fmektedir.<\/p>\n<p><strong>S: Hidrolik silindirin yap\u0131m\u0131nda hangi malzeme kullan\u0131l\u0131r?<\/strong><br \/>\nA: Hidrolik silindir, dayan\u0131kl\u0131l\u0131k ve korozyon direnci sa\u011flayan y\u00fcksek kaliteli paslanmaz \u00e7elikten \u00fcretilmi\u015ftir.<\/p>\n<p><img decoding=\"async\" src=\"https:\/\/img.jiansujichilun.com\/img\/hydrauliccylinders\/C_hydrauliccylinders-4.webp\" alt=\"hidrolik silindir\" width=\"800\" title=\"\"><\/p>\n<p>Yazar\uff1a CX<\/p>","protected":false},"excerpt":{"rendered":"<p>Italy Supplier Tow Truck Stainless Steel Hydraulic Cylinder is a high-quality product designed for heavy-duty towing applications. With its durable stainless steel construction, this hydraulic cylinder offers exceptional strength and resistance to corrosion, making it perfect for use in various industrial and commercial settings. Equipped with advanced hydraulic technology, this tow truck hydraulic cylinder delivers [&hellip;]<\/p>","protected":false},"featured_media":1340,"comment_status":"closed","ping_status":"closed","template":"","meta":{"_et_pb_use_builder":"","_et_pb_old_content":"","_et_gb_content_width":""},"product_brand":[],"product_cat":[39],"product_tag":[41,34],"class_list":{"0":"post-1349","1":"product","2":"type-product","3":"status-publish","4":"has-post-thumbnail","6":"product_cat-adjustable-clevis-type-cylinders","7":"product_tag-adjustable-clevis-type-cylinders","8":"product_tag-hydraulic-cylinder","10":"first","11":"instock","12":"product-type-simple"},"_links":{"self":[{"href":"https:\/\/fmp-components.com\/tr\/wp-json\/wp\/v2\/product\/1349","targetHints":{"allow":["GET"]}}],"collection":[{"href":"https:\/\/fmp-components.com\/tr\/wp-json\/wp\/v2\/product"}],"about":[{"href":"https:\/\/fmp-components.com\/tr\/wp-json\/wp\/v2\/types\/product"}],"replies":[{"embeddable":true,"href":"https:\/\/fmp-components.com\/tr\/wp-json\/wp\/v2\/comments?post=1349"}],"wp:featuredmedia":[{"embeddable":true,"href":"https:\/\/fmp-components.com\/tr\/wp-json\/wp\/v2\/media\/1340"}],"wp:attachment":[{"href":"https:\/\/fmp-components.com\/tr\/wp-json\/wp\/v2\/media?parent=1349"}],"wp:term":[{"taxonomy":"product_brand","embeddable":true,"href":"https:\/\/fmp-components.com\/tr\/wp-json\/wp\/v2\/product_brand?post=1349"},{"taxonomy":"product_cat","embeddable":true,"href":"https:\/\/fmp-components.com\/tr\/wp-json\/wp\/v2\/product_cat?post=1349"},{"taxonomy":"product_tag","embeddable":true,"href":"https:\/\/fmp-components.com\/tr\/wp-json\/wp\/v2\/product_tag?post=1349"}],"curies":[{"name":"wp","href":"https:\/\/api.w.org\/{rel}","templated":true}]}}