{"id":1348,"date":"2024-12-23T02:18:07","date_gmt":"2024-12-23T02:18:07","guid":{"rendered":"https:\/\/fmp-components.com\/product\/professional-adjustable-double-acting-cylinder-tractor-hydraulic-cylinder\/"},"modified":"2024-12-23T03:50:01","modified_gmt":"2024-12-23T03:50:01","slug":"professional-adjustable-double-acting-cylinder-tractor-hydraulic-cylinder","status":"publish","type":"product","link":"https:\/\/fmp-components.com\/tr\/product\/professional-adjustable-double-acting-cylinder-tractor-hydraulic-cylinder\/","title":{"rendered":"Profesyonel Ayarlanabilir \u00c7ift Etkili Silindir Trakt\u00f6r Hidrolik Silindiri"},"content":{"rendered":"<p>Profesyonel Ayarlanabilir \u00c7ift Etkili Silindirli Trakt\u00f6r Hidrolik Silindiri, modern tar\u0131m ekipmanlar\u0131n\u0131n gereksinimlerini kar\u015f\u0131lamak \u00fczere tasarlanm\u0131\u015f y\u00fcksek kaliteli bir hidrolik silindirdir. Bu silindir, en zorlu ko\u015fullarda bile sorunsuz ve g\u00fcvenilir \u00e7al\u0131\u015fma sa\u011flayan \u00e7ift etkili teknolojiye sahiptir.<\/p>\n<p>Dayan\u0131kl\u0131l\u0131k ve sa\u011flaml\u0131k i\u00e7in tasarlanan bu hidrolik silindir, y\u00fcksek kaliteli malzemelerden \u00fcretilmi\u015f ve uzun y\u0131llar boyunca yo\u011fun kullan\u0131ma dayanacak \u015fekilde tasarlanm\u0131\u015ft\u0131r. Ayarlanabilir tasar\u0131m\u0131 sayesinde ekipman\u0131n\u0131z\u0131n \u00f6zel ihtiya\u00e7lar\u0131na g\u00f6re ayarlanabilir ve kompakt boyutu sayesinde kurulumu ve bak\u0131m\u0131 kolayd\u0131r.<\/p>\n<p>\u0130ster tarlada ister at\u00f6lyede \u00e7al\u0131\u015f\u0131n, Profesyonel Ayarlanabilir \u00c7ift Etkili Silindirli Trakt\u00f6r Hidrolik Silindiri her t\u00fcrl\u00fc tar\u0131m uygulamas\u0131 i\u00e7in m\u00fckemmel bir se\u00e7imdir. Dolay\u0131s\u0131yla, ekipman\u0131n\u0131z i\u00e7in g\u00fcvenilir ve y\u00fcksek performansl\u0131 bir hidrolik silindir ar\u0131yorsan\u0131z, bu \u00fcst d\u00fczey \u00fcr\u00fcnden ba\u015fkas\u0131na bakmay\u0131n.<\/p>\n<p><img loading=\"lazy\" decoding=\"async\" class=\"alignnone size-full wp-image-1334\" src=\"https:\/\/fmp-components.com\/wp-content\/uploads\/2024\/12\/Adjustable-Clevis-Type-Cylinders-4.webp\" alt=\"Ayarlanabilir-\u00c7ember-Tipi-Silindirler\" width=\"800\" height=\"800\" title=\"\" srcset=\"https:\/\/fmp-components.com\/wp-content\/uploads\/2024\/12\/Adjustable-Clevis-Type-Cylinders-4.webp 800w, https:\/\/fmp-components.com\/wp-content\/uploads\/2024\/12\/Adjustable-Clevis-Type-Cylinders-4-480x480.webp 480w\" sizes=\"(min-width: 0px) and (max-width: 480px) 480px, (min-width: 481px) 800px, 100vw\" \/><\/p>\n<p>Makine tamir at\u00f6lyeleri, \u00e7iftlikler, enerji ve madencilik, makine imalat\u0131 ve fabrikalar dahil olmak \u00fczere \u00e7e\u015fitli sekt\u00f6rler i\u00e7in m\u00fckemmel olan en yeni Profesyonel Ayarlanabilir \u00c7ift Etkili Silindirli Trakt\u00f6r Hidrolik Silindirini sunuyoruz. Bu \u00fcst d\u00fczey hidrolik silindir, y\u00fcksek kaliteli \u00e7elikten \u00fcretilmi\u015ftir ve maksimum 3000 itme g\u00fcc\u00fcne sahip olup, a\u011f\u0131r hizmet tipi operasyonlar i\u00e7in uygundur. Hidrolik sistemle \u00e7al\u0131\u015fan standart yap\u0131da bir piston silindiridir ve \u015f\u0131k siyah renktedir.<\/p>\n<table style=\"width: 100%;\" border=\"1\" width=\"100%\" cellspacing=\"0\" cellpadding=\"0\">\n<tbody>\n<tr>\n<th>\u00dcr\u00fcn Ad\u0131<\/th>\n<td>Kaynakl\u0131 Delikli Tip Hidrolik Silindir<\/td>\n<\/tr>\n<tr>\n<th>Durum<\/th>\n<td>Yeni<\/td>\n<\/tr>\n<tr>\n<th>Y\u0131l<\/th>\n<td>2023<\/td>\n<\/tr>\n<tr>\n<th>A\u011f\u0131rl\u0131k (KG)<\/th>\n<td>104<\/td>\n<\/tr>\n<tr>\n<th>Tip<\/th>\n<td>Kaynakl\u0131 Delikli Tip Silindir<\/td>\n<\/tr>\n<tr>\n<th>Limanlar<\/th>\n<td>G\/SAE\/NPT\/M<\/td>\n<\/tr>\n<tr>\n<th>Maksimum \u00c7ekme<\/th>\n<td>20 ton<\/td>\n<\/tr>\n<tr>\n<th>Sertifikasyon<\/th>\n<td>ISO 9001:2000<\/td>\n<\/tr>\n<tr>\n<th>Kalite G\u00fcvencesi<\/th>\n<td>Video \u00c7\u0131k\u0131\u015f Muayenesi, Makine Test Raporu<\/td>\n<\/tr>\n<tr>\n<th>Delik Boyutu<\/th>\n<td>2 \u2013 6 in\u00e7<\/td>\n<\/tr>\n<tr>\n<th>\u00c7ubuk Boyutu<\/th>\n<td>1,125 \u2013 4 in\u00e7<\/td>\n<\/tr>\n<tr>\n<th>Vuru\u015f Boyutu<\/th>\n<td>4 \u2013 100 in\u00e7<\/td>\n<\/tr>\n<tr>\n<th>Pin Boyutu<\/th>\n<td>0,5 \u2013 2 in\u00e7<\/td>\n<\/tr>\n<tr>\n<th>\u00c7ekirdek Bile\u015fenler<\/th>\n<td>Rulman, Hidrolik Silindir<\/td>\n<\/tr>\n<tr>\n<th>Temel Bile\u015fenlerin Garantisi<\/th>\n<td>1 Y\u0131l<\/td>\n<\/tr>\n<\/tbody>\n<\/table>\n<p>&nbsp;<\/p>\n<h2>Ayarlanabilir \u00c7atal Tipi Silindirlerin Avantajlar\u0131<\/h2>\n<p>Trakt\u00f6r hidrolik silindirleri veya profesyonel ayarlanabilir \u00e7ift etkili silindirler olarak da bilinen ayarlanabilir \u00e7atal tipi silindirler, \u00e7e\u015fitli uygulamalarda \u00e7e\u015fitli avantajlar sunar. Bu silindirler, \u00f6zel gereksinimleri kar\u015f\u0131lamak i\u00e7in esneklik ve ayarlanabilirlik sa\u011flayan benzersiz bir \u00e7atal tipi ba\u011flant\u0131yla tasarlanm\u0131\u015ft\u0131r. Bu makalede, ayarlanabilir \u00e7atal tipi silindirlerin avantajlar\u0131n\u0131 ve farkl\u0131 sekt\u00f6rlerdeki \u00f6nemini inceleyece\u011fiz.<\/p>\n<p><strong>1. Geli\u015fmi\u015f uyum yetene\u011fi:<\/strong> Bu silindirlerin ayarlanabilir \u00e7atall\u0131 montaj\u0131, geli\u015fmi\u015f uyum kabiliyeti sa\u011flayarak farkl\u0131 hidrolik sistemlere kolayca monte edilmelerini ve ayarlanmalar\u0131n\u0131 sa\u011flar. Bu esneklik, silindirlerin tar\u0131m makineleri, in\u015faat ekipmanlar\u0131 ve end\u00fcstriyel sistemler dahil olmak \u00fczere \u00e7ok \u00e7e\u015fitli uygulamalarda kullan\u0131lmas\u0131n\u0131 sa\u011flar.<\/p>\n<p><strong>2. Geli\u015ftirilmi\u015f performans:<\/strong> Ayarlanabilir \u00e7atal tipi silindirler, performans\u0131 optimize etmek i\u00e7in tasarlanm\u0131\u015ft\u0131r. Ayarlanabilir montajlar\u0131 sayesinde, istenen strok uzunlu\u011fu, kuvvet ve h\u0131za ula\u015fmak i\u00e7in hassas bir \u015fekilde ayarlanabilirler. Silindirin konumunu ve a\u00e7\u0131s\u0131n\u0131 ayarlama yetene\u011fi, \u00e7e\u015fitli g\u00f6revlerde optimum performans ve verimlilik sa\u011flar.<\/p>\n<p><strong>3. Montaj se\u00e7eneklerinde \u00e7ok y\u00f6nl\u00fcl\u00fck:<\/strong> Bu silindirler, farkl\u0131 y\u00f6n ve konumlarda monte edilebildikleri i\u00e7in montaj se\u00e7eneklerinde \u00e7ok y\u00f6nl\u00fcl\u00fck sunar. Ayarlanabilir \u00e7atall\u0131 ba\u011flant\u0131, hidrolik pompalar veya valfler gibi di\u011fer bile\u015fenlere kolay montaj ve ba\u011flant\u0131 sa\u011flar. Bu \u00e7ok y\u00f6nl\u00fcl\u00fck, silindirlerin farkl\u0131 sistem konfig\u00fcrasyonlar\u0131na uyum sa\u011flayarak kullan\u0131m kolayl\u0131\u011f\u0131n\u0131 en \u00fcst d\u00fczeye \u00e7\u0131kar\u0131r.<\/p>\n<p><strong>4. Artt\u0131r\u0131lm\u0131\u015f dayan\u0131kl\u0131l\u0131k:<\/strong> Ayarlanabilir \u00e7atal tipi silindirler, a\u011f\u0131r hizmet uygulamalar\u0131na dayanacak \u015fekilde \u00fcretilmi\u015ftir. Dayan\u0131kl\u0131l\u0131klar\u0131n\u0131 ve uzun \u00f6m\u00fcrlerini garanti eden sertle\u015ftirilmi\u015f \u00e7elik gibi y\u00fcksek kaliteli malzemelerden \u00fcretilmi\u015flerdir. Ayr\u0131ca, bu silindirler g\u00fcvenilirliklerini ve a\u015f\u0131nma ve y\u0131pranmaya kar\u015f\u0131 diren\u00e7lerini garantilemek i\u00e7in s\u0131k\u0131 testlerden ge\u00e7irilir ve bu da onlar\u0131 zorlu ortamlar i\u00e7in uygun hale getirir.<\/p>\n<p><strong>5. Geli\u015fmi\u015f g\u00fcvenlik:<\/strong> Ayarlanabilir \u00e7atal ba\u011flant\u0131s\u0131, ek g\u00fcvenlik \u00f6zellikleri sunar. Hassas ayar ve hizalama sa\u011flayarak, \u00e7al\u0131\u015fma s\u0131ras\u0131nda hizalama hatas\u0131 veya ar\u0131za riskini azalt\u0131r. Bu sayede ekipman ve operat\u00f6rlerin g\u00fcvenli\u011fi sa\u011flan\u0131r ve kaza veya hasar olas\u0131l\u0131\u011f\u0131 en aza indirilir.<\/p>\n<p><strong>6. Maliyet etkin \u00e7\u00f6z\u00fcm:<\/strong> Ayarlanabilir \u00e7atal tipi silindirler, \u00e7e\u015fitli end\u00fcstriler i\u00e7in uygun maliyetli bir \u00e7\u00f6z\u00fcm sunar. Uyarlanabilirlikleri ve \u00e7ok y\u00f6nl\u00fcl\u00fckleri, birden fazla silindir t\u00fcr\u00fcne olan ihtiyac\u0131 ortadan kald\u0131rarak envanter maliyetlerini azalt\u0131r. Ayr\u0131ca, uzun \u00f6m\u00fcrleri ve dayan\u0131kl\u0131l\u0131klar\u0131, daha d\u00fc\u015f\u00fck bak\u0131m ve de\u011fi\u015ftirme maliyetleri sa\u011flayarak uzun vadede ekonomik bir se\u00e7im olmalar\u0131n\u0131 sa\u011flar.<\/p>\n<p>Genel olarak, trakt\u00f6r hidrolik silindirleri veya profesyonel ayarlanabilir \u00e7ift etkili silindirler olarak da bilinen ayarlanabilir \u00e7atal tipi silindirler, uyarlanabilirlik, performans, \u00e7ok y\u00f6nl\u00fcl\u00fck, dayan\u0131kl\u0131l\u0131k, g\u00fcvenlik ve maliyet etkinli\u011fi a\u00e7\u0131s\u0131ndan say\u0131s\u0131z avantaj sa\u011flar. Benzersiz tasar\u0131mlar\u0131 ve ayarlanabilirlikleri, onlar\u0131 \u00e7ok \u00e7e\u015fitli uygulamalar i\u00e7in ideal bir se\u00e7im haline getirerek hidrolik sistemlerde optimum performans ve verimlilik sa\u011flar.<\/p>\n<p><img decoding=\"async\" src=\"https:\/\/fmp-components.com\/wp-content\/uploads\/2024\/12\/Adjustable-Clevis-Type-Cylinders5.webp\" alt=\"Ayarlanabilir \u00c7atal Tipi Silindir\" width=\"800\" title=\"\"><\/p>\n<h2>Ayarlanabilir \u00c7atal Tip Silindirlerin Uygulamas\u0131<\/h2>\n<p>Ayarlanabilir \u00e7atal tipi silindirler, profesyonel ayarlanabilir \u00e7ift etkili silindirler veya trakt\u00f6r hidrolik silindirleri olarak da bilinir ve \u00e7ok \u00e7e\u015fitli uygulamalarda kullan\u0131lan \u00e7ok y\u00f6nl\u00fc hidrolik bile\u015fenlerdir. Bu makalede, ayarlanabilir \u00e7atal tipi silindirlerin \u00e7e\u015fitli uygulamalar\u0131n\u0131 ve faydalar\u0131n\u0131 inceleyece\u011fiz.<\/p>\n<h3>1. Tar\u0131m ve \u00c7ift\u00e7ilik<\/h3>\n<p>Trakt\u00f6r hidrolik silindirleri, tar\u0131m ve \u00e7ift\u00e7ilik uygulamalar\u0131nda yayg\u0131n olarak kullan\u0131lmaktad\u0131r. A\u011f\u0131r ekipmanlar\u0131n kald\u0131r\u0131l\u0131p indirilmesi, pulluklar\u0131n ve di\u011fer tar\u0131m aletlerinin hareketlerinin kontrol edilmesi ve hidrolik motorlar\u0131n \u00e7al\u0131\u015ft\u0131r\u0131lmas\u0131 gibi \u00e7e\u015fitli g\u00f6revlerde kullan\u0131l\u0131rlar. Ayarlanabilir \u00e7atal tipi silindir, hidrolik sistemin hassas kontrol\u00fc i\u00e7in gerekli olan strok uzunlu\u011funun kolayca ayarlanmas\u0131n\u0131 sa\u011flad\u0131\u011f\u0131 i\u00e7in bu uygulamalar i\u00e7in pop\u00fcler bir se\u00e7imdir.<\/p>\n<h3>2. \u0130n\u015faat<\/h3>\n<p>Ayarlanabilir \u00e7atal tipi silindirler in\u015faat sekt\u00f6r\u00fcnde de yayg\u0131n olarak kullan\u0131lmaktad\u0131r. A\u011f\u0131r y\u00fckleri kald\u0131r\u0131p indirmek, in\u015faat ekipmanlar\u0131n\u0131n hareketini kontrol etmek ve hidrolik motorlar\u0131 \u00e7al\u0131\u015ft\u0131rmak gibi \u00e7e\u015fitli g\u00f6revlerde kullan\u0131l\u0131rlar. Silindirin ayarlanabilir strok uzunlu\u011fu, in\u015faat ekipmanlar\u0131n\u0131n g\u00fcvenli ve verimli \u00e7al\u0131\u015fmas\u0131 i\u00e7in gerekli olan hidrolik sistemin hassas bir \u015fekilde kontrol edilmesini sa\u011flar.<\/p>\n<h3>3. \u00dcretim<\/h3>\n<p>\u00dcretim tesisleri, makine ve ekipmanlara g\u00fc\u00e7 sa\u011flamak i\u00e7in genellikle hidrolik sistemlere g\u00fcvenir. Ayarlanabilir \u00e7atal tipi silindirler, konvey\u00f6r sistemlerinin hareketini kontrol etme, montaj hatlar\u0131na g\u00fc\u00e7 sa\u011flama ve a\u011f\u0131r y\u00fckleri kald\u0131rma ve indirme gibi \u00fcretim uygulamalar\u0131nda yayg\u0131n olarak kullan\u0131l\u0131r. Ayarlanabilir \u00e7atal tipi silindirlerin sundu\u011fu hassas kontrol, bu sistemlerin verimlili\u011fini ve g\u00fcvenli\u011fini korumak i\u00e7in olmazsa olmazd\u0131r.<\/p>\n<h3>4. Otomotiv ve Ula\u015f\u0131m<\/h3>\n<p>Ayarlanabilir \u00e7atal tipi silindirler, otomotiv ve ula\u015f\u0131m sekt\u00f6rlerinde de kullan\u0131lmaktad\u0131r. Hidrolik frenlerin hareketini kontrol etmek, otob\u00fcs ve di\u011fer b\u00fcy\u00fck ara\u00e7lar i\u00e7in hidrolik asans\u00f6rleri \u00e7al\u0131\u015ft\u0131rmak ve direksiyon sistemlerinin hareketini kontrol etmek gibi \u00e7e\u015fitli g\u00f6revlerde kullan\u0131l\u0131rlar. Silindirin ayarlanabilir strok uzunlu\u011fu, bu sistemlerin hassas bir \u015fekilde kontrol edilmesini sa\u011flayarak g\u00fcvenli ve verimli bir \u00e7al\u0131\u015fma sa\u011flar.<\/p>\n<p>Sonu\u00e7 olarak, ayarlanabilir \u00e7atal tipi silindirler, profesyonel ayarlanabilir \u00e7ift etkili silindirler veya trakt\u00f6r hidrolik silindirleri olarak da bilinir ve \u00e7ok \u00e7e\u015fitli uygulamalarda kullan\u0131lan \u00e7ok y\u00f6nl\u00fc hidrolik bile\u015fenlerdir. Ayarlanabilir strok uzunluklar\u0131, hidrolik sistemlerin hassas bir \u015fekilde kontrol edilmesini sa\u011flayarak tar\u0131m, in\u015faat, imalat, otomotiv ve ula\u015f\u0131m gibi bir\u00e7ok sekt\u00f6rde vazge\u00e7ilmez bile\u015fenler haline getirir.<img decoding=\"async\" src=\"https:\/\/fmp-components.com\/wp-content\/uploads\/2024\/12\/Application-of-Adjustable-Clevis-Type-Cylinders.webp\" alt=\"Ayarlanabilir \u00c7atal Tipi Silindir\" width=\"800\" title=\"\"><\/p>\n<h3>FMP Hakk\u0131nda \u2013 \u0130n\u015faat Makineleri i\u00e7in Y\u00fcksek Kaliteli Hidrolik Silindirler<\/h3>\n<p>\u0130n\u015faat makineleriniz i\u00e7in y\u00fcksek kaliteli hidrolik silindirler mi ar\u0131yorsunuz? \u0130n\u015faat makineleri par\u00e7alar\u0131 ve komple makinelerin sat\u0131\u015f ve servisinde uzmanla\u015fm\u0131\u015f, \u0130talya merkezli lider bir \u015firket olan FMP'den ba\u015fkas\u0131na bakmay\u0131n.<\/p>\n<p>FMP olarak, m\u00fc\u015fterilerimize in\u015faat makineleri ihtiya\u00e7lar\u0131 i\u00e7in g\u00fcvenilir ve verimli \u00e7\u00f6z\u00fcmler sunmaya kararl\u0131y\u0131z. \u00dcr\u00fcn yelpazemizde \u00e7ok \u00e7e\u015fitli in\u015faat makineleri, tar\u0131m makineleri red\u00fckt\u00f6rleri, planet di\u015fli kutular\u0131, end\u00fcstriyel red\u00fckt\u00f6rler ve bunlara uygun \u00fcst d\u00fczey aksesuarlar bulunmaktad\u0131r.<\/p>\n<p>Hidrolik silindir ihtiya\u00e7lar\u0131n\u0131z i\u00e7in FMP'yi se\u00e7menin baz\u0131 avantajlar\u0131 \u015funlard\u0131r:<\/p>\n<p>1. Y\u00fcksek Kaliteli \u00dcr\u00fcnler: T\u00fcm \u00fcr\u00fcnlerimiz y\u00fcksek kaliteli tedarik\u00e7ilerden temin edilmektedir, bu sayede m\u00fc\u015fterilerimizin yaln\u0131zca s\u0131k\u0131 kalite standartlar\u0131n\u0131 kar\u015f\u0131layan en iyi kalitede \u00fcr\u00fcnleri almas\u0131n\u0131 sa\u011fl\u0131yoruz.<\/p>\n<p>2. Profesyonel Ekip: \u0130n\u015faat makineleri sekt\u00f6r\u00fcn\u00fcn geli\u015fme trendlerini ve m\u00fc\u015fteri ihtiya\u00e7lar\u0131n\u0131 yak\u0131ndan takip eden deneyimli ve profesyonel sat\u0131\u015f ekibimiz, kapsaml\u0131 \u00fcr\u00fcn dan\u0131\u015fmanl\u0131\u011f\u0131 ve ak\u0131ll\u0131 sat\u0131n alma \u00f6nerileri sunabilmektedir.<\/p>\n<p>3. Verimli Lojistik Da\u011f\u0131t\u0131m Sistemi: M\u00fc\u015fterilerimize \u00fcr\u00fcnlerin zaman\u0131nda ve do\u011fru bir \u015fekilde ula\u015ft\u0131r\u0131lmas\u0131n\u0131 sa\u011flayan verimli bir lojistik da\u011f\u0131t\u0131m sistemine sahibiz.<\/p>\n<p>4. Rekabet\u00e7i Fiyatlar: Kalitemizden \u00f6d\u00fcn vermeden \u00fcr\u00fcnlerimiz i\u00e7in rekabet\u00e7i fiyatlar sunuyoruz.<\/p>\n<p>5. \u00d6zelle\u015ftirme: M\u00fc\u015fterilerimizin \u00f6zel ihtiya\u00e7lar\u0131n\u0131 kar\u015f\u0131lamak i\u00e7in hidrolik silindirlerimiz i\u00e7in \u00f6zelle\u015ftirme se\u00e7enekleri sunuyoruz.<\/p>\n<p>Ayarlanabilir \u00c7atal Tipi Silindir (a\u015fa\u011f\u0131da resmedilmi\u015ftir) gibi hidrolik silindirlerimiz, \u00e7ok \u00e7e\u015fitli in\u015faat makinesi uygulamalar\u0131 i\u00e7in m\u00fckemmeldir. Kalite ve m\u00fc\u015fteri memnuniyetine olan ba\u011fl\u0131l\u0131\u011f\u0131m\u0131zla, t\u00fcm hidrolik silindir ihtiya\u00e7lar\u0131n\u0131z i\u00e7in FMP'ye g\u00fcvenebilirsiniz.<\/p>\n<p><img decoding=\"async\" src=\"https:\/\/fmp-components.com\/wp-content\/uploads\/2024\/12\/Adjustable-Clevis-Type-Cylinders-6.webp\" alt=\"Ayarlanabilir \u00c7atal Tipi Silindir\" width=\"810\" title=\"\"><\/p>\n<h2>S\u0131k\u00e7a Sorulan Sorular<\/h2>\n<p><strong>S: Hidrolik silindirin a\u011f\u0131rl\u0131\u011f\u0131 nedir?<\/strong><br \/>\nA: Hidrolik silindirin a\u011f\u0131rl\u0131\u011f\u0131 104 KG\u2019d\u0131r.<\/p>\n<p><strong>S: Silindirin \u00e7ekirdek bile\u015fenlerinin garanti s\u00fcresi nedir?<\/strong><br \/>\nA: Silindirin \u00e7ekirdek bile\u015fenleri 1 y\u0131l garantilidir.<\/p>\n<p><strong>S: Hidrolik silindir \u00f6zel gereksinimleri kar\u015f\u0131layacak \u015fekilde \u00f6zelle\u015ftirilebilir mi?<\/strong><br \/>\nC: Evet, \u00f6zelle\u015ftirme se\u00e7enekleri mevcuttur. Daha fazla bilgi i\u00e7in l\u00fctfen bizimle ileti\u015fime ge\u00e7in.<\/p>\n<p><img decoding=\"async\" src=\"https:\/\/img.jiansujichilun.com\/img\/hydrauliccylinders\/B_hydrauliccylinders-4.webp\" alt=\"hidrolik silindir\" width=\"800\" title=\"\"><\/p>\n<p>Yazar\uff1a CX<\/p>","protected":false},"excerpt":{"rendered":"<p>The Professional Adjustable Double Acting Cylinder Tractor Hydraulic Cylinder is a high-quality hydraulic cylinder designed to meet the demands of modern farming equipment. This cylinder features double-acting technology, which allows for smooth and reliable operation in even the toughest conditions. Built for durability and strength, this hydraulic cylinder is made from high-grade materials and is [&hellip;]<\/p>","protected":false},"featured_media":1338,"comment_status":"closed","ping_status":"closed","template":"","meta":{"_et_pb_use_builder":"","_et_pb_old_content":"","_et_gb_content_width":""},"product_brand":[],"product_cat":[39],"product_tag":[41,34],"class_list":{"0":"post-1348","1":"product","2":"type-product","3":"status-publish","4":"has-post-thumbnail","6":"product_cat-adjustable-clevis-type-cylinders","7":"product_tag-adjustable-clevis-type-cylinders","8":"product_tag-hydraulic-cylinder","10":"first","11":"instock","12":"product-type-simple"},"_links":{"self":[{"href":"https:\/\/fmp-components.com\/tr\/wp-json\/wp\/v2\/product\/1348","targetHints":{"allow":["GET"]}}],"collection":[{"href":"https:\/\/fmp-components.com\/tr\/wp-json\/wp\/v2\/product"}],"about":[{"href":"https:\/\/fmp-components.com\/tr\/wp-json\/wp\/v2\/types\/product"}],"replies":[{"embeddable":true,"href":"https:\/\/fmp-components.com\/tr\/wp-json\/wp\/v2\/comments?post=1348"}],"wp:featuredmedia":[{"embeddable":true,"href":"https:\/\/fmp-components.com\/tr\/wp-json\/wp\/v2\/media\/1338"}],"wp:attachment":[{"href":"https:\/\/fmp-components.com\/tr\/wp-json\/wp\/v2\/media?parent=1348"}],"wp:term":[{"taxonomy":"product_brand","embeddable":true,"href":"https:\/\/fmp-components.com\/tr\/wp-json\/wp\/v2\/product_brand?post=1348"},{"taxonomy":"product_cat","embeddable":true,"href":"https:\/\/fmp-components.com\/tr\/wp-json\/wp\/v2\/product_cat?post=1348"},{"taxonomy":"product_tag","embeddable":true,"href":"https:\/\/fmp-components.com\/tr\/wp-json\/wp\/v2\/product_tag?post=1348"}],"curies":[{"name":"wp","href":"https:\/\/api.w.org\/{rel}","templated":true}]}}