{"id":1346,"date":"2024-12-23T02:18:07","date_gmt":"2024-12-23T02:18:07","guid":{"rendered":"https:\/\/fmp-components.com\/product\/customized-10-ton-hydraulic-cylinder-mini-hydraulic-cylinder\/"},"modified":"2024-12-23T03:49:56","modified_gmt":"2024-12-23T03:49:56","slug":"customized-10-ton-hydraulic-cylinder-mini-hydraulic-cylinder","status":"publish","type":"product","link":"https:\/\/fmp-components.com\/tr\/product\/customized-10-ton-hydraulic-cylinder-mini-hydraulic-cylinder\/","title":{"rendered":"\u00d6zelle\u015ftirilmi\u015f 10 Tonluk Hidrolik Silindir Mini Hidrolik Silindir"},"content":{"rendered":"<h2>\u00dcr\u00fcn Tan\u0131t\u0131m\u0131: \u00d6zelle\u015ftirilmi\u015f 10 Tonluk Hidrolik Silindir Mini Hidrolik Silindir<\/h2>\n<p>\u00d6zelle\u015ftirilmi\u015f 10 Tonluk Hidrolik Silindir Mini Hidrolik Silindir, \u00e7e\u015fitli end\u00fcstriyel uygulamalar i\u00e7in tasarlanm\u0131\u015f, son derece verimli ve dayan\u0131kl\u0131 bir hidrolik silindirdir. Kompakt tasar\u0131m\u0131 ve g\u00fc\u00e7l\u00fc performans\u0131yla bu hidrolik silindir, hassas kontrol ve a\u011f\u0131r kald\u0131rma kapasitesi gerektiren g\u00f6revler i\u00e7in ideal bir se\u00e7imdir.<\/p>\n<p>Temel \u00d6zellikler:<br \/>\n1. \u00d6zelle\u015ftirilebilir Tasar\u0131m: \u00d6zelle\u015ftirilmi\u015f 10 Tonluk Hidrolik Silindir Mini Hidrolik Silindir, \u00e7e\u015fitli makine ve ekipmanlarla optimum performans ve uyumluluk sa\u011flayarak \u00f6zel gereksinimleri kar\u015f\u0131layacak \u015fekilde uyarlanabilir.<\/p>\n<p>2. Sa\u011flam Yap\u0131: Y\u00fcksek kaliteli malzemelerden \u00fcretilen bu hidrolik silindir, a\u011f\u0131r y\u00fcklere ve s\u00fcrekli kullan\u0131ma dayanacak \u015fekilde tasarlanm\u0131\u015ft\u0131r. Ola\u011fan\u00fcst\u00fc dayan\u0131kl\u0131l\u0131k ve uzun \u00f6m\u00fcr sunarak bak\u0131m maliyetlerini azalt\u0131r ve genel verimlili\u011fi art\u0131r\u0131r.<\/p>\n<p>3. G\u00fcvenilir Performans: \u00d6zelle\u015ftirilmi\u015f 10 Tonluk Hidrolik Silindir Mini Hidrolik Silindir, en zorlu \u00e7al\u0131\u015fma ko\u015fullar\u0131nda bile tutarl\u0131 ve g\u00fcvenilir performans sunar. P\u00fcr\u00fczs\u00fcz ve hassas hareket sa\u011flayarak verimli ve do\u011fru operasyonlara olanak tan\u0131r.<\/p>\n<p>4. Kolay Kurulum: Kullan\u0131c\u0131 kolayl\u0131\u011f\u0131 i\u00e7in tasarlanan bu hidrolik silindir, mevcut sistemlere kolayca monte edilebilir ve entegre edilebilir. Kompakt boyutu, sorunsuz entegrasyonu kolayla\u015ft\u0131r\u0131r, de\u011ferli alan tasarrufu sa\u011flar ve kurulum s\u00fcre\u00e7lerini basitle\u015ftirir.<\/p>\n<p>5. \u00c7ok Y\u00f6nl\u00fcl\u00fck: \u00d6zelle\u015ftirilmi\u015f 10 Tonluk Hidrolik Silindir Mini Hidrolik Silindir, in\u015faat makineleri, tar\u0131m ekipmanlar\u0131 ve end\u00fcstriyel otomasyon dahil olmak \u00fczere \u00e7ok \u00e7e\u015fitli uygulamalar i\u00e7in uygundur. \u00c7ok y\u00f6nl\u00fcl\u00fc\u011f\u00fc, onu \u00e7e\u015fitli end\u00fcstriler i\u00e7in m\u00fckemmel bir se\u00e7im haline getirir.<\/p>\n<p>6. G\u00fcvenlik \u00d6zellikleri: Bu hidrolik silindir, operat\u00f6r g\u00fcvenli\u011fini sa\u011flamak ve kazalar\u0131 \u00f6nlemek i\u00e7in g\u00fcvenlik mekanizmalar\u0131yla donat\u0131lm\u0131\u015ft\u0131r. Bu \u00f6zellikler aras\u0131nda a\u015f\u0131r\u0131 y\u00fck korumas\u0131, bas\u0131n\u00e7 tahliye valfleri ve acil durdurma fonksiyonlar\u0131 bulunur.<\/p>\n<p><img loading=\"lazy\" decoding=\"async\" class=\"alignnone size-full wp-image-1334\" src=\"https:\/\/fmp-components.com\/wp-content\/uploads\/2024\/12\/Adjustable-Clevis-Type-Cylinders-4.webp\" alt=\"Ayarlanabilir-\u00c7ember-Tipi-Silindirler\" width=\"800\" height=\"800\" title=\"\" srcset=\"https:\/\/fmp-components.com\/wp-content\/uploads\/2024\/12\/Adjustable-Clevis-Type-Cylinders-4.webp 800w, https:\/\/fmp-components.com\/wp-content\/uploads\/2024\/12\/Adjustable-Clevis-Type-Cylinders-4-480x480.webp 480w\" sizes=\"(min-width: 0px) and (max-width: 480px) 480px, (min-width: 481px) 800px, 100vw\" \/><\/p>\n<p>Sonu\u00e7 olarak, \u00d6zelle\u015ftirilmi\u015f 10 Tonluk Hidrolik Silindir Mini Hidrolik Silindir, m\u00fckemmel dayan\u0131kl\u0131l\u0131k, g\u00fcvenilirlik ve \u00e7ok y\u00f6nl\u00fcl\u00fck sunan y\u00fcksek performansl\u0131 bir hidrolik silindirdir. \u00d6zelle\u015ftirilebilir tasar\u0131m\u0131, sa\u011flam yap\u0131s\u0131 ve kullan\u0131c\u0131 dostu \u00f6zellikleri, hassas kontrol ve a\u011f\u0131r kald\u0131rma kapasitesinin gerekli oldu\u011fu end\u00fcstriyel uygulamalar i\u00e7in ideal bir se\u00e7imdir.<\/p>\n<p>Makine tamir at\u00f6lyeleri, \u00e7iftlikler, enerji ve madencilik i\u015fletmeleri ve makine \u00fcretim fabrikalar\u0131 i\u00e7in en iyi tercih olan \u00f6zelle\u015ftirilmi\u015f 10 Tonluk Mini Hidrolik Silindir'in g\u00fcc\u00fcn\u00fc deneyimleyin. Bu y\u00fcksek performansl\u0131 hidrolik silindir yepyeni, bir y\u0131ll\u0131k garantiyle desteklenmi\u015f ve ISO9001:2000 sertifikas\u0131na sahiptir. Sa\u011flam \u00e7elik g\u00f6vdeli standart bir piston silindiri tipi olup, 3000 ton maksimum itme ve 20 ton maksimum \u00e7ekme g\u00fcc\u00fc sunar. Ayarlanabilir \u00e7atal tipi tasar\u0131m\u0131, farkl\u0131 uygulamalarda \u00e7ok y\u00f6nl\u00fc kullan\u0131m sa\u011flar.<\/p>\n<h2>Ayarlanabilir \u00c7atal Tipi Silindirlerin Avantajlar\u0131<\/h2>\n<p>Ayarlanabilir \u00e7atal tipi silindirler, \u00f6zel 10 tonluk hidrolik silindirler veya mini hidrolik silindirler olarak da bilinir ve \u00e7e\u015fitli uygulamalarda benzersiz avantajlar sunar. Bu silindirler, hassas ve \u00e7ok y\u00f6nl\u00fc bir tasar\u0131ma sahip olup verimli ve g\u00fcvenilir performans sunar. Bu makalede, bu silindirlerin avantajlar\u0131n\u0131 ayr\u0131nt\u0131l\u0131 olarak inceleyece\u011fiz.<\/p>\n<p><strong>1. Geli\u015fmi\u015f Esneklik ve \u00d6zelle\u015ftirme:<\/strong> Ayarlanabilir \u00e7atal tipi silindirler, \u00f6zelle\u015ftirme a\u00e7\u0131s\u0131ndan b\u00fcy\u00fck esneklik sunar. Strok uzunlu\u011fu, montaj se\u00e7enekleri ve silindir \u00e7ap\u0131 gibi \u00f6zel gereksinimleri kar\u015f\u0131layacak \u015fekilde uyarlanabilirler. Bu sayede farkl\u0131 sistemlere sorunsuz entegrasyon sa\u011flan\u0131r ve optimum performans sa\u011flan\u0131r.<\/p>\n<p><strong>2. \u00dcst\u00fcn Y\u00fck Kapasitesi:<\/strong> Bu silindirler, a\u011f\u0131r y\u00fckleri kolayl\u0131kla kald\u0131rabilir. 10 ton kapasiteleriyle, g\u00fc\u00e7l\u00fc kald\u0131rma ve itme kabiliyetleri sunarlar ve bu da onlar\u0131 y\u00fcksek kuvvet \u00e7\u0131k\u0131\u015f\u0131 gerektiren uygulamalar i\u00e7in ideal hale getirir.<\/p>\n<p><strong>3. Kompakt ve Yerden Tasarruflu:<\/strong> Bu silindirlerin mini hidrolik tasar\u0131m\u0131, daha b\u00fcy\u00fck silindirlerin uygun olmayabilece\u011fi dar alanlara s\u0131\u011fmalar\u0131n\u0131 sa\u011flar. Kompakt boyutlar\u0131 performanslar\u0131ndan \u00f6d\u00fcn vermez ve bu da onlar\u0131 \u00e7e\u015fitli end\u00fcstri ve uygulamalarda \u00e7ok y\u00f6nl\u00fc k\u0131lar.<\/p>\n<p><strong>4. Hassas Konumland\u0131rma ve Kontrol:<\/strong> Ayarlanabilir \u00e7atal tipi silindirler, geli\u015fmi\u015f hidrolik sistemleri sayesinde hassas konumland\u0131rma ve kontrol sa\u011flar. Bu sayede hassas ve tekrarlanabilir hareketler sa\u011flayarak, hassas ayarlamalar gerektiren g\u00f6revler i\u00e7in idealdir.<\/p>\n<p><strong>5. Dayan\u0131kl\u0131l\u0131k ve G\u00fcvenilirlik:<\/strong> Bu silindirler, zorlu ko\u015fullara ve yo\u011fun kullan\u0131ma dayanacak \u015fekilde \u00fcretilmi\u015ftir. Y\u00fcksek kaliteli malzemelerden \u00fcretilmi\u015f olup, dayan\u0131kl\u0131l\u0131k ve uzun vadeli g\u00fcvenilirlik sa\u011flamak i\u00e7in titiz testlerden ge\u00e7irilmi\u015ftir.<\/p>\n<p><strong>6. Kolay Kurulum ve Bak\u0131m:<\/strong> Ayarlanabilir \u00e7atal tipi silindirlerin tasar\u0131m\u0131, montaj s\u00fcrecini basitle\u015ftirerek zamandan ve emekten tasarruf sa\u011flar. Ayr\u0131ca, minimum bak\u0131m gerektirirler, bu da i\u015fletme maliyetlerini ve duru\u015f s\u00fcrelerini azalt\u0131r.<\/p>\n<p><strong>7. Geni\u015f Uygulama Yelpazesi:<\/strong> \u00d6zel 10 tonluk hidrolik silindirler, in\u015faat, imalat, tar\u0131m ve daha bir\u00e7ok sekt\u00f6r dahil olmak \u00fczere \u00e7e\u015fitli sekt\u00f6rlerde uygulama alan\u0131 bulur. \u00c7ok y\u00f6nl\u00fcl\u00fckleri, a\u011f\u0131r y\u00fckleri kald\u0131rma, ekipmanlar\u0131 itme veya \u00e7ekme ve karma\u015f\u0131k sistemlerde hassas konumland\u0131rma gibi g\u00f6revler i\u00e7in uygun olmalar\u0131n\u0131 sa\u011flar.<\/p>\n<p>Sonu\u00e7 olarak, ayarlanabilir \u00e7atal tipi silindirler esneklik, y\u00fck kapasitesi, alan verimlili\u011fi, hassas kontrol, dayan\u0131kl\u0131l\u0131k, montaj ve bak\u0131m kolayl\u0131\u011f\u0131 ve geni\u015f bir uygulama yelpazesi a\u00e7\u0131s\u0131ndan say\u0131s\u0131z avantaj sunar. Benzersiz \u00f6zellikleri, onlar\u0131 zorlu hidrolik sistemler i\u00e7in g\u00fcvenilir bir se\u00e7im haline getirerek optimum performans ve verimlilik sa\u011flar.<\/p>\n<p><img decoding=\"async\" src=\"https:\/\/fmp-components.com\/wp-content\/uploads\/2024\/12\/Adjustable-Clevis-Type-Cylinders5.webp\" alt=\"Ayarlanabilir \u00c7atal Tipi Silindir\" width=\"800\" title=\"\"><\/p>\n<h2>Ayarlanabilir \u00c7atal Tip Silindirlerin Uygulamas\u0131<\/h2>\n<p>Ayarlanabilir \u00e7atal tipi silindir, bir ucunda \u00e7atal bulunan ve \u00e7e\u015fitli mekanik sistemlere kolay montaj ve ba\u011flant\u0131 sa\u011flayan bir hidrolik silindirdir. Bu silindirler, \u00e7ok y\u00f6nl\u00fcl\u00fckleri ve ayarlanabilir yap\u0131lar\u0131 nedeniyle farkl\u0131 end\u00fcstrilerde yayg\u0131n olarak kullan\u0131lmaktad\u0131r. Bu makalede, ayarlanabilir \u00e7atal tipi silindirlerin uygulamalar\u0131n\u0131 inceleyecek ve avantajlar\u0131n\u0131 ve avantajlar\u0131n\u0131 tart\u0131\u015faca\u011f\u0131z.<\/p>\n<h3>1. End\u00fcstriyel Otomasyon Sistemleri<\/h3>\n<p>End\u00fcstriyel otomasyon sistemlerinde, ayarlanabilir \u00e7atal tipi silindirler, farkl\u0131 bile\u015fenlerin hareketini kontrol etmede \u00f6nemli bir rol oynar. Genellikle robotik kollarda, konvey\u00f6r sistemlerinde ve malzeme ta\u015f\u0131ma ekipmanlar\u0131nda kullan\u0131l\u0131rlar. Silindir uzunlu\u011funun ayarlanabilmesi, bu sistemlerin konumunu ve hareketini hassas bir \u015fekilde ayarlamay\u0131 kolayla\u015ft\u0131rarak hassas ve verimli bir \u00e7al\u0131\u015fma sa\u011flar.<\/p>\n<h3>2. \u0130n\u015faat Makineleri<\/h3>\n<p>Ayarlanabilir \u00e7atal tipi silindirler, ekskavat\u00f6rler, y\u00fckleyiciler ve vin\u00e7ler gibi in\u015faat makinelerinde yayg\u0131n olarak kullan\u0131lmaktad\u0131r. Bu silindirler, kald\u0131rma, kazma ve e\u011fme gibi \u00e7e\u015fitli i\u015flevler i\u00e7in gerekli kuvveti ve kontrol\u00fc sa\u011flar. Ayarlanabilir \u00f6zellik, operat\u00f6rlerin silindir uzunlu\u011funu belirli \u00e7al\u0131\u015fma ko\u015fullar\u0131na g\u00f6re ayarlamas\u0131na olanak tan\u0131yarak, makinenin genel performans\u0131n\u0131 ve verimlili\u011fini art\u0131r\u0131r.<\/p>\n<h3>3. Tar\u0131m Ekipmanlar\u0131<\/h3>\n<p>Tar\u0131m sekt\u00f6r\u00fcnde ayarlanabilir \u00e7atal tipi silindirler, trakt\u00f6rler, sabanlar ve bi\u00e7erd\u00f6verler gibi \u00e7e\u015fitli ekipmanlarda uygulama alan\u0131 bulur. Bu silindirler, b\u0131\u00e7ak y\u00fcksekli\u011fini ayarlamak, ata\u015fmanlar\u0131n konumunu kontrol etmek ve a\u011f\u0131r y\u00fckleri kald\u0131rmak i\u00e7in hidrolik g\u00fc\u00e7 sa\u011flamak gibi g\u00f6revlerde kullan\u0131l\u0131r. Ayarlanabilir yap\u0131lar\u0131, farkl\u0131 tar\u0131m operasyonlar\u0131nda optimum performans ve esneklik sa\u011flar.<\/p>\n<h3>4. Otomotiv End\u00fcstrisi<\/h3>\n<p>Otomotiv end\u00fcstrisi, ara\u00e7 s\u00fcspansiyonlar\u0131, a\u00e7\u0131l\u0131r tavanlar ve ayarlanabilir koltuklar dahil olmak \u00fczere farkl\u0131 uygulamalarda ayarlanabilir \u00e7atal tipi silindirler kullanmaktad\u0131r. Bu silindirler, ara\u00e7lar\u0131n genel konforunu ve i\u015flevselli\u011fini art\u0131rmak i\u00e7in gerekli destek ve ayar yeteneklerini sa\u011flar. Silindir uzunlu\u011funun \u00f6zelle\u015ftirilebilmesi, farkl\u0131 boy ve tercihlere sahip kullan\u0131c\u0131lar i\u00e7in konforlu bir s\u00fcr\u00fc\u015f deneyimi sa\u011flar.<\/p>\n<h3>5. \u00d6zelle\u015ftirilmi\u015f \u00c7\u00f6z\u00fcmler<\/h3>\n<p>Ayarlanabilir \u00e7atal tipi silindirlerin en \u00f6nemli avantajlar\u0131ndan biri, \u00f6zel ihtiya\u00e7lara g\u00f6re \u00f6zelle\u015ftirilebilmeleridir. \u00dcreticiler, her uygulaman\u0131n kendine \u00f6zg\u00fc ihtiya\u00e7lar\u0131n\u0131 kar\u015f\u0131lamak i\u00e7in farkl\u0131 strok uzunluklar\u0131na, montaj se\u00e7eneklerine ve bas\u0131n\u00e7 de\u011ferlerine sahip silindirler tasarlay\u0131p \u00fcretebilirler. Bu \u00f6zelle\u015ftirme, optimum performans ve uyumlulu\u011fu garanti ederek verimli ve g\u00fcvenilir bir \u00e7al\u0131\u015fma sa\u011flar.<\/p>\n<p>Ayarlanabilir \u00e7atal tipi silindirler, \u00e7e\u015fitli end\u00fcstrilerde uygulama alan\u0131 bulan \u00e7ok y\u00f6nl\u00fc hidrolik bile\u015fenlerdir. Ayarlanabilir yap\u0131lar\u0131 ve \u00f6zelle\u015ftirilebilme \u00f6zellikleri, onlar\u0131 farkl\u0131 mekanik sistemler i\u00e7in ideal bir se\u00e7im haline getirir. End\u00fcstriyel otomasyon, in\u015faat makineleri, tar\u0131m, otomotiv end\u00fcstrisi veya di\u011fer sekt\u00f6rlerde, bu silindirler sorunsuz ve verimli bir \u00e7al\u0131\u015fma sa\u011flamak i\u00e7in gerekli kuvveti, kontrol\u00fc ve uyarlanabilirli\u011fi sa\u011flar.<\/p>\n<p><img decoding=\"async\" src=\"https:\/\/fmp-components.com\/wp-content\/uploads\/2024\/12\/Application-of-Adjustable-Clevis-Type-Cylinders.webp\" alt=\"Ayarlanabilir \u00c7atal Tipi Silindir\" width=\"800\" title=\"\"><\/p>\n<h3>FMP Hakk\u0131nda<\/h3>\n<p><img decoding=\"async\" src=\"https:\/\/fmp-components.com\/wp-content\/uploads\/2024\/12\/Adjustable-Clevis-Type-Cylinders-6.webp\" alt=\"Ayarlanabilir \u00c7atal Tipi Silindir\" width=\"808\" title=\"\"><\/p>\n<p>FMP, Hidrolik Silindir \u00fcretimi ve sat\u0131\u015f\u0131 konusunda uzmanla\u015fm\u0131\u015f lider bir firmad\u0131r. Uzun y\u0131llara dayanan sekt\u00f6r deneyimimiz ve profesyonel ekibimizle, m\u00fc\u015fterilerimize in\u015faat makineleri sekt\u00f6r\u00fcndeki \u00e7e\u015fitli uygulamalar i\u00e7in y\u00fcksek kaliteli ve g\u00fcvenilir hidrolik silindirler sunmaya kararl\u0131y\u0131z.<\/p>\n<p>1. Geni\u015f \u00dcr\u00fcn Yelpazesi: Ayarlanabilir \u00c7atal Tipi Silindirler, Teleskopik Silindirler, Kaynakl\u0131 Silindirler, Rot Kolu Silindirleri ve daha fazlas\u0131 dahil olmak \u00fczere \u00e7ok \u00e7e\u015fitli hidrolik silindirler sunuyoruz. \u00d6zel ihtiya\u00e7lar\u0131n\u0131z ne olursa olsun, sizin i\u00e7in do\u011fru hidrolik silindir \u00e7\u00f6z\u00fcm\u00fcne sahibiz.<\/p>\n<p>2. \u00dcst\u00fcn Kalite: FMP olarak kaliteye \u00f6ncelik veriyor ve t\u00fcm hidrolik silindirlerimizin s\u0131k\u0131 kalite standartlar\u0131n\u0131 kar\u015f\u0131lamas\u0131n\u0131 sa\u011fl\u0131yoruz. \u00dcr\u00fcnlerimizin dayan\u0131kl\u0131l\u0131\u011f\u0131n\u0131 ve performans\u0131n\u0131 garanti alt\u0131na almak i\u00e7in hem yurt i\u00e7inde hem de yurt d\u0131\u015f\u0131nda y\u00fcksek kaliteli tedarik\u00e7ilerle uzun vadeli ve istikrarl\u0131 ili\u015fkiler kurduk.<\/p>\n<p>3. Uzman Sat\u0131\u015f Ekibi: Deneyimli ve yetenekli sat\u0131\u015f ekibimiz, sekt\u00f6rdeki en son trendler ve m\u00fc\u015fteri ihtiya\u00e7lar\u0131 konusunda bilgilidir. Profesyonel \u00fcr\u00fcn dan\u0131\u015fmanl\u0131\u011f\u0131 sunmaya ve ak\u0131ll\u0131 sat\u0131n alma \u00f6nerileri sunarak, in\u015faat makineleri ihtiya\u00e7lar\u0131n\u0131z i\u00e7in en iyi se\u00e7imi yapman\u0131z\u0131 sa\u011flamaya haz\u0131rd\u0131rlar.<\/p>\n<p>4. Verimli Lojistik Da\u011f\u0131t\u0131m: Zaman\u0131nda teslimat\u0131n \u00f6neminin fark\u0131nday\u0131z. Verimli lojistik da\u011f\u0131t\u0131m sistemimizle, m\u00fc\u015fterilerimizin ihtiya\u00e7 duyduklar\u0131 hidrolik silindirleri zaman\u0131nda ve do\u011fru bir \u015fekilde teslim almalar\u0131n\u0131 sa\u011fl\u0131yoruz. H\u0131zl\u0131 ve g\u00fcvenilir hizmet i\u00e7in bize g\u00fcvenebilirsiniz.<\/p>\n<p>5. \u00d6zelle\u015ftirilebilir \u00c7\u00f6z\u00fcmler: Her in\u015faat makinesi projesinin benzersiz oldu\u011funun fark\u0131nday\u0131z. Bu nedenle, \u00f6zel ihtiya\u00e7lar\u0131n\u0131z\u0131 kar\u015f\u0131lamak i\u00e7in \u00f6zelle\u015ftirilebilir hidrolik silindir \u00e7\u00f6z\u00fcmleri sunuyoruz. Belirli bir strok uzunlu\u011funa, montaj stiline veya ba\u015fka bir \u00f6zelle\u015ftirmeye sahip bir silindire ihtiyac\u0131n\u0131z olsun, size \u00f6zel \u00e7\u00f6z\u00fcmler sunabiliriz.<\/p>\n<p>FMP ile ortakl\u0131k kurmak, y\u00fcksek kaliteli hidrolik silindirlere, bilgili bir sat\u0131\u015f ekibine, verimli lojisti\u011fe ve \u00f6zelle\u015ftirilebilir \u00e7\u00f6z\u00fcmlere eri\u015fim anlam\u0131na gelir. \u0130n\u015faat makineleri projeleriniz i\u00e7in ihtiya\u00e7 duydu\u011funuz g\u00fcvenilir ve dayan\u0131kl\u0131 hidrolik silindirleri bize g\u00fcvenin.<\/p>\n<h2>S\u0131k\u00e7a Sorulan Sorular<\/h2>\n<p><b>S: \u00d6zelle\u015ftirilmi\u015f 10 Tonluk Hidrolik Silindir Mini Hidrolik Silindir i\u00e7in teslimat s\u00fcresi nedir?<\/b><\/p>\n<p>A: Genellikle teslimat s\u00fcresi 25-35 g\u00fcnd\u00fcr.<\/p>\n<p><b>S: \u00d6zelle\u015ftirilmi\u015f 10 Tonluk Hidrolik Silindir Mini Hidrolik Silindir \u00f6rnekleri mevcut mu?<\/b><\/p>\n<p>C: Evet, numuneler mevcuttur ancak \u00fccretsiz de\u011fildir.<\/p>\n<p><b>S: \u00d6zelle\u015ftirilmi\u015f 10 Tonluk Hidrolik Silindir Mini Hidrolik Silindir \u00f6zel gereksinimlere g\u00f6re \u00f6zelle\u015ftirilebilir mi?<\/b><\/p>\n<p>C: Evet, numunelerinize veya teknik \u00e7izimlerinize g\u00f6re hidrolik silindir \u00fcretebiliriz. Kal\u0131plar\u0131 ve aparatlar\u0131 \u00f6zel ihtiya\u00e7lar\u0131n\u0131z\u0131 kar\u015f\u0131layacak \u015fekilde \u00fcretebiliriz.<\/p>\n<p>Yazar\uff1a CX<\/p>\n<p>&nbsp;<\/p>","protected":false},"excerpt":{"rendered":"<p>Product Introduction: Customized 10 Ton Hydraulic Cylinder Mini Hydraulic Cylinder The Customized 10 Ton Hydraulic Cylinder Mini Hydraulic Cylinder is a highly efficient and durable hydraulic cylinder designed for various industrial applications. With its compact design and powerful performance, this hydraulic cylinder is the ideal choice for tasks that require precise control and heavy lifting [&hellip;]<\/p>","protected":false},"featured_media":1340,"comment_status":"closed","ping_status":"closed","template":"","meta":{"_et_pb_use_builder":"","_et_pb_old_content":"","_et_gb_content_width":""},"product_brand":[],"product_cat":[39],"product_tag":[41,34],"class_list":{"0":"post-1346","1":"product","2":"type-product","3":"status-publish","4":"has-post-thumbnail","6":"product_cat-adjustable-clevis-type-cylinders","7":"product_tag-adjustable-clevis-type-cylinders","8":"product_tag-hydraulic-cylinder","10":"first","11":"instock","12":"product-type-simple"},"_links":{"self":[{"href":"https:\/\/fmp-components.com\/tr\/wp-json\/wp\/v2\/product\/1346","targetHints":{"allow":["GET"]}}],"collection":[{"href":"https:\/\/fmp-components.com\/tr\/wp-json\/wp\/v2\/product"}],"about":[{"href":"https:\/\/fmp-components.com\/tr\/wp-json\/wp\/v2\/types\/product"}],"replies":[{"embeddable":true,"href":"https:\/\/fmp-components.com\/tr\/wp-json\/wp\/v2\/comments?post=1346"}],"wp:featuredmedia":[{"embeddable":true,"href":"https:\/\/fmp-components.com\/tr\/wp-json\/wp\/v2\/media\/1340"}],"wp:attachment":[{"href":"https:\/\/fmp-components.com\/tr\/wp-json\/wp\/v2\/media?parent=1346"}],"wp:term":[{"taxonomy":"product_brand","embeddable":true,"href":"https:\/\/fmp-components.com\/tr\/wp-json\/wp\/v2\/product_brand?post=1346"},{"taxonomy":"product_cat","embeddable":true,"href":"https:\/\/fmp-components.com\/tr\/wp-json\/wp\/v2\/product_cat?post=1346"},{"taxonomy":"product_tag","embeddable":true,"href":"https:\/\/fmp-components.com\/tr\/wp-json\/wp\/v2\/product_tag?post=1346"}],"curies":[{"name":"wp","href":"https:\/\/api.w.org\/{rel}","templated":true}]}}