{"id":1345,"date":"2024-12-23T02:18:07","date_gmt":"2024-12-23T02:18:07","guid":{"rendered":"https:\/\/fmp-components.com\/product\/high-quality-double-acting-welded-hydraulic-cylinders-for-sale\/"},"modified":"2024-12-23T03:39:35","modified_gmt":"2024-12-23T03:39:35","slug":"high-quality-double-acting-welded-hydraulic-cylinders-for-sale","status":"publish","type":"product","link":"https:\/\/fmp-components.com\/tr\/product\/high-quality-double-acting-welded-hydraulic-cylinders-for-sale\/","title":{"rendered":"Sat\u0131l\u0131k Y\u00fcksek Kaliteli \u00c7ift Etkili Kaynakl\u0131 Hidrolik Silindirler"},"content":{"rendered":"<h2>Sat\u0131l\u0131k Y\u00fcksek Kaliteli \u00c7ift Etkili Kaynakl\u0131 Hidrolik Silindirler:<\/h2>\n<p>Y\u00fcksek Kaliteli \u00c7ift Etkili Kaynakl\u0131 Hidrolik Silindirlerimiz, t\u00fcm hidrolik g\u00fc\u00e7 ihtiya\u00e7lar\u0131n\u0131z i\u00e7in m\u00fckemmel bir \u00e7\u00f6z\u00fcmd\u00fcr. Bu silindirler, \u00e7ok \u00e7e\u015fitli uygulamalarda ola\u011fan\u00fcst\u00fc performans ve g\u00fcvenilirlik sa\u011flayacak \u015fekilde tasarlanm\u0131\u015ft\u0131r.<\/p>\n<p>\u00c7ift etkili tasar\u0131mlar\u0131yla hidrolik silindirlerimiz \u00fcst\u00fcn i\u015flevsellik ve \u00e7ok y\u00f6nl\u00fcl\u00fck sunar. Her iki y\u00f6nde de kuvvet uygulayarak verimli \u00e7al\u0131\u015fma ve hassas kontrol sa\u011flarlar. A\u011f\u0131r y\u00fckleri kald\u0131rman\u0131z, makineleri ta\u015f\u0131man\u0131z veya hidrolik sistemleri \u00e7al\u0131\u015ft\u0131rman\u0131z gerekip gerekmedi\u011fine bak\u0131lmaks\u0131z\u0131n, silindirlerimiz size yard\u0131mc\u0131 olur.<\/p>\n<p>Dayan\u0131kl\u0131l\u0131k g\u00f6z \u00f6n\u00fcnde bulundurularak \u00fcretilen hidrolik silindirlerimiz, y\u00fcksek kaliteli malzemelerden \u00fcretilmi\u015f ve uzun \u00f6m\u00fcrl\u00fc performans sa\u011flamak i\u00e7in titiz testlerden ge\u00e7irilmi\u015ftir. Kaynakl\u0131 yap\u0131, ekstra g\u00fc\u00e7 ve stabilite sa\u011flayarak a\u011f\u0131r kullan\u0131ma ve zorlu ko\u015fullara dayanmalar\u0131n\u0131 sa\u011flar. En \u00e7ok ihtiya\u00e7 duydu\u011funuz anda tutarl\u0131 ve g\u00fcvenilir hidrolik g\u00fc\u00e7 sa\u011flamak i\u00e7in silindirlerimize g\u00fcvenebilirsiniz.<\/p>\n<p><img loading=\"lazy\" decoding=\"async\" class=\"alignnone size-full wp-image-1334\" src=\"https:\/\/fmp-components.com\/wp-content\/uploads\/2024\/12\/Adjustable-Clevis-Type-Cylinders-4.webp\" alt=\"Ayarlanabilir-\u00c7ember-Tipi-Silindirler\" width=\"800\" height=\"800\" title=\"\" srcset=\"https:\/\/fmp-components.com\/wp-content\/uploads\/2024\/12\/Adjustable-Clevis-Type-Cylinders-4.webp 800w, https:\/\/fmp-components.com\/wp-content\/uploads\/2024\/12\/Adjustable-Clevis-Type-Cylinders-4-480x480.webp 480w\" sizes=\"(min-width: 0px) and (max-width: 480px) 480px, (min-width: 481px) 800px, 100vw\" \/><\/p>\n<p>\u00c7ift Etkili Kaynakl\u0131 Hidrolik Silindirlerimizin montaj\u0131 ve bak\u0131m\u0131 kolayd\u0131r. \u00d6zel ihtiya\u00e7lar\u0131n\u0131za uygun \u00e7e\u015fitli montaj se\u00e7enekleriyle gelirler. Uygun bak\u0131m ve d\u00fczenli bak\u0131m ile bu silindirler y\u0131llarca sorunsuz hizmet verecektir.<\/p>\n<p>\u0130ster in\u015faat, ister tar\u0131m veya imalat sekt\u00f6r\u00fcnde olun, Y\u00fcksek Kaliteli \u00c7ift Etkili Kaynakl\u0131 Hidrolik Silindirlerimiz hidrolik g\u00fc\u00e7 ihtiya\u00e7lar\u0131n\u0131z i\u00e7in ideal se\u00e7imdir. En iyisinden daha az\u0131yla yetinmeyin. Silindirlerimize yat\u0131r\u0131m yap\u0131n ve hak etti\u011finiz performans ve g\u00fcvenilirli\u011fi deneyimleyin.<\/p>\n<table style=\"width: 100%;\" border=\"1\" width=\"100%\" cellspacing=\"0\" cellpadding=\"0\">\n<tbody>\n<tr>\n<th>\u00dcr\u00fcn Ad\u0131<\/th>\n<td>Yeni \u00c7ift Etkili Kaynakl\u0131 Hidrolik Silindirler<\/td>\n<\/tr>\n<tr>\n<th>Garanti<\/th>\n<td>1 Y\u0131l<\/td>\n<\/tr>\n<tr>\n<th>Uygulanabilir End\u00fcstriler<\/th>\n<td>Makine Tamir At\u00f6lyeleri, \u00c7iftlikler, Enerji ve Madencilik, Makine \u00dcretimi, Makine Fabrikalar\u0131<\/td>\n<\/tr>\n<tr>\n<th>A\u011f\u0131rl\u0131k (KG)<\/th>\n<td>30<\/td>\n<\/tr>\n<tr>\n<th>Video \u00c7\u0131k\u0131\u015f Denetimi<\/th>\n<td>Tedarik edilen<\/td>\n<\/tr>\n<tr>\n<th>Makine Test Raporu<\/th>\n<td>Tedarik edilen<\/td>\n<\/tr>\n<tr>\n<th>Pazarlama T\u00fcr\u00fc<\/th>\n<td>Yeni \u00dcr\u00fcn 2023<\/td>\n<\/tr>\n<tr>\n<th>Temel Bile\u015fenlerin Garantisi<\/th>\n<td>1 Y\u0131l<\/td>\n<\/tr>\n<tr>\n<th>\u00c7ekirdek Bile\u015fenler<\/th>\n<td>Rulmanlar, Hidrolik Silindirler<\/td>\n<\/tr>\n<tr>\n<th>Yap\u0131<\/th>\n<td>Piston Silindiri<\/td>\n<\/tr>\n<tr>\n<th>G\u00fc\u00e7<\/th>\n<td>Hidrolik<\/td>\n<\/tr>\n<tr>\n<th>G\u00f6vde Malzemesi<\/th>\n<td>Sa\u011flam \u00c7elik<\/td>\n<\/tr>\n<tr>\n<th>Maksimum \u0130tki<\/th>\n<td>3000<\/td>\n<\/tr>\n<tr>\n<th>Tip<\/th>\n<td>Ayarlanabilir \u00c7atal Tipi Silindir<\/td>\n<\/tr>\n<tr>\n<th>Limanlar<\/th>\n<td>G\/SAE\/NPT\/M<\/td>\n<\/tr>\n<tr>\n<th>Maksimum \u00c7ekme<\/th>\n<td>20 ton<\/td>\n<\/tr>\n<tr>\n<th>Sertifikasyon<\/th>\n<td>ISO 9001:2000<\/td>\n<\/tr>\n<tr>\n<th>Delik Boyutu<\/th>\n<td>2 \u2013 6 in\u00e7<\/td>\n<\/tr>\n<tr>\n<th>\u00c7ubuk Boyutu<\/th>\n<td>1,125 \u2013 4 in\u00e7<\/td>\n<\/tr>\n<tr>\n<th>Vuru\u015f Boyutu<\/th>\n<td>4 \u2013 100 in\u00e7<\/td>\n<\/tr>\n<tr>\n<th>Pin Boyutu<\/th>\n<td>0,5 \u2013 2 in\u00e7<\/td>\n<\/tr>\n<tr>\n<th>Renk<\/th>\n<td>Siyah<\/td>\n<\/tr>\n<\/tbody>\n<\/table>\n<h2>\u00c7ift Etkili Kaynakl\u0131 Hidrolik Silindirlerin Ke\u015ffi<\/h2>\n<p>\u00dcr\u00fcn, esasen \u00e7ift etkili bir hidrolik silindirdir; yani piston \u00e7ubu\u011funu hem uzatmak hem de geri \u00e7ekmek i\u00e7in hidrolik g\u00fc\u00e7 kullan\u0131r ve hassas hareket ve kontrol sa\u011flar. Bu t\u00fcr silindirler, y\u00fcksek g\u00fc\u00e7leri ve dayan\u0131kl\u0131l\u0131klar\u0131 nedeniyle end\u00fcstriyel makinelerde ve mobil hidroliklerde, ayr\u0131ca tar\u0131m ekipmanlar\u0131nda ve in\u015faat ara\u00e7lar\u0131nda yayg\u0131n olarak kullan\u0131l\u0131r.<\/p>\n<p>Silindirlerimiz etkileyici teknik \u00f6zellikler ve performans verileriyle \u00f6ne \u00e7\u0131kar. 2-6 in\u00e7 aras\u0131nda de\u011fi\u015fen delik \u00e7ap\u0131, 1,125-4 in\u00e7 aras\u0131nda de\u011fi\u015fen kol \u00e7ap\u0131, 4-100 in\u00e7 aras\u0131nda de\u011fi\u015fen strok \u00e7ap\u0131 ve 0,5-2 in\u00e7 aras\u0131nda de\u011fi\u015fen pim \u00e7ap\u0131yla bu silindirler, \u00e7e\u015fitli a\u011f\u0131r hizmet g\u00f6revlerini yerine getirmek \u00fczere tasarlanm\u0131\u015ft\u0131r. Silindirler, maksimum 3000 ton itme kuvveti ve maksimum 20 ton \u00e7ekme kapasitesiyle, her t\u00fcrl\u00fc makine kurulumuna g\u00fc\u00e7l\u00fc bir katk\u0131 sa\u011flar.<\/p>\n<p>\u00c7ift etkili hidrolik silindirler, dayan\u0131kl\u0131l\u0131k ve uzun \u00f6m\u00fcr sa\u011flayan y\u00fcksek kaliteli \u00e7elikten \u00fcretilmi\u015ftir. Ayr\u0131ca, silindirlerin siyah rengi korozyon direncini art\u0131rarak \u00fcr\u00fcn\u00fcn kullan\u0131m \u00f6mr\u00fcn\u00fc ve performans\u0131n\u0131 daha da art\u0131r\u0131r.<\/p>\n<p>Daha \u00f6zel bir \u00e7\u00f6z\u00fcm arayanlar i\u00e7in, hidrolik silindirlerimiz i\u00e7in \u00f6zelle\u015ftirme se\u00e7enekleri sunuyoruz. Belirli bir silindir \u00e7ap\u0131, \u00e7ubuk boyutu veya strok boyutu ihtiyac\u0131n\u0131z olsun, optimum performans sa\u011flamak i\u00e7in ihtiya\u00e7lar\u0131n\u0131z\u0131 kar\u015f\u0131layabiliriz.<\/p>\n<h2>Ayarlanabilir \u00c7atal Tipi Silindirlerin Avantajlar\u0131<\/h2>\n<p>Sat\u0131l\u0131k y\u00fcksek kaliteli \u00e7ift etkili kaynakl\u0131 hidrolik silindirler gibi ayarlanabilir \u00e7atal tipi silindirler, \u00e7e\u015fitli uygulamalarda \u00e7e\u015fitli avantajlar sunar. Bu silindirler, \u00fcst\u00fcn performans ve g\u00fcvenilirlik sa\u011flamak i\u00e7in hassasiyet ve uzmanl\u0131kla tasarlanm\u0131\u015ft\u0131r. Bu makalede, ayarlanabilir \u00e7atal tipi silindirlerin benzersiz \u00f6zelliklerini ve avantajlar\u0131n\u0131 inceleyece\u011fiz.<\/p>\n<p>1. Geli\u015fmi\u015f Esneklik ve Ayarlanabilirlik<\/p>\n<p>Ayarlanabilir \u00e7atal tipi silindirler, ola\u011fan\u00fcst\u00fc esneklikleri ve ayarlanabilirlikleriyle bilinir. Silindirin uzunlu\u011funu ve \u00e7atal konumunu de\u011fi\u015ftirme olana\u011f\u0131 sayesinde, bu silindirler \u00f6zel gereksinimleri kar\u015f\u0131layacak \u015fekilde kolayca \u00f6zelle\u015ftirilebilir. Bu esneklik, farkl\u0131 sistemlere sorunsuz entegrasyon sa\u011flar ve \u00e7e\u015fitli uygulamalarda optimum performans sa\u011flar.<\/p>\n<p>2. Art\u0131r\u0131lm\u0131\u015f Y\u00fck Ta\u015f\u0131ma Kapasitesi<\/p>\n<p>Ayarlanabilir \u00e7atal tipi silindirlerin temel avantajlar\u0131ndan biri, a\u011f\u0131r y\u00fckleri kolayl\u0131kla kald\u0131rabilmeleridir. Bu silindirler, y\u00fcksek bas\u0131n\u00e7lara dayanacak ve g\u00fc\u00e7l\u00fc kald\u0131rma kabiliyetleri sa\u011flayacak \u015fekilde tasarlanm\u0131\u015ft\u0131r. Bu silindirlerin geli\u015fmi\u015f tasar\u0131m\u0131 ve yap\u0131s\u0131, performans veya g\u00fcvenlikten \u00f6d\u00fcn vermeden a\u015f\u0131r\u0131 y\u00fckleri kald\u0131rmalar\u0131n\u0131 sa\u011flar.<\/p>\n<p>3. Hassas Konumland\u0131rma ve Kontrol<\/p>\n<p>Ayarlanabilir \u00e7atal tipi silindirler, hassas konumland\u0131rma ve kontrol sa\u011flamada m\u00fckemmeldir. Hassas ayarl\u0131 hidrolik sistemleri sayesinde bu silindirler, hassas ve ak\u0131c\u0131 hareket sa\u011flayarak y\u00fck \u00fczerinde hassas kontrol sa\u011flar. Bu kontrol seviyesi, malzeme ta\u015f\u0131ma ekipmanlar\u0131 veya end\u00fcstriyel makineler gibi hassas konumland\u0131rman\u0131n gerekli oldu\u011fu uygulamalarda kritik \u00f6neme sahiptir.<\/p>\n<p>4. Ola\u011fan\u00fcst\u00fc Dayan\u0131kl\u0131l\u0131k ve Uzun \u00d6m\u00fcr<\/p>\n<p>Ayarlanabilir \u00e7atal tipi silindirler de dahil olmak \u00fczere y\u00fcksek kaliteli \u00e7ift etkili kaynakl\u0131 hidrolik silindirler, uzun \u00f6m\u00fcrl\u00fc olacak \u015fekilde \u00fcretilmi\u015ftir. Bu silindirler, dayan\u0131kl\u0131 malzemelerden \u00fcretilmi\u015f olup, uzun \u00f6m\u00fcrl\u00fc ve g\u00fcvenilir olmalar\u0131n\u0131 sa\u011flamak i\u00e7in s\u0131k\u0131 kalite kontrol \u00f6nlemlerinden ge\u00e7mektedir. A\u015f\u0131r\u0131 s\u0131cakl\u0131klar, a\u011f\u0131r y\u00fckler ve s\u0131k kullan\u0131m gibi zorlu \u00e7al\u0131\u015fma ko\u015fullar\u0131na dayanacak \u015fekilde tasarlanm\u0131\u015f olup, performanslar\u0131ndan veya yap\u0131sal b\u00fct\u00fcnl\u00fcklerinden \u00f6d\u00fcn vermemektedirler.<\/p>\n<p>5. Geli\u015fmi\u015f Verimlilik ve Performans<\/p>\n<p>Ayarlanabilir \u00e7atal tipi silindirler, \u00e7e\u015fitli sistem ve uygulamalarda verimlili\u011fin ve performans\u0131n iyile\u015ftirilmesine katk\u0131da bulunur. Hassas kontrol ve g\u00fcvenilir \u00e7al\u0131\u015fma sa\u011flayarak bu silindirler, s\u00fcre\u00e7lerin sorunsuz ilerlemesine ve \u00fcretkenli\u011fin optimize edilmesine yard\u0131mc\u0131 olur. A\u011f\u0131r y\u00fckleri kald\u0131rabilme ve farkl\u0131 gereksinimlere uyum sa\u011flayabilme yetenekleri, sorunsuz ve verimli bir \u00e7al\u0131\u015fma sa\u011flayarak zamandan tasarruf sa\u011flar ve duru\u015f s\u00fcrelerini azalt\u0131r.<\/p>\n<p>Sonu\u00e7 olarak, sat\u0131\u015fa sunulan y\u00fcksek kaliteli \u00e7ift etkili kaynakl\u0131 hidrolik silindirler gibi ayarlanabilir \u00e7atal tipi silindirler, esneklik, y\u00fck ta\u015f\u0131ma kapasitesi, konumland\u0131rma, dayan\u0131kl\u0131l\u0131k ve verimlilik a\u00e7\u0131s\u0131ndan \u00e7e\u015fitli avantajlar sunar. Bu silindirler, en y\u00fcksek performans ve g\u00fcvenilirlik standartlar\u0131n\u0131 kar\u015f\u0131layacak \u015fekilde tasarlanm\u0131\u015ft\u0131r ve bu da onlar\u0131 \u00e7ok \u00e7e\u015fitli uygulamalar i\u00e7in m\u00fckemmel bir se\u00e7im haline getirir. \u0130ster malzeme ta\u015f\u0131ma ekipmanlar\u0131, ister end\u00fcstriyel makineler veya di\u011fer hidrolik sistemler olsun, ayarlanabilir \u00e7atal tipi silindirler optimum sonu\u00e7lar i\u00e7in gereken \u00e7ok y\u00f6nl\u00fcl\u00fc\u011f\u00fc ve performans\u0131 sa\u011flar.<img decoding=\"async\" src=\"https:\/\/fmp-components.com\/wp-content\/uploads\/2024\/12\/Adjustable-Clevis-Type-Cylinders5.webp\" alt=\"Ayarlanabilir \u00c7atal Tipi Silindir\" width=\"800\" title=\"\"><\/p>\n<h2>Ayarlanabilir \u00c7atal Tip Silindirlerin Uygulamas\u0131<\/h2>\n<p>Ayarlanabilir \u00e7atal tipi silindirler, \u00e7e\u015fitli end\u00fcstrilerde uygulama alan\u0131 bulan \u00e7ok y\u00f6nl\u00fc hidrolik bile\u015fenlerdir. Bu silindirlerin en yayg\u0131n kullan\u0131m alanlar\u0131ndan baz\u0131lar\u0131 \u015funlard\u0131r:<\/p>\n<ul>\n<li><strong>\u00dcretme:<\/strong> Ayarlanabilir \u00e7atal tipi silindirler, presleme, metal \u015fekillendirme ve tak\u0131m tezgah\u0131 gibi \u00fcretim s\u00fcre\u00e7lerinde yayg\u0131n olarak kullan\u0131l\u0131r. Kuvvet uygulamak, par\u00e7alar\u0131 yerinde tutmak ve hareketi kontrol etmek i\u00e7in kullan\u0131l\u0131rlar. Sat\u0131l\u0131k y\u00fcksek kaliteli \u00e7ift etkili kaynakl\u0131 hidrolik silindirler, y\u00fcksek bas\u0131nca dayanabilmeleri ve tutarl\u0131 performans sunmalar\u0131 nedeniyle \u00f6zellikle \u00fcretim ortamlar\u0131nda kullan\u0131\u015fl\u0131d\u0131r.<\/li>\n<li><strong>Yap\u0131:<\/strong> Ayarlanabilir \u00e7atal tipi silindirler, ekskavat\u00f6rler, buldozerler ve vin\u00e7ler gibi in\u015faat ekipmanlar\u0131nda da yayg\u0131n olarak kullan\u0131l\u0131r. Bu silindirler, a\u011f\u0131r makinelerin hareketini sa\u011flamak, y\u00fckleri kald\u0131r\u0131p indirmek ve \u00e7e\u015fitli ata\u015fmanlar\u0131 kontrol etmek i\u00e7in kullan\u0131l\u0131r. \u0130n\u015faat ortamlar\u0131nda dayan\u0131kl\u0131l\u0131k \u00e7ok \u00f6nemlidir, bu nedenle sat\u0131l\u0131k y\u00fcksek kaliteli \u00e7ift etkili kaynakl\u0131 hidrolik silindirler genellikle tercih edilir.<\/li>\n<li><strong>Tar\u0131m:<\/strong> Ayarlanabilir \u00e7atal tipi silindirler, trakt\u00f6r, bi\u00e7erd\u00f6ver ve saban gibi modern tar\u0131m ekipmanlar\u0131nda kritik bir rol oynar. Bu silindirler, sabanlar\u0131n ve di\u011fer ekipmanlar\u0131n hareketini kontrol etmek i\u00e7in kullan\u0131l\u0131r ve \u00e7ift\u00e7ilerin topra\u011f\u0131 daha verimli bir \u015fekilde s\u00fcrmelerini ve ekin ekmelerini sa\u011flar. Y\u00fcksek kaliteli \u00e7ift etkili kaynakl\u0131 hidrolik silindirler de g\u00fcvenilirlikleri ve dayan\u0131kl\u0131l\u0131klar\u0131 nedeniyle tar\u0131msal ortamlarda tercih edilmektedir.<\/li>\n<li><strong>Madencilik:<\/strong> Ayarlanabilir \u00e7atal tipi silindirler, matkap, ekskavat\u00f6r ve di\u011fer a\u011f\u0131r i\u015f makinelerine g\u00fc\u00e7 sa\u011flamak i\u00e7in kullan\u0131lan madencilik ekipmanlar\u0131nda olmazsa olmazd\u0131r. Bu silindirlerin a\u015f\u0131r\u0131 bas\u0131nca dayan\u0131kl\u0131 olmas\u0131 ve zorlu ortamlarda \u00e7al\u0131\u015fabilmesi gerekir; bu nedenle, sat\u0131\u015fta bulunan y\u00fcksek kaliteli \u00e7ift etkili kaynakl\u0131 hidrolik silindirler genellikle tercih edilir.<\/li>\n<li><strong>Toplu ta\u015f\u0131ma:<\/strong> Ayarlanabilir \u00e7atal tipi silindirler, ticari kamyonlar, otob\u00fcsler ve u\u00e7aklar gibi \u00e7e\u015fitli ula\u015f\u0131m uygulamalar\u0131nda da kullan\u0131lmaktad\u0131r. Bu silindirler, ini\u015f tak\u0131mlar\u0131, kap\u0131lar ve rampalar gibi \u00e7e\u015fitli bile\u015fenlere g\u00fc\u00e7 sa\u011flamak i\u00e7in kullan\u0131l\u0131r ve sorunsuz ve verimli bir \u00e7al\u0131\u015fma sa\u011flar. G\u00fcvenilirlik ve g\u00fcvenli\u011fin kritik \u00f6nem ta\u015f\u0131d\u0131\u011f\u0131 ula\u015f\u0131m ortamlar\u0131nda, y\u00fcksek kaliteli \u00e7ift etkili kaynakl\u0131 hidrolik silindirler sat\u0131\u015fa sunulmaktad\u0131r.<\/li>\n<\/ul>\n<p>Sonu\u00e7 olarak, ayarlanabilir \u00e7atal tipi silindirlerin uygulama alan\u0131 geni\u015f ve \u00e7e\u015fitlidir ve imalat, in\u015faat, tar\u0131m, madencilik ve ula\u015f\u0131m gibi alanlarda kullan\u0131l\u0131r. Bu silindirleri se\u00e7erken, her t\u00fcrl\u00fc ortamda optimum performans ve dayan\u0131kl\u0131l\u0131k sa\u011flamak i\u00e7in y\u00fcksek kaliteli \u00e7ift etkili kaynakl\u0131 hidrolik silindirleri tercih etmek \u00f6nemlidir.<img decoding=\"async\" src=\"https:\/\/fmp-components.com\/wp-content\/uploads\/2024\/12\/Application-of-Adjustable-Clevis-Type-Cylinders.webp\" alt=\"Ayarlanabilir \u00c7atal Tipi Silindir\" width=\"800\" title=\"\"><\/p>\n<h3>FMP \u2013 Hidrolik Silindir Hakk\u0131nda<\/h3>\n<p>FMP, in\u015faat makinesi par\u00e7alar\u0131 ve komple makine sat\u0131\u015f ve servisinde lider bir firmad\u0131r. Sekt\u00f6rde uzun y\u0131llara dayanan deneyime ve y\u00fcksek kaliteli ve g\u00fcvenilir in\u015faat makinesi par\u00e7alar\u0131 ve komple makine \u00e7\u00f6z\u00fcmleri sunan profesyonel uzmanlardan olu\u015fan bir ekibe sahibiz. Geni\u015f \u00fcr\u00fcn yelpazemiz aras\u0131nda tar\u0131m makinesi red\u00fckt\u00f6rleri, planet di\u015fli kutular\u0131, end\u00fcstriyel red\u00fckt\u00f6rler, tar\u0131m makinesi par\u00e7alar\u0131 ve bunlara uygun bir dizi \u00fcst d\u00fczey aksesuar bulunmaktad\u0131r. M\u00fc\u015fterilerimize en iyi \u00fcr\u00fcn ve hizmetleri sunmaya kararl\u0131y\u0131z. Hidrolik silindirler i\u00e7in FMP'yi se\u00e7meniz i\u00e7in baz\u0131 nedenler \u015funlard\u0131r:<\/p>\n<ol>\n<li><strong>Y\u00fcksek kaliteli ve g\u00fcvenilir \u00fcr\u00fcnler:<\/strong> FMP olarak \u00fcr\u00fcnlerimizin kalitesine \u00f6ncelik veriyoruz. D\u00fcnyan\u0131n d\u00f6rt bir yan\u0131ndaki y\u00fcksek kaliteli tedarik\u00e7ilerle uzun vadeli ve istikrarl\u0131 i\u015f birli\u011fi ili\u015fkileri kuruyoruz. Tedarik etti\u011fimiz t\u00fcm par\u00e7alar s\u0131k\u0131 kalite standartlar\u0131n\u0131 kar\u015f\u0131l\u0131yor.<\/li>\n<li><strong>Geni\u015f \u00fcr\u00fcn yelpazesi:<\/strong> Standart ve \u00f6zel silindirler de dahil olmak \u00fczere geni\u015f bir hidrolik silindir yelpazesi sunuyoruz. Ayarlanabilir \u00e7atal tipi silindirimiz, son derece dayan\u0131kl\u0131 ve farkl\u0131 ihtiya\u00e7lar\u0131 kar\u015f\u0131layacak \u015fekilde ayarlanabilir, pop\u00fcler bir \u00fcr\u00fcnd\u00fcr.<\/li>\n<li><strong>Profesyonel sat\u0131\u015f ekibi:<\/strong> Sat\u0131\u015f ekibimiz, in\u015faat makineleri sekt\u00f6r\u00fcnde deneyimli ve yeteneklidir. En son geli\u015fme trendlerini ve m\u00fc\u015fteri ihtiya\u00e7lar\u0131n\u0131 yak\u0131ndan takip eder, profesyonel \u00fcr\u00fcn dan\u0131\u015fmanl\u0131\u011f\u0131 ve ak\u0131ll\u0131 sat\u0131n alma \u00f6nerileri sunabilirler.<\/li>\n<li><strong>Verimli lojistik da\u011f\u0131t\u0131m:<\/strong> M\u00fc\u015fterilerimiz i\u00e7in zaman\u0131nda teslimat\u0131n ne kadar \u00f6nemli oldu\u011funun bilincindeyiz. Bu nedenle, m\u00fc\u015fterilerimizin ihtiya\u00e7 duyduklar\u0131 par\u00e7alar\u0131 zaman\u0131nda ve do\u011fru bir \u015fekilde alabilmelerini sa\u011flamak i\u00e7in verimli bir lojistik da\u011f\u0131t\u0131m sistemi kurduk.<\/li>\n<li><strong>Rekabet\u00e7i fiyatlar:<\/strong> FMP olarak, kaliteden \u00f6d\u00fcn vermeden rekabet\u00e7i fiyatlar sunuyoruz. M\u00fc\u015fterilerimize paralar\u0131n\u0131n kar\u015f\u0131l\u0131\u011f\u0131nda en iyi de\u011feri sunmay\u0131 hedefliyoruz.<\/li>\n<\/ol>\n<p><img decoding=\"async\" src=\"https:\/\/fmp-components.com\/wp-content\/uploads\/2024\/12\/Adjustable-Clevis-Type-Cylinders-6.webp\" alt=\"Ayarlanabilir \u00c7atal Tipi Silindir\" width=\"807\" title=\"\"><\/p>\n<p>M\u00fc\u015fterilerimize y\u00fcksek kaliteli \u00fcr\u00fcn ve hizmetler sunmaya kendimizi adad\u0131k ve hidrolik silindir ihtiya\u00e7lar\u0131n\u0131z\u0131 kar\u015f\u0131layabilece\u011fimizden eminiz. Daha fazla bilgi edinmek veya sipari\u015f vermek i\u00e7in bizimle ileti\u015fime ge\u00e7mekten \u00e7ekinmeyin.<\/p>\n<h2>SSS<\/h2>\n<p><strong>S: Hidrolik silindirler \u00f6zel gereksinimlere uyacak \u015fekilde \u00f6zelle\u015ftirilebilir mi?<\/strong><br \/>\nC: Evet, hidrolik silindirlerimiz i\u00e7in \u00f6zel ihtiya\u00e7lar\u0131n\u0131z\u0131 kar\u015f\u0131layacak \u00f6zelle\u015ftirme se\u00e7enekleri sunuyoruz.<\/p>\n<p><strong>S: Hidrolik silindirlerin garantisi ne kadard\u0131r?<\/strong><br \/>\nA: Hidrolik silindirlerimiz, temel bile\u015fenleri olan yataklar ve hidrolik silindir i\u00e7in bir y\u0131ll\u0131k garantiyle birlikte gelir.<\/p>\n<p><strong>S: Hidrolik silindirlerin teslimat s\u00fcresi nedir?<\/strong><br \/>\nA: Genellikle teslimat s\u00fcremiz sipari\u015f onay\u0131ndan sonra 25-35 g\u00fcnd\u00fcr.<\/p>\n<p><img decoding=\"async\" src=\"https:\/\/img.jiansujichilun.com\/img\/hydrauliccylinders\/T_hydrauliccylinders-5.webp\" alt=\"hidrolik silindir\" width=\"800\" title=\"\"><\/p>\n<p>Yazar\uff1a CX<\/p>","protected":false},"excerpt":{"rendered":"<p>High Quality Double Acting Welded Hydraulic Cylinders For Sale: Our High Quality Double Acting Welded Hydraulic Cylinders are the perfect solution for all your hydraulic power needs. These cylinders are designed to provide exceptional performance and reliability in a wide range of applications. With their double acting design, our hydraulic cylinders offer superior functionality and [&hellip;]<\/p>","protected":false},"featured_media":1338,"comment_status":"closed","ping_status":"closed","template":"","meta":{"_et_pb_use_builder":"","_et_pb_old_content":"","_et_gb_content_width":""},"product_brand":[],"product_cat":[39],"product_tag":[41,34],"class_list":{"0":"post-1345","1":"product","2":"type-product","3":"status-publish","4":"has-post-thumbnail","6":"product_cat-adjustable-clevis-type-cylinders","7":"product_tag-adjustable-clevis-type-cylinders","8":"product_tag-hydraulic-cylinder","10":"first","11":"instock","12":"product-type-simple"},"_links":{"self":[{"href":"https:\/\/fmp-components.com\/tr\/wp-json\/wp\/v2\/product\/1345","targetHints":{"allow":["GET"]}}],"collection":[{"href":"https:\/\/fmp-components.com\/tr\/wp-json\/wp\/v2\/product"}],"about":[{"href":"https:\/\/fmp-components.com\/tr\/wp-json\/wp\/v2\/types\/product"}],"replies":[{"embeddable":true,"href":"https:\/\/fmp-components.com\/tr\/wp-json\/wp\/v2\/comments?post=1345"}],"wp:featuredmedia":[{"embeddable":true,"href":"https:\/\/fmp-components.com\/tr\/wp-json\/wp\/v2\/media\/1338"}],"wp:attachment":[{"href":"https:\/\/fmp-components.com\/tr\/wp-json\/wp\/v2\/media?parent=1345"}],"wp:term":[{"taxonomy":"product_brand","embeddable":true,"href":"https:\/\/fmp-components.com\/tr\/wp-json\/wp\/v2\/product_brand?post=1345"},{"taxonomy":"product_cat","embeddable":true,"href":"https:\/\/fmp-components.com\/tr\/wp-json\/wp\/v2\/product_cat?post=1345"},{"taxonomy":"product_tag","embeddable":true,"href":"https:\/\/fmp-components.com\/tr\/wp-json\/wp\/v2\/product_tag?post=1345"}],"curies":[{"name":"wp","href":"https:\/\/api.w.org\/{rel}","templated":true}]}}