{"id":1341,"date":"2024-12-23T02:18:07","date_gmt":"2024-12-23T02:18:07","guid":{"rendered":"https:\/\/fmp-components.com\/product\/factory-price-mini-hydraulic-cylinders-piston-mini-hydraulic-cylinders\/"},"modified":"2024-12-23T03:49:52","modified_gmt":"2024-12-23T03:49:52","slug":"factory-price-mini-hydraulic-cylinders-piston-mini-hydraulic-cylinders","status":"publish","type":"product","link":"https:\/\/fmp-components.com\/tr\/product\/factory-price-mini-hydraulic-cylinders-piston-mini-hydraulic-cylinders\/","title":{"rendered":"Fabrika Fiyat\u0131 Mini Hidrolik Silindirler Piston Mini Hidrolik Silindirler"},"content":{"rendered":"<p>Fabrika Fiyatl\u0131 Mini Hidrolik Silindirler Pistonlu Mini Hidrolik Silindirler, \u00e7e\u015fitli end\u00fcstriyel uygulamalar i\u00e7in uygun maliyetli bir \u00e7\u00f6z\u00fcm sunar. Bu hidrolik silindirler kompakt, dayan\u0131kl\u0131 ve y\u00fcksek performans sunar.<\/p>\n<p>Pistonlu mini hidrolik silindirler, hidrolik s\u0131v\u0131 bas\u0131nc\u0131ndan do\u011frusal kuvvet ve hareket \u00fcretmek \u00fczere tasarlanm\u0131\u015ft\u0131r. \u00c7e\u015fitli ihtiya\u00e7lara cevap verebilmek i\u00e7in \u00e7e\u015fitli boyutlarda, strok uzunluklar\u0131nda ve delik \u00e7aplar\u0131nda mevcuttur. Bu silindirler, in\u015faat makineleri, tar\u0131m ekipmanlar\u0131 ve di\u011fer end\u00fcstriyel uygulamalarda kullan\u0131m i\u00e7in idealdir.<\/p>\n<p>Fabrika Fiyatl\u0131 Mini Hidrolik Silindirler Piston Mini Hidrolik Silindirler, g\u00fcvenilirlik ve uzun \u00f6m\u00fcr sa\u011flamak i\u00e7in y\u00fcksek kaliteli malzemelerden \u00fcretilmi\u015ftir. Silindirler, y\u00fcksek bas\u0131nca ve a\u011f\u0131r y\u00fcklere dayanacak \u015fekilde tasarlanm\u0131\u015ft\u0131r ve bu da onlar\u0131 zorlu ortamlarda kullan\u0131m i\u00e7in ideal hale getirir.<\/p>\n<p>Sonu\u00e7 olarak, end\u00fcstriyel uygulamalar\u0131n\u0131z i\u00e7in g\u00fcvenilir ve uygun maliyetli bir \u00e7\u00f6z\u00fcm ar\u0131yorsan\u0131z, Fabrika Fiyatl\u0131 Mini Hidrolik Silindirler Pistonlu Mini Hidrolik Silindirler m\u00fckemmel bir se\u00e7imdir. Kompakt tasar\u0131mlar\u0131, dayan\u0131kl\u0131l\u0131klar\u0131 ve y\u00fcksek performanslar\u0131, onlar\u0131 \u00e7ok \u00e7e\u015fitli uygulamalar i\u00e7in m\u00fckemmel bir se\u00e7im haline getirir.<\/p>\n<p><img loading=\"lazy\" decoding=\"async\" class=\"alignnone size-full wp-image-1334\" src=\"https:\/\/fmp-components.com\/wp-content\/uploads\/2024\/12\/Adjustable-Clevis-Type-Cylinders-4.webp\" alt=\"Ayarlanabilir-\u00c7ember-Tipi-Silindirler\" width=\"800\" height=\"800\" title=\"\" srcset=\"https:\/\/fmp-components.com\/wp-content\/uploads\/2024\/12\/Adjustable-Clevis-Type-Cylinders-4.webp 800w, https:\/\/fmp-components.com\/wp-content\/uploads\/2024\/12\/Adjustable-Clevis-Type-Cylinders-4-480x480.webp 480w\" sizes=\"(min-width: 0px) and (max-width: 480px) 480px, (min-width: 481px) 800px, 100vw\" \/><\/p>\n<table style=\"width: 100%;\" border=\"1\" width=\"100%\" cellspacing=\"0\" cellpadding=\"0\">\n<tbody>\n<tr>\n<th>\u00dcr\u00fcn Ad\u0131<\/th>\n<td>Mini Hidrolik Silindirler<\/td>\n<\/tr>\n<tr>\n<th>Durum<\/th>\n<td>Yeni<\/td>\n<\/tr>\n<tr>\n<th>Fiyat<\/th>\n<td>Fabrika Fiyat\u0131<\/td>\n<\/tr>\n<tr>\n<th>G\u00fc\u00e7 Kayna\u011f\u0131<\/th>\n<td>Hidrolik<\/td>\n<\/tr>\n<tr>\n<th>G\u00f6vde Malzemesi<\/th>\n<td>Sa\u011flam \u00c7elik<\/td>\n<\/tr>\n<tr>\n<th>Maksimum \u0130tki<\/th>\n<td>3000<\/td>\n<\/tr>\n<tr>\n<th>Maksimum \u00c7ekme<\/th>\n<td>20 ton<\/td>\n<\/tr>\n<tr>\n<th>Tip<\/th>\n<td>Ayarlanabilir \u00c7atal Tipi Silindir<\/td>\n<\/tr>\n<tr>\n<th>Limanlar<\/th>\n<td>G\/SAE\/NPT\/M<\/td>\n<\/tr>\n<tr>\n<th>Delik Boyutu<\/th>\n<td>2 \u2013 6 in\u00e7<\/td>\n<\/tr>\n<tr>\n<th>\u00c7ubuk Boyutu<\/th>\n<td>1,125 \u2013 4 in\u00e7<\/td>\n<\/tr>\n<tr>\n<th>Vuru\u015f Boyutu<\/th>\n<td>4 \u2013 100 in\u00e7<\/td>\n<\/tr>\n<tr>\n<th>Pin Boyutu<\/th>\n<td>0,5 \u2013 2 in\u00e7<\/td>\n<\/tr>\n<tr>\n<th>Renk<\/th>\n<td>\u015e\u0131k Siyah<\/td>\n<\/tr>\n<tr>\n<th>Sertifikasyon<\/th>\n<td>ISO 9001:2000<\/td>\n<\/tr>\n<tr>\n<th>Paketleme Se\u00e7enekleri<\/th>\n<td>Demir kasa, kontrplak kasa veya karton kutu<\/td>\n<\/tr>\n<tr>\n<th>Uygulanabilir End\u00fcstriler<\/th>\n<td>Makine Tamir At\u00f6lyeleri, \u00c7iftlikler, Enerji ve Madencilik, Makine \u00dcretimi, Makine Fabrikalar\u0131<\/td>\n<\/tr>\n<\/tbody>\n<\/table>\n<p>&nbsp;<\/p>\n<h2>Ayarlanabilir \u00c7atal Tipi Silindirlerin Avantajlar\u0131<\/h2>\n<p>Fabrika Fiyatl\u0131 Mini Hidrolik Silindirler Pistonlu Mini Hidrolik Silindirler gibi ayarlanabilir \u00e7atal tipi silindirler, benzersiz tasar\u0131mlar\u0131 ve i\u015flevsellikleri sayesinde \u00e7e\u015fitli uygulamalarda say\u0131s\u0131z avantaj sunar. Bu makalede, bu silindirlerin temel avantajlar\u0131n\u0131 inceleyecek ve ayr\u0131nt\u0131l\u0131 a\u00e7\u0131klamalar\u0131na de\u011finece\u011fiz.<\/p>\n<h3>1. Geli\u015fmi\u015f Esneklik ve \u00d6zelle\u015ftirme<\/h3>\n<p>Ayarlanabilir \u00e7atal tipi silindirlerin temel avantajlar\u0131ndan biri, geli\u015fmi\u015f esneklik ve \u00f6zelle\u015ftirme se\u00e7enekleri sunmalar\u0131d\u0131r. Bu silindirler, kullan\u0131c\u0131lar\u0131n montaj konumunu ve a\u00e7\u0131s\u0131n\u0131 kendi \u00f6zel gereksinimlerine g\u00f6re kolayca de\u011fi\u015ftirebilmelerini sa\u011flayan ayarlanabilir \u00e7atal ba\u011flant\u0131 par\u00e7alar\u0131yla tasarlanm\u0131\u015ft\u0131r. Bu esneklik, silindirlerin \u00e7ok \u00e7e\u015fitli uygulamalara sorunsuz bir \u015fekilde entegre edilmesini sa\u011flayarak optimum performans ve verimlilik sa\u011flar.<\/p>\n<h3>2. Hassas Vuru\u015f Ayarlamalar\u0131<\/h3>\n<p>Ayarlanabilir \u00e7atal tipi silindirler, hassas strok ayarlar\u0131n\u0131n gerekli oldu\u011fu uygulamalarda m\u00fckemmeldir. Bu silindirler, silindirin strok uzunlu\u011funun hassas bir \u015fekilde ayarlanmas\u0131n\u0131 sa\u011flayan di\u015fli bir \u00e7atala sahiptir. Bu kontrol seviyesi, hassas hareket ve konumland\u0131rma sa\u011flayarak, y\u00fcksek hassasiyet ve do\u011fruluk gerektiren g\u00f6revler i\u00e7in idealdir.<\/p>\n<h3>3. Artt\u0131r\u0131lm\u0131\u015f Y\u00fck Ta\u015f\u0131ma Kapasitesi<\/h3>\n<p>Sa\u011flam yap\u0131lar\u0131 ve geli\u015fmi\u015f tasar\u0131mlar\u0131yla ayarlanabilir \u00e7atal tipi silindirler, di\u011fer silindir tiplerine k\u0131yasla daha y\u00fcksek y\u00fck ta\u015f\u0131ma kapasitesi sunar. Bu silindirler, a\u011f\u0131r y\u00fcklere ve zorlu \u00e7al\u0131\u015fma ko\u015fullar\u0131na dayanacak \u015fekilde tasarlanm\u0131\u015ft\u0131r ve bu sayede y\u00fcksek kald\u0131rma veya itme kuvvetleri gerektiren zorlu uygulamalar i\u00e7in uygundur. G\u00fcvenilir performanslar\u0131 ve dayan\u0131kl\u0131l\u0131klar\u0131, onlar\u0131 in\u015faat, imalat ve malzeme ta\u015f\u0131ma gibi sekt\u00f6rlerde tercih edilen bir se\u00e7enek haline getirir.<\/p>\n<h3>4. Geli\u015fmi\u015f G\u00fcvenlik \u00d6nlemleri<\/h3>\n<p>Ayarlanabilir \u00e7atal tipi silindirler, \u00e7al\u0131\u015fma s\u0131ras\u0131nda g\u00fcvenli\u011fi \u00f6n planda tutar. Genellikle, a\u015f\u0131r\u0131 y\u00fck veya bas\u0131n\u00e7 durumunda silindire ve di\u011fer bile\u015fenlere zarar gelmesini \u00f6nleyen a\u015f\u0131r\u0131 y\u00fck koruma valfleri gibi g\u00fcvenlik \u00f6zellikleriyle donat\u0131lm\u0131\u015ft\u0131r. Ayr\u0131ca, bu silindirler m\u00fckemmel stabilite ve d\u0131\u015f darbelere kar\u015f\u0131 diren\u00e7 g\u00f6stererek kaza veya ekipman ar\u0131zas\u0131 riskini azalt\u0131r.<\/p>\n<h3>5. Verimli Enerji T\u00fcketimi<\/h3>\n<p>Ayarlanabilir \u00e7atal tipi silindirlerin bir di\u011fer \u00f6nemli avantaj\u0131 da verimli enerji t\u00fcketimleridir. Bu silindirler, i\u00e7 ak\u0131\u015f yollar\u0131n\u0131 optimize ederek ve s\u00fcrt\u00fcnmeyi azaltarak enerji kay\u0131plar\u0131n\u0131 en aza indirecek \u015fekilde tasarlanm\u0131\u015ft\u0131r. Bu enerji tasarruflu \u00e7al\u0131\u015fma, yaln\u0131zca i\u015fletme maliyetlerini d\u00fc\u015f\u00fcrmekle kalmaz, ayn\u0131 zamanda daha ye\u015fil ve daha s\u00fcrd\u00fcr\u00fclebilir bir \u00e7evreye de katk\u0131da bulunur.<\/p>\n<p>Fabrika Fiyatl\u0131 Mini Hidrolik Silindirler Pistonlu Mini Hidrolik Silindirler gibi ayarlanabilir \u00e7atal tipi silindirler, onlar\u0131 \u00e7e\u015fitli uygulamalar i\u00e7in de\u011ferli bir se\u00e7enek haline getiren bir\u00e7ok avantaj sunar. Geli\u015fmi\u015f esneklikleri, hassas strok ayarlar\u0131, art\u0131r\u0131lm\u0131\u015f y\u00fck ta\u015f\u0131ma kapasiteleri, geli\u015fmi\u015f g\u00fcvenlik \u00f6nlemleri ve verimli enerji t\u00fcketimleri, onlar\u0131 di\u011fer silindir tiplerinden ay\u0131r\u0131r. Bu silindirleri projelerinize dahil ederek optimum performans, geli\u015fmi\u015f \u00fcretkenlik ve maliyet etkinli\u011fi elde edebilirsiniz.<\/p>\n<p><img decoding=\"async\" src=\"https:\/\/fmp-components.com\/wp-content\/uploads\/2024\/12\/Adjustable-Clevis-Type-Cylinders5.webp\" alt=\"Ayarlanabilir \u00c7atal Tipi Silindir\" width=\"800\" title=\"\"><\/p>\n<h2>Ayarlanabilir \u00c7atal Tip Silindirlerin Uygulamas\u0131<\/h2>\n<p>Ayarlanabilir \u00c7atal Tipi Silindirler, \u00e7e\u015fitli end\u00fcstrilerde geni\u015f uygulama yelpazesine sahip \u00e7ok y\u00f6nl\u00fc hidrolik cihazlard\u0131r. Bu silindirlerin ba\u015fl\u0131ca uygulama alanlar\u0131ndan baz\u0131lar\u0131 \u015funlard\u0131r:<\/p>\n<p>1. <strong>\u0130n\u015faat Sekt\u00f6r\u00fc<\/strong><br \/>\nAyarlanabilir \u00c7atal Tipi Silindirler, in\u015faat sekt\u00f6r\u00fcnde a\u011f\u0131r y\u00fckleri kald\u0131rma ve ta\u015f\u0131ma gibi a\u011f\u0131r hizmet uygulamalar\u0131nda yayg\u0131n olarak kullan\u0131lmaktad\u0131r. Bu silindirler, kaz\u0131, delme ve y\u0131k\u0131m gibi g\u00f6revleri ger\u00e7ekle\u015ftirmek i\u00e7in idealdir. Hassas kontrol ve kald\u0131rma g\u00fcc\u00fc sa\u011flama yetenekleri, onlar\u0131 bu sekt\u00f6rde pop\u00fcler bir tercih haline getirmektedir. Ayr\u0131ca, zorlu ortamlara ve a\u015f\u0131nmaya kar\u015f\u0131 dayan\u0131kl\u0131l\u0131klar\u0131 onlar\u0131 son derece dayan\u0131kl\u0131 k\u0131lar ve bu da onlar\u0131 zorlu in\u015faat uygulamalar\u0131 i\u00e7in ideal k\u0131lar.<\/p>\n<p>2. <strong>\u00dcretim Sanayi<\/strong><br \/>\nAyarlanabilir \u00c7atal Tipi Silindirlerin yayg\u0131n olarak kullan\u0131ld\u0131\u011f\u0131 bir di\u011fer sekt\u00f6r de imalat sekt\u00f6r\u00fcd\u00fcr. Bu silindirler, konvey\u00f6r bantlar\u0131, presler ve kesme makineleri de dahil olmak \u00fczere \u00e7ok \u00e7e\u015fitli \u00fcretim ekipmanlar\u0131na g\u00fc\u00e7 sa\u011flamak i\u00e7in kullan\u0131l\u0131r. Bu silindirlerin uzunlu\u011funun ayarlanabilmesi, hassas hareket ve kontrol gerektiren \u00fcretim ekipmanlar\u0131nda kullan\u0131m i\u00e7in idealdir. Ayr\u0131ca, kompakt boyutlar\u0131 sayesinde dar alanlara kolayca monte edilebilirler.<\/p>\n<p>3. <strong>Tar\u0131m Sanayi<\/strong><br \/>\nTar\u0131m sekt\u00f6r\u00fc de Ayarlanabilir \u00c7atal Tipi Silindirlerin \u00f6nemli bir kullan\u0131c\u0131s\u0131d\u0131r. Bu silindirler, trakt\u00f6r ve bi\u00e7erd\u00f6ver gibi tar\u0131m ekipmanlar\u0131nda yayg\u0131n olarak kullan\u0131lmaktad\u0131r. Hareket ve kuvvet \u00fczerinde hassas kontrol sa\u011flama yetene\u011fi, bu silindirleri s\u00fcrme, ekim ve hasat gibi i\u015fler i\u00e7in ideal hale getirir. Bu silindirlerin kompakt boyutlar\u0131, tar\u0131m ekipmanlar\u0131na kolayca monte edilmelerini sa\u011flayarak sekt\u00f6rdeki \u00e7ok y\u00f6nl\u00fcl\u00fcklerini art\u0131r\u0131r.<\/p>\n<p>4. <strong>Ula\u015ft\u0131rma End\u00fcstrisi<\/strong><br \/>\nUla\u015ft\u0131rma sekt\u00f6r\u00fc de \u00e7e\u015fitli uygulamalarda Ayarlanabilir \u00c7atal Tipi Silindirler kullanmaktad\u0131r. Bu silindirler, kamyon ve otob\u00fcs gibi ara\u00e7lar\u0131n s\u00fcspansiyon sistemlerinde kullan\u0131larak yolculara yumu\u015fak ve konforlu bir s\u00fcr\u00fc\u015f sa\u011flar. Ayr\u0131ca, vin\u00e7 ve ekskavat\u00f6r gibi a\u011f\u0131r hizmet tipi ara\u00e7lar\u0131n hidrolik sistemlerinde de kullan\u0131lan bu silindirler, ara\u00e7lar\u0131n g\u00f6revlerini yerine getirmeleri i\u00e7in gereken kald\u0131rma g\u00fcc\u00fcn\u00fc sa\u011flar.<\/p>\n<p>Sonu\u00e7 olarak, Ayarlanabilir \u00c7atal Tipi Silindirler, \u00e7e\u015fitli end\u00fcstrilerde yayg\u0131n olarak kullan\u0131lan \u00e7ok y\u00f6nl\u00fc hidrolik cihazlard\u0131r. Hassas kontrol ve kald\u0131rma g\u00fcc\u00fc sa\u011flama kabiliyetleri, dayan\u0131kl\u0131l\u0131klar\u0131 ve kompakt boyutlar\u0131, onlar\u0131 do\u011fruluk ve g\u00fcvenilirli\u011fin kritik \u00f6nem ta\u015f\u0131d\u0131\u011f\u0131 a\u011f\u0131r hizmet uygulamalar\u0131 i\u00e7in ideal hale getirir. Fabrika Fiyatl\u0131 Mini Hidrolik Silindirler Pistonlu Mini Hidrolik Silindirler ile bu silindirler, \u00e7ok \u00e7e\u015fitli hidrolik uygulamalar i\u00e7in uygun fiyatl\u0131 ve etkili bir \u00e7\u00f6z\u00fcm sunar.<img decoding=\"async\" src=\"https:\/\/fmp-components.com\/wp-content\/uploads\/2024\/12\/Application-of-Adjustable-Clevis-Type-Cylinders.webp\" alt=\"Ayarlanabilir \u00c7atal Tipi Silindir\" width=\"800\" title=\"\"><\/p>\n<h3>FMP \u2013 Hidrolik Silindir Hakk\u0131nda<\/h3>\n<p><img decoding=\"async\" src=\"https:\/\/fmp-components.com\/wp-content\/uploads\/2024\/12\/Adjustable-Clevis-Type-Cylinders-6.webp\" alt=\"Ayarlanabilir \u00c7atal Tipi Silindir\" width=\"803\" title=\"\"><\/p>\n<p>FMP olarak, Hidrolik Silindir \u00fcretimi ve sat\u0131\u015f\u0131 konusunda uzmanla\u015f\u0131yoruz. Kapsaml\u0131 sekt\u00f6r deneyimimiz ve profesyonel ekibimizle, m\u00fc\u015fterilerimize y\u00fcksek kaliteli ve g\u00fcvenilir \u00fcr\u00fcnler sunmay\u0131 hedefliyoruz. Hidrolik Silindirlerimizi tercih etmenin be\u015f temel avantaj\u0131 \u015funlard\u0131r:<\/p>\n<p>1. \u00dcst\u00fcn Kalite: Hidrolik Silindirlerimiz, \u00fcst\u00fcn performans ve dayan\u0131kl\u0131l\u0131k sa\u011flayan en \u00fcst d\u00fczey malzemeler ve ileri teknoloji kullan\u0131larak \u00fcretilmektedir. En y\u00fcksek standartlar\u0131 kar\u015f\u0131lamak ve m\u00fc\u015fteri beklentilerini a\u015fmak i\u00e7in kaliteye \u00f6ncelik veriyoruz.<\/p>\n<p>2. Geni\u015f Se\u00e7enek Yelpazesi: \u00c7e\u015fitli ihtiya\u00e7lar\u0131n\u0131z\u0131 kar\u015f\u0131lamak i\u00e7in geni\u015f bir Hidrolik Silindir yelpazesi sunuyoruz. \u0130ster tek etkili ister \u00e7ift etkili silindirler, ister teleskopik silindirler veya \u00f6zel tasar\u0131mlar olsun, \u00f6zel ihtiya\u00e7lar\u0131n\u0131z i\u00e7in m\u00fckemmel bir \u00e7\u00f6z\u00fcm\u00fcm\u00fcz var.<\/p>\n<p>3. Uzman Dan\u0131\u015fmanl\u0131\u011f\u0131: Deneyimli sat\u0131\u015f ekibimiz, in\u015faat makineleri sekt\u00f6r\u00fcnde derinlemesine bilgi sahibidir. En son geli\u015fme trendleri ve m\u00fc\u015fteri ihtiya\u00e7lar\u0131 konusunda uzman olan ekibimiz, profesyonel \u00fcr\u00fcn dan\u0131\u015fmanl\u0131\u011f\u0131 sunabilmelerini sa\u011flar. Bilin\u00e7li kararlar alman\u0131za ve uygulamalar\u0131n\u0131z i\u00e7in do\u011fru Hidrolik Silindiri se\u00e7menize yard\u0131mc\u0131 olmaya kararl\u0131y\u0131z.<\/p>\n<p>4. Verimli Lojistik: Zaman\u0131nda teslimat\u0131n \u00f6neminin fark\u0131nday\u0131z. Verimli lojistik da\u011f\u0131t\u0131m sistemimizle, sipari\u015f etti\u011finiz Hidrolik Silindirlerin size zaman\u0131nda teslim edilmesini sa\u011fl\u0131yoruz. G\u00fcvenilir ve do\u011fru teslimat s\u00fcrecimiz, ihtiya\u00e7 duydu\u011funuz par\u00e7alar\u0131 tam olarak ihtiya\u00e7 duydu\u011funuz anda alman\u0131z\u0131 garanti eder.<\/p>\n<p>5. G\u00fcvenilir Ortakl\u0131klar: FMP, hem yurt i\u00e7inde hem de yurt d\u0131\u015f\u0131nda y\u00fcksek kaliteli tedarik\u00e7ilerle uzun vadeli ve istikrarl\u0131 ili\u015fkiler kurmu\u015ftur. Bu sayede, Hidrolik Silindirlerimiz i\u00e7in yaln\u0131zca en iyi bile\u015fenleri tedarik edebilir ve her par\u00e7an\u0131n s\u0131k\u0131 kalite standartlar\u0131n\u0131 kar\u015f\u0131lamas\u0131n\u0131 sa\u011flayabiliriz. Size en y\u00fcksek d\u00fczeyde memnuniyet sa\u011flamak i\u00e7in ortakl\u0131klar\u0131m\u0131zda g\u00fcvenilirli\u011fe \u00f6ncelik veriyoruz.<\/p>\n<p>Hidrolik Silindir ihtiya\u00e7lar\u0131n\u0131z i\u00e7in FMP'yi se\u00e7in ve sundu\u011fumuz m\u00fckemmelli\u011fi deneyimleyin. \u0130htiya\u00e7lar\u0131n\u0131z\u0131 g\u00f6r\u00fc\u015fmek ve ba\u015far\u0131l\u0131 bir i\u015f birli\u011fi ba\u015flatmak i\u00e7in bug\u00fcn bizimle ileti\u015fime ge\u00e7in.<\/p>\n<p>Yazar\uff1a CX<\/p>","protected":false},"excerpt":{"rendered":"<p>Factory Price Mini Hydraulic Cylinders Piston Mini Hydraulic Cylinders provide a cost-effective solution for various industrial applications. These hydraulic cylinders are compact, durable and offer high performance. The piston mini hydraulic cylinders are designed to generate linear force and motion from hydraulic fluid pressure. They are available in various sizes, stroke lengths, and bore diameters [&hellip;]<\/p>","protected":false},"featured_media":1336,"comment_status":"closed","ping_status":"closed","template":"","meta":{"_et_pb_use_builder":"","_et_pb_old_content":"","_et_gb_content_width":""},"product_brand":[],"product_cat":[39],"product_tag":[41,34],"class_list":{"0":"post-1341","1":"product","2":"type-product","3":"status-publish","4":"has-post-thumbnail","6":"product_cat-adjustable-clevis-type-cylinders","7":"product_tag-adjustable-clevis-type-cylinders","8":"product_tag-hydraulic-cylinder","10":"first","11":"instock","12":"product-type-simple"},"_links":{"self":[{"href":"https:\/\/fmp-components.com\/tr\/wp-json\/wp\/v2\/product\/1341","targetHints":{"allow":["GET"]}}],"collection":[{"href":"https:\/\/fmp-components.com\/tr\/wp-json\/wp\/v2\/product"}],"about":[{"href":"https:\/\/fmp-components.com\/tr\/wp-json\/wp\/v2\/types\/product"}],"replies":[{"embeddable":true,"href":"https:\/\/fmp-components.com\/tr\/wp-json\/wp\/v2\/comments?post=1341"}],"wp:featuredmedia":[{"embeddable":true,"href":"https:\/\/fmp-components.com\/tr\/wp-json\/wp\/v2\/media\/1336"}],"wp:attachment":[{"href":"https:\/\/fmp-components.com\/tr\/wp-json\/wp\/v2\/media?parent=1341"}],"wp:term":[{"taxonomy":"product_brand","embeddable":true,"href":"https:\/\/fmp-components.com\/tr\/wp-json\/wp\/v2\/product_brand?post=1341"},{"taxonomy":"product_cat","embeddable":true,"href":"https:\/\/fmp-components.com\/tr\/wp-json\/wp\/v2\/product_cat?post=1341"},{"taxonomy":"product_tag","embeddable":true,"href":"https:\/\/fmp-components.com\/tr\/wp-json\/wp\/v2\/product_tag?post=1341"}],"curies":[{"name":"wp","href":"https:\/\/api.w.org\/{rel}","templated":true}]}}