{"id":1339,"date":"2024-12-23T02:18:07","date_gmt":"2024-12-23T02:18:07","guid":{"rendered":"https:\/\/fmp-components.com\/product\/quality-assurance-10-ton-hydraulic-cylinder-welded-hydraulic-cylinder-for-sale\/"},"modified":"2024-12-23T03:50:08","modified_gmt":"2024-12-23T03:50:08","slug":"quality-assurance-10-ton-hydraulic-cylinder-welded-hydraulic-cylinder-for-sale","status":"publish","type":"product","link":"https:\/\/fmp-components.com\/tr\/product\/quality-assurance-10-ton-hydraulic-cylinder-welded-hydraulic-cylinder-for-sale\/","title":{"rendered":"Kalite G\u00fcvencesi 10 Tonluk Kaynakl\u0131 Hidrolik Silindir Sat\u0131l\u0131k"},"content":{"rendered":"<h2>Sat\u0131l\u0131k 10 Tonluk Kaynakl\u0131 Hidrolik Silindiri Tan\u0131t\u0131yoruz:<\/h2>\n<p>10 Tonluk Kaynakl\u0131 Hidrolik Silindir, \u00e7e\u015fitli end\u00fcstriyel uygulamalar i\u00e7in tasarlanm\u0131\u015f y\u00fcksek kaliteli bir \u00fcr\u00fcnd\u00fcr. Ola\u011fan\u00fcst\u00fc performans ve dayan\u0131kl\u0131l\u0131k sunan bu hidrolik silindir, a\u011f\u0131r hizmet tipi g\u00f6revler i\u00e7in g\u00fcvenilir bir se\u00e7imdir.<\/p>\n<p>Temel \u00d6zellikler:<br \/>\n1. Y\u00fcksek Kaliteli Yap\u0131: Hidrolik silindir, uzun \u00f6m\u00fcrl\u00fcl\u00fck ve a\u015f\u0131nma ve y\u0131pranmaya kar\u015f\u0131 diren\u00e7 sa\u011flamak i\u00e7in en kaliteli malzemeler kullan\u0131larak hassas bir \u015fekilde \u00fcretilmi\u015ftir.<br \/>\n2. Sa\u011flam ve G\u00fcvenilir: Maksimum 10 ton y\u00fck kapasitesine sahip olan bu hidrolik silindir, a\u011f\u0131r y\u00fckleri zahmetsizce kald\u0131rarak verimli ve g\u00fcvenilir bir performans sunar.<br \/>\n3. Kaynakl\u0131 Tasar\u0131m: Kaynakl\u0131 tasar\u0131m, silindirin yap\u0131sal b\u00fct\u00fcnl\u00fc\u011f\u00fcn\u00fc art\u0131rarak y\u00fcksek bas\u0131nca ve zorlu \u00e7al\u0131\u015fma ko\u015fullar\u0131na dayanabilmesini sa\u011flar.<br \/>\n4. Sorunsuz \u00c7al\u0131\u015fma: Geli\u015fmi\u015f hidrolik teknolojisiyle donat\u0131lan bu silindir, sorunsuz ve hassas \u00e7al\u0131\u015fma sa\u011flayarak hassas kontrol ve manevra kabiliyeti sa\u011flar.<br \/>\n5. \u00c7ok Y\u00f6nl\u00fc Uygulamalar: 10 Tonluk Hidrolik Silindir Kaynakl\u0131 Hidrolik Silindir, kald\u0131rma ekipmanlar\u0131, in\u015faat makineleri ve end\u00fcstriyel otomasyon sistemleri dahil olmak \u00fczere \u00e7ok \u00e7e\u015fitli uygulamalar i\u00e7in uygundur.<\/p>\n<p><img loading=\"lazy\" decoding=\"async\" class=\"alignnone size-full wp-image-1334\" src=\"https:\/\/fmp-components.com\/wp-content\/uploads\/2024\/12\/Adjustable-Clevis-Type-Cylinders-4.webp\" alt=\"Ayarlanabilir-\u00c7ember-Tipi-Silindirler\" width=\"800\" height=\"800\" title=\"\" srcset=\"https:\/\/fmp-components.com\/wp-content\/uploads\/2024\/12\/Adjustable-Clevis-Type-Cylinders-4.webp 800w, https:\/\/fmp-components.com\/wp-content\/uploads\/2024\/12\/Adjustable-Clevis-Type-Cylinders-4-480x480.webp 480w\" sizes=\"(min-width: 0px) and (max-width: 480px) 480px, (min-width: 481px) 800px, 100vw\" \/><\/p>\n<p>Neden 10 Tonluk Kaynakl\u0131 Hidrolik Silindiri Se\u00e7melisiniz:<br \/>\n1. \u00dcst\u00fcn Kalite: Bu hidrolik silindir, ola\u011fan\u00fcst\u00fc kalite ve g\u00fcvenilirlik sa\u011flayarak en y\u00fcksek end\u00fcstri standartlar\u0131na g\u00f6re \u00fcretilmi\u015ftir.<br \/>\n2. Geli\u015fmi\u015f Verimlilik: Silindirin geli\u015fmi\u015f tasar\u0131m\u0131 ve teknolojisi, performans\u0131 ve verimlili\u011fi optimize ederek, duru\u015f s\u00fcresini en aza indirir ve \u00fcretkenli\u011fi en \u00fcst d\u00fczeye \u00e7\u0131kar\u0131r.<br \/>\n3. Maliyet Etkin \u00c7\u00f6z\u00fcm: Uzun kullan\u0131m \u00f6mr\u00fc ve d\u00fc\u015f\u00fck bak\u0131m gereksinimi ile bu hidrolik silindir \u00e7e\u015fitli end\u00fcstriler i\u00e7in maliyet etkin bir \u00e7\u00f6z\u00fcm sunmaktad\u0131r.<br \/>\n4. G\u00fcvenilir Marka: 10 Tonluk Hidrolik Silindir Kaynakl\u0131 Hidrolik Silindir, y\u00fcksek kaliteli hidrolik ekipman \u00fcretimiyle bilinen sayg\u0131n bir \u00fcretici taraf\u0131ndan \u00fcretilmektedir.<\/p>\n<p>Sonu\u00e7 olarak, 10 Tonluk Kaynakl\u0131 Hidrolik Silindir, g\u00fcvenilir performans, dayan\u0131kl\u0131l\u0131k ve \u00e7ok y\u00f6nl\u00fcl\u00fck sunan birinci s\u0131n\u0131f bir \u00fcr\u00fcnd\u00fcr. \u0130ster a\u011f\u0131r kald\u0131rma, ister in\u015faat veya end\u00fcstriyel otomasyon i\u00e7in olsun, bu hidrolik silindir m\u00fckemmel bir se\u00e7imdir.<\/p>\n<p>En y\u00fcksek kalite g\u00fcvence standartlar\u0131n\u0131 sunan yeni 10 Tonluk Hidrolik Silindirimizi ke\u015ffedin. Bu kaynakl\u0131 hidrolik silindir, makine tamir at\u00f6lyeleri, \u00e7iftlikler, enerji ve madencilik ve makine imalat\u0131 dahil olmak \u00fczere \u00e7e\u015fitli sekt\u00f6rlerde kullan\u0131m i\u00e7in idealdir. 30 KG a\u011f\u0131rl\u0131\u011f\u0131ndaki \u00fcr\u00fcn, video \u00e7\u0131k\u0131\u015f muayene ve makine test raporuyla birlikte sunulmaktad\u0131r. 2023 y\u0131l\u0131 i\u00e7in yeni \u00fcr\u00fcn serimizin bir par\u00e7as\u0131 olan bu \u00fcr\u00fcn, en son teknoloji ve tasar\u0131m\u0131 garanti etmektedir. Temel bile\u015fenleri aras\u0131nda 1 y\u0131l garantili rulman ve hidrolik silindir bulunmaktad\u0131r. Bu standart piston silindiri, hidrolik g\u00fc\u00e7le \u00e7al\u0131\u015f\u0131r, \u00e7elikten yap\u0131lm\u0131\u015ft\u0131r ve maksimum 3000 kWh itme kapasitesine sahiptir. G\/SAE\/NPT\/M ba\u011flant\u0131 noktalar\u0131na ve maksimum 20 ton \u00e7ekme g\u00fcc\u00fcne sahip ayarlanabilir \u00e7atal tipi bir silindirdir. Silindir ISO9001:2000 sertifikal\u0131d\u0131r ve \u015f\u0131k siyah renktedir. 2-6 in\u00e7 delik \u00e7ap\u0131na, 1.125-4 in\u00e7 \u00e7ubuk boyutuna, 4-100 in\u00e7 strok boyutuna ve 0.5-2 in\u00e7 pim boyutuna sahiptir.<\/p>\n<h2>Ayarlanabilir \u00c7atal Tipi Silindirlerin Avantajlar\u0131<\/h2>\n<p>Quality Assurance 10 Ton Hidrolik Silindir gibi ayarlanabilir \u00e7atal tipi silindirler, benzersiz \u00f6zellikleri ve avantajlar\u0131 nedeniyle \u00e7e\u015fitli sekt\u00f6rlerde pop\u00fcler bir tercihtir. Bu yaz\u0131da, bu silindirleri kullanman\u0131n avantajlar\u0131n\u0131 ve neden di\u011fer se\u00e7eneklere g\u00f6re tercih edildiklerini inceleyece\u011fiz.<\/p>\n<h3>1. Geli\u015fmi\u015f Esneklik ve Uyum Kabiliyeti<\/h3>\n<p>Ayarlanabilir \u00e7atal tipi silindirlerin temel avantajlar\u0131ndan biri, farkl\u0131 uygulama ve gereksinimlere uyum sa\u011flayabilmeleridir. Bu silindirler, geni\u015f bir ayarlanabilir strok aral\u0131\u011f\u0131 sunarak hassas konumland\u0131rma ve silindir performans\u0131n\u0131n ince ayar\u0131n\u0131 yapma olana\u011f\u0131 sa\u011flar. Bu esneklik, onlar\u0131 a\u011f\u0131r kald\u0131rmadan end\u00fcstriyel makinelerde hassas konumland\u0131rmaya kadar \u00e7e\u015fitli g\u00f6revler i\u00e7in uygun hale getirir.<\/p>\n<h3>2. Geli\u015fmi\u015f Dayan\u0131kl\u0131l\u0131k ve G\u00fc\u00e7<\/h3>\n<p>Quality Assurance 10 Ton Hidrolik Silindir gibi kaynakl\u0131 hidrolik silindirler, ola\u011fan\u00fcst\u00fc dayan\u0131kl\u0131l\u0131klar\u0131 ve mukavemetleriyle bilinir. Bu silindirler, y\u00fcksek bas\u0131n\u00e7lara ve a\u011f\u0131r y\u00fcklere dayanacak \u015fekilde \u00fcretilmi\u015ftir ve bu da onlar\u0131 zorlu uygulamalar i\u00e7in ideal k\u0131lar. Yap\u0131lar\u0131nda kullan\u0131lan kaynak i\u015flemi, g\u00fc\u00e7l\u00fc ve s\u0131zd\u0131rmaz bir tasar\u0131m sa\u011flayarak ar\u0131za riskini en aza indirir ve uzun vadede g\u00fcvenilir performans sa\u011flar.<\/p>\n<h3>3. Optimum Y\u00fck Da\u011f\u0131l\u0131m\u0131<\/h3>\n<p>Ayarlanabilir \u00e7atal tipi silindirler, optimum y\u00fck da\u011f\u0131l\u0131m\u0131 sa\u011flamak ve silindir ve montaj noktalar\u0131 aras\u0131nda e\u015fit a\u011f\u0131rl\u0131k da\u011f\u0131l\u0131m\u0131 sa\u011flamak \u00fczere tasarlanm\u0131\u015ft\u0131r. Bu \u00f6zellik, dengesiz y\u00fck da\u011f\u0131l\u0131m\u0131n\u0131n ekipmanda erken a\u015f\u0131nma ve y\u0131pranmaya yol a\u00e7abilece\u011fi uygulamalarda \u00f6zellikle \u00f6nemlidir. Bu silindirler, y\u00fck\u00fc e\u015fit \u015fekilde da\u011f\u0131tarak makinenin genel verimlili\u011fini ve \u00f6mr\u00fcn\u00fc art\u0131rmaya yard\u0131mc\u0131 olur.<\/p>\n<h3>4. Montaj Se\u00e7eneklerinde \u00c7ok Y\u00f6nl\u00fcl\u00fck<\/h3>\n<p>Ayarlanabilir \u00e7atal tipi silindirlerin bir di\u011fer avantaj\u0131 da montaj se\u00e7eneklerindeki \u00e7ok y\u00f6nl\u00fcl\u00fckt\u00fcr. Ayarlanabilir \u00e7atal tasar\u0131m\u0131 sayesinde bu silindirler \u00e7e\u015fitli y\u00f6n ve konumlarda kolayca monte edilebilir. Bu esneklik, farkl\u0131 sistem ve makinelere sorunsuz entegrasyon sa\u011flayarak onlar\u0131 bir\u00e7ok sekt\u00f6r i\u00e7in tercih edilen bir se\u00e7enek haline getirir.<\/p>\n<h3>5. Hassas Kontrol ve Konumland\u0131rma<\/h3>\n<p>Ayarlanabilir strok uzunluklar\u0131 sayesinde ayarlanabilir \u00e7atal tipi silindirler hassas kontrol ve konumland\u0131rma sa\u011flar. Bu hassasiyet seviyesi, hassas hareket ve konumland\u0131rman\u0131n gerekli oldu\u011fu uygulamalarda kritik \u00f6neme sahiptir. Strok uzunlu\u011funun hassas bir \u015fekilde ayarlanabilmesi, operat\u00f6rlerin istenen kontrol seviyesine ula\u015fmas\u0131n\u0131 sa\u011flayarak ekipman\u0131n genel verimlili\u011fini ve performans\u0131n\u0131 art\u0131r\u0131r.<\/p>\n<h3>6. Maliyet Etkin \u00c7\u00f6z\u00fcm<\/h3>\n<p>Geli\u015fmi\u015f \u00f6zellikleri ve avantajlar\u0131na ra\u011fmen, ayarlanabilir \u00e7atal tipi silindirler \u00e7e\u015fitli end\u00fcstriler i\u00e7in uygun maliyetli bir \u00e7\u00f6z\u00fcm sunar. Bu silindirler, s\u0131k onar\u0131m veya de\u011fi\u015ftirme ihtiyac\u0131n\u0131 en aza indirecek \u015fekilde y\u00fcksek verimli ve dayan\u0131kl\u0131 olacak \u015fekilde tasarlanm\u0131\u015ft\u0131r. \u00c7ok y\u00f6nl\u00fcl\u00fckleri ve uyarlanabilirlikleri, farkl\u0131 uygulamalar i\u00e7in birden fazla silindir tipine olan ihtiyac\u0131 azaltarak maliyet tasarrufuna da katk\u0131da bulunur.<\/p>\n<h3>\u00c7\u00f6z\u00fcm<\/h3>\n<p>\u00d6zetle, Quality Assurance 10 Ton Hidrolik Silindir gibi ayarlanabilir \u00e7atal tipi silindirler, onlar\u0131 \u00e7e\u015fitli sekt\u00f6rlerde pop\u00fcler bir tercih haline getiren say\u0131s\u0131z avantaj sunar. Geli\u015fmi\u015f esneklik ve uyarlanabilirlikten geli\u015fmi\u015f dayan\u0131kl\u0131l\u0131k ve mukavemete kadar, bu silindirler optimum y\u00fck da\u011f\u0131l\u0131m\u0131, \u00e7ok y\u00f6nl\u00fc montaj se\u00e7enekleri, hassas kontrol ve konumland\u0131rmay\u0131 uygun bir fiyat noktas\u0131nda sunar. Performans ve verimlili\u011fi en \u00fcst d\u00fczeye \u00e7\u0131karmak i\u00e7in makinelerinize ayarlanabilir \u00e7atal tipi silindirler eklemeyi d\u00fc\u015f\u00fcn\u00fcn.<\/p>\n<p><img decoding=\"async\" src=\"https:\/\/fmp-components.com\/wp-content\/uploads\/2024\/12\/Adjustable-Clevis-Type-Cylinders5.webp\" alt=\"Ayarlanabilir \u00c7atal Tipi Silindir\" width=\"800\" title=\"\"><\/p>\n<h2>Ayarlanabilir \u00c7atal Tip Silindirlerin Uygulamas\u0131<\/h2>\n<p>Ayarlanabilir \u00e7atal tipi silindirler, g\u00fcvenilir ve y\u00fcksek performansl\u0131 sonu\u00e7lar sunmak \u00fczere tasarlanm\u0131\u015f hidrolik silindirlerdir. Bu silindirler, tar\u0131m, in\u015faat ve imalat dahil olmak \u00fczere bir\u00e7ok sekt\u00f6rde yayg\u0131n olarak kullan\u0131lmaktad\u0131r. Bu blog yaz\u0131s\u0131nda, ayarlanabilir \u00e7atal tipi silindirlerin \u00e7e\u015fitli uygulamalar\u0131n\u0131 ve farkl\u0131 makinelerin performans\u0131n\u0131 nas\u0131l art\u0131rd\u0131klar\u0131n\u0131 ele alaca\u011f\u0131z.<\/p>\n<h3>1. Tar\u0131msal Uygulamalar<\/h3>\n<p>Ayarlanabilir \u00e7atal tipi silindirler, trakt\u00f6r, k\u00fcltivat\u00f6r, saban ve bi\u00e7erd\u00f6ver gibi tar\u0131m makinelerinde s\u0131kl\u0131kla kullan\u0131l\u0131r. A\u011f\u0131r ekipmanlar\u0131 kald\u0131rmak, itmek ve \u00e7ekmek i\u00e7in kullan\u0131l\u0131rlar ve toz, kir ve nemin mevcut oldu\u011fu zorlu ortamlarda \u00e7al\u0131\u015fabilirler. Silindirler zorlu ko\u015fullara dayanacak \u015fekilde tasarlanm\u0131\u015ft\u0131r ve ayarlanabilir tasar\u0131mlar\u0131, hassas tar\u0131m operasyonlar\u0131 i\u00e7in olmazsa olmaz olan hassas konumland\u0131rmaya olanak tan\u0131r. Kalite G\u00fcvencesi 10 Tonluk Kaynakl\u0131 Hidrolik Silindir Sat\u0131l\u0131k, tar\u0131m makinelerinde yayg\u0131n olarak kullan\u0131lan ayarlanabilir \u00e7atal tipi silindirlere iki \u00f6rnektir.<\/p>\n<h3>2. \u0130n\u015faat Uygulamalar\u0131<\/h3>\n<p>\u0130n\u015faat sekt\u00f6r\u00fcnde, ekskavat\u00f6rler, y\u00fckleyiciler, buldozerler ve vin\u00e7ler dahil olmak \u00fczere \u00e7ok \u00e7e\u015fitli uygulamalarda ayarlanabilir \u00e7atal tipi silindirler kullan\u0131lmaktad\u0131r. Bu silindirler a\u011f\u0131r y\u00fckleri kald\u0131r\u0131p ta\u015f\u0131mak, zorlu y\u00fczeyleri k\u0131rmak ve hendek kazmak i\u00e7in kullan\u0131l\u0131r. Ayr\u0131ca kova, \u00e7eki\u00e7 ve burgu gibi ata\u015fmanlar\u0131 \u00e7al\u0131\u015ft\u0131rmak i\u00e7in de kullan\u0131l\u0131rlar. Bu silindirlerin ayarlanabilir tasar\u0131m\u0131, in\u015faat sekt\u00f6r\u00fc i\u00e7in olmazsa olmaz olan kolay kurulum ve bak\u0131m sa\u011flar. Kalite G\u00fcvencesi 10 Tonluk Kaynakl\u0131 Hidrolik Silindir Sat\u0131l\u0131k, in\u015faat makinelerinde yayg\u0131n olarak kullan\u0131lan ayarlanabilir \u00e7atal tipi silindirlere iki \u00f6rnektir.<\/p>\n<h3>3. \u00dcretim Uygulamalar\u0131<\/h3>\n<p>Ayarlanabilir \u00e7atal tipi silindirler, presler, pres makineleri ve enjeksiyon kal\u0131plama makineleri gibi \u00fcretim makinelerinde s\u0131kl\u0131kla kullan\u0131l\u0131r. \u00dcretim s\u00fcrecinde hassasiyet ve do\u011frulu\u011fu sa\u011flamak i\u00e7in makinenin farkl\u0131 bile\u015fenlerine kuvvet uygulamak i\u00e7in kullan\u0131l\u0131rlar. Bu silindirler, y\u00fcksek bas\u0131n\u00e7ta \u00e7al\u0131\u015facak ve tutarl\u0131 ve verimli \u00fcretim operasyonlar\u0131 i\u00e7in gerekli olan tekrarlanabilir performans sa\u011flayacak \u015fekilde tasarlanm\u0131\u015ft\u0131r. Kalite G\u00fcvencesi 10 Ton Hidrolik Silindir Kaynakl\u0131 Sat\u0131l\u0131k Hidrolik Silindir, \u00fcretim makinelerinde yayg\u0131n olarak kullan\u0131lan ayarlanabilir \u00e7atal tipi silindirlere iki \u00f6rnektir.<\/p>\n<p>Sonu\u00e7 olarak, ayarlanabilir \u00e7atal tipi silindirler bir\u00e7ok sekt\u00f6rde temel bile\u015fenlerdir. Ayarlanabilir tasar\u0131mlar\u0131, hassas konumland\u0131rma, kolay kurulum ve bak\u0131m sa\u011flar. Zorlu ortamlara dayanacak ve g\u00fcvenilir ve tutarl\u0131 performans sa\u011flamak i\u00e7in y\u00fcksek bas\u0131n\u00e7ta \u00e7al\u0131\u015facak \u015fekilde tasarlanm\u0131\u015ft\u0131r. Kalite G\u00fcvencesi 10 Ton Hidrolik Silindir Kaynakl\u0131 Sat\u0131l\u0131k Hidrolik Silindir, farkl\u0131 sekt\u00f6rlerde s\u0131kl\u0131kla kullan\u0131lan ayarlanabilir \u00e7atal tipi silindirlere iki \u00f6rnektir. Bu silindirler kullan\u0131larak, farkl\u0131 makinelerin performans\u0131 ve verimlili\u011fi b\u00fcy\u00fck \u00f6l\u00e7\u00fcde art\u0131r\u0131labilir.<img decoding=\"async\" src=\"https:\/\/fmp-components.com\/wp-content\/uploads\/2024\/12\/Application-of-Adjustable-Clevis-Type-Cylinders.webp\" alt=\"Ayarlanabilir \u00c7atal Tipi Silindir\" width=\"800\" title=\"\"><\/p>\n<h3>FMP Hidrolik Silindir Hakk\u0131nda<\/h3>\n<p><img decoding=\"async\" src=\"https:\/\/fmp-components.com\/wp-content\/uploads\/2024\/12\/Adjustable-Clevis-Type-Cylinders-6.webp\" alt=\"Ayarlanabilir \u00c7atal Tipi Silindir\" width=\"802\" title=\"\"><\/p>\n<p>FMP olarak, y\u00fcksek kaliteli Hidrolik Silindir \u00fcretimi ve sat\u0131\u015f\u0131 konusunda uzmanla\u015f\u0131yoruz. Kapsaml\u0131 sekt\u00f6r deneyimimiz ve profesyonel ekibimizle, m\u00fc\u015fterilerimize in\u015faat makineleri ihtiya\u00e7lar\u0131 i\u00e7in g\u00fcvenilir ve verimli \u00e7\u00f6z\u00fcmler sunmaya kararl\u0131y\u0131z. \u00dcr\u00fcnlerimizin ve \u015firketimizin be\u015f temel avantaj\u0131 \u015funlard\u0131r:<\/p>\n<p>1. Geni\u015f Hidrolik Silindir Yelpazesi: \u00c7e\u015fitli in\u015faat makinelerinin ihtiya\u00e7lar\u0131n\u0131 kar\u015f\u0131lamak i\u00e7in geni\u015f bir hidrolik silindir yelpazesi sunuyoruz. Standart silindirlerden \u00f6zelle\u015ftirilmi\u015f \u00e7\u00f6z\u00fcmlere kadar, \u00f6zel ihtiya\u00e7lar\u0131n\u0131z\u0131 kar\u015f\u0131layacak uzmanl\u0131\u011fa sahibiz.<\/p>\n<p>2. \u00dcst\u00fcn Kalite: Hidrolik silindirlerimiz, ola\u011fan\u00fcst\u00fc dayan\u0131kl\u0131l\u0131k ve performans sa\u011flayan en \u00fcst d\u00fczey malzemeler ve ileri teknoloji kullan\u0131larak \u00fcretilmektedir. Her silindir, en y\u00fcksek end\u00fcstri standartlar\u0131n\u0131 kar\u015f\u0131lamak i\u00e7in titiz kalite kontrollerinden ge\u00e7mektedir.<\/p>\n<p>3. Uzman Sat\u0131\u015f Ekibi: Deneyimli sat\u0131\u015f ekibimiz, in\u015faat makineleri sekt\u00f6r\u00fcndeki en son trendler ve m\u00fc\u015fteri talepleri konusunda bilgilidir. Bilin\u00e7li kararlar alman\u0131za yard\u0131mc\u0131 olmak i\u00e7in profesyonel \u00fcr\u00fcn dan\u0131\u015fmanl\u0131\u011f\u0131 ve de\u011ferli sat\u0131n alma \u00f6nerileri sunarlar.<\/p>\n<p>4. Verimli Lojistik Da\u011f\u0131t\u0131m: Zaman\u0131nda teslimat\u0131n \u00f6neminin fark\u0131nday\u0131z. Verimli lojistik da\u011f\u0131t\u0131m sistemimiz, ihtiya\u00e7 duydu\u011funuz hidrolik silindirleri zaman\u0131nda ve do\u011fru bir \u015fekilde teslim alman\u0131z\u0131 sa\u011flayarak ar\u0131za s\u00fcrelerini en aza indirir ve verimlili\u011fi en \u00fcst d\u00fczeye \u00e7\u0131kar\u0131r.<\/p>\n<p>5. G\u00fc\u00e7l\u00fc Tedarik\u00e7i Ortakl\u0131klar\u0131: D\u00fcnya \u00e7ap\u0131nda y\u00fcksek kaliteli tedarik\u00e7ilerle uzun vadeli ve istikrarl\u0131 ili\u015fkiler kurduk. Bu sayede, s\u0131k\u0131 kalite standartlar\u0131n\u0131 kar\u015f\u0131layan in\u015faat makinesi par\u00e7alar\u0131n\u0131 tedarik edip tedarik edebiliyor, hidrolik silindirlerimizin g\u00fcvenilirli\u011fini ve uzun \u00f6m\u00fcrl\u00fcl\u00fc\u011f\u00fcn\u00fc garanti alt\u0131na alabiliyoruz.<\/p>\n<p>Ola\u011fan\u00fcst\u00fc kalite, g\u00fcvenilir performans ve m\u00fckemmel m\u00fc\u015fteri hizmeti i\u00e7in FMP Hidrolik Silindir'i tercih edin. Bug\u00fcn bizimle i\u015f ortakl\u0131\u011f\u0131 yap\u0131n ve in\u015faat makineleri operasyonlar\u0131n\u0131zdaki fark\u0131 deneyimleyin.<\/p>\n<h2>S\u0131k\u00e7a Sorulan Sorular<\/h2>\n<p><strong>S: 10 Tonluk Hidrolik Silindir hangi sekt\u00f6rlere uygundur?<\/strong><br \/>\nA: 10 Tonluk Hidrolik Silindir \u00e7ok y\u00f6nl\u00fcd\u00fcr ve makine tamir at\u00f6lyeleri, \u00e7iftlikler, enerji ve madencilik ve makine \u00fcretimi dahil olmak \u00fczere \u00e7e\u015fitli end\u00fcstriler i\u00e7in uygundur.<\/p>\n<p><strong>S: 10 Tonluk Hidrolik Silindir i\u00e7in hangi \u00f6zelle\u015ftirme se\u00e7enekleri mevcuttur?<\/strong><br \/>\nC: FMP'de silindirlerimizi tam olarak sizin \u00f6zelliklerinize g\u00f6re uyarlayarak, silindir \u00e7ap\u0131, strok uzunlu\u011fu ve y\u00fck kapasitesi i\u00e7in \u00f6zelle\u015ftirme se\u00e7enekleri sunuyoruz.<\/p>\n<p><strong>S: 10 Tonluk Hidrolik Silindirin garanti s\u00fcresi nedir?<\/strong><\/p>\n<p>A: 10 Tonluk Hidrolik Silindir 1 y\u0131ll\u0131k garantiyle birlikte gelir ve yat\u0131r\u0131m\u0131n\u0131z\u0131n korunmas\u0131n\u0131 sa\u011flar.<\/p>\n<p><img decoding=\"async\" src=\"https:\/\/img.jiansujichilun.com\/img\/hydrauliccylinders\/C_hydrauliccylinders-5.webp\" alt=\"hidrolik silindir\" width=\"800\" title=\"\"><\/p>\n<p>Yazar\uff1a CX<\/p>","protected":false},"excerpt":{"rendered":"<p>Introducing the 10 Ton Hydraulic Cylinder Welded Hydraulic Cylinder For Sale: The 10 Ton Hydraulic Cylinder Welded Hydraulic Cylinder is a high-quality product designed for various industrial applications. This hydraulic cylinder offers exceptional performance and durability, making it a reliable choice for heavy-duty tasks. Key Features: 1. High-Quality Construction: The hydraulic cylinder is constructed with [&hellip;]<\/p>","protected":false},"featured_media":1340,"comment_status":"closed","ping_status":"closed","template":"","meta":{"_et_pb_use_builder":"","_et_pb_old_content":"","_et_gb_content_width":""},"product_brand":[],"product_cat":[39],"product_tag":[41,34],"class_list":{"0":"post-1339","1":"product","2":"type-product","3":"status-publish","4":"has-post-thumbnail","6":"product_cat-adjustable-clevis-type-cylinders","7":"product_tag-adjustable-clevis-type-cylinders","8":"product_tag-hydraulic-cylinder","10":"first","11":"instock","12":"product-type-simple"},"_links":{"self":[{"href":"https:\/\/fmp-components.com\/tr\/wp-json\/wp\/v2\/product\/1339","targetHints":{"allow":["GET"]}}],"collection":[{"href":"https:\/\/fmp-components.com\/tr\/wp-json\/wp\/v2\/product"}],"about":[{"href":"https:\/\/fmp-components.com\/tr\/wp-json\/wp\/v2\/types\/product"}],"replies":[{"embeddable":true,"href":"https:\/\/fmp-components.com\/tr\/wp-json\/wp\/v2\/comments?post=1339"}],"wp:featuredmedia":[{"embeddable":true,"href":"https:\/\/fmp-components.com\/tr\/wp-json\/wp\/v2\/media\/1340"}],"wp:attachment":[{"href":"https:\/\/fmp-components.com\/tr\/wp-json\/wp\/v2\/media?parent=1339"}],"wp:term":[{"taxonomy":"product_brand","embeddable":true,"href":"https:\/\/fmp-components.com\/tr\/wp-json\/wp\/v2\/product_brand?post=1339"},{"taxonomy":"product_cat","embeddable":true,"href":"https:\/\/fmp-components.com\/tr\/wp-json\/wp\/v2\/product_cat?post=1339"},{"taxonomy":"product_tag","embeddable":true,"href":"https:\/\/fmp-components.com\/tr\/wp-json\/wp\/v2\/product_tag?post=1339"}],"curies":[{"name":"wp","href":"https:\/\/api.w.org\/{rel}","templated":true}]}}