{"id":1335,"date":"2024-12-23T02:18:07","date_gmt":"2024-12-23T02:18:07","guid":{"rendered":"https:\/\/fmp-components.com\/product\/professional-10-ton-hydraulic-cylinder-piston-customized-hydraulic-cylinder\/"},"modified":"2024-12-23T03:50:08","modified_gmt":"2024-12-23T03:50:08","slug":"professional-10-ton-hydraulic-cylinder-piston-customized-hydraulic-cylinder","status":"publish","type":"product","link":"https:\/\/fmp-components.com\/tr\/product\/professional-10-ton-hydraulic-cylinder-piston-customized-hydraulic-cylinder\/","title":{"rendered":"Profesyonel 10 Tonluk Hidrolik Silindir Pistonu \u00d6zelle\u015ftirilmi\u015f Hidrolik Silindir"},"content":{"rendered":"<h2>Profesyonel 10 Tonluk Hidrolik Silindir Pistonu \u00d6zelle\u015ftirilmi\u015f Hidrolik Silindiri Tan\u0131t\u0131yoruz:<\/h2>\n<p>Profesyonel 10 Tonluk Hidrolik Silindir Pistonu \u00d6zelle\u015ftirilmi\u015f Hidrolik Silindir, \u00e7e\u015fitli hidrolik uygulamalar\u0131n \u00f6zel ihtiya\u00e7lar\u0131n\u0131 kar\u015f\u0131lamak \u00fczere tasarlanm\u0131\u015f, y\u00fcksek kaliteli ve dayan\u0131kl\u0131 bir \u00fcr\u00fcnd\u00fcr. Maksimum 10 ton y\u00fck kapasitesiyle, a\u011f\u0131r hizmet tipi g\u00f6revler i\u00e7in ola\u011fan\u00fcst\u00fc g\u00fc\u00e7 ve g\u00fcvenilirlik sa\u011flar.<\/p>\n<p>Bu hidrolik silindir, hassas kontrol ve sorunsuz \u00e7al\u0131\u015fma sa\u011flayan \u00f6zel bir piston tasar\u0131m\u0131na sahiptir. Piston, y\u00fcksek bas\u0131n\u00e7 ko\u015fullar\u0131na dayanacak \u015fekilde tasarlanm\u0131\u015ft\u0131r ve verimli performans ve uzun hizmet \u00f6mr\u00fc sa\u011flar.<\/p>\n<p>Profesyonel 10 Tonluk Hidrolik Silindir Pistonu \u00d6zel Hidrolik Silindir, zorlu ortamlara ve s\u0131k kullan\u0131ma dayan\u0131kl\u0131l\u0131k garantisi veren birinci s\u0131n\u0131f malzemelerle \u00fcretilmi\u015ftir. Korozyona dayan\u0131kl\u0131d\u0131r ve bu sayede hem i\u00e7 hem de d\u0131\u015f mekan uygulamalar\u0131 i\u00e7in uygundur.<\/p>\n<p><img loading=\"lazy\" decoding=\"async\" class=\"alignnone size-full wp-image-1334\" src=\"https:\/\/fmp-components.com\/wp-content\/uploads\/2024\/12\/Adjustable-Clevis-Type-Cylinders-4.webp\" alt=\"Ayarlanabilir-\u00c7ember-Tipi-Silindirler\" width=\"800\" height=\"800\" title=\"\" srcset=\"https:\/\/fmp-components.com\/wp-content\/uploads\/2024\/12\/Adjustable-Clevis-Type-Cylinders-4.webp 800w, https:\/\/fmp-components.com\/wp-content\/uploads\/2024\/12\/Adjustable-Clevis-Type-Cylinders-4-480x480.webp 480w\" sizes=\"(min-width: 0px) and (max-width: 480px) 480px, (min-width: 481px) 800px, 100vw\" \/><\/p>\n<p>Kullan\u0131c\u0131 dostu tasar\u0131m\u0131yla bu hidrolik silindirin montaj\u0131 ve bak\u0131m\u0131 kolayd\u0131r. Kompakt boyutu, \u00e7ok \u00e7e\u015fitli ekipman ve makinelerle uyumlulu\u011funu sa\u011flayarak in\u015faat, imalat ve tar\u0131m gibi \u00e7e\u015fitli sekt\u00f6rler i\u00e7in \u00e7ok y\u00f6nl\u00fc bir se\u00e7imdir.<\/p>\n<p>\u00d6zetle, Profesyonel 10 Ton Hidrolik Silindir Pistonu \u00d6zelle\u015ftirilmi\u015f Hidrolik Silindir, dayan\u0131kl\u0131l\u0131k, hassasiyet ve \u00f6zelle\u015ftirmeyi bir araya getiren birinci s\u0131n\u0131f bir \u00fcr\u00fcnd\u00fcr. Zorlu hidrolik operasyonlarda ola\u011fan\u00fcst\u00fc performans ve g\u00fcvenilirlik sunmak \u00fczere tasarlanm\u0131\u015ft\u0131r.<\/p>\n<p>10 tonluk hidrolik silindir pistonu, makine tamir at\u00f6lyeleri, \u00e7iftlikler, enerji ve madencilik sekt\u00f6rleri, makine imalat\u0131 ve makine fabrikalar\u0131 gibi \u00e7e\u015fitli sekt\u00f6rler i\u00e7in m\u00fckemmel bir \u00e7\u00f6z\u00fcmd\u00fcr. FMP Hidrolik Makine olarak, temel bile\u015fenleri olan rulman ve hidrolik silindir i\u00e7in bir y\u0131ll\u0131k garantiyle gelen bu yepyeni hidrolik silindir pistonu da dahil olmak \u00fczere \u00fcst\u00fcn kaliteli \u00fcr\u00fcnler sunmaktan gurur duyuyoruz.<\/p>\n<h2>Ayarlanabilir \u00c7atal Tipi Silindirlerin Avantajlar\u0131<\/h2>\n<p>Ayarlanabilir \u00e7atal tipi silindirler son derece \u00e7ok y\u00f6nl\u00fcd\u00fcr ve onlar\u0131 bir\u00e7ok end\u00fcstriyel uygulamada pop\u00fcler bir tercih haline getiren say\u0131s\u0131z avantaja sahiptir. Ayarlanabilir \u00e7atal tipi silindirleri kullanman\u0131n baz\u0131 avantajlar\u0131 \u015funlard\u0131r:<\/p>\n<h3>1. \u00d6zelle\u015ftirilebilirlik<\/h3>\n<p>Ayarlanabilir \u00e7atal tipi silindirlerin en b\u00fcy\u00fck avantajlar\u0131ndan biri \u00f6zelle\u015ftirilebilir olmalar\u0131d\u0131r. Bu silindirler, m\u00fc\u015fterinin \u00f6zel ihtiya\u00e7lar\u0131na g\u00f6re \u00fcretilebilir. \u0130ster profesyonel bir 10 tonluk hidrolik silindir pistonuna, ister \u00f6zelle\u015ftirilmi\u015f bir hidrolik silindire ihtiyac\u0131n\u0131z olsun, ayarlanabilir \u00e7atal tipi silindirler ihtiya\u00e7lar\u0131n\u0131za uyacak \u015fekilde \u00fcretilebilir.<\/p>\n<h3>2. Daha Fazla Esneklik<\/h3>\n<p>Ayarlanabilir \u00e7atal tipi silindirler, sabit tip silindirlere g\u00f6re daha fazla esneklik sunar. Bunun nedeni, bu silindirlerin farkl\u0131 montaj konfig\u00fcrasyonlar\u0131na ve a\u00e7\u0131lar\u0131na uyum sa\u011flayacak \u015fekilde ayarlanabilmesidir. Bu sayede, alan\u0131n s\u0131n\u0131rl\u0131 oldu\u011fu veya silindirin konumland\u0131r\u0131lmas\u0131nda k\u0131s\u0131tlamalar\u0131n oldu\u011fu alanlarda kullan\u0131m i\u00e7in idealdirler.<\/p>\n<h3>3. Artan Verimlilik<\/h3>\n<p>Ayarlanabilir \u00e7atal tipi silindirler, di\u011fer silindir tiplerine g\u00f6re daha y\u00fcksek verimlilikte \u00e7al\u0131\u015facak \u015fekilde tasarlanm\u0131\u015ft\u0131r. Bunun nedeni, s\u00fcrt\u00fcnme ve a\u015f\u0131nmay\u0131 azaltacak \u015fekilde tasarlanm\u0131\u015f olmalar\u0131d\u0131r; bu da daha uzun bir kullan\u0131m \u00f6mr\u00fc ve daha y\u00fcksek g\u00fcvenilirlik sa\u011flar. Bu artan verimlilik, daha d\u00fc\u015f\u00fck bak\u0131m maliyetleri ve daha az ar\u0131za s\u00fcresi anlam\u0131na gelir.<\/p>\n<h3>4. Geli\u015fmi\u015f G\u00fcvenlik \u00d6zellikleri<\/h3>\n<p>Ayarlanabilir \u00e7atal tipi silindirler, tehlikeli ortamlarda kullan\u0131m i\u00e7in ideal hale getiren geli\u015fmi\u015f g\u00fcvenlik \u00f6zelliklerine sahiptir. Bu silindirler, a\u015f\u0131r\u0131 s\u0131cakl\u0131klara, bas\u0131nca ve di\u011fer zorlu ko\u015fullara dayanacak \u015fekilde tasarlanm\u0131\u015ft\u0131r, bu da onlar\u0131 ar\u0131zaya daha az e\u011filimli k\u0131lar. Ayr\u0131ca, a\u015f\u0131r\u0131 y\u00fcklenmeyi ve a\u015f\u0131r\u0131 \u0131s\u0131nmay\u0131 \u00f6nleyen bas\u0131n\u00e7 tahliye valfleri gibi yerle\u015fik g\u00fcvenlik \u00f6zelliklerine de sahiptirler.<\/p>\n<h3>5. Maliyet Etkin \u00c7\u00f6z\u00fcm<\/h3>\n<p>Son olarak, ayarlanabilir \u00e7atal tipi silindirler bir\u00e7ok end\u00fcstriyel uygulama i\u00e7in uygun maliyetli bir \u00e7\u00f6z\u00fcmd\u00fcr. Di\u011fer silindir tiplerine g\u00f6re daha uzun kullan\u0131m \u00f6mr\u00fc, daha y\u00fcksek g\u00fcvenilirlik ve daha d\u00fc\u015f\u00fck bak\u0131m maliyetleri sunarlar. Bu da onlar\u0131, i\u015fletme maliyetlerini d\u00fc\u015f\u00fcrmek ve k\u00e2rl\u0131l\u0131klar\u0131n\u0131 art\u0131rmak isteyen i\u015fletmeler i\u00e7in cazip bir se\u00e7enek haline getirir.<\/p>\n<p>Sonu\u00e7 olarak, ayarlanabilir \u00e7atal tipi silindirler, onlar\u0131 bir\u00e7ok end\u00fcstriyel uygulama i\u00e7in pop\u00fcler bir se\u00e7enek haline getiren say\u0131s\u0131z avantaja sahiptir. \u00d6zelle\u015ftirilebilirliklerinden geli\u015fmi\u015f g\u00fcvenlik \u00f6zelliklerine kadar, bu silindirler operasyonlar\u0131n\u0131 iyile\u015ftirmek isteyen i\u015fletmeler i\u00e7in uygun maliyetli ve verimli bir \u00e7\u00f6z\u00fcm sunar. Dolay\u0131s\u0131yla, bir hidrolik silindir ar\u0131yorsan\u0131z, bir sonraki projeniz i\u00e7in ayarlanabilir \u00e7atal tipi bir silindir se\u00e7meyi d\u00fc\u015f\u00fcn\u00fcn.<img decoding=\"async\" src=\"https:\/\/fmp-components.com\/wp-content\/uploads\/2024\/12\/Adjustable-Clevis-Type-Cylinders5.webp\" alt=\"Ayarlanabilir \u00c7atal Tipi Silindir\" width=\"800\" title=\"\"><\/p>\n<h2>Ayarlanabilir \u00c7atal Tip Silindirlerin Uygulamas\u0131<\/h2>\n<p>Ayarlanabilir \u00e7atal tipi silindirler, piston ucunda farkl\u0131 konumlara ayarlanabilen bir \u00e7atal yuvas\u0131 bulunan hidrolik silindirlerdir. Bu tip silindirler, a\u011f\u0131r makineler, in\u015faat ekipmanlar\u0131 ve \u00fcretim s\u00fcre\u00e7leri dahil olmak \u00fczere \u00e7e\u015fitli uygulamalarda kullan\u0131l\u0131r.<\/p>\n<p>Ayarlanabilir \u00e7atal tipi silindirlerin baz\u0131 \u00f6zel uygulamalar\u0131 ve nas\u0131l kullan\u0131labilece\u011fi a\u015fa\u011f\u0131da belirtilmi\u015ftir:<\/p>\n<h3>1. A\u011f\u0131r Makineler<\/h3>\n<p>Ayarlanabilir \u00e7atal tipi silindirler, buldozer, ekskavat\u00f6r ve vin\u00e7 gibi a\u011f\u0131r makinelerde yayg\u0131n olarak kullan\u0131l\u0131r. Bu silindirler, a\u011f\u0131r y\u00fckleri kald\u0131rmak, itmek veya \u00e7ekmek i\u00e7in gerekli kuvveti sa\u011flamak amac\u0131yla kullan\u0131l\u0131r. \u00d6rne\u011fin, ayarlanabilir \u00e7atal montajl\u0131 profesyonel bir 10 tonluk hidrolik silindir pistonu, b\u00fcy\u00fck toprak veya moloz y\u0131\u011f\u0131nlar\u0131n\u0131 ta\u015f\u0131mak i\u00e7in bir buldozerde kullan\u0131labilir.<\/p>\n<h3>2. \u0130n\u015faat Ekipmanlar\u0131<\/h3>\n<p>Ayarlanabilir \u00e7atal tipi silindirler, ekskavat\u00f6rler, y\u00fckleyiciler ve mini y\u00fckleyiciler gibi in\u015faat ekipmanlar\u0131nda da kullan\u0131l\u0131r. Bu silindirler, ekipman\u0131n kazma, kald\u0131rma ve itme gibi \u00e7e\u015fitli hareketlerini sa\u011flamak i\u00e7in kullan\u0131l\u0131r. Ayarlanabilir \u00e7atal montajl\u0131 profesyonel bir 10 tonluk hidrolik silindir pistonu, a\u011f\u0131r toprak veya di\u011fer malzemeleri kald\u0131rmak i\u00e7in bir y\u00fckleyicide kullan\u0131labilir.<\/p>\n<h3>3. \u00dcretim S\u00fcre\u00e7leri<\/h3>\n<p>Ayarlanabilir \u00e7atal tipi silindirler, presleme ve presleme gibi \u00e7e\u015fitli \u00fcretim s\u00fcre\u00e7lerinde de kullan\u0131l\u0131r. Bu silindirler, malzemelere istenen \u015fekli vermek i\u00e7in kuvvet uygulamak amac\u0131yla kullan\u0131l\u0131r. \u00d6rne\u011fin, ayarlanabilir \u00e7atal tipi montajl\u0131 profesyonel bir 10 tonluk hidrolik silindir pistonu, metal saclar\u0131 belirli par\u00e7alara d\u00f6n\u00fc\u015ft\u00fcrmek i\u00e7in bir preste kullan\u0131labilir.<\/p>\n<p>Sonu\u00e7 olarak, ayarlanabilir \u00e7atal tipi silindirler, \u00e7e\u015fitli uygulamalarda kullan\u0131lan \u00e7ok y\u00f6nl\u00fc hidrolik silindirlerdir. Ayarlanabilirlikleri ve dayan\u0131kl\u0131l\u0131klar\u0131, onlar\u0131 a\u011f\u0131r makineler, in\u015faat ekipmanlar\u0131 ve \u00fcretim s\u00fcre\u00e7leri i\u00e7in ideal bir se\u00e7im haline getirir. Ayarlanabilir \u00e7atal tipi bir silindir se\u00e7erken, uygulaman\u0131n \u00f6zel ihtiya\u00e7lar\u0131n\u0131 kar\u015f\u0131layacak \u015fekilde \u00f6zelle\u015ftirilmi\u015f bir silindir se\u00e7mek \u00f6nemlidir.<img decoding=\"async\" src=\"https:\/\/fmp-components.com\/wp-content\/uploads\/2024\/12\/Application-of-Adjustable-Clevis-Type-Cylinders.webp\" alt=\"Ayarlanabilir \u00c7atal Tipi Silindir\" width=\"800\" title=\"\"><\/p>\n<h3>FMP Hakk\u0131nda<\/h3>\n<p>FMP, in\u015faat makinesi par\u00e7alar\u0131 ve komple makine sat\u0131\u015f ve servisinde uzmanla\u015fm\u0131\u015f bir \u015firkettir. Uzun y\u0131llara dayanan sekt\u00f6r deneyimimiz ve profesyonel ekibimizle, m\u00fc\u015fterilerimize y\u00fcksek kaliteli ve g\u00fcvenilir in\u015faat makinesi par\u00e7alar\u0131 ve komple makine \u00e7\u00f6z\u00fcmleri sunuyoruz. \u00dcr\u00fcn yelpazemiz geni\u015f olup, tar\u0131m makinesi red\u00fckt\u00f6rleri, hidrolik silindirler, planet di\u015fli kutular\u0131, end\u00fcstriyel red\u00fckt\u00f6rler, tar\u0131m makinesi par\u00e7alar\u0131 ve bunlara uygun bir dizi \u00fcst d\u00fczey aksesuar gibi \u00e7e\u015fitli in\u015faat makinesi t\u00fcrlerini i\u00e7ermektedir.<\/p>\n<h3>Hidrolik Silindirler<\/h3>\n<p>Hidrolik silindirlerimiz, FMP'deki amiral gemisi \u00fcr\u00fcnlerimizden biridir. Hidrolik silindirlerimizin rakiplerinden \u00f6ne \u00e7\u0131kmas\u0131n\u0131n 5 nedeni:<\/p>\n<ol>\n<li><strong>Y\u00fcksek Kaliteli Malzemeler:<\/strong> Hidrolik silindirlerimiz, dayan\u0131kl\u0131l\u0131k ve uzun \u00f6m\u00fcr sa\u011flamak i\u00e7in y\u00fcksek kaliteli malzemelerden \u00fcretilmi\u015ftir. Malzemelerimizi yaln\u0131zca s\u0131k\u0131 kalite standartlar\u0131m\u0131z\u0131 kar\u015f\u0131layan g\u00fcvenilir tedarik\u00e7ilerden temin ediyoruz.<\/li>\n<li><strong>\u00d6zelle\u015ftirilebilir:<\/strong> M\u00fc\u015fterilerimizin \u00f6zel ihtiya\u00e7lar\u0131n\u0131 kar\u015f\u0131lamak i\u00e7in \u00f6zelle\u015ftirilebilir hidrolik silindirler sunuyoruz. \u00d6rne\u011fin, ayarlanabilir \u00e7atal tipi silindirimiz, \u00e7e\u015fitli uygulamalara uyacak \u015fekilde ayarlanabilir.<\/li>\n<li><strong>Uzmanl\u0131k:<\/strong> FMP olarak, in\u015faat makineleri sekt\u00f6r\u00fcn\u00fcn geli\u015fim trendlerini ve m\u00fc\u015fteri ihtiya\u00e7lar\u0131n\u0131 yak\u0131ndan takip eden deneyimli ve yetenekli bir sat\u0131\u015f ekibimiz var. Ekibimiz, profesyonel \u00fcr\u00fcn dan\u0131\u015fmanl\u0131\u011f\u0131 ve ak\u0131ll\u0131 sat\u0131n alma \u00f6nerileri sunabilir.<\/li>\n<li><strong>Verimli Lojistik:<\/strong> M\u00fc\u015fterilerimizin ihtiya\u00e7 duyduklar\u0131 par\u00e7alar\u0131 zaman\u0131nda ve do\u011fru bir \u015fekilde alabilmelerini sa\u011flamak i\u00e7in verimli bir lojistik da\u011f\u0131t\u0131m sistemimiz bulunmaktad\u0131r. Zaman\u0131n para oldu\u011funun bilincindeyiz ve m\u00fc\u015fterilerimiz i\u00e7in aksama s\u00fcresini en aza indirmek i\u00e7in \u00e7al\u0131\u015f\u0131yoruz.<\/li>\n<li><strong>G\u00fcvenilirlik:<\/strong> Hidrolik silindirlerimiz g\u00fcvenilir ve uzun \u00f6m\u00fcrl\u00fc olacak \u015fekilde tasarlanm\u0131\u015ft\u0131r. M\u00fc\u015fterilerimize g\u00fcvenebilecekleri \u00fcr\u00fcnler sunmaktan gurur duyuyoruz.<\/li>\n<\/ol>\n<p>\u0130n\u015faat makineleri ihtiya\u00e7lar\u0131n\u0131z i\u00e7in FMP'yi se\u00e7in ve kalite ve hizmet fark\u0131n\u0131 deneyimleyin. \u00dcr\u00fcn ve hizmetlerimiz hakk\u0131nda daha fazla bilgi edinmek i\u00e7in bug\u00fcn bizimle ileti\u015fime ge\u00e7in.<\/p>\n<p><img decoding=\"async\" src=\"https:\/\/fmp-components.com\/wp-content\/uploads\/2024\/12\/Adjustable-Clevis-Type-Cylinders-6.webp\" alt=\"Ayarlanabilir \u00c7atal Tipi Silindir\" width=\"800\" title=\"\"><\/p>\n<h2>SSS<\/h2>\n<p><strong>S: Hidrolik silindirin teslimat s\u00fcresi nedir?<\/strong><br \/>\nA: Teslimat s\u00fcresi genellikle 25-35 g\u00fcn aras\u0131ndad\u0131r.<\/p>\n<p><strong>S: Hidrolik silindirin numunesini talep edebilir miyim?<\/strong><br \/>\nC: Evet, numune sunuyoruz ancak \u00fccretsiz de\u011fil.<\/p>\n<p><strong>S: Hidrolik silindirler numunelere veya teknik \u00e7izimlere g\u00f6re \u00f6zelle\u015ftirilebilir mi?<\/strong><br \/>\nC: Evet, numunelerinize veya teknik \u00e7izimlerinize g\u00f6re silindir \u00fcretebiliriz. Ayr\u0131ca iste\u011finiz do\u011frultusunda kal\u0131p ve aparatlar da \u00fcretebiliriz.<\/p>\n<p>Yazar\uff1a CX<\/p>","protected":false},"excerpt":{"rendered":"<p>Introducing the Professional 10 Ton Hydraulic Cylinder Piston Customized Hydraulic Cylinder: The Professional 10 Ton Hydraulic Cylinder Piston Customized Hydraulic Cylinder is a high-quality and durable product designed to meet the specific needs of various hydraulic applications. With a maximum load capacity of 10 tons, it provides exceptional strength and reliability for heavy-duty tasks. This [&hellip;]<\/p>","protected":false},"featured_media":1336,"comment_status":"closed","ping_status":"closed","template":"","meta":{"_et_pb_use_builder":"","_et_pb_old_content":"","_et_gb_content_width":""},"product_brand":[],"product_cat":[39],"product_tag":[41,34],"class_list":{"0":"post-1335","1":"product","2":"type-product","3":"status-publish","4":"has-post-thumbnail","6":"product_cat-adjustable-clevis-type-cylinders","7":"product_tag-adjustable-clevis-type-cylinders","8":"product_tag-hydraulic-cylinder","10":"first","11":"instock","12":"product-type-simple"},"_links":{"self":[{"href":"https:\/\/fmp-components.com\/tr\/wp-json\/wp\/v2\/product\/1335","targetHints":{"allow":["GET"]}}],"collection":[{"href":"https:\/\/fmp-components.com\/tr\/wp-json\/wp\/v2\/product"}],"about":[{"href":"https:\/\/fmp-components.com\/tr\/wp-json\/wp\/v2\/types\/product"}],"replies":[{"embeddable":true,"href":"https:\/\/fmp-components.com\/tr\/wp-json\/wp\/v2\/comments?post=1335"}],"wp:featuredmedia":[{"embeddable":true,"href":"https:\/\/fmp-components.com\/tr\/wp-json\/wp\/v2\/media\/1336"}],"wp:attachment":[{"href":"https:\/\/fmp-components.com\/tr\/wp-json\/wp\/v2\/media?parent=1335"}],"wp:term":[{"taxonomy":"product_brand","embeddable":true,"href":"https:\/\/fmp-components.com\/tr\/wp-json\/wp\/v2\/product_brand?post=1335"},{"taxonomy":"product_cat","embeddable":true,"href":"https:\/\/fmp-components.com\/tr\/wp-json\/wp\/v2\/product_cat?post=1335"},{"taxonomy":"product_tag","embeddable":true,"href":"https:\/\/fmp-components.com\/tr\/wp-json\/wp\/v2\/product_tag?post=1335"}],"curies":[{"name":"wp","href":"https:\/\/api.w.org\/{rel}","templated":true}]}}