{"id":1059,"date":"2024-12-19T06:17:44","date_gmt":"2024-12-19T06:17:44","guid":{"rendered":"https:\/\/fmp-components.com\/product\/10051-good-quality-hydraulic-ram-cylinder-hydraulic-piston-cylinder-for-trailer\/"},"modified":"2024-12-23T09:01:10","modified_gmt":"2024-12-23T09:01:10","slug":"10051-good-quality-hydraulic-ram-cylinder-hydraulic-piston-cylinder-for-trailer","status":"publish","type":"product","link":"https:\/\/fmp-components.com\/tr\/product\/10051-good-quality-hydraulic-ram-cylinder-hydraulic-piston-cylinder-for-trailer\/","title":{"rendered":"10051 R\u00f6mork \u0130\u00e7in \u0130yi Kalite Hidrolik Ram Silindiri Hidrolik Piston Silindiri"},"content":{"rendered":"<h2>\u00dcr\u00fcn Tan\u0131t\u0131m\u0131:<\/h2>\n<p>10051 numaral\u0131 y\u00fcksek kaliteli hidrolik silindir, t\u00fcm hidrolik ihtiya\u00e7lar\u0131n\u0131z\u0131 kar\u015f\u0131lamak \u00fczere tasarlanm\u0131\u015f birinci s\u0131n\u0131f bir \u00fcr\u00fcnd\u00fcr. Ola\u011fan\u00fcst\u00fc kalitesi ve g\u00fcvenilir performans\u0131 ile bu hidrolik silindir, \u00e7e\u015fitli tipteki r\u00f6morklar i\u00e7in m\u00fckemmel bir uyum sa\u011flar.<\/p>\n<p>Sa\u011flam tasar\u0131m\u0131 ve a\u011f\u0131r y\u00fckleri kald\u0131racak \u015fekilde \u00fcretilmi\u015f olan bu silindir, sorunsuz ve verimli \u00e7al\u0131\u015fma sa\u011flar. Hidrolik piston sistemi, g\u00fc\u00e7l\u00fc ve tutarl\u0131 bir kuvvet sa\u011flayarak hassas kontrol ve stabilite gerektiren uygulamalar i\u00e7in idealdir.<\/p>\n<p>Y\u00fcksek kaliteli malzemelerle \u00fcretilen bu hidrolik silindir, \u00fcst\u00fcn dayan\u0131kl\u0131l\u0131k ve uzun \u00f6m\u00fcr sunar. Piston tasar\u0131m\u0131, m\u00fckemmel s\u0131zd\u0131rmazl\u0131k \u00f6zelli\u011fi sa\u011flayarak s\u0131z\u0131nt\u0131y\u0131 \u00f6nler ve optimum performans sa\u011flar.<\/p>\n<p>\u0130ster a\u011f\u0131r y\u00fckleri kald\u0131rman\u0131z, ister itmeniz veya \u00e7ekmeniz gereksin, bu hidrolik silindir ola\u011fan\u00fcst\u00fc g\u00fc\u00e7 ve verimlilik sunar. \u00c7ok y\u00f6nl\u00fcl\u00fc\u011f\u00fc ve g\u00fcvenilirli\u011fi, in\u015faat, tar\u0131m ve ula\u015f\u0131m dahil olmak \u00fczere \u00e7ok \u00e7e\u015fitli sekt\u00f6rler i\u00e7in uygun hale getirir.<\/p>\n<p>Sonu\u00e7 olarak, 10051 Kaliteli Hidrolik Piston Silindiri, beklentilerinizi a\u015facak g\u00fcvenilir ve y\u00fcksek performansl\u0131 bir \u00fcr\u00fcnd\u00fcr. M\u00fckemmel yap\u0131s\u0131, \u00fcst\u00fcn mukavemeti ve ola\u011fan\u00fcst\u00fc dayan\u0131kl\u0131l\u0131\u011f\u0131 ile bu hidrolik silindir, \u015f\u00fcphesiz her t\u00fcrl\u00fc r\u00f6mork i\u00e7in de\u011ferli bir eklentidir.<\/p>\n<h2>FMP'nin Hidrolik Piston Silindiri Hakk\u0131nda<\/h2>\n<p>FMP'nin hidrolik piston silindiri, di\u011fer ad\u0131yla hidrolik ram silindiri, treylerler i\u00e7in vazge\u00e7ilmez bir cihazd\u0131r. Silindir, hidrolik bas\u0131nc\u0131 kullanarak pistonun hareketiyle mekanik enerji \u00fcretir. Bu \u00fcr\u00fcn, \u00fcst\u00fcn performans\u0131 ve verimlili\u011fi nedeniyle in\u015faat, madencilik ve treyler \u00fcretimi de dahil olmak \u00fczere \u00e7e\u015fitli sekt\u00f6rlerde yayg\u0131n olarak kullan\u0131lmaktad\u0131r.<\/p>\n<h3>\u0130\u015flevleri ve \u00d6nemi<\/h3>\n<p><img decoding=\"async\" src=\"https:\/\/hzpt.com\/wp-content\/uploads\/2023\/12\/insert-1.webp\" alt=\"\" title=\"\"><\/p>\n<p>Hidrolik silindir, \u00e7e\u015fitli end\u00fcstrilerde hayati bir rol oynar. Enerji verimlidir ve y\u00fckleri kald\u0131rma, itme, \u00e7ekme ve tutmada son derece etkilidir. \u00d6zellikle sorunsuz \u00e7al\u0131\u015fman\u0131n \u015fart oldu\u011fu treyler \u00fcretiminde silindirin \u00f6nemi abart\u0131lamaz. \u00dcr\u00fcn\u00fcn benzersiz \u00f6zellikleri ve avantajlar\u0131 onu di\u011ferlerinden ay\u0131rarak garantili g\u00fcvenlik ve performans sunar.<\/p>\n<h3>\u00dcr\u00fcn \u00d6zellikleri<\/h3>\n<p>Boyutlar, kapasite ve ta\u015f\u0131ma kapasitesi modele g\u00f6re de\u011fi\u015fiklik g\u00f6sterir.<\/p>\n<h2>Hidrolik Sistemleri ve \u00c7al\u0131\u015fma Prensiplerini Anlamak<\/h2>\n<p>Hidrolik sistemler, kapal\u0131 bir s\u0131v\u0131n\u0131n herhangi bir b\u00f6l\u00fcm\u00fcne uygulanan bas\u0131nc\u0131n her y\u00f6ne e\u015fit olarak iletilmesi anlam\u0131na gelen Pascal yasas\u0131 prensibine g\u00f6re \u00e7al\u0131\u015f\u0131r. Bu sistemin bir par\u00e7as\u0131 olan hidrolik piston silindiri, y\u00fcksek g\u00fc\u00e7 \u00e7\u0131k\u0131\u015f\u0131 sa\u011flamak i\u00e7in bu prensibi kullan\u0131r.<\/p>\n<h3>Hidrolik Piston Silindirinin Uygulamas\u0131<\/h3>\n<p>Hidrolik silindir, \u00f6ncelikle r\u00f6morklarda y\u00fckleri kald\u0131rmak, itmek, \u00e7ekmek ve tutmak i\u00e7in kullan\u0131l\u0131r. Verimli performans\u0131 sayesinde r\u00f6morklarda sorunsuz \u00e7al\u0131\u015fma sa\u011flar.<\/p>\n<p>\u00dcr\u00fcnlerimizi \u00fcretirken g\u00f6sterdi\u011fimiz hassasiyet ve \u00f6zeni g\u00f6rmek i\u00e7in sanal ger\u00e7eklik fabrikam\u0131z\u0131n sanal turuna kat\u0131l\u0131n.<\/p>\n<h2>\u00dcr\u00fcn Se\u00e7imi ve Bak\u0131m\u0131<\/h2>\n<p>Hidrolik silindirin optimum performans\u0131 i\u00e7in do\u011fru hidrolik s\u0131v\u0131s\u0131 ve ya\u011f ke\u00e7esinin se\u00e7imi \u00e7ok \u00f6nemlidir. Bu bile\u015fenlerin d\u00fczenli bak\u0131m\u0131 ve zaman\u0131nda de\u011fi\u015ftirilmesi, \u00fcr\u00fcn\u00fcn uzun \u00f6m\u00fcrl\u00fc olmas\u0131n\u0131 sa\u011flar.<\/p>\n<h3>FMP: G\u00fcvenilir Orta\u011f\u0131n\u0131z<\/h3>\n<p><img decoding=\"async\" src=\"https:\/\/hzpt.com\/wp-content\/uploads\/2023\/12\/insert-2.webp\" alt=\"\" title=\"\"><\/p>\n<p>FMP, \u0130talya'da hidrolik silindir \u00fcr\u00fcnlerinin \u00f6nde gelen \u00fcreticilerinden biri olup, 200.000 setlik tasar\u0131m kapasitesine sahiptir. 300'den fazla \u00e7e\u015fitli tam otomatik CNC \u00fcretim ekipman\u0131 ve tam otomatik hidrolik silindir montaj ekipman\u0131yla FMP, ola\u011fan\u00fcst\u00fc kalite ve hizmet sunmaktad\u0131r.<\/p>\n<h3>Di\u011fer \u00dcr\u00fcnler<\/h3>\n<p>FMP, hidrolik silindirlerin yan\u0131 s\u0131ra, y\u00fcksekte \u00e7al\u0131\u015fma platformu silindirleri, end\u00fcstriyel ara\u00e7 hidrolik silindirleri, d\u00f6ner sondaj makinesi silindirleri, kamyon vin\u00e7 silindirleri, in\u015faat makineleri hidrolik silindirleri, forklift hidrolik silindirleri, maden damperli kamyon silindirleri ve temizlik makineleri hidrolik silindirleri de sa\u011flamaktad\u0131r. \u00c7izim veya numuneye g\u00f6re \u00f6zelle\u015ftirme taleplerinizi memnuniyetle kar\u015f\u0131l\u0131yoruz.<\/p>\n<p><img decoding=\"async\" src=\"https:\/\/hzpt.com\/wp-content\/uploads\/2023\/12\/insert-5.webp\" alt=\"FMP Fabrikas\u0131\" title=\"\"><\/p>\n<h2>S\u0131k\u00e7a Sorulan Sorular<\/h2>\n<h3>S1: Hidrolik piston silindirinin kullan\u0131m \u00f6mr\u00fc ne kadard\u0131r?<\/h3>\n<p>A1: Uygun bak\u0131m yap\u0131ld\u0131\u011f\u0131nda, bu silindirler uzun y\u0131llar dayanabilir.<\/p>\n<h3>S2: Hidrolik s\u0131v\u0131s\u0131 ne s\u0131kl\u0131kla de\u011fi\u015ftirilmelidir?<\/h3>\n<p>A2: Hidrolik s\u0131v\u0131s\u0131n\u0131n de\u011fi\u015ftirilme s\u0131kl\u0131\u011f\u0131 kullan\u0131m s\u0131kl\u0131\u011f\u0131na ba\u011fl\u0131d\u0131r, ancak genel olarak her 1000 kullan\u0131m saatinde bir de\u011fi\u015ftirilmesini \u00f6neriyoruz.<\/p>\n<h3>S3: Hangi t\u00fcr hidrolik s\u0131v\u0131 kullan\u0131lmal\u0131d\u0131r?<\/h3>\n<p>A3: \u00dcretici taraf\u0131ndan belirtilen hidrolik s\u0131v\u0131y\u0131 kullanman\u0131z\u0131 \u00f6neririz.<\/p>\n<h3>S4: \u00d6zelle\u015ftirme mevcut mu?<\/h3>\n<p>A4: Evet, tasar\u0131m veya \u00f6rnek \u00fczerinden \u00f6zelle\u015ftirme taleplerinizi memnuniyetle kar\u015f\u0131l\u0131yoruz.<\/p>\n<h3>S5: Daha fazla bilgi i\u00e7in FMP ile nas\u0131l ileti\u015fime ge\u00e7ebilirim?<\/h3>\n<p>A5: Bizimle resmi internet sitemiz veya e-posta yoluyla ileti\u015fime ge\u00e7ebilirsiniz.<\/p>\n<h2>Kaynakl\u0131 \u00c7atal Tip Silindirin Avantajlar\u0131<\/h2>\n<p>Kaynakl\u0131 \u00e7atal tipi silindirler, benzersiz avantajlar\u0131 ve avantajlar\u0131 nedeniyle bir\u00e7ok end\u00fcstriyel uygulama i\u00e7in pop\u00fcler bir tercihtir. Kaynakl\u0131 \u00e7atal tipi silindirlerin baz\u0131 temel avantajlar\u0131 \u015funlard\u0131r:<\/p>\n<h3>1. Artt\u0131r\u0131lm\u0131\u015f G\u00fc\u00e7 ve Dayan\u0131kl\u0131l\u0131k<\/h3>\n<p>Kaynakl\u0131 \u00e7atal tipi silindirler, di\u011fer silindir tiplerine k\u0131yasla daha fazla mukavemet ve dayan\u0131kl\u0131l\u0131k sa\u011flayan kaynakl\u0131 bir u\u00e7 kapa\u011f\u0131yla \u00fcretilir. Bu, onlar\u0131 y\u00fcksek mukavemet ve dayan\u0131kl\u0131l\u0131k gerektiren a\u011f\u0131r hizmet uygulamalar\u0131 i\u00e7in ideal hale getirir.<\/p>\n<p>Ayr\u0131ca, bu silindirlerin kaynakl\u0131 tasar\u0131m\u0131, s\u0131z\u0131nt\u0131 veya ar\u0131za olas\u0131l\u0131\u011f\u0131n\u0131n daha d\u00fc\u015f\u00fck olmas\u0131 anlam\u0131na gelir; bu da ar\u0131za s\u00fcresini ve bak\u0131m maliyetlerini azaltmaya yard\u0131mc\u0131 olabilir.<\/p>\n<h3>2. Y\u00fcksek Bas\u0131nc\u0131 Y\u00f6netme Yetene\u011fi<\/h3>\n<p>Kaynakl\u0131 \u00e7atal tipi silindirler, y\u00fcksek bas\u0131n\u00e7 uygulamalar\u0131na da uygundur ve bu da onlar\u0131 in\u015faat, madencilik, petrol ve gaz gibi sekt\u00f6rlerde pop\u00fcler bir tercih haline getirir. Y\u00fcksek bas\u0131n\u00e7la ba\u015fa \u00e7\u0131kabilme yetenekleri, zorlu ortamlarda g\u00fcvenilir performans sa\u011flar.<\/p>\n<h3>3. \u00d6zelle\u015ftirilebilir Tasar\u0131m<\/h3>\n<p>Kaynakl\u0131 \u00e7atal tipi silindirler, bir uygulaman\u0131n \u00f6zel ihtiya\u00e7lar\u0131n\u0131 kar\u015f\u0131layacak \u015fekilde \u00f6zel olarak tasarlanabilir. Bu, belirli bir boyut, \u015fekil veya performans gereksinimine uyacak \u015fekilde uyarlanabilecekleri anlam\u0131na gelir. \u00d6zelle\u015ftirilebilir tasar\u0131m, \u00fcretim s\u00fcrecinde daha fazla esneklik sa\u011flayarak maliyet tasarrufu sa\u011flayabilir.<\/p>\n<h3>4. Kolay Kurulum<\/h3>\n<p>Kaynakl\u0131 \u00e7atal tipi silindirler, kolay montaj i\u00e7in tasarlanm\u0131\u015ft\u0131r ve bu da kurulum s\u00fcresini ve i\u015f\u00e7ilik maliyetlerini azaltmaya yard\u0131mc\u0131 olur. Genellikle \u00f6nceden monte edilmi\u015f ve kutudan \u00e7\u0131kar \u00e7\u0131kmaz kullan\u0131ma haz\u0131rd\u0131rlar, bu da ek par\u00e7a veya bile\u015fen ihtiyac\u0131n\u0131 en aza indirir.<\/p>\n<h3>5. Geli\u015fmi\u015f Performans<\/h3>\n<p>Kaynakl\u0131 \u00e7atal tipi silindirlerin tasar\u0131m\u0131, di\u011fer silindir tiplerine k\u0131yasla daha iyi performans sa\u011flar. Bas\u0131n\u00e7 birimi ba\u015f\u0131na daha fazla kuvvet \u00fcretebilirler, bu da end\u00fcstriyel uygulamalarda verimlili\u011fi ve \u00fcretkenli\u011fi art\u0131rmaya yard\u0131mc\u0131 olabilir.<\/p>\n<p>Genel olarak, kaynakl\u0131 \u00e7atal tipi silindirler, onlar\u0131 bir\u00e7ok end\u00fcstriyel uygulama i\u00e7in pop\u00fcler bir tercih haline getiren bir dizi avantaj ve avantaj sunar. Art\u0131r\u0131lm\u0131\u015f mukavemet ve dayan\u0131kl\u0131l\u0131klar\u0131, y\u00fcksek bas\u0131nca dayanma kabiliyetleri, \u00f6zelle\u015ftirilebilir tasar\u0131mlar\u0131, kolay montajlar\u0131 ve geli\u015fmi\u015f performanslar\u0131, g\u00fcvenilirlik ve performans\u0131n \u00f6nemli oldu\u011fu zorlu ortamlar i\u00e7in onlar\u0131 ideal bir se\u00e7im haline getirir.<\/p>\n<p><img loading=\"lazy\" decoding=\"async\" class=\"alignnone size-full wp-image-974\" src=\"https:\/\/fmp-components.com\/wp-content\/uploads\/2024\/12\/application-of-Welded-Tee-Type-Cylinder.webp\" alt=\"Kaynakl\u0131 T Tipi Silindirin Uygulamas\u0131\" width=\"760\" height=\"860\" title=\"\" srcset=\"https:\/\/fmp-components.com\/wp-content\/uploads\/2024\/12\/application-of-Welded-Tee-Type-Cylinder.webp 760w, https:\/\/fmp-components.com\/wp-content\/uploads\/2024\/12\/application-of-Welded-Tee-Type-Cylinder-480x543.webp 480w\" sizes=\"(min-width: 0px) and (max-width: 480px) 480px, (min-width: 481px) 760px, 100vw\" \/><\/p>\n<h2>Kaynakl\u0131 \u00c7atal Tip Silindir Uygulamas\u0131<\/h2>\n<ul>\n<li><strong>End\u00fcstriyel Makineler:<\/strong> Kaynakl\u0131 \u00c7atal Tipi Silindirler, a\u011f\u0131r hizmet tipi uygulamalar i\u00e7in \u00e7e\u015fitli end\u00fcstriyel makinelerde yayg\u0131n olarak kullan\u0131lmaktad\u0131r. Bu silindirler, makinelerdeki bile\u015fenleri kald\u0131rmak ve preslemek i\u00e7in y\u00fcksek kuvvet \u00e7\u0131k\u0131\u015f\u0131 \u00fcretebilir. Kaynakl\u0131 \u00e7atal tasar\u0131m\u0131, kolay kurulum ve verimli \u00e7al\u0131\u015fma sa\u011flayarak \u00fcreticiler aras\u0131nda pop\u00fcler bir tercih haline getirir.\n<ul>\n<li>\u00dcretim sekt\u00f6r\u00fcnde Kaynakl\u0131 Kelep\u00e7e Tipi Silindirler, metal saclar\u0131n \u015fekillendirilmesi ve \u015fekillendirilmesi i\u00e7in gerekli kuvveti sa\u011flamak amac\u0131yla hidrolik preslerde, enjeksiyon kal\u0131plama makinelerinde ve metal damgalama ekipmanlar\u0131nda kullan\u0131l\u0131r.<\/li>\n<li>Otomotiv end\u00fcstrisinde bu silindirler, \u00fcretim s\u00fcrecinde a\u011f\u0131r par\u00e7alar\u0131 kald\u0131rmak i\u00e7in ara\u00e7 krikolar\u0131nda, kald\u0131r\u0131c\u0131larda ve montaj makinelerinde kullan\u0131l\u0131r.<\/li>\n<li>\u0130n\u015faat sekt\u00f6r\u00fcnde Kaynakl\u0131 Kelep\u00e7e Tipi Silindirler, a\u011f\u0131r y\u00fckleri kald\u0131ran ve hareket ettiren hidrolik sistemlere g\u00fc\u00e7 sa\u011flamak i\u00e7in vin\u00e7lerde, ekskavat\u00f6rlerde ve buldozerlerde kullan\u0131l\u0131r.<\/li>\n<\/ul>\n<\/li>\n<li><strong>Tar\u0131m Makinalar\u0131:<\/strong> Tar\u0131m makineleri, Kaynakl\u0131 \u00c7atal Tip Silindirlerin en \u00e7ok kullan\u0131ld\u0131\u011f\u0131 alanlardan biridir. Bu silindirler, trakt\u00f6rler, bi\u00e7erd\u00f6verler ve sabanlar dahil olmak \u00fczere \u00e7e\u015fitli tar\u0131m makinelerinde toprak haz\u0131rlama, ekim ve hasat i\u00e7in gerekli kuvveti sa\u011flamak amac\u0131yla kullan\u0131l\u0131r.\n<ul>\n<li>Tar\u0131m sekt\u00f6r\u00fcnde Kaynakl\u0131 \u00c7atal Tip Silindirler, toprak haz\u0131rl\u0131\u011f\u0131 ve tohum ekimi i\u00e7in gerekli kuvveti sa\u011flamak amac\u0131yla pulluk, k\u00fcltivat\u00f6r ve tohum ekim makinelerinde kullan\u0131l\u0131r.<\/li>\n<li>Hasat end\u00fcstrisinde bu silindirler, hasat makinelerinde, balya makinelerinde ve bi\u00e7me makinelerinde, mahsul\u00fc toplayan ve ta\u015f\u0131yan hidrolik sistemlere g\u00fc\u00e7 sa\u011flamak i\u00e7in kullan\u0131l\u0131r.<\/li>\n<\/ul>\n<\/li>\n<li><strong>Havac\u0131l\u0131k ve Savunma:<\/strong> Kaynakl\u0131 Kelep\u00e7e Tipi Silindirler havac\u0131l\u0131k ve savunma sanayinde de kullan\u0131lmakta olup, u\u00e7aklar, roketler, f\u00fczeler ve savunma sistemleri gibi geni\u015f bir uygulama yelpazesinde kullan\u0131lmaktad\u0131r.\n<ul>\n<li>Havac\u0131l\u0131k ve uzay end\u00fcstrisinde Kaynakl\u0131 Kelep\u00e7e Tipi Silindirler, u\u00e7ak ini\u015f tak\u0131mlar\u0131nda, kanat\u00e7\u0131klarda ve frenlerde kalk\u0131\u015f ve ini\u015f i\u00e7in gerekli kuvveti sa\u011flamak amac\u0131yla kullan\u0131l\u0131r.<\/li>\n<li>Savunma sanayinde bu silindirler f\u00fcze f\u0131rlat\u0131c\u0131lar\u0131nda, silah taretlerinde ve tank sistemlerinde silah ve m\u00fchimmat\u0131n hareketini kontrol eden hidrolik sistemlere g\u00fc\u00e7 sa\u011flamak i\u00e7in kullan\u0131l\u0131r.<\/li>\n<\/ul>\n<\/li>\n<li><strong>Denizcilik End\u00fcstrisi:<\/strong> Kaynakl\u0131 Kelep\u00e7e Tipi Silindirler denizcilik sekt\u00f6r\u00fcnde de yayg\u0131n olarak kullan\u0131lmakta olup gemiler, tekneler ve su alt\u0131 ara\u00e7lar\u0131 i\u00e7in \u00e7e\u015fitli uygulamalarda kullan\u0131lmaktad\u0131r.\n<ul>\n<li>Denizcilik sekt\u00f6r\u00fcnde Kaynakl\u0131 Kelep\u00e7e Tipi Silindirler, vin\u00e7lerde, vin\u00e7lerde ve kargo elle\u00e7leme ekipmanlar\u0131nda kargo y\u00fckleme ve bo\u015faltma i\u00e7in gerekli kuvveti sa\u011flamak amac\u0131yla kullan\u0131l\u0131r.<\/li>\n<li>Teknecilik sekt\u00f6r\u00fcnde bu silindirler, teknelerin ve gemilerin hareketini kontrol etmek i\u00e7in gerekli kuvveti sa\u011flamak amac\u0131yla d\u00fcmen sistemlerinde, pervanelerde ve \u00e7apa sistemlerinde kullan\u0131l\u0131r.<\/li>\n<li>Sualt\u0131 ara\u00e7 sekt\u00f6r\u00fcnde Kaynakl\u0131 Kelep\u00e7e Tipi Silindirler, su alt\u0131 operasyonlar\u0131 i\u00e7in gerekli kuvveti sa\u011flamak amac\u0131yla dalg\u0131\u00e7larda, uzaktan kumandal\u0131 ara\u00e7larda (ROV) ve dal\u0131\u015f ekipmanlar\u0131nda kullan\u0131l\u0131r.<\/li>\n<\/ul>\n<\/li>\n<li><strong>Madencilik End\u00fcstrisi:<\/strong> Kaynakl\u0131 Kelep\u00e7e Tipi Silindirler ayr\u0131ca madencilik sekt\u00f6r\u00fcnde de kullan\u0131l\u0131r ve mineral \u00e7\u0131karma ve malzeme ta\u015f\u0131ma gibi \u00e7e\u015fitli uygulamalarda kullan\u0131l\u0131r.\n<ul>\n<li>Madencilik sekt\u00f6r\u00fcnde Kaynakl\u0131 Kelep\u00e7e Tipi Silindirler, konvey\u00f6r sistemlerinde, sondaj makinelerinde ve hidrolik kep\u00e7elerde maden ve ta\u015f ocaklar\u0131ndan mineral ve malzemelerin \u00e7\u0131kar\u0131lmas\u0131 i\u00e7in gerekli kuvveti sa\u011flamak amac\u0131yla kullan\u0131l\u0131r.<\/li>\n<\/ul>\n<\/li>\n<\/ul>\n<p>Yazar:CX<\/p>","protected":false},"excerpt":{"rendered":"<p>Product Introduction: The 10051 Good Quality Hydraulic Ram Cylinder Hydraulic Piston Cylinder For Trailer is a top-notch product designed to meet all your hydraulic needs. With its exceptional quality and reliable performance, this hydraulic cylinder is a perfect fit for trailers of various kinds. Featuring a robust design and built to withstand heavy loads, this [&hellip;]<\/p>","protected":false},"featured_media":1127,"comment_status":"closed","ping_status":"closed","template":"","meta":{"_et_pb_use_builder":"","_et_pb_old_content":"","_et_gb_content_width":""},"product_brand":[],"product_cat":[36],"product_tag":[34,38],"class_list":{"0":"post-1059","1":"product","2":"type-product","3":"status-publish","4":"has-post-thumbnail","6":"product_cat-welded-clevis-type-cylinder","7":"product_tag-hydraulic-cylinder","8":"product_tag-welded-clevis-type-cylinder","10":"first","11":"instock","12":"product-type-simple"},"_links":{"self":[{"href":"https:\/\/fmp-components.com\/tr\/wp-json\/wp\/v2\/product\/1059","targetHints":{"allow":["GET"]}}],"collection":[{"href":"https:\/\/fmp-components.com\/tr\/wp-json\/wp\/v2\/product"}],"about":[{"href":"https:\/\/fmp-components.com\/tr\/wp-json\/wp\/v2\/types\/product"}],"replies":[{"embeddable":true,"href":"https:\/\/fmp-components.com\/tr\/wp-json\/wp\/v2\/comments?post=1059"}],"wp:featuredmedia":[{"embeddable":true,"href":"https:\/\/fmp-components.com\/tr\/wp-json\/wp\/v2\/media\/1127"}],"wp:attachment":[{"href":"https:\/\/fmp-components.com\/tr\/wp-json\/wp\/v2\/media?parent=1059"}],"wp:term":[{"taxonomy":"product_brand","embeddable":true,"href":"https:\/\/fmp-components.com\/tr\/wp-json\/wp\/v2\/product_brand?post=1059"},{"taxonomy":"product_cat","embeddable":true,"href":"https:\/\/fmp-components.com\/tr\/wp-json\/wp\/v2\/product_cat?post=1059"},{"taxonomy":"product_tag","embeddable":true,"href":"https:\/\/fmp-components.com\/tr\/wp-json\/wp\/v2\/product_tag?post=1059"}],"curies":[{"name":"wp","href":"https:\/\/api.w.org\/{rel}","templated":true}]}}