{"id":1055,"date":"2024-12-19T06:17:44","date_gmt":"2024-12-19T06:17:44","guid":{"rendered":"https:\/\/fmp-components.com\/product\/10047-factory-customized-hydraulic-piston-cylinder-for-sale\/"},"modified":"2024-12-23T08:59:09","modified_gmt":"2024-12-23T08:59:09","slug":"10047-factory-customized-hydraulic-piston-cylinder-for-sale","status":"publish","type":"product","link":"https:\/\/fmp-components.com\/tr\/product\/10047-factory-customized-hydraulic-piston-cylinder-for-sale\/","title":{"rendered":"10047 Fabrika \u00d6zel Hidrolik Piston Silindiri Sat\u0131l\u0131k"},"content":{"rendered":"<h2>\u00dcr\u00fcn 10047 Fabrika \u00dcretimi \u00d6zel Hidrolik Piston Silindiri Sat\u0131l\u0131k<\/h2>\n<p>End\u00fcstriyel ihtiya\u00e7lar\u0131n\u0131z i\u00e7in g\u00fcvenilir bir hidrolik piston silindiri mi ar\u0131yorsunuz? O zaman 10047 numaral\u0131 Fabrika \u00d6zel \u00dcretimi Hidrolik Piston Silindirinden ba\u015fka bir yere bakman\u0131za gerek yok.<\/p>\n<p>Hidrolik piston silindirimiz, y\u00fcksek performans ve dayan\u0131kl\u0131l\u0131k sa\u011flamak i\u00e7in hassas m\u00fchendislik ve \u00fcst\u00fcn malzemelerle tasarlanm\u0131\u015ft\u0131r. A\u011f\u0131r i\u015fleri kolayl\u0131kla halledebilen bu silindir, \u00e7ok \u00e7e\u015fitli uygulamalar i\u00e7in m\u00fckemmel bir se\u00e7imdir.<\/p>\n<p>\u00dcst\u00fcn kaliteli malzemelerden \u00fcretilen hidrolik piston silindirimiz, a\u015f\u0131nmaya ve y\u0131pranmaya kar\u015f\u0131 m\u00fckemmel diren\u00e7 g\u00f6stererek en zorlu \u00e7al\u0131\u015fma ko\u015fullar\u0131nda bile uzun \u00f6m\u00fcrl\u00fc performans sa\u011flar. Ayr\u0131ca son derece \u00f6zelle\u015ftirilebilir olup, ihtiya\u00e7lar\u0131n\u0131za ve gereksinimlerinize g\u00f6re uyarlaman\u0131za olanak tan\u0131r.<\/p>\n<p>\u00d6yleyse neden bekliyorsunuz? Hemen bug\u00fcn 10047 numaral\u0131 Fabrika \u00d6zel \u00dcretim Hidrolik Piston Silindiri'ne yat\u0131r\u0131m yap\u0131n ve hidrolik teknolojisindeki en iyiyi deneyimleyin.<\/p>\n<h2>Hidrolik Piston Silindirinin Tan\u0131t\u0131m\u0131<\/h2>\n<p>2006 y\u0131l\u0131nda kurulan FMP'nin bir \u00fcr\u00fcn\u00fc olan Hidrolik Piston Silindirimiz, on y\u0131l\u0131 a\u015fk\u0131n s\u00fcredir sekt\u00f6re hizmet veren, son derece verimli ve g\u00fcvenilir bir \u00fcr\u00fcnd\u00fcr.<\/p>\n<h3>Hidrolik Piston Silindirinin Fonksiyonu ve \u00d6zellikleri<\/h3>\n<p>Hidrolik piston silindiri, hidrolik s\u0131v\u0131n\u0131n enerjisini mekanik enerjiye d\u00f6n\u00fc\u015ft\u00fcrerek \u00e7al\u0131\u015f\u0131r. \u0130n\u015faat ekipmanlar\u0131, imalat makineleri ve in\u015faat m\u00fchendisli\u011fi de dahil olmak \u00fczere \u00e7ok \u00e7e\u015fitli uygulamalar i\u00e7in hayati \u00f6neme sahiptir.<\/p>\n<h2>\u00dcr\u00fcn \u00d6zellikleri<\/h2>\n<p>\u00dcr\u00fcn\u00fcm\u00fcz a\u015fa\u011f\u0131daki gibi \u00fcst\u00fcn teknik \u00f6zelliklere sahiptir:<br \/>\n\u2013 \u00d6l\u00e7\u00fcler: \u00d6zel sipari\u015flere g\u00f6re de\u011fi\u015fiklik g\u00f6sterir.<br \/>\n\u2013 Kapasite: Y\u00fcksek<br \/>\n\u2013 Ta\u015f\u0131ma kapasitesi: Ola\u011fan\u00fcst\u00fc<\/p>\n<h2>Benzersiz \u00d6zellikler ve Avantajlar<\/h2>\n<p>Benzersiz \u00f6zellik ve avantajlar\u0131ndan baz\u0131lar\u0131 \u015funlard\u0131r:<br \/>\n\u2013 Enerji verimli: \u0130\u015fletme maliyetlerinin azalt\u0131lmas\u0131na yard\u0131mc\u0131 olur.<br \/>\n\u2013 Y\u00fcksek verimlilik: \u00dcretkenli\u011fi en \u00fcst d\u00fczeye \u00e7\u0131kar\u0131r.<br \/>\n\u2013 G\u00fcvenlik: G\u00fcvenli operasyonlar\u0131 sa\u011flar.<\/p>\n<h2>Hidrolik Sistemin ve \u00c7al\u0131\u015fma Prensibinin Anla\u015f\u0131lmas\u0131<\/h2>\n<p>Hidrolik sistem, Pascal yasas\u0131 prensibine g\u00f6re \u00e7al\u0131\u015f\u0131r ve bir depoda saklanan hidrolik s\u0131v\u0131y\u0131 kontrol eder. Bu sistem, hidrolik piston silindirinin i\u015flevini verimli bir \u015fekilde yerine getirmesini m\u00fcmk\u00fcn k\u0131lar.<\/p>\n<h2>Hidrolik Piston Silindirinin Uygulamas\u0131<\/h2>\n<p>Hidrolik piston silindiri, in\u015faat, imalat ve in\u015faat m\u00fchendisli\u011fi gibi \u00e7e\u015fitli alanlarda uygulama alan\u0131 bulmaktad\u0131r.<\/p>\n<h2>Fabrikam\u0131z\u0131n Sanal Ger\u00e7eklik Turu<\/h2>\n<p>Sizi fabrikam\u0131z\u0131n sanal turuna kat\u0131lmaya davet ediyoruz. <a href=\"https:\/\/v.holoworld.com.cn\/v\/virtualbuy.html?id=78a76263-47ab-485f-b978-0dafacfb4096\" target=\"_blank\" rel=\"noopener\">Burada<\/a>.<\/p>\n<h2>Hidrolik Piston Silindirine Daha Yak\u0131ndan Bak\u0131\u015f<\/h2>\n<p>Hidrolik piston silindiri zengin bir tarihe, \u00e7e\u015fitli s\u0131n\u0131fland\u0131rmalara, say\u0131s\u0131z avantaja sahiptir ve minimum bak\u0131m gerektirir. Kurulumu kolayd\u0131r ve uzun bir kullan\u0131m \u00f6mr\u00fcne sahiptir.<\/p>\n<h2>\u00dcr\u00fcn Se\u00e7im Rehberi<\/h2>\n<p>Hidrolik piston silindirinin optimum \u00e7al\u0131\u015fmas\u0131 i\u00e7in do\u011fru hidrolik ya\u011f ve ya\u011f ke\u00e7esinin se\u00e7imi \u00e7ok \u00f6nemlidir. \u00dcr\u00fcnlerimizden en iyi \u015fekilde yararlanman\u0131z\u0131 sa\u011flamak i\u00e7in kapsaml\u0131 \u00fcr\u00fcn se\u00e7imi k\u0131lavuzu sunuyoruz.<\/p>\n<h2>Kaynakl\u0131 \u00c7atal Tip Silindirin Avantajlar\u0131<\/h2>\n<p>Kaynakl\u0131 \u00e7atal tipi silindirler, benzersiz avantajlar\u0131 ve avantajlar\u0131 nedeniyle bir\u00e7ok end\u00fcstriyel uygulama i\u00e7in pop\u00fcler bir tercihtir. Kaynakl\u0131 \u00e7atal tipi silindirlerin baz\u0131 temel avantajlar\u0131 \u015funlard\u0131r:<\/p>\n<h3>1. Artt\u0131r\u0131lm\u0131\u015f G\u00fc\u00e7 ve Dayan\u0131kl\u0131l\u0131k<\/h3>\n<p>Kaynakl\u0131 \u00e7atal tipi silindirler, di\u011fer silindir tiplerine k\u0131yasla daha fazla mukavemet ve dayan\u0131kl\u0131l\u0131k sa\u011flayan kaynakl\u0131 bir u\u00e7 kapa\u011f\u0131yla \u00fcretilir. Bu, onlar\u0131 y\u00fcksek mukavemet ve dayan\u0131kl\u0131l\u0131k gerektiren a\u011f\u0131r hizmet uygulamalar\u0131 i\u00e7in ideal hale getirir.<\/p>\n<p>Ayr\u0131ca, bu silindirlerin kaynakl\u0131 tasar\u0131m\u0131, s\u0131z\u0131nt\u0131 veya ar\u0131za olas\u0131l\u0131\u011f\u0131n\u0131n daha d\u00fc\u015f\u00fck olmas\u0131 anlam\u0131na gelir; bu da ar\u0131za s\u00fcresini ve bak\u0131m maliyetlerini azaltmaya yard\u0131mc\u0131 olabilir.<\/p>\n<h3>2. Y\u00fcksek Bas\u0131nc\u0131 Y\u00f6netme Yetene\u011fi<\/h3>\n<p>Kaynakl\u0131 \u00e7atal tipi silindirler, y\u00fcksek bas\u0131n\u00e7 uygulamalar\u0131na da uygundur ve bu da onlar\u0131 in\u015faat, madencilik, petrol ve gaz gibi sekt\u00f6rlerde pop\u00fcler bir tercih haline getirir. Y\u00fcksek bas\u0131n\u00e7la ba\u015fa \u00e7\u0131kabilme yetenekleri, zorlu ortamlarda g\u00fcvenilir performans sa\u011flar.<\/p>\n<h3>3. \u00d6zelle\u015ftirilebilir Tasar\u0131m<\/h3>\n<p>Kaynakl\u0131 \u00e7atal tipi silindirler, bir uygulaman\u0131n \u00f6zel ihtiya\u00e7lar\u0131n\u0131 kar\u015f\u0131layacak \u015fekilde \u00f6zel olarak tasarlanabilir. Bu, belirli bir boyut, \u015fekil veya performans gereksinimine uyacak \u015fekilde uyarlanabilecekleri anlam\u0131na gelir. \u00d6zelle\u015ftirilebilir tasar\u0131m, \u00fcretim s\u00fcrecinde daha fazla esneklik sa\u011flayarak maliyet tasarrufu sa\u011flayabilir.<\/p>\n<h3>4. Kolay Kurulum<\/h3>\n<p>Kaynakl\u0131 \u00e7atal tipi silindirler, kolay montaj i\u00e7in tasarlanm\u0131\u015ft\u0131r ve bu da kurulum s\u00fcresini ve i\u015f\u00e7ilik maliyetlerini azaltmaya yard\u0131mc\u0131 olur. Genellikle \u00f6nceden monte edilmi\u015f ve kutudan \u00e7\u0131kar \u00e7\u0131kmaz kullan\u0131ma haz\u0131rd\u0131rlar, bu da ek par\u00e7a veya bile\u015fen ihtiyac\u0131n\u0131 en aza indirir.<\/p>\n<h3>5. Geli\u015fmi\u015f Performans<\/h3>\n<p>Kaynakl\u0131 \u00e7atal tipi silindirlerin tasar\u0131m\u0131, di\u011fer silindir tiplerine k\u0131yasla daha iyi performans sa\u011flar. Bas\u0131n\u00e7 birimi ba\u015f\u0131na daha fazla kuvvet \u00fcretebilirler, bu da end\u00fcstriyel uygulamalarda verimlili\u011fi ve \u00fcretkenli\u011fi art\u0131rmaya yard\u0131mc\u0131 olabilir.<\/p>\n<p>Genel olarak, kaynakl\u0131 \u00e7atal tipi silindirler, onlar\u0131 bir\u00e7ok end\u00fcstriyel uygulama i\u00e7in pop\u00fcler bir tercih haline getiren bir dizi avantaj ve avantaj sunar. Art\u0131r\u0131lm\u0131\u015f mukavemet ve dayan\u0131kl\u0131l\u0131klar\u0131, y\u00fcksek bas\u0131nca dayanma kabiliyetleri, \u00f6zelle\u015ftirilebilir tasar\u0131mlar\u0131, kolay montajlar\u0131 ve geli\u015fmi\u015f performanslar\u0131, g\u00fcvenilirlik ve performans\u0131n \u00f6nemli oldu\u011fu zorlu ortamlar i\u00e7in onlar\u0131 ideal bir se\u00e7im haline getirir.<\/p>\n<h2>Kaynakl\u0131 \u00c7atal Tip Silindir Uygulamas\u0131<\/h2>\n<ul>\n<li><strong>End\u00fcstriyel Makineler:<\/strong> Kaynakl\u0131 \u00c7atal Tipi Silindirler, a\u011f\u0131r hizmet tipi uygulamalar i\u00e7in \u00e7e\u015fitli end\u00fcstriyel makinelerde yayg\u0131n olarak kullan\u0131lmaktad\u0131r. Bu silindirler, makinelerdeki bile\u015fenleri kald\u0131rmak ve preslemek i\u00e7in y\u00fcksek kuvvet \u00e7\u0131k\u0131\u015f\u0131 \u00fcretebilir. Kaynakl\u0131 \u00e7atal tasar\u0131m\u0131, kolay kurulum ve verimli \u00e7al\u0131\u015fma sa\u011flayarak \u00fcreticiler aras\u0131nda pop\u00fcler bir tercih haline getirir.\n<ul>\n<li>\u00dcretim sekt\u00f6r\u00fcnde Kaynakl\u0131 Kelep\u00e7e Tipi Silindirler, metal saclar\u0131n \u015fekillendirilmesi ve \u015fekillendirilmesi i\u00e7in gerekli kuvveti sa\u011flamak amac\u0131yla hidrolik preslerde, enjeksiyon kal\u0131plama makinelerinde ve metal damgalama ekipmanlar\u0131nda kullan\u0131l\u0131r.<\/li>\n<li>Otomotiv end\u00fcstrisinde bu silindirler, \u00fcretim s\u00fcrecinde a\u011f\u0131r par\u00e7alar\u0131 kald\u0131rmak i\u00e7in ara\u00e7 krikolar\u0131nda, kald\u0131r\u0131c\u0131larda ve montaj makinelerinde kullan\u0131l\u0131r.<\/li>\n<li>\u0130n\u015faat sekt\u00f6r\u00fcnde Kaynakl\u0131 Kelep\u00e7e Tipi Silindirler, a\u011f\u0131r y\u00fckleri kald\u0131ran ve hareket ettiren hidrolik sistemlere g\u00fc\u00e7 sa\u011flamak i\u00e7in vin\u00e7lerde, ekskavat\u00f6rlerde ve buldozerlerde kullan\u0131l\u0131r.<\/li>\n<\/ul>\n<\/li>\n<li><strong>Tar\u0131m Makinalar\u0131:<\/strong> Tar\u0131m makineleri, Kaynakl\u0131 \u00c7atal Tip Silindirlerin en \u00e7ok kullan\u0131ld\u0131\u011f\u0131 alanlardan biridir. Bu silindirler, trakt\u00f6rler, bi\u00e7erd\u00f6verler ve sabanlar dahil olmak \u00fczere \u00e7e\u015fitli tar\u0131m makinelerinde toprak haz\u0131rlama, ekim ve hasat i\u00e7in gerekli kuvveti sa\u011flamak amac\u0131yla kullan\u0131l\u0131r.\n<ul>\n<li>Tar\u0131m sekt\u00f6r\u00fcnde Kaynakl\u0131 \u00c7atal Tip Silindirler, toprak haz\u0131rl\u0131\u011f\u0131 ve tohum ekimi i\u00e7in gerekli kuvveti sa\u011flamak amac\u0131yla pulluk, k\u00fcltivat\u00f6r ve tohum ekim makinelerinde kullan\u0131l\u0131r.<\/li>\n<li>Hasat end\u00fcstrisinde bu silindirler, hasat makinelerinde, balya makinelerinde ve bi\u00e7me makinelerinde, mahsul\u00fc toplayan ve ta\u015f\u0131yan hidrolik sistemlere g\u00fc\u00e7 sa\u011flamak i\u00e7in kullan\u0131l\u0131r.<\/li>\n<\/ul>\n<\/li>\n<li><strong>Havac\u0131l\u0131k ve Savunma:<\/strong> Kaynakl\u0131 Kelep\u00e7e Tipi Silindirler havac\u0131l\u0131k ve savunma sanayinde de kullan\u0131lmakta olup, u\u00e7aklar, roketler, f\u00fczeler ve savunma sistemleri gibi geni\u015f bir uygulama yelpazesinde kullan\u0131lmaktad\u0131r.\n<ul>\n<li>Havac\u0131l\u0131k ve uzay end\u00fcstrisinde Kaynakl\u0131 Kelep\u00e7e Tipi Silindirler, u\u00e7ak ini\u015f tak\u0131mlar\u0131nda, kanat\u00e7\u0131klarda ve frenlerde kalk\u0131\u015f ve ini\u015f i\u00e7in gerekli kuvveti sa\u011flamak amac\u0131yla kullan\u0131l\u0131r.<\/li>\n<li>Savunma sanayinde bu silindirler f\u00fcze f\u0131rlat\u0131c\u0131lar\u0131nda, silah taretlerinde ve tank sistemlerinde silah ve m\u00fchimmat\u0131n hareketini kontrol eden hidrolik sistemlere g\u00fc\u00e7 sa\u011flamak i\u00e7in kullan\u0131l\u0131r.<\/li>\n<\/ul>\n<\/li>\n<li><strong>Denizcilik End\u00fcstrisi:<\/strong> Kaynakl\u0131 Kelep\u00e7e Tipi Silindirler denizcilik sekt\u00f6r\u00fcnde de yayg\u0131n olarak kullan\u0131lmakta olup gemiler, tekneler ve su alt\u0131 ara\u00e7lar\u0131 i\u00e7in \u00e7e\u015fitli uygulamalarda kullan\u0131lmaktad\u0131r.\n<ul>\n<li>Denizcilik sekt\u00f6r\u00fcnde Kaynakl\u0131 Kelep\u00e7e Tipi Silindirler, vin\u00e7lerde, vin\u00e7lerde ve kargo elle\u00e7leme ekipmanlar\u0131nda kargo y\u00fckleme ve bo\u015faltma i\u00e7in gerekli kuvveti sa\u011flamak amac\u0131yla kullan\u0131l\u0131r.<\/li>\n<li>Teknecilik sekt\u00f6r\u00fcnde bu silindirler, teknelerin ve gemilerin hareketini kontrol etmek i\u00e7in gerekli kuvveti sa\u011flamak amac\u0131yla d\u00fcmen sistemlerinde, pervanelerde ve \u00e7apa sistemlerinde kullan\u0131l\u0131r.<\/li>\n<li>Sualt\u0131 ara\u00e7 sekt\u00f6r\u00fcnde Kaynakl\u0131 Kelep\u00e7e Tipi Silindirler, su alt\u0131 operasyonlar\u0131 i\u00e7in gerekli kuvveti sa\u011flamak amac\u0131yla dalg\u0131\u00e7larda, uzaktan kumandal\u0131 ara\u00e7larda (ROV) ve dal\u0131\u015f ekipmanlar\u0131nda kullan\u0131l\u0131r.<\/li>\n<\/ul>\n<\/li>\n<li><strong>Madencilik End\u00fcstrisi:<\/strong> Kaynakl\u0131 Kelep\u00e7e Tipi Silindirler ayr\u0131ca madencilik sekt\u00f6r\u00fcnde de kullan\u0131l\u0131r ve mineral \u00e7\u0131karma ve malzeme ta\u015f\u0131ma gibi \u00e7e\u015fitli uygulamalarda kullan\u0131l\u0131r.\n<ul>\n<li>Madencilik sekt\u00f6r\u00fcnde Kaynakl\u0131 Kelep\u00e7e Tipi Silindirler, konvey\u00f6r sistemlerinde, sondaj makinelerinde ve hidrolik kep\u00e7elerde maden ve ta\u015f ocaklar\u0131ndan mineral ve malzemelerin \u00e7\u0131kar\u0131lmas\u0131 i\u00e7in gerekli kuvveti sa\u011flamak amac\u0131yla kullan\u0131l\u0131r.<\/li>\n<\/ul>\n<\/li>\n<\/ul>\n<h2>FMP Hakk\u0131nda<\/h2>\n<p><img decoding=\"async\" src=\"https:\/\/hzpt.com\/wp-content\/uploads\/2023\/12\/insert-4.webp?v=1694163707\" alt=\"\" title=\"\"><br \/>\nFMP, \u0130talya'da mobil makinelerin hidrolik silindir alt pazar\u0131nda lider konumdad\u0131r. \u00dcr\u00fcnlerimiz aras\u0131nda hidrolik e\u011fim silindirleri, hidrolik direksiyon silindirleri ve hidrolik kald\u0131rma silindirleri bulunmaktad\u0131r. 300 adet \u00e7e\u015fitli tam otomatik CNC \u00fcretim ekipman\u0131 ve tam otomatik hidrolik silindir montaj ekipman\u0131yla y\u0131ll\u0131k 200.000 set \u00fcretim kapasitesine sahibiz.<\/p>\n<h2>Neden FMP'yi Se\u00e7melisiniz?<\/h2>\n<p>\u00dcr\u00fcnlerimizin \u00fcst\u00fcn kalitesi, rekabet\u00e7i fiyatlar\u0131m\u0131z ve m\u00fckemmel m\u00fc\u015fteri hizmetlerimizle \u00f6ne \u00e7\u0131k\u0131yoruz.<\/p>\n<h3>Sundu\u011fumuz Di\u011fer \u00dcr\u00fcnler<\/h3>\n<p>Ayr\u0131ca y\u00fcksek irtifa operasyon platformu ya\u011f silindirleri, end\u00fcstriyel ara\u00e7 hidrolik silindirleri, d\u00f6ner sondaj kulesi ya\u011f silindirleri, kamyon vinci ya\u011f silindirleri, i\u015f makineleri hidrolik silindirleri de sunuyoruz. <b>Forklift Hidrolik Silindirleri<\/b>Maden kamyonu ya\u011f silindirleri ve temizlik makineleri hidrolik silindirleri de dahil olmak \u00fczere \u00e7e\u015fitli \u00fcr\u00fcnler \u00fcretiyoruz. \u00d6zel sipari\u015flerinizi de memnuniyetle kabul ediyoruz.<\/p>\n<h2>Fabrikam\u0131z<\/h2>\n<p><img decoding=\"async\" src=\"https:\/\/hzpt.com\/wp-content\/uploads\/2023\/12\/insert-5.webp\" alt=\"Fabrikam\u0131z\" title=\"\"><\/p>\n<h2>SSS<\/h2>\n<p>Hidrolik Piston Silindirimizle ilgili s\u0131k\u00e7a sorulan baz\u0131 sorular \u015funlard\u0131r:<\/p>\n<p>S1: Hidrolik piston silindirinin ta\u015f\u0131ma kapasitesi nedir?<br \/>\nA1: Ta\u015f\u0131ma kapasitesi ola\u011fan\u00fcst\u00fcd\u00fcr ve \u00f6zel sipari\u015flere g\u00f6re de\u011fi\u015fiklik g\u00f6sterir.<\/p>\n<p>S2: Hidrolik Piston Silindiri ne kadar enerji verimlidir?<br \/>\nA2: Hidrolik Piston Silindirimiz son derece enerji verimlidir ve i\u015fletme maliyetlerinin d\u00fc\u015f\u00fcr\u00fclmesine yard\u0131mc\u0131 olur.<\/p>\n<p>S3: Hidrolik piston silindirinin \u00e7al\u0131\u015fma g\u00fcvenli\u011fi ne kadar y\u00fcksektir?<br \/>\nA3: G\u00fcvenlik en \u00f6nemli \u00f6nceliklerimizden biridir. Hidrolik Piston Silindirimiz g\u00fcvenli \u00e7al\u0131\u015fma sa\u011flar.<\/p>\n<p>S4: FMP'nin \u00fcretim kapasitesi nedir?<br \/>\nA4: Y\u0131ll\u0131k \u00fcretim kapasitemiz 200.000 settir.<br \/>\n<img decoding=\"async\" src=\"https:\/\/hzpt.com\/wp-content\/uploads\/2023\/12\/insert-1.webp\" alt=\"\" title=\"\"><\/p>\n<p>S5: \u00d6zel sipari\u015f al\u0131yor musunuz?<br \/>\nA5: Evet, taleplerinize g\u00f6re \u00f6zel sipari\u015fleri memnuniyetle kar\u015f\u0131l\u0131yoruz.<\/p>\n<p>Yazar:CX<\/p>","protected":false},"excerpt":{"rendered":"<p>Product 10047 Factory Customized Hydraulic Piston Cylinder for Sale Looking for a reliable hydraulic piston cylinder for your industrial needs? Look no further than Product 10047 Factory Customized Hydraulic Piston Cylinder. Our hydraulic piston cylinder is designed with precision engineering and superior materials to ensure high performance and durability. It is capable of handling heavy-duty [&hellip;]<\/p>","protected":false},"featured_media":1127,"comment_status":"closed","ping_status":"closed","template":"","meta":{"_et_pb_use_builder":"","_et_pb_old_content":"","_et_gb_content_width":""},"product_brand":[],"product_cat":[36],"product_tag":[34,38],"class_list":{"0":"post-1055","1":"product","2":"type-product","3":"status-publish","4":"has-post-thumbnail","6":"product_cat-welded-clevis-type-cylinder","7":"product_tag-hydraulic-cylinder","8":"product_tag-welded-clevis-type-cylinder","10":"first","11":"instock","12":"product-type-simple"},"_links":{"self":[{"href":"https:\/\/fmp-components.com\/tr\/wp-json\/wp\/v2\/product\/1055","targetHints":{"allow":["GET"]}}],"collection":[{"href":"https:\/\/fmp-components.com\/tr\/wp-json\/wp\/v2\/product"}],"about":[{"href":"https:\/\/fmp-components.com\/tr\/wp-json\/wp\/v2\/types\/product"}],"replies":[{"embeddable":true,"href":"https:\/\/fmp-components.com\/tr\/wp-json\/wp\/v2\/comments?post=1055"}],"wp:featuredmedia":[{"embeddable":true,"href":"https:\/\/fmp-components.com\/tr\/wp-json\/wp\/v2\/media\/1127"}],"wp:attachment":[{"href":"https:\/\/fmp-components.com\/tr\/wp-json\/wp\/v2\/media?parent=1055"}],"wp:term":[{"taxonomy":"product_brand","embeddable":true,"href":"https:\/\/fmp-components.com\/tr\/wp-json\/wp\/v2\/product_brand?post=1055"},{"taxonomy":"product_cat","embeddable":true,"href":"https:\/\/fmp-components.com\/tr\/wp-json\/wp\/v2\/product_cat?post=1055"},{"taxonomy":"product_tag","embeddable":true,"href":"https:\/\/fmp-components.com\/tr\/wp-json\/wp\/v2\/product_tag?post=1055"}],"curies":[{"name":"wp","href":"https:\/\/api.w.org\/{rel}","templated":true}]}}