{"id":1054,"date":"2024-12-19T06:17:44","date_gmt":"2024-12-19T06:17:44","guid":{"rendered":"https:\/\/fmp-components.com\/product\/10046-chinese-factory-small-agriculture-hydraulic-cylinder-for-tractor\/"},"modified":"2025-03-18T02:22:11","modified_gmt":"2025-03-18T02:22:11","slug":"10046-italian-factory-small-agriculture-hydraulic-cylinder-for-tractor","status":"publish","type":"product","link":"https:\/\/fmp-components.com\/tr\/product\/10046-italian-factory-small-agriculture-hydraulic-cylinder-for-tractor\/","title":{"rendered":"10046 \u0130talyan Fabrikas\u0131 Trakt\u00f6r i\u00e7in K\u00fc\u00e7\u00fck Tar\u0131m Hidrolik Silindiri"},"content":{"rendered":"<h2>\u00dcr\u00fcn 10046 \u0130talyan Fabrikas\u0131 K\u00fc\u00e7\u00fck Tar\u0131m Trakt\u00f6r Hidrolik Silindiri:<\/h2>\n<p>10046 \u0130talyan Fabrikas\u0131 K\u00fc\u00e7\u00fck Tar\u0131m Trakt\u00f6r Hidrolik Silindiri, \u00f6zellikle tar\u0131msal kullan\u0131m i\u00e7in tasarlanm\u0131\u015f y\u00fcksek kaliteli bir \u00fcr\u00fcnd\u00fcr. Geli\u015fmi\u015f hidrolik teknolojisiyle bu silindir, ola\u011fan\u00fcst\u00fc performans ve g\u00fcvenilirlik sunar.<\/p>\n<p>Bu hidrolik silindir, m\u00fckemmelli\u011fe ve hassas m\u00fchendisli\u011fe olan ba\u011fl\u0131l\u0131\u011f\u0131yla tan\u0131nan sayg\u0131n bir \u0130talyan fabrikas\u0131 taraf\u0131ndan \u00fcretilmi\u015ftir. Her silindir, uzun \u00f6m\u00fcrl\u00fc dayan\u0131kl\u0131l\u0131k ve a\u015f\u0131nmaya kar\u015f\u0131 diren\u00e7 sa\u011flamak i\u00e7in dayan\u0131kl\u0131 malzemelerden yap\u0131lm\u0131\u015ft\u0131r.<\/p>\n<p>Bu hidrolik silindirin k\u00fc\u00e7\u00fck boyutu, onu tar\u0131msal uygulamalarda kullan\u0131lan trakt\u00f6rler i\u00e7in ideal hale getiriyor. Y\u00fckleyici, pulluk ve bi\u00e7erd\u00f6ver gibi \u00e7e\u015fitli tar\u0131m aletlerini \u00e7al\u0131\u015ft\u0131rmak i\u00e7in gerekli g\u00fcc\u00fc ve kontrol\u00fc sa\u011fl\u0131yor.<\/p>\n<p>Verimli tasar\u0131m\u0131 sayesinde bu hidrolik silindir, sorunsuz ve hassas \u00e7al\u0131\u015fma sa\u011flayarak trakt\u00f6r\u00fcn genel verimlili\u011fini art\u0131r\u0131r. Y\u00fcksek kald\u0131rma kapasitesi ve m\u00fckemmel y\u00fck ta\u015f\u0131ma \u00f6zellikleri sunarak \u00e7ift\u00e7ilerin a\u011f\u0131r y\u00fckleri kolayl\u0131kla ta\u015f\u0131mas\u0131na olanak tan\u0131r.<\/p>\n<p>10046 \u0130talyan Fabrikas\u0131 K\u00fc\u00e7\u00fck Tar\u0131m Trakt\u00f6r Hidrolik Silindiri, kurulumu ve bak\u0131m\u0131 kolayd\u0131r. Gerekli t\u00fcm bile\u015fenler ve ba\u011flant\u0131 par\u00e7alar\u0131yla birlikte gelir, b\u00f6ylece sorunsuz bir kurulum s\u00fcreci sa\u011flan\u0131r. D\u00fczenli bak\u0131m, silindirin optimum durumda kalmas\u0131n\u0131, \u00f6mr\u00fcn\u00fcn ve performans\u0131n\u0131n en \u00fcst d\u00fczeye \u00e7\u0131kar\u0131lmas\u0131n\u0131 sa\u011flar.<\/p>\n<p>Sonu\u00e7 olarak, 10046 \u0130talyan Fabrikas\u0131 K\u00fc\u00e7\u00fck Tar\u0131m Trakt\u00f6r Hidrolik Silindiri, trakt\u00f6rlerin tar\u0131msal yeteneklerini art\u0131rmak i\u00e7in tasarlanm\u0131\u015f g\u00fcvenilir ve verimli bir hidrolik silindirdir. Y\u00fcksek kaliteli yap\u0131s\u0131 ve geli\u015fmi\u015f \u00f6zellikleri, dayan\u0131kl\u0131 ve y\u00fcksek performansl\u0131 ekipman arayan \u00e7ift\u00e7iler i\u00e7in m\u00fckemmel bir se\u00e7im olmas\u0131n\u0131 sa\u011flar.<\/p>\n<p><img loading=\"lazy\" decoding=\"async\" class=\"alignnone size-full wp-image-1073\" src=\"https:\/\/fmp-components.com\/wp-content\/uploads\/2024\/12\/Welded-Clevis-Type-Cylinder2.webp\" alt=\"Kaynakl\u0131 \u00c7atal Tipi Silindir\" width=\"800\" height=\"800\" title=\"\" srcset=\"https:\/\/fmp-components.com\/wp-content\/uploads\/2024\/12\/Welded-Clevis-Type-Cylinder2.webp 800w, https:\/\/fmp-components.com\/wp-content\/uploads\/2024\/12\/Welded-Clevis-Type-Cylinder2-480x480.webp 480w\" sizes=\"(min-width: 0px) and (max-width: 480px) 480px, (min-width: 481px) 800px, 100vw\" \/><\/p>\n<h2>\u00dcr\u00fcn Tan\u0131t\u0131m\u0131: K\u00fc\u00e7\u00fck Tar\u0131m Hidrolik Silindiri<\/h2>\n<p>FMP, trakt\u00f6rler i\u00e7in hayati \u00f6nem ta\u015f\u0131yan bir bile\u015fen olan K\u00fc\u00e7\u00fck Tar\u0131m Hidrolik Silindirini sunmaktan gurur duyar. Bu hidrolik silindir, tar\u0131m makinelerinin verimlili\u011fini ve performans\u0131n\u0131 art\u0131rmada \u00f6nemli bir rol oynar.<\/p>\n<h3>\u0130\u015flev ve \u00d6nem<\/h3>\n<p>K\u00fc\u00e7\u00fck Tar\u0131m Hidrolik Silindirimiz, trakt\u00f6r\u00fcn a\u011f\u0131r i\u015fleri kolayl\u0131kla yapmas\u0131n\u0131 sa\u011flar. Hidrolik sistemin hayati bir par\u00e7as\u0131 olarak i\u015flev g\u00f6ren bu silindir, s\u0131v\u0131 g\u00fcc\u00fcn\u00fc mekanik g\u00fcce d\u00f6n\u00fc\u015ft\u00fcrerek trakt\u00f6r\u00fcn\u00fcz\u00fcn a\u011f\u0131r nesneleri kald\u0131rmas\u0131na ve tar\u0131msal i\u015fleri kolayla\u015ft\u0131rmas\u0131na olanak tan\u0131r.<\/p>\n<h3>\u00dcr\u00fcn \u00d6zellikleri<\/h3>\n<ul>\n<li>\u00d6l\u00e7\u00fcler: Modele \u00f6zeldir.<\/li>\n<li>Kapasite: Modele ba\u011fl\u0131 olarak<\/li>\n<li>Ta\u015f\u0131ma kapasitesi: Y\u00fcksek<\/li>\n<\/ul>\n<h2>Benzersiz \u00d6zellikler ve Avantajlar<\/h2>\n<p>K\u00fc\u00e7\u00fck \u00f6l\u00e7ekli tar\u0131m hidrolik silindirimiz enerji tasarruflu, y\u00fcksek verimli ve \u00e7al\u0131\u015fma s\u0131ras\u0131nda g\u00fcvenli\u011fi sa\u011flayan bir \u00fcr\u00fcnd\u00fcr. Zorlu tar\u0131m ortamlar\u0131na dayanacak \u015fekilde tasarlanm\u0131\u015ft\u0131r ve trakt\u00f6rleriniz i\u00e7in sa\u011flam bir performans sa\u011flar.<\/p>\n<p><img loading=\"lazy\" decoding=\"async\" class=\"alignnone size-full wp-image-1074\" src=\"https:\/\/fmp-components.com\/wp-content\/uploads\/2024\/12\/Welded-Clevis-Type-Cylinder1.webp\" alt=\"Kaynakl\u0131 \u00c7atal Tipi Silindir\" width=\"800\" height=\"800\" title=\"\" srcset=\"https:\/\/fmp-components.com\/wp-content\/uploads\/2024\/12\/Welded-Clevis-Type-Cylinder1.webp 800w, https:\/\/fmp-components.com\/wp-content\/uploads\/2024\/12\/Welded-Clevis-Type-Cylinder1-480x480.webp 480w\" sizes=\"(min-width: 0px) and (max-width: 480px) 480px, (min-width: 481px) 800px, 100vw\" \/><\/p>\n<h2>Hidrolik Sistem ve \u00c7al\u0131\u015fma Prensibini Anlamak<\/h2>\n<p>Trakt\u00f6r\u00fcn hidrolik sistemi, silindirler, borular ve valflerden olu\u015fan karma\u015f\u0131k bir a\u011fd\u0131r. S\u0131k\u0131\u015ft\u0131r\u0131lamaz, kapal\u0131 bir ak\u0131\u015fkan i\u00e7inde herhangi bir yere uygulanan bas\u0131nc\u0131n her y\u00f6ne e\u015fit olarak iletilmesi prensibine dayanan Pascal Yasas\u0131 uyar\u0131nca \u00e7al\u0131\u015f\u0131r.<\/p>\n<h2>K\u00fc\u00e7\u00fck Tar\u0131m Hidrolik Silindirimizin Uygulamas\u0131<\/h2>\n<p>K\u00fc\u00e7\u00fck \u00f6l\u00e7ekli tar\u0131m hidrolik silindirimiz, k\u00fc\u00e7\u00fck ve orta boy trakt\u00f6rler i\u00e7in idealdir ve pullukla s\u00fcrme, toprak i\u015fleme, t\u0131rm\u0131klama ve daha bir\u00e7ok tar\u0131msal i\u015fte yayg\u0131n olarak kullan\u0131lmaktad\u0131r.<\/p>\n<h2>SSS<\/h2>\n<h3>1. Trakt\u00f6rde hidrolik silindirin i\u015flevi nedir?<\/h3>\n<p>Hidrolik silindir, trakt\u00f6r\u00fcn a\u011f\u0131r nesneleri kald\u0131rmas\u0131n\u0131 ve a\u011f\u0131r i\u015fleri kolayl\u0131kla yapmas\u0131n\u0131 sa\u011flar.<\/p>\n<h3>2. Neden FMP'nin K\u00fc\u00e7\u00fck Tar\u0131m Hidrolik Silindirini Se\u00e7melisiniz?<\/h3>\n<p>FMP'nin silindirleri, enerji verimlili\u011fi, y\u00fcksek performans ve \u00e7al\u0131\u015fma s\u0131ras\u0131nda g\u00fcvenlik \u00f6zellikleriyle bilinir.<\/p>\n<h3>3. Hidrolik sistem nas\u0131l \u00e7al\u0131\u015f\u0131r?<\/h3>\n<p>Bu, Pascal Yasas\u0131 prensibine g\u00f6re \u00e7al\u0131\u015f\u0131r; bu yasaya g\u00f6re, kapal\u0131 ve s\u0131k\u0131\u015ft\u0131r\u0131lamaz bir ak\u0131\u015fkan\u0131n herhangi bir yerine uygulanan bas\u0131n\u00e7, her y\u00f6ne e\u015fit olarak iletilir.<\/p>\n<p><img decoding=\"async\" src=\"https:\/\/hzpt.com\/wp-content\/uploads\/2023\/12\/insert-1.webp\" alt=\"\" title=\"\"><\/p>\n<h3>4. FMP ba\u015fka hangi \u00fcr\u00fcnleri sunuyor?<\/h3>\n<p>FMP ayr\u0131ca hidrolik e\u011fim silindirleri, hidrolik direksiyon silindirleri, hidrolik kald\u0131rma silindirleri ve daha fazlas\u0131n\u0131 sunmaktad\u0131r.<\/p>\n<h3>5. \u00d6zel sipari\u015f verebilir miyim?<\/h3>\n<p>Evet, FMP \u00f6zel gereksinimlere dayal\u0131 sipari\u015fleri memnuniyetle kabul etmektedir.<\/p>\n<h2>Kaynakl\u0131 \u00c7atal Tip Silindirin Avantajlar\u0131<\/h2>\n<p>Kaynakl\u0131 \u00e7atal tipi silindirler, benzersiz avantajlar\u0131 ve avantajlar\u0131 nedeniyle bir\u00e7ok end\u00fcstriyel uygulama i\u00e7in pop\u00fcler bir tercihtir. Kaynakl\u0131 \u00e7atal tipi silindirlerin baz\u0131 temel avantajlar\u0131 \u015funlard\u0131r:<\/p>\n<h3>1. Artt\u0131r\u0131lm\u0131\u015f G\u00fc\u00e7 ve Dayan\u0131kl\u0131l\u0131k<\/h3>\n<p>Kaynakl\u0131 \u00e7atal tipi silindirler, di\u011fer silindir tiplerine k\u0131yasla daha fazla mukavemet ve dayan\u0131kl\u0131l\u0131k sa\u011flayan kaynakl\u0131 bir u\u00e7 kapa\u011f\u0131yla \u00fcretilir. Bu, onlar\u0131 y\u00fcksek mukavemet ve dayan\u0131kl\u0131l\u0131k gerektiren a\u011f\u0131r hizmet uygulamalar\u0131 i\u00e7in ideal hale getirir.<\/p>\n<p>Ayr\u0131ca, bu silindirlerin kaynakl\u0131 tasar\u0131m\u0131, s\u0131z\u0131nt\u0131 veya ar\u0131za olas\u0131l\u0131\u011f\u0131n\u0131n daha d\u00fc\u015f\u00fck olmas\u0131 anlam\u0131na gelir; bu da ar\u0131za s\u00fcresini ve bak\u0131m maliyetlerini azaltmaya yard\u0131mc\u0131 olabilir.<\/p>\n<h3>2. Y\u00fcksek Bas\u0131nc\u0131 Y\u00f6netme Yetene\u011fi<\/h3>\n<p>Kaynakl\u0131 \u00e7atal tipi silindirler, y\u00fcksek bas\u0131n\u00e7 uygulamalar\u0131na da uygundur ve bu da onlar\u0131 in\u015faat, madencilik, petrol ve gaz gibi sekt\u00f6rlerde pop\u00fcler bir tercih haline getirir. Y\u00fcksek bas\u0131n\u00e7la ba\u015fa \u00e7\u0131kabilme yetenekleri, zorlu ortamlarda g\u00fcvenilir performans sa\u011flar.<\/p>\n<h3>3. \u00d6zelle\u015ftirilebilir Tasar\u0131m<\/h3>\n<p>Kaynakl\u0131 \u00e7atal tipi silindirler, bir uygulaman\u0131n \u00f6zel ihtiya\u00e7lar\u0131n\u0131 kar\u015f\u0131layacak \u015fekilde \u00f6zel olarak tasarlanabilir. Bu, belirli bir boyut, \u015fekil veya performans gereksinimine uyacak \u015fekilde uyarlanabilecekleri anlam\u0131na gelir. \u00d6zelle\u015ftirilebilir tasar\u0131m, \u00fcretim s\u00fcrecinde daha fazla esneklik sa\u011flayarak maliyet tasarrufu sa\u011flayabilir.<\/p>\n<h3>4. Kolay Kurulum<\/h3>\n<p>Kaynakl\u0131 \u00e7atal tipi silindirler, kolay montaj i\u00e7in tasarlanm\u0131\u015ft\u0131r ve bu da kurulum s\u00fcresini ve i\u015f\u00e7ilik maliyetlerini azaltmaya yard\u0131mc\u0131 olur. Genellikle \u00f6nceden monte edilmi\u015f ve kutudan \u00e7\u0131kar \u00e7\u0131kmaz kullan\u0131ma haz\u0131rd\u0131rlar, bu da ek par\u00e7a veya bile\u015fen ihtiyac\u0131n\u0131 en aza indirir.<\/p>\n<h3>5. Geli\u015fmi\u015f Performans<\/h3>\n<p>Kaynakl\u0131 \u00e7atal tipi silindirlerin tasar\u0131m\u0131, di\u011fer silindir tiplerine k\u0131yasla daha iyi performans sa\u011flar. Bas\u0131n\u00e7 birimi ba\u015f\u0131na daha fazla kuvvet \u00fcretebilirler, bu da end\u00fcstriyel uygulamalarda verimlili\u011fi ve \u00fcretkenli\u011fi art\u0131rmaya yard\u0131mc\u0131 olabilir.<\/p>\n<p>Genel olarak, kaynakl\u0131 \u00e7atal tipi silindirler, onlar\u0131 bir\u00e7ok end\u00fcstriyel uygulama i\u00e7in pop\u00fcler bir tercih haline getiren bir dizi avantaj ve avantaj sunar. Art\u0131r\u0131lm\u0131\u015f mukavemet ve dayan\u0131kl\u0131l\u0131klar\u0131, y\u00fcksek bas\u0131nca dayanma kabiliyetleri, \u00f6zelle\u015ftirilebilir tasar\u0131mlar\u0131, kolay montajlar\u0131 ve geli\u015fmi\u015f performanslar\u0131, g\u00fcvenilirlik ve performans\u0131n \u00f6nemli oldu\u011fu zorlu ortamlar i\u00e7in onlar\u0131 ideal bir se\u00e7im haline getirir.<\/p>\n<h2>Kaynakl\u0131 \u00c7atal Tip Silindir Uygulamas\u0131<\/h2>\n<ul>\n<li><strong>End\u00fcstriyel Makineler:<\/strong> Kaynakl\u0131 \u00c7atal Tipi Silindirler, a\u011f\u0131r hizmet tipi uygulamalar i\u00e7in \u00e7e\u015fitli end\u00fcstriyel makinelerde yayg\u0131n olarak kullan\u0131lmaktad\u0131r. Bu silindirler, makinelerdeki bile\u015fenleri kald\u0131rmak ve preslemek i\u00e7in y\u00fcksek kuvvet \u00e7\u0131k\u0131\u015f\u0131 \u00fcretebilir. Kaynakl\u0131 \u00e7atal tasar\u0131m\u0131, kolay kurulum ve verimli \u00e7al\u0131\u015fma sa\u011flayarak \u00fcreticiler aras\u0131nda pop\u00fcler bir tercih haline getirir.\n<ul>\n<li>\u00dcretim sekt\u00f6r\u00fcnde Kaynakl\u0131 Kelep\u00e7e Tipi Silindirler, metal saclar\u0131n \u015fekillendirilmesi ve \u015fekillendirilmesi i\u00e7in gerekli kuvveti sa\u011flamak amac\u0131yla hidrolik preslerde, enjeksiyon kal\u0131plama makinelerinde ve metal damgalama ekipmanlar\u0131nda kullan\u0131l\u0131r.<\/li>\n<li>Otomotiv end\u00fcstrisinde bu silindirler, \u00fcretim s\u00fcrecinde a\u011f\u0131r par\u00e7alar\u0131 kald\u0131rmak i\u00e7in ara\u00e7 krikolar\u0131nda, kald\u0131r\u0131c\u0131larda ve montaj makinelerinde kullan\u0131l\u0131r.<\/li>\n<li>\u0130n\u015faat sekt\u00f6r\u00fcnde Kaynakl\u0131 Kelep\u00e7e Tipi Silindirler, a\u011f\u0131r y\u00fckleri kald\u0131ran ve hareket ettiren hidrolik sistemlere g\u00fc\u00e7 sa\u011flamak i\u00e7in vin\u00e7lerde, ekskavat\u00f6rlerde ve buldozerlerde kullan\u0131l\u0131r.<\/li>\n<\/ul>\n<\/li>\n<li><strong>Tar\u0131m Makinalar\u0131:<\/strong> Tar\u0131m makineleri, Kaynakl\u0131 \u00c7atal Tip Silindirlerin en \u00e7ok kullan\u0131ld\u0131\u011f\u0131 alanlardan biridir. Bu silindirler, trakt\u00f6rler, bi\u00e7erd\u00f6verler ve sabanlar dahil olmak \u00fczere \u00e7e\u015fitli tar\u0131m makinelerinde toprak haz\u0131rlama, ekim ve hasat i\u00e7in gerekli kuvveti sa\u011flamak amac\u0131yla kullan\u0131l\u0131r.\n<ul>\n<li>Tar\u0131m sekt\u00f6r\u00fcnde Kaynakl\u0131 \u00c7atal Tip Silindirler, toprak haz\u0131rl\u0131\u011f\u0131 ve tohum ekimi i\u00e7in gerekli kuvveti sa\u011flamak amac\u0131yla pulluk, k\u00fcltivat\u00f6r ve tohum ekim makinelerinde kullan\u0131l\u0131r.<\/li>\n<li>Hasat end\u00fcstrisinde bu silindirler, hasat makinelerinde, balya makinelerinde ve bi\u00e7me makinelerinde, mahsul\u00fc toplayan ve ta\u015f\u0131yan hidrolik sistemlere g\u00fc\u00e7 sa\u011flamak i\u00e7in kullan\u0131l\u0131r.<\/li>\n<\/ul>\n<\/li>\n<li><strong>Havac\u0131l\u0131k ve Savunma:<\/strong> Kaynakl\u0131 Kelep\u00e7e Tipi Silindirler havac\u0131l\u0131k ve savunma sanayinde de kullan\u0131lmakta olup, u\u00e7aklar, roketler, f\u00fczeler ve savunma sistemleri gibi geni\u015f bir uygulama yelpazesinde kullan\u0131lmaktad\u0131r.\n<ul>\n<li>Havac\u0131l\u0131k ve uzay end\u00fcstrisinde Kaynakl\u0131 Kelep\u00e7e Tipi Silindirler, u\u00e7ak ini\u015f tak\u0131mlar\u0131nda, kanat\u00e7\u0131klarda ve frenlerde kalk\u0131\u015f ve ini\u015f i\u00e7in gerekli kuvveti sa\u011flamak amac\u0131yla kullan\u0131l\u0131r.<\/li>\n<li>Savunma sanayinde bu silindirler f\u00fcze f\u0131rlat\u0131c\u0131lar\u0131nda, silah taretlerinde ve tank sistemlerinde silah ve m\u00fchimmat\u0131n hareketini kontrol eden hidrolik sistemlere g\u00fc\u00e7 sa\u011flamak i\u00e7in kullan\u0131l\u0131r.<\/li>\n<\/ul>\n<\/li>\n<li><strong>Denizcilik End\u00fcstrisi:<\/strong> Kaynakl\u0131 Kelep\u00e7e Tipi Silindirler denizcilik sekt\u00f6r\u00fcnde de yayg\u0131n olarak kullan\u0131lmakta olup gemiler, tekneler ve su alt\u0131 ara\u00e7lar\u0131 i\u00e7in \u00e7e\u015fitli uygulamalarda kullan\u0131lmaktad\u0131r.\n<ul>\n<li>Denizcilik sekt\u00f6r\u00fcnde Kaynakl\u0131 Kelep\u00e7e Tipi Silindirler, vin\u00e7lerde, vin\u00e7lerde ve kargo elle\u00e7leme ekipmanlar\u0131nda kargo y\u00fckleme ve bo\u015faltma i\u00e7in gerekli kuvveti sa\u011flamak amac\u0131yla kullan\u0131l\u0131r.<\/li>\n<li>Teknecilik sekt\u00f6r\u00fcnde bu silindirler, teknelerin ve gemilerin hareketini kontrol etmek i\u00e7in gerekli kuvveti sa\u011flamak amac\u0131yla d\u00fcmen sistemlerinde, pervanelerde ve \u00e7apa sistemlerinde kullan\u0131l\u0131r.<\/li>\n<li>Sualt\u0131 ara\u00e7 sekt\u00f6r\u00fcnde Kaynakl\u0131 Kelep\u00e7e Tipi Silindirler, su alt\u0131 operasyonlar\u0131 i\u00e7in gerekli kuvveti sa\u011flamak amac\u0131yla dalg\u0131\u00e7larda, uzaktan kumandal\u0131 ara\u00e7larda (ROV) ve dal\u0131\u015f ekipmanlar\u0131nda kullan\u0131l\u0131r.<\/li>\n<\/ul>\n<\/li>\n<li><strong>Madencilik End\u00fcstrisi:<\/strong> Kaynakl\u0131 Kelep\u00e7e Tipi Silindirler ayr\u0131ca madencilik sekt\u00f6r\u00fcnde de kullan\u0131l\u0131r ve mineral \u00e7\u0131karma ve malzeme ta\u015f\u0131ma gibi \u00e7e\u015fitli uygulamalarda kullan\u0131l\u0131r.\n<ul>\n<li>Madencilik sekt\u00f6r\u00fcnde Kaynakl\u0131 Kelep\u00e7e Tipi Silindirler, konvey\u00f6r sistemlerinde, sondaj makinelerinde ve hidrolik kep\u00e7elerde maden ve ta\u015f ocaklar\u0131ndan mineral ve malzemelerin \u00e7\u0131kar\u0131lmas\u0131 i\u00e7in gerekli kuvveti sa\u011flamak amac\u0131yla kullan\u0131l\u0131r.<\/li>\n<\/ul>\n<\/li>\n<\/ul>\n<p><img decoding=\"async\" src=\"https:\/\/hzpt.com\/wp-content\/uploads\/2023\/12\/insert-2.webp\" alt=\"\" title=\"\"><\/p>\n<h2>Neden FMP'yi Se\u00e7melisiniz?<\/h2>\n<p>Y\u00fcksek kaliteli \u00fcr\u00fcnlerimiz, rekabet\u00e7i fiyatlar\u0131m\u0131z ve m\u00fckemmel hizmetimiz i\u00e7in FMP'yi tercih edin. K\u00fc\u00e7\u00fck tar\u0131m hidrolik silindirlerimizin yan\u0131 s\u0131ra, hava platformu silindirleri, end\u00fcstriyel ara\u00e7 hidrolik silindirleri, d\u00f6ner sondaj makinesi silindirleri, kamyon vin\u00e7 silindirleri, in\u015faat makineleri hidrolik silindirleri de tedarik ediyoruz. <b>Forklift Hidrolik Silindirleri<\/b>Arazi tipi damperli kamyon silindirleri ve temizlik makineleri hidrolik silindirleri. \u00d6zel sipari\u015fler de kabul edilir.<\/p>\n<p><img decoding=\"async\" src=\"https:\/\/hzpt.com\/wp-content\/uploads\/2023\/12\/insert-5.webp\" alt=\"\" title=\"\"><\/p>\n<p>Yazar:CX<\/p>","protected":false},"excerpt":{"rendered":"<p>Product 10046 Italian Factory Small Agriculture Hydraulic Cylinder for Tractor: The 10046 Italian Factory Small Agriculture Hydraulic Cylinder for Tractor is a high-quality product designed specifically for agricultural use. With its advanced hydraulic technology, this cylinder offers exceptional performance and reliability. This hydraulic cylinder is manufactured by a reputable Italian factory known for their commitment [&hellip;]<\/p>","protected":false},"featured_media":1127,"comment_status":"closed","ping_status":"closed","template":"","meta":{"_et_pb_use_builder":"","_et_pb_old_content":"","_et_gb_content_width":""},"product_brand":[],"product_cat":[36],"product_tag":[34,38],"class_list":{"0":"post-1054","1":"product","2":"type-product","3":"status-publish","4":"has-post-thumbnail","6":"product_cat-welded-clevis-type-cylinder","7":"product_tag-hydraulic-cylinder","8":"product_tag-welded-clevis-type-cylinder","10":"first","11":"instock","12":"product-type-simple"},"_links":{"self":[{"href":"https:\/\/fmp-components.com\/tr\/wp-json\/wp\/v2\/product\/1054","targetHints":{"allow":["GET"]}}],"collection":[{"href":"https:\/\/fmp-components.com\/tr\/wp-json\/wp\/v2\/product"}],"about":[{"href":"https:\/\/fmp-components.com\/tr\/wp-json\/wp\/v2\/types\/product"}],"replies":[{"embeddable":true,"href":"https:\/\/fmp-components.com\/tr\/wp-json\/wp\/v2\/comments?post=1054"}],"wp:featuredmedia":[{"embeddable":true,"href":"https:\/\/fmp-components.com\/tr\/wp-json\/wp\/v2\/media\/1127"}],"wp:attachment":[{"href":"https:\/\/fmp-components.com\/tr\/wp-json\/wp\/v2\/media?parent=1054"}],"wp:term":[{"taxonomy":"product_brand","embeddable":true,"href":"https:\/\/fmp-components.com\/tr\/wp-json\/wp\/v2\/product_brand?post=1054"},{"taxonomy":"product_cat","embeddable":true,"href":"https:\/\/fmp-components.com\/tr\/wp-json\/wp\/v2\/product_cat?post=1054"},{"taxonomy":"product_tag","embeddable":true,"href":"https:\/\/fmp-components.com\/tr\/wp-json\/wp\/v2\/product_tag?post=1054"}],"curies":[{"name":"wp","href":"https:\/\/api.w.org\/{rel}","templated":true}]}}