{"id":1053,"date":"2024-12-19T06:17:44","date_gmt":"2024-12-19T06:17:44","guid":{"rendered":"https:\/\/fmp-components.com\/product\/10045-customized-mini-tractor-hydraulic-cylinder-for-trailer\/"},"modified":"2024-12-23T08:56:59","modified_gmt":"2024-12-23T08:56:59","slug":"10045-customized-mini-tractor-hydraulic-cylinder-for-trailer","status":"publish","type":"product","link":"https:\/\/fmp-components.com\/tr\/product\/10045-customized-mini-tractor-hydraulic-cylinder-for-trailer\/","title":{"rendered":"10045 R\u00f6mork i\u00e7in \u00d6zelle\u015ftirilmi\u015f Mini Trakt\u00f6r Hidrolik Silindiri"},"content":{"rendered":"<p>10045 \u00d6zel Tasar\u0131m Mini Trakt\u00f6r Hidrolik Silindiri, trakt\u00f6r r\u00f6morklar\u0131 i\u00e7in \u00f6zel olarak tasarlanm\u0131\u015f y\u00fcksek kaliteli bir \u00fcr\u00fcnd\u00fcr. \u00d6zelle\u015ftirilmi\u015f \u00f6zellikleri ve geli\u015fmi\u015f hidrolik teknolojisi ile bu silindir, optimum performans ve dayan\u0131kl\u0131l\u0131k sa\u011flar.<\/p>\n<p>Kompakt tasar\u0131m\u0131yla 10045 silindir, s\u0131n\u0131rl\u0131 alana sahip r\u00f6morklar i\u00e7in m\u00fckemmeldir. Sorunsuz \u00e7al\u0131\u015fma ve verimli g\u00fc\u00e7 aktar\u0131m\u0131 sa\u011flayan g\u00fc\u00e7l\u00fc ve g\u00fcvenilir bir hidrolik sistem sunar. Bu silindir, a\u011f\u0131r y\u00fckleri kald\u0131rabilir ve a\u015f\u0131r\u0131 \u00e7al\u0131\u015fma ko\u015fullar\u0131na dayanabilir.<\/p>\n<p>10045 silindirinin en \u00f6nemli avantajlar\u0131ndan biri, \u00f6zelle\u015ftirme se\u00e7enekleridir. M\u00fc\u015fteriler, \u00f6zel gereksinimlerini kar\u015f\u0131lamak i\u00e7in \u00e7e\u015fitli \u00f6zellikler ve konfig\u00fcrasyonlar aras\u0131ndan se\u00e7im yapabilirler. Bu, strok uzunlu\u011fu, piston \u00e7ap\u0131 ve montaj stili se\u00e7eneklerini i\u00e7erir. Bu \u00f6zelle\u015ftirilebilir \u00f6zellikler sayesinde m\u00fc\u015fteriler, silindirin performans\u0131n\u0131 kendi \u00f6zel uygulamalar\u0131na g\u00f6re optimize edebilirler.<\/p>\n<p>10045 silindiri, dayan\u0131kl\u0131l\u0131\u011f\u0131 ve \u00f6zelle\u015ftirme se\u00e7eneklerinin yan\u0131 s\u0131ra, g\u00fcvenilir ve emniyetli \u00e7al\u0131\u015fma sa\u011flamak i\u00e7in g\u00fcvenlik \u00f6zelliklerini de b\u00fcnyesinde bar\u0131nd\u0131r\u0131r. Y\u00fcksek kaliteli contalar ve sa\u011flam bir yap\u0131 ile donat\u0131lm\u0131\u015f olup, s\u0131z\u0131nt\u0131 ve di\u011fer potansiyel sorun riskini en aza indirir.<\/p>\n<p>\u0130ster tar\u0131m, ister in\u015faat, isterse de end\u00fcstriyel kullan\u0131m i\u00e7in olsun, 10045 \u00d6zel Tasar\u0131m Mini Trakt\u00f6r Hidrolik Silindiri, \u00fcst\u00fcn performans\u0131, dayan\u0131kl\u0131l\u0131\u011f\u0131 ve \u00f6zelle\u015ftirme se\u00e7enekleriyle \u00e7e\u015fitli uygulamalar i\u00e7in g\u00fcvenilir ve \u00e7ok y\u00f6nl\u00fc bir \u00e7\u00f6z\u00fcmd\u00fcr.<\/p>\n<p><img decoding=\"async\" src=\"https:\/\/hzpt.com\/wp-content\/uploads\/2023\/12\/insert-4.webp?v=1694163707\" alt=\"\" title=\"\"><\/p>\n<h2>FMP'nin Treyler \u0130\u00e7in \u00d6zel Tasar\u0131m Mini Trakt\u00f6r Hidrolik Silindiri Hakk\u0131nda<\/h2>\n<p>FMP, 2006 y\u0131l\u0131ndan beri kaliteli hidrolik silindirler ve ilgili \u00fcr\u00fcnler sunmaktad\u0131r. Treyler i\u00e7in \u00f6zel olarak tasarlanm\u0131\u015f mini trakt\u00f6r hidrolik silindirimiz, m\u00fc\u015fterilerimizin \u00e7e\u015fitli ihtiya\u00e7lar\u0131n\u0131 kar\u015f\u0131lamak \u00fczere hassasiyetle \u00fcretilmi\u015f birinci s\u0131n\u0131f bir \u00fcr\u00fcnd\u00fcr. M\u00fckemmel boyutlara, kapasiteye ve y\u00fck ta\u015f\u0131ma kapasitesine sahiptir.<\/p>\n<h2>\u0130\u015flev ve \u00d6nem<\/h2>\n<p>Mini trakt\u00f6r hidrolik silindiri, r\u00f6morklardaki y\u00fcklerin kald\u0131r\u0131lmas\u0131, \u00e7ekilmesi ve itilmesinde \u00e7ok \u00f6nemli bir rol oynar. Son derece verimli ve kullan\u0131m\u0131 g\u00fcvenlidir. Ayr\u0131ca, \u00e7e\u015fitli end\u00fcstrilerin ak\u0131\u015fkan g\u00fc\u00e7 uygulamalar\u0131nda da vazge\u00e7ilmezdir.<\/p>\n<h3>\u00d6zellikler ve Avantajlar<\/h3>\n<ul>\n<li>Enerji verimlili\u011fi<\/li>\n<li>Son derece verimli<\/li>\n<li>Kullan\u0131m\u0131 g\u00fcvenlidir<\/li>\n<\/ul>\n<h2>Hidrolik Sistem ve \u00c7al\u0131\u015fma Prensibi<\/h2>\n<p>Hidrolik sistem, bas\u0131n\u00e7 uygulama prensibiyle \u00e7al\u0131\u015f\u0131r ve hidrolik silindir, iki u\u00e7 aras\u0131ndaki bas\u0131n\u00e7 fark\u0131 nedeniyle hareket ederek verimli bir \u00e7al\u0131\u015fma sa\u011flar.<\/p>\n<p><img decoding=\"async\" class=\"aligncenter\" src=\"https:\/\/hzpt.com\/wp-content\/uploads\/2023\/12\/insert-1.webp\" alt=\"\" title=\"\"><\/p>\n<h2>SSS<\/h2>\n<dl>\n<dt>S1: Hidrolik silindirin ta\u015f\u0131ma kapasitesi nedir?<\/dt>\n<dd>A1: Ta\u015f\u0131ma kapasitesi, silindirin modeline ve \u00f6zelliklerine ba\u011fl\u0131 olarak de\u011fi\u015fir.<\/dd>\n<dt>S2: Hidrolik ya\u011f ne s\u0131kl\u0131kla de\u011fi\u015ftirilmelidir?<\/dt>\n<dd>A2: Ya\u011f de\u011fi\u015fim s\u0131kl\u0131\u011f\u0131 silindirin kullan\u0131m\u0131na ba\u011fl\u0131d\u0131r, ancak genellikle iki y\u0131lda bir ya\u011f\u0131n de\u011fi\u015ftirilmesi \u00f6nerilir.<\/dd>\n<dt>S3: Hidrolik silindirin \u00f6l\u00e7\u00fcs\u00fcn\u00fc nas\u0131l al\u0131r\u0131m?<\/dt>\n<dd>A3: Silindirin strok uzunlu\u011funu \u00f6l\u00e7mek i\u00e7in bir mezura kullan\u0131larak \u00f6l\u00e7\u00fcmler al\u0131nabilir.<\/dd>\n<\/dl>\n<dl>\n<dt>S4: Hidrolik silindirimi \u00f6zel olarak tasarlayabilir miyim?<\/dt>\n<dd>A4: Evet, m\u00fc\u015fterilerimizin \u00f6zel tasar\u0131mlar sunmas\u0131n\u0131 memnuniyetle kar\u015f\u0131l\u0131yoruz.<\/dd>\n<dt>S5: FMP ba\u015fka hangi \u00fcr\u00fcnleri sunuyor?<\/dt>\n<dd>A5: FMP ayr\u0131ca, y\u00fcksekte \u00e7al\u0131\u015fma platformu silindirleri, end\u00fcstriyel ara\u00e7 hidrolik silindirleri, d\u00f6ner sondaj kulesi silindirleri ve daha fazlas\u0131 gibi di\u011fer \u00fcr\u00fcnleri de sunmaktad\u0131r.<\/dd>\n<\/dl>\n<h2>Kaynakl\u0131 \u00c7atal Tip Silindirin Avantajlar\u0131<\/h2>\n<p>Kaynakl\u0131 \u00e7atal tipi silindirler, benzersiz avantajlar\u0131 ve avantajlar\u0131 nedeniyle bir\u00e7ok end\u00fcstriyel uygulama i\u00e7in pop\u00fcler bir tercihtir. Kaynakl\u0131 \u00e7atal tipi silindirlerin baz\u0131 temel avantajlar\u0131 \u015funlard\u0131r:<\/p>\n<h3>1. Artt\u0131r\u0131lm\u0131\u015f G\u00fc\u00e7 ve Dayan\u0131kl\u0131l\u0131k<\/h3>\n<p>Kaynakl\u0131 \u00e7atal tipi silindirler, di\u011fer silindir tiplerine k\u0131yasla daha fazla mukavemet ve dayan\u0131kl\u0131l\u0131k sa\u011flayan kaynakl\u0131 bir u\u00e7 kapa\u011f\u0131yla \u00fcretilir. Bu, onlar\u0131 y\u00fcksek mukavemet ve dayan\u0131kl\u0131l\u0131k gerektiren a\u011f\u0131r hizmet uygulamalar\u0131 i\u00e7in ideal hale getirir.<\/p>\n<p>Ayr\u0131ca, bu silindirlerin kaynakl\u0131 tasar\u0131m\u0131, s\u0131z\u0131nt\u0131 veya ar\u0131za olas\u0131l\u0131\u011f\u0131n\u0131n daha d\u00fc\u015f\u00fck olmas\u0131 anlam\u0131na gelir; bu da ar\u0131za s\u00fcresini ve bak\u0131m maliyetlerini azaltmaya yard\u0131mc\u0131 olabilir.<\/p>\n<h3>2. Y\u00fcksek Bas\u0131nc\u0131 Y\u00f6netme Yetene\u011fi<\/h3>\n<p>Kaynakl\u0131 \u00e7atal tipi silindirler, y\u00fcksek bas\u0131n\u00e7 uygulamalar\u0131na da uygundur ve bu da onlar\u0131 in\u015faat, madencilik, petrol ve gaz gibi sekt\u00f6rlerde pop\u00fcler bir tercih haline getirir. Y\u00fcksek bas\u0131n\u00e7la ba\u015fa \u00e7\u0131kabilme yetenekleri, zorlu ortamlarda g\u00fcvenilir performans sa\u011flar.<\/p>\n<h3>3. \u00d6zelle\u015ftirilebilir Tasar\u0131m<\/h3>\n<p>Kaynakl\u0131 \u00e7atal tipi silindirler, bir uygulaman\u0131n \u00f6zel ihtiya\u00e7lar\u0131n\u0131 kar\u015f\u0131layacak \u015fekilde \u00f6zel olarak tasarlanabilir. Bu, belirli bir boyut, \u015fekil veya performans gereksinimine uyacak \u015fekilde uyarlanabilecekleri anlam\u0131na gelir. \u00d6zelle\u015ftirilebilir tasar\u0131m, \u00fcretim s\u00fcrecinde daha fazla esneklik sa\u011flayarak maliyet tasarrufu sa\u011flayabilir.<\/p>\n<h3>4. Kolay Kurulum<\/h3>\n<p>Kaynakl\u0131 \u00e7atal tipi silindirler, kolay montaj i\u00e7in tasarlanm\u0131\u015ft\u0131r ve bu da kurulum s\u00fcresini ve i\u015f\u00e7ilik maliyetlerini azaltmaya yard\u0131mc\u0131 olur. Genellikle \u00f6nceden monte edilmi\u015f ve kutudan \u00e7\u0131kar \u00e7\u0131kmaz kullan\u0131ma haz\u0131rd\u0131rlar, bu da ek par\u00e7a veya bile\u015fen ihtiyac\u0131n\u0131 en aza indirir.<\/p>\n<h3>5. Geli\u015fmi\u015f Performans<\/h3>\n<p>Kaynakl\u0131 \u00e7atal tipi silindirlerin tasar\u0131m\u0131, di\u011fer silindir tiplerine k\u0131yasla daha iyi performans sa\u011flar. Bas\u0131n\u00e7 birimi ba\u015f\u0131na daha fazla kuvvet \u00fcretebilirler, bu da end\u00fcstriyel uygulamalarda verimlili\u011fi ve \u00fcretkenli\u011fi art\u0131rmaya yard\u0131mc\u0131 olabilir.<\/p>\n<p>Genel olarak, kaynakl\u0131 \u00e7atal tipi silindirler, onlar\u0131 bir\u00e7ok end\u00fcstriyel uygulama i\u00e7in pop\u00fcler bir tercih haline getiren bir dizi avantaj ve avantaj sunar. Art\u0131r\u0131lm\u0131\u015f mukavemet ve dayan\u0131kl\u0131l\u0131klar\u0131, y\u00fcksek bas\u0131nca dayanma kabiliyetleri, \u00f6zelle\u015ftirilebilir tasar\u0131mlar\u0131, kolay montajlar\u0131 ve geli\u015fmi\u015f performanslar\u0131, g\u00fcvenilirlik ve performans\u0131n \u00f6nemli oldu\u011fu zorlu ortamlar i\u00e7in onlar\u0131 ideal bir se\u00e7im haline getirir.<\/p>\n<h2>Kaynakl\u0131 \u00c7atal Tip Silindir Uygulamas\u0131<\/h2>\n<ul>\n<li><strong>End\u00fcstriyel Makineler:<\/strong> Kaynakl\u0131 \u00c7atal Tipi Silindirler, a\u011f\u0131r hizmet tipi uygulamalar i\u00e7in \u00e7e\u015fitli end\u00fcstriyel makinelerde yayg\u0131n olarak kullan\u0131lmaktad\u0131r. Bu silindirler, makinelerdeki bile\u015fenleri kald\u0131rmak ve preslemek i\u00e7in y\u00fcksek kuvvet \u00e7\u0131k\u0131\u015f\u0131 \u00fcretebilir. Kaynakl\u0131 \u00e7atal tasar\u0131m\u0131, kolay kurulum ve verimli \u00e7al\u0131\u015fma sa\u011flayarak \u00fcreticiler aras\u0131nda pop\u00fcler bir tercih haline getirir.\n<ul>\n<li>\u00dcretim sekt\u00f6r\u00fcnde Kaynakl\u0131 Kelep\u00e7e Tipi Silindirler, metal saclar\u0131n \u015fekillendirilmesi ve \u015fekillendirilmesi i\u00e7in gerekli kuvveti sa\u011flamak amac\u0131yla hidrolik preslerde, enjeksiyon kal\u0131plama makinelerinde ve metal damgalama ekipmanlar\u0131nda kullan\u0131l\u0131r.<\/li>\n<li>Otomotiv end\u00fcstrisinde bu silindirler, \u00fcretim s\u00fcrecinde a\u011f\u0131r par\u00e7alar\u0131 kald\u0131rmak i\u00e7in ara\u00e7 krikolar\u0131nda, kald\u0131r\u0131c\u0131larda ve montaj makinelerinde kullan\u0131l\u0131r.<\/li>\n<li>\u0130n\u015faat sekt\u00f6r\u00fcnde Kaynakl\u0131 Kelep\u00e7e Tipi Silindirler, a\u011f\u0131r y\u00fckleri kald\u0131ran ve hareket ettiren hidrolik sistemlere g\u00fc\u00e7 sa\u011flamak i\u00e7in vin\u00e7lerde, ekskavat\u00f6rlerde ve buldozerlerde kullan\u0131l\u0131r.<\/li>\n<\/ul>\n<\/li>\n<li><strong>Tar\u0131m Makinalar\u0131:<\/strong> Tar\u0131m makineleri, Kaynakl\u0131 \u00c7atal Tip Silindirlerin en \u00e7ok kullan\u0131ld\u0131\u011f\u0131 alanlardan biridir. Bu silindirler, trakt\u00f6rler, bi\u00e7erd\u00f6verler ve sabanlar dahil olmak \u00fczere \u00e7e\u015fitli tar\u0131m makinelerinde toprak haz\u0131rlama, ekim ve hasat i\u00e7in gerekli kuvveti sa\u011flamak amac\u0131yla kullan\u0131l\u0131r.\n<ul>\n<li>Tar\u0131m sekt\u00f6r\u00fcnde Kaynakl\u0131 \u00c7atal Tip Silindirler, toprak haz\u0131rl\u0131\u011f\u0131 ve tohum ekimi i\u00e7in gerekli kuvveti sa\u011flamak amac\u0131yla pulluk, k\u00fcltivat\u00f6r ve tohum ekim makinelerinde kullan\u0131l\u0131r.<\/li>\n<li>Hasat end\u00fcstrisinde bu silindirler, hasat makinelerinde, balya makinelerinde ve bi\u00e7me makinelerinde, mahsul\u00fc toplayan ve ta\u015f\u0131yan hidrolik sistemlere g\u00fc\u00e7 sa\u011flamak i\u00e7in kullan\u0131l\u0131r.<\/li>\n<\/ul>\n<\/li>\n<li><strong>Havac\u0131l\u0131k ve Savunma:<\/strong> Kaynakl\u0131 Kelep\u00e7e Tipi Silindirler havac\u0131l\u0131k ve savunma sanayinde de kullan\u0131lmakta olup, u\u00e7aklar, roketler, f\u00fczeler ve savunma sistemleri gibi geni\u015f bir uygulama yelpazesinde kullan\u0131lmaktad\u0131r.\n<ul>\n<li>Havac\u0131l\u0131k ve uzay end\u00fcstrisinde Kaynakl\u0131 Kelep\u00e7e Tipi Silindirler, u\u00e7ak ini\u015f tak\u0131mlar\u0131nda, kanat\u00e7\u0131klarda ve frenlerde kalk\u0131\u015f ve ini\u015f i\u00e7in gerekli kuvveti sa\u011flamak amac\u0131yla kullan\u0131l\u0131r.<\/li>\n<li>Savunma sanayinde bu silindirler f\u00fcze f\u0131rlat\u0131c\u0131lar\u0131nda, silah taretlerinde ve tank sistemlerinde silah ve m\u00fchimmat\u0131n hareketini kontrol eden hidrolik sistemlere g\u00fc\u00e7 sa\u011flamak i\u00e7in kullan\u0131l\u0131r.<\/li>\n<\/ul>\n<\/li>\n<li><strong>Denizcilik End\u00fcstrisi:<\/strong> Kaynakl\u0131 Kelep\u00e7e Tipi Silindirler denizcilik sekt\u00f6r\u00fcnde de yayg\u0131n olarak kullan\u0131lmakta olup gemiler, tekneler ve su alt\u0131 ara\u00e7lar\u0131 i\u00e7in \u00e7e\u015fitli uygulamalarda kullan\u0131lmaktad\u0131r.\n<ul>\n<li>Denizcilik sekt\u00f6r\u00fcnde Kaynakl\u0131 Kelep\u00e7e Tipi Silindirler, vin\u00e7lerde, vin\u00e7lerde ve kargo elle\u00e7leme ekipmanlar\u0131nda kargo y\u00fckleme ve bo\u015faltma i\u00e7in gerekli kuvveti sa\u011flamak amac\u0131yla kullan\u0131l\u0131r.<\/li>\n<li>Teknecilik sekt\u00f6r\u00fcnde bu silindirler, teknelerin ve gemilerin hareketini kontrol etmek i\u00e7in gerekli kuvveti sa\u011flamak amac\u0131yla d\u00fcmen sistemlerinde, pervanelerde ve \u00e7apa sistemlerinde kullan\u0131l\u0131r.<\/li>\n<li>Sualt\u0131 ara\u00e7 sekt\u00f6r\u00fcnde Kaynakl\u0131 Kelep\u00e7e Tipi Silindirler, su alt\u0131 operasyonlar\u0131 i\u00e7in gerekli kuvveti sa\u011flamak amac\u0131yla dalg\u0131\u00e7larda, uzaktan kumandal\u0131 ara\u00e7larda (ROV) ve dal\u0131\u015f ekipmanlar\u0131nda kullan\u0131l\u0131r.<\/li>\n<\/ul>\n<\/li>\n<li><strong>Madencilik End\u00fcstrisi:<\/strong> Kaynakl\u0131 Kelep\u00e7e Tipi Silindirler ayr\u0131ca madencilik sekt\u00f6r\u00fcnde de kullan\u0131l\u0131r ve mineral \u00e7\u0131karma ve malzeme ta\u015f\u0131ma gibi \u00e7e\u015fitli uygulamalarda kullan\u0131l\u0131r.\n<ul>\n<li>Madencilik sekt\u00f6r\u00fcnde Kaynakl\u0131 Kelep\u00e7e Tipi Silindirler, konvey\u00f6r sistemlerinde, sondaj makinelerinde ve hidrolik kep\u00e7elerde maden ve ta\u015f ocaklar\u0131ndan mineral ve malzemelerin \u00e7\u0131kar\u0131lmas\u0131 i\u00e7in gerekli kuvveti sa\u011flamak amac\u0131yla kullan\u0131l\u0131r.<\/li>\n<\/ul>\n<\/li>\n<\/ul>\n<p><img decoding=\"async\" src=\"https:\/\/hzpt.com\/wp-content\/uploads\/2023\/12\/insert-2.webp\" alt=\"\" title=\"\"><\/p>\n<h2>FMP Hakk\u0131nda<\/h2>\n<p>FMP, \u0130talya'da mobil makineler i\u00e7in hidrolik silindir pazar\u0131nda lider bir oyuncudur. \u00dcr\u00fcn yelpazemizde hidrolik e\u011fim silindirleri, hidrolik direksiyon silindirleri ve hidrolik kald\u0131rma silindirleri bulunmaktad\u0131r. 200.000 set tasar\u0131m kapasitesine ve 300 adet \u00e7e\u015fitli tam otomatik CNC \u00fcretim ekipman\u0131na ve tam otomatik hidrolik silindir montaj ekipman\u0131na sahibiz.<\/p>\n<p>Ayr\u0131ca, y\u00fcksekte \u00e7al\u0131\u015fma platformu silindirleri, end\u00fcstriyel ara\u00e7 hidrolik silindirleri, d\u00f6ner sondaj kulesi silindirleri, otomobil vin\u00e7 silindirleri, in\u015faat makineleri hidrolik silindirleri, forklift hidrolik silindirleri, maden kamyonu silindirleri ve temizlik makineleri hidrolik silindirleri gibi di\u011fer \u00fcr\u00fcnleri de tedarik ediyoruz. M\u00fc\u015fterilerimizin \u00f6zel tasar\u0131mlar\u0131n\u0131 memnuniyetle kar\u015f\u0131l\u0131yoruz.<\/p>\n<p><img decoding=\"async\" src=\"https:\/\/hzpt.com\/wp-content\/uploads\/2023\/12\/insert-5.webp\" alt=\"FMP Fabrikas\u0131\" title=\"\"><\/p>\n<p>Yazar:CX<\/p>","protected":false},"excerpt":{"rendered":"<p>The 10045 Customized Mini Tractor Hydraulic Cylinder for Trailer is a high-quality product designed specifically for tractor trailers. With its customized features and advanced hydraulic technology, this cylinder provides optimal performance and durability. Featuring a compact design, the 10045 cylinder is perfect for trailers with limited space. It offers a strong and reliable hydraulic system [&hellip;]<\/p>","protected":false},"featured_media":1127,"comment_status":"closed","ping_status":"closed","template":"","meta":{"_et_pb_use_builder":"","_et_pb_old_content":"","_et_gb_content_width":""},"product_brand":[],"product_cat":[36],"product_tag":[34,38],"class_list":{"0":"post-1053","1":"product","2":"type-product","3":"status-publish","4":"has-post-thumbnail","6":"product_cat-welded-clevis-type-cylinder","7":"product_tag-hydraulic-cylinder","8":"product_tag-welded-clevis-type-cylinder","10":"first","11":"instock","12":"product-type-simple"},"_links":{"self":[{"href":"https:\/\/fmp-components.com\/tr\/wp-json\/wp\/v2\/product\/1053","targetHints":{"allow":["GET"]}}],"collection":[{"href":"https:\/\/fmp-components.com\/tr\/wp-json\/wp\/v2\/product"}],"about":[{"href":"https:\/\/fmp-components.com\/tr\/wp-json\/wp\/v2\/types\/product"}],"replies":[{"embeddable":true,"href":"https:\/\/fmp-components.com\/tr\/wp-json\/wp\/v2\/comments?post=1053"}],"wp:featuredmedia":[{"embeddable":true,"href":"https:\/\/fmp-components.com\/tr\/wp-json\/wp\/v2\/media\/1127"}],"wp:attachment":[{"href":"https:\/\/fmp-components.com\/tr\/wp-json\/wp\/v2\/media?parent=1053"}],"wp:term":[{"taxonomy":"product_brand","embeddable":true,"href":"https:\/\/fmp-components.com\/tr\/wp-json\/wp\/v2\/product_brand?post=1053"},{"taxonomy":"product_cat","embeddable":true,"href":"https:\/\/fmp-components.com\/tr\/wp-json\/wp\/v2\/product_cat?post=1053"},{"taxonomy":"product_tag","embeddable":true,"href":"https:\/\/fmp-components.com\/tr\/wp-json\/wp\/v2\/product_tag?post=1053"}],"curies":[{"name":"wp","href":"https:\/\/api.w.org\/{rel}","templated":true}]}}