{"id":1051,"date":"2024-12-19T06:17:44","date_gmt":"2024-12-19T06:17:44","guid":{"rendered":"https:\/\/fmp-components.com\/product\/10043-guaranteed-quality-hydraulic-ram-cylinder-hydraulic-cylinder-for-sale\/"},"modified":"2025-03-18T00:43:31","modified_gmt":"2025-03-18T00:43:31","slug":"10043-guaranteed-quality-hydraulic-ram-cylinder-hydraulic-cylinder-for-sale","status":"publish","type":"product","link":"https:\/\/fmp-components.com\/tr\/product\/10043-guaranteed-quality-hydraulic-ram-cylinder-hydraulic-cylinder-for-sale\/","title":{"rendered":"10043 Garantili Kalite Hidrolik Ram Silindiri Sat\u0131l\u0131k Hidrolik Silindir"},"content":{"rendered":"<h2>\u00dcr\u00fcn Tan\u0131t\u0131m\u0131:<\/h2>\n<p>Sat\u0131l\u0131k 10043 Garantili Kalite Hidrolik Piston Silindiri, ola\u011fan\u00fcst\u00fc performans ve g\u00fcvenilirlik sunmak \u00fczere tasarlanm\u0131\u015f birinci s\u0131n\u0131f bir hidrolik silindirdir. \u00dcst\u00fcn kalitesi ve geli\u015fmi\u015f teknolojisiyle bu hidrolik silindir, sekt\u00f6rde \u00e7\u0131\u011f\u0131r a\u00e7acak niteliktedir.<\/p>\n<p>\u00d6zellikler:<br \/>\n1. E\u015fsiz Dayan\u0131kl\u0131l\u0131k: Y\u00fcksek kaliteli malzemelerle \u00fcretilen 10043 hidrolik silindir, uzun \u00f6m\u00fcrl\u00fc dayan\u0131kl\u0131l\u0131k sa\u011flayarak en zorlu \u00e7al\u0131\u015fma ko\u015fullar\u0131na bile dayanabilir.<br \/>\n2. Garantili Kalite: Her hidrolik silindir, en y\u00fcksek end\u00fcstri standartlar\u0131n\u0131 kar\u015f\u0131lad\u0131\u011f\u0131ndan emin olmak i\u00e7in titiz kalite kontrol \u00f6nlemlerinden ge\u00e7er ve size g\u00fcvenilir ve sorunsuz bir deneyim sunar.<br \/>\n3. G\u00fc\u00e7l\u00fc Performans: Geli\u015fmi\u015f hidrolik teknolojisiyle donat\u0131lm\u0131\u015f bu silindir, ola\u011fan\u00fcst\u00fc g\u00fc\u00e7 ve hassasiyet sunarak zorlu uygulamalar i\u00e7in m\u00fckemmel bir se\u00e7imdir.<br \/>\n4. Sorunsuz \u00c7al\u0131\u015fma: 10043 hidrolik silindir, optimize edilmi\u015f tasar\u0131m\u0131 ve hassas m\u00fchendisli\u011fi sayesinde sorunsuz ve hassas bir \u00e7al\u0131\u015fma sunar.<br \/>\n5. \u00c7ok Y\u00f6nl\u00fc Uygulamalar: Bu hidrolik silindir, in\u015faat makineleri, tar\u0131m, madencilik ve daha bir\u00e7ok alanda geni\u015f bir uygulama yelpazesi i\u00e7in uygundur.<\/p>\n<p><img loading=\"lazy\" decoding=\"async\" class=\"alignnone size-full wp-image-1073\" src=\"https:\/\/fmp-components.com\/wp-content\/uploads\/2024\/12\/Welded-Clevis-Type-Cylinder2.webp\" alt=\"Kaynakl\u0131 \u00c7atal Tipi Silindir\" width=\"800\" height=\"800\" title=\"\" srcset=\"https:\/\/fmp-components.com\/wp-content\/uploads\/2024\/12\/Welded-Clevis-Type-Cylinder2.webp 800w, https:\/\/fmp-components.com\/wp-content\/uploads\/2024\/12\/Welded-Clevis-Type-Cylinder2-480x480.webp 480w\" sizes=\"(min-width: 0px) and (max-width: 480px) 480px, (min-width: 481px) 800px, 100vw\" \/><\/p>\n<p>Faydalar:<br \/>\n1. Geli\u015ftirilmi\u015f Verimlilik: 10043 hidrolik silindirin \u00fcst\u00fcn performans\u0131, verimli \u00e7al\u0131\u015fma sa\u011flayarak \u00fcretkenli\u011fi art\u0131r\u0131r ve ar\u0131za s\u00fcrelerini azalt\u0131r.<br \/>\n2. Uygun Maliyetli \u00c7\u00f6z\u00fcm: Uzun \u00f6mr\u00fc ve g\u00fcvenilir performans\u0131 ile bu hidrolik silindir, uzun vadede size para tasarrufu sa\u011flayan uygun maliyetli bir \u00e7\u00f6z\u00fcm sunar.<br \/>\n3. Kolay Bak\u0131m: Kullan\u0131c\u0131 kolayl\u0131\u011f\u0131 g\u00f6z \u00f6n\u00fcnde bulundurularak tasarlanan 10043 hidrolik silindir, minimum bak\u0131m gerektirir, b\u00f6ylece ar\u0131za s\u00fcresi azal\u0131r ve maksimum verimlilik sa\u011flan\u0131r.<br \/>\n4. Geli\u015ftirilmi\u015f G\u00fcvenlik: Hidrolik silindir, her t\u00fcrl\u00fc \u00e7al\u0131\u015fma ortam\u0131nda g\u00fcvenli ve g\u00fcvenilir \u00e7al\u0131\u015fma sa\u011flayan geli\u015fmi\u015f g\u00fcvenlik \u00f6zellikleriyle donat\u0131lm\u0131\u015ft\u0131r.<br \/>\n5. M\u00fc\u015fteri Memnuniyeti: 10043 hidrolik silindir, ihtiya\u00e7lar\u0131n\u0131z\u0131n kar\u015f\u0131lanmas\u0131n\u0131 ve memnuniyetinizin garanti alt\u0131na al\u0131nmas\u0131n\u0131 sa\u011flayan m\u00fckemmel m\u00fc\u015fteri deste\u011fiyle desteklenmektedir.<\/p>\n<p>Sonu\u00e7 olarak, 10043 Garantili Kalite Hidrolik Piston Silindiri, ola\u011fan\u00fcst\u00fc performans, dayan\u0131kl\u0131l\u0131k ve g\u00fcvenilirlik sunan birinci s\u0131n\u0131f bir hidrolik silindirdir. Geli\u015fmi\u015f \u00f6zellikleri ve \u00e7ok y\u00f6nl\u00fc uygulamalar\u0131yla, g\u00fcvenilir hidrolik g\u00fcce ihtiya\u00e7 duyan her sekt\u00f6r i\u00e7in m\u00fckemmel bir se\u00e7imdir.<\/p>\n<h2>Hidrolik Piston Silindirimize Giri\u015f<\/h2>\n<p>FMP olarak, en \u00fcst d\u00fczey hidrolik silindirler \u00fcretmekten gurur duyuyoruz. Uzmanl\u0131\u011f\u0131m\u0131z ve kaliteye olan ba\u011fl\u0131l\u0131\u011f\u0131m\u0131z, m\u00fc\u015fterilerimizin yaln\u0131zca en iyisini almas\u0131n\u0131 sa\u011fl\u0131yor. \u0130talya'da bulunan firmam\u0131z, hidrolik silindir sekt\u00f6r\u00fcnde lider konumdad\u0131r.<\/p>\n<h2>Hidrolik Piston Silindirimizin \u00d6zellikleri ve Faydalar\u0131<\/h2>\n<p>Hidrolik silindirlerimiz verimlilik ve enerji tasarrufu i\u00e7in tasarlanm\u0131\u015ft\u0131r. Ayr\u0131ca g\u00fcvenlik \u00f6zellikleriyle de bilinirler. A\u011f\u0131r i\u015flerin \u00fcstesinden gelmek i\u00e7in hidrolik silindirlerimizin y\u00fcksek ta\u015f\u0131ma kapasitesine g\u00fcvenebilirsiniz. \u00dcr\u00fcn\u00fcn boyutlar\u0131 ve kapasitesi gibi \u00f6zellikleri teknik parametreler b\u00f6l\u00fcm\u00fcnde detayl\u0131 olarak a\u00e7\u0131klanm\u0131\u015ft\u0131r.<\/p>\n<ol>\n<li><img decoding=\"async\" src=\"https:\/\/hzpt.com\/wp-content\/uploads\/2023\/12\/insert-1.webp\" alt=\"\" title=\"\"><\/li>\n<\/ol>\n<h2>Hidrolik Piston Silindirimizin Teknik Parametreleri<\/h2>\n<ul>\n<li>\u00d6l\u00e7\u00fcler: doldurulacak<\/li>\n<li>Kapasite: doldurulacak<\/li>\n<li>Ta\u015f\u0131ma Kapasitesi: doldurulacak<\/li>\n<\/ul>\n<h2>Hidrolik Piston Silindirimizin Benzersiz \u00d6zellikleri<\/h2>\n<p>FMP'nin hidrolik piston silindirleri yaln\u0131zca verimli ve g\u00fcvenli olmakla kalmaz, ayn\u0131 zamanda \u00e7evre dostu olacak \u015fekilde tasarlanm\u0131\u015ft\u0131r. Y\u00fcksek bas\u0131n\u00e7 alt\u0131nda performanstan \u00f6d\u00fcn vermeden \u00e7al\u0131\u015facak \u015fekilde \u00fcretilmi\u015flerdir.<\/p>\n<h2>Hidrolik Sistemlerin \u00c7al\u0131\u015fma Prensibi<\/h2>\n<p>Hidrolik sistemlerin \u00e7al\u0131\u015fma prensibi Pascal yasas\u0131na dayan\u0131r. Kapal\u0131 bir s\u0131v\u0131da bir noktaya uygulanan bas\u0131n\u00e7, her y\u00f6ne e\u015fit olarak iletilir ve bu da hidrolik silindirlerin \u00e7al\u0131\u015fmas\u0131n\u0131 sa\u011flar.<\/p>\n<h2>Hidrolik Piston Silindirimizin Se\u00e7imi, Montaj\u0131 ve Bak\u0131m\u0131<\/h2>\n<p>Hidrolik silindirlerin verimli \u00e7al\u0131\u015fmas\u0131 i\u00e7in do\u011fru hidrolik ya\u011f ve ya\u011f ke\u00e7esinin se\u00e7imi \u00e7ok \u00f6nemlidir. Hidrolik silindirlerin \u00f6l\u00e7\u00fcm\u00fc ve \u00e7al\u0131\u015fma prensibi de dikkate al\u0131nmas\u0131 gereken \u00f6nemli hususlard\u0131r. T\u00fcm bu alanlarda detayl\u0131 bilgi ve destek sa\u011fl\u0131yoruz.<\/p>\n<p>&nbsp;<\/p>\n<p><img decoding=\"async\" src=\"https:\/\/hzpt.com\/wp-content\/uploads\/2023\/12\/insert-3.webp\" alt=\"\" title=\"\"><\/p>\n<p>A: Evet, \u00f6zelle\u015ftirme hizmetleri sunuyoruz. \u0130htiya\u00e7lar\u0131n\u0131z\u0131 bize bildirebilirsiniz, biz de \u00fcr\u00fcn\u00fc buna g\u00f6re \u00fcretece\u011fiz.<\/p>\n<h2>Kaynakl\u0131 \u00c7atal Tip Silindirin Avantajlar\u0131<\/h2>\n<p>Kaynakl\u0131 \u00e7atal tipi silindirler, benzersiz avantajlar\u0131 ve avantajlar\u0131 nedeniyle bir\u00e7ok end\u00fcstriyel uygulama i\u00e7in pop\u00fcler bir tercihtir. Kaynakl\u0131 \u00e7atal tipi silindirlerin baz\u0131 temel avantajlar\u0131 \u015funlard\u0131r:<\/p>\n<h3>1. Artt\u0131r\u0131lm\u0131\u015f G\u00fc\u00e7 ve Dayan\u0131kl\u0131l\u0131k<\/h3>\n<p>Kaynakl\u0131 \u00e7atal tipi silindirler, di\u011fer silindir tiplerine k\u0131yasla daha fazla mukavemet ve dayan\u0131kl\u0131l\u0131k sa\u011flayan kaynakl\u0131 bir u\u00e7 kapa\u011f\u0131yla \u00fcretilir. Bu, onlar\u0131 y\u00fcksek mukavemet ve dayan\u0131kl\u0131l\u0131k gerektiren a\u011f\u0131r hizmet uygulamalar\u0131 i\u00e7in ideal hale getirir.<\/p>\n<p>Ayr\u0131ca, bu silindirlerin kaynakl\u0131 tasar\u0131m\u0131, s\u0131z\u0131nt\u0131 veya ar\u0131za olas\u0131l\u0131\u011f\u0131n\u0131n daha d\u00fc\u015f\u00fck olmas\u0131 anlam\u0131na gelir; bu da ar\u0131za s\u00fcresini ve bak\u0131m maliyetlerini azaltmaya yard\u0131mc\u0131 olabilir.<\/p>\n<h3>2. Y\u00fcksek Bas\u0131nc\u0131 Y\u00f6netme Yetene\u011fi<\/h3>\n<p>Kaynakl\u0131 \u00e7atal tipi silindirler, y\u00fcksek bas\u0131n\u00e7 uygulamalar\u0131na da uygundur ve bu da onlar\u0131 in\u015faat, madencilik, petrol ve gaz gibi sekt\u00f6rlerde pop\u00fcler bir tercih haline getirir. Y\u00fcksek bas\u0131n\u00e7la ba\u015fa \u00e7\u0131kabilme yetenekleri, zorlu ortamlarda g\u00fcvenilir performans sa\u011flar.<\/p>\n<h3>3. \u00d6zelle\u015ftirilebilir Tasar\u0131m<\/h3>\n<p>Kaynakl\u0131 \u00e7atal tipi silindirler, bir uygulaman\u0131n \u00f6zel ihtiya\u00e7lar\u0131n\u0131 kar\u015f\u0131layacak \u015fekilde \u00f6zel olarak tasarlanabilir. Bu, belirli bir boyut, \u015fekil veya performans gereksinimine uyacak \u015fekilde uyarlanabilecekleri anlam\u0131na gelir. \u00d6zelle\u015ftirilebilir tasar\u0131m, \u00fcretim s\u00fcrecinde daha fazla esneklik sa\u011flayarak maliyet tasarrufu sa\u011flayabilir.<\/p>\n<h3>4. Kolay Kurulum<\/h3>\n<p>Kaynakl\u0131 \u00e7atal tipi silindirler, kolay montaj i\u00e7in tasarlanm\u0131\u015ft\u0131r ve bu da kurulum s\u00fcresini ve i\u015f\u00e7ilik maliyetlerini azaltmaya yard\u0131mc\u0131 olur. Genellikle \u00f6nceden monte edilmi\u015f ve kutudan \u00e7\u0131kar \u00e7\u0131kmaz kullan\u0131ma haz\u0131rd\u0131rlar, bu da ek par\u00e7a veya bile\u015fen ihtiyac\u0131n\u0131 en aza indirir.<\/p>\n<h3>5. Geli\u015fmi\u015f Performans<\/h3>\n<p>Kaynakl\u0131 \u00e7atal tipi silindirlerin tasar\u0131m\u0131, di\u011fer silindir tiplerine k\u0131yasla daha iyi performans sa\u011flar. Bas\u0131n\u00e7 birimi ba\u015f\u0131na daha fazla kuvvet \u00fcretebilirler, bu da end\u00fcstriyel uygulamalarda verimlili\u011fi ve \u00fcretkenli\u011fi art\u0131rmaya yard\u0131mc\u0131 olabilir.<\/p>\n<p>Genel olarak, kaynakl\u0131 \u00e7atal tipi silindirler, onlar\u0131 bir\u00e7ok end\u00fcstriyel uygulama i\u00e7in pop\u00fcler bir tercih haline getiren bir dizi avantaj ve avantaj sunar. Art\u0131r\u0131lm\u0131\u015f mukavemet ve dayan\u0131kl\u0131l\u0131klar\u0131, y\u00fcksek bas\u0131nca dayanma kabiliyetleri, \u00f6zelle\u015ftirilebilir tasar\u0131mlar\u0131, kolay montajlar\u0131 ve geli\u015fmi\u015f performanslar\u0131, g\u00fcvenilirlik ve performans\u0131n \u00f6nemli oldu\u011fu zorlu ortamlar i\u00e7in onlar\u0131 ideal bir se\u00e7im haline getirir.<\/p>\n<p><img decoding=\"async\" src=\"https:\/\/hzpt.com\/wp-content\/uploads\/2023\/12\/insert-2.webp\" alt=\"\" title=\"\"><\/p>\n<h2>Kaynakl\u0131 \u00c7atal Tip Silindir Uygulamas\u0131<\/h2>\n<ul>\n<li><strong>End\u00fcstriyel Makineler:<\/strong> Kaynakl\u0131 \u00c7atal Tipi Silindirler, a\u011f\u0131r hizmet tipi uygulamalar i\u00e7in \u00e7e\u015fitli end\u00fcstriyel makinelerde yayg\u0131n olarak kullan\u0131lmaktad\u0131r. Bu silindirler, makinelerdeki bile\u015fenleri kald\u0131rmak ve preslemek i\u00e7in y\u00fcksek kuvvet \u00e7\u0131k\u0131\u015f\u0131 \u00fcretebilir. Kaynakl\u0131 \u00e7atal tasar\u0131m\u0131, kolay kurulum ve verimli \u00e7al\u0131\u015fma sa\u011flayarak \u00fcreticiler aras\u0131nda pop\u00fcler bir tercih haline getirir.\n<ul>\n<li>\u00dcretim sekt\u00f6r\u00fcnde Kaynakl\u0131 Kelep\u00e7e Tipi Silindirler, metal saclar\u0131n \u015fekillendirilmesi ve \u015fekillendirilmesi i\u00e7in gerekli kuvveti sa\u011flamak amac\u0131yla hidrolik preslerde, enjeksiyon kal\u0131plama makinelerinde ve metal damgalama ekipmanlar\u0131nda kullan\u0131l\u0131r.<\/li>\n<li>Otomotiv end\u00fcstrisinde bu silindirler, \u00fcretim s\u00fcrecinde a\u011f\u0131r par\u00e7alar\u0131 kald\u0131rmak i\u00e7in ara\u00e7 krikolar\u0131nda, kald\u0131r\u0131c\u0131larda ve montaj makinelerinde kullan\u0131l\u0131r.<\/li>\n<li>\u0130n\u015faat sekt\u00f6r\u00fcnde Kaynakl\u0131 Kelep\u00e7e Tipi Silindirler, a\u011f\u0131r y\u00fckleri kald\u0131ran ve hareket ettiren hidrolik sistemlere g\u00fc\u00e7 sa\u011flamak i\u00e7in vin\u00e7lerde, ekskavat\u00f6rlerde ve buldozerlerde kullan\u0131l\u0131r.<\/li>\n<\/ul>\n<\/li>\n<li><strong>Tar\u0131m Makinalar\u0131:<\/strong> Tar\u0131m makineleri, Kaynakl\u0131 \u00c7atal Tip Silindirlerin en \u00e7ok kullan\u0131ld\u0131\u011f\u0131 alanlardan biridir. Bu silindirler, trakt\u00f6rler, bi\u00e7erd\u00f6verler ve sabanlar dahil olmak \u00fczere \u00e7e\u015fitli tar\u0131m makinelerinde toprak haz\u0131rlama, ekim ve hasat i\u00e7in gerekli kuvveti sa\u011flamak amac\u0131yla kullan\u0131l\u0131r.\n<ul>\n<li>Tar\u0131m sekt\u00f6r\u00fcnde Kaynakl\u0131 \u00c7atal Tip Silindirler, toprak haz\u0131rl\u0131\u011f\u0131 ve tohum ekimi i\u00e7in gerekli kuvveti sa\u011flamak amac\u0131yla pulluk, k\u00fcltivat\u00f6r ve tohum ekim makinelerinde kullan\u0131l\u0131r.<\/li>\n<li>Hasat end\u00fcstrisinde bu silindirler, hasat makinelerinde, balya makinelerinde ve bi\u00e7me makinelerinde, mahsul\u00fc toplayan ve ta\u015f\u0131yan hidrolik sistemlere g\u00fc\u00e7 sa\u011flamak i\u00e7in kullan\u0131l\u0131r.<\/li>\n<\/ul>\n<\/li>\n<li><strong>Havac\u0131l\u0131k ve Savunma:<\/strong> Kaynakl\u0131 Kelep\u00e7e Tipi Silindirler havac\u0131l\u0131k ve savunma sanayinde de kullan\u0131lmakta olup, u\u00e7aklar, roketler, f\u00fczeler ve savunma sistemleri gibi geni\u015f bir uygulama yelpazesinde kullan\u0131lmaktad\u0131r.\n<ul>\n<li>Havac\u0131l\u0131k ve uzay end\u00fcstrisinde Kaynakl\u0131 Kelep\u00e7e Tipi Silindirler, u\u00e7ak ini\u015f tak\u0131mlar\u0131nda, kanat\u00e7\u0131klarda ve frenlerde kalk\u0131\u015f ve ini\u015f i\u00e7in gerekli kuvveti sa\u011flamak amac\u0131yla kullan\u0131l\u0131r.<\/li>\n<li>Savunma sanayinde bu silindirler f\u00fcze f\u0131rlat\u0131c\u0131lar\u0131nda, silah taretlerinde ve tank sistemlerinde silah ve m\u00fchimmat\u0131n hareketini kontrol eden hidrolik sistemlere g\u00fc\u00e7 sa\u011flamak i\u00e7in kullan\u0131l\u0131r.<\/li>\n<\/ul>\n<\/li>\n<li><strong>Denizcilik End\u00fcstrisi:<\/strong> Kaynakl\u0131 Kelep\u00e7e Tipi Silindirler denizcilik sekt\u00f6r\u00fcnde de yayg\u0131n olarak kullan\u0131lmakta olup gemiler, tekneler ve su alt\u0131 ara\u00e7lar\u0131 i\u00e7in \u00e7e\u015fitli uygulamalarda kullan\u0131lmaktad\u0131r.\n<ul>\n<li>Denizcilik sekt\u00f6r\u00fcnde Kaynakl\u0131 Kelep\u00e7e Tipi Silindirler, vin\u00e7lerde, vin\u00e7lerde ve kargo elle\u00e7leme ekipmanlar\u0131nda kargo y\u00fckleme ve bo\u015faltma i\u00e7in gerekli kuvveti sa\u011flamak amac\u0131yla kullan\u0131l\u0131r.<\/li>\n<li>Teknecilik sekt\u00f6r\u00fcnde bu silindirler, teknelerin ve gemilerin hareketini kontrol etmek i\u00e7in gerekli kuvveti sa\u011flamak amac\u0131yla d\u00fcmen sistemlerinde, pervanelerde ve \u00e7apa sistemlerinde kullan\u0131l\u0131r.<\/li>\n<li>Sualt\u0131 ara\u00e7 sekt\u00f6r\u00fcnde Kaynakl\u0131 Kelep\u00e7e Tipi Silindirler, su alt\u0131 operasyonlar\u0131 i\u00e7in gerekli kuvveti sa\u011flamak amac\u0131yla dalg\u0131\u00e7larda, uzaktan kumandal\u0131 ara\u00e7larda (ROV) ve dal\u0131\u015f ekipmanlar\u0131nda kullan\u0131l\u0131r.<\/li>\n<\/ul>\n<\/li>\n<li><strong>Madencilik End\u00fcstrisi:<\/strong> Kaynakl\u0131 Kelep\u00e7e Tipi Silindirler ayr\u0131ca madencilik sekt\u00f6r\u00fcnde de kullan\u0131l\u0131r ve mineral \u00e7\u0131karma ve malzeme ta\u015f\u0131ma gibi \u00e7e\u015fitli uygulamalarda kullan\u0131l\u0131r.\n<ul>\n<li>Madencilik sekt\u00f6r\u00fcnde Kaynakl\u0131 Kelep\u00e7e Tipi Silindirler, konvey\u00f6r sistemlerinde, sondaj makinelerinde ve hidrolik kep\u00e7elerde maden ve ta\u015f ocaklar\u0131ndan mineral ve malzemelerin \u00e7\u0131kar\u0131lmas\u0131 i\u00e7in gerekli kuvveti sa\u011flamak amac\u0131yla kullan\u0131l\u0131r.<\/li>\n<\/ul>\n<\/li>\n<\/ul>\n<h2>FMP Hakk\u0131nda<\/h2>\n<p>FMP, \u0130talya'da hidrolik silindirlerin \u00f6nde gelen \u00fcreticilerinden biridir. 200.000 set \u00fcretim kapasitesine ve 300 adet \u00e7e\u015fitli tipte tam otomatik CNC \u00fcretim ekipman\u0131na sahibiz. \u00dcr\u00fcn yelpazemizde hidrolik e\u011fim silindirleri, hidrolik direksiyon silindirleri ve hidrolik kald\u0131rma silindirleri bulunmaktad\u0131r.<\/p>\n<p>Y\u00fcksek kaliteli \u00fcr\u00fcnler, rekabet\u00e7i fiyatlar ve m\u00fckemmel hizmet sunuyoruz. Hidrolik silindirlerimiz, y\u00fcksekte \u00e7al\u0131\u015fma platformu silindirlerimiz, end\u00fcstriyel ara\u00e7 hidrolik silindirlerimiz, d\u00f6ner sondaj makinesi silindirlerimiz, kamyon vin\u00e7 silindirlerimiz, in\u015faat makineleri hidrolik silindirlerimiz; <b>Forklift Hidrolik Silindirleri<\/b>Madencilik damperli kamyon silindirleri, temizlik makineleri hidrolik silindirleri, ihtiya\u00e7lar\u0131n\u0131za g\u00f6re \u00f6zelle\u015ftirilebilir.<\/p>\n<p><img decoding=\"async\" src=\"https:\/\/hzpt.com\/wp-content\/uploads\/2023\/12\/insert-5.webp\" alt=\"FMP Fabrikas\u0131\" title=\"\"><\/p>\n<p>Yazar:CX<\/p>","protected":false},"excerpt":{"rendered":"<p>Product Introduction: The 10043 Guaranteed Quality Hydraulic Ram Cylinder Hydraulic Cylinder For Sale is a top-notch hydraulic cylinder designed to deliver exceptional performance and reliability. With its superior quality and advanced technology, this hydraulic cylinder is a game-changer in the industry. Features: 1. Unparalleled Durability: Built with high-quality materials, the 10043 hydraulic cylinder ensures long-lasting [&hellip;]<\/p>","protected":false},"featured_media":1127,"comment_status":"closed","ping_status":"closed","template":"","meta":{"_et_pb_use_builder":"","_et_pb_old_content":"","_et_gb_content_width":""},"product_brand":[],"product_cat":[36],"product_tag":[34,38],"class_list":{"0":"post-1051","1":"product","2":"type-product","3":"status-publish","4":"has-post-thumbnail","6":"product_cat-welded-clevis-type-cylinder","7":"product_tag-hydraulic-cylinder","8":"product_tag-welded-clevis-type-cylinder","10":"first","11":"instock","12":"product-type-simple"},"_links":{"self":[{"href":"https:\/\/fmp-components.com\/tr\/wp-json\/wp\/v2\/product\/1051","targetHints":{"allow":["GET"]}}],"collection":[{"href":"https:\/\/fmp-components.com\/tr\/wp-json\/wp\/v2\/product"}],"about":[{"href":"https:\/\/fmp-components.com\/tr\/wp-json\/wp\/v2\/types\/product"}],"replies":[{"embeddable":true,"href":"https:\/\/fmp-components.com\/tr\/wp-json\/wp\/v2\/comments?post=1051"}],"wp:featuredmedia":[{"embeddable":true,"href":"https:\/\/fmp-components.com\/tr\/wp-json\/wp\/v2\/media\/1127"}],"wp:attachment":[{"href":"https:\/\/fmp-components.com\/tr\/wp-json\/wp\/v2\/media?parent=1051"}],"wp:term":[{"taxonomy":"product_brand","embeddable":true,"href":"https:\/\/fmp-components.com\/tr\/wp-json\/wp\/v2\/product_brand?post=1051"},{"taxonomy":"product_cat","embeddable":true,"href":"https:\/\/fmp-components.com\/tr\/wp-json\/wp\/v2\/product_cat?post=1051"},{"taxonomy":"product_tag","embeddable":true,"href":"https:\/\/fmp-components.com\/tr\/wp-json\/wp\/v2\/product_tag?post=1051"}],"curies":[{"name":"wp","href":"https:\/\/api.w.org\/{rel}","templated":true}]}}