{"id":1046,"date":"2024-12-19T06:17:09","date_gmt":"2024-12-19T06:17:09","guid":{"rendered":"https:\/\/fmp-components.com\/product\/10038-factory-direct-sale-1200mm-stroke-hydraulic-cylinder-mini-hydraulic-cylinder-for-trailer\/"},"modified":"2024-12-24T00:35:48","modified_gmt":"2024-12-24T00:35:48","slug":"10038-factory-direct-sale-1200mm-stroke-hydraulic-cylinder-mini-hydraulic-cylinder-for-trailer","status":"publish","type":"product","link":"https:\/\/fmp-components.com\/tr\/product\/10038-factory-direct-sale-1200mm-stroke-hydraulic-cylinder-mini-hydraulic-cylinder-for-trailer\/","title":{"rendered":"10038 Fabrika Do\u011frudan Sat\u0131\u015f 1200 mm Stroklu Hidrolik Silindir Mini Hidrolik Silindir R\u00f6mork \u0130\u00e7in"},"content":{"rendered":"<h2>\u00dcr\u00fcn Tan\u0131t\u0131m\u0131:<\/h2>\n<p>10038 Fabrika Do\u011frudan Sat\u0131\u015f 1200 mm Stroklu Hidrolik Silindir Mini R\u00f6mork Hidrolik Silindiri, r\u00f6morklar i\u00e7in tasarlanm\u0131\u015f son derece verimli ve g\u00fcvenilir bir hidrolik silindirdir. 1200 mm strok uzunlu\u011fuyla bu hidrolik silindir, ola\u011fan\u00fcst\u00fc performans ve dayan\u0131kl\u0131l\u0131k sunar.<\/p>\n<p>Kompakt bir tasar\u0131ma sahip olan bu mini hidrolik silindir, hassas kald\u0131rma ve indirme fonksiyonlar\u0131 gerektiren r\u00f6morklar i\u00e7in m\u00fckemmeldir. P\u00fcr\u00fczs\u00fcz ve kontroll\u00fc hareketler sa\u011flamak i\u00e7in geli\u015fmi\u015f teknolojiyle tasarlanm\u0131\u015ft\u0131r ve bu da onu r\u00f6mork sekt\u00f6r\u00fcndeki \u00e7e\u015fitli uygulamalar i\u00e7in ideal hale getirir.<\/p>\n<p>10038 Fabrika Do\u011frudan Sat\u0131\u015f 1200 mm Stroklu Hidrolik Silindir, y\u00fcksek kaliteli malzemeler ve titiz kalite kontrol s\u00fcre\u00e7leri kullan\u0131larak \u00fcretilmi\u015ftir. Bu, uzun \u00f6m\u00fcrl\u00fc olmas\u0131n\u0131 ve a\u011f\u0131r y\u00fcklere ve zorlu \u00e7al\u0131\u015fma ko\u015fullar\u0131na dayanmas\u0131n\u0131 sa\u011flar. Sa\u011flam yap\u0131s\u0131 ve korozyona dayan\u0131kl\u0131 bile\u015fenleri, onu r\u00f6mork sahipleri ve operat\u00f6rleri i\u00e7in g\u00fcvenilir bir se\u00e7im haline getirir.<\/p>\n<p><img decoding=\"async\" src=\"https:\/\/hzpt.com\/wp-content\/uploads\/2023\/12\/insert-4.webp?v=1694163707\" alt=\"\" title=\"\"><\/p>\n<p>Dayan\u0131kl\u0131l\u0131\u011f\u0131n\u0131n yan\u0131 s\u0131ra, bu hidrolik silindir kolay kurulum ve bak\u0131m imkan\u0131 sunar. R\u00f6mork sistemlerine sorunsuz entegrasyon i\u00e7in tasarlanm\u0131\u015ft\u0131r ve kurulum s\u00fcrecinde zamandan ve emekten tasarruf sa\u011flar. D\u00fczenli bak\u0131m, optimum performans sa\u011flar ve hidrolik silindirin \u00f6mr\u00fcn\u00fc uzat\u0131r.<\/p>\n<p>M\u00fckemmel performans\u0131, dayan\u0131kl\u0131l\u0131\u011f\u0131 ve kullan\u0131c\u0131 dostu tasar\u0131m\u0131yla 10038 Fabrika Do\u011frudan Sat\u0131\u015f 1200mm Strok Hidrolik Silindir Mini Hidrolik Silindir R\u00f6mork i\u00e7in, g\u00fcvenilir bir hidrolik silindir \u00e7\u00f6z\u00fcm\u00fcne ihtiya\u00e7 duyan bireyler ve i\u015fletmeler i\u00e7in m\u00fckemmel bir se\u00e7imdir.<\/p>\n<h2>Fonksiyonlar ve \u00d6zellikler<\/h2>\n<p>Bu hidrolik silindir, onu r\u00f6morklar i\u00e7in en iyi tercih haline getiren bir dizi etkileyici \u00f6zelli\u011fe sahiptir. 1200 mm'lik strok uzunlu\u011fu, onu \u00e7e\u015fitli uygulamalarda kullan\u0131m i\u00e7in ideal hale getirir.<\/p>\n<h3>Teknik \u00d6zellikler<\/h3>\n<ul>\n<li>Strok Uzunlu\u011fu: 1200mm<\/li>\n<li>Kapasite: Y\u00fcksek<\/li>\n<li>Performans: Verimli ve g\u00fcvenilir<\/li>\n<\/ul>\n<h3>Benzersiz \u00d6zellikler ve Avantajlar<\/h3>\n<p>Bu hidrolik silindir enerji tasarruflu, y\u00fcksek performansl\u0131 ve g\u00fcvenlidir. Bu \u00f6zellikleri onu piyasada olduk\u00e7a ra\u011fbet g\u00f6ren bir \u00fcr\u00fcn haline getirmektedir.<\/p>\n<p><img decoding=\"async\" src=\"https:\/\/hzpt.com\/wp-content\/uploads\/2023\/12\/insert-1.webp\" alt=\"\" title=\"\"><\/p>\n<h2>Hidrolik Sistem ve \u00c7al\u0131\u015fma Prensibi<\/h2>\n<p>Hidrolik silindirin \u00e7al\u0131\u015fma prensibi ak\u0131\u015fkanlar mekani\u011fi prensiplerine dayan\u0131r. Kuvvet ve hareket \u00fcretmek i\u00e7in hidrolik ya\u011f kullan\u0131r ve bu da onu her hidrolik sistemin hayati bir bile\u015feni haline getirir.<\/p>\n<p>R\u00f6morklar i\u00e7in 1200 mm stroklu mini hidrolik silindir, zengin bir ge\u00e7mi\u015fe sahiptir ve \u00e7e\u015fitli tipleri mevcuttur. Kurulumu, bak\u0131m\u0131 ve onar\u0131m\u0131 kolayd\u0131r, bu da onu kullan\u0131c\u0131 dostu bir \u00fcr\u00fcn haline getirir.<\/p>\n<h2>\u00dcr\u00fcn Se\u00e7imi<\/h2>\n<p>Hidrolik silindirin optimum performans\u0131 i\u00e7in do\u011fru hidrolik ya\u011f ve ya\u011f ke\u00e7esini se\u00e7mek \u00e7ok \u00f6nemlidir. \u00d6l\u00e7\u00fcmler ve de\u011fi\u015ftirme prosed\u00fcrleri basittir ve hidrolik silindirinizin her zaman en y\u00fcksek performans\u0131 sunmas\u0131n\u0131 sa\u011flar.<\/p>\n<h2>Kaynakl\u0131 \u00c7atal Tip Silindirin Avantajlar\u0131<\/h2>\n<p>Kaynakl\u0131 \u00e7atal tipi silindirler, benzersiz avantajlar\u0131 ve avantajlar\u0131 nedeniyle bir\u00e7ok end\u00fcstriyel uygulama i\u00e7in pop\u00fcler bir tercihtir. Kaynakl\u0131 \u00e7atal tipi silindirlerin baz\u0131 temel avantajlar\u0131 \u015funlard\u0131r:<\/p>\n<h3>1. Artt\u0131r\u0131lm\u0131\u015f G\u00fc\u00e7 ve Dayan\u0131kl\u0131l\u0131k<\/h3>\n<p>Kaynakl\u0131 \u00e7atal tipi silindirler, di\u011fer silindir tiplerine k\u0131yasla daha fazla mukavemet ve dayan\u0131kl\u0131l\u0131k sa\u011flayan kaynakl\u0131 bir u\u00e7 kapa\u011f\u0131yla \u00fcretilir. Bu, onlar\u0131 y\u00fcksek mukavemet ve dayan\u0131kl\u0131l\u0131k gerektiren a\u011f\u0131r hizmet uygulamalar\u0131 i\u00e7in ideal hale getirir.<\/p>\n<p>Ayr\u0131ca, bu silindirlerin kaynakl\u0131 tasar\u0131m\u0131, s\u0131z\u0131nt\u0131 veya ar\u0131za olas\u0131l\u0131\u011f\u0131n\u0131n daha d\u00fc\u015f\u00fck olmas\u0131 anlam\u0131na gelir; bu da ar\u0131za s\u00fcresini ve bak\u0131m maliyetlerini azaltmaya yard\u0131mc\u0131 olabilir.<\/p>\n<h3>2. Y\u00fcksek Bas\u0131nc\u0131 Y\u00f6netme Yetene\u011fi<\/h3>\n<p>Kaynakl\u0131 \u00e7atal tipi silindirler, y\u00fcksek bas\u0131n\u00e7 uygulamalar\u0131na da uygundur ve bu da onlar\u0131 in\u015faat, madencilik, petrol ve gaz gibi sekt\u00f6rlerde pop\u00fcler bir tercih haline getirir. Y\u00fcksek bas\u0131n\u00e7la ba\u015fa \u00e7\u0131kabilme yetenekleri, zorlu ortamlarda g\u00fcvenilir performans sa\u011flar.<\/p>\n<h3>3. \u00d6zelle\u015ftirilebilir Tasar\u0131m<\/h3>\n<p>Kaynakl\u0131 \u00e7atal tipi silindirler, bir uygulaman\u0131n \u00f6zel ihtiya\u00e7lar\u0131n\u0131 kar\u015f\u0131layacak \u015fekilde \u00f6zel olarak tasarlanabilir. Bu, belirli bir boyut, \u015fekil veya performans gereksinimine uyacak \u015fekilde uyarlanabilecekleri anlam\u0131na gelir. \u00d6zelle\u015ftirilebilir tasar\u0131m, \u00fcretim s\u00fcrecinde daha fazla esneklik sa\u011flayarak maliyet tasarrufu sa\u011flayabilir.<\/p>\n<h3>4. Kolay Kurulum<\/h3>\n<p>Kaynakl\u0131 \u00e7atal tipi silindirler, kolay montaj i\u00e7in tasarlanm\u0131\u015ft\u0131r ve bu da kurulum s\u00fcresini ve i\u015f\u00e7ilik maliyetlerini azaltmaya yard\u0131mc\u0131 olur. Genellikle \u00f6nceden monte edilmi\u015f ve kutudan \u00e7\u0131kar \u00e7\u0131kmaz kullan\u0131ma haz\u0131rd\u0131rlar, bu da ek par\u00e7a veya bile\u015fen ihtiyac\u0131n\u0131 en aza indirir.<\/p>\n<h3>5. Geli\u015fmi\u015f Performans<\/h3>\n<p>Kaynakl\u0131 \u00e7atal tipi silindirlerin tasar\u0131m\u0131, di\u011fer silindir tiplerine k\u0131yasla daha iyi performans sa\u011flar. Bas\u0131n\u00e7 birimi ba\u015f\u0131na daha fazla kuvvet \u00fcretebilirler, bu da end\u00fcstriyel uygulamalarda verimlili\u011fi ve \u00fcretkenli\u011fi art\u0131rmaya yard\u0131mc\u0131 olabilir.<\/p>\n<p>Genel olarak, kaynakl\u0131 \u00e7atal tipi silindirler, onlar\u0131 bir\u00e7ok end\u00fcstriyel uygulama i\u00e7in pop\u00fcler bir tercih haline getiren bir dizi avantaj ve avantaj sunar. Art\u0131r\u0131lm\u0131\u015f mukavemet ve dayan\u0131kl\u0131l\u0131klar\u0131, y\u00fcksek bas\u0131nca dayanma kabiliyetleri, \u00f6zelle\u015ftirilebilir tasar\u0131mlar\u0131, kolay montajlar\u0131 ve geli\u015fmi\u015f performanslar\u0131, g\u00fcvenilirlik ve performans\u0131n \u00f6nemli oldu\u011fu zorlu ortamlar i\u00e7in onlar\u0131 ideal bir se\u00e7im haline getirir.<\/p>\n<p><img decoding=\"async\" src=\"https:\/\/hzpt.com\/wp-content\/uploads\/2023\/12\/insert-2.webp\" alt=\"\" title=\"\"><\/p>\n<h2>Kaynakl\u0131 \u00c7atal Tip Silindir Uygulamas\u0131<\/h2>\n<ul>\n<li><strong>End\u00fcstriyel Makineler:<\/strong> Kaynakl\u0131 \u00c7atal Tipi Silindirler, a\u011f\u0131r hizmet tipi uygulamalar i\u00e7in \u00e7e\u015fitli end\u00fcstriyel makinelerde yayg\u0131n olarak kullan\u0131lmaktad\u0131r. Bu silindirler, makinelerdeki bile\u015fenleri kald\u0131rmak ve preslemek i\u00e7in y\u00fcksek kuvvet \u00e7\u0131k\u0131\u015f\u0131 \u00fcretebilir. Kaynakl\u0131 \u00e7atal tasar\u0131m\u0131, kolay kurulum ve verimli \u00e7al\u0131\u015fma sa\u011flayarak \u00fcreticiler aras\u0131nda pop\u00fcler bir tercih haline getirir.\n<ul>\n<li>\u00dcretim sekt\u00f6r\u00fcnde Kaynakl\u0131 Kelep\u00e7e Tipi Silindirler, metal saclar\u0131n \u015fekillendirilmesi ve \u015fekillendirilmesi i\u00e7in gerekli kuvveti sa\u011flamak amac\u0131yla hidrolik preslerde, enjeksiyon kal\u0131plama makinelerinde ve metal damgalama ekipmanlar\u0131nda kullan\u0131l\u0131r.<\/li>\n<li>Otomotiv end\u00fcstrisinde bu silindirler, \u00fcretim s\u00fcrecinde a\u011f\u0131r par\u00e7alar\u0131 kald\u0131rmak i\u00e7in ara\u00e7 krikolar\u0131nda, kald\u0131r\u0131c\u0131larda ve montaj makinelerinde kullan\u0131l\u0131r.<\/li>\n<li>\u0130n\u015faat sekt\u00f6r\u00fcnde Kaynakl\u0131 Kelep\u00e7e Tipi Silindirler, a\u011f\u0131r y\u00fckleri kald\u0131ran ve hareket ettiren hidrolik sistemlere g\u00fc\u00e7 sa\u011flamak i\u00e7in vin\u00e7lerde, ekskavat\u00f6rlerde ve buldozerlerde kullan\u0131l\u0131r.<\/li>\n<\/ul>\n<\/li>\n<li><strong>Tar\u0131m Makinalar\u0131:<\/strong> Tar\u0131m makineleri, Kaynakl\u0131 \u00c7atal Tip Silindirlerin en \u00e7ok kullan\u0131ld\u0131\u011f\u0131 alanlardan biridir. Bu silindirler, trakt\u00f6rler, bi\u00e7erd\u00f6verler ve sabanlar dahil olmak \u00fczere \u00e7e\u015fitli tar\u0131m makinelerinde toprak haz\u0131rlama, ekim ve hasat i\u00e7in gerekli kuvveti sa\u011flamak amac\u0131yla kullan\u0131l\u0131r.\n<ul>\n<li>Tar\u0131m sekt\u00f6r\u00fcnde Kaynakl\u0131 \u00c7atal Tip Silindirler, toprak haz\u0131rl\u0131\u011f\u0131 ve tohum ekimi i\u00e7in gerekli kuvveti sa\u011flamak amac\u0131yla pulluk, k\u00fcltivat\u00f6r ve tohum ekim makinelerinde kullan\u0131l\u0131r.<\/li>\n<li>Hasat end\u00fcstrisinde bu silindirler, hasat makinelerinde, balya makinelerinde ve bi\u00e7me makinelerinde, mahsul\u00fc toplayan ve ta\u015f\u0131yan hidrolik sistemlere g\u00fc\u00e7 sa\u011flamak i\u00e7in kullan\u0131l\u0131r.<\/li>\n<\/ul>\n<\/li>\n<li><strong>Havac\u0131l\u0131k ve Savunma:<\/strong> Kaynakl\u0131 Kelep\u00e7e Tipi Silindirler havac\u0131l\u0131k ve savunma sanayinde de kullan\u0131lmakta olup, u\u00e7aklar, roketler, f\u00fczeler ve savunma sistemleri gibi geni\u015f bir uygulama yelpazesinde kullan\u0131lmaktad\u0131r.\n<ul>\n<li>Havac\u0131l\u0131k ve uzay end\u00fcstrisinde Kaynakl\u0131 Kelep\u00e7e Tipi Silindirler, u\u00e7ak ini\u015f tak\u0131mlar\u0131nda, kanat\u00e7\u0131klarda ve frenlerde kalk\u0131\u015f ve ini\u015f i\u00e7in gerekli kuvveti sa\u011flamak amac\u0131yla kullan\u0131l\u0131r.<\/li>\n<li>Savunma sanayinde bu silindirler f\u00fcze f\u0131rlat\u0131c\u0131lar\u0131nda, silah taretlerinde ve tank sistemlerinde silah ve m\u00fchimmat\u0131n hareketini kontrol eden hidrolik sistemlere g\u00fc\u00e7 sa\u011flamak i\u00e7in kullan\u0131l\u0131r.<\/li>\n<\/ul>\n<\/li>\n<li><strong>Denizcilik End\u00fcstrisi:<\/strong> Kaynakl\u0131 Kelep\u00e7e Tipi Silindirler denizcilik sekt\u00f6r\u00fcnde de yayg\u0131n olarak kullan\u0131lmakta olup gemiler, tekneler ve su alt\u0131 ara\u00e7lar\u0131 i\u00e7in \u00e7e\u015fitli uygulamalarda kullan\u0131lmaktad\u0131r.\n<ul>\n<li>Denizcilik sekt\u00f6r\u00fcnde Kaynakl\u0131 Kelep\u00e7e Tipi Silindirler, vin\u00e7lerde, vin\u00e7lerde ve kargo elle\u00e7leme ekipmanlar\u0131nda kargo y\u00fckleme ve bo\u015faltma i\u00e7in gerekli kuvveti sa\u011flamak amac\u0131yla kullan\u0131l\u0131r.<\/li>\n<li>Teknecilik sekt\u00f6r\u00fcnde bu silindirler, teknelerin ve gemilerin hareketini kontrol etmek i\u00e7in gerekli kuvveti sa\u011flamak amac\u0131yla d\u00fcmen sistemlerinde, pervanelerde ve \u00e7apa sistemlerinde kullan\u0131l\u0131r.<\/li>\n<li>Sualt\u0131 ara\u00e7 sekt\u00f6r\u00fcnde Kaynakl\u0131 Kelep\u00e7e Tipi Silindirler, su alt\u0131 operasyonlar\u0131 i\u00e7in gerekli kuvveti sa\u011flamak amac\u0131yla dalg\u0131\u00e7larda, uzaktan kumandal\u0131 ara\u00e7larda (ROV) ve dal\u0131\u015f ekipmanlar\u0131nda kullan\u0131l\u0131r.<\/li>\n<\/ul>\n<\/li>\n<li><strong>Madencilik End\u00fcstrisi:<\/strong> Kaynakl\u0131 Kelep\u00e7e Tipi Silindirler ayr\u0131ca madencilik sekt\u00f6r\u00fcnde de kullan\u0131l\u0131r ve mineral \u00e7\u0131karma ve malzeme ta\u015f\u0131ma gibi \u00e7e\u015fitli uygulamalarda kullan\u0131l\u0131r.\n<ul>\n<li>Madencilik sekt\u00f6r\u00fcnde Kaynakl\u0131 Kelep\u00e7e Tipi Silindirler, konvey\u00f6r sistemlerinde, sondaj makinelerinde ve hidrolik kep\u00e7elerde maden ve ta\u015f ocaklar\u0131ndan mineral ve malzemelerin \u00e7\u0131kar\u0131lmas\u0131 i\u00e7in gerekli kuvveti sa\u011flamak amac\u0131yla kullan\u0131l\u0131r.<\/li>\n<\/ul>\n<\/li>\n<\/ul>\n<h2>FMP Hakk\u0131nda<\/h2>\n<p>FMP, \u0130talya'da mobil makine hidrolik silindir pazar\u0131nda lider konumdad\u0131r. \u00dcr\u00fcn yelpazemiz hidrolik devirme silindirleri, hidrolik direksiyon silindirleri ve hidrolik kald\u0131rma silindirlerini i\u00e7ermektedir. FMP, 200.000 set tasar\u0131m kapasitesine sahip olup, 300 set \u00e7e\u015fitli tam otomatik CNC \u00fcretim ekipman\u0131 ve tam otomatik hidrolik silindir montaj ekipman\u0131yla hizmet vermektedir.<\/p>\n<h2>Neden FMP'yi Se\u00e7melisiniz?<\/h2>\n<p>FMP, rekabet\u00e7i fiyatlarla kaliteli \u00fcr\u00fcnler sunar ve bunu ola\u011fan\u00fcst\u00fc hizmet anlay\u0131\u015f\u0131yla destekler. Yukar\u0131da bahsedilen \u00fcr\u00fcnlere ek olarak, hava \u00e7al\u0131\u015fma platformu silindirleri, end\u00fcstriyel ara\u00e7 hidrolik silindirleri, d\u00f6ner sondaj kulesi silindirleri, otomotiv vin\u00e7 silindirleri, in\u015faat makineleri hidrolik silindirleri de sunuyoruz. <b>Forklift Hidrolik Silindirleri<\/b>, maden damperli kamyon silindirleri ve sanitasyon makineleri hidrolik silindirleri. M\u00fc\u015fterilerimizin sipari\u015flerini ihtiya\u00e7lar\u0131na g\u00f6re \u00f6zelle\u015ftirmelerine memnuniyetle izin veriyoruz.<\/p>\n<p><img decoding=\"async\" src=\"https:\/\/hzpt.com\/wp-content\/uploads\/2023\/12\/insert-5.webp\" alt=\"FMP fabrika g\u00f6r\u00fcnt\u00fcs\u00fc\" title=\"\"><\/p>\n<h2>SSS<\/h2>\n<dl>\n<dt>S: Bu hidrolik silindirin strok uzunlu\u011fu nedir?<\/dt>\n<dd>A: Bu hidrolik silindirin strok uzunlu\u011fu 1200mm'dir.<\/dd>\n<dt>S: Bu \u00fcr\u00fcn\u00fcn benzersiz \u00f6zellikleri nelerdir?<\/dt>\n<dd>A: Bu hidrolik silindir enerji tasarruflu, y\u00fcksek performansl\u0131 ve g\u00fcvenlidir.<\/dd>\n<\/dl>\n<dl>\n<dt>S: Bu hidrolik silindirin uygulamalar\u0131 nelerdir?<\/dt>\n<dd>A: Bu hidrolik silindir r\u00f6morklarda kullan\u0131m i\u00e7in idealdir.<\/dd>\n<dt>S: Bu hidrolik silindir i\u00e7in do\u011fru hidrolik ya\u011f\u0131 ve ya\u011f ke\u00e7esini nas\u0131l se\u00e7erim?<\/dt>\n<dd>A: Bu hidrolik silindir i\u00e7in do\u011fru hidrolik ya\u011f ve ya\u011f ke\u00e7esi konusunda uzmanlar\u0131m\u0131za dan\u0131\u015fabilirsiniz.<\/dd>\n<dt>S: Neden FMP\u2019yi se\u00e7meliyim?<\/dt>\n<dd>A: FMP, rekabet\u00e7i fiyatlarla kaliteli \u00fcr\u00fcnler ve ola\u011fan\u00fcst\u00fc hizmet sunmaktad\u0131r.<\/dd>\n<\/dl>\n<p>Yazar:CX<\/p>","protected":false},"excerpt":{"rendered":"<p>Product Introduction: The 10038 Factory Direct Sale 1200mm Stroke Hydraulic Cylinder Mini Hydraulic Cylinder For Trailer is a highly efficient and reliable hydraulic cylinder designed for trailers. With a stroke length of 1200mm, this hydraulic cylinder offers exceptional performance and durability. Featuring a compact design, this mini hydraulic cylinder is perfect for trailers that require [&hellip;]<\/p>","protected":false},"featured_media":1127,"comment_status":"closed","ping_status":"closed","template":"","meta":{"_et_pb_use_builder":"","_et_pb_old_content":"","_et_gb_content_width":""},"product_brand":[],"product_cat":[36],"product_tag":[34,38],"class_list":{"0":"post-1046","1":"product","2":"type-product","3":"status-publish","4":"has-post-thumbnail","6":"product_cat-welded-clevis-type-cylinder","7":"product_tag-hydraulic-cylinder","8":"product_tag-welded-clevis-type-cylinder","10":"first","11":"instock","12":"product-type-simple"},"_links":{"self":[{"href":"https:\/\/fmp-components.com\/tr\/wp-json\/wp\/v2\/product\/1046","targetHints":{"allow":["GET"]}}],"collection":[{"href":"https:\/\/fmp-components.com\/tr\/wp-json\/wp\/v2\/product"}],"about":[{"href":"https:\/\/fmp-components.com\/tr\/wp-json\/wp\/v2\/types\/product"}],"replies":[{"embeddable":true,"href":"https:\/\/fmp-components.com\/tr\/wp-json\/wp\/v2\/comments?post=1046"}],"wp:featuredmedia":[{"embeddable":true,"href":"https:\/\/fmp-components.com\/tr\/wp-json\/wp\/v2\/media\/1127"}],"wp:attachment":[{"href":"https:\/\/fmp-components.com\/tr\/wp-json\/wp\/v2\/media?parent=1046"}],"wp:term":[{"taxonomy":"product_brand","embeddable":true,"href":"https:\/\/fmp-components.com\/tr\/wp-json\/wp\/v2\/product_brand?post=1046"},{"taxonomy":"product_cat","embeddable":true,"href":"https:\/\/fmp-components.com\/tr\/wp-json\/wp\/v2\/product_cat?post=1046"},{"taxonomy":"product_tag","embeddable":true,"href":"https:\/\/fmp-components.com\/tr\/wp-json\/wp\/v2\/product_tag?post=1046"}],"curies":[{"name":"wp","href":"https:\/\/api.w.org\/{rel}","templated":true}]}}