{"id":1044,"date":"2024-12-19T06:17:09","date_gmt":"2024-12-19T06:17:09","guid":{"rendered":"https:\/\/fmp-components.com\/product\/10036-high-quality-stainless-steel-welded-clevis-hydraulic-cylinders\/"},"modified":"2025-03-18T00:44:17","modified_gmt":"2025-03-18T00:44:17","slug":"10036-high-quality-stainless-steel-welded-clevis-hydraulic-cylinders","status":"publish","type":"product","link":"https:\/\/fmp-components.com\/tr\/product\/10036-high-quality-stainless-steel-welded-clevis-hydraulic-cylinders\/","title":{"rendered":"10036 Y\u00fcksek Kaliteli Paslanmaz \u00c7elik Kaynakl\u0131 \u00c7atal Hidrolik Silindirler"},"content":{"rendered":"<h2>\u00dcr\u00fcn A\u00e7\u0131klamas\u0131:<\/h2>\n<p>10036 Y\u00fcksek Kaliteli Paslanmaz \u00c7elik Kaynakl\u0131 Ba\u011flant\u0131 Elemanl\u0131 Hidrolik Silindirler, dayan\u0131kl\u0131 paslanmaz \u00e7elikten \u00fcretilmi\u015f hassas m\u00fchendislik \u00fcr\u00fcn\u00fc hidrolik silindirlerdir. Ola\u011fan\u00fcst\u00fc performans ve g\u00fcvenilirlik sa\u011flamak \u00fczere tasarlanan bu silindirler, \u00e7e\u015fitli end\u00fcstriyel uygulamalar i\u00e7in idealdir.<\/p>\n<p>Temel \u00d6zellikler:<br \/>\n1. Y\u00fcksek Kaliteli Paslanmaz \u00c7elik: Bu hidrolik silindirler, \u00fcst\u00fcn mukavemet ve korozyona kar\u015f\u0131 diren\u00e7 sa\u011flayan y\u00fcksek kaliteli paslanmaz \u00e7elik kullan\u0131larak \u00fcretilmi\u015ftir.<br \/>\n2. Kaynakl\u0131 Ba\u011flant\u0131 Eleman\u0131: Silindirler, verimli \u00e7al\u0131\u015fma i\u00e7in g\u00fcvenli ve istikrarl\u0131 bir ba\u011flant\u0131 sa\u011flayan kaynakl\u0131 ba\u011flant\u0131 eleman\u0131na sahiptir.<br \/>\n3. Hassas M\u00fchendislik: Her silindir, hassas hareketler ve tutarl\u0131 performans sa\u011flamak i\u00e7in titizlikle tasarlanm\u0131\u015ft\u0131r.<br \/>\n4. G\u00fcvenilir Hidrolik Sistem: Silindirler, hidrolik sistemlerle sorunsuz \u00e7al\u0131\u015facak \u015fekilde tasarlanm\u0131\u015ft\u0131r ve d\u00fczg\u00fcn \u00e7al\u0131\u015fma ve g\u00fcvenilir kuvvet \u00fcretimi sa\u011flar.<br \/>\n5. \u00c7ok Y\u00f6nl\u00fc Kullan\u0131m Alanlar\u0131: \u0130malat, in\u015faat, tar\u0131m ve daha bir\u00e7ok alanda geni\u015f bir uygulama yelpazesi i\u00e7in uygundur.<br \/>\n6. Sa\u011flam Yap\u0131: Zorlu ko\u015fullara dayanacak \u015fekilde tasarlanan bu silindirler sa\u011flam ve uzun \u00f6m\u00fcrl\u00fcd\u00fcr.<br \/>\n7. Kolay Kurulum: Silindirler, sorunsuz kurulum ve mevcut sistemlere entegrasyon sa\u011flayan, anla\u015f\u0131lmas\u0131 kolay kurulum talimatlar\u0131yla birlikte gelir.<br \/>\n8. D\u00fc\u015f\u00fck Bak\u0131m Gereksinimi: Dayan\u0131kl\u0131 yap\u0131lar\u0131 ve y\u00fcksek kaliteli bile\u015fenleri sayesinde bu silindirler minimum bak\u0131m gerektirir, bu da ar\u0131za s\u00fcrelerini ve i\u015fletme maliyetlerini azalt\u0131r.<br \/>\n9. Geni\u015f Boyut Yelpazesi: \u00c7e\u015fitli boyutlarda ve strok uzunluklar\u0131nda mevcuttur, bu da belirli uygulama gereksinimlerini kar\u015f\u0131lamada esneklik sa\u011flar.<br \/>\n10. G\u00fcvenli ve Verimli: Silindirler, kazalar\u0131 \u00f6nlemek ve verimli \u00e7al\u0131\u015fmay\u0131 sa\u011flamak i\u00e7in g\u00fcvenlik \u00f6zellikleriyle tasarlanm\u0131\u015ft\u0131r.<\/p>\n<p>\u0130ster a\u011f\u0131r y\u00fckleri kald\u0131rman\u0131z, ister hidrolik makineleri \u00e7al\u0131\u015ft\u0131rman\u0131z veya g\u00fcvenilir kuvvet \u00fcretimi gerektiren di\u011fer g\u00f6revleri yerine getirmeniz gereksin, 10036 Y\u00fcksek Kaliteli Paslanmaz \u00c7elik Kaynakl\u0131 Mafsall\u0131 Hidrolik Silindirler m\u00fckemmel bir se\u00e7imdir. Hidrolik sistemlerinizin performans\u0131n\u0131 ve dayan\u0131kl\u0131l\u0131\u011f\u0131n\u0131 art\u0131rmak i\u00e7in bu silindirlere yat\u0131r\u0131m yap\u0131n. \u0130talya'da \u00fcretilen FMP'nin en \u00fcst d\u00fczey \u00fcr\u00fcn\u00fc olan 10036 Y\u00fcksek Kaliteli Paslanmaz \u00c7elik Kaynakl\u0131 Mafsall\u0131 Hidrolik Silindiri tan\u0131t\u0131yoruz. Bu hidrolik silindir, s\u0131v\u0131 g\u00fcc\u00fcn\u00fc do\u011frusal mekanik g\u00fcce d\u00f6n\u00fc\u015ft\u00fcrmek ve tek bir y\u00f6nde bir strok boyunca kuvvet iletmek i\u00e7in tasarlanm\u0131\u015f, hidrolik sistemler d\u00fcnyas\u0131nda vazge\u00e7ilmez bir ara\u00e7t\u0131r.<\/p>\n<p><img loading=\"lazy\" decoding=\"async\" class=\"alignnone size-full wp-image-1073\" src=\"https:\/\/fmp-components.com\/wp-content\/uploads\/2024\/12\/Welded-Clevis-Type-Cylinder2.webp\" alt=\"Kaynakl\u0131 \u00c7atal Tipi Silindir\" width=\"800\" height=\"800\" title=\"\" srcset=\"https:\/\/fmp-components.com\/wp-content\/uploads\/2024\/12\/Welded-Clevis-Type-Cylinder2.webp 800w, https:\/\/fmp-components.com\/wp-content\/uploads\/2024\/12\/Welded-Clevis-Type-Cylinder2-480x480.webp 480w\" sizes=\"(min-width: 0px) and (max-width: 480px) 480px, (min-width: 481px) 800px, 100vw\" \/><\/p>\n<p>Hidrolik silindirler, bas\u0131n\u00e7l\u0131 s\u0131v\u0131 \u00e7o\u011faltma prensibiyle \u00e7al\u0131\u015f\u0131r. Hidrolik ya\u011f silindirin alt taraf\u0131na pompaland\u0131\u011f\u0131nda, silindir \u00e7ubu\u011fu d\u0131\u015far\u0131 do\u011fru hareket eder ve strok boyunca i\u015f yapar.<\/p>\n<p>Hidrolik silindirlerimiz forkliftler, ekskavat\u00f6rler, y\u00fcksekte \u00e7al\u0131\u015fma platformlar\u0131 ve daha bir\u00e7ok mobil ekipmanda yayg\u0131n olarak kullan\u0131lmaktad\u0131r. Ayr\u0131ca ihtiya\u00e7lar\u0131n\u0131za g\u00f6re \u00f6zelle\u015ftirme se\u00e7enekleri de sunuyoruz.<\/p>\n<p>FMP'nin hidrolik silindirleri, \u00e7e\u015fitli s\u0131n\u0131fland\u0131rmalar\u0131, avantajlar\u0131, montaj y\u00f6ntemleri, bak\u0131m ve onar\u0131m prosed\u00fcrleriyle zengin bir ge\u00e7mi\u015fe sahiptir. Do\u011fru hidrolik ya\u011f ve contalar\u0131n se\u00e7imi, hidrolik silindirinizin uzun \u00f6mr\u00fc ve performans\u0131 i\u00e7in \u00e7ok \u00f6nemlidir. Hidrolik silindirinizin nas\u0131l \u00f6l\u00e7\u00fclece\u011fi ve ne zaman ve nas\u0131l de\u011fi\u015ftirilece\u011fi konusunda k\u0131lavuzlar sunuyoruz.<\/p>\n<h2>Kaynakl\u0131 \u00c7atal Tip Silindirin Avantajlar\u0131<\/h2>\n<p>Kaynakl\u0131 \u00e7atal tipi silindirler, benzersiz avantajlar\u0131 ve avantajlar\u0131 nedeniyle bir\u00e7ok end\u00fcstriyel uygulama i\u00e7in pop\u00fcler bir tercihtir. Kaynakl\u0131 \u00e7atal tipi silindirlerin baz\u0131 temel avantajlar\u0131 \u015funlard\u0131r:<\/p>\n<h3>1. Artt\u0131r\u0131lm\u0131\u015f G\u00fc\u00e7 ve Dayan\u0131kl\u0131l\u0131k<\/h3>\n<p>Kaynakl\u0131 \u00e7atal tipi silindirler, di\u011fer silindir tiplerine k\u0131yasla daha fazla mukavemet ve dayan\u0131kl\u0131l\u0131k sa\u011flayan kaynakl\u0131 bir u\u00e7 kapa\u011f\u0131yla \u00fcretilir. Bu, onlar\u0131 y\u00fcksek mukavemet ve dayan\u0131kl\u0131l\u0131k gerektiren a\u011f\u0131r hizmet uygulamalar\u0131 i\u00e7in ideal hale getirir.<\/p>\n<p>Ayr\u0131ca, bu silindirlerin kaynakl\u0131 tasar\u0131m\u0131, s\u0131z\u0131nt\u0131 veya ar\u0131za olas\u0131l\u0131\u011f\u0131n\u0131n daha d\u00fc\u015f\u00fck olmas\u0131 anlam\u0131na gelir; bu da ar\u0131za s\u00fcresini ve bak\u0131m maliyetlerini azaltmaya yard\u0131mc\u0131 olabilir.<\/p>\n<h3>2. Y\u00fcksek Bas\u0131nc\u0131 Y\u00f6netme Yetene\u011fi<\/h3>\n<p>Kaynakl\u0131 \u00e7atal tipi silindirler, y\u00fcksek bas\u0131n\u00e7 uygulamalar\u0131na da uygundur ve bu da onlar\u0131 in\u015faat, madencilik, petrol ve gaz gibi sekt\u00f6rlerde pop\u00fcler bir tercih haline getirir. Y\u00fcksek bas\u0131n\u00e7la ba\u015fa \u00e7\u0131kabilme yetenekleri, zorlu ortamlarda g\u00fcvenilir performans sa\u011flar.<\/p>\n<h3>3. \u00d6zelle\u015ftirilebilir Tasar\u0131m<\/h3>\n<p>Kaynakl\u0131 \u00e7atal tipi silindirler, bir uygulaman\u0131n \u00f6zel ihtiya\u00e7lar\u0131n\u0131 kar\u015f\u0131layacak \u015fekilde \u00f6zel olarak tasarlanabilir. Bu, belirli bir boyut, \u015fekil veya performans gereksinimine uyacak \u015fekilde uyarlanabilecekleri anlam\u0131na gelir. \u00d6zelle\u015ftirilebilir tasar\u0131m, \u00fcretim s\u00fcrecinde daha fazla esneklik sa\u011flayarak maliyet tasarrufu sa\u011flayabilir.<\/p>\n<h3>4. Kolay Kurulum<\/h3>\n<p>Kaynakl\u0131 \u00e7atal tipi silindirler, kolay montaj i\u00e7in tasarlanm\u0131\u015ft\u0131r ve bu da kurulum s\u00fcresini ve i\u015f\u00e7ilik maliyetlerini azaltmaya yard\u0131mc\u0131 olur. Genellikle \u00f6nceden monte edilmi\u015f ve kutudan \u00e7\u0131kar \u00e7\u0131kmaz kullan\u0131ma haz\u0131rd\u0131rlar, bu da ek par\u00e7a veya bile\u015fen ihtiyac\u0131n\u0131 en aza indirir.<\/p>\n<h3>5. Geli\u015fmi\u015f Performans<\/h3>\n<p>Kaynakl\u0131 \u00e7atal tipi silindirlerin tasar\u0131m\u0131, di\u011fer silindir tiplerine k\u0131yasla daha iyi performans sa\u011flar. Bas\u0131n\u00e7 birimi ba\u015f\u0131na daha fazla kuvvet \u00fcretebilirler, bu da end\u00fcstriyel uygulamalarda verimlili\u011fi ve \u00fcretkenli\u011fi art\u0131rmaya yard\u0131mc\u0131 olabilir.<\/p>\n<p>Genel olarak, kaynakl\u0131 \u00e7atal tipi silindirler, onlar\u0131 bir\u00e7ok end\u00fcstriyel uygulama i\u00e7in pop\u00fcler bir tercih haline getiren bir dizi avantaj ve avantaj sunar. Art\u0131r\u0131lm\u0131\u015f mukavemet ve dayan\u0131kl\u0131l\u0131klar\u0131, y\u00fcksek bas\u0131nca dayanma kabiliyetleri, \u00f6zelle\u015ftirilebilir tasar\u0131mlar\u0131, kolay montajlar\u0131 ve geli\u015fmi\u015f performanslar\u0131, g\u00fcvenilirlik ve performans\u0131n \u00f6nemli oldu\u011fu zorlu ortamlar i\u00e7in onlar\u0131 ideal bir se\u00e7im haline getirir.<\/p>\n<ol>\n<li><img decoding=\"async\" src=\"https:\/\/hzpt.com\/wp-content\/uploads\/2023\/12\/insert-1.webp\" alt=\"\" title=\"\"><\/li>\n<\/ol>\n<h2>Kaynakl\u0131 \u00c7atal Tip Silindir Uygulamas\u0131<\/h2>\n<ul>\n<li><strong>End\u00fcstriyel Makineler:<\/strong> Kaynakl\u0131 \u00c7atal Tipi Silindirler, a\u011f\u0131r hizmet tipi uygulamalar i\u00e7in \u00e7e\u015fitli end\u00fcstriyel makinelerde yayg\u0131n olarak kullan\u0131lmaktad\u0131r. Bu silindirler, makinelerdeki bile\u015fenleri kald\u0131rmak ve preslemek i\u00e7in y\u00fcksek kuvvet \u00e7\u0131k\u0131\u015f\u0131 \u00fcretebilir. Kaynakl\u0131 \u00e7atal tasar\u0131m\u0131, kolay kurulum ve verimli \u00e7al\u0131\u015fma sa\u011flayarak \u00fcreticiler aras\u0131nda pop\u00fcler bir tercih haline getirir.\n<ul>\n<li>\u00dcretim sekt\u00f6r\u00fcnde Kaynakl\u0131 Kelep\u00e7e Tipi Silindirler, metal saclar\u0131n \u015fekillendirilmesi ve \u015fekillendirilmesi i\u00e7in gerekli kuvveti sa\u011flamak amac\u0131yla hidrolik preslerde, enjeksiyon kal\u0131plama makinelerinde ve metal damgalama ekipmanlar\u0131nda kullan\u0131l\u0131r.<\/li>\n<li>Otomotiv end\u00fcstrisinde bu silindirler, \u00fcretim s\u00fcrecinde a\u011f\u0131r par\u00e7alar\u0131 kald\u0131rmak i\u00e7in ara\u00e7 krikolar\u0131nda, kald\u0131r\u0131c\u0131larda ve montaj makinelerinde kullan\u0131l\u0131r.<\/li>\n<li>\u0130n\u015faat sekt\u00f6r\u00fcnde Kaynakl\u0131 Kelep\u00e7e Tipi Silindirler, a\u011f\u0131r y\u00fckleri kald\u0131ran ve hareket ettiren hidrolik sistemlere g\u00fc\u00e7 sa\u011flamak i\u00e7in vin\u00e7lerde, ekskavat\u00f6rlerde ve buldozerlerde kullan\u0131l\u0131r.<\/li>\n<\/ul>\n<\/li>\n<li><strong>Tar\u0131m Makinalar\u0131:<\/strong> Tar\u0131m makineleri, Kaynakl\u0131 \u00c7atal Tip Silindirlerin en \u00e7ok kullan\u0131ld\u0131\u011f\u0131 alanlardan biridir. Bu silindirler, trakt\u00f6rler, bi\u00e7erd\u00f6verler ve sabanlar dahil olmak \u00fczere \u00e7e\u015fitli tar\u0131m makinelerinde toprak haz\u0131rlama, ekim ve hasat i\u00e7in gerekli kuvveti sa\u011flamak amac\u0131yla kullan\u0131l\u0131r.\n<ul>\n<li>Tar\u0131m sekt\u00f6r\u00fcnde Kaynakl\u0131 \u00c7atal Tip Silindirler, toprak haz\u0131rl\u0131\u011f\u0131 ve tohum ekimi i\u00e7in gerekli kuvveti sa\u011flamak amac\u0131yla pulluk, k\u00fcltivat\u00f6r ve tohum ekim makinelerinde kullan\u0131l\u0131r.<\/li>\n<li>Hasat end\u00fcstrisinde bu silindirler, hasat makinelerinde, balya makinelerinde ve bi\u00e7me makinelerinde, mahsul\u00fc toplayan ve ta\u015f\u0131yan hidrolik sistemlere g\u00fc\u00e7 sa\u011flamak i\u00e7in kullan\u0131l\u0131r.<\/li>\n<\/ul>\n<\/li>\n<li><strong>Havac\u0131l\u0131k ve Savunma:<\/strong> Kaynakl\u0131 Kelep\u00e7e Tipi Silindirler havac\u0131l\u0131k ve savunma sanayinde de kullan\u0131lmakta olup, u\u00e7aklar, roketler, f\u00fczeler ve savunma sistemleri gibi geni\u015f bir uygulama yelpazesinde kullan\u0131lmaktad\u0131r.\n<ul>\n<li>Havac\u0131l\u0131k ve uzay end\u00fcstrisinde Kaynakl\u0131 Kelep\u00e7e Tipi Silindirler, u\u00e7ak ini\u015f tak\u0131mlar\u0131nda, kanat\u00e7\u0131klarda ve frenlerde kalk\u0131\u015f ve ini\u015f i\u00e7in gerekli kuvveti sa\u011flamak amac\u0131yla kullan\u0131l\u0131r.<\/li>\n<li>Savunma sanayinde bu silindirler f\u00fcze f\u0131rlat\u0131c\u0131lar\u0131nda, silah taretlerinde ve tank sistemlerinde silah ve m\u00fchimmat\u0131n hareketini kontrol eden hidrolik sistemlere g\u00fc\u00e7 sa\u011flamak i\u00e7in kullan\u0131l\u0131r.<\/li>\n<\/ul>\n<\/li>\n<li><strong>Denizcilik End\u00fcstrisi:<\/strong> Kaynakl\u0131 Kelep\u00e7e Tipi Silindirler denizcilik sekt\u00f6r\u00fcnde de yayg\u0131n olarak kullan\u0131lmakta olup gemiler, tekneler ve su alt\u0131 ara\u00e7lar\u0131 i\u00e7in \u00e7e\u015fitli uygulamalarda kullan\u0131lmaktad\u0131r.\n<ul>\n<li>Denizcilik sekt\u00f6r\u00fcnde Kaynakl\u0131 Kelep\u00e7e Tipi Silindirler, vin\u00e7lerde, vin\u00e7lerde ve kargo elle\u00e7leme ekipmanlar\u0131nda kargo y\u00fckleme ve bo\u015faltma i\u00e7in gerekli kuvveti sa\u011flamak amac\u0131yla kullan\u0131l\u0131r.<\/li>\n<li>Teknecilik sekt\u00f6r\u00fcnde bu silindirler, teknelerin ve gemilerin hareketini kontrol etmek i\u00e7in gerekli kuvveti sa\u011flamak amac\u0131yla d\u00fcmen sistemlerinde, pervanelerde ve \u00e7apa sistemlerinde kullan\u0131l\u0131r.<\/li>\n<li>Sualt\u0131 ara\u00e7 sekt\u00f6r\u00fcnde Kaynakl\u0131 Kelep\u00e7e Tipi Silindirler, su alt\u0131 operasyonlar\u0131 i\u00e7in gerekli kuvveti sa\u011flamak amac\u0131yla dalg\u0131\u00e7larda, uzaktan kumandal\u0131 ara\u00e7larda (ROV) ve dal\u0131\u015f ekipmanlar\u0131nda kullan\u0131l\u0131r.<\/li>\n<\/ul>\n<\/li>\n<li><strong>Madencilik End\u00fcstrisi:<\/strong> Kaynakl\u0131 Kelep\u00e7e Tipi Silindirler ayr\u0131ca madencilik sekt\u00f6r\u00fcnde de kullan\u0131l\u0131r ve mineral \u00e7\u0131karma ve malzeme ta\u015f\u0131ma gibi \u00e7e\u015fitli uygulamalarda kullan\u0131l\u0131r.\n<ul>\n<li>Madencilik sekt\u00f6r\u00fcnde Kaynakl\u0131 Kelep\u00e7e Tipi Silindirler, konvey\u00f6r sistemlerinde, sondaj makinelerinde ve hidrolik kep\u00e7elerde maden ve ta\u015f ocaklar\u0131ndan mineral ve malzemelerin \u00e7\u0131kar\u0131lmas\u0131 i\u00e7in gerekli kuvveti sa\u011flamak amac\u0131yla kullan\u0131l\u0131r.<\/li>\n<\/ul>\n<\/li>\n<\/ul>\n<p><img decoding=\"async\" src=\"https:\/\/hzpt.com\/wp-content\/uploads\/2023\/12\/insert-2.webp\" alt=\"\" title=\"\"><\/p>\n<h3>FMP hakk\u0131nda:<\/h3>\n<p>FMP, \u0130talya'da hidrolik silindir pazar\u0131nda \u00f6nde gelen bir isim olup, hidrolik e\u011fim silindirleri, hidrolik direksiyon silindirleri ve hidrolik kald\u0131rma silindirleri konusunda uzmanla\u015fm\u0131\u015ft\u0131r. 200.000 setlik tasar\u0131m kapasitesiyle, yakla\u015f\u0131k 300 adet \u00e7e\u015fitli otomatik CNC \u00fcretim ekipman\u0131na ve otomatik hidrolik silindir montaj ekipman\u0131na sahibiz.<\/p>\n<p>\u00d6ne \u00e7\u0131kan \u00fcr\u00fcn\u00fcm\u00fcz\u00fcn yan\u0131 s\u0131ra, y\u00fcksekte \u00e7al\u0131\u015fma platformu silindirleri, end\u00fcstriyel ara\u00e7 hidrolik silindirleri, d\u00f6ner sondaj kulesi silindirleri, kamyon vin\u00e7 silindirleri, in\u015faat makineleri hidrolik silindirleri, forklift hidrolik silindirleri, maden damperli kamyon silindirleri ve temizlik makineleri hidrolik silindirleri de tedarik ediyoruz. \u0130htiya\u00e7lar\u0131n\u0131za g\u00f6re \u00f6zelle\u015ftirme m\u00fcmk\u00fcnd\u00fcr.<img decoding=\"async\" src=\"https:\/\/hzpt.com\/wp-content\/uploads\/2023\/12\/insert-5.webp\" alt=\"FMP Fabrikas\u0131\" title=\"\"><\/p>\n<p>Yazar:CX<\/p>","protected":false},"excerpt":{"rendered":"<p>Product Description: The 10036 High Quality Stainless Steel Welded Clevis Hydraulic Cylinders are precision-engineered hydraulic cylinders made from durable stainless steel. Designed to deliver exceptional performance and reliability, these cylinders are ideal for various industrial applications. Key Features: 1. High-Quality Stainless Steel: These hydraulic cylinders are constructed using high-grade stainless steel, ensuring superior strength and [&hellip;]<\/p>","protected":false},"featured_media":1127,"comment_status":"closed","ping_status":"closed","template":"","meta":{"_et_pb_use_builder":"","_et_pb_old_content":"","_et_gb_content_width":""},"product_brand":[],"product_cat":[36],"product_tag":[34,38],"class_list":{"0":"post-1044","1":"product","2":"type-product","3":"status-publish","4":"has-post-thumbnail","6":"product_cat-welded-clevis-type-cylinder","7":"product_tag-hydraulic-cylinder","8":"product_tag-welded-clevis-type-cylinder","10":"first","11":"instock","12":"product-type-simple"},"_links":{"self":[{"href":"https:\/\/fmp-components.com\/tr\/wp-json\/wp\/v2\/product\/1044","targetHints":{"allow":["GET"]}}],"collection":[{"href":"https:\/\/fmp-components.com\/tr\/wp-json\/wp\/v2\/product"}],"about":[{"href":"https:\/\/fmp-components.com\/tr\/wp-json\/wp\/v2\/types\/product"}],"replies":[{"embeddable":true,"href":"https:\/\/fmp-components.com\/tr\/wp-json\/wp\/v2\/comments?post=1044"}],"wp:featuredmedia":[{"embeddable":true,"href":"https:\/\/fmp-components.com\/tr\/wp-json\/wp\/v2\/media\/1127"}],"wp:attachment":[{"href":"https:\/\/fmp-components.com\/tr\/wp-json\/wp\/v2\/media?parent=1044"}],"wp:term":[{"taxonomy":"product_brand","embeddable":true,"href":"https:\/\/fmp-components.com\/tr\/wp-json\/wp\/v2\/product_brand?post=1044"},{"taxonomy":"product_cat","embeddable":true,"href":"https:\/\/fmp-components.com\/tr\/wp-json\/wp\/v2\/product_cat?post=1044"},{"taxonomy":"product_tag","embeddable":true,"href":"https:\/\/fmp-components.com\/tr\/wp-json\/wp\/v2\/product_tag?post=1044"}],"curies":[{"name":"wp","href":"https:\/\/api.w.org\/{rel}","templated":true}]}}