{"id":1040,"date":"2024-12-19T06:17:09","date_gmt":"2024-12-19T06:17:09","guid":{"rendered":"https:\/\/fmp-components.com\/product\/10032-mini-hydraulic-cylinder-tractor-hydraulic-cylinder-double-acting\/"},"modified":"2025-03-18T00:46:19","modified_gmt":"2025-03-18T00:46:19","slug":"10032-mini-hydraulic-cylinder-tractor-hydraulic-cylinder-double-acting","status":"publish","type":"product","link":"https:\/\/fmp-components.com\/tr\/product\/10032-mini-hydraulic-cylinder-tractor-hydraulic-cylinder-double-acting\/","title":{"rendered":"10032 Mini Hidrolik Silindir Trakt\u00f6r Hidrolik Silindiri \u00c7ift Etkili"},"content":{"rendered":"<h2>\u00dcr\u00fcn 10032 Mini Hidrolik Silindir Trakt\u00f6r Hidrolik Silindir \u00c7ift Etkili:<\/h2>\n<p>10032 Mini Hidrolik Silindir Trakt\u00f6r Hidrolik Silindiri \u00c7ift Etkili, trakt\u00f6rlerde ve di\u011fer tar\u0131m makinelerinde kullan\u0131lmak \u00fczere tasarlanm\u0131\u015f y\u00fcksek kaliteli bir hidrolik silindirdir. Bu silindir, a\u011f\u0131r y\u00fcklere ve y\u00fcksek bas\u0131n\u00e7lara dayanacak \u015fekilde \u00fcretilmi\u015ftir ve bu da onu zorlu uygulamalarda kullan\u0131m i\u00e7in ideal hale getirir.<\/p>\n<p>Bu hidrolik silindirin temel \u00f6zelliklerinden biri \u00e7ift etkili tasar\u0131m\u0131d\u0131r. Bu, her iki y\u00f6nde hidrolik bas\u0131n\u00e7 kullanarak a\u00e7\u0131l\u0131p kapanabilmesi anlam\u0131na gelir ve verimli ve g\u00fcvenilir bir \u00e7al\u0131\u015fma sa\u011flar. Ayr\u0131ca, silindir y\u00fcksek kaliteli malzemelerden \u00fcretilmi\u015ftir ve uzun \u00f6m\u00fcrl\u00fc dayan\u0131kl\u0131l\u0131k ve performans sa\u011flar.<\/p>\n<p>10032 Mini Hidrolik Silindir Trakt\u00f6r \u00c7ift Etkili Hidrolik Silindiri, kompakt boyutu sayesinde dar alanlarda ve daha k\u00fc\u00e7\u00fck makinelerde kullan\u0131m i\u00e7in idealdir. Ancak k\u00fc\u00e7\u00fck boyutuna ra\u011fmen etkileyici bir performans ve kald\u0131rma g\u00fcc\u00fc sunabilmektedir.<\/p>\n<p>\u00d6zetle, 10032 Mini Hidrolik Silindir Trakt\u00f6r Hidrolik Silindiri \u00c7ift Etkili, trakt\u00f6rlerde ve di\u011fer tar\u0131m makinelerinde kullan\u0131lmak \u00fczere tasarlanm\u0131\u015f, \u00fcst\u00fcn kaliteli bir hidrolik silindirdir. \u00c7ift etkili tasar\u0131m\u0131, dayan\u0131kl\u0131 yap\u0131s\u0131 ve kompakt boyutuyla, g\u00fcvenilirlik ve performans\u0131n \u00f6nemli oldu\u011fu zorlu uygulamalar i\u00e7in m\u00fckemmel bir se\u00e7imdir.<\/p>\n<p><img loading=\"lazy\" decoding=\"async\" class=\"alignnone size-full wp-image-7061\" src=\"https:\/\/fmp-components.com\/wp-content\/uploads\/2024\/12\/hydarulic-cylinder.webp\" alt=\"hidrolik silindir\" width=\"800\" height=\"800\" title=\"\" srcset=\"https:\/\/fmp-components.com\/wp-content\/uploads\/2024\/12\/hydarulic-cylinder.webp 800w, https:\/\/fmp-components.com\/wp-content\/uploads\/2024\/12\/hydarulic-cylinder-480x480.webp 480w\" sizes=\"(min-width: 0px) and (max-width: 480px) 480px, (min-width: 481px) 800px, 100vw\" \/><\/p>\n<h2>\u00dcr\u00fcn Tan\u0131t\u0131m\u0131<\/h2>\n<p>FMP, \u0130talya'da kurulmu\u015f olup, o zamandan beri \u0130talya'da mobil makine hidrolik silindirleri segmentinde lider konuma gelmi\u015ftir. Ba\u015fl\u0131ca \u00fcr\u00fcnlerimiz aras\u0131nda, her ikisi de \u00e7ift etkili olan Mini Hidrolik Silindir ve Trakt\u00f6r Hidrolik Silindiri yer almaktad\u0131r.<\/p>\n<h2>\u0130\u015flev ve \u00d6nem<\/h2>\n<p>Hidrolik silindirlerimiz, bir\u00e7ok makine i\u00e7in vazge\u00e7ilmezdir ve \u00e7o\u011fu mekanik hareket t\u00fcr\u00fc i\u00e7in gereken kuvveti sa\u011flar. \u0130tme, \u00e7ekme, kald\u0131rma ve indirme gibi d\u00fcz bir \u00e7izgide kuvvet olu\u015fturmak i\u00e7in kullan\u0131l\u0131rlar.<\/p>\n<h2>\u00dcr\u00fcn Detaylar\u0131<\/h2>\n<p>Hidrolik silindirlerimizin teknik parametreleri, \u00f6zel uygulamalar\u0131na g\u00f6re de\u011fi\u015fiklik g\u00f6sterse de, hepsi y\u00fcksek kapasite, m\u00fckemmel dayan\u0131kl\u0131l\u0131k ve hassas boyutlar gibi ortak \u00f6zelliklere sahiptir.<\/p>\n<h3>Benzersiz \u00d6zellikler ve Avantajlar<\/h3>\n<ul>\n<li>Enerji verimlili\u011fi<\/li>\n<li>Son derece etkili<\/li>\n<li>G\u00fcvenlik garantili<\/li>\n<\/ul>\n<h2>Hidrolik Sistem ve \u00c7al\u0131\u015fma Prensibi<\/h2>\n<p>Hidrolik silindir, bas\u0131n\u00e7l\u0131 hidrolik s\u0131v\u0131n\u0131n silindir i\u00e7indeki \u00e7ubu\u011fu hareket ettirmesiyle \u00e7al\u0131\u015f\u0131r ve \u00e7ubuk da bu hareketi ger\u00e7ekle\u015ftirir. Bu sistem, hidrolik silindirlerimizin ilgili uygulamalar\u0131nda optimum performans sa\u011flamas\u0131n\u0131 garanti eder.<\/p>\n<h2>Uygulama Senaryolar\u0131<\/h2>\n<p>Hidrolik silindirlerimiz in\u015faat makinelerinde, madencilik makinelerinde, kald\u0131rma makinelerinde ve di\u011fer end\u00fcstriyel ekipmanlarda yayg\u0131n olarak kullan\u0131lmaktad\u0131r.<\/p>\n<h2>FMP Hakk\u0131nda<\/h2>\n<p>FMP, 200.000 set tasar\u0131m kapasitesine, 300 set \u00e7e\u015fitli otomatik CNC \u00fcretim ekipman\u0131na ve tam otomatik hidrolik silindir montaj ekipman\u0131na sahiptir. Y\u00fcksek kaliteli \u00fcr\u00fcnler, rekabet\u00e7i fiyatlar ve m\u00fckemmel hizmet sunuyoruz.<\/p>\n<h3>Ek \u00dcr\u00fcnler<\/h3>\n<p>Bahsedilen hidrolik silindirlere ek olarak, y\u00fcksek irtifa \u00e7al\u0131\u015fma platformu silindirleri, end\u00fcstriyel ara\u00e7 hidrolik silindirleri, d\u00f6ner sondaj kulesi silindirleri, otomobil vin\u00e7 silindirleri, m\u00fchendislik makineleri hidrolik silindirleri, forklift hidrolik silindirleri, maden damperli kamyon silindirleri ve kanalizasyon makineleri hidrolik silindirleri de tedarik ediyoruz. Sa\u011flanan \u015femalar ve \u00f6rneklere dayal\u0131 \u00f6zelle\u015ftirmeler memnuniyetle kar\u015f\u0131lanmaktad\u0131r. Daha fazla bilgi i\u00e7in l\u00fctfen a\u015fa\u011f\u0131daki g\u00f6rsele bak\u0131n:<\/p>\n<p><img decoding=\"async\" src=\"https:\/\/hzpt.com\/wp-content\/uploads\/2023\/12\/insert-5.webp\" alt=\"FMP Fabrikas\u0131\" title=\"\"><\/p>\n<h2>Soru &amp; Cevap<\/h2>\n<ol>\n<li>S: Hidrolik silindirlerinizin kapasitesi nedir? C: Hidrolik silindirlerimiz, \u00f6zel uygulamalar\u0131na g\u00f6re \u00e7e\u015fitli kapasitelere sahiptir.<\/li>\n<li>S: Hidrolik silindirleriniz enerji tasarruflu mu? C: Evet, hidrolik silindirlerimiz enerji tasarruflu olacak \u015fekilde tasarlanm\u0131\u015ft\u0131r.<\/li>\n<li>S: Hidrolik silindirleriniz hangi tip makinelerde kullan\u0131labilir? C: Hidrolik silindirlerimiz in\u015faat, madencilik, kald\u0131rma makineleri ve di\u011fer end\u00fcstriyel ekipmanlarda kullan\u0131labilir.<\/li>\n<li>S: \u00d6zelle\u015ftirme hizmetleri sunuyor musunuz? C: Evet, sa\u011flanan diyagramlara ve \u00f6rneklere g\u00f6re \u00f6zelle\u015ftirmeyi memnuniyetle kar\u015f\u0131l\u0131yoruz.<\/li>\n<li>S: Hidrolik silindir nas\u0131l \u00e7al\u0131\u015f\u0131r? C: Hidrolik silindir, silindir i\u00e7indeki \u00e7ubu\u011fun hareket etmesini sa\u011flayan bas\u0131n\u00e7l\u0131 hidrolik s\u0131v\u0131 ile \u00e7al\u0131\u015f\u0131r.<\/li>\n<\/ol>\n<h2>Kaynakl\u0131 \u00c7atal Tip Silindirin Avantajlar\u0131<\/h2>\n<p>Kaynakl\u0131 \u00e7atal tipi silindirler, benzersiz avantajlar\u0131 ve avantajlar\u0131 nedeniyle bir\u00e7ok end\u00fcstriyel uygulama i\u00e7in pop\u00fcler bir tercihtir. Kaynakl\u0131 \u00e7atal tipi silindirlerin baz\u0131 temel avantajlar\u0131 \u015funlard\u0131r:<\/p>\n<h3>1. Artt\u0131r\u0131lm\u0131\u015f G\u00fc\u00e7 ve Dayan\u0131kl\u0131l\u0131k<\/h3>\n<p>Kaynakl\u0131 \u00e7atal tipi silindirler, di\u011fer silindir tiplerine k\u0131yasla daha fazla mukavemet ve dayan\u0131kl\u0131l\u0131k sa\u011flayan kaynakl\u0131 bir u\u00e7 kapa\u011f\u0131yla \u00fcretilir. Bu, onlar\u0131 y\u00fcksek mukavemet ve dayan\u0131kl\u0131l\u0131k gerektiren a\u011f\u0131r hizmet uygulamalar\u0131 i\u00e7in ideal hale getirir.<\/p>\n<p>Ayr\u0131ca, bu silindirlerin kaynakl\u0131 tasar\u0131m\u0131, s\u0131z\u0131nt\u0131 veya ar\u0131za olas\u0131l\u0131\u011f\u0131n\u0131n daha d\u00fc\u015f\u00fck olmas\u0131 anlam\u0131na gelir; bu da ar\u0131za s\u00fcresini ve bak\u0131m maliyetlerini azaltmaya yard\u0131mc\u0131 olabilir.<\/p>\n<h3>2. Y\u00fcksek Bas\u0131nc\u0131 Y\u00f6netme Yetene\u011fi<\/h3>\n<p>Kaynakl\u0131 \u00e7atal tipi silindirler, y\u00fcksek bas\u0131n\u00e7 uygulamalar\u0131na da uygundur ve bu da onlar\u0131 in\u015faat, madencilik, petrol ve gaz gibi sekt\u00f6rlerde pop\u00fcler bir tercih haline getirir. Y\u00fcksek bas\u0131n\u00e7la ba\u015fa \u00e7\u0131kabilme yetenekleri, zorlu ortamlarda g\u00fcvenilir performans sa\u011flar.<\/p>\n<h3>3. \u00d6zelle\u015ftirilebilir Tasar\u0131m<\/h3>\n<p>Kaynakl\u0131 \u00e7atal tipi silindirler, bir uygulaman\u0131n \u00f6zel ihtiya\u00e7lar\u0131n\u0131 kar\u015f\u0131layacak \u015fekilde \u00f6zel olarak tasarlanabilir. Bu, belirli bir boyut, \u015fekil veya performans gereksinimine uyacak \u015fekilde uyarlanabilecekleri anlam\u0131na gelir. \u00d6zelle\u015ftirilebilir tasar\u0131m, \u00fcretim s\u00fcrecinde daha fazla esneklik sa\u011flayarak maliyet tasarrufu sa\u011flayabilir.<\/p>\n<h3>4. Kolay Kurulum<\/h3>\n<p>Kaynakl\u0131 \u00e7atal tipi silindirler, kolay montaj i\u00e7in tasarlanm\u0131\u015ft\u0131r ve bu da kurulum s\u00fcresini ve i\u015f\u00e7ilik maliyetlerini azaltmaya yard\u0131mc\u0131 olur. Genellikle \u00f6nceden monte edilmi\u015f ve kutudan \u00e7\u0131kar \u00e7\u0131kmaz kullan\u0131ma haz\u0131rd\u0131rlar, bu da ek par\u00e7a veya bile\u015fen ihtiyac\u0131n\u0131 en aza indirir.<\/p>\n<h3>5. Geli\u015fmi\u015f Performans<\/h3>\n<p>Kaynakl\u0131 \u00e7atal tipi silindirlerin tasar\u0131m\u0131, di\u011fer silindir tiplerine k\u0131yasla daha iyi performans sa\u011flar. Bas\u0131n\u00e7 birimi ba\u015f\u0131na daha fazla kuvvet \u00fcretebilirler, bu da end\u00fcstriyel uygulamalarda verimlili\u011fi ve \u00fcretkenli\u011fi art\u0131rmaya yard\u0131mc\u0131 olabilir.<\/p>\n<p>Genel olarak, kaynakl\u0131 \u00e7atal tipi silindirler, onlar\u0131 bir\u00e7ok end\u00fcstriyel uygulama i\u00e7in pop\u00fcler bir tercih haline getiren bir dizi avantaj ve avantaj sunar. Art\u0131r\u0131lm\u0131\u015f mukavemet ve dayan\u0131kl\u0131l\u0131klar\u0131, y\u00fcksek bas\u0131nca dayanma kabiliyetleri, \u00f6zelle\u015ftirilebilir tasar\u0131mlar\u0131, kolay montajlar\u0131 ve geli\u015fmi\u015f performanslar\u0131, g\u00fcvenilirlik ve performans\u0131n \u00f6nemli oldu\u011fu zorlu ortamlar i\u00e7in onlar\u0131 ideal bir se\u00e7im haline getirir.<\/p>\n<h2>Kaynakl\u0131 \u00c7atal Tip Silindir Uygulamas\u0131<\/h2>\n<ul>\n<li><strong>End\u00fcstriyel Makineler:<\/strong> Kaynakl\u0131 \u00c7atal Tipi Silindirler, a\u011f\u0131r hizmet tipi uygulamalar i\u00e7in \u00e7e\u015fitli end\u00fcstriyel makinelerde yayg\u0131n olarak kullan\u0131lmaktad\u0131r. Bu silindirler, makinelerdeki bile\u015fenleri kald\u0131rmak ve preslemek i\u00e7in y\u00fcksek kuvvet \u00e7\u0131k\u0131\u015f\u0131 \u00fcretebilir. Kaynakl\u0131 \u00e7atal tasar\u0131m\u0131, kolay kurulum ve verimli \u00e7al\u0131\u015fma sa\u011flayarak \u00fcreticiler aras\u0131nda pop\u00fcler bir tercih haline getirir.\n<ul>\n<li>\u00dcretim sekt\u00f6r\u00fcnde Kaynakl\u0131 Kelep\u00e7e Tipi Silindirler, metal saclar\u0131n \u015fekillendirilmesi ve \u015fekillendirilmesi i\u00e7in gerekli kuvveti sa\u011flamak amac\u0131yla hidrolik preslerde, enjeksiyon kal\u0131plama makinelerinde ve metal damgalama ekipmanlar\u0131nda kullan\u0131l\u0131r.<\/li>\n<li>Otomotiv end\u00fcstrisinde bu silindirler, \u00fcretim s\u00fcrecinde a\u011f\u0131r par\u00e7alar\u0131 kald\u0131rmak i\u00e7in ara\u00e7 krikolar\u0131nda, kald\u0131r\u0131c\u0131larda ve montaj makinelerinde kullan\u0131l\u0131r.<\/li>\n<li>\u0130n\u015faat sekt\u00f6r\u00fcnde Kaynakl\u0131 Kelep\u00e7e Tipi Silindirler, a\u011f\u0131r y\u00fckleri kald\u0131ran ve hareket ettiren hidrolik sistemlere g\u00fc\u00e7 sa\u011flamak i\u00e7in vin\u00e7lerde, ekskavat\u00f6rlerde ve buldozerlerde kullan\u0131l\u0131r.<\/li>\n<\/ul>\n<\/li>\n<li><strong>Tar\u0131m Makinalar\u0131:<\/strong> Tar\u0131m makineleri, Kaynakl\u0131 \u00c7atal Tip Silindirlerin en \u00e7ok kullan\u0131ld\u0131\u011f\u0131 alanlardan biridir. Bu silindirler, trakt\u00f6rler, bi\u00e7erd\u00f6verler ve sabanlar dahil olmak \u00fczere \u00e7e\u015fitli tar\u0131m makinelerinde toprak haz\u0131rlama, ekim ve hasat i\u00e7in gerekli kuvveti sa\u011flamak amac\u0131yla kullan\u0131l\u0131r.\n<ul>\n<li>Tar\u0131m sekt\u00f6r\u00fcnde Kaynakl\u0131 \u00c7atal Tip Silindirler, toprak haz\u0131rl\u0131\u011f\u0131 ve tohum ekimi i\u00e7in gerekli kuvveti sa\u011flamak amac\u0131yla pulluk, k\u00fcltivat\u00f6r ve tohum ekim makinelerinde kullan\u0131l\u0131r.<\/li>\n<li>Hasat end\u00fcstrisinde bu silindirler, hasat makinelerinde, balya makinelerinde ve bi\u00e7me makinelerinde, mahsul\u00fc toplayan ve ta\u015f\u0131yan hidrolik sistemlere g\u00fc\u00e7 sa\u011flamak i\u00e7in kullan\u0131l\u0131r.<\/li>\n<\/ul>\n<\/li>\n<li><strong>Havac\u0131l\u0131k ve Savunma:<\/strong> Kaynakl\u0131 Kelep\u00e7e Tipi Silindirler havac\u0131l\u0131k ve savunma sanayinde de kullan\u0131lmakta olup, u\u00e7aklar, roketler, f\u00fczeler ve savunma sistemleri gibi geni\u015f bir uygulama yelpazesinde kullan\u0131lmaktad\u0131r.\n<ul>\n<li>Havac\u0131l\u0131k ve uzay end\u00fcstrisinde Kaynakl\u0131 Kelep\u00e7e Tipi Silindirler, u\u00e7ak ini\u015f tak\u0131mlar\u0131nda, kanat\u00e7\u0131klarda ve frenlerde kalk\u0131\u015f ve ini\u015f i\u00e7in gerekli kuvveti sa\u011flamak amac\u0131yla kullan\u0131l\u0131r.<\/li>\n<li>Savunma sanayinde bu silindirler f\u00fcze f\u0131rlat\u0131c\u0131lar\u0131nda, silah taretlerinde ve tank sistemlerinde silah ve m\u00fchimmat\u0131n hareketini kontrol eden hidrolik sistemlere g\u00fc\u00e7 sa\u011flamak i\u00e7in kullan\u0131l\u0131r.<\/li>\n<\/ul>\n<\/li>\n<li><strong>Denizcilik End\u00fcstrisi:<\/strong> Kaynakl\u0131 Kelep\u00e7e Tipi Silindirler denizcilik sekt\u00f6r\u00fcnde de yayg\u0131n olarak kullan\u0131lmakta olup gemiler, tekneler ve su alt\u0131 ara\u00e7lar\u0131 i\u00e7in \u00e7e\u015fitli uygulamalarda kullan\u0131lmaktad\u0131r.\n<ul>\n<li>Denizcilik sekt\u00f6r\u00fcnde Kaynakl\u0131 Kelep\u00e7e Tipi Silindirler, vin\u00e7lerde, vin\u00e7lerde ve kargo elle\u00e7leme ekipmanlar\u0131nda kargo y\u00fckleme ve bo\u015faltma i\u00e7in gerekli kuvveti sa\u011flamak amac\u0131yla kullan\u0131l\u0131r.<\/li>\n<li>Teknecilik sekt\u00f6r\u00fcnde bu silindirler, teknelerin ve gemilerin hareketini kontrol etmek i\u00e7in gerekli kuvveti sa\u011flamak amac\u0131yla d\u00fcmen sistemlerinde, pervanelerde ve \u00e7apa sistemlerinde kullan\u0131l\u0131r.<\/li>\n<li>Sualt\u0131 ara\u00e7 sekt\u00f6r\u00fcnde Kaynakl\u0131 Kelep\u00e7e Tipi Silindirler, su alt\u0131 operasyonlar\u0131 i\u00e7in gerekli kuvveti sa\u011flamak amac\u0131yla dalg\u0131\u00e7larda, uzaktan kumandal\u0131 ara\u00e7larda (ROV) ve dal\u0131\u015f ekipmanlar\u0131nda kullan\u0131l\u0131r.<\/li>\n<\/ul>\n<\/li>\n<li><strong>Madencilik End\u00fcstrisi:<\/strong> Kaynakl\u0131 Kelep\u00e7e Tipi Silindirler ayr\u0131ca madencilik sekt\u00f6r\u00fcnde de kullan\u0131l\u0131r ve mineral \u00e7\u0131karma ve malzeme ta\u015f\u0131ma gibi \u00e7e\u015fitli uygulamalarda kullan\u0131l\u0131r.\n<ul>\n<li>Madencilik sekt\u00f6r\u00fcnde Kaynakl\u0131 Kelep\u00e7e Tipi Silindirler, konvey\u00f6r sistemlerinde, sondaj makinelerinde ve hidrolik kep\u00e7elerde maden ve ta\u015f ocaklar\u0131ndan mineral ve malzemelerin \u00e7\u0131kar\u0131lmas\u0131 i\u00e7in gerekli kuvveti sa\u011flamak amac\u0131yla kullan\u0131l\u0131r.<\/li>\n<\/ul>\n<\/li>\n<\/ul>\n<p>Yazar:CX<\/p>","protected":false},"excerpt":{"rendered":"<p>Product 10032 Mini Hydraulic Cylinder Tractor Hydraulic Cylinder Double Acting: The product 10032 Mini Hydraulic Cylinder Tractor Hydraulic Cylinder Double Acting is a high-quality hydraulic cylinder that is designed for use in tractors and other agricultural machinery. This cylinder is built to withstand heavy loads and high pressures, making it ideal for use in demanding [&hellip;]<\/p>","protected":false},"featured_media":1127,"comment_status":"closed","ping_status":"closed","template":"","meta":{"_et_pb_use_builder":"","_et_pb_old_content":"","_et_gb_content_width":""},"product_brand":[],"product_cat":[36],"product_tag":[34,38],"class_list":{"0":"post-1040","1":"product","2":"type-product","3":"status-publish","4":"has-post-thumbnail","6":"product_cat-welded-clevis-type-cylinder","7":"product_tag-hydraulic-cylinder","8":"product_tag-welded-clevis-type-cylinder","10":"first","11":"instock","12":"product-type-simple"},"_links":{"self":[{"href":"https:\/\/fmp-components.com\/tr\/wp-json\/wp\/v2\/product\/1040","targetHints":{"allow":["GET"]}}],"collection":[{"href":"https:\/\/fmp-components.com\/tr\/wp-json\/wp\/v2\/product"}],"about":[{"href":"https:\/\/fmp-components.com\/tr\/wp-json\/wp\/v2\/types\/product"}],"replies":[{"embeddable":true,"href":"https:\/\/fmp-components.com\/tr\/wp-json\/wp\/v2\/comments?post=1040"}],"wp:featuredmedia":[{"embeddable":true,"href":"https:\/\/fmp-components.com\/tr\/wp-json\/wp\/v2\/media\/1127"}],"wp:attachment":[{"href":"https:\/\/fmp-components.com\/tr\/wp-json\/wp\/v2\/media?parent=1040"}],"wp:term":[{"taxonomy":"product_brand","embeddable":true,"href":"https:\/\/fmp-components.com\/tr\/wp-json\/wp\/v2\/product_brand?post=1040"},{"taxonomy":"product_cat","embeddable":true,"href":"https:\/\/fmp-components.com\/tr\/wp-json\/wp\/v2\/product_cat?post=1040"},{"taxonomy":"product_tag","embeddable":true,"href":"https:\/\/fmp-components.com\/tr\/wp-json\/wp\/v2\/product_tag?post=1040"}],"curies":[{"name":"wp","href":"https:\/\/api.w.org\/{rel}","templated":true}]}}