{"id":1037,"date":"2024-12-19T06:17:09","date_gmt":"2024-12-19T06:17:09","guid":{"rendered":"https:\/\/fmp-components.com\/product\/10029-high-end-small-piston-hydraulic-cylinder-for-trailer\/"},"modified":"2025-03-18T02:22:30","modified_gmt":"2025-03-18T02:22:30","slug":"10029-high-end-small-piston-hydraulic-cylinder-for-trailer","status":"publish","type":"product","link":"https:\/\/fmp-components.com\/tr\/product\/10029-high-end-small-piston-hydraulic-cylinder-for-trailer\/","title":{"rendered":"10029 R\u00f6mork \u0130\u00e7in Y\u00fcksek U\u00e7lu K\u00fc\u00e7\u00fck Pistonlu Hidrolik Silindir"},"content":{"rendered":"<h2>\u00dcr\u00fcn Ad\u0131: 10029 R\u00f6mork \u0130\u00e7in Y\u00fcksek U\u00e7lu K\u00fc\u00e7\u00fck Pistonlu Hidrolik Silindir<\/h2>\n<p>\u00dcr\u00fcn A\u00e7\u0131klamas\u0131:<br \/>\n10029 High End K\u00fc\u00e7\u00fck Pistonlu Hidrolik Silindir, r\u00f6morklar i\u00e7in \u00f6zel olarak tasarlanm\u0131\u015f, \u00fcst d\u00fczey bir hidrolik silindirdir. Sa\u011flam yap\u0131s\u0131 ve geli\u015fmi\u015f \u00f6zellikleriyle bu hidrolik silindir, a\u011f\u0131r y\u00fcklere ve zorlu uygulamalara dayanacak \u015fekilde \u00fcretilmi\u015ftir.<\/p>\n<p>Temel \u00d6zellikler:<br \/>\n1. Y\u00fcksek Performansl\u0131 Piston: K\u00fc\u00e7\u00fck piston tasar\u0131m\u0131, verimli ve g\u00fcvenilir hidrolik \u00e7al\u0131\u015fmay\u0131 garanti ederek p\u00fcr\u00fczs\u00fcz ve hassas hareket sa\u011flar.<br \/>\n2. Dayan\u0131kl\u0131 Yap\u0131: Y\u00fcksek kaliteli malzemelerden \u00fcretilen bu hidrolik silindir, ola\u011fan\u00fcst\u00fc dayan\u0131kl\u0131l\u0131k ve uzun \u00f6m\u00fcr sunarak, zorlu ko\u015fullarda uzun s\u00fcreli performans sa\u011flar.<br \/>\n3. Geli\u015fmi\u015f G\u00fcvenlik: A\u015f\u0131r\u0131 y\u00fck korumas\u0131 ve bas\u0131n\u00e7 tahliye valfleri gibi geli\u015fmi\u015f g\u00fcvenlik \u00f6nlemleriyle donat\u0131lm\u0131\u015f bu hidrolik silindir, g\u00fcvenli ve g\u00fcvenilir \u00e7al\u0131\u015fmay\u0131 garanti eder.<br \/>\n4. Kolay Kurulum: 10029 High End K\u00fc\u00e7\u00fck Pistonlu Hidrolik Silindir, kullan\u0131c\u0131 dostu bir tasar\u0131ma sahiptir ve \u00e7e\u015fitli r\u00f6mork modelleriyle sorunsuz kurulum ve uyumluluk sa\u011flar.<br \/>\n5. \u00c7ok Y\u00f6nl\u00fc Uygulamalar: Bu hidrolik silindir, tar\u0131m, in\u015faat ve end\u00fcstriyel sekt\u00f6rler dahil olmak \u00fczere \u00e7ok \u00e7e\u015fitli r\u00f6mork uygulamalar\u0131 i\u00e7in uygundur.<\/p>\n<p><img loading=\"lazy\" decoding=\"async\" class=\"alignnone size-full wp-image-1073\" src=\"https:\/\/fmp-components.com\/wp-content\/uploads\/2024\/12\/Welded-Clevis-Type-Cylinder2.webp\" alt=\"Kaynakl\u0131 \u00c7atal Tipi Silindir\" width=\"800\" height=\"800\" title=\"\" srcset=\"https:\/\/fmp-components.com\/wp-content\/uploads\/2024\/12\/Welded-Clevis-Type-Cylinder2.webp 800w, https:\/\/fmp-components.com\/wp-content\/uploads\/2024\/12\/Welded-Clevis-Type-Cylinder2-480x480.webp 480w\" sizes=\"(min-width: 0px) and (max-width: 480px) 480px, (min-width: 481px) 800px, 100vw\" \/><\/p>\n<p>Faydalar:<br \/>\n1. Artt\u0131r\u0131lm\u0131\u015f Verimlilik: Bu hidrolik silindirin hassas ve d\u00fczg\u00fcn \u00e7al\u0131\u015fmas\u0131, geli\u015fmi\u015f \u00fcretkenlik sa\u011flayarak duru\u015f s\u00fcrelerini azalt\u0131r ve genel verimlili\u011fi art\u0131r\u0131r.<br \/>\n2. Geli\u015ftirilmi\u015f Performans: \u00dcst d\u00fczey tasar\u0131m\u0131 ve geli\u015fmi\u015f \u00f6zellikleriyle bu hidrolik silindir \u00fcst\u00fcn performans sunarak, r\u00f6morklar\u0131n a\u011f\u0131r y\u00fckleri zahmetsizce ta\u015f\u0131mas\u0131n\u0131 sa\u011flar.<br \/>\n3. Geli\u015fmi\u015f G\u00fcvenlik: G\u00fcvenlik \u00f6nlemlerinin al\u0131nmas\u0131, hem personelin hem de ekipman\u0131n korunmas\u0131n\u0131 sa\u011flayarak kaza ve hasar riskini en aza indirir.<br \/>\n4. Uzun \u00d6m\u00fcrl\u00fcl\u00fck: Bu hidrolik silindirin dayan\u0131kl\u0131 yap\u0131s\u0131 uzun bir kullan\u0131m \u00f6mr\u00fc garanti ederek, r\u00f6mork sahipleri i\u00e7in uygun maliyetli bir \u00e7\u00f6z\u00fcm sunar.<br \/>\n5. \u00c7ok Y\u00f6nl\u00fcl\u00fck: 10029 High End K\u00fc\u00e7\u00fck Pistonlu Hidrolik Silindir, \u00e7e\u015fitli r\u00f6mork modelleriyle uyumludur ve bu da onu farkl\u0131 uygulamalar i\u00e7in \u00e7ok y\u00f6nl\u00fc bir se\u00e7im haline getirir.<\/p>\n<p>10029 High End K\u00fc\u00e7\u00fck Pistonlu Hidrolik Silindir, \u00f6zellikle r\u00f6morklar i\u00e7in tasarlanm\u0131\u015f \u00fcst d\u00fczey bir \u00fcr\u00fcnd\u00fcr. Ola\u011fan\u00fcst\u00fc performans\u0131, dayan\u0131kl\u0131l\u0131\u011f\u0131 ve g\u00fcvenlik \u00f6zellikleriyle bu hidrolik silindir, \u00e7e\u015fitli r\u00f6mork uygulamalar\u0131 i\u00e7in g\u00fcvenilir ve verimli bir \u00e7\u00f6z\u00fcm sunar.<\/p>\n<h2>Kaynakl\u0131 \u00c7atal Tip Silindirin Avantajlar\u0131<\/h2>\n<p>Kaynakl\u0131 \u00e7atal tipi silindirler, benzersiz avantajlar\u0131 ve avantajlar\u0131 nedeniyle bir\u00e7ok end\u00fcstriyel uygulama i\u00e7in pop\u00fcler bir tercihtir. Kaynakl\u0131 \u00e7atal tipi silindirlerin baz\u0131 temel avantajlar\u0131 \u015funlard\u0131r:<\/p>\n<h3>1. Artt\u0131r\u0131lm\u0131\u015f G\u00fc\u00e7 ve Dayan\u0131kl\u0131l\u0131k<\/h3>\n<p>Kaynakl\u0131 \u00e7atal tipi silindirler, di\u011fer silindir tiplerine k\u0131yasla daha fazla mukavemet ve dayan\u0131kl\u0131l\u0131k sa\u011flayan kaynakl\u0131 bir u\u00e7 kapa\u011f\u0131yla \u00fcretilir. Bu, onlar\u0131 y\u00fcksek mukavemet ve dayan\u0131kl\u0131l\u0131k gerektiren a\u011f\u0131r hizmet uygulamalar\u0131 i\u00e7in ideal hale getirir.<\/p>\n<p>Ayr\u0131ca, bu silindirlerin kaynakl\u0131 tasar\u0131m\u0131, s\u0131z\u0131nt\u0131 veya ar\u0131za olas\u0131l\u0131\u011f\u0131n\u0131n daha d\u00fc\u015f\u00fck olmas\u0131 anlam\u0131na gelir; bu da ar\u0131za s\u00fcresini ve bak\u0131m maliyetlerini azaltmaya yard\u0131mc\u0131 olabilir.<\/p>\n<h3>2. Y\u00fcksek Bas\u0131nc\u0131 Y\u00f6netme Yetene\u011fi<\/h3>\n<p>Kaynakl\u0131 \u00e7atal tipi silindirler, y\u00fcksek bas\u0131n\u00e7 uygulamalar\u0131na da uygundur ve bu da onlar\u0131 in\u015faat, madencilik, petrol ve gaz gibi sekt\u00f6rlerde pop\u00fcler bir tercih haline getirir. Y\u00fcksek bas\u0131n\u00e7la ba\u015fa \u00e7\u0131kabilme yetenekleri, zorlu ortamlarda g\u00fcvenilir performans sa\u011flar.<\/p>\n<h3>3. \u00d6zelle\u015ftirilebilir Tasar\u0131m<\/h3>\n<p>Kaynakl\u0131 \u00e7atal tipi silindirler, bir uygulaman\u0131n \u00f6zel ihtiya\u00e7lar\u0131n\u0131 kar\u015f\u0131layacak \u015fekilde \u00f6zel olarak tasarlanabilir. Bu, belirli bir boyut, \u015fekil veya performans gereksinimine uyacak \u015fekilde uyarlanabilecekleri anlam\u0131na gelir. \u00d6zelle\u015ftirilebilir tasar\u0131m, \u00fcretim s\u00fcrecinde daha fazla esneklik sa\u011flayarak maliyet tasarrufu sa\u011flayabilir.<\/p>\n<h3>4. Kolay Kurulum<\/h3>\n<p>Kaynakl\u0131 \u00e7atal tipi silindirler, kolay montaj i\u00e7in tasarlanm\u0131\u015ft\u0131r ve bu da kurulum s\u00fcresini ve i\u015f\u00e7ilik maliyetlerini azaltmaya yard\u0131mc\u0131 olur. Genellikle \u00f6nceden monte edilmi\u015f ve kutudan \u00e7\u0131kar \u00e7\u0131kmaz kullan\u0131ma haz\u0131rd\u0131rlar, bu da ek par\u00e7a veya bile\u015fen ihtiyac\u0131n\u0131 en aza indirir.<\/p>\n<h3>5. Geli\u015fmi\u015f Performans<\/h3>\n<p>Kaynakl\u0131 \u00e7atal tipi silindirlerin tasar\u0131m\u0131, di\u011fer silindir tiplerine k\u0131yasla daha iyi performans sa\u011flar. Bas\u0131n\u00e7 birimi ba\u015f\u0131na daha fazla kuvvet \u00fcretebilirler, bu da end\u00fcstriyel uygulamalarda verimlili\u011fi ve \u00fcretkenli\u011fi art\u0131rmaya yard\u0131mc\u0131 olabilir.<\/p>\n<p>Genel olarak, kaynakl\u0131 \u00e7atal tipi silindirler, onlar\u0131 bir\u00e7ok end\u00fcstriyel uygulama i\u00e7in pop\u00fcler bir tercih haline getiren bir dizi avantaj ve avantaj sunar. Art\u0131r\u0131lm\u0131\u015f mukavemet ve dayan\u0131kl\u0131l\u0131klar\u0131, y\u00fcksek bas\u0131nca dayanma kabiliyetleri, \u00f6zelle\u015ftirilebilir tasar\u0131mlar\u0131, kolay montajlar\u0131 ve geli\u015fmi\u015f performanslar\u0131, g\u00fcvenilirlik ve performans\u0131n \u00f6nemli oldu\u011fu zorlu ortamlar i\u00e7in onlar\u0131 ideal bir se\u00e7im haline getirir.<\/p>\n<h2>Kaynakl\u0131 \u00c7atal Tip Silindir Uygulamas\u0131<\/h2>\n<ul>\n<li><strong>End\u00fcstriyel Makineler:<\/strong> Kaynakl\u0131 \u00c7atal Tipi Silindirler, a\u011f\u0131r hizmet tipi uygulamalar i\u00e7in \u00e7e\u015fitli end\u00fcstriyel makinelerde yayg\u0131n olarak kullan\u0131lmaktad\u0131r. Bu silindirler, makinelerdeki bile\u015fenleri kald\u0131rmak ve preslemek i\u00e7in y\u00fcksek kuvvet \u00e7\u0131k\u0131\u015f\u0131 \u00fcretebilir. Kaynakl\u0131 \u00e7atal tasar\u0131m\u0131, kolay kurulum ve verimli \u00e7al\u0131\u015fma sa\u011flayarak \u00fcreticiler aras\u0131nda pop\u00fcler bir tercih haline getirir.\n<ul>\n<li>\u00dcretim sekt\u00f6r\u00fcnde Kaynakl\u0131 Kelep\u00e7e Tipi Silindirler, metal saclar\u0131n \u015fekillendirilmesi ve \u015fekillendirilmesi i\u00e7in gerekli kuvveti sa\u011flamak amac\u0131yla hidrolik preslerde, enjeksiyon kal\u0131plama makinelerinde ve metal damgalama ekipmanlar\u0131nda kullan\u0131l\u0131r.<\/li>\n<li>Otomotiv end\u00fcstrisinde bu silindirler, \u00fcretim s\u00fcrecinde a\u011f\u0131r par\u00e7alar\u0131 kald\u0131rmak i\u00e7in ara\u00e7 krikolar\u0131nda, kald\u0131r\u0131c\u0131larda ve montaj makinelerinde kullan\u0131l\u0131r.<\/li>\n<li>\u0130n\u015faat sekt\u00f6r\u00fcnde Kaynakl\u0131 Kelep\u00e7e Tipi Silindirler, a\u011f\u0131r y\u00fckleri kald\u0131ran ve hareket ettiren hidrolik sistemlere g\u00fc\u00e7 sa\u011flamak i\u00e7in vin\u00e7lerde, ekskavat\u00f6rlerde ve buldozerlerde kullan\u0131l\u0131r.<\/li>\n<\/ul>\n<\/li>\n<li><strong>Tar\u0131m Makinalar\u0131:<\/strong> Tar\u0131m makineleri, Kaynakl\u0131 \u00c7atal Tip Silindirlerin en \u00e7ok kullan\u0131ld\u0131\u011f\u0131 alanlardan biridir. Bu silindirler, trakt\u00f6rler, bi\u00e7erd\u00f6verler ve sabanlar dahil olmak \u00fczere \u00e7e\u015fitli tar\u0131m makinelerinde toprak haz\u0131rlama, ekim ve hasat i\u00e7in gerekli kuvveti sa\u011flamak amac\u0131yla kullan\u0131l\u0131r.\n<ul>\n<li>Tar\u0131m sekt\u00f6r\u00fcnde Kaynakl\u0131 \u00c7atal Tip Silindirler, toprak haz\u0131rl\u0131\u011f\u0131 ve tohum ekimi i\u00e7in gerekli kuvveti sa\u011flamak amac\u0131yla pulluk, k\u00fcltivat\u00f6r ve tohum ekim makinelerinde kullan\u0131l\u0131r.<\/li>\n<li>Hasat end\u00fcstrisinde bu silindirler, hasat makinelerinde, balya makinelerinde ve bi\u00e7me makinelerinde, mahsul\u00fc toplayan ve ta\u015f\u0131yan hidrolik sistemlere g\u00fc\u00e7 sa\u011flamak i\u00e7in kullan\u0131l\u0131r.<\/li>\n<\/ul>\n<\/li>\n<li><strong>Havac\u0131l\u0131k ve Savunma:<\/strong> Kaynakl\u0131 Kelep\u00e7e Tipi Silindirler havac\u0131l\u0131k ve savunma sanayinde de kullan\u0131lmakta olup, u\u00e7aklar, roketler, f\u00fczeler ve savunma sistemleri gibi geni\u015f bir uygulama yelpazesinde kullan\u0131lmaktad\u0131r.\n<ul>\n<li>Havac\u0131l\u0131k ve uzay end\u00fcstrisinde Kaynakl\u0131 Kelep\u00e7e Tipi Silindirler, u\u00e7ak ini\u015f tak\u0131mlar\u0131nda, kanat\u00e7\u0131klarda ve frenlerde kalk\u0131\u015f ve ini\u015f i\u00e7in gerekli kuvveti sa\u011flamak amac\u0131yla kullan\u0131l\u0131r.<\/li>\n<li>Savunma sanayinde bu silindirler f\u00fcze f\u0131rlat\u0131c\u0131lar\u0131nda, silah taretlerinde ve tank sistemlerinde silah ve m\u00fchimmat\u0131n hareketini kontrol eden hidrolik sistemlere g\u00fc\u00e7 sa\u011flamak i\u00e7in kullan\u0131l\u0131r.<\/li>\n<\/ul>\n<\/li>\n<li><strong>Denizcilik End\u00fcstrisi:<\/strong> Kaynakl\u0131 Kelep\u00e7e Tipi Silindirler denizcilik sekt\u00f6r\u00fcnde de yayg\u0131n olarak kullan\u0131lmakta olup gemiler, tekneler ve su alt\u0131 ara\u00e7lar\u0131 i\u00e7in \u00e7e\u015fitli uygulamalarda kullan\u0131lmaktad\u0131r.\n<ul>\n<li>Denizcilik sekt\u00f6r\u00fcnde Kaynakl\u0131 Kelep\u00e7e Tipi Silindirler, vin\u00e7lerde, vin\u00e7lerde ve kargo elle\u00e7leme ekipmanlar\u0131nda kargo y\u00fckleme ve bo\u015faltma i\u00e7in gerekli kuvveti sa\u011flamak amac\u0131yla kullan\u0131l\u0131r.<\/li>\n<li>Teknecilik sekt\u00f6r\u00fcnde bu silindirler, teknelerin ve gemilerin hareketini kontrol etmek i\u00e7in gerekli kuvveti sa\u011flamak amac\u0131yla d\u00fcmen sistemlerinde, pervanelerde ve \u00e7apa sistemlerinde kullan\u0131l\u0131r.<\/li>\n<li>Sualt\u0131 ara\u00e7 sekt\u00f6r\u00fcnde Kaynakl\u0131 Kelep\u00e7e Tipi Silindirler, su alt\u0131 operasyonlar\u0131 i\u00e7in gerekli kuvveti sa\u011flamak amac\u0131yla dalg\u0131\u00e7larda, uzaktan kumandal\u0131 ara\u00e7larda (ROV) ve dal\u0131\u015f ekipmanlar\u0131nda kullan\u0131l\u0131r.<\/li>\n<\/ul>\n<\/li>\n<li><strong>Madencilik End\u00fcstrisi:<\/strong> Kaynakl\u0131 Kelep\u00e7e Tipi Silindirler ayr\u0131ca madencilik sekt\u00f6r\u00fcnde de kullan\u0131l\u0131r ve mineral \u00e7\u0131karma ve malzeme ta\u015f\u0131ma gibi \u00e7e\u015fitli uygulamalarda kullan\u0131l\u0131r.\n<ul>\n<li>Madencilik sekt\u00f6r\u00fcnde Kaynakl\u0131 Kelep\u00e7e Tipi Silindirler, konvey\u00f6r sistemlerinde, sondaj makinelerinde ve hidrolik kep\u00e7elerde maden ve ta\u015f ocaklar\u0131ndan mineral ve malzemelerin \u00e7\u0131kar\u0131lmas\u0131 i\u00e7in gerekli kuvveti sa\u011flamak amac\u0131yla kullan\u0131l\u0131r.<\/li>\n<\/ul>\n<\/li>\n<\/ul>\n<h2>FMP Hakk\u0131nda<\/h2>\n<p>FMP, \u0130talyan mobil makine hidrolik silindirleri pazar\u0131nda lider bir firmad\u0131r. \u00dcr\u00fcnlerimiz aras\u0131nda hidrolik e\u011fim silindirleri, hidrolik direksiyon silindirleri ve hidrolik kald\u0131rma silindirleri bulunmaktad\u0131r. 200.000 set tasar\u0131m kapasitemiz ve 300 set \u00e7e\u015fitli tipte tam otomatik CNC \u00fcretim ekipman\u0131m\u0131z ve tam otomatik hidrolik silindir montaj ekipman\u0131m\u0131z bulunmaktad\u0131r. Kaliteli \u00fcr\u00fcnler, uygun fiyatlar ve m\u00fckemmel hizmet sunmaya kararl\u0131y\u0131z.<\/p>\n<p>Hidrolik silindirlerimizin yan\u0131 s\u0131ra, hava \u00e7al\u0131\u015fma platformu silindirleri, end\u00fcstriyel ara\u00e7 hidrolik silindirleri, d\u00f6ner sondaj kulesi silindirleri, kamyon vin\u00e7 silindirleri, in\u015faat makineleri hidrolik silindirleri de tedarik ediyoruz. <b>Forklift Hidrolik Silindirleri<\/b>, maden damperli kamyon silindirleri ve \u00e7evre sanitasyon makineleri hidrolik silindirleri. M\u00fc\u015fterilerimizin sipari\u015flerini ihtiya\u00e7lar\u0131na g\u00f6re \u00f6zelle\u015ftirmelerini memnuniyetle kar\u015f\u0131l\u0131yoruz.<\/p>\n<p><img decoding=\"async\" src=\"https:\/\/hzpt.com\/wp-content\/uploads\/2023\/12\/insert-5.webp\" alt=\"Fabrika G\u00f6r\u00fcnt\u00fcs\u00fc\" title=\"\"><\/p>\n<h2>Soru &amp; Cevap<\/h2>\n<ol>\n<li>S: Hidrolik silindir nedir? C: Hidrolik silindir, do\u011frusal bir strok boyunca do\u011frusal bir kuvvet vermek i\u00e7in kullan\u0131lan mekanik bir akt\u00fcat\u00f6rd\u00fcr.<\/li>\n<li>S: Trakt\u00f6rdeki hidrolik silindirin i\u015flevi nedir? C: Trakt\u00f6r\u00fcn hareketlerini kontrol etmeye yard\u0131mc\u0131 olur.<\/li>\n<li>S: FMP'nin hidrolik silindirlerinin benzersiz \u00f6zellikleri nelerdir? C: Enerji tasarruflu, y\u00fcksek verimli ve kullan\u0131m\u0131 g\u00fcvenlidir.<\/li>\n<li>S: Hidrolik silindir bak\u0131m\u0131 nas\u0131l yap\u0131l\u0131r? C: D\u00fczenli bak\u0131m, s\u0131z\u0131nt\u0131lar\u0131 kontrol etmeyi ve hidrolik ya\u011f\u0131n\u0131n temiz olmas\u0131n\u0131 sa\u011flamay\u0131 i\u00e7erir.<\/li>\n<li>S: Sipari\u015fimi \u00f6zelle\u015ftirebilir miyim? C: Evet, m\u00fc\u015fterilerimizin sipari\u015flerini kendi gereksinimlerine g\u00f6re \u00f6zelle\u015ftirmelerine memnuniyetle izin veriyoruz.<\/li>\n<\/ol>\n<p>Yazar:CX<\/p>","protected":false},"excerpt":{"rendered":"<p>Product Name: 10029 High End Small Piston Hydraulic Cylinder For Trailer Product Description: The 10029 High End Small Piston Hydraulic Cylinder is a top-of-the-line hydraulic cylinder designed specifically for trailers. With its robust construction and advanced features, this hydraulic cylinder is built to withstand heavy loads and demanding applications. Key Features: 1. High-Performance Piston: The [&hellip;]<\/p>","protected":false},"featured_media":1127,"comment_status":"closed","ping_status":"closed","template":"","meta":{"_et_pb_use_builder":"","_et_pb_old_content":"","_et_gb_content_width":""},"product_brand":[],"product_cat":[36],"product_tag":[34,38],"class_list":{"0":"post-1037","1":"product","2":"type-product","3":"status-publish","4":"has-post-thumbnail","6":"product_cat-welded-clevis-type-cylinder","7":"product_tag-hydraulic-cylinder","8":"product_tag-welded-clevis-type-cylinder","10":"first","11":"instock","12":"product-type-simple"},"_links":{"self":[{"href":"https:\/\/fmp-components.com\/tr\/wp-json\/wp\/v2\/product\/1037","targetHints":{"allow":["GET"]}}],"collection":[{"href":"https:\/\/fmp-components.com\/tr\/wp-json\/wp\/v2\/product"}],"about":[{"href":"https:\/\/fmp-components.com\/tr\/wp-json\/wp\/v2\/types\/product"}],"replies":[{"embeddable":true,"href":"https:\/\/fmp-components.com\/tr\/wp-json\/wp\/v2\/comments?post=1037"}],"wp:featuredmedia":[{"embeddable":true,"href":"https:\/\/fmp-components.com\/tr\/wp-json\/wp\/v2\/media\/1127"}],"wp:attachment":[{"href":"https:\/\/fmp-components.com\/tr\/wp-json\/wp\/v2\/media?parent=1037"}],"wp:term":[{"taxonomy":"product_brand","embeddable":true,"href":"https:\/\/fmp-components.com\/tr\/wp-json\/wp\/v2\/product_brand?post=1037"},{"taxonomy":"product_cat","embeddable":true,"href":"https:\/\/fmp-components.com\/tr\/wp-json\/wp\/v2\/product_cat?post=1037"},{"taxonomy":"product_tag","embeddable":true,"href":"https:\/\/fmp-components.com\/tr\/wp-json\/wp\/v2\/product_tag?post=1037"}],"curies":[{"name":"wp","href":"https:\/\/api.w.org\/{rel}","templated":true}]}}