{"id":1036,"date":"2024-12-19T06:17:09","date_gmt":"2024-12-19T06:17:09","guid":{"rendered":"https:\/\/fmp-components.com\/product\/10028-cost-effective-hydraulic-piston-cylinder-tractor-hydraulic-cylinder\/"},"modified":"2024-12-26T08:50:50","modified_gmt":"2024-12-26T08:50:50","slug":"10028-cost-effective-hydraulic-piston-cylinder-tractor-hydraulic-cylinder","status":"publish","type":"product","link":"https:\/\/fmp-components.com\/tr\/product\/10028-cost-effective-hydraulic-piston-cylinder-tractor-hydraulic-cylinder\/","title":{"rendered":"10028 Maliyet Etkin Hidrolik Piston Silindiri Trakt\u00f6r Hidrolik Silindiri"},"content":{"rendered":"<p>10028 model numaral\u0131 \u00fcr\u00fcn\u00fcm\u00fcz, Ekonomik Hidrolik Piston Silindir Trakt\u00f6r Hidrolik Silindiri, trakt\u00f6rler i\u00e7in \u00f6zel olarak tasarlanm\u0131\u015f y\u00fcksek kaliteli bir hidrolik silindirdir. Bu hidrolik silindir, uygun maliyeti ve verimli performans\u0131yla bilinir.<\/p>\n<p>Uygun Maliyetli Hidrolik Piston Silindirli Trakt\u00f6r Hidrolik Silindiri, hassasiyet ve dayan\u0131kl\u0131l\u0131k g\u00f6z \u00f6n\u00fcnde bulundurularak \u00fcretilmi\u015ftir. Y\u00fcksek kaliteli malzemelerle \u00fcretilen bu silindir, a\u011f\u0131r hizmet tipi kullan\u0131mlarda bile uzun \u00f6m\u00fcrl\u00fc ve g\u00fcvenilirdir. Hidrolik piston silindiri, trakt\u00f6r\u00fcn verimli \u00e7al\u0131\u015fmas\u0131n\u0131 sa\u011flayarak p\u00fcr\u00fczs\u00fcz ve tutarl\u0131 bir hareket sa\u011flar.<\/p>\n<p>Bu hidrolik silindir, g\u00fc\u00e7l\u00fc hidrolik kuvvet sa\u011flamak \u00fczere tasarlanm\u0131\u015ft\u0131r ve bu da onu \u00e7e\u015fitli tar\u0131m uygulamalar\u0131 i\u00e7in ideal hale getirir. Genellikle a\u011f\u0131r y\u00fckleri kald\u0131rma, ata\u015fmanlar\u0131 \u00e7al\u0131\u015ft\u0131rma ve trakt\u00f6rlerde di\u011fer hidrolik i\u015flevleri yerine getirme gibi g\u00f6revlerde kullan\u0131l\u0131r. \u00dcst\u00fcn performans\u0131yla, Uygun Maliyetli Hidrolik Piston Silindirli Trakt\u00f6r Hidrolik Silindiri, trakt\u00f6rlerin genel verimlili\u011fini art\u0131rarak \u00e7ift\u00e7iler ve tar\u0131m i\u015f\u00e7ileri i\u00e7in vazge\u00e7ilmez bir bile\u015fen haline getirir.<\/p>\n<p><img loading=\"lazy\" decoding=\"async\" class=\"alignnone size-full wp-image-1073\" src=\"https:\/\/fmp-components.com\/wp-content\/uploads\/2024\/12\/Welded-Clevis-Type-Cylinder2.webp\" alt=\"Kaynakl\u0131 \u00c7atal Tipi Silindir\" width=\"800\" height=\"800\" title=\"\" srcset=\"https:\/\/fmp-components.com\/wp-content\/uploads\/2024\/12\/Welded-Clevis-Type-Cylinder2.webp 800w, https:\/\/fmp-components.com\/wp-content\/uploads\/2024\/12\/Welded-Clevis-Type-Cylinder2-480x480.webp 480w\" sizes=\"(min-width: 0px) and (max-width: 480px) 480px, (min-width: 481px) 800px, 100vw\" \/><\/p>\n<p>\u00dcst\u00fcn performans\u0131n\u0131n yan\u0131 s\u0131ra, bu hidrolik silindirin montaj\u0131 ve bak\u0131m\u0131 da kolayd\u0131r. Kullan\u0131m kolayl\u0131\u011f\u0131 sa\u011flayacak \u015fekilde tasarlanm\u0131\u015f olup, trakt\u00f6rlere h\u0131zl\u0131 ve sorunsuz bir \u015fekilde monte edilebilir. Ayr\u0131ca, d\u00fczenli bak\u0131m ve servisi kolayd\u0131r, bu da hidrolik silindirin sorunsuz \u00e7al\u0131\u015fmas\u0131n\u0131 ve \u00f6mr\u00fcn\u00fcn uzamas\u0131n\u0131 sa\u011flar.<\/p>\n<p>Genel olarak, Uygun Maliyetli Hidrolik Piston Silindirli Trakt\u00f6r Hidrolik Silindiri, trakt\u00f6rler i\u00e7in g\u00fcvenilir ve verimli bir hidrolik bile\u015fendir. Uygun maliyeti, dayan\u0131kl\u0131l\u0131\u011f\u0131 ve \u00fcst\u00fcn performans\u0131, onu tar\u0131msal uygulamalar i\u00e7in m\u00fckemmel bir se\u00e7im haline getirir. Bu hidrolik silindir sayesinde trakt\u00f6r operat\u00f6rleri, geli\u015fmi\u015f verimlilik ve g\u00fcvenilir hidrolik performans bekleyebilirler.<\/p>\n<h2>Temel \u00d6zellikler ve Avantajlar<\/h2>\n<ul>\n<li>Enerji verimlili\u011fi: Performanstan \u00f6d\u00fcn vermeden enerji t\u00fcketimini en aza indirecek \u015fekilde tasarlanm\u0131\u015ft\u0131r.<\/li>\n<li>Y\u00fcksek verimlilik: Y\u00fcksek hassasiyet ve h\u0131zla \u00e7al\u0131\u015farak genel verimlili\u011fi art\u0131r\u0131r.<\/li>\n<li>G\u00fcvenli: Operasyon s\u0131ras\u0131nda g\u00fcvenli\u011fi sa\u011flamak i\u00e7in sa\u011flam malzemelerle \u00fcretilmi\u015ftir.<\/li>\n<\/ul>\n<p><img decoding=\"async\" src=\"https:\/\/hzpt.com\/wp-content\/uploads\/2023\/12\/insert-1.webp\" alt=\"\" title=\"\"><\/p>\n<h2>\u00dcr\u00fcn Se\u00e7im Rehberi<\/h2>\n<p>Do\u011fru hidrolik ya\u011f ve contalar\u0131n nas\u0131l se\u00e7ilece\u011fi, ne zaman de\u011fi\u015ftirilece\u011fi ve bir hidrolik silindirin etkili bir \u015fekilde nas\u0131l \u00f6l\u00e7\u00fclece\u011fi konusunda uzman tavsiyeleri sunuyoruz.<\/p>\n<h2>Kaynakl\u0131 \u00c7atal Tip Silindirin Avantajlar\u0131<\/h2>\n<p>Kaynakl\u0131 \u00e7atal tipi silindirler, benzersiz avantajlar\u0131 ve avantajlar\u0131 nedeniyle bir\u00e7ok end\u00fcstriyel uygulama i\u00e7in pop\u00fcler bir tercihtir. Kaynakl\u0131 \u00e7atal tipi silindirlerin baz\u0131 temel avantajlar\u0131 \u015funlard\u0131r:<\/p>\n<h3>1. Artt\u0131r\u0131lm\u0131\u015f G\u00fc\u00e7 ve Dayan\u0131kl\u0131l\u0131k<\/h3>\n<p>Kaynakl\u0131 \u00e7atal tipi silindirler, di\u011fer silindir tiplerine k\u0131yasla daha fazla mukavemet ve dayan\u0131kl\u0131l\u0131k sa\u011flayan kaynakl\u0131 bir u\u00e7 kapa\u011f\u0131yla \u00fcretilir. Bu, onlar\u0131 y\u00fcksek mukavemet ve dayan\u0131kl\u0131l\u0131k gerektiren a\u011f\u0131r hizmet uygulamalar\u0131 i\u00e7in ideal hale getirir.<\/p>\n<p>Ayr\u0131ca, bu silindirlerin kaynakl\u0131 tasar\u0131m\u0131, s\u0131z\u0131nt\u0131 veya ar\u0131za olas\u0131l\u0131\u011f\u0131n\u0131n daha d\u00fc\u015f\u00fck olmas\u0131 anlam\u0131na gelir; bu da ar\u0131za s\u00fcresini ve bak\u0131m maliyetlerini azaltmaya yard\u0131mc\u0131 olabilir.<\/p>\n<h3>2. Y\u00fcksek Bas\u0131nc\u0131 Y\u00f6netme Yetene\u011fi<\/h3>\n<p>Kaynakl\u0131 \u00e7atal tipi silindirler, y\u00fcksek bas\u0131n\u00e7 uygulamalar\u0131na da uygundur ve bu da onlar\u0131 in\u015faat, madencilik, petrol ve gaz gibi sekt\u00f6rlerde pop\u00fcler bir tercih haline getirir. Y\u00fcksek bas\u0131n\u00e7la ba\u015fa \u00e7\u0131kabilme yetenekleri, zorlu ortamlarda g\u00fcvenilir performans sa\u011flar.<\/p>\n<h3>3. \u00d6zelle\u015ftirilebilir Tasar\u0131m<\/h3>\n<p>Kaynakl\u0131 \u00e7atal tipi silindirler, bir uygulaman\u0131n \u00f6zel ihtiya\u00e7lar\u0131n\u0131 kar\u015f\u0131layacak \u015fekilde \u00f6zel olarak tasarlanabilir. Bu, belirli bir boyut, \u015fekil veya performans gereksinimine uyacak \u015fekilde uyarlanabilecekleri anlam\u0131na gelir. \u00d6zelle\u015ftirilebilir tasar\u0131m, \u00fcretim s\u00fcrecinde daha fazla esneklik sa\u011flayarak maliyet tasarrufu sa\u011flayabilir.<\/p>\n<h3>4. Kolay Kurulum<\/h3>\n<p>Kaynakl\u0131 \u00e7atal tipi silindirler, kolay montaj i\u00e7in tasarlanm\u0131\u015ft\u0131r ve bu da kurulum s\u00fcresini ve i\u015f\u00e7ilik maliyetlerini azaltmaya yard\u0131mc\u0131 olur. Genellikle \u00f6nceden monte edilmi\u015f ve kutudan \u00e7\u0131kar \u00e7\u0131kmaz kullan\u0131ma haz\u0131rd\u0131rlar, bu da ek par\u00e7a veya bile\u015fen ihtiyac\u0131n\u0131 en aza indirir.<\/p>\n<h3>5. Geli\u015fmi\u015f Performans<\/h3>\n<p>Kaynakl\u0131 \u00e7atal tipi silindirlerin tasar\u0131m\u0131, di\u011fer silindir tiplerine k\u0131yasla daha iyi performans sa\u011flar. Bas\u0131n\u00e7 birimi ba\u015f\u0131na daha fazla kuvvet \u00fcretebilirler, bu da end\u00fcstriyel uygulamalarda verimlili\u011fi ve \u00fcretkenli\u011fi art\u0131rmaya yard\u0131mc\u0131 olabilir.<\/p>\n<p>Genel olarak, kaynakl\u0131 \u00e7atal tipi silindirler, onlar\u0131 bir\u00e7ok end\u00fcstriyel uygulama i\u00e7in pop\u00fcler bir tercih haline getiren bir dizi avantaj ve avantaj sunar. Art\u0131r\u0131lm\u0131\u015f mukavemet ve dayan\u0131kl\u0131l\u0131klar\u0131, y\u00fcksek bas\u0131nca dayanma kabiliyetleri, \u00f6zelle\u015ftirilebilir tasar\u0131mlar\u0131, kolay montajlar\u0131 ve geli\u015fmi\u015f performanslar\u0131, g\u00fcvenilirlik ve performans\u0131n \u00f6nemli oldu\u011fu zorlu ortamlar i\u00e7in onlar\u0131 ideal bir se\u00e7im haline getirir.<\/p>\n<p><img decoding=\"async\" src=\"https:\/\/hzpt.com\/wp-content\/uploads\/2023\/12\/insert-2.webp\" alt=\"\" title=\"\"><\/p>\n<h2>Kaynakl\u0131 \u00c7atal Tip Silindir Uygulamas\u0131<\/h2>\n<ul>\n<li><strong>End\u00fcstriyel Makineler:<\/strong> Kaynakl\u0131 \u00c7atal Tipi Silindirler, a\u011f\u0131r hizmet tipi uygulamalar i\u00e7in \u00e7e\u015fitli end\u00fcstriyel makinelerde yayg\u0131n olarak kullan\u0131lmaktad\u0131r. Bu silindirler, makinelerdeki bile\u015fenleri kald\u0131rmak ve preslemek i\u00e7in y\u00fcksek kuvvet \u00e7\u0131k\u0131\u015f\u0131 \u00fcretebilir. Kaynakl\u0131 \u00e7atal tasar\u0131m\u0131, kolay kurulum ve verimli \u00e7al\u0131\u015fma sa\u011flayarak \u00fcreticiler aras\u0131nda pop\u00fcler bir tercih haline getirir.\n<ul>\n<li>\u00dcretim sekt\u00f6r\u00fcnde Kaynakl\u0131 Kelep\u00e7e Tipi Silindirler, metal saclar\u0131n \u015fekillendirilmesi ve \u015fekillendirilmesi i\u00e7in gerekli kuvveti sa\u011flamak amac\u0131yla hidrolik preslerde, enjeksiyon kal\u0131plama makinelerinde ve metal damgalama ekipmanlar\u0131nda kullan\u0131l\u0131r.<\/li>\n<li>Otomotiv end\u00fcstrisinde bu silindirler, \u00fcretim s\u00fcrecinde a\u011f\u0131r par\u00e7alar\u0131 kald\u0131rmak i\u00e7in ara\u00e7 krikolar\u0131nda, kald\u0131r\u0131c\u0131larda ve montaj makinelerinde kullan\u0131l\u0131r.<\/li>\n<li>\u0130n\u015faat sekt\u00f6r\u00fcnde Kaynakl\u0131 Kelep\u00e7e Tipi Silindirler, a\u011f\u0131r y\u00fckleri kald\u0131ran ve hareket ettiren hidrolik sistemlere g\u00fc\u00e7 sa\u011flamak i\u00e7in vin\u00e7lerde, ekskavat\u00f6rlerde ve buldozerlerde kullan\u0131l\u0131r.<\/li>\n<\/ul>\n<\/li>\n<li><strong>Tar\u0131m Makinalar\u0131:<\/strong> Tar\u0131m makineleri, Kaynakl\u0131 \u00c7atal Tip Silindirlerin en \u00e7ok kullan\u0131ld\u0131\u011f\u0131 alanlardan biridir. Bu silindirler, trakt\u00f6rler, bi\u00e7erd\u00f6verler ve sabanlar dahil olmak \u00fczere \u00e7e\u015fitli tar\u0131m makinelerinde toprak haz\u0131rlama, ekim ve hasat i\u00e7in gerekli kuvveti sa\u011flamak amac\u0131yla kullan\u0131l\u0131r.\n<ul>\n<li>Tar\u0131m sekt\u00f6r\u00fcnde Kaynakl\u0131 \u00c7atal Tip Silindirler, toprak haz\u0131rl\u0131\u011f\u0131 ve tohum ekimi i\u00e7in gerekli kuvveti sa\u011flamak amac\u0131yla pulluk, k\u00fcltivat\u00f6r ve tohum ekim makinelerinde kullan\u0131l\u0131r.<\/li>\n<li>Hasat end\u00fcstrisinde bu silindirler, hasat makinelerinde, balya makinelerinde ve bi\u00e7me makinelerinde, mahsul\u00fc toplayan ve ta\u015f\u0131yan hidrolik sistemlere g\u00fc\u00e7 sa\u011flamak i\u00e7in kullan\u0131l\u0131r.<\/li>\n<\/ul>\n<\/li>\n<li><strong>Havac\u0131l\u0131k ve Savunma:<\/strong> Kaynakl\u0131 Kelep\u00e7e Tipi Silindirler havac\u0131l\u0131k ve savunma sanayinde de kullan\u0131lmakta olup, u\u00e7aklar, roketler, f\u00fczeler ve savunma sistemleri gibi geni\u015f bir uygulama yelpazesinde kullan\u0131lmaktad\u0131r.\n<ul>\n<li>Havac\u0131l\u0131k ve uzay end\u00fcstrisinde Kaynakl\u0131 Kelep\u00e7e Tipi Silindirler, u\u00e7ak ini\u015f tak\u0131mlar\u0131nda, kanat\u00e7\u0131klarda ve frenlerde kalk\u0131\u015f ve ini\u015f i\u00e7in gerekli kuvveti sa\u011flamak amac\u0131yla kullan\u0131l\u0131r.<\/li>\n<li>Savunma sanayinde bu silindirler f\u00fcze f\u0131rlat\u0131c\u0131lar\u0131nda, silah taretlerinde ve tank sistemlerinde silah ve m\u00fchimmat\u0131n hareketini kontrol eden hidrolik sistemlere g\u00fc\u00e7 sa\u011flamak i\u00e7in kullan\u0131l\u0131r.<\/li>\n<\/ul>\n<\/li>\n<li><strong>Denizcilik End\u00fcstrisi:<\/strong> Kaynakl\u0131 Kelep\u00e7e Tipi Silindirler denizcilik sekt\u00f6r\u00fcnde de yayg\u0131n olarak kullan\u0131lmakta olup gemiler, tekneler ve su alt\u0131 ara\u00e7lar\u0131 i\u00e7in \u00e7e\u015fitli uygulamalarda kullan\u0131lmaktad\u0131r.\n<ul>\n<li>Denizcilik sekt\u00f6r\u00fcnde Kaynakl\u0131 Kelep\u00e7e Tipi Silindirler, vin\u00e7lerde, vin\u00e7lerde ve kargo elle\u00e7leme ekipmanlar\u0131nda kargo y\u00fckleme ve bo\u015faltma i\u00e7in gerekli kuvveti sa\u011flamak amac\u0131yla kullan\u0131l\u0131r.<\/li>\n<li>Teknecilik sekt\u00f6r\u00fcnde bu silindirler, teknelerin ve gemilerin hareketini kontrol etmek i\u00e7in gerekli kuvveti sa\u011flamak amac\u0131yla d\u00fcmen sistemlerinde, pervanelerde ve \u00e7apa sistemlerinde kullan\u0131l\u0131r.<\/li>\n<li>Sualt\u0131 ara\u00e7 sekt\u00f6r\u00fcnde Kaynakl\u0131 Kelep\u00e7e Tipi Silindirler, su alt\u0131 operasyonlar\u0131 i\u00e7in gerekli kuvveti sa\u011flamak amac\u0131yla dalg\u0131\u00e7larda, uzaktan kumandal\u0131 ara\u00e7larda (ROV) ve dal\u0131\u015f ekipmanlar\u0131nda kullan\u0131l\u0131r.<\/li>\n<\/ul>\n<\/li>\n<li><strong>Madencilik End\u00fcstrisi:<\/strong> Kaynakl\u0131 Kelep\u00e7e Tipi Silindirler ayr\u0131ca madencilik sekt\u00f6r\u00fcnde de kullan\u0131l\u0131r ve mineral \u00e7\u0131karma ve malzeme ta\u015f\u0131ma gibi \u00e7e\u015fitli uygulamalarda kullan\u0131l\u0131r.\n<ul>\n<li>Madencilik sekt\u00f6r\u00fcnde Kaynakl\u0131 Kelep\u00e7e Tipi Silindirler, konvey\u00f6r sistemlerinde, sondaj makinelerinde ve hidrolik kep\u00e7elerde maden ve ta\u015f ocaklar\u0131ndan mineral ve malzemelerin \u00e7\u0131kar\u0131lmas\u0131 i\u00e7in gerekli kuvveti sa\u011flamak amac\u0131yla kullan\u0131l\u0131r.<\/li>\n<\/ul>\n<\/li>\n<\/ul>\n<h2>FMP Hakk\u0131nda<\/h2>\n<p>FMP, \u0130talya'da mobil makine hidrolik silindir pazar\u0131nda lider konumdad\u0131r. \u00dcr\u00fcn yelpazemiz hidrolik devirme silindirleri, hidrolik direksiyon silindirleri ve hidrolik kald\u0131rma silindirlerini i\u00e7ermektedir. 200.000 set tasar\u0131m kapasitemizle, 300 set \u00e7e\u015fitli tam otomatik CNC \u00fcretim ekipman\u0131na ve tam otomatik hidrolik silindir montaj ekipman\u0131na sahibiz.<\/p>\n<p>FMP, rekabet\u00e7i fiyatlarla y\u00fcksek kaliteli \u00fcr\u00fcnler ve m\u00fckemmel m\u00fc\u015fteri hizmetleri sunmaktan gurur duymaktad\u0131r. Ana \u00fcr\u00fcn yelpazemize ek olarak, hava platformlar\u0131, end\u00fcstriyel ara\u00e7lar, d\u00f6ner sondaj kuleleri, kamyon vin\u00e7leri, in\u015faat makineleri, forkliftler, madencilik damperli kamyonlar\u0131 ve kanalizasyon makineleri i\u00e7in hidrolik silindirler tedarik ediyoruz. M\u00fc\u015fterilerimize ayr\u0131ca \u00f6zelle\u015ftirme hizmetleri de sunuyoruz.<\/p>\n<p><img decoding=\"async\" src=\"https:\/\/hzpt.com\/wp-content\/uploads\/2023\/12\/insert-5.webp\" alt=\"FMP Fabrikas\u0131\" title=\"\"><\/p>\n<h2>S\u0131k\u00e7a Sorulan Sorular<\/h2>\n<ol>\n<li>S: Bu hidrolik silindirlerin y\u00fck ta\u015f\u0131ma kapasitesi nedir?<br \/>\nA: Y\u00fck ta\u015f\u0131ma kapasitesi, modele ve uygulamaya ba\u011fl\u0131 olarak de\u011fi\u015fiklik g\u00f6stermektedir.<\/li>\n<li>S: Hidrolik ya\u011f\u0131n\u0131 ne s\u0131kl\u0131kla de\u011fi\u015ftirmeliyim?<br \/>\nA: Kullan\u0131ma g\u00f6re de\u011fi\u015fir ama genel olarak hidrolik ya\u011f\u0131n\u0131n 1-2 y\u0131lda bir de\u011fi\u015ftirilmesi gerekir.<\/li>\n<li>S: Hidrolik silindirimi nas\u0131l \u00f6l\u00e7erim?<br \/>\nA: \u00d6l\u00e7\u00fcmler silindir deli\u011finin \u00e7ap\u0131n\u0131, \u00e7ubuk \u00e7ap\u0131n\u0131 ve strok uzunlu\u011funu i\u00e7ermelidir.<\/li>\n<li>S: Hidrolik silindir nas\u0131l \u00e7al\u0131\u015f\u0131r?<br \/>\nA: Hidrolik silindir, hidrolik s\u0131v\u0131y\u0131 bas\u0131n\u00e7land\u0131rarak \u00e7al\u0131\u015f\u0131r ve bu s\u0131v\u0131 pistonu \u00e7al\u0131\u015ft\u0131rarak kuvvet ve hareket \u00fcretir.<\/li>\n<li>S: Hidrolik silindir sipari\u015fimi \u00f6zelle\u015ftirebilir miyim?<br \/>\nC: Evet, FMP m\u00fc\u015fterilerin \u00f6zel gereksinimlerini kar\u015f\u0131lamak i\u00e7in \u00f6zelle\u015ftirme hizmetleri sunmaktad\u0131r.<\/li>\n<\/ol>\n<p>Yazar:CX<\/p>","protected":false},"excerpt":{"rendered":"<p>The product with the model number 10028, the Cost Effective Hydraulic Piston Cylinder Tractor Hydraulic Cylinder, is a high-quality hydraulic cylinder designed specifically for tractors. This hydraulic cylinder is known for its cost-effectiveness and efficient performance. The Cost Effective Hydraulic Piston Cylinder Tractor Hydraulic Cylinder is built with precision and durability in mind. It is [&hellip;]<\/p>","protected":false},"featured_media":1127,"comment_status":"closed","ping_status":"closed","template":"","meta":{"_et_pb_use_builder":"","_et_pb_old_content":"","_et_gb_content_width":""},"product_brand":[],"product_cat":[36],"product_tag":[34,38],"class_list":{"0":"post-1036","1":"product","2":"type-product","3":"status-publish","4":"has-post-thumbnail","6":"product_cat-welded-clevis-type-cylinder","7":"product_tag-hydraulic-cylinder","8":"product_tag-welded-clevis-type-cylinder","10":"first","11":"instock","12":"product-type-simple"},"_links":{"self":[{"href":"https:\/\/fmp-components.com\/tr\/wp-json\/wp\/v2\/product\/1036","targetHints":{"allow":["GET"]}}],"collection":[{"href":"https:\/\/fmp-components.com\/tr\/wp-json\/wp\/v2\/product"}],"about":[{"href":"https:\/\/fmp-components.com\/tr\/wp-json\/wp\/v2\/types\/product"}],"replies":[{"embeddable":true,"href":"https:\/\/fmp-components.com\/tr\/wp-json\/wp\/v2\/comments?post=1036"}],"wp:featuredmedia":[{"embeddable":true,"href":"https:\/\/fmp-components.com\/tr\/wp-json\/wp\/v2\/media\/1127"}],"wp:attachment":[{"href":"https:\/\/fmp-components.com\/tr\/wp-json\/wp\/v2\/media?parent=1036"}],"wp:term":[{"taxonomy":"product_brand","embeddable":true,"href":"https:\/\/fmp-components.com\/tr\/wp-json\/wp\/v2\/product_brand?post=1036"},{"taxonomy":"product_cat","embeddable":true,"href":"https:\/\/fmp-components.com\/tr\/wp-json\/wp\/v2\/product_cat?post=1036"},{"taxonomy":"product_tag","embeddable":true,"href":"https:\/\/fmp-components.com\/tr\/wp-json\/wp\/v2\/product_tag?post=1036"}],"curies":[{"name":"wp","href":"https:\/\/api.w.org\/{rel}","templated":true}]}}