{"id":1034,"date":"2024-12-19T06:17:09","date_gmt":"2024-12-19T06:17:09","guid":{"rendered":"https:\/\/fmp-components.com\/product\/10026-hot-selling-agricultural-hydraulic-double-acting-cylinder-for-tractor\/"},"modified":"2024-12-26T08:51:35","modified_gmt":"2024-12-26T08:51:35","slug":"10026-hot-selling-agricultural-hydraulic-double-acting-cylinder-for-tractor","status":"publish","type":"product","link":"https:\/\/fmp-components.com\/tr\/product\/10026-hot-selling-agricultural-hydraulic-double-acting-cylinder-for-tractor\/","title":{"rendered":"Trakt\u00f6r \u0130\u00e7in 10026 S\u0131cak Sat\u0131\u015f Tar\u0131msal Hidrolik \u00c7ift Etkili Silindir"},"content":{"rendered":"<h2>\u00dcr\u00fcn 10026 Trakt\u00f6r \u0130\u00e7in S\u0131cak Sat\u0131\u015f Tar\u0131msal Hidrolik \u00c7ift Etkili Silindir:<\/h2>\n<p>10026 \u00c7ok Satan Tar\u0131msal Hidrolik \u00c7ift Etkili Silindir, trakt\u00f6rler i\u00e7in \u00f6zel olarak tasarlanm\u0131\u015f, y\u00fcksek kaliteli ve verimli bir hidrolik bile\u015fendir. Bu silindir, hassasiyet ve dayan\u0131kl\u0131l\u0131k g\u00f6z \u00f6n\u00fcnde bulundurularak \u00fcretilmi\u015ftir ve bu da onu tar\u0131msal uygulamalar i\u00e7in m\u00fckemmel bir se\u00e7im haline getirir.<\/p>\n<p>Temel \u00d6zellikler:<br \/>\n1. \u00c7ift Etkili Tasar\u0131m: Silindir hem itme hem de \u00e7ekme kuvvetlerini sa\u011flayacak \u015fekilde tasarlanm\u0131\u015ft\u0131r, bu da daha \u00e7ok y\u00f6nl\u00fc ve verimli bir \u00e7al\u0131\u015fmaya olanak tan\u0131r.<br \/>\n2. Hidrolik G\u00fc\u00e7: Hidrolik s\u0131v\u0131n\u0131n yard\u0131m\u0131yla bu silindir \u00f6nemli bir kuvvet \u00fcretebilir ve bu da onu a\u011f\u0131r i\u015fler i\u00e7in uygun hale getirir.<br \/>\n3. Sa\u011flam Yap\u0131: Silindir, zorlu tar\u0131m ortamlar\u0131na dayanacak \u015fekilde \u00fcretilmi\u015ftir ve zorlu ko\u015fullarda bile g\u00fcvenilir performans sa\u011flar.<br \/>\n4. Kolay Kurulum: Kolay kurulum i\u00e7in tasarlanan bu silindir, kapsaml\u0131 de\u011fi\u015fikliklere gerek kalmadan trakt\u00f6r sistemlerine h\u0131zla entegre edilebilir.<br \/>\n5. Geli\u015fmi\u015f Verimlilik: Bu silindir, g\u00fc\u00e7l\u00fc ve hassas hidrolik kuvvet sa\u011flayarak trakt\u00f6r operasyonlar\u0131n\u0131n genel verimlili\u011fini art\u0131r\u0131r, zamandan ve emekten tasarruf sa\u011flar.<\/p>\n<p>Uygulamalar:<br \/>\n10026 S\u0131cak Sat\u0131\u015f Tar\u0131msal Hidrolik \u00c7ift Etkili Silindir, a\u015fa\u011f\u0131dakiler de dahil olmak \u00fczere \u00e7e\u015fitli tar\u0131msal g\u00f6revler i\u00e7in idealdir:<br \/>\n1. Uygulamal\u0131 \u00e7al\u0131\u015fma: Pulluk, t\u0131rm\u0131k, toprak frezesi gibi ekipmanlar\u0131n \u00e7al\u0131\u015ft\u0131r\u0131lmas\u0131nda kullan\u0131labilir ve verimli toprak haz\u0131rl\u0131\u011f\u0131 i\u00e7in gerekli kuvveti sa\u011flar.<br \/>\n2. Kald\u0131rma ve indirme: Bu silindir a\u011f\u0131r y\u00fckleri kald\u0131rmak ve indirmek i\u00e7in kullan\u0131labilir, malzemelerin y\u00fcklenmesi ve bo\u015falt\u0131lmas\u0131 gibi g\u00f6revleri kolayla\u015ft\u0131r\u0131r.<br \/>\n3. Direksiyon yard\u0131m\u0131: Trakt\u00f6r\u00fcn direksiyon sistemiyle entegre olan bu silindir, geli\u015fmi\u015f direksiyon kontrol\u00fc sa\u011flayarak dar alanlarda manevra yapmay\u0131 kolayla\u015ft\u0131r\u0131r.<br \/>\n4. Di\u011fer tar\u0131msal uygulamalar: Tohum ekme, bitki ila\u00e7lama ve saman balyalama gibi hidrolik kuvvetin gerekli oldu\u011fu uygulamalarda da kullan\u0131labilir.<\/p>\n<p>Sonu\u00e7 olarak, 10026 S\u0131cak Sat\u0131\u015f Tar\u0131msal Hidrolik \u00c7ift Etkili Silindir, \u00e7e\u015fitli tar\u0131msal g\u00f6revlerde trakt\u00f6rlerin performans\u0131n\u0131 art\u0131ran g\u00fcvenilir ve verimli bir hidrolik bile\u015fendir. Sa\u011flam yap\u0131s\u0131 ve \u00e7ok y\u00f6nl\u00fc tasar\u0131m\u0131yla, tar\u0131m end\u00fcstrisindeki \u00e7ok \u00e7e\u015fitli uygulamalar i\u00e7in gerekli g\u00fcc\u00fc ve hassasiyeti sunar.<\/p>\n<p><img decoding=\"async\" src=\"https:\/\/hzpt.com\/wp-content\/uploads\/2023\/12\/insert-4.webp?v=1694163707\" alt=\"\" title=\"\"><\/p>\n<h2>Kaynakl\u0131 \u00c7atal Tip Silindirin Avantajlar\u0131<\/h2>\n<p>Kaynakl\u0131 \u00e7atal tipi silindirler, benzersiz avantajlar\u0131 ve avantajlar\u0131 nedeniyle bir\u00e7ok end\u00fcstriyel uygulama i\u00e7in pop\u00fcler bir tercihtir. Kaynakl\u0131 \u00e7atal tipi silindirlerin baz\u0131 temel avantajlar\u0131 \u015funlard\u0131r:<\/p>\n<h3>1. Artt\u0131r\u0131lm\u0131\u015f G\u00fc\u00e7 ve Dayan\u0131kl\u0131l\u0131k<\/h3>\n<p>Kaynakl\u0131 \u00e7atal tipi silindirler, di\u011fer silindir tiplerine k\u0131yasla daha fazla mukavemet ve dayan\u0131kl\u0131l\u0131k sa\u011flayan kaynakl\u0131 bir u\u00e7 kapa\u011f\u0131yla \u00fcretilir. Bu, onlar\u0131 y\u00fcksek mukavemet ve dayan\u0131kl\u0131l\u0131k gerektiren a\u011f\u0131r hizmet uygulamalar\u0131 i\u00e7in ideal hale getirir.<\/p>\n<p>Ayr\u0131ca, bu silindirlerin kaynakl\u0131 tasar\u0131m\u0131, s\u0131z\u0131nt\u0131 veya ar\u0131za olas\u0131l\u0131\u011f\u0131n\u0131n daha d\u00fc\u015f\u00fck olmas\u0131 anlam\u0131na gelir; bu da ar\u0131za s\u00fcresini ve bak\u0131m maliyetlerini azaltmaya yard\u0131mc\u0131 olabilir.<\/p>\n<h3>2. Y\u00fcksek Bas\u0131nc\u0131 Y\u00f6netme Yetene\u011fi<\/h3>\n<p>Kaynakl\u0131 \u00e7atal tipi silindirler, y\u00fcksek bas\u0131n\u00e7 uygulamalar\u0131na da uygundur ve bu da onlar\u0131 in\u015faat, madencilik, petrol ve gaz gibi sekt\u00f6rlerde pop\u00fcler bir tercih haline getirir. Y\u00fcksek bas\u0131n\u00e7la ba\u015fa \u00e7\u0131kabilme yetenekleri, zorlu ortamlarda g\u00fcvenilir performans sa\u011flar.<\/p>\n<h3>3. \u00d6zelle\u015ftirilebilir Tasar\u0131m<\/h3>\n<p>Kaynakl\u0131 \u00e7atal tipi silindirler, bir uygulaman\u0131n \u00f6zel ihtiya\u00e7lar\u0131n\u0131 kar\u015f\u0131layacak \u015fekilde \u00f6zel olarak tasarlanabilir. Bu, belirli bir boyut, \u015fekil veya performans gereksinimine uyacak \u015fekilde uyarlanabilecekleri anlam\u0131na gelir. \u00d6zelle\u015ftirilebilir tasar\u0131m, \u00fcretim s\u00fcrecinde daha fazla esneklik sa\u011flayarak maliyet tasarrufu sa\u011flayabilir.<\/p>\n<h3>4. Kolay Kurulum<\/h3>\n<p>Kaynakl\u0131 \u00e7atal tipi silindirler, kolay montaj i\u00e7in tasarlanm\u0131\u015ft\u0131r ve bu da kurulum s\u00fcresini ve i\u015f\u00e7ilik maliyetlerini azaltmaya yard\u0131mc\u0131 olur. Genellikle \u00f6nceden monte edilmi\u015f ve kutudan \u00e7\u0131kar \u00e7\u0131kmaz kullan\u0131ma haz\u0131rd\u0131rlar, bu da ek par\u00e7a veya bile\u015fen ihtiyac\u0131n\u0131 en aza indirir.<\/p>\n<h3>5. Geli\u015fmi\u015f Performans<\/h3>\n<p>Kaynakl\u0131 \u00e7atal tipi silindirlerin tasar\u0131m\u0131, di\u011fer silindir tiplerine k\u0131yasla daha iyi performans sa\u011flar. Bas\u0131n\u00e7 birimi ba\u015f\u0131na daha fazla kuvvet \u00fcretebilirler, bu da end\u00fcstriyel uygulamalarda verimlili\u011fi ve \u00fcretkenli\u011fi art\u0131rmaya yard\u0131mc\u0131 olabilir.<\/p>\n<p>Genel olarak, kaynakl\u0131 \u00e7atal tipi silindirler, onlar\u0131 bir\u00e7ok end\u00fcstriyel uygulama i\u00e7in pop\u00fcler bir tercih haline getiren bir dizi avantaj ve avantaj sunar. Art\u0131r\u0131lm\u0131\u015f mukavemet ve dayan\u0131kl\u0131l\u0131klar\u0131, y\u00fcksek bas\u0131nca dayanma kabiliyetleri, \u00f6zelle\u015ftirilebilir tasar\u0131mlar\u0131, kolay montajlar\u0131 ve geli\u015fmi\u015f performanslar\u0131, g\u00fcvenilirlik ve performans\u0131n \u00f6nemli oldu\u011fu zorlu ortamlar i\u00e7in onlar\u0131 ideal bir se\u00e7im haline getirir.<\/p>\n<p><img decoding=\"async\" src=\"https:\/\/hzpt.com\/wp-content\/uploads\/2023\/12\/insert-2.webp\" alt=\"\" title=\"\"><\/p>\n<h2>Kaynakl\u0131 \u00c7atal Tip Silindir Uygulamas\u0131<\/h2>\n<ul>\n<li><strong>End\u00fcstriyel Makineler:<\/strong> Kaynakl\u0131 \u00c7atal Tipi Silindirler, a\u011f\u0131r hizmet tipi uygulamalar i\u00e7in \u00e7e\u015fitli end\u00fcstriyel makinelerde yayg\u0131n olarak kullan\u0131lmaktad\u0131r. Bu silindirler, makinelerdeki bile\u015fenleri kald\u0131rmak ve preslemek i\u00e7in y\u00fcksek kuvvet \u00e7\u0131k\u0131\u015f\u0131 \u00fcretebilir. Kaynakl\u0131 \u00e7atal tasar\u0131m\u0131, kolay kurulum ve verimli \u00e7al\u0131\u015fma sa\u011flayarak \u00fcreticiler aras\u0131nda pop\u00fcler bir tercih haline getirir.\n<ul>\n<li>\u00dcretim sekt\u00f6r\u00fcnde Kaynakl\u0131 Kelep\u00e7e Tipi Silindirler, metal saclar\u0131n \u015fekillendirilmesi ve \u015fekillendirilmesi i\u00e7in gerekli kuvveti sa\u011flamak amac\u0131yla hidrolik preslerde, enjeksiyon kal\u0131plama makinelerinde ve metal damgalama ekipmanlar\u0131nda kullan\u0131l\u0131r.<\/li>\n<li>Otomotiv end\u00fcstrisinde bu silindirler, \u00fcretim s\u00fcrecinde a\u011f\u0131r par\u00e7alar\u0131 kald\u0131rmak i\u00e7in ara\u00e7 krikolar\u0131nda, kald\u0131r\u0131c\u0131larda ve montaj makinelerinde kullan\u0131l\u0131r.<\/li>\n<li>\u0130n\u015faat sekt\u00f6r\u00fcnde Kaynakl\u0131 Kelep\u00e7e Tipi Silindirler, a\u011f\u0131r y\u00fckleri kald\u0131ran ve hareket ettiren hidrolik sistemlere g\u00fc\u00e7 sa\u011flamak i\u00e7in vin\u00e7lerde, ekskavat\u00f6rlerde ve buldozerlerde kullan\u0131l\u0131r.<\/li>\n<\/ul>\n<\/li>\n<li><strong>Tar\u0131m Makinalar\u0131:<\/strong> Tar\u0131m makineleri, Kaynakl\u0131 \u00c7atal Tip Silindirlerin en \u00e7ok kullan\u0131ld\u0131\u011f\u0131 alanlardan biridir. Bu silindirler, trakt\u00f6rler, bi\u00e7erd\u00f6verler ve sabanlar dahil olmak \u00fczere \u00e7e\u015fitli tar\u0131m makinelerinde toprak haz\u0131rlama, ekim ve hasat i\u00e7in gerekli kuvveti sa\u011flamak amac\u0131yla kullan\u0131l\u0131r.\n<ul>\n<li>Tar\u0131m sekt\u00f6r\u00fcnde Kaynakl\u0131 \u00c7atal Tip Silindirler, toprak haz\u0131rl\u0131\u011f\u0131 ve tohum ekimi i\u00e7in gerekli kuvveti sa\u011flamak amac\u0131yla pulluk, k\u00fcltivat\u00f6r ve tohum ekim makinelerinde kullan\u0131l\u0131r.<\/li>\n<li>Hasat end\u00fcstrisinde bu silindirler, hasat makinelerinde, balya makinelerinde ve bi\u00e7me makinelerinde, mahsul\u00fc toplayan ve ta\u015f\u0131yan hidrolik sistemlere g\u00fc\u00e7 sa\u011flamak i\u00e7in kullan\u0131l\u0131r.<\/li>\n<\/ul>\n<\/li>\n<li><strong>Havac\u0131l\u0131k ve Savunma:<\/strong> Kaynakl\u0131 Kelep\u00e7e Tipi Silindirler havac\u0131l\u0131k ve savunma sanayinde de kullan\u0131lmakta olup, u\u00e7aklar, roketler, f\u00fczeler ve savunma sistemleri gibi geni\u015f bir uygulama yelpazesinde kullan\u0131lmaktad\u0131r.\n<ul>\n<li>Havac\u0131l\u0131k ve uzay end\u00fcstrisinde Kaynakl\u0131 Kelep\u00e7e Tipi Silindirler, u\u00e7ak ini\u015f tak\u0131mlar\u0131nda, kanat\u00e7\u0131klarda ve frenlerde kalk\u0131\u015f ve ini\u015f i\u00e7in gerekli kuvveti sa\u011flamak amac\u0131yla kullan\u0131l\u0131r.<\/li>\n<li>Savunma sanayinde bu silindirler f\u00fcze f\u0131rlat\u0131c\u0131lar\u0131nda, silah taretlerinde ve tank sistemlerinde silah ve m\u00fchimmat\u0131n hareketini kontrol eden hidrolik sistemlere g\u00fc\u00e7 sa\u011flamak i\u00e7in kullan\u0131l\u0131r.<\/li>\n<\/ul>\n<\/li>\n<li><strong>Denizcilik End\u00fcstrisi:<\/strong> Kaynakl\u0131 Kelep\u00e7e Tipi Silindirler denizcilik sekt\u00f6r\u00fcnde de yayg\u0131n olarak kullan\u0131lmakta olup gemiler, tekneler ve su alt\u0131 ara\u00e7lar\u0131 i\u00e7in \u00e7e\u015fitli uygulamalarda kullan\u0131lmaktad\u0131r.\n<ul>\n<li>Denizcilik sekt\u00f6r\u00fcnde Kaynakl\u0131 Kelep\u00e7e Tipi Silindirler, vin\u00e7lerde, vin\u00e7lerde ve kargo elle\u00e7leme ekipmanlar\u0131nda kargo y\u00fckleme ve bo\u015faltma i\u00e7in gerekli kuvveti sa\u011flamak amac\u0131yla kullan\u0131l\u0131r.<\/li>\n<li>Teknecilik sekt\u00f6r\u00fcnde bu silindirler, teknelerin ve gemilerin hareketini kontrol etmek i\u00e7in gerekli kuvveti sa\u011flamak amac\u0131yla d\u00fcmen sistemlerinde, pervanelerde ve \u00e7apa sistemlerinde kullan\u0131l\u0131r.<\/li>\n<li>Sualt\u0131 ara\u00e7 sekt\u00f6r\u00fcnde Kaynakl\u0131 Kelep\u00e7e Tipi Silindirler, su alt\u0131 operasyonlar\u0131 i\u00e7in gerekli kuvveti sa\u011flamak amac\u0131yla dalg\u0131\u00e7larda, uzaktan kumandal\u0131 ara\u00e7larda (ROV) ve dal\u0131\u015f ekipmanlar\u0131nda kullan\u0131l\u0131r.<\/li>\n<\/ul>\n<\/li>\n<li><strong>Madencilik End\u00fcstrisi:<\/strong> Kaynakl\u0131 Kelep\u00e7e Tipi Silindirler ayr\u0131ca madencilik sekt\u00f6r\u00fcnde de kullan\u0131l\u0131r ve mineral \u00e7\u0131karma ve malzeme ta\u015f\u0131ma gibi \u00e7e\u015fitli uygulamalarda kullan\u0131l\u0131r.\n<ul>\n<li>Madencilik sekt\u00f6r\u00fcnde Kaynakl\u0131 Kelep\u00e7e Tipi Silindirler, konvey\u00f6r sistemlerinde, sondaj makinelerinde ve hidrolik kep\u00e7elerde maden ve ta\u015f ocaklar\u0131ndan mineral ve malzemelerin \u00e7\u0131kar\u0131lmas\u0131 i\u00e7in gerekli kuvveti sa\u011flamak amac\u0131yla kullan\u0131l\u0131r.<\/li>\n<\/ul>\n<\/li>\n<\/ul>\n<h2>Hidrolik Ya\u011f ve Ke\u00e7eler Nas\u0131l Se\u00e7ilir ve De\u011fi\u015ftirilir?<\/h2>\n<p>Do\u011fru hidrolik ya\u011f ve conta se\u00e7imi, \u00e7al\u0131\u015fma ko\u015fullar\u0131na ve \u00fcreticinin \u00f6nerilerine ba\u011fl\u0131d\u0131r. Zaman\u0131nda de\u011fi\u015fim i\u00e7in d\u00fczenli kontrol gereklidir.<\/p>\n<h2>\u015eirket ve \u00dcr\u00fcn Tan\u0131t\u0131m\u0131<\/h2>\n<p>FMP, \u0130talya'n\u0131n \u00f6nde gelen hidrolik silindir tedarik\u00e7ilerinden biridir. \u00dcr\u00fcn yelpazemizde hidrolik devirme silindirleri, hidrolik direksiyon silindirleri ve hidrolik kald\u0131rma silindirleri bulunmaktad\u0131r. 200.000 set \u00fcretim kapasitemizle, 300 set \u00e7e\u015fitli otomatik CNC \u00fcretim ekipman\u0131 ve tam otomatik hidrolik silindir montaj ekipman\u0131m\u0131z bulunmaktad\u0131r.<\/p>\n<p>FMP olarak, uygun fiyatlarla kaliteli \u00fcr\u00fcnler ve ola\u011fan\u00fcst\u00fc m\u00fc\u015fteri hizmetleri sunmaktan gurur duyuyoruz. Ayr\u0131ca, hava \u00e7al\u0131\u015fma platformu silindirleri, end\u00fcstriyel ara\u00e7 hidrolik silindirleri, d\u00f6ner sondaj kulesi silindirleri, kamyon vin\u00e7 silindirleri, in\u015faat makineleri hidrolik silindirleri de tedarik ediyoruz. <b>Forklift Hidrolik Silindirleri<\/b>, maden damperli kamyon silindirleri, s\u0131hhi tesisat makineleri hidrolik silindirleri. \u00d6zel sipari\u015fler memnuniyetle kar\u015f\u0131lan\u0131r.<\/p>\n<p><img decoding=\"async\" src=\"https:\/\/hzpt.com\/wp-content\/uploads\/2023\/12\/insert-5.webp\" alt=\"Fabrikam\u0131z\" title=\"\"><\/p>\n<h2>S\u0131k\u00e7a Sorulan Sorular<\/h2>\n<h3>FMP Hidrolik \u00c7ift Etkili Silindirin garanti s\u00fcresi nedir?<\/h3>\n<p>\u00dcr\u00fcn\u00fcm\u00fcz\u00fcn garanti s\u00fcresi bir y\u0131ld\u0131r.<\/p>\n<h3>\u00d6zel yap\u0131m Hidrolik \u00c7ift Etkili Silindir alabilir miyim?<\/h3>\n<p>Evet, \u00f6zel gereksinimleri kar\u015f\u0131lamak i\u00e7in \u00f6zelle\u015ftirme imkan\u0131 sunuyoruz.<\/p>\n<h3>Teslimat s\u00fcresi nedir?<\/h3>\n<p>Sipari\u015f miktar\u0131na ve \u00f6zelle\u015ftirmeye ba\u011fl\u0131 olarak teslim s\u00fcresi de\u011fi\u015fmektedir.<\/p>\n<h3>Teknik destek sa\u011fl\u0131yor musunuz?<\/h3>\n<p>Evet, m\u00fc\u015fterilerimize kapsaml\u0131 teknik destek sunuyoruz.<\/p>\n<h3>Hidrolik ya\u011f\u0131n\u0131 ne s\u0131kl\u0131kla de\u011fi\u015ftirmeliyim?<\/h3>\n<p>Hidrolik ya\u011f, \u00fcreticinin talimatlar\u0131na g\u00f6re veya ya\u011f\u0131n kirlenmesi durumunda de\u011fi\u015ftirilmelidir.<\/p>\n<p>Yazar:CX<\/p>","protected":false},"excerpt":{"rendered":"<p>Product 10026 Hot Selling Agricultural Hydraulic Double Acting Cylinder For Tractor: The 10026 Hot Selling Agricultural Hydraulic Double Acting Cylinder is a high-quality and efficient hydraulic component specifically designed for tractors. This cylinder is built with precision and durability in mind, making it an excellent choice for agricultural applications. Key Features: 1. Double Acting Design: [&hellip;]<\/p>","protected":false},"featured_media":1127,"comment_status":"closed","ping_status":"closed","template":"","meta":{"_et_pb_use_builder":"","_et_pb_old_content":"","_et_gb_content_width":""},"product_brand":[],"product_cat":[36],"product_tag":[34,38],"class_list":{"0":"post-1034","1":"product","2":"type-product","3":"status-publish","4":"has-post-thumbnail","6":"product_cat-welded-clevis-type-cylinder","7":"product_tag-hydraulic-cylinder","8":"product_tag-welded-clevis-type-cylinder","10":"first","11":"instock","12":"product-type-simple"},"_links":{"self":[{"href":"https:\/\/fmp-components.com\/tr\/wp-json\/wp\/v2\/product\/1034","targetHints":{"allow":["GET"]}}],"collection":[{"href":"https:\/\/fmp-components.com\/tr\/wp-json\/wp\/v2\/product"}],"about":[{"href":"https:\/\/fmp-components.com\/tr\/wp-json\/wp\/v2\/types\/product"}],"replies":[{"embeddable":true,"href":"https:\/\/fmp-components.com\/tr\/wp-json\/wp\/v2\/comments?post=1034"}],"wp:featuredmedia":[{"embeddable":true,"href":"https:\/\/fmp-components.com\/tr\/wp-json\/wp\/v2\/media\/1127"}],"wp:attachment":[{"href":"https:\/\/fmp-components.com\/tr\/wp-json\/wp\/v2\/media?parent=1034"}],"wp:term":[{"taxonomy":"product_brand","embeddable":true,"href":"https:\/\/fmp-components.com\/tr\/wp-json\/wp\/v2\/product_brand?post=1034"},{"taxonomy":"product_cat","embeddable":true,"href":"https:\/\/fmp-components.com\/tr\/wp-json\/wp\/v2\/product_cat?post=1034"},{"taxonomy":"product_tag","embeddable":true,"href":"https:\/\/fmp-components.com\/tr\/wp-json\/wp\/v2\/product_tag?post=1034"}],"curies":[{"name":"wp","href":"https:\/\/api.w.org\/{rel}","templated":true}]}}