{"id":1032,"date":"2024-12-19T06:17:09","date_gmt":"2024-12-19T06:17:09","guid":{"rendered":"https:\/\/fmp-components.com\/product\/10024-quality-assurance-double-acting-hydraulic-cylinder-for-agriculture\/"},"modified":"2024-12-24T00:39:37","modified_gmt":"2024-12-24T00:39:37","slug":"10024-quality-assurance-double-acting-hydraulic-cylinder-for-agriculture","status":"publish","type":"product","link":"https:\/\/fmp-components.com\/tr\/product\/10024-quality-assurance-double-acting-hydraulic-cylinder-for-agriculture\/","title":{"rendered":"10024 Tar\u0131m \u0130\u00e7in Kalite G\u00fcvenceli \u00c7ift Etkili Hidrolik Silindir"},"content":{"rendered":"<h2>\u00dcr\u00fcn Tan\u0131t\u0131m\u0131: Tar\u0131m \u0130\u00e7in 10024 Kalite G\u00fcvenceli \u00c7ift Etkili Hidrolik Silindir<\/h2>\n<p>Tar\u0131m i\u00e7in 10024 Kalite G\u00fcvenceli \u00c7ift Etkili Hidrolik Silindir, \u00f6zellikle tar\u0131msal uygulamalarda kullan\u0131lmak \u00fczere tasarlanm\u0131\u015f birinci s\u0131n\u0131f bir \u00fcr\u00fcnd\u00fcr. Ola\u011fan\u00fcst\u00fc kalitesi ve g\u00fcvenilir performans\u0131yla bu hidrolik silindir, verimlilik ve \u00fcretkenlik arayan \u00e7ift\u00e7iler ve tar\u0131m profesyonelleri i\u00e7in olmazsa olmazd\u0131r.<\/p>\n<p>Bu hidrolik silindir, hem uzatma hem de geri \u00e7ekme kabiliyeti sunan \u00e7ift etkili bir tasar\u0131ma sahiptir. Bu i\u015flevsellik, kullan\u0131c\u0131lar\u0131n tar\u0131m makinelerini kolay ve hassas bir \u015fekilde \u00e7al\u0131\u015ft\u0131rmas\u0131n\u0131 sa\u011flayarak p\u00fcr\u00fczs\u00fcz ve hassas hareketler sa\u011flar. Trakt\u00f6rlerde, bi\u00e7erd\u00f6verlerde veya di\u011fer tar\u0131m ekipmanlar\u0131nda kullan\u0131lmas\u0131 fark etmeksizin, bu hidrolik silindir optimum performans ve \u00fcretkenlik sa\u011flar.<\/p>\n<p>10024 Kalite G\u00fcvenceli Tar\u0131msal \u00c7ift Etkili Hidrolik Silindir'in en \u00f6nemli \u00f6zelliklerinden biri \u00fcst\u00fcn kalitesidir. End\u00fcstri standartlar\u0131n\u0131 kar\u015f\u0131lad\u0131\u011f\u0131ndan ve a\u015ft\u0131\u011f\u0131ndan emin olmak i\u00e7in titiz bir kalite g\u00fcvence s\u00fcrecinden ge\u00e7er. Bu, silindirin dayan\u0131kl\u0131, g\u00fcvenilir ve zorlu tar\u0131msal ortam ko\u015fullar\u0131na dayan\u0131kl\u0131 olmas\u0131n\u0131 garanti eder.<\/p>\n<p>Ayr\u0131ca, bu hidrolik silindir, performans\u0131n\u0131 art\u0131rmak i\u00e7in geli\u015fmi\u015f \u00f6zelliklerle tasarlanm\u0131\u015ft\u0131r. Ola\u011fan\u00fcst\u00fc i\u015flevsellik ve uzun \u00f6m\u00fcr sa\u011flamak i\u00e7in y\u00fcksek kaliteli malzemeler, hassas i\u015fleme ve yenilik\u00e7i s\u0131zd\u0131rmazl\u0131k teknolojisini b\u00fcnyesinde bar\u0131nd\u0131r\u0131r. Sa\u011flam yap\u0131s\u0131, a\u015f\u0131nmaya, korozyona ve s\u0131z\u0131nt\u0131ya kar\u015f\u0131 diren\u00e7 sa\u011flayarak sahada uzun s\u00fcreli kullan\u0131m i\u00e7in uygundur.<\/p>\n<p>Tar\u0131m i\u00e7in 10024 Kalite G\u00fcvenceli \u00c7ift Etkili Hidrolik Silindir, \u00e7e\u015fitli tar\u0131m makineleri ve ekipmanlar\u0131yla uyumluluk sa\u011flayarak olduk\u00e7a \u00e7ok y\u00f6nl\u00fcd\u00fcr. Standart tasar\u0131m\u0131, mevcut sistemlere kolay entegrasyon sa\u011flayarak kurulum s\u00fcresini ve zahmetini azalt\u0131r. Ayr\u0131ca, farkl\u0131 boyut ve konfig\u00fcrasyonlarda mevcut olup, \u00f6zel tar\u0131msal ihtiya\u00e7lara uygun se\u00e7enekler sunar.<\/p>\n<p>Sonu\u00e7 olarak, 10024 Kalite G\u00fcvenceli \u00c7ift Etkili Tar\u0131m Hidrolik Silindiri, ola\u011fan\u00fcst\u00fc kalite, g\u00fcvenilirlik ve \u00e7ok y\u00f6nl\u00fcl\u00fc\u011f\u00fc bir araya getiren \u00fcst\u00fcn bir \u00fcr\u00fcnd\u00fcr. Geli\u015fmi\u015f \u00f6zellikleri ve sa\u011flam yap\u0131s\u0131yla bu hidrolik silindir, makinelerinde optimum performans ve verimlilik arayan \u00e7ift\u00e7iler ve tar\u0131m profesyonelleri i\u00e7in ideal bir se\u00e7imdir. Tar\u0131msal faaliyetlerinizde yaratabilece\u011fi fark\u0131 deneyimleyin ve verimlili\u011finizi yeni seviyelere ta\u015f\u0131y\u0131n.<\/p>\n<p><img decoding=\"async\" src=\"https:\/\/hzpt.com\/wp-content\/uploads\/2023\/12\/insert-3.webp\" alt=\"\" title=\"\"><\/p>\n<h2>Kaynakl\u0131 \u00c7atal Tip Silindirin Avantajlar\u0131<\/h2>\n<p>Kaynakl\u0131 \u00e7atal tipi silindirler, benzersiz avantajlar\u0131 ve avantajlar\u0131 nedeniyle bir\u00e7ok end\u00fcstriyel uygulama i\u00e7in pop\u00fcler bir tercihtir. Kaynakl\u0131 \u00e7atal tipi silindirlerin baz\u0131 temel avantajlar\u0131 \u015funlard\u0131r:<\/p>\n<h3>1. Artt\u0131r\u0131lm\u0131\u015f G\u00fc\u00e7 ve Dayan\u0131kl\u0131l\u0131k<\/h3>\n<p>Kaynakl\u0131 \u00e7atal tipi silindirler, di\u011fer silindir tiplerine k\u0131yasla daha fazla mukavemet ve dayan\u0131kl\u0131l\u0131k sa\u011flayan kaynakl\u0131 bir u\u00e7 kapa\u011f\u0131yla \u00fcretilir. Bu, onlar\u0131 y\u00fcksek mukavemet ve dayan\u0131kl\u0131l\u0131k gerektiren a\u011f\u0131r hizmet uygulamalar\u0131 i\u00e7in ideal hale getirir.<\/p>\n<p>Ayr\u0131ca, bu silindirlerin kaynakl\u0131 tasar\u0131m\u0131, s\u0131z\u0131nt\u0131 veya ar\u0131za olas\u0131l\u0131\u011f\u0131n\u0131n daha d\u00fc\u015f\u00fck olmas\u0131 anlam\u0131na gelir; bu da ar\u0131za s\u00fcresini ve bak\u0131m maliyetlerini azaltmaya yard\u0131mc\u0131 olabilir.<\/p>\n<h3>2. Y\u00fcksek Bas\u0131nc\u0131 Y\u00f6netme Yetene\u011fi<\/h3>\n<p>Kaynakl\u0131 \u00e7atal tipi silindirler, y\u00fcksek bas\u0131n\u00e7 uygulamalar\u0131na da uygundur ve bu da onlar\u0131 in\u015faat, madencilik, petrol ve gaz gibi sekt\u00f6rlerde pop\u00fcler bir tercih haline getirir. Y\u00fcksek bas\u0131n\u00e7la ba\u015fa \u00e7\u0131kabilme yetenekleri, zorlu ortamlarda g\u00fcvenilir performans sa\u011flar.<\/p>\n<h3>3. \u00d6zelle\u015ftirilebilir Tasar\u0131m<\/h3>\n<p>Kaynakl\u0131 \u00e7atal tipi silindirler, bir uygulaman\u0131n \u00f6zel ihtiya\u00e7lar\u0131n\u0131 kar\u015f\u0131layacak \u015fekilde \u00f6zel olarak tasarlanabilir. Bu, belirli bir boyut, \u015fekil veya performans gereksinimine uyacak \u015fekilde uyarlanabilecekleri anlam\u0131na gelir. \u00d6zelle\u015ftirilebilir tasar\u0131m, \u00fcretim s\u00fcrecinde daha fazla esneklik sa\u011flayarak maliyet tasarrufu sa\u011flayabilir.<\/p>\n<h3>4. Kolay Kurulum<\/h3>\n<p>Kaynakl\u0131 \u00e7atal tipi silindirler, kolay montaj i\u00e7in tasarlanm\u0131\u015ft\u0131r ve bu da kurulum s\u00fcresini ve i\u015f\u00e7ilik maliyetlerini azaltmaya yard\u0131mc\u0131 olur. Genellikle \u00f6nceden monte edilmi\u015f ve kutudan \u00e7\u0131kar \u00e7\u0131kmaz kullan\u0131ma haz\u0131rd\u0131rlar, bu da ek par\u00e7a veya bile\u015fen ihtiyac\u0131n\u0131 en aza indirir.<\/p>\n<h3>5. Geli\u015fmi\u015f Performans<\/h3>\n<p>Kaynakl\u0131 \u00e7atal tipi silindirlerin tasar\u0131m\u0131, di\u011fer silindir tiplerine k\u0131yasla daha iyi performans sa\u011flar. Bas\u0131n\u00e7 birimi ba\u015f\u0131na daha fazla kuvvet \u00fcretebilirler, bu da end\u00fcstriyel uygulamalarda verimlili\u011fi ve \u00fcretkenli\u011fi art\u0131rmaya yard\u0131mc\u0131 olabilir.<\/p>\n<p>Genel olarak, kaynakl\u0131 \u00e7atal tipi silindirler, onlar\u0131 bir\u00e7ok end\u00fcstriyel uygulama i\u00e7in pop\u00fcler bir tercih haline getiren bir dizi avantaj ve avantaj sunar. Art\u0131r\u0131lm\u0131\u015f mukavemet ve dayan\u0131kl\u0131l\u0131klar\u0131, y\u00fcksek bas\u0131nca dayanma kabiliyetleri, \u00f6zelle\u015ftirilebilir tasar\u0131mlar\u0131, kolay montajlar\u0131 ve geli\u015fmi\u015f performanslar\u0131, g\u00fcvenilirlik ve performans\u0131n \u00f6nemli oldu\u011fu zorlu ortamlar i\u00e7in onlar\u0131 ideal bir se\u00e7im haline getirir.<\/p>\n<p><img decoding=\"async\" src=\"https:\/\/hzpt.com\/wp-content\/uploads\/2023\/12\/insert-2.webp\" alt=\"\" title=\"\"><\/p>\n<h2>Kaynakl\u0131 \u00c7atal Tip Silindir Uygulamas\u0131<\/h2>\n<ul>\n<li><strong>End\u00fcstriyel Makineler:<\/strong> Kaynakl\u0131 \u00c7atal Tipi Silindirler, a\u011f\u0131r hizmet tipi uygulamalar i\u00e7in \u00e7e\u015fitli end\u00fcstriyel makinelerde yayg\u0131n olarak kullan\u0131lmaktad\u0131r. Bu silindirler, makinelerdeki bile\u015fenleri kald\u0131rmak ve preslemek i\u00e7in y\u00fcksek kuvvet \u00e7\u0131k\u0131\u015f\u0131 \u00fcretebilir. Kaynakl\u0131 \u00e7atal tasar\u0131m\u0131, kolay kurulum ve verimli \u00e7al\u0131\u015fma sa\u011flayarak \u00fcreticiler aras\u0131nda pop\u00fcler bir tercih haline getirir.\n<ul>\n<li>\u00dcretim sekt\u00f6r\u00fcnde Kaynakl\u0131 Kelep\u00e7e Tipi Silindirler, metal saclar\u0131n \u015fekillendirilmesi ve \u015fekillendirilmesi i\u00e7in gerekli kuvveti sa\u011flamak amac\u0131yla hidrolik preslerde, enjeksiyon kal\u0131plama makinelerinde ve metal damgalama ekipmanlar\u0131nda kullan\u0131l\u0131r.<\/li>\n<li>Otomotiv end\u00fcstrisinde bu silindirler, \u00fcretim s\u00fcrecinde a\u011f\u0131r par\u00e7alar\u0131 kald\u0131rmak i\u00e7in ara\u00e7 krikolar\u0131nda, kald\u0131r\u0131c\u0131larda ve montaj makinelerinde kullan\u0131l\u0131r.<\/li>\n<li>\u0130n\u015faat sekt\u00f6r\u00fcnde Kaynakl\u0131 Kelep\u00e7e Tipi Silindirler, a\u011f\u0131r y\u00fckleri kald\u0131ran ve hareket ettiren hidrolik sistemlere g\u00fc\u00e7 sa\u011flamak i\u00e7in vin\u00e7lerde, ekskavat\u00f6rlerde ve buldozerlerde kullan\u0131l\u0131r.<\/li>\n<\/ul>\n<\/li>\n<li><strong>Tar\u0131m Makinalar\u0131:<\/strong> Tar\u0131m makineleri, Kaynakl\u0131 \u00c7atal Tip Silindirlerin en \u00e7ok kullan\u0131ld\u0131\u011f\u0131 alanlardan biridir. Bu silindirler, trakt\u00f6rler, bi\u00e7erd\u00f6verler ve sabanlar dahil olmak \u00fczere \u00e7e\u015fitli tar\u0131m makinelerinde toprak haz\u0131rlama, ekim ve hasat i\u00e7in gerekli kuvveti sa\u011flamak amac\u0131yla kullan\u0131l\u0131r.\n<ul>\n<li>Tar\u0131m sekt\u00f6r\u00fcnde Kaynakl\u0131 \u00c7atal Tip Silindirler, toprak haz\u0131rl\u0131\u011f\u0131 ve tohum ekimi i\u00e7in gerekli kuvveti sa\u011flamak amac\u0131yla pulluk, k\u00fcltivat\u00f6r ve tohum ekim makinelerinde kullan\u0131l\u0131r.<\/li>\n<li>Hasat end\u00fcstrisinde bu silindirler, hasat makinelerinde, balya makinelerinde ve bi\u00e7me makinelerinde, mahsul\u00fc toplayan ve ta\u015f\u0131yan hidrolik sistemlere g\u00fc\u00e7 sa\u011flamak i\u00e7in kullan\u0131l\u0131r.<\/li>\n<\/ul>\n<\/li>\n<li><strong>Havac\u0131l\u0131k ve Savunma:<\/strong> Kaynakl\u0131 Kelep\u00e7e Tipi Silindirler havac\u0131l\u0131k ve savunma sanayinde de kullan\u0131lmakta olup, u\u00e7aklar, roketler, f\u00fczeler ve savunma sistemleri gibi geni\u015f bir uygulama yelpazesinde kullan\u0131lmaktad\u0131r.\n<ul>\n<li>Havac\u0131l\u0131k ve uzay end\u00fcstrisinde Kaynakl\u0131 Kelep\u00e7e Tipi Silindirler, u\u00e7ak ini\u015f tak\u0131mlar\u0131nda, kanat\u00e7\u0131klarda ve frenlerde kalk\u0131\u015f ve ini\u015f i\u00e7in gerekli kuvveti sa\u011flamak amac\u0131yla kullan\u0131l\u0131r.<\/li>\n<li>Savunma sanayinde bu silindirler f\u00fcze f\u0131rlat\u0131c\u0131lar\u0131nda, silah taretlerinde ve tank sistemlerinde silah ve m\u00fchimmat\u0131n hareketini kontrol eden hidrolik sistemlere g\u00fc\u00e7 sa\u011flamak i\u00e7in kullan\u0131l\u0131r.<\/li>\n<\/ul>\n<\/li>\n<li><strong>Denizcilik End\u00fcstrisi:<\/strong> Kaynakl\u0131 Kelep\u00e7e Tipi Silindirler denizcilik sekt\u00f6r\u00fcnde de yayg\u0131n olarak kullan\u0131lmakta olup gemiler, tekneler ve su alt\u0131 ara\u00e7lar\u0131 i\u00e7in \u00e7e\u015fitli uygulamalarda kullan\u0131lmaktad\u0131r.\n<ul>\n<li>Denizcilik sekt\u00f6r\u00fcnde Kaynakl\u0131 Kelep\u00e7e Tipi Silindirler, vin\u00e7lerde, vin\u00e7lerde ve kargo elle\u00e7leme ekipmanlar\u0131nda kargo y\u00fckleme ve bo\u015faltma i\u00e7in gerekli kuvveti sa\u011flamak amac\u0131yla kullan\u0131l\u0131r.<\/li>\n<li>Teknecilik sekt\u00f6r\u00fcnde bu silindirler, teknelerin ve gemilerin hareketini kontrol etmek i\u00e7in gerekli kuvveti sa\u011flamak amac\u0131yla d\u00fcmen sistemlerinde, pervanelerde ve \u00e7apa sistemlerinde kullan\u0131l\u0131r.<\/li>\n<li>Sualt\u0131 ara\u00e7 sekt\u00f6r\u00fcnde Kaynakl\u0131 Kelep\u00e7e Tipi Silindirler, su alt\u0131 operasyonlar\u0131 i\u00e7in gerekli kuvveti sa\u011flamak amac\u0131yla dalg\u0131\u00e7larda, uzaktan kumandal\u0131 ara\u00e7larda (ROV) ve dal\u0131\u015f ekipmanlar\u0131nda kullan\u0131l\u0131r.<\/li>\n<\/ul>\n<\/li>\n<li><strong>Madencilik End\u00fcstrisi:<\/strong> Kaynakl\u0131 Kelep\u00e7e Tipi Silindirler ayr\u0131ca madencilik sekt\u00f6r\u00fcnde de kullan\u0131l\u0131r ve mineral \u00e7\u0131karma ve malzeme ta\u015f\u0131ma gibi \u00e7e\u015fitli uygulamalarda kullan\u0131l\u0131r.\n<ul>\n<li>Madencilik sekt\u00f6r\u00fcnde Kaynakl\u0131 Kelep\u00e7e Tipi Silindirler, konvey\u00f6r sistemlerinde, sondaj makinelerinde ve hidrolik kep\u00e7elerde maden ve ta\u015f ocaklar\u0131ndan mineral ve malzemelerin \u00e7\u0131kar\u0131lmas\u0131 i\u00e7in gerekli kuvveti sa\u011flamak amac\u0131yla kullan\u0131l\u0131r.<\/li>\n<\/ul>\n<\/li>\n<\/ul>\n<h2>FMP Hakk\u0131nda<\/h2>\n<p>FMP, \u0130talya'da hidrolik silindir pazar\u0131nda lider konumdad\u0131r. 200.000 set tasar\u0131m kapasitesi ve 300 set tam otomatik CNC \u00fcretim ekipman\u0131yla, hidrolik devirme silindirleri, hidrolik direksiyon silindirleri ve hidrolik kald\u0131rma silindirleri de dahil olmak \u00fczere \u00e7e\u015fitli hidrolik silindirler sunuyoruz.<\/p>\n<p><img decoding=\"async\" src=\"https:\/\/hzpt.com\/wp-content\/uploads\/2023\/12\/insert-5.webp\" alt=\"FMP fabrikas\u0131\" title=\"\"><\/p>\n<h2>SSS<\/h2>\n<ol>\n<li>Hidrolik silindirin boyutlar\u0131 nelerdir? \u2013 Her \u00f6l\u00e7\u00fcye g\u00f6re \u00f6zelle\u015ftirilebilir.<\/li>\n<li>Silindirin y\u00fck ta\u015f\u0131ma kapasitesi nedir? \u2013 A\u011f\u0131r hizmet tipi tar\u0131msal kullan\u0131ma uygun olarak tasarlanm\u0131\u015ft\u0131r.<\/li>\n<li>Hidrolik silindirin benzersiz \u00f6zellikleri nelerdir? \u2013 Enerji verimlili\u011fi, y\u00fcksek performans ve g\u00fcvenlik.<\/li>\n<li>Hidrolik sistemin \u00e7al\u0131\u015fma prensibi nedir? \u2013 Hidrolik sistem ak\u0131\u015fkanlar mekani\u011fi prensibine g\u00f6re \u00e7al\u0131\u015f\u0131r.<\/li>\n<li>Bu hidrolik silindiri nerelerde kullanabilirim? \u2013 \u00c7e\u015fitli tar\u0131m makinelerinde yayg\u0131n olarak kullan\u0131lmaktad\u0131r.<\/li>\n<\/ol>\n<p>Yazar:CX<\/p>","protected":false},"excerpt":{"rendered":"<p>Product Introduction: 10024 Quality Assurance Double Acting Hydraulic Cylinder for Agriculture The 10024 Quality Assurance Double Acting Hydraulic Cylinder for Agriculture is a top-notch product designed specifically for use in agricultural applications. With its exceptional quality and reliable performance, this hydraulic cylinder is a must-have for farmers and agricultural professionals seeking efficiency and productivity. This [&hellip;]<\/p>","protected":false},"featured_media":1127,"comment_status":"closed","ping_status":"closed","template":"","meta":{"_et_pb_use_builder":"","_et_pb_old_content":"","_et_gb_content_width":""},"product_brand":[],"product_cat":[36],"product_tag":[34,38],"class_list":{"0":"post-1032","1":"product","2":"type-product","3":"status-publish","4":"has-post-thumbnail","6":"product_cat-welded-clevis-type-cylinder","7":"product_tag-hydraulic-cylinder","8":"product_tag-welded-clevis-type-cylinder","10":"first","11":"instock","12":"product-type-simple"},"_links":{"self":[{"href":"https:\/\/fmp-components.com\/tr\/wp-json\/wp\/v2\/product\/1032","targetHints":{"allow":["GET"]}}],"collection":[{"href":"https:\/\/fmp-components.com\/tr\/wp-json\/wp\/v2\/product"}],"about":[{"href":"https:\/\/fmp-components.com\/tr\/wp-json\/wp\/v2\/types\/product"}],"replies":[{"embeddable":true,"href":"https:\/\/fmp-components.com\/tr\/wp-json\/wp\/v2\/comments?post=1032"}],"wp:featuredmedia":[{"embeddable":true,"href":"https:\/\/fmp-components.com\/tr\/wp-json\/wp\/v2\/media\/1127"}],"wp:attachment":[{"href":"https:\/\/fmp-components.com\/tr\/wp-json\/wp\/v2\/media?parent=1032"}],"wp:term":[{"taxonomy":"product_brand","embeddable":true,"href":"https:\/\/fmp-components.com\/tr\/wp-json\/wp\/v2\/product_brand?post=1032"},{"taxonomy":"product_cat","embeddable":true,"href":"https:\/\/fmp-components.com\/tr\/wp-json\/wp\/v2\/product_cat?post=1032"},{"taxonomy":"product_tag","embeddable":true,"href":"https:\/\/fmp-components.com\/tr\/wp-json\/wp\/v2\/product_tag?post=1032"}],"curies":[{"name":"wp","href":"https:\/\/api.w.org\/{rel}","templated":true}]}}