{"id":1022,"date":"2024-12-19T06:16:24","date_gmt":"2024-12-19T06:16:24","guid":{"rendered":"https:\/\/fmp-components.com\/product\/10014-premium-quality-double-acting-hydraulic-ram-cylinder-for-agricultural-machinery\/"},"modified":"2025-03-18T02:22:53","modified_gmt":"2025-03-18T02:22:53","slug":"10014-premium-quality-double-acting-hydraulic-ram-cylinder-for-agricultural-machinery","status":"publish","type":"product","link":"https:\/\/fmp-components.com\/tr\/product\/10014-premium-quality-double-acting-hydraulic-ram-cylinder-for-agricultural-machinery\/","title":{"rendered":"Tar\u0131m Makinalar\u0131 \u0130\u00e7in 10014 Premium Kalite \u00c7ift Etkili Hidrolik Ram Silindiri"},"content":{"rendered":"<h2>Tar\u0131m Makinalar\u0131 \u0130\u00e7in 10014 Premium Kalite \u00c7ift Etkili Hidrolik Ram Silindiri \u00dcr\u00fcn\u00fcn\u00fc Tan\u0131t\u0131yoruz:<\/h2>\n<p>\u00dcr\u00fcn 10014, tar\u0131m makineleri i\u00e7in \u00f6zel olarak tasarlanm\u0131\u015f, birinci s\u0131n\u0131f kalitede \u00e7ift etkili bir hidrolik ko\u00e7 silindiridir. Bu hidrolik ko\u00e7 silindiri, zorlu tar\u0131m uygulamalar\u0131nda y\u00fcksek performans ve g\u00fcvenilirlik sa\u011flamak \u00fczere \u00fcretilmi\u015ftir.<\/p>\n<p>Sa\u011flam bir yap\u0131ya sahip olan \u00dcr\u00fcn 10014, a\u011f\u0131r y\u00fcklere dayanacak ve sorunsuz ve verimli bir \u00e7al\u0131\u015fma sa\u011flayacak \u015fekilde \u00fcretilmi\u015ftir. Optimum performans ve uzun \u00f6m\u00fcr sa\u011flamak i\u00e7in hassasiyetle tasarlanm\u0131\u015f olup, tar\u0131m makineleri i\u00e7in dayan\u0131kl\u0131 bir tercihtir.<\/p>\n<p>Bu hidrolik ko\u00e7 silindirinin \u00e7ift etkili tasar\u0131m\u0131, pistonun hem uzamas\u0131na hem de geri \u00e7ekilmesine olanak tan\u0131yarak \u00e7e\u015fitli tar\u0131msal i\u015flemlerde geli\u015fmi\u015f esneklik ve verimlilik sa\u011flar. Bu \u00f6zellik, hidrolik ko\u00e7 silindirinin tutarl\u0131 g\u00fc\u00e7 ve kontrol sunmas\u0131n\u0131 sa\u011flayarak verimlili\u011fi art\u0131r\u0131r.<\/p>\n<p>\u00dcr\u00fcn 10014, en y\u00fcksek kalite standartlar\u0131na ba\u011fl\u0131 kalarak, titizlikle ve ayr\u0131nt\u0131lara dikkat edilerek \u00fcretilmi\u015ftir. Dayan\u0131kl\u0131l\u0131k ve a\u015f\u0131nma-y\u0131pranmaya kar\u015f\u0131 diren\u00e7 sa\u011flamak i\u00e7in birinci s\u0131n\u0131f malzemeler kullan\u0131larak \u00fcretilmi\u015ftir. Hassas i\u015fleme ve montaj s\u00fcre\u00e7leri, m\u00fckemmel performans ve uzun kullan\u0131m \u00f6mr\u00fc sa\u011flar.<\/p>\n<p>Bu hidrolik ko\u00e7 silindiri, tar\u0131m makinelerine kusursuz bir \u015fekilde entegre olacak \u015fekilde tasarlanm\u0131\u015ft\u0131r, kolay kurulum ve farkl\u0131 hidrolik sistemlerle uyumluluk sunar. \u00c7ok y\u00f6nl\u00fcl\u00fc\u011f\u00fc, s\u00fcrme, ekim, kald\u0131rma ve daha fazlas\u0131 gibi \u00e7ok \u00e7e\u015fitli tar\u0131msal uygulamalar i\u00e7in uygun olmas\u0131n\u0131 sa\u011flar.<\/p>\n<p>\u00dcst\u00fcn kaliteli yap\u0131s\u0131, \u00e7ift etkili i\u015flevselli\u011fi ve tar\u0131m makineleriyle uyumlulu\u011fu ile \u00dcr\u00fcn 10014, \u00e7ift\u00e7iler ve tar\u0131m profesyonelleri i\u00e7in g\u00fcvenilir ve verimli bir se\u00e7imdir. Tar\u0131m makinelerinizin ihtiya\u00e7lar\u0131 i\u00e7in bu birinci s\u0131n\u0131f hidrolik ko\u00e7 silindiri ile geli\u015fmi\u015f performans ve dayan\u0131kl\u0131l\u0131\u011f\u0131 deneyimleyin.<br \/>\n<img decoding=\"async\" src=\"https:\/\/hzpt.com\/wp-content\/uploads\/2023\/12\/insert-3.webp\" alt=\"\" title=\"\"><\/p>\n<p>Hidrolik ko\u00e7 silindirinin 18. y\u00fczy\u0131la dayanan uzun bir ge\u00e7mi\u015fi vard\u0131r. Zamanla, bu silindirlerin tasar\u0131m\u0131 ve i\u015flevselli\u011fi \u00f6nemli \u00f6l\u00e7\u00fcde iyile\u015fmi\u015f ve modern makinelerde vazge\u00e7ilmez hale gelmi\u015ftir. Montaj\u0131 kolayd\u0131r, minimum bak\u0131m gerektirir ve dayan\u0131kl\u0131l\u0131klar\u0131 ve verimli performanslar\u0131yla bilinirler.<\/p>\n<h2>Kaynakl\u0131 \u00c7atal Tip Silindirin Avantajlar\u0131<\/h2>\n<p>Kaynakl\u0131 \u00e7atal tipi silindirler, benzersiz avantajlar\u0131 ve avantajlar\u0131 nedeniyle bir\u00e7ok end\u00fcstriyel uygulama i\u00e7in pop\u00fcler bir tercihtir. Kaynakl\u0131 \u00e7atal tipi silindirlerin baz\u0131 temel avantajlar\u0131 \u015funlard\u0131r:<\/p>\n<h3>1. Artt\u0131r\u0131lm\u0131\u015f G\u00fc\u00e7 ve Dayan\u0131kl\u0131l\u0131k<\/h3>\n<p>Kaynakl\u0131 \u00e7atal tipi silindirler, di\u011fer silindir tiplerine k\u0131yasla daha fazla mukavemet ve dayan\u0131kl\u0131l\u0131k sa\u011flayan kaynakl\u0131 bir u\u00e7 kapa\u011f\u0131yla \u00fcretilir. Bu, onlar\u0131 y\u00fcksek mukavemet ve dayan\u0131kl\u0131l\u0131k gerektiren a\u011f\u0131r hizmet uygulamalar\u0131 i\u00e7in ideal hale getirir.<\/p>\n<p>Ayr\u0131ca, bu silindirlerin kaynakl\u0131 tasar\u0131m\u0131, s\u0131z\u0131nt\u0131 veya ar\u0131za olas\u0131l\u0131\u011f\u0131n\u0131n daha d\u00fc\u015f\u00fck olmas\u0131 anlam\u0131na gelir; bu da ar\u0131za s\u00fcresini ve bak\u0131m maliyetlerini azaltmaya yard\u0131mc\u0131 olabilir.<\/p>\n<h3>2. Y\u00fcksek Bas\u0131nc\u0131 Y\u00f6netme Yetene\u011fi<\/h3>\n<p>Kaynakl\u0131 \u00e7atal tipi silindirler, y\u00fcksek bas\u0131n\u00e7 uygulamalar\u0131na da uygundur ve bu da onlar\u0131 in\u015faat, madencilik, petrol ve gaz gibi sekt\u00f6rlerde pop\u00fcler bir tercih haline getirir. Y\u00fcksek bas\u0131n\u00e7la ba\u015fa \u00e7\u0131kabilme yetenekleri, zorlu ortamlarda g\u00fcvenilir performans sa\u011flar.<\/p>\n<h3>3. \u00d6zelle\u015ftirilebilir Tasar\u0131m<\/h3>\n<p>Kaynakl\u0131 \u00e7atal tipi silindirler, bir uygulaman\u0131n \u00f6zel ihtiya\u00e7lar\u0131n\u0131 kar\u015f\u0131layacak \u015fekilde \u00f6zel olarak tasarlanabilir. Bu, belirli bir boyut, \u015fekil veya performans gereksinimine uyacak \u015fekilde uyarlanabilecekleri anlam\u0131na gelir. \u00d6zelle\u015ftirilebilir tasar\u0131m, \u00fcretim s\u00fcrecinde daha fazla esneklik sa\u011flayarak maliyet tasarrufu sa\u011flayabilir.<\/p>\n<h3>4. Kolay Kurulum<\/h3>\n<p>Kaynakl\u0131 \u00e7atal tipi silindirler, kolay montaj i\u00e7in tasarlanm\u0131\u015ft\u0131r ve bu da kurulum s\u00fcresini ve i\u015f\u00e7ilik maliyetlerini azaltmaya yard\u0131mc\u0131 olur. Genellikle \u00f6nceden monte edilmi\u015f ve kutudan \u00e7\u0131kar \u00e7\u0131kmaz kullan\u0131ma haz\u0131rd\u0131rlar, bu da ek par\u00e7a veya bile\u015fen ihtiyac\u0131n\u0131 en aza indirir.<\/p>\n<h3>5. Geli\u015fmi\u015f Performans<\/h3>\n<p>Kaynakl\u0131 \u00e7atal tipi silindirlerin tasar\u0131m\u0131, di\u011fer silindir tiplerine k\u0131yasla daha iyi performans sa\u011flar. Bas\u0131n\u00e7 birimi ba\u015f\u0131na daha fazla kuvvet \u00fcretebilirler, bu da end\u00fcstriyel uygulamalarda verimlili\u011fi ve \u00fcretkenli\u011fi art\u0131rmaya yard\u0131mc\u0131 olabilir.<\/p>\n<p>Genel olarak, kaynakl\u0131 \u00e7atal tipi silindirler, onlar\u0131 bir\u00e7ok end\u00fcstriyel uygulama i\u00e7in pop\u00fcler bir tercih haline getiren bir dizi avantaj ve avantaj sunar. Art\u0131r\u0131lm\u0131\u015f mukavemet ve dayan\u0131kl\u0131l\u0131klar\u0131, y\u00fcksek bas\u0131nca dayanma kabiliyetleri, \u00f6zelle\u015ftirilebilir tasar\u0131mlar\u0131, kolay montajlar\u0131 ve geli\u015fmi\u015f performanslar\u0131, g\u00fcvenilirlik ve performans\u0131n \u00f6nemli oldu\u011fu zorlu ortamlar i\u00e7in onlar\u0131 ideal bir se\u00e7im haline getirir.<\/p>\n<p><img decoding=\"async\" src=\"https:\/\/hzpt.com\/wp-content\/uploads\/2023\/12\/insert-2.webp\" alt=\"\" title=\"\"><\/p>\n<h2>Kaynakl\u0131 \u00c7atal Tip Silindir Uygulamas\u0131<\/h2>\n<ul>\n<li><strong>End\u00fcstriyel Makineler:<\/strong> Kaynakl\u0131 \u00c7atal Tipi Silindirler, a\u011f\u0131r hizmet tipi uygulamalar i\u00e7in \u00e7e\u015fitli end\u00fcstriyel makinelerde yayg\u0131n olarak kullan\u0131lmaktad\u0131r. Bu silindirler, makinelerdeki bile\u015fenleri kald\u0131rmak ve preslemek i\u00e7in y\u00fcksek kuvvet \u00e7\u0131k\u0131\u015f\u0131 \u00fcretebilir. Kaynakl\u0131 \u00e7atal tasar\u0131m\u0131, kolay kurulum ve verimli \u00e7al\u0131\u015fma sa\u011flayarak \u00fcreticiler aras\u0131nda pop\u00fcler bir tercih haline getirir.\n<ul>\n<li>\u00dcretim sekt\u00f6r\u00fcnde Kaynakl\u0131 Kelep\u00e7e Tipi Silindirler, metal saclar\u0131n \u015fekillendirilmesi ve \u015fekillendirilmesi i\u00e7in gerekli kuvveti sa\u011flamak amac\u0131yla hidrolik preslerde, enjeksiyon kal\u0131plama makinelerinde ve metal damgalama ekipmanlar\u0131nda kullan\u0131l\u0131r.<\/li>\n<li>Otomotiv end\u00fcstrisinde bu silindirler, \u00fcretim s\u00fcrecinde a\u011f\u0131r par\u00e7alar\u0131 kald\u0131rmak i\u00e7in ara\u00e7 krikolar\u0131nda, kald\u0131r\u0131c\u0131larda ve montaj makinelerinde kullan\u0131l\u0131r.<\/li>\n<li>\u0130n\u015faat sekt\u00f6r\u00fcnde Kaynakl\u0131 Kelep\u00e7e Tipi Silindirler, a\u011f\u0131r y\u00fckleri kald\u0131ran ve hareket ettiren hidrolik sistemlere g\u00fc\u00e7 sa\u011flamak i\u00e7in vin\u00e7lerde, ekskavat\u00f6rlerde ve buldozerlerde kullan\u0131l\u0131r.<\/li>\n<\/ul>\n<\/li>\n<li><strong>Tar\u0131m Makinalar\u0131:<\/strong> Tar\u0131m makineleri, Kaynakl\u0131 \u00c7atal Tip Silindirlerin en \u00e7ok kullan\u0131ld\u0131\u011f\u0131 alanlardan biridir. Bu silindirler, trakt\u00f6rler, bi\u00e7erd\u00f6verler ve sabanlar dahil olmak \u00fczere \u00e7e\u015fitli tar\u0131m makinelerinde toprak haz\u0131rlama, ekim ve hasat i\u00e7in gerekli kuvveti sa\u011flamak amac\u0131yla kullan\u0131l\u0131r.\n<ul>\n<li>Tar\u0131m sekt\u00f6r\u00fcnde Kaynakl\u0131 \u00c7atal Tip Silindirler, toprak haz\u0131rl\u0131\u011f\u0131 ve tohum ekimi i\u00e7in gerekli kuvveti sa\u011flamak amac\u0131yla pulluk, k\u00fcltivat\u00f6r ve tohum ekim makinelerinde kullan\u0131l\u0131r.<\/li>\n<li>Hasat end\u00fcstrisinde bu silindirler, hasat makinelerinde, balya makinelerinde ve bi\u00e7me makinelerinde, mahsul\u00fc toplayan ve ta\u015f\u0131yan hidrolik sistemlere g\u00fc\u00e7 sa\u011flamak i\u00e7in kullan\u0131l\u0131r.<\/li>\n<\/ul>\n<\/li>\n<li><strong>Havac\u0131l\u0131k ve Savunma:<\/strong> Kaynakl\u0131 Kelep\u00e7e Tipi Silindirler havac\u0131l\u0131k ve savunma sanayinde de kullan\u0131lmakta olup, u\u00e7aklar, roketler, f\u00fczeler ve savunma sistemleri gibi geni\u015f bir uygulama yelpazesinde kullan\u0131lmaktad\u0131r.\n<ul>\n<li>Havac\u0131l\u0131k ve uzay end\u00fcstrisinde Kaynakl\u0131 Kelep\u00e7e Tipi Silindirler, u\u00e7ak ini\u015f tak\u0131mlar\u0131nda, kanat\u00e7\u0131klarda ve frenlerde kalk\u0131\u015f ve ini\u015f i\u00e7in gerekli kuvveti sa\u011flamak amac\u0131yla kullan\u0131l\u0131r.<\/li>\n<li>Savunma sanayinde bu silindirler f\u00fcze f\u0131rlat\u0131c\u0131lar\u0131nda, silah taretlerinde ve tank sistemlerinde silah ve m\u00fchimmat\u0131n hareketini kontrol eden hidrolik sistemlere g\u00fc\u00e7 sa\u011flamak i\u00e7in kullan\u0131l\u0131r.<\/li>\n<\/ul>\n<\/li>\n<li><strong>Denizcilik End\u00fcstrisi:<\/strong> Kaynakl\u0131 Kelep\u00e7e Tipi Silindirler denizcilik sekt\u00f6r\u00fcnde de yayg\u0131n olarak kullan\u0131lmakta olup gemiler, tekneler ve su alt\u0131 ara\u00e7lar\u0131 i\u00e7in \u00e7e\u015fitli uygulamalarda kullan\u0131lmaktad\u0131r.\n<ul>\n<li>Denizcilik sekt\u00f6r\u00fcnde Kaynakl\u0131 Kelep\u00e7e Tipi Silindirler, vin\u00e7lerde, vin\u00e7lerde ve kargo elle\u00e7leme ekipmanlar\u0131nda kargo y\u00fckleme ve bo\u015faltma i\u00e7in gerekli kuvveti sa\u011flamak amac\u0131yla kullan\u0131l\u0131r.<\/li>\n<li>Teknecilik sekt\u00f6r\u00fcnde bu silindirler, teknelerin ve gemilerin hareketini kontrol etmek i\u00e7in gerekli kuvveti sa\u011flamak amac\u0131yla d\u00fcmen sistemlerinde, pervanelerde ve \u00e7apa sistemlerinde kullan\u0131l\u0131r.<\/li>\n<li>Sualt\u0131 ara\u00e7 sekt\u00f6r\u00fcnde Kaynakl\u0131 Kelep\u00e7e Tipi Silindirler, su alt\u0131 operasyonlar\u0131 i\u00e7in gerekli kuvveti sa\u011flamak amac\u0131yla dalg\u0131\u00e7larda, uzaktan kumandal\u0131 ara\u00e7larda (ROV) ve dal\u0131\u015f ekipmanlar\u0131nda kullan\u0131l\u0131r.<\/li>\n<\/ul>\n<\/li>\n<li><strong>Madencilik End\u00fcstrisi:<\/strong> Kaynakl\u0131 Kelep\u00e7e Tipi Silindirler ayr\u0131ca madencilik sekt\u00f6r\u00fcnde de kullan\u0131l\u0131r ve mineral \u00e7\u0131karma ve malzeme ta\u015f\u0131ma gibi \u00e7e\u015fitli uygulamalarda kullan\u0131l\u0131r.\n<ul>\n<li>Madencilik sekt\u00f6r\u00fcnde Kaynakl\u0131 Kelep\u00e7e Tipi Silindirler, konvey\u00f6r sistemlerinde, sondaj makinelerinde ve hidrolik kep\u00e7elerde maden ve ta\u015f ocaklar\u0131ndan mineral ve malzemelerin \u00e7\u0131kar\u0131lmas\u0131 i\u00e7in gerekli kuvveti sa\u011flamak amac\u0131yla kullan\u0131l\u0131r.<\/li>\n<\/ul>\n<\/li>\n<\/ul>\n<h2>FMP Hakk\u0131nda<\/h2>\n<p>FMP, \u0130talyan mobil makine hidrolik silindir pazar\u0131nda lider konumdad\u0131r. 200.000 set tasar\u0131m kapasitesi ve 300'den fazla \u00e7e\u015fitli otomatik CNC \u00fcretim ekipman\u0131yla FMP, rekabet\u00e7i fiyatlarla y\u00fcksek kaliteli \u00fcr\u00fcnler sunmaktad\u0131r.<\/p>\n<p>FMP ayr\u0131ca hava \u00e7al\u0131\u015fma platformlar\u0131, end\u00fcstriyel ara\u00e7lar, d\u00f6ner sondaj kuleleri, otomotiv vin\u00e7leri, in\u015faat makineleri, forkliftler, maden damperli kamyonlar\u0131 ve kanalizasyon makineleri i\u00e7in hidrolik silindirler de sunmaktad\u0131r.<\/p>\n<p><img decoding=\"async\" src=\"https:\/\/hzpt.com\/wp-content\/uploads\/2023\/12\/insert-5.webp\" alt=\"FMP Fabrikas\u0131\" title=\"\"><\/p>\n<h2>SSS<\/h2>\n<ol>\n<li>S: Hidrolik ko\u00e7 silindirinin y\u00fck kapasitesi nedir?<br \/>\nA: Y\u00fck kapasitesi 3000 psi'ye kadar \u00e7\u0131kabiliyor.<\/li>\n<li>S: Hidrolik ya\u011f ve contalar\u0131 ne s\u0131kl\u0131kla kontrol etmeliyim?<br \/>\nA: Optimum performans i\u00e7in d\u00fczenli kontroller \u00f6nerilir.<\/li>\n<li>S: Silindirin boyutunu ve kapasitesini \u00f6zelle\u015ftirebilir miyim?<br \/>\nC: Evet, FMP \u00fcr\u00fcnleri i\u00e7in \u00f6zelle\u015ftirilebilir se\u00e7enekler sunuyor.<\/li>\n<li>S: Bu hidrolik ko\u00e7 silindiri hangi makinelerde kullan\u0131l\u0131r?<br \/>\nA: Trakt\u00f6rlerde, bi\u00e7erd\u00f6verlerde ve di\u011fer tar\u0131m makinelerinde yayg\u0131n olarak kullan\u0131l\u0131r.<\/li>\n<li>S: Silindirin montaj\u0131 kolay m\u0131d\u0131r?<br \/>\nC: Evet, hidrolik ko\u00e7 silindiri kolay montaj i\u00e7in tasarlanm\u0131\u015ft\u0131r.<\/li>\n<\/ol>\n<p>Yazar:CX<\/p>","protected":false},"excerpt":{"rendered":"<p>Introducing Product 10014 Premium Quality Double Acting Hydraulic Ram Cylinder For Agricultural Machinery: Product 10014 is a premium quality double acting hydraulic ram cylinder specifically designed for agricultural machinery. This hydraulic ram cylinder is built to deliver high performance and reliability in demanding agricultural applications. Featuring a robust construction, Product 10014 is built to withstand [&hellip;]<\/p>","protected":false},"featured_media":1127,"comment_status":"closed","ping_status":"closed","template":"","meta":{"_et_pb_use_builder":"","_et_pb_old_content":"","_et_gb_content_width":""},"product_brand":[],"product_cat":[36],"product_tag":[34,38],"class_list":{"0":"post-1022","1":"product","2":"type-product","3":"status-publish","4":"has-post-thumbnail","6":"product_cat-welded-clevis-type-cylinder","7":"product_tag-hydraulic-cylinder","8":"product_tag-welded-clevis-type-cylinder","10":"first","11":"instock","12":"product-type-simple"},"_links":{"self":[{"href":"https:\/\/fmp-components.com\/tr\/wp-json\/wp\/v2\/product\/1022","targetHints":{"allow":["GET"]}}],"collection":[{"href":"https:\/\/fmp-components.com\/tr\/wp-json\/wp\/v2\/product"}],"about":[{"href":"https:\/\/fmp-components.com\/tr\/wp-json\/wp\/v2\/types\/product"}],"replies":[{"embeddable":true,"href":"https:\/\/fmp-components.com\/tr\/wp-json\/wp\/v2\/comments?post=1022"}],"wp:featuredmedia":[{"embeddable":true,"href":"https:\/\/fmp-components.com\/tr\/wp-json\/wp\/v2\/media\/1127"}],"wp:attachment":[{"href":"https:\/\/fmp-components.com\/tr\/wp-json\/wp\/v2\/media?parent=1022"}],"wp:term":[{"taxonomy":"product_brand","embeddable":true,"href":"https:\/\/fmp-components.com\/tr\/wp-json\/wp\/v2\/product_brand?post=1022"},{"taxonomy":"product_cat","embeddable":true,"href":"https:\/\/fmp-components.com\/tr\/wp-json\/wp\/v2\/product_cat?post=1022"},{"taxonomy":"product_tag","embeddable":true,"href":"https:\/\/fmp-components.com\/tr\/wp-json\/wp\/v2\/product_tag?post=1022"}],"curies":[{"name":"wp","href":"https:\/\/api.w.org\/{rel}","templated":true}]}}