{"id":1021,"date":"2024-12-19T06:16:24","date_gmt":"2024-12-19T06:16:24","guid":{"rendered":"https:\/\/fmp-components.com\/product\/10013-factory-serving-stainless-steel-double-acting-hydraulic-cylinder-for-subsoiler\/"},"modified":"2025-03-18T00:48:23","modified_gmt":"2025-03-18T00:48:23","slug":"10013-factory-serving-stainless-steel-double-acting-hydraulic-cylinder-for-subsoiler","status":"publish","type":"product","link":"https:\/\/fmp-components.com\/tr\/product\/10013-factory-serving-stainless-steel-double-acting-hydraulic-cylinder-for-subsoiler\/","title":{"rendered":"10013 Fabrika Servisli Paslanmaz \u00c7elik \u00c7ift Etkili Hidrolik Silindir Alt Kaz\u0131c\u0131 \u0130\u00e7in"},"content":{"rendered":"<h2>\u00dcr\u00fcn 10013 Fabrika Servisli Paslanmaz \u00c7elik \u00c7ift Etkili Hidrolik Silindir Alt Kaz\u0131c\u0131 i\u00e7in<\/h2>\n<p>10013 Fabrikada \u00dcretilen Paslanmaz \u00c7elik \u00c7ift Etkili Hidrolik Silindir, toprak alt\u0131 uygulamalar\u0131nda verimli ve g\u00fcvenilir performans sa\u011flamak \u00fczere tasarlanm\u0131\u015ft\u0131r. Y\u00fcksek kaliteli paslanmaz \u00e7elik malzemelerden \u00fcretilen bu hidrolik silindir, ola\u011fan\u00fcst\u00fc dayan\u0131kl\u0131l\u0131k ve korozyon direnci sunarak zorlu ko\u015fullarda bile uzun bir kullan\u0131m \u00f6mr\u00fc sa\u011flar.<\/p>\n<p>\u00c7ift etkili tasar\u0131m\u0131yla bu hidrolik silindir, hassas kontrol ve verimli \u00e7al\u0131\u015fma sa\u011flar. Dipkazan makinesinin topra\u011fa kolayca n\u00fcfuz etmesini sa\u011flayarak, dipkazan i\u015fleminin verimlili\u011fini art\u0131r\u0131r. Sa\u011flam yap\u0131s\u0131 ve g\u00fcvenilir performans\u0131yla bu hidrolik silindir, her t\u00fcrl\u00fc dipkazan ekipman\u0131 i\u00e7in de\u011ferli bir eklentidir.<\/p>\n<p><img decoding=\"async\" src=\"https:\/\/hzpt.com\/wp-content\/uploads\/2023\/12\/insert-4.webp?v=1694163707\" alt=\"\" title=\"\"><\/p>\n<p>10013 Fabrika Servis Paslanmaz \u00c7elik \u00c7ift Etkili Hidrolik Silindir, \u00fcst\u00fcn kalite ve s\u0131k\u0131 end\u00fcstri standartlar\u0131na uyumu garanti eden \u00f6zel fabrikam\u0131z taraf\u0131ndan \u00fcretilmektedir. Uzman ekibimiz, her silindiri titizlikle \u00fcreterek optimum performans ve m\u00fc\u015fteri memnuniyetini garanti alt\u0131na almak i\u00e7in her ayr\u0131nt\u0131ya dikkat etmektedir.<\/p>\n<p>Sonu\u00e7 olarak, 10013 Fabrikada \u00dcretilen Paslanmaz \u00c7elik \u00c7ift Etkili Hidrolik Silindir, \u00f6zellikle toprak alt\u0131 uygulamalar\u0131 i\u00e7in tasarlanm\u0131\u015f, g\u00fcvenilir ve dayan\u0131kl\u0131 bir hidrolik silindirdir. Paslanmaz \u00e7elik yap\u0131s\u0131, \u00e7ift etkili tasar\u0131m\u0131 ve hassas m\u00fchendisli\u011fi, onu toprak alt\u0131 kaz\u0131c\u0131 ekipmanlar\u0131n\u0131n performans\u0131n\u0131 ve verimlili\u011fini art\u0131rmak i\u00e7in ideal bir se\u00e7im haline getirir.<\/p>\n<h2>FMP'nin Alt Toprak \u0130\u015fleme Makineleri i\u00e7in Paslanmaz \u00c7elik \u00c7ift Etkili Hidrolik Silindirini Tan\u0131t\u0131yoruz<\/h2>\n<p>2006 y\u0131l\u0131nda kurulan FMP, \u0130talya'da bulunan lider bir hidrolik silindir \u00fcreticisidir. Toprak alt\u0131 kaz\u0131c\u0131lar i\u00e7in \u00fcretti\u011fimiz paslanmaz \u00e7elik \u00e7ift etkili hidrolik silindir, t\u00fcm tar\u0131m ihtiya\u00e7lar\u0131n\u0131z i\u00e7in y\u00fcksek kaliteli performans ve dayan\u0131kl\u0131l\u0131k sa\u011flar.<\/p>\n<p><img decoding=\"async\" src=\"https:\/\/hzpt.com\/wp-content\/uploads\/2023\/12\/insert-3.webp\" alt=\"\" title=\"\"><\/p>\n<h2>Kaynakl\u0131 \u00c7atal Tip Silindirin Avantajlar\u0131<\/h2>\n<p>Kaynakl\u0131 \u00e7atal tipi silindirler, benzersiz avantajlar\u0131 ve avantajlar\u0131 nedeniyle bir\u00e7ok end\u00fcstriyel uygulama i\u00e7in pop\u00fcler bir tercihtir. Kaynakl\u0131 \u00e7atal tipi silindirlerin baz\u0131 temel avantajlar\u0131 \u015funlard\u0131r:<\/p>\n<h3>1. Artt\u0131r\u0131lm\u0131\u015f G\u00fc\u00e7 ve Dayan\u0131kl\u0131l\u0131k<\/h3>\n<p>Kaynakl\u0131 \u00e7atal tipi silindirler, di\u011fer silindir tiplerine k\u0131yasla daha fazla mukavemet ve dayan\u0131kl\u0131l\u0131k sa\u011flayan kaynakl\u0131 bir u\u00e7 kapa\u011f\u0131yla \u00fcretilir. Bu, onlar\u0131 y\u00fcksek mukavemet ve dayan\u0131kl\u0131l\u0131k gerektiren a\u011f\u0131r hizmet uygulamalar\u0131 i\u00e7in ideal hale getirir.<\/p>\n<p>Ayr\u0131ca, bu silindirlerin kaynakl\u0131 tasar\u0131m\u0131, s\u0131z\u0131nt\u0131 veya ar\u0131za olas\u0131l\u0131\u011f\u0131n\u0131n daha d\u00fc\u015f\u00fck olmas\u0131 anlam\u0131na gelir; bu da ar\u0131za s\u00fcresini ve bak\u0131m maliyetlerini azaltmaya yard\u0131mc\u0131 olabilir.<\/p>\n<h3>2. Y\u00fcksek Bas\u0131nc\u0131 Y\u00f6netme Yetene\u011fi<\/h3>\n<p>Kaynakl\u0131 \u00e7atal tipi silindirler, y\u00fcksek bas\u0131n\u00e7 uygulamalar\u0131na da uygundur ve bu da onlar\u0131 in\u015faat, madencilik, petrol ve gaz gibi sekt\u00f6rlerde pop\u00fcler bir tercih haline getirir. Y\u00fcksek bas\u0131n\u00e7la ba\u015fa \u00e7\u0131kabilme yetenekleri, zorlu ortamlarda g\u00fcvenilir performans sa\u011flar.<\/p>\n<h3>3. \u00d6zelle\u015ftirilebilir Tasar\u0131m<\/h3>\n<p>Kaynakl\u0131 \u00e7atal tipi silindirler, bir uygulaman\u0131n \u00f6zel ihtiya\u00e7lar\u0131n\u0131 kar\u015f\u0131layacak \u015fekilde \u00f6zel olarak tasarlanabilir. Bu, belirli bir boyut, \u015fekil veya performans gereksinimine uyacak \u015fekilde uyarlanabilecekleri anlam\u0131na gelir. \u00d6zelle\u015ftirilebilir tasar\u0131m, \u00fcretim s\u00fcrecinde daha fazla esneklik sa\u011flayarak maliyet tasarrufu sa\u011flayabilir.<\/p>\n<h3>4. Kolay Kurulum<\/h3>\n<p>Kaynakl\u0131 \u00e7atal tipi silindirler, kolay montaj i\u00e7in tasarlanm\u0131\u015ft\u0131r ve bu da kurulum s\u00fcresini ve i\u015f\u00e7ilik maliyetlerini azaltmaya yard\u0131mc\u0131 olur. Genellikle \u00f6nceden monte edilmi\u015f ve kutudan \u00e7\u0131kar \u00e7\u0131kmaz kullan\u0131ma haz\u0131rd\u0131rlar, bu da ek par\u00e7a veya bile\u015fen ihtiyac\u0131n\u0131 en aza indirir.<\/p>\n<h3>5. Geli\u015fmi\u015f Performans<\/h3>\n<p>Kaynakl\u0131 \u00e7atal tipi silindirlerin tasar\u0131m\u0131, di\u011fer silindir tiplerine k\u0131yasla daha iyi performans sa\u011flar. Bas\u0131n\u00e7 birimi ba\u015f\u0131na daha fazla kuvvet \u00fcretebilirler, bu da end\u00fcstriyel uygulamalarda verimlili\u011fi ve \u00fcretkenli\u011fi art\u0131rmaya yard\u0131mc\u0131 olabilir.<\/p>\n<p>Genel olarak, kaynakl\u0131 \u00e7atal tipi silindirler, onlar\u0131 bir\u00e7ok end\u00fcstriyel uygulama i\u00e7in pop\u00fcler bir tercih haline getiren bir dizi avantaj ve avantaj sunar. Art\u0131r\u0131lm\u0131\u015f mukavemet ve dayan\u0131kl\u0131l\u0131klar\u0131, y\u00fcksek bas\u0131nca dayanma kabiliyetleri, \u00f6zelle\u015ftirilebilir tasar\u0131mlar\u0131, kolay montajlar\u0131 ve geli\u015fmi\u015f performanslar\u0131, g\u00fcvenilirlik ve performans\u0131n \u00f6nemli oldu\u011fu zorlu ortamlar i\u00e7in onlar\u0131 ideal bir se\u00e7im haline getirir.<\/p>\n<p><img loading=\"lazy\" decoding=\"async\" class=\"alignnone size-full wp-image-1072\" src=\"https:\/\/fmp-components.com\/wp-content\/uploads\/2024\/12\/Welded-Clevis-Type-Cylinder3.webp\" alt=\"Kaynakl\u0131 \u00c7atal Tipi Silindir\" width=\"1616\" height=\"1229\" title=\"\" srcset=\"https:\/\/fmp-components.com\/wp-content\/uploads\/2024\/12\/Welded-Clevis-Type-Cylinder3.webp 1616w, https:\/\/fmp-components.com\/wp-content\/uploads\/2024\/12\/Welded-Clevis-Type-Cylinder3-1280x973.webp 1280w, https:\/\/fmp-components.com\/wp-content\/uploads\/2024\/12\/Welded-Clevis-Type-Cylinder3-980x745.webp 980w, https:\/\/fmp-components.com\/wp-content\/uploads\/2024\/12\/Welded-Clevis-Type-Cylinder3-480x365.webp 480w\" sizes=\"(min-width: 0px) and (max-width: 480px) 480px, (min-width: 481px) and (max-width: 980px) 980px, (min-width: 981px) and (max-width: 1280px) 1280px, (min-width: 1281px) 1616px, 100vw\" \/><\/p>\n<h2>Kaynakl\u0131 \u00c7atal Tip Silindir Uygulamas\u0131<\/h2>\n<ul>\n<li><strong>End\u00fcstriyel Makineler:<\/strong> Kaynakl\u0131 \u00c7atal Tipi Silindirler, a\u011f\u0131r hizmet tipi uygulamalar i\u00e7in \u00e7e\u015fitli end\u00fcstriyel makinelerde yayg\u0131n olarak kullan\u0131lmaktad\u0131r. Bu silindirler, makinelerdeki bile\u015fenleri kald\u0131rmak ve preslemek i\u00e7in y\u00fcksek kuvvet \u00e7\u0131k\u0131\u015f\u0131 \u00fcretebilir. Kaynakl\u0131 \u00e7atal tasar\u0131m\u0131, kolay kurulum ve verimli \u00e7al\u0131\u015fma sa\u011flayarak \u00fcreticiler aras\u0131nda pop\u00fcler bir tercih haline getirir.\n<ul>\n<li>\u00dcretim sekt\u00f6r\u00fcnde Kaynakl\u0131 Kelep\u00e7e Tipi Silindirler, metal saclar\u0131n \u015fekillendirilmesi ve \u015fekillendirilmesi i\u00e7in gerekli kuvveti sa\u011flamak amac\u0131yla hidrolik preslerde, enjeksiyon kal\u0131plama makinelerinde ve metal damgalama ekipmanlar\u0131nda kullan\u0131l\u0131r.<\/li>\n<li>Otomotiv end\u00fcstrisinde bu silindirler, \u00fcretim s\u00fcrecinde a\u011f\u0131r par\u00e7alar\u0131 kald\u0131rmak i\u00e7in ara\u00e7 krikolar\u0131nda, kald\u0131r\u0131c\u0131larda ve montaj makinelerinde kullan\u0131l\u0131r.<\/li>\n<li>\u0130n\u015faat sekt\u00f6r\u00fcnde Kaynakl\u0131 Kelep\u00e7e Tipi Silindirler, a\u011f\u0131r y\u00fckleri kald\u0131ran ve hareket ettiren hidrolik sistemlere g\u00fc\u00e7 sa\u011flamak i\u00e7in vin\u00e7lerde, ekskavat\u00f6rlerde ve buldozerlerde kullan\u0131l\u0131r.<\/li>\n<\/ul>\n<\/li>\n<li><strong>Tar\u0131m Makinalar\u0131:<\/strong> Tar\u0131m makineleri, Kaynakl\u0131 \u00c7atal Tip Silindirlerin en \u00e7ok kullan\u0131ld\u0131\u011f\u0131 alanlardan biridir. Bu silindirler, trakt\u00f6rler, bi\u00e7erd\u00f6verler ve sabanlar dahil olmak \u00fczere \u00e7e\u015fitli tar\u0131m makinelerinde toprak haz\u0131rlama, ekim ve hasat i\u00e7in gerekli kuvveti sa\u011flamak amac\u0131yla kullan\u0131l\u0131r.\n<ul>\n<li>Tar\u0131m sekt\u00f6r\u00fcnde Kaynakl\u0131 \u00c7atal Tip Silindirler, toprak haz\u0131rl\u0131\u011f\u0131 ve tohum ekimi i\u00e7in gerekli kuvveti sa\u011flamak amac\u0131yla pulluk, k\u00fcltivat\u00f6r ve tohum ekim makinelerinde kullan\u0131l\u0131r.<\/li>\n<li>Hasat end\u00fcstrisinde bu silindirler, hasat makinelerinde, balya makinelerinde ve bi\u00e7me makinelerinde, mahsul\u00fc toplayan ve ta\u015f\u0131yan hidrolik sistemlere g\u00fc\u00e7 sa\u011flamak i\u00e7in kullan\u0131l\u0131r.<\/li>\n<\/ul>\n<\/li>\n<li><strong>Havac\u0131l\u0131k ve Savunma:<\/strong> Kaynakl\u0131 Kelep\u00e7e Tipi Silindirler havac\u0131l\u0131k ve savunma sanayinde de kullan\u0131lmakta olup, u\u00e7aklar, roketler, f\u00fczeler ve savunma sistemleri gibi geni\u015f bir uygulama yelpazesinde kullan\u0131lmaktad\u0131r.\n<ul>\n<li>Havac\u0131l\u0131k ve uzay end\u00fcstrisinde Kaynakl\u0131 Kelep\u00e7e Tipi Silindirler, u\u00e7ak ini\u015f tak\u0131mlar\u0131nda, kanat\u00e7\u0131klarda ve frenlerde kalk\u0131\u015f ve ini\u015f i\u00e7in gerekli kuvveti sa\u011flamak amac\u0131yla kullan\u0131l\u0131r.<\/li>\n<li>Savunma sanayinde bu silindirler f\u00fcze f\u0131rlat\u0131c\u0131lar\u0131nda, silah taretlerinde ve tank sistemlerinde silah ve m\u00fchimmat\u0131n hareketini kontrol eden hidrolik sistemlere g\u00fc\u00e7 sa\u011flamak i\u00e7in kullan\u0131l\u0131r.<\/li>\n<\/ul>\n<\/li>\n<li><strong>Denizcilik End\u00fcstrisi:<\/strong> Kaynakl\u0131 Kelep\u00e7e Tipi Silindirler denizcilik sekt\u00f6r\u00fcnde de yayg\u0131n olarak kullan\u0131lmakta olup gemiler, tekneler ve su alt\u0131 ara\u00e7lar\u0131 i\u00e7in \u00e7e\u015fitli uygulamalarda kullan\u0131lmaktad\u0131r.\n<ul>\n<li>Denizcilik sekt\u00f6r\u00fcnde Kaynakl\u0131 Kelep\u00e7e Tipi Silindirler, vin\u00e7lerde, vin\u00e7lerde ve kargo elle\u00e7leme ekipmanlar\u0131nda kargo y\u00fckleme ve bo\u015faltma i\u00e7in gerekli kuvveti sa\u011flamak amac\u0131yla kullan\u0131l\u0131r.<\/li>\n<li>Teknecilik sekt\u00f6r\u00fcnde bu silindirler, teknelerin ve gemilerin hareketini kontrol etmek i\u00e7in gerekli kuvveti sa\u011flamak amac\u0131yla d\u00fcmen sistemlerinde, pervanelerde ve \u00e7apa sistemlerinde kullan\u0131l\u0131r.<\/li>\n<li>Sualt\u0131 ara\u00e7 sekt\u00f6r\u00fcnde Kaynakl\u0131 Kelep\u00e7e Tipi Silindirler, su alt\u0131 operasyonlar\u0131 i\u00e7in gerekli kuvveti sa\u011flamak amac\u0131yla dalg\u0131\u00e7larda, uzaktan kumandal\u0131 ara\u00e7larda (ROV) ve dal\u0131\u015f ekipmanlar\u0131nda kullan\u0131l\u0131r.<\/li>\n<\/ul>\n<\/li>\n<li><strong>Madencilik End\u00fcstrisi:<\/strong> Kaynakl\u0131 Kelep\u00e7e Tipi Silindirler ayr\u0131ca madencilik sekt\u00f6r\u00fcnde de kullan\u0131l\u0131r ve mineral \u00e7\u0131karma ve malzeme ta\u015f\u0131ma gibi \u00e7e\u015fitli uygulamalarda kullan\u0131l\u0131r.\n<ul>\n<li>Madencilik sekt\u00f6r\u00fcnde Kaynakl\u0131 Kelep\u00e7e Tipi Silindirler, konvey\u00f6r sistemlerinde, sondaj makinelerinde ve hidrolik kep\u00e7elerde maden ve ta\u015f ocaklar\u0131ndan mineral ve malzemelerin \u00e7\u0131kar\u0131lmas\u0131 i\u00e7in gerekli kuvveti sa\u011flamak amac\u0131yla kullan\u0131l\u0131r.<\/li>\n<\/ul>\n<\/li>\n<\/ul>\n<h2>FMP \u00dcr\u00fcnleri Hakk\u0131nda<\/h2>\n<p>FMP, hidrolik devirme silindirleri, hidrolik direksiyon silindirleri ve hidrolik kald\u0131rma silindirleri de dahil olmak \u00fczere geni\u015f bir hidrolik silindir yelpazesi sunmaktad\u0131r. T\u00fcm \u00fcr\u00fcnlerimiz hassasiyetle \u00fcretilmekte olup, g\u00fcvenilir performans ve uzun \u00f6m\u00fcr sunmaktad\u0131r.<\/p>\n<p>Hidrolik silindirinizin performans\u0131 ve uzun \u00f6m\u00fcrl\u00fcl\u00fc\u011f\u00fc i\u00e7in do\u011fru hidrolik ya\u011f ve contay\u0131 se\u00e7mek \u00e7ok \u00f6nemlidir. Uzman ekibimiz, \u00f6zel ihtiya\u00e7 ve gereksinimlerinize g\u00f6re do\u011fru \u00fcr\u00fcn\u00fc se\u00e7menizde size rehberlik edebilir.<\/p>\n<h2>FMP Hakk\u0131nda<\/h2>\n<p>FMP, 200.000 set \u00fcretim kapasitesi ve 300 set \u00e7e\u015fitli tam otomatik CNC \u00fcretim ekipman\u0131yla \u0130talya'da mobil makine hidrolik silindir pazar\u0131nda lider bir oyuncudur. Rekabet\u00e7i fiyatlarla y\u00fcksek kaliteli hidrolik silindirler sunuyor ve ayr\u0131ca \u00e7izimlere veya numunelere dayal\u0131 \u00f6zelle\u015ftirme hizmeti sunuyoruz.<\/p>\n<p>Ayr\u0131ca hava \u00e7al\u0131\u015fma platformu silindirleri, end\u00fcstriyel ara\u00e7 hidrolik silindirleri, d\u00f6ner sondaj kulesi silindirleri, otomobil vin\u00e7 silindirleri, in\u015faat makineleri hidrolik silindirleri, forklift hidrolik silindirleri, maden damperli kamyon silindirleri ve sanitasyon makineleri hidrolik silindirleri de sunuyoruz.<\/p>\n<p>Kaliteli \u00fcr\u00fcnler, uygun fiyatlar ve \u00f6zenli hizmet i\u00e7in FMP'ye g\u00fcvenin.<\/p>\n<p><img decoding=\"async\" src=\"https:\/\/hzpt.com\/wp-content\/uploads\/2023\/12\/insert-5.webp\" alt=\"FMP Fabrikas\u0131\" title=\"\"><\/p>\n<h2>S\u0131k\u00e7a Sorulan Sorular<\/h2>\n<h3>S1: Hidrolik silindirinizin kapasitesi nedir?<\/h3>\n<p>C1: Hidrolik silindirlerimiz y\u00fcksek kapasiteye sahiptir. Detayl\u0131 teknik \u00f6zellikler talep \u00fczerine sa\u011flanabilir.<\/p>\n<h3>S2: FMP \u00fcr\u00fcnlerini \u00f6ne \u00e7\u0131karan nedir?<\/h3>\n<p>C2: \u00dcr\u00fcnlerimiz enerji tasarrufu, verimlilik ve g\u00fcvenli \u00e7al\u0131\u015fma \u00f6zellikleriyle bilinir. Dayan\u0131kl\u0131l\u0131k ve korozyon direnci i\u00e7in paslanmaz \u00e7elik kullan\u0131yoruz.<\/p>\n<h3>S3: \u00dcr\u00fcn\u00fcn\u00fcz\u00fcn hidrolik sistemi nas\u0131l \u00e7al\u0131\u015f\u0131yor?<\/h3>\n<p>C3: Hidrolik silindirlerimiz ak\u0131\u015fkan g\u00fcc\u00fc prensibiyle \u00e7al\u0131\u015f\u0131r. Do\u011frusal hareket ve kuvvet \u00fcretmek i\u00e7in bas\u0131n\u00e7l\u0131 hidrolik ak\u0131\u015fkan kullan\u0131l\u0131r.<\/p>\n<h3>S4: Hidrolik silindirlerinizin kullan\u0131m alanlar\u0131 nelerdir?<\/h3>\n<p>C4: Hidrolik silindirlerimiz \u00f6ncelikle toprak gev\u015fetme faaliyetlerini iyile\u015ftirmek i\u00e7in alt toprak i\u015fleme makinelerinde kullan\u0131l\u0131r ve bu da \u00fcr\u00fcn b\u00fcy\u00fcmesini ve verimini art\u0131r\u0131r.<\/p>\n<h3>S5: Do\u011fru hidrolik ya\u011f\u0131 ve ke\u00e7eyi nas\u0131l se\u00e7ebilirim?<\/h3>\n<p>C5: Uzman ekibimiz, \u00f6zel ihtiya\u00e7 ve gereksinimlerinize g\u00f6re do\u011fru hidrolik ya\u011f ve ke\u00e7eyi se\u00e7menizde size rehberlik edebilir.<\/p>\n<p>Yazar:CX<\/p>","protected":false},"excerpt":{"rendered":"<p>Product 10013 Factory Serving Stainless Steel Double Acting Hydraulic Cylinder for Subsoiler The product 10013 Factory Serving Stainless Steel Double Acting Hydraulic Cylinder for Subsoiler is designed to provide efficient and reliable performance in subsoiling applications. Made from high-quality stainless steel materials, this hydraulic cylinder offers exceptional durability and resistance to corrosion, ensuring a long [&hellip;]<\/p>","protected":false},"featured_media":1127,"comment_status":"closed","ping_status":"closed","template":"","meta":{"_et_pb_use_builder":"","_et_pb_old_content":"","_et_gb_content_width":""},"product_brand":[],"product_cat":[36],"product_tag":[34,38],"class_list":{"0":"post-1021","1":"product","2":"type-product","3":"status-publish","4":"has-post-thumbnail","6":"product_cat-welded-clevis-type-cylinder","7":"product_tag-hydraulic-cylinder","8":"product_tag-welded-clevis-type-cylinder","10":"first","11":"instock","12":"product-type-simple"},"_links":{"self":[{"href":"https:\/\/fmp-components.com\/tr\/wp-json\/wp\/v2\/product\/1021","targetHints":{"allow":["GET"]}}],"collection":[{"href":"https:\/\/fmp-components.com\/tr\/wp-json\/wp\/v2\/product"}],"about":[{"href":"https:\/\/fmp-components.com\/tr\/wp-json\/wp\/v2\/types\/product"}],"replies":[{"embeddable":true,"href":"https:\/\/fmp-components.com\/tr\/wp-json\/wp\/v2\/comments?post=1021"}],"wp:featuredmedia":[{"embeddable":true,"href":"https:\/\/fmp-components.com\/tr\/wp-json\/wp\/v2\/media\/1127"}],"wp:attachment":[{"href":"https:\/\/fmp-components.com\/tr\/wp-json\/wp\/v2\/media?parent=1021"}],"wp:term":[{"taxonomy":"product_brand","embeddable":true,"href":"https:\/\/fmp-components.com\/tr\/wp-json\/wp\/v2\/product_brand?post=1021"},{"taxonomy":"product_cat","embeddable":true,"href":"https:\/\/fmp-components.com\/tr\/wp-json\/wp\/v2\/product_cat?post=1021"},{"taxonomy":"product_tag","embeddable":true,"href":"https:\/\/fmp-components.com\/tr\/wp-json\/wp\/v2\/product_tag?post=1021"}],"curies":[{"name":"wp","href":"https:\/\/api.w.org\/{rel}","templated":true}]}}