{"id":1018,"date":"2024-12-19T06:16:24","date_gmt":"2024-12-19T06:16:24","guid":{"rendered":"https:\/\/fmp-components.com\/product\/10010-professional-double-acting-small-hydraulic-cylinder-for-trailer\/"},"modified":"2025-03-18T00:49:06","modified_gmt":"2025-03-18T00:49:06","slug":"10010-professional-double-acting-small-hydraulic-cylinder-for-trailer","status":"publish","type":"product","link":"https:\/\/fmp-components.com\/tr\/product\/10010-professional-double-acting-small-hydraulic-cylinder-for-trailer\/","title":{"rendered":"10010 R\u00f6mork i\u00e7in Profesyonel \u00c7ift Etkili K\u00fc\u00e7\u00fck Hidrolik Silindir"},"content":{"rendered":"<p>10010 Profesyonel \u00c7ift Etkili K\u00fc\u00e7\u00fck R\u00f6mork Hidrolik Silindiri, en zorlu m\u00fc\u015fterilerin ihtiya\u00e7lar\u0131n\u0131 kar\u015f\u0131lamak \u00fczere tasarlanm\u0131\u015f, \u00fcst d\u00fczey bir \u00fcr\u00fcnd\u00fcr. Bu hidrolik silindir, en zorlu ko\u015fullara bile dayanabilmesini sa\u011flayan y\u00fcksek kaliteli malzemeler ve uzman i\u015f\u00e7ilikle uzun \u00f6m\u00fcrl\u00fc olacak \u015fekilde \u00fcretilmi\u015ftir.<\/p>\n<p>\u00c7ift etkili tasar\u0131m\u0131yla bu silindir, her iki y\u00f6nde de g\u00fc\u00e7l\u00fc ve g\u00fcvenilir performans sunarak \u00e7ok \u00e7e\u015fitli uygulamalar i\u00e7in m\u00fckemmeldir. \u0130ster a\u011f\u0131r y\u00fckleri kald\u0131rmak, ister ekipman ta\u015f\u0131mak veya ba\u015fka bir hidrolik g\u00f6revi ger\u00e7ekle\u015ftirmek isteyin, 10010 Profesyonel \u00c7ift Etkili K\u00fc\u00e7\u00fck R\u00f6mork Hidrolik Silindiri tam size g\u00f6re.<\/p>\n<p>Bu hidrolik silindirin temel \u00f6zelliklerinden biri, r\u00f6morklarda ve di\u011fer dar alanlarda kullan\u0131m i\u00e7in ideal k\u0131lan k\u00fc\u00e7\u00fck boyutudur. Ancak boyutuna ra\u011fmen, \u00e7ok daha b\u00fcy\u00fck bir silindirden bekleyece\u011finiz performans\u0131 sunarak ciddi bir g\u00fcce sahiptir.<\/p>\n<p>Etkileyici performans\u0131n\u0131n yan\u0131 s\u0131ra, 10010 Profesyonel \u00c7ift Etkili K\u00fc\u00e7\u00fck R\u00f6mork Hidrolik Silindiri inan\u0131lmaz derecede kolay kurulur ve kullan\u0131l\u0131r. Gerekli t\u00fcm montaj donan\u0131m\u0131 ve talimatlar dahil olmak \u00fczere, ba\u015flamak i\u00e7in ihtiyac\u0131n\u0131z olan her \u015feyle birlikte gelir, b\u00f6ylece k\u0131sa s\u00fcrede \u00e7al\u0131\u015f\u0131r duruma getirebilirsiniz.<\/p>\n<p>Genel olarak, 10010 Profesyonel \u00c7ift Etkili K\u00fc\u00e7\u00fck R\u00f6mork Hidrolik Silindiri, beklentilerinizi a\u015faca\u011f\u0131ndan emin olabilece\u011finiz ola\u011fan\u00fcst\u00fc bir \u00fcr\u00fcnd\u00fcr. Her t\u00fcrl\u00fc g\u00f6revi yerine getirebilecek g\u00fc\u00e7l\u00fc ve g\u00fcvenilir bir hidrolik silindir ar\u0131yorsan\u0131z, bug\u00fcn mutlaka inceleyin!<\/p>\n<h2>R\u00f6mork i\u00e7in 10010 Profesyonel \u00c7ift Etkili K\u00fc\u00e7\u00fck Hidrolik Silindir Hakk\u0131nda<\/h2>\n<p>FMP'nin 10010 Profesyonel \u00c7ift Etkili K\u00fc\u00e7\u00fck R\u00f6mork Hidrolik Silindiri, t\u00fcm a\u011f\u0131r hizmet ihtiya\u00e7lar\u0131n\u0131z i\u00e7in olmazsa olmaz, son teknoloji \u00fcr\u00fcn\u00fc bir makinedir. Bu y\u00fcksek kaliteli hidrolik silindir, r\u00f6morklar ve di\u011fer a\u011f\u0131r hizmet ara\u00e7lar\u0131 i\u00e7in m\u00fckemmeldir.<\/p>\n<p><img decoding=\"async\" src=\"https:\/\/hzpt.com\/wp-content\/uploads\/2023\/12\/insert-1.webp\" alt=\"\" title=\"\"><\/p>\n<h2>\u00d6zellikler ve \u0130\u015flevler<\/h2>\n<p>Bu hidrolik silindir, performans\u0131, dayan\u0131kl\u0131l\u0131\u011f\u0131 ve g\u00fcvenli\u011fi art\u0131rmak i\u00e7in tasarlanm\u0131\u015f bir\u00e7ok \u00f6zellikle birlikte gelir. \u00c7ift etkili \u00f6zelli\u011fiyle, t\u00fcm r\u00f6mork ihtiya\u00e7lar\u0131n\u0131z i\u00e7in y\u00fcksek g\u00fc\u00e7 \u00e7\u0131k\u0131\u015f\u0131 sa\u011flar.<\/p>\n<p><img decoding=\"async\" src=\"https:\/\/hzpt.com\/wp-content\/uploads\/2023\/12\/insert-3.webp\" alt=\"\" title=\"\"><\/p>\n<h3>\u00dcr\u00fcn \u00d6zellikleri<\/h3>\n<ul>\n<li>Boyut: \u00d6zelle\u015ftirilebilir<\/li>\n<li>Kapasite: Y\u00fcksek<\/li>\n<li>Y\u00fck Kapasitesi: A\u011f\u0131r hizmet tipi<\/li>\n<\/ul>\n<h2>Benzersiz \u00d6zellikler ve Avantajlar<\/h2>\n<p>10010 Profesyonel \u00c7ift Etkili K\u00fc\u00e7\u00fck R\u00f6mork Hidrolik Silindiri, onu rakiplerinden ay\u0131ran enerji tasarrufu, y\u00fcksek verimlilik ve g\u00fcvenlik \u00f6zelliklerine sahiptir. Ayr\u0131ca, kolay kurulum, d\u00fc\u015f\u00fck bak\u0131m ve ola\u011fan\u00fcst\u00fc dayan\u0131kl\u0131l\u0131k gibi avantajlar\u0131 da vard\u0131r.<\/p>\n<h2>Hidrolik Sistemler ve \u00c7al\u0131\u015fma Prensipleri<\/h2>\n<p>10010 Profesyonel \u00c7ift Etkili K\u00fc\u00e7\u00fck R\u00f6mork Hidrolik Silindirinin \u00e7al\u0131\u015fma prensibi, hidrolik enerjinin mekanik enerjiye d\u00f6n\u00fc\u015ft\u00fcr\u00fclmesidir. Bu hidrolik silindir, son derece verimli ve g\u00fcvenilir olacak \u015fekilde tasarlanm\u0131\u015ft\u0131r.<\/p>\n<h2>Anahtar Kelime \u00dcr\u00fcn\u00fc Hakk\u0131nda<\/h2>\n<p>Hidrolik silindirin zengin bir ge\u00e7mi\u015fi ve \u00e7e\u015fitli s\u0131n\u0131fland\u0131rmalar\u0131 vard\u0131r. Avantajlar\u0131 aras\u0131nda kolay kurulum, d\u00fc\u015f\u00fck bak\u0131m maliyeti ve ola\u011fan\u00fcst\u00fc dayan\u0131kl\u0131l\u0131k bulunur. 10010 Profesyonel \u00c7ift Etkili K\u00fc\u00e7\u00fck R\u00f6mork Hidrolik Silindiri ile t\u00fcm bu avantajlar\u0131 ve daha fazlas\u0131n\u0131 deneyimleyebilirsiniz.<\/p>\n<h2>\u00dcr\u00fcn Se\u00e7imi ve \u015eirket Tan\u0131t\u0131m\u0131<\/h2>\n<p>Optimum performans\u0131 sa\u011flamak i\u00e7in do\u011fru hidrolik ya\u011f ve contalar\u0131 se\u00e7mek \u00e7ok \u00f6nemlidir. FMP, se\u00e7imlerinizi kolayla\u015ft\u0131rmak i\u00e7in kapsaml\u0131 k\u0131lavuzlar ve m\u00fc\u015fteri hizmetleri sunar. Kaliteye olan ba\u011fl\u0131l\u0131\u011f\u0131m\u0131z, rekabet\u00e7i fiyatlar\u0131m\u0131z ve m\u00fckemmel m\u00fc\u015fteri hizmetimiz, bizi hidrolik silindirler i\u00e7in tercih edilen se\u00e7enek haline getirir.<\/p>\n<h2>FMP Hakk\u0131nda<\/h2>\n<p>\u0130talya'da kurulan FMP, hidrolik silindir pazar\u0131nda liderdir. 200.000 set tasar\u0131m kapasitesi ve 300 set CNC \u00fcretim ekipman\u0131 ve otomatik hidrolik silindir montaj ekipman\u0131yla, \u00e7e\u015fitli end\u00fcstrilere y\u00f6nelik y\u00fcksek kaliteli \u00fcr\u00fcnler sunuyoruz. R\u00f6morklar i\u00e7in hidrolik silindirlerin yan\u0131 s\u0131ra, hava \u00e7al\u0131\u015fma platformlar\u0131, end\u00fcstriyel ara\u00e7lar, d\u00f6ner sondaj kuleleri, kamyon vin\u00e7leri, in\u015faat makineleri, forkliftler, maden damperli kamyonlar\u0131 ve kanalizasyon makineleri i\u00e7in de silindirler sunuyoruz. \u00d6zel sipari\u015fler de memnuniyetle kar\u015f\u0131lanmaktad\u0131r.<\/p>\n<p><img decoding=\"async\" src=\"https:\/\/hzpt.com\/wp-content\/uploads\/2023\/12\/insert-5.webp\" alt=\"FMP Fabrikas\u0131\" title=\"\"><\/p>\n<h2>SSS<\/h2>\n<ol>\n<li>S: Hidrolik silindirin kapasitesi nedir?<br \/>\nA: Kapasitesi y\u00fcksek ve \u00f6zelle\u015ftirilebilir.<\/li>\n<li>S: Hidrolik silindir nas\u0131l \u00e7al\u0131\u015f\u0131r?<br \/>\nA: Hidrolik enerjiyi mekanik enerjiye d\u00f6n\u00fc\u015ft\u00fcrerek \u00e7al\u0131\u015f\u0131r.<\/li>\n<li>S: Hidrolik silindirin benzersiz \u00f6zellikleri nelerdir?<br \/>\nA: Enerji tasarrufu sa\u011flar, y\u00fcksek verimlidir ve g\u00fcvenlidir.<\/li>\n<li>S: Sipari\u015fimi \u00f6zelle\u015ftirebilir miyim?<br \/>\nC: Evet, ihtiya\u00e7lar\u0131n\u0131za g\u00f6re \u00f6zel sipari\u015fleri kabul ediyoruz.<\/li>\n<li>S: FMP nerede bulunmaktad\u0131r?<br \/>\nA: FMP 2006 y\u0131l\u0131nda \u0130talya\u2019da kuruldu.<\/li>\n<\/ol>\n<h2>Kaynakl\u0131 \u00c7atal Tip Silindirin Avantajlar\u0131<\/h2>\n<p>Kaynakl\u0131 \u00e7atal tipi silindirler, benzersiz avantajlar\u0131 ve avantajlar\u0131 nedeniyle bir\u00e7ok end\u00fcstriyel uygulama i\u00e7in pop\u00fcler bir tercihtir. Kaynakl\u0131 \u00e7atal tipi silindirlerin baz\u0131 temel avantajlar\u0131 \u015funlard\u0131r:<\/p>\n<h3>1. Artt\u0131r\u0131lm\u0131\u015f G\u00fc\u00e7 ve Dayan\u0131kl\u0131l\u0131k<\/h3>\n<p>Kaynakl\u0131 \u00e7atal tipi silindirler, di\u011fer silindir tiplerine k\u0131yasla daha fazla mukavemet ve dayan\u0131kl\u0131l\u0131k sa\u011flayan kaynakl\u0131 bir u\u00e7 kapa\u011f\u0131yla \u00fcretilir. Bu, onlar\u0131 y\u00fcksek mukavemet ve dayan\u0131kl\u0131l\u0131k gerektiren a\u011f\u0131r hizmet uygulamalar\u0131 i\u00e7in ideal hale getirir.<\/p>\n<p>Ayr\u0131ca, bu silindirlerin kaynakl\u0131 tasar\u0131m\u0131, s\u0131z\u0131nt\u0131 veya ar\u0131za olas\u0131l\u0131\u011f\u0131n\u0131n daha d\u00fc\u015f\u00fck olmas\u0131 anlam\u0131na gelir; bu da ar\u0131za s\u00fcresini ve bak\u0131m maliyetlerini azaltmaya yard\u0131mc\u0131 olabilir.<\/p>\n<h3>2. Y\u00fcksek Bas\u0131nc\u0131 Y\u00f6netme Yetene\u011fi<\/h3>\n<p>Kaynakl\u0131 \u00e7atal tipi silindirler, y\u00fcksek bas\u0131n\u00e7 uygulamalar\u0131na da uygundur ve bu da onlar\u0131 in\u015faat, madencilik, petrol ve gaz gibi sekt\u00f6rlerde pop\u00fcler bir tercih haline getirir. Y\u00fcksek bas\u0131n\u00e7la ba\u015fa \u00e7\u0131kabilme yetenekleri, zorlu ortamlarda g\u00fcvenilir performans sa\u011flar.<\/p>\n<h3>3. \u00d6zelle\u015ftirilebilir Tasar\u0131m<\/h3>\n<p>Kaynakl\u0131 \u00e7atal tipi silindirler, bir uygulaman\u0131n \u00f6zel ihtiya\u00e7lar\u0131n\u0131 kar\u015f\u0131layacak \u015fekilde \u00f6zel olarak tasarlanabilir. Bu, belirli bir boyut, \u015fekil veya performans gereksinimine uyacak \u015fekilde uyarlanabilecekleri anlam\u0131na gelir. \u00d6zelle\u015ftirilebilir tasar\u0131m, \u00fcretim s\u00fcrecinde daha fazla esneklik sa\u011flayarak maliyet tasarrufu sa\u011flayabilir.<\/p>\n<h3>4. Kolay Kurulum<\/h3>\n<p>Kaynakl\u0131 \u00e7atal tipi silindirler, kolay montaj i\u00e7in tasarlanm\u0131\u015ft\u0131r ve bu da kurulum s\u00fcresini ve i\u015f\u00e7ilik maliyetlerini azaltmaya yard\u0131mc\u0131 olur. Genellikle \u00f6nceden monte edilmi\u015f ve kutudan \u00e7\u0131kar \u00e7\u0131kmaz kullan\u0131ma haz\u0131rd\u0131rlar, bu da ek par\u00e7a veya bile\u015fen ihtiyac\u0131n\u0131 en aza indirir.<\/p>\n<h3>5. Geli\u015fmi\u015f Performans<\/h3>\n<p>Kaynakl\u0131 \u00e7atal tipi silindirlerin tasar\u0131m\u0131, di\u011fer silindir tiplerine k\u0131yasla daha iyi performans sa\u011flar. Bas\u0131n\u00e7 birimi ba\u015f\u0131na daha fazla kuvvet \u00fcretebilirler, bu da end\u00fcstriyel uygulamalarda verimlili\u011fi ve \u00fcretkenli\u011fi art\u0131rmaya yard\u0131mc\u0131 olabilir.<\/p>\n<p>Genel olarak, kaynakl\u0131 \u00e7atal tipi silindirler, onlar\u0131 bir\u00e7ok end\u00fcstriyel uygulama i\u00e7in pop\u00fcler bir tercih haline getiren bir dizi avantaj ve avantaj sunar. Art\u0131r\u0131lm\u0131\u015f mukavemet ve dayan\u0131kl\u0131l\u0131klar\u0131, y\u00fcksek bas\u0131nca dayanma kabiliyetleri, \u00f6zelle\u015ftirilebilir tasar\u0131mlar\u0131, kolay montajlar\u0131 ve geli\u015fmi\u015f performanslar\u0131, g\u00fcvenilirlik ve performans\u0131n \u00f6nemli oldu\u011fu zorlu ortamlar i\u00e7in onlar\u0131 ideal bir se\u00e7im haline getirir.<\/p>\n<h2>Kaynakl\u0131 \u00c7atal Tip Silindir Uygulamas\u0131<\/h2>\n<ul>\n<li><strong>End\u00fcstriyel Makineler:<\/strong> Kaynakl\u0131 \u00c7atal Tipi Silindirler, a\u011f\u0131r hizmet tipi uygulamalar i\u00e7in \u00e7e\u015fitli end\u00fcstriyel makinelerde yayg\u0131n olarak kullan\u0131lmaktad\u0131r. Bu silindirler, makinelerdeki bile\u015fenleri kald\u0131rmak ve preslemek i\u00e7in y\u00fcksek kuvvet \u00e7\u0131k\u0131\u015f\u0131 \u00fcretebilir. Kaynakl\u0131 \u00e7atal tasar\u0131m\u0131, kolay kurulum ve verimli \u00e7al\u0131\u015fma sa\u011flayarak \u00fcreticiler aras\u0131nda pop\u00fcler bir tercih haline getirir.\n<ul>\n<li>\u00dcretim sekt\u00f6r\u00fcnde Kaynakl\u0131 Kelep\u00e7e Tipi Silindirler, metal saclar\u0131n \u015fekillendirilmesi ve \u015fekillendirilmesi i\u00e7in gerekli kuvveti sa\u011flamak amac\u0131yla hidrolik preslerde, enjeksiyon kal\u0131plama makinelerinde ve metal damgalama ekipmanlar\u0131nda kullan\u0131l\u0131r.<\/li>\n<li>Otomotiv end\u00fcstrisinde bu silindirler, \u00fcretim s\u00fcrecinde a\u011f\u0131r par\u00e7alar\u0131 kald\u0131rmak i\u00e7in ara\u00e7 krikolar\u0131nda, kald\u0131r\u0131c\u0131larda ve montaj makinelerinde kullan\u0131l\u0131r.<\/li>\n<li>\u0130n\u015faat sekt\u00f6r\u00fcnde Kaynakl\u0131 Kelep\u00e7e Tipi Silindirler, a\u011f\u0131r y\u00fckleri kald\u0131ran ve hareket ettiren hidrolik sistemlere g\u00fc\u00e7 sa\u011flamak i\u00e7in vin\u00e7lerde, ekskavat\u00f6rlerde ve buldozerlerde kullan\u0131l\u0131r.<\/li>\n<\/ul>\n<\/li>\n<li><strong>Tar\u0131m Makinalar\u0131:<\/strong> Tar\u0131m makineleri, Kaynakl\u0131 \u00c7atal Tip Silindirlerin en \u00e7ok kullan\u0131ld\u0131\u011f\u0131 alanlardan biridir. Bu silindirler, trakt\u00f6rler, bi\u00e7erd\u00f6verler ve sabanlar dahil olmak \u00fczere \u00e7e\u015fitli tar\u0131m makinelerinde toprak haz\u0131rlama, ekim ve hasat i\u00e7in gerekli kuvveti sa\u011flamak amac\u0131yla kullan\u0131l\u0131r.\n<ul>\n<li>Tar\u0131m sekt\u00f6r\u00fcnde Kaynakl\u0131 \u00c7atal Tip Silindirler, toprak haz\u0131rl\u0131\u011f\u0131 ve tohum ekimi i\u00e7in gerekli kuvveti sa\u011flamak amac\u0131yla pulluk, k\u00fcltivat\u00f6r ve tohum ekim makinelerinde kullan\u0131l\u0131r.<\/li>\n<li>Hasat end\u00fcstrisinde bu silindirler, hasat makinelerinde, balya makinelerinde ve bi\u00e7me makinelerinde, mahsul\u00fc toplayan ve ta\u015f\u0131yan hidrolik sistemlere g\u00fc\u00e7 sa\u011flamak i\u00e7in kullan\u0131l\u0131r.<\/li>\n<\/ul>\n<\/li>\n<li><strong>Havac\u0131l\u0131k ve Savunma:<\/strong> Kaynakl\u0131 Kelep\u00e7e Tipi Silindirler havac\u0131l\u0131k ve savunma sanayinde de kullan\u0131lmakta olup, u\u00e7aklar, roketler, f\u00fczeler ve savunma sistemleri gibi geni\u015f bir uygulama yelpazesinde kullan\u0131lmaktad\u0131r.\n<ul>\n<li>Havac\u0131l\u0131k ve uzay end\u00fcstrisinde Kaynakl\u0131 Kelep\u00e7e Tipi Silindirler, u\u00e7ak ini\u015f tak\u0131mlar\u0131nda, kanat\u00e7\u0131klarda ve frenlerde kalk\u0131\u015f ve ini\u015f i\u00e7in gerekli kuvveti sa\u011flamak amac\u0131yla kullan\u0131l\u0131r.<\/li>\n<li>Savunma sanayinde bu silindirler f\u00fcze f\u0131rlat\u0131c\u0131lar\u0131nda, silah taretlerinde ve tank sistemlerinde silah ve m\u00fchimmat\u0131n hareketini kontrol eden hidrolik sistemlere g\u00fc\u00e7 sa\u011flamak i\u00e7in kullan\u0131l\u0131r.<\/li>\n<\/ul>\n<\/li>\n<li><strong>Denizcilik End\u00fcstrisi:<\/strong> Kaynakl\u0131 Kelep\u00e7e Tipi Silindirler denizcilik sekt\u00f6r\u00fcnde de yayg\u0131n olarak kullan\u0131lmakta olup gemiler, tekneler ve su alt\u0131 ara\u00e7lar\u0131 i\u00e7in \u00e7e\u015fitli uygulamalarda kullan\u0131lmaktad\u0131r.\n<ul>\n<li>Denizcilik sekt\u00f6r\u00fcnde Kaynakl\u0131 Kelep\u00e7e Tipi Silindirler, vin\u00e7lerde, vin\u00e7lerde ve kargo elle\u00e7leme ekipmanlar\u0131nda kargo y\u00fckleme ve bo\u015faltma i\u00e7in gerekli kuvveti sa\u011flamak amac\u0131yla kullan\u0131l\u0131r.<\/li>\n<li>Teknecilik sekt\u00f6r\u00fcnde bu silindirler, teknelerin ve gemilerin hareketini kontrol etmek i\u00e7in gerekli kuvveti sa\u011flamak amac\u0131yla d\u00fcmen sistemlerinde, pervanelerde ve \u00e7apa sistemlerinde kullan\u0131l\u0131r.<\/li>\n<li>Sualt\u0131 ara\u00e7 sekt\u00f6r\u00fcnde Kaynakl\u0131 Kelep\u00e7e Tipi Silindirler, su alt\u0131 operasyonlar\u0131 i\u00e7in gerekli kuvveti sa\u011flamak amac\u0131yla dalg\u0131\u00e7larda, uzaktan kumandal\u0131 ara\u00e7larda (ROV) ve dal\u0131\u015f ekipmanlar\u0131nda kullan\u0131l\u0131r.<\/li>\n<\/ul>\n<\/li>\n<li><strong>Madencilik End\u00fcstrisi:<\/strong> Kaynakl\u0131 Kelep\u00e7e Tipi Silindirler ayr\u0131ca madencilik sekt\u00f6r\u00fcnde de kullan\u0131l\u0131r ve mineral \u00e7\u0131karma ve malzeme ta\u015f\u0131ma gibi \u00e7e\u015fitli uygulamalarda kullan\u0131l\u0131r.\n<ul>\n<li>Madencilik sekt\u00f6r\u00fcnde Kaynakl\u0131 Kelep\u00e7e Tipi Silindirler, konvey\u00f6r sistemlerinde, sondaj makinelerinde ve hidrolik kep\u00e7elerde maden ve ta\u015f ocaklar\u0131ndan mineral ve malzemelerin \u00e7\u0131kar\u0131lmas\u0131 i\u00e7in gerekli kuvveti sa\u011flamak amac\u0131yla kullan\u0131l\u0131r.<\/li>\n<\/ul>\n<\/li>\n<\/ul>\n<p>Yazar:CX<\/p>","protected":false},"excerpt":{"rendered":"<p>The 10010 Professional Double Acting Small Hydraulic Cylinder for Trailer is a top-of-the-line product designed to meet the needs of the most demanding customers. This hydraulic cylinder is built to last, with high-quality materials and expert craftsmanship that ensures it can withstand even the toughest conditions. With its double-acting design, this cylinder is capable of [&hellip;]<\/p>","protected":false},"featured_media":1127,"comment_status":"closed","ping_status":"closed","template":"","meta":{"_et_pb_use_builder":"","_et_pb_old_content":"","_et_gb_content_width":""},"product_brand":[],"product_cat":[36],"product_tag":[34,38],"class_list":{"0":"post-1018","1":"product","2":"type-product","3":"status-publish","4":"has-post-thumbnail","6":"product_cat-welded-clevis-type-cylinder","7":"product_tag-hydraulic-cylinder","8":"product_tag-welded-clevis-type-cylinder","10":"first","11":"instock","12":"product-type-simple"},"_links":{"self":[{"href":"https:\/\/fmp-components.com\/tr\/wp-json\/wp\/v2\/product\/1018","targetHints":{"allow":["GET"]}}],"collection":[{"href":"https:\/\/fmp-components.com\/tr\/wp-json\/wp\/v2\/product"}],"about":[{"href":"https:\/\/fmp-components.com\/tr\/wp-json\/wp\/v2\/types\/product"}],"replies":[{"embeddable":true,"href":"https:\/\/fmp-components.com\/tr\/wp-json\/wp\/v2\/comments?post=1018"}],"wp:featuredmedia":[{"embeddable":true,"href":"https:\/\/fmp-components.com\/tr\/wp-json\/wp\/v2\/media\/1127"}],"wp:attachment":[{"href":"https:\/\/fmp-components.com\/tr\/wp-json\/wp\/v2\/media?parent=1018"}],"wp:term":[{"taxonomy":"product_brand","embeddable":true,"href":"https:\/\/fmp-components.com\/tr\/wp-json\/wp\/v2\/product_brand?post=1018"},{"taxonomy":"product_cat","embeddable":true,"href":"https:\/\/fmp-components.com\/tr\/wp-json\/wp\/v2\/product_cat?post=1018"},{"taxonomy":"product_tag","embeddable":true,"href":"https:\/\/fmp-components.com\/tr\/wp-json\/wp\/v2\/product_tag?post=1018"}],"curies":[{"name":"wp","href":"https:\/\/api.w.org\/{rel}","templated":true}]}}