{"id":1008,"date":"2024-12-19T06:16:24","date_gmt":"2024-12-19T06:16:24","guid":{"rendered":"https:\/\/fmp-components.com\/product\/10002-quality-assurance-agricultural-machinery-hydraulic-cylinders-hydraulic-cylinder-for-tractor\/"},"modified":"2025-03-18T02:23:33","modified_gmt":"2025-03-18T02:23:33","slug":"10002-quality-assurance-agricultural-machinery-hydraulic-cylinders-hydraulic-cylinder-for-tractor","status":"publish","type":"product","link":"https:\/\/fmp-components.com\/tr\/product\/10002-quality-assurance-agricultural-machinery-hydraulic-cylinders-hydraulic-cylinder-for-tractor\/","title":{"rendered":"10002 Kalite G\u00fcvence Tar\u0131m Makinalar\u0131 Hidrolik Silindirleri Trakt\u00f6r Hidrolik Silindiri"},"content":{"rendered":"<p>10002 Kalite G\u00fcvenceli Trakt\u00f6r Hidrolik Silindiri, t\u00fcm tar\u0131m ihtiya\u00e7lar\u0131n\u0131z i\u00e7in g\u00fcvenilir ve dayan\u0131kl\u0131 bir ekipmand\u0131r. Geli\u015fmi\u015f hidrolik sistemi sayesinde bu silindir, y\u00fcksek bas\u0131nca dayanabilir ve tar\u0131m makinelerinizin sorunsuz \u00e7al\u0131\u015fmas\u0131n\u0131 sa\u011flar.<\/p>\n<p>Bu hidrolik silindirin en iyi \u00f6zelliklerinden biri kalite g\u00fcvencesidir. S\u0131k\u0131 testlerden ge\u00e7mi\u015ftir ve g\u00fcvenlik ve performans a\u00e7\u0131s\u0131ndan t\u00fcm end\u00fcstri standartlar\u0131n\u0131 kar\u015f\u0131lamaktad\u0131r. Bu, ar\u0131za veya bozukluk endi\u015fesi duymadan y\u0131llarca ona g\u00fcvenebilece\u011finiz anlam\u0131na gelir.<\/p>\n<p>10002 Kalite G\u00fcvence Tar\u0131m Makinalar\u0131 Hidrolik Silindirinin bir di\u011fer avantaj\u0131 da \u00e7ok \u00e7e\u015fitli trakt\u00f6rler ve di\u011fer tar\u0131m ekipmanlar\u0131yla uyumlu olmas\u0131d\u0131r. \u00d6zelle\u015ftirilebilir tasar\u0131m\u0131, mevcut makinelerinize kusursuz bir \u015fekilde uyum sa\u011flayarak tar\u0131msal ihtiya\u00e7lar\u0131n\u0131z i\u00e7in uygun maliyetli ve verimli bir \u00e7\u00f6z\u00fcm sunar.<\/p>\n<p>Genel olarak, 10002 Kalite G\u00fcvenceli Tar\u0131m Makineleri Trakt\u00f6r Hidrolik Silindiri, ola\u011fan\u00fcst\u00fc kalite ve performans sunan birinci s\u0131n\u0131f bir \u00fcr\u00fcnd\u00fcr. Tar\u0131m ekipman\u0131n\u0131z i\u00e7in g\u00fcvenilir ve dayan\u0131kl\u0131 bir hidrolik silindir ar\u0131yorsan\u0131z, kesinlikle bu \u00fcr\u00fcn\u00fc se\u00e7melisiniz.<\/p>\n<p><img decoding=\"async\" src=\"https:\/\/hzpt.com\/wp-content\/uploads\/2023\/12\/insert-4.webp?v=1694163707\" alt=\"\" title=\"\"><\/p>\n<h2>\u00dcr\u00fcn Detaylar\u0131 ve \u00d6zellikleri<\/h2>\n<ul>\n<li>Boyutlar: \u0130htiya\u00e7lar\u0131n\u0131za g\u00f6re \u00f6zelle\u015ftirilebilir<\/li>\n<li>Kapasite: Boyuta ve modele g\u00f6re de\u011fi\u015fir<\/li>\n<li>Y\u00fck Ta\u015f\u0131ma Kapasitesi: A\u011f\u0131r hizmet tipi tar\u0131msal kullan\u0131m i\u00e7in tasarlanm\u0131\u015ft\u0131r<\/li>\n<\/ul>\n<h2>Benzersiz \u00d6zellikler ve Avantajlar<\/h2>\n<p>Hidrolik silindirlerimiz enerji tasarruflu, y\u00fcksek performansl\u0131 ve g\u00fcvenlidir. Optimum performans ve uzun \u00f6m\u00fcr sa\u011flamak i\u00e7in en son teknolojiyle tasarlanm\u0131\u015ft\u0131r.<\/p>\n<h2>Hidrolik Sistem ve \u00c7al\u0131\u015fma Prensibi<\/h2>\n<p>Hidrolik silindirin \u00e7al\u0131\u015fma prensibi basit ama etkilidir. Pistonu hareket ettirmek i\u00e7in bir pompa taraf\u0131ndan silindire s\u0131k\u0131\u015ft\u0131r\u0131lan (s\u0131k\u0131\u015ft\u0131r\u0131lamayan) hidrolik s\u0131v\u0131y\u0131 kullan\u0131r ve piston da y\u00fck\u00fc hareket ettirir.<\/p>\n<p><img decoding=\"async\" src=\"https:\/\/hzpt.com\/wp-content\/uploads\/2023\/12\/insert-3.webp\" alt=\"\" title=\"\"><\/p>\n<h2>Kaynakl\u0131 \u00c7atal Tip Silindirin Avantajlar\u0131<\/h2>\n<p>Kaynakl\u0131 \u00e7atal tipi silindirler, benzersiz avantajlar\u0131 ve avantajlar\u0131 nedeniyle bir\u00e7ok end\u00fcstriyel uygulama i\u00e7in pop\u00fcler bir tercihtir. Kaynakl\u0131 \u00e7atal tipi silindirlerin baz\u0131 temel avantajlar\u0131 \u015funlard\u0131r:<\/p>\n<h3>1. Artt\u0131r\u0131lm\u0131\u015f G\u00fc\u00e7 ve Dayan\u0131kl\u0131l\u0131k<\/h3>\n<p>Kaynakl\u0131 \u00e7atal tipi silindirler, di\u011fer silindir tiplerine k\u0131yasla daha fazla mukavemet ve dayan\u0131kl\u0131l\u0131k sa\u011flayan kaynakl\u0131 bir u\u00e7 kapa\u011f\u0131yla \u00fcretilir. Bu, onlar\u0131 y\u00fcksek mukavemet ve dayan\u0131kl\u0131l\u0131k gerektiren a\u011f\u0131r hizmet uygulamalar\u0131 i\u00e7in ideal hale getirir.<\/p>\n<p>Ayr\u0131ca, bu silindirlerin kaynakl\u0131 tasar\u0131m\u0131, s\u0131z\u0131nt\u0131 veya ar\u0131za olas\u0131l\u0131\u011f\u0131n\u0131n daha d\u00fc\u015f\u00fck olmas\u0131 anlam\u0131na gelir; bu da ar\u0131za s\u00fcresini ve bak\u0131m maliyetlerini azaltmaya yard\u0131mc\u0131 olabilir.<\/p>\n<h3>2. Y\u00fcksek Bas\u0131nc\u0131 Y\u00f6netme Yetene\u011fi<\/h3>\n<p>Kaynakl\u0131 \u00e7atal tipi silindirler, y\u00fcksek bas\u0131n\u00e7 uygulamalar\u0131na da uygundur ve bu da onlar\u0131 in\u015faat, madencilik, petrol ve gaz gibi sekt\u00f6rlerde pop\u00fcler bir tercih haline getirir. Y\u00fcksek bas\u0131n\u00e7la ba\u015fa \u00e7\u0131kabilme yetenekleri, zorlu ortamlarda g\u00fcvenilir performans sa\u011flar.<\/p>\n<h3>3. \u00d6zelle\u015ftirilebilir Tasar\u0131m<\/h3>\n<p>Kaynakl\u0131 \u00e7atal tipi silindirler, bir uygulaman\u0131n \u00f6zel ihtiya\u00e7lar\u0131n\u0131 kar\u015f\u0131layacak \u015fekilde \u00f6zel olarak tasarlanabilir. Bu, belirli bir boyut, \u015fekil veya performans gereksinimine uyacak \u015fekilde uyarlanabilecekleri anlam\u0131na gelir. \u00d6zelle\u015ftirilebilir tasar\u0131m, \u00fcretim s\u00fcrecinde daha fazla esneklik sa\u011flayarak maliyet tasarrufu sa\u011flayabilir.<\/p>\n<h3>4. Kolay Kurulum<\/h3>\n<p>Kaynakl\u0131 \u00e7atal tipi silindirler, kolay montaj i\u00e7in tasarlanm\u0131\u015ft\u0131r ve bu da kurulum s\u00fcresini ve i\u015f\u00e7ilik maliyetlerini azaltmaya yard\u0131mc\u0131 olur. Genellikle \u00f6nceden monte edilmi\u015f ve kutudan \u00e7\u0131kar \u00e7\u0131kmaz kullan\u0131ma haz\u0131rd\u0131rlar, bu da ek par\u00e7a veya bile\u015fen ihtiyac\u0131n\u0131 en aza indirir.<\/p>\n<h3>5. Geli\u015fmi\u015f Performans<\/h3>\n<p>Kaynakl\u0131 \u00e7atal tipi silindirlerin tasar\u0131m\u0131, di\u011fer silindir tiplerine k\u0131yasla daha iyi performans sa\u011flar. Bas\u0131n\u00e7 birimi ba\u015f\u0131na daha fazla kuvvet \u00fcretebilirler, bu da end\u00fcstriyel uygulamalarda verimlili\u011fi ve \u00fcretkenli\u011fi art\u0131rmaya yard\u0131mc\u0131 olabilir.<\/p>\n<p>Genel olarak, kaynakl\u0131 \u00e7atal tipi silindirler, onlar\u0131 bir\u00e7ok end\u00fcstriyel uygulama i\u00e7in pop\u00fcler bir tercih haline getiren bir dizi avantaj ve avantaj sunar. Art\u0131r\u0131lm\u0131\u015f mukavemet ve dayan\u0131kl\u0131l\u0131klar\u0131, y\u00fcksek bas\u0131nca dayanma kabiliyetleri, \u00f6zelle\u015ftirilebilir tasar\u0131mlar\u0131, kolay montajlar\u0131 ve geli\u015fmi\u015f performanslar\u0131, g\u00fcvenilirlik ve performans\u0131n \u00f6nemli oldu\u011fu zorlu ortamlar i\u00e7in onlar\u0131 ideal bir se\u00e7im haline getirir.<\/p>\n<p><img loading=\"lazy\" decoding=\"async\" class=\"alignnone size-full wp-image-1072\" src=\"https:\/\/fmp-components.com\/wp-content\/uploads\/2024\/12\/Welded-Clevis-Type-Cylinder3.webp\" alt=\"Kaynakl\u0131 \u00c7atal Tipi Silindir\" width=\"1616\" height=\"1229\" title=\"\" srcset=\"https:\/\/fmp-components.com\/wp-content\/uploads\/2024\/12\/Welded-Clevis-Type-Cylinder3.webp 1616w, https:\/\/fmp-components.com\/wp-content\/uploads\/2024\/12\/Welded-Clevis-Type-Cylinder3-1280x973.webp 1280w, https:\/\/fmp-components.com\/wp-content\/uploads\/2024\/12\/Welded-Clevis-Type-Cylinder3-980x745.webp 980w, https:\/\/fmp-components.com\/wp-content\/uploads\/2024\/12\/Welded-Clevis-Type-Cylinder3-480x365.webp 480w\" sizes=\"(min-width: 0px) and (max-width: 480px) 480px, (min-width: 481px) and (max-width: 980px) 980px, (min-width: 981px) and (max-width: 1280px) 1280px, (min-width: 1281px) 1616px, 100vw\" \/><\/p>\n<h2>Kaynakl\u0131 \u00c7atal Tip Silindir Uygulamas\u0131<\/h2>\n<ul>\n<li><strong>End\u00fcstriyel Makineler:<\/strong> Kaynakl\u0131 \u00c7atal Tipi Silindirler, a\u011f\u0131r hizmet tipi uygulamalar i\u00e7in \u00e7e\u015fitli end\u00fcstriyel makinelerde yayg\u0131n olarak kullan\u0131lmaktad\u0131r. Bu silindirler, makinelerdeki bile\u015fenleri kald\u0131rmak ve preslemek i\u00e7in y\u00fcksek kuvvet \u00e7\u0131k\u0131\u015f\u0131 \u00fcretebilir. Kaynakl\u0131 \u00e7atal tasar\u0131m\u0131, kolay kurulum ve verimli \u00e7al\u0131\u015fma sa\u011flayarak \u00fcreticiler aras\u0131nda pop\u00fcler bir tercih haline getirir.\n<ul>\n<li>\u00dcretim sekt\u00f6r\u00fcnde Kaynakl\u0131 Kelep\u00e7e Tipi Silindirler, metal saclar\u0131n \u015fekillendirilmesi ve \u015fekillendirilmesi i\u00e7in gerekli kuvveti sa\u011flamak amac\u0131yla hidrolik preslerde, enjeksiyon kal\u0131plama makinelerinde ve metal damgalama ekipmanlar\u0131nda kullan\u0131l\u0131r.<\/li>\n<li>Otomotiv end\u00fcstrisinde bu silindirler, \u00fcretim s\u00fcrecinde a\u011f\u0131r par\u00e7alar\u0131 kald\u0131rmak i\u00e7in ara\u00e7 krikolar\u0131nda, kald\u0131r\u0131c\u0131larda ve montaj makinelerinde kullan\u0131l\u0131r.<\/li>\n<li>\u0130n\u015faat sekt\u00f6r\u00fcnde Kaynakl\u0131 Kelep\u00e7e Tipi Silindirler, a\u011f\u0131r y\u00fckleri kald\u0131ran ve hareket ettiren hidrolik sistemlere g\u00fc\u00e7 sa\u011flamak i\u00e7in vin\u00e7lerde, ekskavat\u00f6rlerde ve buldozerlerde kullan\u0131l\u0131r.<\/li>\n<\/ul>\n<\/li>\n<li><strong>Tar\u0131m Makinalar\u0131:<\/strong> Tar\u0131m makineleri, Kaynakl\u0131 \u00c7atal Tip Silindirlerin en \u00e7ok kullan\u0131ld\u0131\u011f\u0131 alanlardan biridir. Bu silindirler, trakt\u00f6rler, bi\u00e7erd\u00f6verler ve sabanlar dahil olmak \u00fczere \u00e7e\u015fitli tar\u0131m makinelerinde toprak haz\u0131rlama, ekim ve hasat i\u00e7in gerekli kuvveti sa\u011flamak amac\u0131yla kullan\u0131l\u0131r.\n<ul>\n<li>Tar\u0131m sekt\u00f6r\u00fcnde Kaynakl\u0131 \u00c7atal Tip Silindirler, toprak haz\u0131rl\u0131\u011f\u0131 ve tohum ekimi i\u00e7in gerekli kuvveti sa\u011flamak amac\u0131yla pulluk, k\u00fcltivat\u00f6r ve tohum ekim makinelerinde kullan\u0131l\u0131r.<\/li>\n<li>Hasat end\u00fcstrisinde bu silindirler, hasat makinelerinde, balya makinelerinde ve bi\u00e7me makinelerinde, mahsul\u00fc toplayan ve ta\u015f\u0131yan hidrolik sistemlere g\u00fc\u00e7 sa\u011flamak i\u00e7in kullan\u0131l\u0131r.<\/li>\n<\/ul>\n<\/li>\n<li><strong>Havac\u0131l\u0131k ve Savunma:<\/strong> Kaynakl\u0131 Kelep\u00e7e Tipi Silindirler havac\u0131l\u0131k ve savunma sanayinde de kullan\u0131lmakta olup, u\u00e7aklar, roketler, f\u00fczeler ve savunma sistemleri gibi geni\u015f bir uygulama yelpazesinde kullan\u0131lmaktad\u0131r.\n<ul>\n<li>Havac\u0131l\u0131k ve uzay end\u00fcstrisinde Kaynakl\u0131 Kelep\u00e7e Tipi Silindirler, u\u00e7ak ini\u015f tak\u0131mlar\u0131nda, kanat\u00e7\u0131klarda ve frenlerde kalk\u0131\u015f ve ini\u015f i\u00e7in gerekli kuvveti sa\u011flamak amac\u0131yla kullan\u0131l\u0131r.<\/li>\n<li>Savunma sanayinde bu silindirler f\u00fcze f\u0131rlat\u0131c\u0131lar\u0131nda, silah taretlerinde ve tank sistemlerinde silah ve m\u00fchimmat\u0131n hareketini kontrol eden hidrolik sistemlere g\u00fc\u00e7 sa\u011flamak i\u00e7in kullan\u0131l\u0131r.<\/li>\n<\/ul>\n<\/li>\n<li><strong>Denizcilik End\u00fcstrisi:<\/strong> Kaynakl\u0131 Kelep\u00e7e Tipi Silindirler denizcilik sekt\u00f6r\u00fcnde de yayg\u0131n olarak kullan\u0131lmakta olup gemiler, tekneler ve su alt\u0131 ara\u00e7lar\u0131 i\u00e7in \u00e7e\u015fitli uygulamalarda kullan\u0131lmaktad\u0131r.\n<ul>\n<li>Denizcilik sekt\u00f6r\u00fcnde Kaynakl\u0131 Kelep\u00e7e Tipi Silindirler, vin\u00e7lerde, vin\u00e7lerde ve kargo elle\u00e7leme ekipmanlar\u0131nda kargo y\u00fckleme ve bo\u015faltma i\u00e7in gerekli kuvveti sa\u011flamak amac\u0131yla kullan\u0131l\u0131r.<\/li>\n<li>Teknecilik sekt\u00f6r\u00fcnde bu silindirler, teknelerin ve gemilerin hareketini kontrol etmek i\u00e7in gerekli kuvveti sa\u011flamak amac\u0131yla d\u00fcmen sistemlerinde, pervanelerde ve \u00e7apa sistemlerinde kullan\u0131l\u0131r.<\/li>\n<li>Sualt\u0131 ara\u00e7 sekt\u00f6r\u00fcnde Kaynakl\u0131 Kelep\u00e7e Tipi Silindirler, su alt\u0131 operasyonlar\u0131 i\u00e7in gerekli kuvveti sa\u011flamak amac\u0131yla dalg\u0131\u00e7larda, uzaktan kumandal\u0131 ara\u00e7larda (ROV) ve dal\u0131\u015f ekipmanlar\u0131nda kullan\u0131l\u0131r.<\/li>\n<\/ul>\n<\/li>\n<li><strong>Madencilik End\u00fcstrisi:<\/strong> Kaynakl\u0131 Kelep\u00e7e Tipi Silindirler ayr\u0131ca madencilik sekt\u00f6r\u00fcnde de kullan\u0131l\u0131r ve mineral \u00e7\u0131karma ve malzeme ta\u015f\u0131ma gibi \u00e7e\u015fitli uygulamalarda kullan\u0131l\u0131r.\n<ul>\n<li>Madencilik sekt\u00f6r\u00fcnde Kaynakl\u0131 Kelep\u00e7e Tipi Silindirler, konvey\u00f6r sistemlerinde, sondaj makinelerinde ve hidrolik kep\u00e7elerde maden ve ta\u015f ocaklar\u0131ndan mineral ve malzemelerin \u00e7\u0131kar\u0131lmas\u0131 i\u00e7in gerekli kuvveti sa\u011flamak amac\u0131yla kullan\u0131l\u0131r.<\/li>\n<\/ul>\n<\/li>\n<\/ul>\n<h2>FMP Hakk\u0131nda<\/h2>\n<p>FMP, 200.000 set tasar\u0131m kapasitesiyle \u0130talyan hidrolik silindir pazar\u0131nda lider bir oyuncudur. Hidrolik devirme silindirleri ve hidrolik kald\u0131rma silindirleri de dahil olmak \u00fczere geni\u015f bir \u00fcr\u00fcn yelpazesi sunuyoruz. Kaliteli \u00fcr\u00fcnlerimiz, rekabet\u00e7i fiyatlar\u0131m\u0131z ve m\u00fckemmel m\u00fc\u015fteri hizmetimizle gurur duyuyoruz.<\/p>\n<p>Ayr\u0131ca y\u00fcksek irtifa \u00e7al\u0131\u015fma platformu silindirleri, end\u00fcstriyel ara\u00e7 hidrolik silindirleri, d\u00f6ner sondaj kulesi silindirleri, otomobil vin\u00e7 silindirleri ve daha fazlas\u0131n\u0131 tedarik ediyoruz. \u00d6zel ihtiya\u00e7lar\u0131n\u0131z\u0131 kar\u015f\u0131lamak i\u00e7in \u00f6zel sipari\u015fler de mevcuttur.<\/p>\n<p><img decoding=\"async\" src=\"https:\/\/hzpt.com\/wp-content\/uploads\/2023\/12\/insert-5.webp\" alt=\"FMP fabrikas\u0131\" title=\"\"><\/p>\n<h2>SSS<\/h2>\n<ol>\n<li style=\"list-style-type: none;\">\n<ol>\n<li>S: Hidrolik silindirlerinizin y\u00fck ta\u015f\u0131ma kapasitesi nedir?<br \/>\nA: Hidrolik silindirlerimiz a\u011f\u0131r hizmet tipi tar\u0131msal kullan\u0131ma uygun olarak tasarlanm\u0131\u015ft\u0131r.<\/li>\n<li>S: Hidrolik silindirin boyutlar\u0131n\u0131 \u00f6zelle\u015ftirebilir miyim?<br \/>\nC: Evet, \u00f6zel gereksinimlerinizi kar\u015f\u0131lamak i\u00e7in boyutlar\u0131 \u00f6zelle\u015ftirebiliriz.<\/li>\n<li>S: Hidrolik ya\u011f ve contalar\u0131 ne s\u0131kl\u0131kla de\u011fi\u015ftirmeliyim?<br \/>\nC: Bu kullan\u0131m s\u0131kl\u0131\u011f\u0131na ve yo\u011funlu\u011funa g\u00f6re de\u011fi\u015fir ancak d\u00fczenli bak\u0131m yap\u0131lmas\u0131 \u00f6nerilir.<\/li>\n<li>S: Hidrolik silindiri nas\u0131l \u00f6l\u00e7erim?<br \/>\nA: Hidrolik silindirin \u00f6l\u00e7\u00fcm\u00fc, silindir \u00e7ap\u0131, \u00e7ubuk \u00e7ap\u0131 ve strok uzunlu\u011funu i\u00e7erir.<\/li>\n<li>S: Hidrolik silindir nas\u0131l \u00e7al\u0131\u015f\u0131r?<br \/>\nA: Hidrolik silindir, pistonu hareket ettirmek i\u00e7in silindire hidrolik s\u0131v\u0131 zorlayarak \u00e7al\u0131\u015f\u0131r ve piston da y\u00fck\u00fc hareket ettirir.<\/li>\n<\/ol>\n<\/li>\n<\/ol>\n<p>Yazar:CX<\/p>","protected":false},"excerpt":{"rendered":"<p>The 10002 Quality Assurance Agricultural Machinery Hydraulic Cylinder for Tractor is a reliable and durable piece of equipment for all your farming needs. With its advanced hydraulic system, this cylinder can withstand high pressure and provide smooth operation for your agricultural machinery. One of the best features of this hydraulic cylinder is its quality assurance. [&hellip;]<\/p>","protected":false},"featured_media":1126,"comment_status":"closed","ping_status":"closed","template":"","meta":{"_et_pb_use_builder":"","_et_pb_old_content":"","_et_gb_content_width":""},"product_brand":[],"product_cat":[36],"product_tag":[34,38],"class_list":{"0":"post-1008","1":"product","2":"type-product","3":"status-publish","4":"has-post-thumbnail","6":"product_cat-welded-clevis-type-cylinder","7":"product_tag-hydraulic-cylinder","8":"product_tag-welded-clevis-type-cylinder","10":"first","11":"instock","12":"product-type-simple"},"_links":{"self":[{"href":"https:\/\/fmp-components.com\/tr\/wp-json\/wp\/v2\/product\/1008","targetHints":{"allow":["GET"]}}],"collection":[{"href":"https:\/\/fmp-components.com\/tr\/wp-json\/wp\/v2\/product"}],"about":[{"href":"https:\/\/fmp-components.com\/tr\/wp-json\/wp\/v2\/types\/product"}],"replies":[{"embeddable":true,"href":"https:\/\/fmp-components.com\/tr\/wp-json\/wp\/v2\/comments?post=1008"}],"wp:featuredmedia":[{"embeddable":true,"href":"https:\/\/fmp-components.com\/tr\/wp-json\/wp\/v2\/media\/1126"}],"wp:attachment":[{"href":"https:\/\/fmp-components.com\/tr\/wp-json\/wp\/v2\/media?parent=1008"}],"wp:term":[{"taxonomy":"product_brand","embeddable":true,"href":"https:\/\/fmp-components.com\/tr\/wp-json\/wp\/v2\/product_brand?post=1008"},{"taxonomy":"product_cat","embeddable":true,"href":"https:\/\/fmp-components.com\/tr\/wp-json\/wp\/v2\/product_cat?post=1008"},{"taxonomy":"product_tag","embeddable":true,"href":"https:\/\/fmp-components.com\/tr\/wp-json\/wp\/v2\/product_tag?post=1008"}],"curies":[{"name":"wp","href":"https:\/\/api.w.org\/{rel}","templated":true}]}}