{"id":838,"date":"2024-12-18T08:38:14","date_gmt":"2024-12-18T08:38:14","guid":{"rendered":"https:\/\/fmp-components.com\/?page_id=8"},"modified":"2025-03-07T08:50:50","modified_gmt":"2025-03-07T08:50:50","slug":"electric-motors","status":"publish","type":"page","link":"https:\/\/fmp-components.com\/tr\/electric-motors\/","title":{"rendered":"Elektrik Motorlar\u0131"},"content":{"rendered":"<p>[et_pb_section fb_built=&#8221;1&#8243; _builder_version=&#8221;4.27.4&#8243; _module_preset=&#8221;default&#8221; use_background_color_gradient=&#8221;on&#8221; background_color_gradient_stops=&#8221;rgba(8,40,9,0.19) 0%|rgba(8,40,9,0.33) 100%&#8221; background_color_gradient_overlays_image=&#8221;on&#8221; background_image=&#8221;https:\/\/fmp-components.com\/wp-content\/uploads\/2024\/12\/Electric-Motor-Banner.webp&#8221; min_height=&#8221;637px&#8221; global_colors_info=&#8221;{}&#8221;][et_pb_row _builder_version=&#8221;4.27.4&#8243; _module_preset=&#8221;default&#8221; custom_padding=&#8221;81px|||||&#8221; global_colors_info=&#8221;{}&#8221;][et_pb_column type=&#8221;4_4&#8243; _builder_version=&#8221;4.27.4&#8243; _module_preset=&#8221;default&#8221; global_colors_info=&#8221;{}&#8221;][et_pb_text _builder_version=&#8221;4.27.4&#8243; _module_preset=&#8221;default&#8221; header_font=&#8221;Frank Ruhl Libre|500|||||||&#8221; header_text_align=&#8221;center&#8221; header_text_color=&#8221;#FFFFFF&#8221; header_font_size=&#8221;65px&#8221; header_text_shadow_style=&#8221;preset1&#8243; global_colors_info=&#8221;{}&#8221;]<\/p>\n<h1>Elektrik Motoru<\/h1>\n<p>[\/et_pb_text][\/et_pb_column][\/et_pb_row][et_pb_row _builder_version=\u201d4.27.4\u2033 _module_preset=\u201ddefault\u201d global_colors_info=\u201d{}\u201d][et_pb_column type=\u201d4_4\u2033 _builder_version=\u201d4.27.4\u2033 _module_preset=\u201ddefault\u201d global_colors_info=\u201d{}\u201d][et_pb_text _builder_version=\u201d4.27.4\u2033 _module_preset=\u201ddefault\u201d text_text_color=\u201d#FFFFFF\u201d text_font_size=\u201d16px\u201d text_line_height=\u201d1.8em\u201d text_text_shadow_style=\u201dpreset4\u2033 global_colors_info=\u201d{}\u201d]<\/p>\n<p>Elektrik motoru, elektrik enerjisini mekanik enerjiye d\u00f6n\u00fc\u015ft\u00fcren ve ev aletlerinden end\u00fcstriyel makinelere kadar \u00e7ok \u00e7e\u015fitli uygulamalara g\u00fc\u00e7 sa\u011flayan \u00e7ok y\u00f6nl\u00fc bir cihazd\u0131r. Verimlilikleri, g\u00fcvenilirlikleri ve kullan\u0131m kolayl\u0131klar\u0131yla bilinen bu motorlar, \u00e7e\u015fitli sekt\u00f6rlerde vazge\u00e7ilmez bile\u015fenlerdir.<\/p>\n<p>FMP olarak, \u00f6zel ihtiya\u00e7lar\u0131n\u0131z\u0131 kar\u015f\u0131lamak \u00fczere tasarlanm\u0131\u015f AC motorlar, DC motorlar ve step motorlar dahil olmak \u00fczere \u00e7e\u015fitli elektrik motorlar\u0131 sunuyoruz. Ayr\u0131ca, uygulaman\u0131z i\u00e7in m\u00fckemmel motoru alman\u0131z\u0131 sa\u011flamak ad\u0131na \u00f6zel sipari\u015fleri de kabul ediyoruz. \u0130ster standart modeller ister \u00f6zel \u00e7\u00f6z\u00fcmler olsun, FMP ihtiya\u00e7lar\u0131n\u0131z\u0131 kar\u015f\u0131layan y\u00fcksek kaliteli elektrik motorlar\u0131 sa\u011flamak i\u00e7in burada.<\/p>\n<p>[\/et_pb_text][\/et_pb_column][\/et_pb_row][\/et_pb_section][et_pb_section fb_built=&#8221;1&#8243; _builder_version=&#8221;4.27.4&#8243; _module_preset=&#8221;default&#8221; global_colors_info=&#8221;{}&#8221;][et_pb_row _builder_version=&#8221;4.27.4&#8243; _module_preset=&#8221;default&#8221; global_colors_info=&#8221;{}&#8221;][et_pb_column type=&#8221;4_4&#8243; _builder_version=&#8221;4.27.4&#8243; _module_preset=&#8221;default&#8221; global_colors_info=&#8221;{}&#8221;][et_pb_text _builder_version=&#8221;4.27.4&#8243; _module_preset=&#8221;default&#8221; header_2_font=&#8221;Frank Ruhl Libre||||||||&#8221; header_2_text_align=&#8221;center&#8221; header_2_font_size=&#8221;40px&#8221; hover_enabled=&#8221;0&#8243; global_colors_info=&#8221;{}&#8221; sticky_enabled=&#8221;0&#8243;]<\/p>\n<h2>Elektrik Motoru<\/h2>\n<p>[\/et_pb_text][\/et_pb_column][\/et_pb_row][et_pb_row column_structure=&#8221;1_3,1_3,1_3&#8243; _builder_version=&#8221;4.27.4&#8243; _module_preset=&#8221;default&#8221; global_colors_info=&#8221;{}&#8221;][et_pb_column type=&#8221;1_3&#8243; _builder_version=&#8221;4.27.4&#8243; _module_preset=&#8221;default&#8221; global_colors_info=&#8221;{}&#8221;][et_pb_image src=&#8221;https:\/\/fmp-components.com\/wp-content\/uploads\/2024\/12\/DC-Direct-Current-Motors.webp&#8221; alt=&#8221;DC (Direct Current) Motors&#8221; title_text=&#8221;DC (Direct Current) Motors&#8221; _builder_version=&#8221;4.27.4&#8243; _module_preset=&#8221;default&#8221; global_colors_info=&#8221;{}&#8221;][\/et_pb_image][et_pb_toggle title=&#8221;DC (Direct Current) Motors&#8221; _builder_version=&#8221;4.27.4&#8243; _module_preset=&#8221;default&#8221; global_colors_info=&#8221;{}&#8221;]<\/p>\n<ul>\n<li><a href=\"https:\/\/fmp-components.com\/tr\/product\/italy-supplier-mini-dc-motor-tgp01d-a130-plastic-gearbox-plus-a130\/\">Mini DC Motor TGP01D-A130 Plastik \u015eanz\u0131man Plus A130d<\/a><\/li>\n<li><a href=\"https:\/\/fmp-components.com\/tr\/product\/plastic-gearbox-mini-geared-motor-tgp01s-a130\/\">Plastik \u015eanz\u0131man Mini Di\u015fli Motor TGP01S-A130<\/a><\/li>\n<li><a href=\"https:\/\/fmp-components.com\/tr\/product\/plastic-gearbox-motor-tgp02d-a130-for-toy-robot-remote-control-toy-cars\/\">Oyuncak Robot Uzaktan Kumandal\u0131 Oyuncak Arabalar \u0130\u00e7in Plastik \u015eanz\u0131man Motoru TGP02D-A130<\/a><\/li>\n<li><a href=\"https:\/\/fmp-components.com\/tr\/product\/low-noise-basic-dc-toy-motor-for-toy-car-tgp02s-a130\/\">Oyuncak Araba i\u00e7in D\u00fc\u015f\u00fck G\u00fcr\u00fclt\u00fcl\u00fc Temel DC Oyuncak Motoru TGP02S-A130<\/a><\/li>\n<li><a href=\"https:\/\/fmp-components.com\/tr\/product\/zy-jb-dc-gear-motor-series\/\">ZY\/JB DC Di\u015fli Motor Serisi<\/a><\/li>\n<li><a href=\"https:\/\/fmp-components.com\/tr\/product\/yyyn-jb-gear-reducer-single-three-phase-motor-series\/\">YY(YN)\/JB Di\u015fli Red\u00fckt\u00f6r Motor Serisi<\/a><\/li>\n<\/ul>\n<p>[\/et_pb_toggle][\/et_pb_column][et_pb_column type=&#8221;1_3&#8243; _builder_version=&#8221;4.27.4&#8243; _module_preset=&#8221;default&#8221; global_colors_info=&#8221;{}&#8221;][et_pb_image src=&#8221;https:\/\/fmp-components.com\/wp-content\/uploads\/2024\/12\/Asynchronous-Motors.webp&#8221; alt=&#8221;Asynchronous Motors&#8221; title_text=&#8221;Asynchronous Motors&#8221; _builder_version=&#8221;4.27.4&#8243; _module_preset=&#8221;default&#8221; global_colors_info=&#8221;{}&#8221;][\/et_pb_image][et_pb_toggle title=&#8221;AC Motors-Asynchronous Motors&#8221; _builder_version=&#8221;4.27.4&#8243; _module_preset=&#8221;default&#8221; global_colors_info=&#8221;{}&#8221;]<\/p>\n<ul>\n<li><a href=\"https:\/\/fmp-components.com\/tr\/product\/y-series-high-efficiency-three-phase-asynchronous-electric-motor\/\">Y Serisi \u00dc\u00e7 Fazl\u0131 Asenkron Elektrik Motoru<\/a><\/li>\n<li><a href=\"https:\/\/fmp-components.com\/tr\/product\/y2-series-cast-iron-housing-three-phase-asynchronous-electric-motor\/\">Y2 Serisi \u00dc\u00e7 Fazl\u0131 Asenkron Elektrik Motoru<\/a><\/li>\n<li><a href=\"https:\/\/fmp-components.com\/tr\/product\/y3-series-low-voltage-high-power-three-phase-asynchronous-electric-motor\/\">Y3 Serisi \u00dc\u00e7 Fazl\u0131 Asenkron Motor<\/a><\/li>\n<li><a href=\"https:\/\/fmp-components.com\/tr\/product\/ys-series-electric-motor\/\">YS Serisi K\u00fc\u00e7\u00fck G\u00fc\u00e7 \u00dc\u00e7 Fazl\u0131 Asenkron Motor<\/a><\/li>\n<li><a href=\"https:\/\/fmp-components.com\/tr\/product\/nema-standard-premium-efficiency-three-phase-induction-electric-motor\/\">NEMA Standard\u0131 Y\u00fcksek Verimli \u00dc\u00e7 Fazl\u0131 End\u00fcksiyon Motorlar\u0131<\/a><\/li>\n<li><a href=\"https:\/\/fmp-components.com\/tr\/product\/yd-series-pole-changing-multi-speed-three-phase-asynchronous-electric-motor\/\">YD Serisi Kutup De\u011fi\u015ftiren \u00c7ok H\u0131zl\u0131 \u00dc\u00e7 Fazl\u0131 Asenkron Elektrik Motoru<\/a><\/li>\n<li><a href=\"https:\/\/fmp-components.com\/tr\/product\/ydt-series-three-phase-consequent-poles-asynchronous-motor-for-fan-and-pump\/\">YDT Serisi Fan ve Pompa i\u00e7in Kutup De\u011fi\u015ftirmeli \u00c7ok H\u0131zl\u0131 \u00dc\u00e7 Fazl\u0131 Asenkron Motor<\/a><\/li>\n<li><a href=\"https:\/\/fmp-components.com\/tr\/product\/yej-series-electromagnetic-braking-three-phase-asynchronous-motor\/\">YEJ Serisi Elektromanyetik Frenli \u00dc\u00e7 Fazl\u0131 Asenkron Motor<\/a><\/li>\n<li><a href=\"https:\/\/fmp-components.com\/tr\/product\/yvf2-series-frequency-variable-speed-regulation-three-phase-asynchronous-motor\/\">YVF2 Serisi Frekans De\u011fi\u015fken H\u0131z Reg\u00fclasyonlu \u00dc\u00e7 Fazl\u0131 Asenkron Motor<\/a><\/li>\n<li><a href=\"https:\/\/fmp-components.com\/tr\/product\/yb2-series-explosion-proof-three-phase-asynchronous-motor\/\">YB Serisi Patlamaya Dayan\u0131kl\u0131 \u00dc\u00e7 Fazl\u0131 Asenkron Motor<\/a><\/li>\n<li><a href=\"https:\/\/fmp-components.com\/tr\/product\/yc-series-heavy-duty-capacitors-start-single-phase-induction-motor\/\">YC YL Serisi Tek Fazl\u0131 Asenkron End\u00fcksiyon Motorlar\u0131<\/a><\/li>\n<\/ul>\n<p>[\/et_pb_toggle][\/et_pb_column][et_pb_column type=&#8221;1_3&#8243; _builder_version=&#8221;4.27.4&#8243; _module_preset=&#8221;default&#8221; global_colors_info=&#8221;{}&#8221;][et_pb_image src=&#8221;https:\/\/fmp-components.com\/wp-content\/uploads\/2024\/12\/Brake-Motors.webp&#8221; alt=&#8221;Brake Motors&#8221; title_text=&#8221;Brake Motors&#8221; _builder_version=&#8221;4.27.4&#8243; _module_preset=&#8221;default&#8221; global_colors_info=&#8221;{}&#8221;][\/et_pb_image][et_pb_toggle title=&#8221;Brake Motors&#8221; _builder_version=&#8221;4.27.4&#8243; _module_preset=&#8221;default&#8221; global_colors_info=&#8221;{}&#8221;]<\/p>\n<ul>\n<li><a href=\"https:\/\/fmp-components.com\/tr\/product\/yej-series-electromagnetic-braking-three-phase-asynchronous-motor\/\">YEJ Serisi Elektromanyetik Frenli \u00dc\u00e7 Fazl\u0131 Asenkron Motor<\/a><\/li>\n<li><a href=\"https:\/\/fmp-components.com\/tr\/product\/yej2-series-electromagnetic-braking-three-phase-asynchronous-motor\/\">YEJ2 Serisi Elektromanyetik Frenli \u00dc\u00e7 Fazl\u0131 Asenkron Motor<\/a><\/li>\n<li><a href=\"https:\/\/fmp-components.com\/tr\/product\/yeja-series-ac-electromagnetic-brake-three-phase-asynchronous-motor\/\">YEJA Serisi AC Elektromanyetik Frenli \u00dc\u00e7 Fazl\u0131 Asenkron Motor<\/a><\/li>\n<\/ul>\n<p>[\/et_pb_toggle][\/et_pb_column][\/et_pb_row][et_pb_row column_structure=&#8221;1_3,1_3,1_3&#8243; _builder_version=&#8221;4.27.4&#8243; _module_preset=&#8221;default&#8221; global_colors_info=&#8221;{}&#8221;][et_pb_column type=&#8221;1_3&#8243; _builder_version=&#8221;4.27.4&#8243; _module_preset=&#8221;default&#8221; global_colors_info=&#8221;{}&#8221;][et_pb_image src=&#8221;https:\/\/fmp-components.com\/wp-content\/uploads\/2024\/12\/Stainless-Steel-Motors.webp&#8221; alt=&#8221;Stainless Steel Motors&#8221; title_text=&#8221;Stainless Steel Motors&#8221; _builder_version=&#8221;4.27.4&#8243; _module_preset=&#8221;default&#8221; global_colors_info=&#8221;{}&#8221;][\/et_pb_image][et_pb_toggle title=&#8221;Stainless Steel Motors&#8221; _builder_version=&#8221;4.27.4&#8243; _module_preset=&#8221;default&#8221; global_colors_info=&#8221;{}&#8221;]<\/p>\n<ul>\n<li><a href=\"https:\/\/fmp-components.com\/tr\/product\/nema-stainless-steel-stepper-motor-with-double-capacitor\/\">\u00c7ift Kapasit\u00f6rl\u00fc NEMA Paslanmaz \u00c7elik Ad\u0131m Motoru<\/a><\/li>\n<li><a href=\"https:\/\/fmp-components.com\/tr\/product\/tefc-stainless-steel-nema-washdown-electric-motor\/\">TEFC Paslanmaz \u00c7elik NEMA Y\u0131kanabilir Elektrik Motoru<\/a><\/li>\n<li><a href=\"https:\/\/fmp-components.com\/tr\/product\/tenv-stainless-steel-washdown-nema-motor-with-single-capacitor\/\">Tek Kapasit\u00f6rl\u00fc TENV Paslanmaz \u00c7elik Y\u0131kanabilir NEMA Motor<\/a><\/li>\n<li><a href=\"https:\/\/fmp-components.com\/tr\/product\/tefc-nema-stainless-steel-motor\/\">TEFC NEMA Paslanmaz \u00c7elik Motor<\/a><\/li>\n<li><a href=\"https:\/\/fmp-components.com\/tr\/product\/ip67-waterproof-nema-stainless-steel-motor-tenv\/\">IP67 Su Ge\u00e7irmez NEMA Paslanmaz \u00c7elik Motor TENV<\/a><\/li>\n<li><a href=\"https:\/\/fmp-components.com\/tr\/product\/b5-flange-mounted-stainless-steel-motor-tefc-for-food-machinery\/\">G\u0131da makineleri i\u00e7in B5 Flan\u015f Montajl\u0131 Paslanmaz \u00c7elik Motor-TEFC<\/a><\/li>\n<li><a href=\"https:\/\/fmp-components.com\/tr\/product\/b14-face-mounted-stainless-steel-motor-tefc\/\">B14 Y\u00fczeye Monte Paslanmaz \u00c7elik Motor TEFC<\/a><\/li>\n<li><a href=\"https:\/\/fmp-components.com\/tr\/product\/iec-stainless-steel-motor-b3-foot-mounted-tefc\/\">IEC Paslanmaz \u00c7elik Motor B3 Ayak \u00dcst\u00fc TEFC<\/a><\/li>\n<li><a href=\"https:\/\/fmp-components.com\/tr\/product\/iec-motor-b5t-flange-mounted-stainless-steel-motor-tenv-replacement-of-sew-motor\/\">IEC Motor B5T Flan\u015f Montajl\u0131 Paslanmaz \u00c7elik Motor TENV, SEW Motorunun yerine kullan\u0131l\u0131r<\/a><\/li>\n<li><a href=\"https:\/\/fmp-components.com\/tr\/product\/iec-b5-flange-mounted-stainless-steel-motor-tenv\/\">IEC B5 Flan\u015f Montajl\u0131 Paslanmaz \u00c7elik Motor -TENV<\/a><\/li>\n<li><a href=\"https:\/\/fmp-components.com\/tr\/product\/iec-b14-face-mounted-stainless-steel-motor-tenv\/\">IEC B14 Y\u00fczeye Monte Paslanmaz \u00c7elik Motor -TENV<\/a><\/li>\n<li><a href=\"https:\/\/fmp-components.com\/tr\/product\/iec-stainless-steel-motor-b3-foot-mounted-tenv\/\">IEC Paslanmaz \u00c7elik Motor B3 Ayak \u00dcst\u00fc-TENV<\/a><\/li>\n<\/ul>\n<p>[\/et_pb_toggle][\/et_pb_column][et_pb_column type=&#8221;1_3&#8243; _builder_version=&#8221;4.27.4&#8243; _module_preset=&#8221;default&#8221; global_colors_info=&#8221;{}&#8221;][et_pb_image src=&#8221;https:\/\/fmp-components.com\/wp-content\/uploads\/2024\/12\/Spindle-Motors.webp&#8221; alt=&#8221;Spindle Motors&#8221; title_text=&#8221;Spindle Motors&#8221; _builder_version=&#8221;4.27.4&#8243; _module_preset=&#8221;default&#8221; global_colors_info=&#8221;{}&#8221;][\/et_pb_image][et_pb_toggle title=&#8221;Spindle Motors&#8221; _builder_version=&#8221;4.27.4&#8243; _module_preset=&#8221;default&#8221; global_colors_info=&#8221;{}&#8221;]<\/p>\n<ul>\n<li><a href=\"https:\/\/fmp-components.com\/tr\/product\/pneumatic-unclamp-cylinder\/\">Pn\u00f6matik Kelep\u00e7e A\u00e7ma Silindiri<\/a><\/li>\n<li><a href=\"https:\/\/fmp-components.com\/tr\/product\/electrical-spindle-for-special-usage\/\">\u00d6zel Kullan\u0131m \u0130\u00e7in Elektrikli Mil<\/a><\/li>\n<li><a href=\"https:\/\/fmp-components.com\/tr\/product\/spindle-motor-used-for-lathe-jszd150t-jszd110j\/\">Torna Tezgah\u0131 JSZD150T JSZD110J i\u00e7in Kullan\u0131lan Mil Motoru<\/a><\/li>\n<li><a href=\"https:\/\/fmp-components.com\/tr\/product\/spindle-motor-used-for-lathe-jszd150h\/\">Torna Tezgah\u0131 JSZD280 i\u00e7in Kullan\u0131lan Mil Motoru<\/a><\/li>\n<li><a href=\"https:\/\/fmp-components.com\/tr\/product\/spindle-motor-used-for-lathe-jszd150h\/\">Torna Tezgah\u0131 JSZD150H i\u00e7in Kullan\u0131lan Mil Motoru<\/a><\/li>\n<li><a href=\"https:\/\/fmp-components.com\/tr\/product\/spindle-motor-used-for-cnc-spindle-jszd320\/\">CNC Spindle JSZD320 i\u00e7in Kullan\u0131lan Spindle Motoru<\/a><\/li>\n<li><a href=\"https:\/\/fmp-components.com\/tr\/product\/spindle-motor-used-for-cnc-spindle-jszd240\/\">CNC Spindle JSZD240 i\u00e7in Kullan\u0131lan Spindle Motoru<\/a><\/li>\n<li><a href=\"https:\/\/fmp-components.com\/tr\/product\/spindle-motor-used-for-cnc-spindle-jszd280a\/\">CNC Spindle JSZD280A i\u00e7in Kullan\u0131lan Spindle Motoru<\/a><\/li>\n<li><a href=\"https:\/\/fmp-components.com\/tr\/product\/spindle-motor-used-for-cnc-spindle-jszd220\/\">CNC Spindle JSZD220 i\u00e7in Kullan\u0131lan Spindle Motoru<\/a><\/li>\n<li><a href=\"https:\/\/fmp-components.com\/tr\/product\/spindle-motor-used-for-cnc-spindle-jszd202\/\">CNC Spindle JSZD202 i\u00e7in Kullan\u0131lan Spindle Motoru<\/a><\/li>\n<li><a href=\"https:\/\/fmp-components.com\/tr\/product\/spindle-motor-used-for-cnc-spindle-jszd170c\/\">CNC Spindle JSZD170C i\u00e7in Kullan\u0131lan Spindle Motoru<\/a><\/li>\n<li><a href=\"https:\/\/fmp-components.com\/tr\/product\/spindle-motor-used-for-cnc-spindle-jszd150c\/\">CNC Spindle JSZD150C i\u00e7in Kullan\u0131lan Spindle Motoru<\/a><\/li>\n<li><a href=\"https:\/\/fmp-components.com\/tr\/product\/spindle-motor-used-for-grinding-spindle\/\">Mil Ta\u015flamada Kullan\u0131lan Mil Motoru<\/a><\/li>\n<li><a href=\"https:\/\/fmp-components.com\/tr\/product\/spindle-motor-used-for-engraving-and-milling\/\">Grav\u00fcr ve Frezelemede Kullan\u0131lan Mil Motoru<\/a><\/li>\n<\/ul>\n<p>[\/et_pb_toggle][\/et_pb_column][et_pb_column type=&#8221;1_3&#8243; _builder_version=&#8221;4.27.4&#8243; _module_preset=&#8221;default&#8221; global_colors_info=&#8221;{}&#8221;][et_pb_image src=&#8221;https:\/\/fmp-components.com\/wp-content\/uploads\/2024\/12\/Explosion-Proof-Motor.webp&#8221; alt=&#8221;Explosion Proof Motor&#8221; title_text=&#8221;Explosion Proof Motor&#8221; _builder_version=&#8221;4.27.4&#8243; _module_preset=&#8221;default&#8221; global_colors_info=&#8221;{}&#8221;][\/et_pb_image][et_pb_toggle title=&#8221;Explosion Proof Motor&#8221; _builder_version=&#8221;4.27.4&#8243; _module_preset=&#8221;default&#8221; global_colors_info=&#8221;{}&#8221;]<\/p>\n<ul>\n<li><a href=\"https:\/\/fmp-components.com\/tr\/product\/yb2-series-explosion-proof-three-phase-asynchronous-motor\/\">YB2 Serisi Patlamaya Dayan\u0131kl\u0131 \u00dc\u00e7 Fazl\u0131 Asenkron Motor<\/a><\/li>\n<li><a href=\"https:\/\/fmp-components.com\/tr\/product\/yb3-series-explosion-proof-three-phase-induction-motor\/\">YB3 Serisi Patlamaya Dayan\u0131kl\u0131 \u00dc\u00e7 Fazl\u0131 End\u00fcksiyon Motoru<\/a><\/li>\n<li><a href=\"https:\/\/fmp-components.com\/tr\/product\/ybx3-series-explosion-proof-three-phase-asynchronous-motor\/\">YBX3 Serisi Patlamaya Dayan\u0131kl\u0131 \u00dc\u00e7 Fazl\u0131 Asenkron Motor<\/a><\/li>\n<li><a href=\"https:\/\/fmp-components.com\/tr\/product\/ybx4-series-explosion-proof-three-phase-asynchronous-motor\/\">YBX4 Serisi Patlamaya Dayan\u0131kl\u0131 \u00dc\u00e7 Fazl\u0131 Asenkron Motor<\/a><\/li>\n<li><a href=\"https:\/\/fmp-components.com\/tr\/product\/ybbp-series-explosion-proof-variable-frequency-adjustable-speed-three-phase-asynchronous-motor\/\">YBBP Serisi Patlamaya Dayan\u0131kl\u0131 De\u011fi\u015fken Frekansl\u0131 Ayarlanabilir H\u0131zl\u0131 \u00dc\u00e7 Fazl\u0131 Asenkron Motor<\/a><\/li>\n<\/ul>\n<p>[\/et_pb_toggle][\/et_pb_column][\/et_pb_row][\/et_pb_section]<\/p>","protected":false},"excerpt":{"rendered":"<p>Electric MotorAn electric motor is a versatile device that converts electrical energy into mechanical energy, powering a wide range of applications from household appliances to industrial machinery. These motors are known for their efficiency, reliability, and ease of use, making them essential components in various sectors. At FMP, we offer a diverse selection of electric [&hellip;]<\/p>","protected":false},"author":2,"featured_media":0,"parent":0,"menu_order":0,"comment_status":"closed","ping_status":"closed","template":"","meta":{"_et_pb_use_builder":"on","_et_pb_old_content":"","_et_gb_content_width":"","footnotes":""},"class_list":["post-838","page","type-page","status-publish","hentry"],"_links":{"self":[{"href":"https:\/\/fmp-components.com\/tr\/wp-json\/wp\/v2\/pages\/838","targetHints":{"allow":["GET"]}}],"collection":[{"href":"https:\/\/fmp-components.com\/tr\/wp-json\/wp\/v2\/pages"}],"about":[{"href":"https:\/\/fmp-components.com\/tr\/wp-json\/wp\/v2\/types\/page"}],"author":[{"embeddable":true,"href":"https:\/\/fmp-components.com\/tr\/wp-json\/wp\/v2\/users\/2"}],"replies":[{"embeddable":true,"href":"https:\/\/fmp-components.com\/tr\/wp-json\/wp\/v2\/comments?post=838"}],"version-history":[{"count":20,"href":"https:\/\/fmp-components.com\/tr\/wp-json\/wp\/v2\/pages\/838\/revisions"}],"predecessor-version":[{"id":6328,"href":"https:\/\/fmp-components.com\/tr\/wp-json\/wp\/v2\/pages\/838\/revisions\/6328"}],"wp:attachment":[{"href":"https:\/\/fmp-components.com\/tr\/wp-json\/wp\/v2\/media?parent=838"}],"curies":[{"name":"wp","href":"https:\/\/api.w.org\/{rel}","templated":true}]}}