{"id":7847,"date":"2025-04-08T08:44:24","date_gmt":"2025-04-08T08:44:24","guid":{"rendered":"https:\/\/fmp-components.com\/?page_id=7847"},"modified":"2025-04-09T05:38:24","modified_gmt":"2025-04-09T05:38:24","slug":"ring-and-pinion-gears","status":"publish","type":"page","link":"https:\/\/fmp-components.com\/tr\/ring-and-pinion-gears\/","title":{"rendered":"Halka ve Pinyon Di\u015flileri"},"content":{"rendered":"<p>[et_pb_section fb_built=&#8221;1&#8243; _builder_version=&#8221;4.27.4&#8243; _module_preset=&#8221;default&#8221; use_background_color_gradient=&#8221;on&#8221; background_color_gradient_stops=&#8221;rgba(0,0,0,0.27) 0%|rgba(0,0,0,0.41) 100%&#8221; background_color_gradient_overlays_image=&#8221;on&#8221; background_image=&#8221;https:\/\/fmp-components.com\/wp-content\/uploads\/2025\/04\/ring-and-pinion-gears-banner-2.webp&#8221; min_height=&#8221;381px&#8221; global_colors_info=&#8221;{}&#8221;][et_pb_row _builder_version=&#8221;4.27.4&#8243; _module_preset=&#8221;default&#8221; global_colors_info=&#8221;{}&#8221;][et_pb_column type=&#8221;4_4&#8243; _builder_version=&#8221;4.27.4&#8243; _module_preset=&#8221;default&#8221; global_colors_info=&#8221;{}&#8221;][et_pb_text _builder_version=&#8221;4.27.4&#8243; _module_preset=&#8221;default&#8221; header_font=&#8221;Frank Ruhl Libre||||||||&#8221; header_text_align=&#8221;center&#8221; header_text_color=&#8221;#FFFFFF&#8221; header_font_size=&#8221;70px&#8221; header_text_shadow_style=&#8221;preset1&#8243; global_colors_info=&#8221;{}&#8221;]<\/p>\n<h1 style=\"text-align: center;\">Halka ve Pinyon Di\u015flileri<\/h1>\n<p>[\/et_pb_text][et_pb_text _builder_version=\u201d4.27.4\u2033 _module_preset=\u201ddefault\u201d text_font=\u201dFrank Ruhl Libre|600|||||||\u201d text_text_color=\u201d#FFFFFF\u201d text_font_size=\u201d18px\u201d text_line_height=\u201d1.8em\u201d text_orientation=\u201dcenter\u201d global_colors_info=\u201d{}\u201d]<\/p>\n<p>\u0130htiyac\u0131n\u0131z olan \u00fcr\u00fcn listede yoksa, hemen \u00fccretsiz fiyat teklifi al\u0131n!<\/p>\n<p>[\/et_pb_text][\/et_pb_column][\/et_pb_row][\/et_pb_section][et_pb_section fb_built=&#8221;1&#8243; _builder_version=&#8221;4.27.4&#8243; _module_preset=&#8221;default&#8221; global_colors_info=&#8221;{}&#8221;][et_pb_row _builder_version=&#8221;4.27.4&#8243; _module_preset=&#8221;default&#8221; global_colors_info=&#8221;{}&#8221;][et_pb_column type=&#8221;4_4&#8243; _builder_version=&#8221;4.27.4&#8243; _module_preset=&#8221;default&#8221; global_colors_info=&#8221;{}&#8221;][et_pb_text _builder_version=&#8221;4.27.4&#8243; _module_preset=&#8221;default&#8221; header_2_font=&#8221;Frank Ruhl Libre||||||||&#8221; header_2_font_size=&#8221;40px&#8221; global_colors_info=&#8221;{}&#8221;]<\/p>\n<h2 style=\"text-align: center;\">En \u0130yi Halka ve Pinyon Di\u015flileri<\/h2>\n<p>[\/et_pb_text][et_pb_shop type=&#8221;product_category&#8221; show_pagination=&#8221;on&#8221; include_categories=&#8221;115&#8243; _builder_version=&#8221;4.27.4&#8243; _module_preset=&#8221;default&#8221; title_font=&#8221;Frank Ruhl Libre||||||||&#8221; title_text_align=&#8221;center&#8221; title_font_size=&#8221;17px&#8221; global_colors_info=&#8221;{}&#8221;][\/et_pb_shop][\/et_pb_column][\/et_pb_row][et_pb_row _builder_version=&#8221;4.27.4&#8243; _module_preset=&#8221;default&#8221;][et_pb_column _builder_version=&#8221;4.27.4&#8243; _module_preset=&#8221;default&#8221; type=&#8221;4_4&#8243;][et_pb_divider _builder_version=&#8221;4.27.4&#8243; _module_preset=&#8221;default&#8221; color=&#8221;#E09900&#8243; hover_enabled=&#8221;0&#8243; sticky_enabled=&#8221;0&#8243;][\/et_pb_divider][\/et_pb_column][\/et_pb_row][et_pb_row _builder_version=&#8221;4.27.4&#8243; _module_preset=&#8221;default&#8221; column_structure=&#8221;1_2,1_2&#8243;][et_pb_column _builder_version=&#8221;4.27.4&#8243; _module_preset=&#8221;default&#8221; type=&#8221;1_2&#8243;][et_pb_image src=&#8221;https:\/\/fmp-components.com\/wp-content\/uploads\/2025\/04\/Ring_Pinion_2.gif&#8221; _builder_version=&#8221;4.27.4&#8243; _module_preset=&#8221;default&#8221; alt=&#8221;Ring_Pinion&#8221; title_text=&#8221;Ring_Pinion_2&#8243; hover_enabled=&#8221;0&#8243; sticky_enabled=&#8221;0&#8243;][\/et_pb_image][\/et_pb_column][et_pb_column _builder_version=&#8221;4.27.4&#8243; _module_preset=&#8221;default&#8221; type=&#8221;1_2&#8243;][et_pb_text _builder_version=&#8221;4.27.4&#8243; _module_preset=&#8221;default&#8221; header_3_font=&#8221;Frank Ruhl Libre||||||||&#8221; header_3_font_size=&#8221;30px&#8221; text_font_size=&#8221;16px&#8221; text_line_height=&#8221;1.8em&#8221; hover_enabled=&#8221;0&#8243; sticky_enabled=&#8221;0&#8243;]<\/p>\n<div>\n<h3 dir=\"auto\" class=\"\">Neden Halka ve Pinyon Di\u015flileri Se\u00e7melisiniz?<\/h3>\n<p dir=\"auto\" class=\"break-words\">Halka ve pinyon di\u015flileri, bir arac\u0131n aktarma organlar\u0131n\u0131n temel bile\u015fenleridir ve g\u00fcc\u00fc diferansiyel \u00fczerinden 90 derecelik bir a\u00e7\u0131yla yeniden y\u00f6nlendirerek motordan tekerleklere torku verimli bir \u015fekilde aktar\u0131r. Mevcut \u00e7e\u015fitli y\u00f6ntemler aras\u0131nda, hipoid halka ve pinyon di\u015flileri, \u00fcst\u00fcn mukavemetleri, daha sessiz \u00e7al\u0131\u015fmalar\u0131 ve daha y\u00fcksek red\u00fcksiyon oranlar\u0131yla ba\u015fa \u00e7\u0131kma kabiliyetleri nedeniyle otomotiv end\u00fcstrisinde tercih edilen se\u00e7enek olarak \u00f6ne \u00e7\u0131kmaktad\u0131r. FMP olarak, ihtiya\u00e7lar\u0131n\u0131za \u00f6zel olarak uyarlanm\u0131\u015f halka ve pinyon di\u015flileri sunan en iyi halka ve pinyon di\u015fli \u00fcreticisi ve tedarik\u00e7isi olmaktan gurur duyuyoruz. \u0130ster sokak performans\u0131, ister arazi dayan\u0131kl\u0131l\u0131\u011f\u0131, ister piste haz\u0131r hassasiyet i\u00e7in optimize ediyor olun, FMP'nin di\u015fli setleri e\u015fsiz g\u00fcvenilirlik ve verimlilik sa\u011flar.<\/p>\n<\/div>\n<p>[\/et_pb_text][\/et_pb_column][\/et_pb_row][et_pb_row _builder_version=&#8221;4.27.4&#8243; _module_preset=&#8221;default&#8221; column_structure=&#8221;1_2,1_2&#8243;][et_pb_column _builder_version=&#8221;4.27.4&#8243; _module_preset=&#8221;default&#8221; type=&#8221;1_2&#8243;][et_pb_text _builder_version=&#8221;4.27.4&#8243; _module_preset=&#8221;default&#8221; text_font_size=&#8221;16px&#8221; text_line_height=&#8221;1.8em&#8221; header_3_font=&#8221;Frank Ruhl Libre||||||||&#8221; header_3_font_size=&#8221;30px&#8221; hover_enabled=&#8221;0&#8243; sticky_enabled=&#8221;0&#8243;]<\/p>\n<div>\n<h3 dir=\"auto\" class=\"\">FMP'den \u00dcst\u00fcn Kalite<\/h3>\n<p dir=\"auto\" class=\"break-words\">Halka ve pinyon di\u015flilerinin performans\u0131, b\u00fcy\u00fck \u00f6l\u00e7\u00fcde tasar\u0131mlar\u0131na, malzemelerine ve \u00fcretim hassasiyetine ba\u011fl\u0131d\u0131r; bu alanlar, FMP'nin sekt\u00f6r lideri olarak \u00f6ne \u00e7\u0131kt\u0131\u011f\u0131 alanlard\u0131r. \u00d6zel halka ve pinyon di\u015flilerimiz, en son teknolojiyle tasarlanm\u0131\u015f olup TS16949, ISO9001 ve ISO14001 sertifikalar\u0131 da dahil olmak \u00fczere en y\u00fcksek standartlara uygundur. \u00c7e\u015fitli di\u015fli oranlar\u0131 ve toleranslar\u0131 sunan FMP, a\u011f\u0131r hizmet tipi \u00e7ekme ara\u00e7lar\u0131ndan y\u00fcksek h\u0131zl\u0131 yar\u0131\u015flara kadar \u00e7e\u015fitli uygulamalar i\u00e7in en iyi halka ve pinyon di\u015flilerini sunar. Geli\u015fmi\u015f \u0131s\u0131l i\u015flem s\u00fcre\u00e7leri ve titiz kalite testleri ile di\u015fli setlerimiz ola\u011fan\u00fcst\u00fc dayan\u0131kl\u0131l\u0131k ve g\u00fc\u00e7 aktar\u0131m\u0131 sa\u011flayarak FMP'yi Amerika Birle\u015fik Devletleri, Meksika ve Kanada genelindeki \u00fcreticiler ve merakl\u0131lar i\u00e7in en iyi tercih haline getirir.<\/p>\n<\/div>\n<p>[\/et_pb_text][\/et_pb_column][et_pb_column _builder_version=&#8221;4.27.4&#8243; _module_preset=&#8221;default&#8221; type=&#8221;1_2&#8243;][et_pb_image src=&#8221;https:\/\/fmp-components.com\/wp-content\/uploads\/2025\/04\/ring-and-pinion-gears-manufacturer.webp&#8221; _builder_version=&#8221;4.27.4&#8243; _module_preset=&#8221;default&#8221; alt=&#8221;ring-and-pinion-gears-manufacturer&#8221; title_text=&#8221;ring-and-pinion-gears-manufacturer&#8221; hover_enabled=&#8221;0&#8243; sticky_enabled=&#8221;0&#8243;][\/et_pb_image][\/et_pb_column][\/et_pb_row][\/et_pb_section][et_pb_section fb_built=&#8221;1&#8243; _builder_version=&#8221;4.27.4&#8243; _module_preset=&#8221;default&#8221; use_background_color_gradient=&#8221;on&#8221; background_color_gradient_stops=&#8221;rgba(0,0,0,0.37) 0%|rgba(0,0,0,0.26) 100%&#8221; background_color_gradient_overlays_image=&#8221;on&#8221; background_image=&#8221;https:\/\/fmp-components.com\/wp-content\/uploads\/2025\/04\/ring-and-pinion-gears-foot-1.webp&#8221; min_height=&#8221;386px&#8221; global_colors_info=&#8221;{}&#8221;][et_pb_row _builder_version=&#8221;4.27.4&#8243; _module_preset=&#8221;default&#8221; background_color=&#8221;#FFFFFF&#8221; custom_margin=&#8221;0px||0px||false|false&#8221; custom_padding=&#8221;20px|20px|20px|20px|false|false&#8221; box_shadow_style=&#8221;preset1&#8243; global_colors_info=&#8221;{}&#8221;][et_pb_column type=&#8221;4_4&#8243; _builder_version=&#8221;4.27.4&#8243; _module_preset=&#8221;default&#8221; global_colors_info=&#8221;{}&#8221;][et_pb_text _builder_version=&#8221;4.27.4&#8243; _module_preset=&#8221;default&#8221; header_font=&#8221;Frank Ruhl Libre||||||||&#8221; header_font_size=&#8221;40px&#8221; header_2_font=&#8221;Frank Ruhl Libre||||||||&#8221; header_2_font_size=&#8221;40px&#8221; global_colors_info=&#8221;{}&#8221;]<\/p>\n<h2 style=\"text-align: center;\">\u00d6zel Halka ve Pinyon Di\u015flileri<\/h2>\n<p>[\/et_pb_text][et_pb_text _builder_version=&#8221;4.27.4&#8243; _module_preset=&#8221;default&#8221; text_text_color=&#8221;#000000&#8243; text_font_size=&#8221;16px&#8221; text_line_height=&#8221;1.8em&#8221; global_colors_info=&#8221;{}&#8221;]<\/p>\n<p>FMP olarak, ister Milano, Venedik, Floransa, Bologna veya \u0130talya'n\u0131n herhangi bir yerinde olun, aktarma organlar\u0131n\u0131z\u0131n performans\u0131n\u0131 en \u00fcst d\u00fczeye \u00e7\u0131karmak i\u00e7in tasarlanm\u0131\u015f y\u00fcksek kaliteli \u00f6zel halka ve pinyon di\u015flileri \u00fcretme konusunda uzman\u0131z. Lider bir \u00fcretici olarak, her t\u00fcrl\u00fc ara\u00e7 yap\u0131s\u0131na uyacak \u015fekilde \u00e7e\u015fitli oranlarda, \u00e7aplarda ve spline say\u0131lar\u0131nda geni\u015f bir halka ve pinyon di\u015fli yelpazesi \u00fcretiyoruz. Birinci s\u0131n\u0131f \u00fcr\u00fcnlerimiz, Yukon Gear &amp; Axle, Strange Engineering ve Richmond Gear gibi sekt\u00f6r devleriyle rekabet ederek, geli\u015fmi\u015f tasar\u0131m ve \u0131s\u0131l i\u015flem teknikleri sayesinde ola\u011fan\u00fcst\u00fc dayan\u0131kl\u0131l\u0131k ve hassasiyet sunar.<\/p>\n<p style=\"text-align: center;\">\u0130htiya\u00e7lar\u0131n\u0131za \u00f6zel, tamamen \u00f6zelle\u015ftirilmi\u015f \u00e7\u00f6z\u00fcmler sunmaktan gurur duyuyoruz. Arad\u0131\u011f\u0131n\u0131z modeli \u00fcr\u00fcn listemizde g\u00f6remiyorsan\u0131z endi\u015felenmeyin. Bu, hen\u00fcz y\u00fckleme f\u0131rsat\u0131m\u0131z olmad\u0131\u011f\u0131 anlam\u0131na gelir! L\u00fctfen ihtiya\u00e7lar\u0131n\u0131z\u0131 bize e-posta ile bildirin; uzman m\u00fchendislerimiz 24 saat i\u00e7inde size \u00f6zel bir \u00e7\u00f6z\u00fcmle geri d\u00f6n\u00fc\u015f yapacakt\u0131r. FMP, \u0130talya'da birinci s\u0131n\u0131f halka ve pinyon di\u015fliler konusunda g\u00fcvenilir orta\u011f\u0131n\u0131zd\u0131r. Bug\u00fcn bizimle ileti\u015fime ge\u00e7in ve projenizi hayata ge\u00e7irelim!<\/p>\n<p>[\/et_pb_text][\/et_pb_column][\/et_pb_row][\/et_pb_section]<\/p>","protected":false},"excerpt":{"rendered":"<p>Ring and Pinion GearsIf the product you need is not listed, go ahead and get a free quote!Best Ring and Pinion Gears Why Choose Ring and Pinion Gears Ring and pinion gears are essential components in a vehicle\u2019s drivetrain, efficiently transferring torque from the engine to the wheels by redirecting power 90 degrees through the [&hellip;]<\/p>","protected":false},"author":2,"featured_media":0,"parent":0,"menu_order":0,"comment_status":"closed","ping_status":"closed","template":"","meta":{"_et_pb_use_builder":"on","_et_pb_old_content":"","_et_gb_content_width":"","footnotes":""},"class_list":["post-7847","page","type-page","status-publish","hentry"],"_links":{"self":[{"href":"https:\/\/fmp-components.com\/tr\/wp-json\/wp\/v2\/pages\/7847","targetHints":{"allow":["GET"]}}],"collection":[{"href":"https:\/\/fmp-components.com\/tr\/wp-json\/wp\/v2\/pages"}],"about":[{"href":"https:\/\/fmp-components.com\/tr\/wp-json\/wp\/v2\/types\/page"}],"author":[{"embeddable":true,"href":"https:\/\/fmp-components.com\/tr\/wp-json\/wp\/v2\/users\/2"}],"replies":[{"embeddable":true,"href":"https:\/\/fmp-components.com\/tr\/wp-json\/wp\/v2\/comments?post=7847"}],"version-history":[{"count":12,"href":"https:\/\/fmp-components.com\/tr\/wp-json\/wp\/v2\/pages\/7847\/revisions"}],"predecessor-version":[{"id":7900,"href":"https:\/\/fmp-components.com\/tr\/wp-json\/wp\/v2\/pages\/7847\/revisions\/7900"}],"wp:attachment":[{"href":"https:\/\/fmp-components.com\/tr\/wp-json\/wp\/v2\/media?parent=7847"}],"curies":[{"name":"wp","href":"https:\/\/api.w.org\/{rel}","templated":true}]}}