{"id":7662,"date":"2025-04-03T00:48:28","date_gmt":"2025-04-03T00:48:28","guid":{"rendered":"https:\/\/fmp-components.com\/?page_id=7662"},"modified":"2025-04-03T02:24:42","modified_gmt":"2025-04-03T02:24:42","slug":"marine-hydraulic-cylinders","status":"publish","type":"page","link":"https:\/\/fmp-components.com\/tr\/marine-hydraulic-cylinders\/","title":{"rendered":"Deniz Hidrolik Silindirleri"},"content":{"rendered":"<p>[et_pb_section fb_built=&#8221;1&#8243; theme_builder_area=&#8221;post_content&#8221; _builder_version=&#8221;4.27.4&#8243; _module_preset=&#8221;default&#8221; alt=&#8221;Marine-Hydraulic-cylinder&#8221; title_text=&#8221;Marine-Hydraulic-cylinder&#8221; background_image=&#8221;https:\/\/fmp-components.com\/wp-content\/uploads\/2025\/04\/Marine-Hydraulic-cylinder.webp&#8221; hover_enabled=&#8221;0&#8243; sticky_enabled=&#8221;0&#8243; min_height=&#8221;408px&#8221; use_background_color_gradient=&#8221;on&#8221; background_color_gradient_stops=&#8221;rgba(0,0,0,0.43) 0%|rgba(0,0,0,0.21) 100%&#8221; background_color_gradient_overlays_image=&#8221;on&#8221;][et_pb_row _builder_version=&#8221;4.27.4&#8243; _module_preset=&#8221;default&#8221; theme_builder_area=&#8221;post_content&#8221; custom_margin=&#8221;50px||||false|false&#8221; hover_enabled=&#8221;0&#8243; sticky_enabled=&#8221;0&#8243;][et_pb_column _builder_version=&#8221;4.27.4&#8243; _module_preset=&#8221;default&#8221; type=&#8221;4_4&#8243; theme_builder_area=&#8221;post_content&#8221;][et_pb_text _builder_version=&#8221;4.27.4&#8243; _module_preset=&#8221;default&#8221; theme_builder_area=&#8221;post_content&#8221; header_font=&#8221;Frank Ruhl Libre||||||||&#8221; header_font_size=&#8221;60px&#8221; header_text_color=&#8221;#FFFFFF&#8221; header_text_shadow_style=&#8221;preset1&#8243; hover_enabled=&#8221;0&#8243; sticky_enabled=&#8221;0&#8243;]<\/p>\n<h1 style=\"text-align: center;\">Deniz Hidrolik Silindiri<\/h1>\n<p>[\/et_pb_text][\/et_pb_column][\/et_pb_row][\/et_pb_section][et_pb_section fb_built=&#8221;1&#8243; theme_builder_area=&#8221;post_content&#8221; _builder_version=&#8221;4.27.4&#8243; _module_preset=&#8221;default&#8221; custom_padding=&#8221;||2px|||&#8221;][et_pb_row _builder_version=&#8221;4.27.4&#8243; _module_preset=&#8221;default&#8221; theme_builder_area=&#8221;post_content&#8221;][et_pb_column _builder_version=&#8221;4.27.4&#8243; _module_preset=&#8221;default&#8221; type=&#8221;4_4&#8243; theme_builder_area=&#8221;post_content&#8221;][et_pb_text _builder_version=&#8221;4.27.4&#8243; _module_preset=&#8221;default&#8221; theme_builder_area=&#8221;post_content&#8221; header_2_font=&#8221;Frank Ruhl Libre||||||||&#8221; hover_enabled=&#8221;0&#8243; sticky_enabled=&#8221;0&#8243; header_2_font_size=&#8221;40px&#8221;]<\/p>\n<h2 style=\"text-align: center;\">Deniz Hidrolik Silindir \u00c7e\u015fitleri<\/h2>\n<p>[\/et_pb_text][\/et_pb_column][\/et_pb_row][et_pb_row _builder_version=&#8221;4.27.4&#8243; _module_preset=&#8221;default&#8221; theme_builder_area=&#8221;post_content&#8221;][et_pb_column _builder_version=&#8221;4.27.4&#8243; _module_preset=&#8221;default&#8221; type=&#8221;4_4&#8243; theme_builder_area=&#8221;post_content&#8221;][et_pb_shop _builder_version=&#8221;4.27.4&#8243; _module_preset=&#8221;default&#8221; theme_builder_area=&#8221;post_content&#8221; hover_enabled=&#8221;0&#8243; sticky_enabled=&#8221;0&#8243; type=&#8221;product_category&#8221; include_categories=&#8221;28&#8243; columns_number=&#8221;3&#8243; title_text_align=&#8221;center&#8221; title_font_size=&#8221;18px&#8221; title_font=&#8221;Frank Ruhl Libre||||||||&#8221;][\/et_pb_shop][\/et_pb_column][\/et_pb_row][\/et_pb_section][et_pb_section fb_built=&#8221;1&#8243; theme_builder_area=&#8221;post_content&#8221; _builder_version=&#8221;4.27.4&#8243; _module_preset=&#8221;default&#8221; custom_padding=&#8221;||7px|||&#8221;][et_pb_row _builder_version=&#8221;4.27.4&#8243; _module_preset=&#8221;default&#8221; theme_builder_area=&#8221;post_content&#8221;][et_pb_column _builder_version=&#8221;4.27.4&#8243; _module_preset=&#8221;default&#8221; type=&#8221;4_4&#8243; theme_builder_area=&#8221;post_content&#8221;][et_pb_text _builder_version=&#8221;4.27.4&#8243; _module_preset=&#8221;default&#8221; theme_builder_area=&#8221;post_content&#8221; header_3_font=&#8221;Frank Ruhl Libre||||||||&#8221; header_3_font_size=&#8221;40px&#8221; hover_enabled=&#8221;0&#8243; sticky_enabled=&#8221;0&#8243;]<\/p>\n<h3 style=\"text-align: center;\">FMP: \u0130talya'n\u0131n A\u00e7\u0131k Deniz \u0130htiya\u00e7lar\u0131 \u0130\u00e7in Birinci S\u0131n\u0131f Deniz Hidrolik Silindirleri<\/h3>\n<p>[\/et_pb_text][\/et_pb_column][\/et_pb_row][et_pb_row _builder_version=&#8221;4.27.4&#8243; _module_preset=&#8221;default&#8221; column_structure=&#8221;1_2,1_2&#8243; theme_builder_area=&#8221;post_content&#8221; use_custom_gutter=&#8221;on&#8221; gutter_width=&#8221;2&#8243; hover_enabled=&#8221;0&#8243; sticky_enabled=&#8221;0&#8243;][et_pb_column _builder_version=&#8221;4.27.4&#8243; _module_preset=&#8221;default&#8221; type=&#8221;1_2&#8243; theme_builder_area=&#8221;post_content&#8221;][et_pb_image src=&#8221;https:\/\/fmp-components.com\/wp-content\/uploads\/2025\/04\/Marine-Hydraulic-cylinder-3.webp&#8221; _builder_version=&#8221;4.27.4&#8243; _module_preset=&#8221;default&#8221; theme_builder_area=&#8221;post_content&#8221; alt=&#8221;Marine-Hydraulic-cylinder&#8221; title_text=&#8221;Marine-Hydraulic-cylinder-3&#8243; hover_enabled=&#8221;0&#8243; sticky_enabled=&#8221;0&#8243;][\/et_pb_image][\/et_pb_column][et_pb_column _builder_version=&#8221;4.27.4&#8243; _module_preset=&#8221;default&#8221; type=&#8221;1_2&#8243; theme_builder_area=&#8221;post_content&#8221;][et_pb_text _builder_version=&#8221;4.27.4&#8243; _module_preset=&#8221;default&#8221; theme_builder_area=&#8221;post_content&#8221; header_3_font=&#8221;Frank Ruhl Libre||||||||&#8221; header_3_font_size=&#8221;24px&#8221; text_font_size=&#8221;16px&#8221; text_line_height=&#8221;1.8em&#8221; hover_enabled=&#8221;0&#8243; sticky_enabled=&#8221;0&#8243;]<\/p>\n<div>\n<h3>Dayan\u0131kl\u0131l\u0131k ve Performans \u0130\u00e7in Tasarland\u0131<\/h3>\n<p class=\"break-words\">Deniz hidrolik silindirleri, denizcilik ve a\u00e7\u0131k deniz end\u00fcstrisinde d\u00fcmen, y\u00fckleme ve kontrol ekipmanlar\u0131 gibi temel sistemleri \u00e7al\u0131\u015ft\u0131ran hayati bile\u015fenlerdir. Bu silindirler, tuzlu su, nem ve a\u015f\u0131r\u0131 hava ko\u015fullar\u0131 gibi zorlu ko\u015fullara s\u00fcrekli maruz kal\u0131r ve g\u00fcvenilirlik ve uzun \u00f6m\u00fcr sa\u011flamak i\u00e7in ola\u011fan\u00fcst\u00fc korozyon direnci gerektirir. FMP Company olarak, bu zorluklar\u0131n \u00fcstesinden gelmek \u00fczere tasarlanm\u0131\u015f deniz hidrolik silindirleri \u00fcretme konusunda uzmanla\u015f\u0131yoruz. Paslanmaz \u00e7elik, krom kaplama ve nikel kaplama gibi birinci s\u0131n\u0131f malzemeler kullanan \u00fcr\u00fcnlerimiz, e\u015fsiz dayan\u0131kl\u0131l\u0131k ve performans sunarak, tarama gemilerinden mavnalara, g\u00fcverte \u00fcst yap\u0131lar\u0131ndan su alt\u0131 ekipmanlar\u0131na kadar \u00e7e\u015fitli uygulamalar i\u00e7in idealdir.<\/p>\n<\/div>\n<p>[\/et_pb_text][\/et_pb_column][\/et_pb_row][et_pb_row _builder_version=&#8221;4.27.4&#8243; _module_preset=&#8221;default&#8221; column_structure=&#8221;1_2,1_2&#8243; theme_builder_area=&#8221;post_content&#8221; use_custom_gutter=&#8221;on&#8221; gutter_width=&#8221;2&#8243; hover_enabled=&#8221;0&#8243; sticky_enabled=&#8221;0&#8243;][et_pb_column _builder_version=&#8221;4.27.4&#8243; _module_preset=&#8221;default&#8221; type=&#8221;1_2&#8243; theme_builder_area=&#8221;post_content&#8221;][et_pb_text _builder_version=&#8221;4.27.4&#8243; _module_preset=&#8221;default&#8221; theme_builder_area=&#8221;post_content&#8221; header_3_font=&#8221;Frank Ruhl Libre||||||||&#8221; header_3_font_size=&#8221;24px&#8221; text_font_size=&#8221;16px&#8221; text_line_height=&#8221;1.8em&#8221; hover_enabled=&#8221;0&#8243; sticky_enabled=&#8221;0&#8243;]<\/p>\n<div>\n<h3>FMP: \u00c7e\u015fitli ve \u00d6zel Deniz Hidrolik Silindirleri Kayna\u011f\u0131n\u0131z<\/h3>\n<p class=\"break-words\">FMP \u015eirketi, denizcilik ve a\u00e7\u0131k deniz sekt\u00f6rlerinin \u00e7e\u015fitli ihtiya\u00e7lar\u0131n\u0131 kar\u015f\u0131lamak \u00fczere geni\u015f bir yelpazede deniz hidrolik silindirleri \u00fcretmekten gurur duyar. Sundu\u011fumuz \u00fcr\u00fcnler aras\u0131nda kaynakl\u0131 hidrolik silindirler, teleskopik hidrolik silindirler, konum alg\u0131lamal\u0131 ak\u0131ll\u0131 hidrolik silindirler, entegre valfli hidrolik silindirler ve y\u00fcksek bas\u0131n\u00e7l\u0131 hidrolik silindirler bulunur; hepsi en zorlu deniz ko\u015fullar\u0131na dayanacak \u015fekilde \u00fcretilmi\u015ftir. Standart katalo\u011fumuzun yan\u0131 s\u0131ra, ister y\u00fcksek s\u0131cakl\u0131k ortamlar\u0131, ister a\u011f\u0131r hizmet tipi operasyonlar veya \u00f6zel su alt\u0131 uygulamalar\u0131 i\u00e7in olsun, \u00f6zel ihtiya\u00e7lar\u0131n\u0131za g\u00f6re uyarlanm\u0131\u015f \u00f6zel hidrolik silindirler tasarlama ve \u00fcretme konusunda da uzmanl\u0131\u011f\u0131m\u0131z mevcuttur. DNVGL, Lloyds Register ve ABS gibi uluslararas\u0131 kurulu\u015flar taraf\u0131ndan sertifikaland\u0131r\u0131lan \u00fcr\u00fcnlerimiz, kalite ve uyumlulu\u011fu garanti ederek denizcilik projelerinizin sorunsuz bir \u015fekilde y\u00fcr\u00fct\u00fclmesini sa\u011flar.<\/p>\n<\/div>\n<p>[\/et_pb_text][\/et_pb_column][et_pb_column _builder_version=&#8221;4.27.4&#8243; _module_preset=&#8221;default&#8221; type=&#8221;1_2&#8243; theme_builder_area=&#8221;post_content&#8221;][et_pb_image src=&#8221;https:\/\/fmp-components.com\/wp-content\/uploads\/2025\/04\/Marine-Hydraulic-cylinder-6.webp&#8221; _builder_version=&#8221;4.27.4&#8243; _module_preset=&#8221;default&#8221; theme_builder_area=&#8221;post_content&#8221; alt=&#8221;Marine-Hydraulic-cylinder&#8221; title_text=&#8221;Marine-Hydraulic-cylinder-6&#8243; hover_enabled=&#8221;0&#8243; sticky_enabled=&#8221;0&#8243;][\/et_pb_image][\/et_pb_column][\/et_pb_row][\/et_pb_section][et_pb_section fb_built=&#8221;1&#8243; theme_builder_area=&#8221;post_content&#8221; _builder_version=&#8221;4.27.4&#8243; _module_preset=&#8221;default&#8221; alt=&#8221;Marine-Hydraulic-cylinder&#8221; title_text=&#8221;Marine-Hydraulic-cylinder-4&#8243; background_image=&#8221;https:\/\/fmp-components.com\/wp-content\/uploads\/2025\/04\/Marine-Hydraulic-cylinder-4.webp&#8221; hover_enabled=&#8221;0&#8243; sticky_enabled=&#8221;0&#8243; min_height=&#8221;382px&#8221; use_background_color_gradient=&#8221;on&#8221; background_color_gradient_stops=&#8221;rgba(0,0,0,0.36) 0%|rgba(0,0,0,0.28) 100%&#8221; background_color_gradient_overlays_image=&#8221;on&#8221;][et_pb_row _builder_version=&#8221;4.27.4&#8243; _module_preset=&#8221;default&#8221; theme_builder_area=&#8221;post_content&#8221;][et_pb_column _builder_version=&#8221;4.27.4&#8243; _module_preset=&#8221;default&#8221; type=&#8221;4_4&#8243; theme_builder_area=&#8221;post_content&#8221;][et_pb_text _builder_version=&#8221;4.27.4&#8243; _module_preset=&#8221;default&#8221; theme_builder_area=&#8221;post_content&#8221; header_3_font=&#8221;Frank Ruhl Libre||||||||&#8221; header_3_text_align=&#8221;center&#8221; header_3_font_size=&#8221;32px&#8221; header_3_text_color=&#8221;#FFFFFF&#8221; hover_enabled=&#8221;0&#8243; sticky_enabled=&#8221;0&#8243; text_text_color=&#8221;#FFFFFF&#8221; text_orientation=&#8221;center&#8221; text_font_size=&#8221;16px&#8221; text_line_height=&#8221;1.8em&#8221;]<\/p>\n<div>\n<h3>Uzman \u00c7\u00f6z\u00fcmlerle \u0130talya'n\u0131n Denizcilik Sekt\u00f6r\u00fcne Hizmet Veriyoruz<\/h3>\n<p class=\"break-words\">FMP, Venedik'in hareketli tersanelerinden Milano, Bologna ve Floransa'n\u0131n sanayi merkezlerine kadar \u0130talya genelindeki denizcilik ve a\u00e7\u0131k deniz profesyonellerini desteklemeye kendini adam\u0131\u015ft\u0131r. Y\u00fcksek kaliteli hidrolik silindirlerimiz \u00fclke \u00e7ap\u0131nda g\u00fcvenilmekte ve bu \u00f6nemli \u015fehirlerde ve \u00f6tesinde denizcilik uygulamalar\u0131 i\u00e7in g\u00fcvenilir \u00e7\u00f6z\u00fcmler sunmaktad\u0131r. \u00dcr\u00fcn listemizde tam olarak ihtiyac\u0131n\u0131z olan modeli bulamazsan\u0131z endi\u015felenmeyin; hen\u00fcz eklenmemi\u015f olabilir. Teknik \u00f6zelliklerinizi bize e-posta ile g\u00f6ndermeniz yeterli; yetenekli m\u00fchendislerimiz 24 saat i\u00e7inde size \u00f6zel bir \u00e7\u00f6z\u00fcmle yan\u0131t verecektir. \u0130talya'n\u0131n neresinde olursan\u0131z olun, birinci s\u0131n\u0131f hizmet ve hidrolik uzmanl\u0131\u011f\u0131ndan yararlanmak i\u00e7in bug\u00fcn FMP Company ile ileti\u015fime ge\u00e7in.<\/p>\n<\/div>\n<p>[\/et_pb_text][\/et_pb_column][\/et_pb_row][\/et_pb_section]<\/p>","protected":false},"excerpt":{"rendered":"<p>Marine Hydraulic CylinderTypes of Marine Hydraulic CylinderFMP: Premium Marine Hydraulic Cylinders for Italy\u2019s Offshore Needs Engineered for Durability and Performance Marine hydraulic cylinders are vital components in the marine and offshore industry, driving essential systems such as steering, loading, and control equipment. These cylinders face constant exposure to harsh conditions like saltwater, humidity, and extreme [&hellip;]<\/p>","protected":false},"author":2,"featured_media":0,"parent":0,"menu_order":0,"comment_status":"closed","ping_status":"closed","template":"","meta":{"_et_pb_use_builder":"on","_et_pb_old_content":"","_et_gb_content_width":"","footnotes":""},"class_list":["post-7662","page","type-page","status-publish","hentry"],"_links":{"self":[{"href":"https:\/\/fmp-components.com\/tr\/wp-json\/wp\/v2\/pages\/7662","targetHints":{"allow":["GET"]}}],"collection":[{"href":"https:\/\/fmp-components.com\/tr\/wp-json\/wp\/v2\/pages"}],"about":[{"href":"https:\/\/fmp-components.com\/tr\/wp-json\/wp\/v2\/types\/page"}],"author":[{"embeddable":true,"href":"https:\/\/fmp-components.com\/tr\/wp-json\/wp\/v2\/users\/2"}],"replies":[{"embeddable":true,"href":"https:\/\/fmp-components.com\/tr\/wp-json\/wp\/v2\/comments?post=7662"}],"version-history":[{"count":14,"href":"https:\/\/fmp-components.com\/tr\/wp-json\/wp\/v2\/pages\/7662\/revisions"}],"predecessor-version":[{"id":7688,"href":"https:\/\/fmp-components.com\/tr\/wp-json\/wp\/v2\/pages\/7662\/revisions\/7688"}],"wp:attachment":[{"href":"https:\/\/fmp-components.com\/tr\/wp-json\/wp\/v2\/media?parent=7662"}],"curies":[{"name":"wp","href":"https:\/\/api.w.org\/{rel}","templated":true}]}}