{"id":7581,"date":"2025-03-31T05:23:31","date_gmt":"2025-03-31T05:23:31","guid":{"rendered":"https:\/\/fmp-components.com\/?page_id=7581"},"modified":"2025-04-02T01:46:51","modified_gmt":"2025-04-02T01:46:51","slug":"industrial-engineering-hydraulic-cylinders-2","status":"publish","type":"page","link":"https:\/\/fmp-components.com\/tr\/industrial-engineering-hydraulic-cylinders-2\/","title":{"rendered":"End\u00fcstri M\u00fchendisli\u011fi Hidrolik Silindirleri"},"content":{"rendered":"<p>[et_pb_section fb_built=&#8221;1&#8243; theme_builder_area=&#8221;post_content&#8221; _builder_version=&#8221;4.27.4&#8243; _module_preset=&#8221;default&#8221; alt=&#8221;Industrial-Engineering-Hydraulic-Cylinders&#8221; title_text=&#8221;Industrial-Engineering-Hydraulic-Cylinders-1&#8243; background_image=&#8221;https:\/\/fmp-components.com\/wp-content\/uploads\/2025\/04\/Industrial-Engineering-Hydraulic-Cylinders-1-1.webp&#8221; hover_enabled=&#8221;0&#8243; sticky_enabled=&#8221;0&#8243; custom_padding=&#8221;||146px|||&#8221;][et_pb_row _builder_version=&#8221;4.27.4&#8243; _module_preset=&#8221;default&#8221; theme_builder_area=&#8221;post_content&#8221; custom_margin=&#8221;50px||||false|false&#8221; hover_enabled=&#8221;0&#8243; sticky_enabled=&#8221;0&#8243;][et_pb_column _builder_version=&#8221;4.27.4&#8243; _module_preset=&#8221;default&#8221; type=&#8221;4_4&#8243; theme_builder_area=&#8221;post_content&#8221;][et_pb_text _builder_version=&#8221;4.27.4&#8243; _module_preset=&#8221;default&#8221; theme_builder_area=&#8221;post_content&#8221; header_font=&#8221;Frank Ruhl Libre||||||||&#8221; header_font_size=&#8221;60px&#8221; header_text_color=&#8221;#FFFFFF&#8221; header_text_shadow_style=&#8221;preset1&#8243; hover_enabled=&#8221;0&#8243; sticky_enabled=&#8221;0&#8243;]<\/p>\n<h1 style=\"text-align: center;\">End\u00fcstri M\u00fchendisli\u011fi Hidrolik Silindirleri<\/h1>\n<p>[\/et_pb_text][\/et_pb_column][\/et_pb_row][\/et_pb_section][et_pb_section fb_built=&#8221;1&#8243; theme_builder_area=&#8221;post_content&#8221; _builder_version=&#8221;4.27.4&#8243; _module_preset=&#8221;default&#8221; custom_padding=&#8221;||9px|||&#8221;][et_pb_row _builder_version=&#8221;4.27.4&#8243; _module_preset=&#8221;default&#8221; theme_builder_area=&#8221;post_content&#8221;][et_pb_column _builder_version=&#8221;4.27.4&#8243; _module_preset=&#8221;default&#8221; type=&#8221;4_4&#8243; theme_builder_area=&#8221;post_content&#8221;][et_pb_text _builder_version=&#8221;4.27.4&#8243; _module_preset=&#8221;default&#8221; theme_builder_area=&#8221;post_content&#8221; header_2_font=&#8221;Frank Ruhl Libre||||||||&#8221; header_2_font_size=&#8221;30px&#8221; hover_enabled=&#8221;0&#8243; sticky_enabled=&#8221;0&#8243;]<\/p>\n<h2 style=\"text-align: center;\">End\u00fcstri M\u00fchendisli\u011fi Hidrolik Silindirlerinin \u00c7e\u015fitleri<\/h2>\n<p>[\/et_pb_text][et_pb_shop _builder_version=&#8221;4.27.4&#8243; _module_preset=&#8221;default&#8221; theme_builder_area=&#8221;post_content&#8221; show_pagination=&#8221;on&#8221; hover_enabled=&#8221;0&#8243; sticky_enabled=&#8221;0&#8243;][\/et_pb_shop][\/et_pb_column][\/et_pb_row][\/et_pb_section][et_pb_section fb_built=&#8221;1&#8243; theme_builder_area=&#8221;post_content&#8221; _builder_version=&#8221;4.27.4&#8243; _module_preset=&#8221;default&#8221;][et_pb_row _builder_version=&#8221;4.27.4&#8243; _module_preset=&#8221;default&#8221; column_structure=&#8221;1_2,1_2&#8243; theme_builder_area=&#8221;post_content&#8221; width=&#8221;100%&#8221; max_width=&#8221;1250px&#8221; hover_enabled=&#8221;0&#8243; sticky_enabled=&#8221;0&#8243;][et_pb_column _builder_version=&#8221;4.27.4&#8243; _module_preset=&#8221;default&#8221; type=&#8221;1_2&#8243; theme_builder_area=&#8221;post_content&#8221;][et_pb_image src=&#8221;https:\/\/fmp-components.com\/wp-content\/uploads\/2025\/04\/Industrial-Engineering-Hydraulic-Cylinders-Factory-2.webp&#8221; _builder_version=&#8221;4.27.4&#8243; _module_preset=&#8221;default&#8221; theme_builder_area=&#8221;post_content&#8221; alt=&#8221;Industrial-Engineering-Hydraulic-Cylinders-Factory&#8221; title_text=&#8221;Industrial-Engineering-Hydraulic-Cylinders-Factory-2&#8243; hover_enabled=&#8221;0&#8243; sticky_enabled=&#8221;0&#8243;][\/et_pb_image][\/et_pb_column][et_pb_column _builder_version=&#8221;4.27.4&#8243; _module_preset=&#8221;default&#8221; type=&#8221;1_2&#8243; theme_builder_area=&#8221;post_content&#8221;][et_pb_text _builder_version=&#8221;4.27.4&#8243; _module_preset=&#8221;default&#8221; theme_builder_area=&#8221;post_content&#8221; header_2_font=&#8221;Frank Ruhl Libre||||||||&#8221; text_font_size=&#8221;16px&#8221; text_line_height=&#8221;1.8em&#8221; hover_enabled=&#8221;0&#8243; sticky_enabled=&#8221;0&#8243;]<\/p>\n<h2>\u0130talya'n\u0131n End\u00fcstriyel M\u00fchendislik Sekt\u00f6r\u00fc i\u00e7in Y\u00fcksek Performansl\u0131 Hidrolik Silindirler<\/h2>\n<p>FMP \u015eirketi, end\u00fcstriyel uygulamalar\u0131n zorlu gereksinimlerini kar\u015f\u0131lamak \u00fczere tasarlanm\u0131\u015f birinci s\u0131n\u0131f hidrolik silindirler \u00fcretme konusunda uzmanla\u015fm\u0131\u015ft\u0131r. Milano'nun \u00fcretim merkezlerinden Venedik'in denizcilik end\u00fcstrilerine kadar geni\u015f \u00fcr\u00fcn yelpazemiz \u015funlar\u0131 i\u00e7erir:\u00a0<em>kaynakl\u0131 hidrolik silindirler<\/em>,\u00a0<em>entegre valf silindirleri<\/em>,\u00a0<em>konum alg\u0131layan ak\u0131ll\u0131 silindirler<\/em>, Ve\u00a0<em>y\u00fcksek bas\u0131n\u00e7l\u0131 modeller<\/em>\u00a0Zorlu ortamlar i\u00e7in tasarlanm\u0131\u015ft\u0131r. \u0130ster Floransa'n\u0131n hassas m\u00fchendislik sekt\u00f6r\u00fcnde ister Bologna'n\u0131n otomasyon odakl\u0131 end\u00fcstrilerinde olsun, ISO 9001:2015 sertifikal\u0131 kalitede Purpose-Built\u2122 \u00e7\u00f6z\u00fcmler sunuyoruz. \u00d6zelle\u015ftirme bizim \u00f6z\u00fcm\u00fczdedir; m\u00fchendislerimiz, prototip testleri ve \u00f6zel sertifikalar (ABS, ANSI) dahil olmak \u00fczere, \u0130talya genelindeki entegrat\u00f6rler, OEM'ler ve bayilerle i\u015f birli\u011fi yaparak \u00f6zel hidrolik sistemler geli\u015ftirir. \u0130htiyac\u0131n\u0131z olan model listede yoksa, do\u011frudan bize e-posta g\u00f6nderin. Ekibimiz, uygulanabilirli\u011fi onaylamak i\u00e7in 24 saat i\u00e7inde yan\u0131t verecek ve \u0130talya'n\u0131n dinamik end\u00fcstriyel ortam\u0131nda hi\u00e7bir projenin gecikme ya\u015famamas\u0131n\u0131 sa\u011flayacakt\u0131r.<\/p>\n<p>[\/et_pb_text][\/et_pb_column][\/et_pb_row][et_pb_row _builder_version=&#8221;4.27.4&#8243; _module_preset=&#8221;default&#8221; column_structure=&#8221;1_2,1_2&#8243; theme_builder_area=&#8221;post_content&#8221; width=&#8221;100%&#8221; max_width=&#8221;1250px&#8221; hover_enabled=&#8221;0&#8243; sticky_enabled=&#8221;0&#8243;][et_pb_column _builder_version=&#8221;4.27.4&#8243; _module_preset=&#8221;default&#8221; type=&#8221;1_2&#8243; theme_builder_area=&#8221;post_content&#8221;][et_pb_text _builder_version=&#8221;4.27.4&#8243; _module_preset=&#8221;default&#8221; theme_builder_area=&#8221;post_content&#8221; header_2_font=&#8221;Frank Ruhl Libre||||||||&#8221; text_font_size=&#8221;16px&#8221; text_line_height=&#8221;1.8em&#8221; hover_enabled=&#8221;0&#8243; sticky_enabled=&#8221;0&#8243; custom_padding=&#8221;47px|||||&#8221;]<\/p>\n<h2>Yerel Destekli G\u00fcvenilir Hidrolik \u00c7\u00f6z\u00fcmler<\/h2>\n<p>FMP olarak, Amerikan m\u00fchendislik m\u00fckemmelli\u011fini \u0130talya'n\u0131n kilit b\u00f6lgelerine y\u00f6nelik yerel destekle birle\u015ftiriyoruz. Fabrika tipi silindirlerimiz ve teleskopik hidrolik sistemlerimiz, Milano'daki \u00e7elik fabrikalar\u0131nda ve Venedik'teki liman makinelerinde g\u00fcvenle kullan\u0131lmakta olup, e\u015fsiz dayan\u0131kl\u0131l\u0131k ve d\u00fc\u015f\u00fck bak\u0131m maliyeti sunmaktad\u0131r. Floransa'n\u0131n el yap\u0131m\u0131 \u00fcretim veya Bologna'n\u0131n tar\u0131m ekipmanlar\u0131 sekt\u00f6rlerindeki i\u015fletmeler i\u00e7in, tasar\u0131m ve \u00fcretim \u00fczerindeki \u015firket i\u00e7i kontrol\u00fcm\u00fcz h\u0131zl\u0131 teslimat s\u00fcrelerini garanti eder. Entegrat\u00f6rler ve bayiler i\u00e7in sertifikal\u0131 bir i\u015f orta\u011f\u0131 olarak, pazar eri\u015fiminizi geni\u015fletmek i\u00e7in envanter esnekli\u011fi ve teknik uzmanl\u0131k sa\u011fl\u0131yoruz. Katalo\u011fumuzu inceleyin veya bug\u00fcn bir fiyat teklifi isteyin; ideal silindiriniz listede yoksa, bize e-posta yoluyla ula\u015f\u0131n.<\/p>\n<p>[\/et_pb_text][\/et_pb_column][et_pb_column _builder_version=&#8221;4.27.4&#8243; _module_preset=&#8221;default&#8221; type=&#8221;1_2&#8243; theme_builder_area=&#8221;post_content&#8221;][et_pb_image src=&#8221;https:\/\/fmp-components.com\/wp-content\/uploads\/2025\/04\/Industrial-Engineering-Hydraulic-Cylinders-Factory-1.webp&#8221; _builder_version=&#8221;4.27.4&#8243; _module_preset=&#8221;default&#8221; theme_builder_area=&#8221;post_content&#8221; alt=&#8221;Industrial-Engineering-Hydraulic-Cylinders-Factory&#8221; title_text=&#8221;Industrial-Engineering-Hydraulic-Cylinders-Factory-1&#8243; hover_enabled=&#8221;0&#8243; sticky_enabled=&#8221;0&#8243;][\/et_pb_image][\/et_pb_column][\/et_pb_row][\/et_pb_section]<\/p>","protected":false},"excerpt":{"rendered":"<p>Industrial Engineering Hydraulic CylindersTypes of Industrial Engineering Hydraulic CylindersHigh-Performance Hydraulic Cylinders for Italy\u2019s Industrial Engineering Sector FMP Company specializes in manufacturing premium hydraulic cylinders engineered to meet the rigorous demands of industrial applications. From\u00a0Milan\u2019s manufacturing hubs\u00a0to\u00a0Venice\u2019s marine industries, our diverse product range includes\u00a0welded hydraulic cylinders,\u00a0integrated valve cylinders,\u00a0position-sensing smart cylinders, and\u00a0high-pressure models\u00a0designed for extreme environments. Whether [&hellip;]<\/p>","protected":false},"author":2,"featured_media":0,"parent":0,"menu_order":0,"comment_status":"closed","ping_status":"closed","template":"","meta":{"_et_pb_use_builder":"on","_et_pb_old_content":"","_et_gb_content_width":"","footnotes":""},"class_list":["post-7581","page","type-page","status-publish","hentry"],"_links":{"self":[{"href":"https:\/\/fmp-components.com\/tr\/wp-json\/wp\/v2\/pages\/7581","targetHints":{"allow":["GET"]}}],"collection":[{"href":"https:\/\/fmp-components.com\/tr\/wp-json\/wp\/v2\/pages"}],"about":[{"href":"https:\/\/fmp-components.com\/tr\/wp-json\/wp\/v2\/types\/page"}],"author":[{"embeddable":true,"href":"https:\/\/fmp-components.com\/tr\/wp-json\/wp\/v2\/users\/2"}],"replies":[{"embeddable":true,"href":"https:\/\/fmp-components.com\/tr\/wp-json\/wp\/v2\/comments?post=7581"}],"version-history":[{"count":8,"href":"https:\/\/fmp-components.com\/tr\/wp-json\/wp\/v2\/pages\/7581\/revisions"}],"predecessor-version":[{"id":7611,"href":"https:\/\/fmp-components.com\/tr\/wp-json\/wp\/v2\/pages\/7581\/revisions\/7611"}],"wp:attachment":[{"href":"https:\/\/fmp-components.com\/tr\/wp-json\/wp\/v2\/media?parent=7581"}],"curies":[{"name":"wp","href":"https:\/\/api.w.org\/{rel}","templated":true}]}}