{"id":7564,"date":"2025-03-28T07:42:54","date_gmt":"2025-03-28T07:42:54","guid":{"rendered":"https:\/\/fmp-components.com\/?page_id=7564"},"modified":"2025-03-28T08:55:16","modified_gmt":"2025-03-28T08:55:16","slug":"mobile-machinery-hydraulic-cylinders","status":"publish","type":"page","link":"https:\/\/fmp-components.com\/tr\/mobile-machinery-hydraulic-cylinders\/","title":{"rendered":"Mobil Makine Hidrolik Silindirleri"},"content":{"rendered":"<p>[et_pb_section fb_built=&#8221;1&#8243; theme_builder_area=&#8221;post_content&#8221; _builder_version=&#8221;4.27.4&#8243; _module_preset=&#8221;default&#8221; alt=&#8221;Mobile-Machinery-Hydraulic-Cylinders-Banner&#8221; title_text=&#8221;Mobile-Machinery-Hydraulic-Cylinders-Banner-1&#8243; background_image=&#8221;https:\/\/fmp-components.com\/wp-content\/uploads\/2025\/03\/Mobile-Machinery-Hydraulic-Cylinders-Banner-1.webp&#8221; hover_enabled=&#8221;0&#8243; sticky_enabled=&#8221;0&#8243; min_height=&#8221;296px&#8221;][et_pb_row _builder_version=&#8221;4.27.4&#8243; _module_preset=&#8221;default&#8221; theme_builder_area=&#8221;post_content&#8221;][et_pb_column _builder_version=&#8221;4.27.4&#8243; _module_preset=&#8221;default&#8221; type=&#8221;4_4&#8243; theme_builder_area=&#8221;post_content&#8221;][et_pb_text _builder_version=&#8221;4.27.4&#8243; _module_preset=&#8221;default&#8221; theme_builder_area=&#8221;post_content&#8221; text_text_shadow_style=&#8221;preset1&#8243; header_font=&#8221;Frank Ruhl Libre||||||||&#8221; header_font_size=&#8221;60px&#8221; header_text_align=&#8221;center&#8221; hover_enabled=&#8221;0&#8243; sticky_enabled=&#8221;0&#8243; header_text_color=&#8221;#FFFFFF&#8221; header_text_shadow_style=&#8221;preset1&#8243;]<\/p>\n<h1 class=\"et_pb_toggle_title\" style=\"text-align: center;\">Mobil Makine Hidrolik Silindirleri<\/h1>\n<p>[\/et_pb_text][\/et_pb_column][\/et_pb_row][\/et_pb_section][et_pb_section fb_built=&#8221;1&#8243; theme_builder_area=&#8221;post_content&#8221; _builder_version=&#8221;4.27.4&#8243; _module_preset=&#8221;default&#8221;][et_pb_row _builder_version=&#8221;4.27.4&#8243; _module_preset=&#8221;default&#8221; theme_builder_area=&#8221;post_content&#8221;][et_pb_column _builder_version=&#8221;4.27.4&#8243; _module_preset=&#8221;default&#8221; type=&#8221;4_4&#8243; theme_builder_area=&#8221;post_content&#8221;][et_pb_text _builder_version=&#8221;4.27.4&#8243; _module_preset=&#8221;default&#8221; theme_builder_area=&#8221;post_content&#8221; header_2_font=&#8221;Frank Ruhl Libre||||||||&#8221; header_2_font_size=&#8221;40px&#8221; hover_enabled=&#8221;0&#8243; sticky_enabled=&#8221;0&#8243;]<\/p>\n<h2 style=\"text-align: center;\">Mobil Makine Hidrolik Silindir \u00c7e\u015fitleri<\/h2>\n<p>[\/et_pb_text][et_pb_shop _builder_version=&#8221;4.27.4&#8243; _module_preset=&#8221;default&#8221; theme_builder_area=&#8221;post_content&#8221; type=&#8221;product_category&#8221; include_categories=&#8221;25&#8243; columns_number=&#8221;3&#8243; hover_enabled=&#8221;0&#8243; sticky_enabled=&#8221;0&#8243; title_font=&#8221;Frank Ruhl Libre||||||||&#8221; title_text_align=&#8221;center&#8221; title_font_size=&#8221;20px&#8221;][\/et_pb_shop][\/et_pb_column][\/et_pb_row][\/et_pb_section][et_pb_section fb_built=&#8221;1&#8243; theme_builder_area=&#8221;post_content&#8221; _builder_version=&#8221;4.27.4&#8243; _module_preset=&#8221;default&#8221;][et_pb_row _builder_version=&#8221;4.27.4&#8243; _module_preset=&#8221;default&#8221; theme_builder_area=&#8221;post_content&#8221;][et_pb_column _builder_version=&#8221;4.27.4&#8243; _module_preset=&#8221;default&#8221; type=&#8221;4_4&#8243; theme_builder_area=&#8221;post_content&#8221;][et_pb_text _builder_version=&#8221;4.27.4&#8243; _module_preset=&#8221;default&#8221; theme_builder_area=&#8221;post_content&#8221; header_2_font=&#8221;Frank Ruhl Libre||||||||&#8221; header_2_font_size=&#8221;30px&#8221; hover_enabled=&#8221;0&#8243; sticky_enabled=&#8221;0&#8243;]<\/p>\n<h2 style=\"text-align: center;\">Mobil Makine Hidrolik Silindirleri: End\u00fcstrilerdeki Makinelere G\u00fc\u00e7 Veriyor<\/h2>\n<p>[\/et_pb_text][\/et_pb_column][\/et_pb_row][et_pb_row _builder_version=&#8221;4.27.4&#8243; _module_preset=&#8221;default&#8221; column_structure=&#8221;1_2,1_2&#8243; theme_builder_area=&#8221;post_content&#8221; use_custom_gutter=&#8221;on&#8221; gutter_width=&#8221;2&#8243; hover_enabled=&#8221;0&#8243; sticky_enabled=&#8221;0&#8243; width=&#8221;100%&#8221; max_width=&#8221;1200px&#8221;][et_pb_column _builder_version=&#8221;4.27.4&#8243; _module_preset=&#8221;default&#8221; type=&#8221;1_2&#8243; theme_builder_area=&#8221;post_content&#8221;][et_pb_text _builder_version=&#8221;4.27.4&#8243; _module_preset=&#8221;default&#8221; theme_builder_area=&#8221;post_content&#8221; text_font_size=&#8221;16px&#8221; text_line_height=&#8221;1.8em&#8221; hover_enabled=&#8221;0&#8243; sticky_enabled=&#8221;0&#8243;]<\/p>\n<div>\n<p class=\"break-words\">Hidrolik silindirler, hareketli makinelerin i\u00e7indeki g\u00fc\u00e7l\u00fc kaslar gibidir. Makinelere her t\u00fcrl\u00fc zorlu i\u015fi yapmak i\u00e7in ihtiya\u00e7 duyduklar\u0131 g\u00fc\u00e7 ve kontrol\u00fc sa\u011flarlar. \u0130talya'da, Milano'daki yo\u011fun \u015fantiyelerden Floransa yak\u0131nlar\u0131ndaki tar\u0131m alanlar\u0131na kadar, bu par\u00e7alar ekskavat\u00f6rler, damperli kamyonlar ve trakt\u00f6rler gibi makineler i\u00e7in son derece \u00f6nemlidir. Hidrolik silindirler, y\u00fcksek bas\u0131n\u00e7, s\u0131cak veya so\u011fuk hava ve yo\u011fun toz gibi ko\u015fullara dayan\u0131kl\u0131 olarak \u00fcretilmi\u015ftir. Bu sayede makineler ar\u0131zalanmadan sorunsuz \u00e7al\u0131\u015f\u0131r.<\/p>\n<p class=\"break-words\">\u00d6rne\u011fin, in\u015faat sekt\u00f6r\u00fcnde hidrolik silindirler, ekskavat\u00f6r ve vin\u00e7 gibi makinelerin a\u011f\u0131r y\u00fckleri kald\u0131r\u0131p tam olarak ihtiya\u00e7 duyulan yere koymalar\u0131na yard\u0131mc\u0131 olur. Venedik yak\u0131nlar\u0131ndaki \u00e7iftliklerde ise bi\u00e7erd\u00f6ver ve ekim aletlerinin daha iyi \u00e7al\u0131\u015fmas\u0131n\u0131 sa\u011flayarak \u00e7ift\u00e7ilerin i\u015flerini daha h\u0131zl\u0131 tamamlamalar\u0131n\u0131 sa\u011flar. G\u00fc\u00e7l\u00fc tasar\u0131mlar\u0131, onlar\u0131 bu zorlu g\u00f6revler i\u00e7in m\u00fckemmel k\u0131lar.<\/p>\n<p>Ancak hidrolik silindirler sadece in\u015faat ve \u00e7ift\u00e7ili\u011fe yard\u0131mc\u0131 olmaz. Bologna gibi yo\u011fun bir \u015fehirde, garajlardaki ara\u00e7 kald\u0131rma liftlerine ve havaalan\u0131ndaki u\u00e7aklar\u0131n u\u00e7u\u015fa haz\u0131rlanmas\u0131na yard\u0131mc\u0131 olan makinelere g\u00fc\u00e7 sa\u011flarlar. Floransa yak\u0131nlar\u0131ndaki ormanlarda makinelerin a\u011fa\u00e7 kesmesine yard\u0131mc\u0131 olurlar ve Milano'daki fabrikalarda forkliftlerin a\u011f\u0131r kutular\u0131 kolayca ta\u015f\u0131mas\u0131n\u0131 sa\u011flarlar. \u0130ster kald\u0131rmak, ister itmek veya bir \u015feyleri ta\u015f\u0131mak olsun, hidrolik silindirler her \u015feyi yapabilir. \u0130talya'n\u0131n \u015fehir ve k\u0131rsal kesimlerinde mobil makinelerin sorunsuz \u00e7al\u0131\u015fmas\u0131n\u0131 sa\u011flayarak harika \u00e7al\u0131\u015f\u0131rlar.<\/p>\n<\/div>\n<p>[\/et_pb_text][\/et_pb_column][et_pb_column _builder_version=&#8221;4.27.4&#8243; _module_preset=&#8221;default&#8221; type=&#8221;1_2&#8243; theme_builder_area=&#8221;post_content&#8221;][et_pb_image src=&#8221;https:\/\/fmp-components.com\/wp-content\/uploads\/2025\/03\/Mobile-Machinery-Hydraulic-Cylinders-3.webp&#8221; _builder_version=&#8221;4.27.4&#8243; _module_preset=&#8221;default&#8221; theme_builder_area=&#8221;post_content&#8221; alt=&#8221;Mobile-Machinery-Hydraulic-Cylinders&#8221; title_text=&#8221;Mobile-Machinery-Hydraulic-Cylinders-3&#8243; hover_enabled=&#8221;0&#8243; sticky_enabled=&#8221;0&#8243;][\/et_pb_image][\/et_pb_column][\/et_pb_row][et_pb_row _builder_version=&#8221;4.27.4&#8243; _module_preset=&#8221;default&#8221; column_structure=&#8221;2_5,3_5&#8243; theme_builder_area=&#8221;post_content&#8221; use_custom_gutter=&#8221;on&#8221; gutter_width=&#8221;2&#8243; width=&#8221;100%&#8221; max_width=&#8221;1200px&#8221; hover_enabled=&#8221;0&#8243; sticky_enabled=&#8221;0&#8243;][et_pb_column _builder_version=&#8221;4.27.4&#8243; _module_preset=&#8221;default&#8221; type=&#8221;2_5&#8243; theme_builder_area=&#8221;post_content&#8221;][et_pb_image src=&#8221;https:\/\/fmp-components.com\/wp-content\/uploads\/2025\/03\/Mobile-Machinery-Hydraulic-Cylinders-4-1.webp&#8221; _builder_version=&#8221;4.27.4&#8243; _module_preset=&#8221;default&#8221; theme_builder_area=&#8221;post_content&#8221; alt=&#8221;Mobile-Machinery-Hydraulic-Cylinders&#8221; title_text=&#8221;Mobile-Machinery-Hydraulic-Cylinders-4&#8243; hover_enabled=&#8221;0&#8243; sticky_enabled=&#8221;0&#8243;][\/et_pb_image][\/et_pb_column][et_pb_column _builder_version=&#8221;4.27.4&#8243; _module_preset=&#8221;default&#8221; type=&#8221;3_5&#8243; theme_builder_area=&#8221;post_content&#8221;][et_pb_text _builder_version=&#8221;4.27.4&#8243; _module_preset=&#8221;default&#8221; theme_builder_area=&#8221;post_content&#8221; hover_enabled=&#8221;0&#8243; sticky_enabled=&#8221;0&#8243; text_font_size=&#8221;16px&#8221; text_line_height=&#8221;1.8em&#8221; header_2_font=&#8221;Frank Ruhl Libre||||||||&#8221; custom_padding=&#8221;34px|||||&#8221;]<\/p>\n<div>\n<h2>FMP \u015eirketi: Hidrolik Silindirler \u0130\u00e7in Tercih Edece\u011finiz \u015eirket<\/h2>\n<p class=\"break-words\">FMP Company olarak, Venedik'ten Bologna'ya kadar mobil makineler i\u00e7in bir\u00e7ok farkl\u0131 hidrolik silindir \u00fcretiyoruz. G\u00fc\u00e7l\u00fc kaynakl\u0131 \u00e7ubuk silindirlerimiz var ve hatta makineleriniz i\u00e7in \u00f6zel silindirler bile \u00fcretebiliyoruz. Bu, ekipman\u0131n\u0131z\u0131n daha iyi \u00e7al\u0131\u015fmas\u0131na ve daha uzun \u00f6m\u00fcrl\u00fc olmas\u0131na yard\u0131mc\u0131 olur. \u0130htiyac\u0131n\u0131z olan\u0131 listemizde bulamazsan\u0131z endi\u015felenmeyin; s\u00fcrekli yenilerini ekliyoruz! Bize ne istedi\u011finizi belirten bir e-posta g\u00f6ndermeniz yeterli; ekibimiz 24 saat i\u00e7inde size \u00f6zel bir planla geri d\u00f6n\u00fc\u015f yapacakt\u0131r. \u0130talya'n\u0131n neresinde olursan\u0131z olun, mobil makinelerinizin m\u00fckemmel \u00e7al\u0131\u015fmas\u0131n\u0131 sa\u011flayacak sa\u011flam ve y\u00fcksek kaliteli hidrolik silindirler i\u00e7in FMP Company'ye g\u00fcvenebilirsiniz.<\/p>\n<\/div>\n<p>[\/et_pb_text][\/et_pb_column][\/et_pb_row][\/et_pb_section]<\/p>","protected":false},"excerpt":{"rendered":"<p>Mobile Machinery Hydraulic CylindersTypes of Mobile Machinery Hydraulic CylindersMobile Machinery Hydraulic Cylinders: Powering Machines Across Industries Hydraulic cylinders are like the strong muscles inside mobile machinery. They give machines the power and control they need to do hard jobs in all kinds of places. In Italy, from the busy building sites in Milan to the [&hellip;]<\/p>","protected":false},"author":2,"featured_media":0,"parent":0,"menu_order":0,"comment_status":"closed","ping_status":"closed","template":"","meta":{"_et_pb_use_builder":"on","_et_pb_old_content":"","_et_gb_content_width":"","footnotes":""},"class_list":["post-7564","page","type-page","status-publish","hentry"],"_links":{"self":[{"href":"https:\/\/fmp-components.com\/tr\/wp-json\/wp\/v2\/pages\/7564","targetHints":{"allow":["GET"]}}],"collection":[{"href":"https:\/\/fmp-components.com\/tr\/wp-json\/wp\/v2\/pages"}],"about":[{"href":"https:\/\/fmp-components.com\/tr\/wp-json\/wp\/v2\/types\/page"}],"author":[{"embeddable":true,"href":"https:\/\/fmp-components.com\/tr\/wp-json\/wp\/v2\/users\/2"}],"replies":[{"embeddable":true,"href":"https:\/\/fmp-components.com\/tr\/wp-json\/wp\/v2\/comments?post=7564"}],"version-history":[{"count":7,"href":"https:\/\/fmp-components.com\/tr\/wp-json\/wp\/v2\/pages\/7564\/revisions"}],"predecessor-version":[{"id":7579,"href":"https:\/\/fmp-components.com\/tr\/wp-json\/wp\/v2\/pages\/7564\/revisions\/7579"}],"wp:attachment":[{"href":"https:\/\/fmp-components.com\/tr\/wp-json\/wp\/v2\/media?parent=7564"}],"curies":[{"name":"wp","href":"https:\/\/api.w.org\/{rel}","templated":true}]}}