{"id":7540,"date":"2025-03-28T05:36:23","date_gmt":"2025-03-28T05:36:23","guid":{"rendered":"https:\/\/fmp-components.com\/?page_id=7540"},"modified":"2025-03-28T07:40:12","modified_gmt":"2025-03-28T07:40:12","slug":"construction-machinery-hydraulic-cylinders-2","status":"publish","type":"page","link":"https:\/\/fmp-components.com\/tr\/construction-machinery-hydraulic-cylinders-2\/","title":{"rendered":"\u0130n\u015faat Makineleri Hidrolik Silindirleri"},"content":{"rendered":"<p>[et_pb_section fb_built=&#8221;1&#8243; theme_builder_area=&#8221;post_content&#8221; _builder_version=&#8221;4.27.4&#8243; _module_preset=&#8221;default&#8221; alt=&#8221;Construction-Machinery-Hydraulic-Cylinders-Banner&#8221; title_text=&#8221;Construction-Machinery-Hydraulic-Cylinders-Banner-1&#8243; background_image=&#8221;https:\/\/fmp-components.com\/wp-content\/uploads\/2025\/03\/Construction-Machinery-Hydraulic-Cylinders-Banner-1.webp&#8221; hover_enabled=&#8221;0&#8243; sticky_enabled=&#8221;0&#8243; min_height=&#8221;356px&#8221;][et_pb_row _builder_version=&#8221;4.27.4&#8243; _module_preset=&#8221;default&#8221; theme_builder_area=&#8221;post_content&#8221;][et_pb_column _builder_version=&#8221;4.27.4&#8243; _module_preset=&#8221;default&#8221; type=&#8221;4_4&#8243; theme_builder_area=&#8221;post_content&#8221;][et_pb_text _builder_version=&#8221;4.27.4&#8243; _module_preset=&#8221;default&#8221; theme_builder_area=&#8221;post_content&#8221; header_font=&#8221;Frank Ruhl Libre||||||||&#8221; header_font_size=&#8221;60px&#8221; header_text_color=&#8221;#FFFFFF&#8221; header_text_shadow_style=&#8221;preset1&#8243; hover_enabled=&#8221;0&#8243; sticky_enabled=&#8221;0&#8243;]<\/p>\n<h1 style=\"text-align: center;\">\u0130n\u015faat Makineleri Hidrolik Silindirleri<\/h1>\n<p>[\/et_pb_text][et_pb_text _builder_version=&#8221;4.27.4&#8243; _module_preset=&#8221;default&#8221; theme_builder_area=&#8221;post_content&#8221; text_text_color=&#8221;#FFFFFF&#8221; text_font_size=&#8221;16px&#8221; text_line_height=&#8221;1.8em&#8221; hover_enabled=&#8221;0&#8243; sticky_enabled=&#8221;0&#8243;]<\/p>\n<p style=\"text-align: center;\">FMP Company olarak, \u00e7e\u015fitli sekt\u00f6r ihtiya\u00e7lar\u0131n\u0131 kar\u015f\u0131lamak \u00fczere tasarlanm\u0131\u015f geni\u015f bir \u0130n\u015faat Makinesi Hidrolik Silindirleri yelpazesinin \u00fcretiminde uzmanla\u015f\u0131yoruz. Geni\u015f \u00fcr\u00fcn yelpazemize ek olarak, \u00f6zel ihtiya\u00e7lar\u0131n\u0131za g\u00f6re \u00f6zelle\u015ftirilmi\u015f \u00e7\u00f6z\u00fcmler de sunuyoruz. \u00dcr\u00fcn listemizde ihtiyac\u0131n\u0131z olan modeli bulamazsan\u0131z, hen\u00fcz g\u00fcncelleme f\u0131rsat\u0131m\u0131z olmad\u0131\u011f\u0131 anlam\u0131na gelir. Arad\u0131\u011f\u0131n\u0131z modelle ilgili ayr\u0131nt\u0131lar\u0131 bize e-postayla g\u00f6ndermekten \u00e7ekinmeyin; m\u00fchendislerimiz size yard\u0131mc\u0131 olmak i\u00e7in 24 saat i\u00e7inde yan\u0131t verecektir.<\/p>\n<p>[\/et_pb_text][\/et_pb_column][\/et_pb_row][\/et_pb_section][et_pb_section fb_built=&#8221;1&#8243; theme_builder_area=&#8221;post_content&#8221; _builder_version=&#8221;4.27.4&#8243; _module_preset=&#8221;default&#8221; custom_padding=&#8221;||1px|||&#8221;][et_pb_row _builder_version=&#8221;4.27.4&#8243; _module_preset=&#8221;default&#8221; theme_builder_area=&#8221;post_content&#8221;][et_pb_column _builder_version=&#8221;4.27.4&#8243; _module_preset=&#8221;default&#8221; type=&#8221;4_4&#8243; theme_builder_area=&#8221;post_content&#8221;][et_pb_text _builder_version=&#8221;4.27.4&#8243; _module_preset=&#8221;default&#8221; theme_builder_area=&#8221;post_content&#8221; header_2_font=&#8221;Frank Ruhl Libre||||||||&#8221; header_2_font_size=&#8221;30px&#8221; hover_enabled=&#8221;0&#8243; sticky_enabled=&#8221;0&#8243;]<\/p>\n<h2 style=\"text-align: center;\">\u0130n\u015faat Makinalar\u0131 Hidrolik Silindir \u00c7e\u015fitleri<\/h2>\n<p>[\/et_pb_text][et_pb_shop _builder_version=&#8221;4.27.4&#8243; _module_preset=&#8221;default&#8221; theme_builder_area=&#8221;post_content&#8221; type=&#8221;product_category&#8221; include_categories=&#8221;24&#8243; columns_number=&#8221;3&#8243; hover_enabled=&#8221;0&#8243; sticky_enabled=&#8221;0&#8243;][\/et_pb_shop][\/et_pb_column][\/et_pb_row][\/et_pb_section][et_pb_section fb_built=&#8221;1&#8243; theme_builder_area=&#8221;post_content&#8221; _builder_version=&#8221;4.27.4&#8243; _module_preset=&#8221;default&#8221; custom_padding=&#8221;20px|||||&#8221;][et_pb_row _builder_version=&#8221;4.27.4&#8243; _module_preset=&#8221;default&#8221; theme_builder_area=&#8221;post_content&#8221;][et_pb_column _builder_version=&#8221;4.27.4&#8243; _module_preset=&#8221;default&#8221; type=&#8221;4_4&#8243; theme_builder_area=&#8221;post_content&#8221;][et_pb_text _builder_version=&#8221;4.27.4&#8243; _module_preset=&#8221;default&#8221; theme_builder_area=&#8221;post_content&#8221; header_2_font=&#8221;Frank Ruhl Libre||||||||&#8221; header_2_font_size=&#8221;30px&#8221; hover_enabled=&#8221;0&#8243; sticky_enabled=&#8221;0&#8243;]<\/p>\n<h2 style=\"text-align: center;\">\u0130n\u015faat Makinalar\u0131nda Hidrolik Silindirlerin Rol\u00fc<\/h2>\n<p>[\/et_pb_text][\/et_pb_column][\/et_pb_row][et_pb_row _builder_version=&#8221;4.27.4&#8243; _module_preset=&#8221;default&#8221; column_structure=&#8221;1_2,1_2&#8243; theme_builder_area=&#8221;post_content&#8221; use_custom_gutter=&#8221;on&#8221; gutter_width=&#8221;2&#8243; hover_enabled=&#8221;0&#8243; sticky_enabled=&#8221;0&#8243;][et_pb_column _builder_version=&#8221;4.27.4&#8243; _module_preset=&#8221;default&#8221; type=&#8221;1_2&#8243; theme_builder_area=&#8221;post_content&#8221;][et_pb_text _builder_version=&#8221;4.27.4&#8243; _module_preset=&#8221;default&#8221; theme_builder_area=&#8221;post_content&#8221; hover_enabled=&#8221;0&#8243; sticky_enabled=&#8221;0&#8243; header_3_font=&#8221;Frank Ruhl Libre||||||||&#8221; text_font_size=&#8221;15px&#8221;]<\/p>\n<div>\n<h3>\u0130n\u015faat\u0131n S\u00fcper Kahramanlar\u0131:<\/h3>\n<p>Hidrolik silindirler in\u015faat makinelerinin gizli s\u00fcper kahramanlar\u0131 gibidir.<br \/>\u0130talya'n\u0131n Milano'dan Venedik'e kadar her yerindeki yo\u011fun i\u015f sahalar\u0131nda zorlu i\u015fler i\u00e7in b\u00fcy\u00fck g\u00fc\u00e7 ve dikkatli kontrol sa\u011fl\u0131yorlar.<\/p>\n<h3>Nas\u0131l \u00c7al\u0131\u015f\u0131rlar:<\/h3>\n<p>Bu \u00f6nemli par\u00e7alar hidrolik enerjiyi d\u00fcz \u00e7izgisel harekete d\u00f6n\u00fc\u015ft\u00fcr\u00fcr.<br \/>Ekskavat\u00f6r, kep\u00e7e, y\u00fckleyici ve damperli kamyon gibi makinelerin a\u011f\u0131r malzemeleri kald\u0131rmas\u0131na, topra\u011f\u0131 itmesine ve h\u0131zl\u0131 ve kolay bir \u015fekilde kazmas\u0131na yard\u0131mc\u0131 olurlar.<\/p>\n<h3>Uygulama \u00d6rnekleri:<\/h3>\n<p>Ekskavat\u00f6rlerde hidrolik silindirler, Floransa'n\u0131n eski mahallelerinde veya Venedik kanallar\u0131n\u0131n yak\u0131n\u0131nda bina temelleri i\u00e7in tam olarak delikler kazmak \u00fczere uzun kolu ve kep\u00e7eyi hareket ettirir.<br \/>Bologna'daki fabrika alanlar\u0131ndaki buldozerlerde, araziyi d\u00fczle\u015ftirmek veya temizlemek i\u00e7in b\u00fcy\u00fck b\u0131\u00e7aklar hareket ettiriliyor.<br \/>Damperli kamyonlardaki \u00f6zel teleskopik silindirler a\u011f\u0131r malzemeleri s\u00fcper h\u0131zl\u0131 bir \u015fekilde bo\u015falt\u0131r.<\/p>\n<\/div>\n<p>[\/et_pb_text][\/et_pb_column][et_pb_column _builder_version=&#8221;4.27.4&#8243; _module_preset=&#8221;default&#8221; type=&#8221;1_2&#8243; theme_builder_area=&#8221;post_content&#8221;][et_pb_image src=&#8221;https:\/\/fmp-components.com\/wp-content\/uploads\/2025\/03\/Construction-Machinery-Hydraulic-Cylinders-6.webp&#8221; _builder_version=&#8221;4.27.4&#8243; _module_preset=&#8221;default&#8221; theme_builder_area=&#8221;post_content&#8221; alt=&#8221;Construction-Machinery-Hydraulic-Cylinders&#8221; title_text=&#8221;Construction-Machinery-Hydraulic-Cylinders-6&#8243; hover_enabled=&#8221;0&#8243; sticky_enabled=&#8221;0&#8243;][\/et_pb_image][\/et_pb_column][\/et_pb_row][et_pb_row _builder_version=&#8221;4.27.4&#8243; _module_preset=&#8221;default&#8221; column_structure=&#8221;1_2,1_2&#8243; theme_builder_area=&#8221;post_content&#8221; use_custom_gutter=&#8221;on&#8221; gutter_width=&#8221;2&#8243; hover_enabled=&#8221;0&#8243; sticky_enabled=&#8221;0&#8243;][et_pb_column _builder_version=&#8221;4.27.4&#8243; _module_preset=&#8221;default&#8221; type=&#8221;1_2&#8243; theme_builder_area=&#8221;post_content&#8221;][et_pb_image src=&#8221;https:\/\/fmp-components.com\/wp-content\/uploads\/2025\/03\/Construction-Machinery-Hydraulic-Cylinders-8.webp&#8221; _builder_version=&#8221;4.27.4&#8243; _module_preset=&#8221;default&#8221; theme_builder_area=&#8221;post_content&#8221; alt=&#8221;Construction-Machinery-Hydraulic-Cylinders&#8221; title_text=&#8221;Construction-Machinery-Hydraulic-Cylinders-8&#8243; hover_enabled=&#8221;0&#8243; sticky_enabled=&#8221;0&#8243;][\/et_pb_image][\/et_pb_column][et_pb_column _builder_version=&#8221;4.27.4&#8243; _module_preset=&#8221;default&#8221; type=&#8221;1_2&#8243; theme_builder_area=&#8221;post_content&#8221;][et_pb_text _builder_version=&#8221;4.27.4&#8243; _module_preset=&#8221;default&#8221; theme_builder_area=&#8221;post_content&#8221; header_3_font=&#8221;Frank Ruhl Libre||||||||&#8221; text_font_size=&#8221;15px&#8221; hover_enabled=&#8221;0&#8243; sticky_enabled=&#8221;0&#8243;]<\/p>\n<div>\n<h3>Makineleri Daha G\u00fcvenli ve Daha \u0130yi Hale Getirmek:<\/h3>\n<p>\u00c7ift etkili silindirler (Milano'daki skid steer y\u00fckleyicilerde ve vin\u00e7lerde) d\u00fczg\u00fcn kald\u0131rma ve indirme i\u00e7in itme ve \u00e7ekme i\u015flemini ger\u00e7ekle\u015ftirir.<br \/>Teleskopik silindirler (Floransa'daki vin\u00e7lerde ve kurtarma ara\u00e7lar\u0131nda) dar \u015fehir alanlar\u0131nda \u00e7al\u0131\u015fmak i\u00e7in uzunlamas\u0131na uzan\u0131r.<br \/>Kaynakl\u0131 g\u00f6vde silindirleri s\u00fcper g\u00fc\u00e7l\u00fcd\u00fcr ve Kuzey \u0130talya'n\u0131n engebeli b\u00f6lgelerinde uzun s\u00fcre dayan\u0131r, pas ve kiri uzak tutar.<\/p>\n<h3>Zamandan Tasarruf:<\/h3>\n<p>Dayan\u0131kl\u0131l\u0131klar\u0131 sayesinde makineler \u00e7ok fazla bozulmaz.<br \/>Bu, yeni yollar\u0131n ve binalar\u0131n her yerde bulundu\u011fu Bologna gibi h\u0131zla b\u00fcy\u00fcyen \u015fehirlerde b\u00fcy\u00fck projelerin zaman\u0131nda tamamlanmas\u0131na yard\u0131mc\u0131 oluyor.<\/p>\n<h3>\u0130n\u015faat\u0131n Omurgas\u0131:<\/h3>\n<p>Hidrolik silindirler g\u00fcc\u00fc dikkatli kontrolle birle\u015ftirir.<br \/>Bunlar modern in\u015faat makinelerinin g\u00fc\u00e7l\u00fc omurgas\u0131 gibidir.<\/p>\n<\/div>\n<p>[\/et_pb_text][\/et_pb_column][\/et_pb_row][\/et_pb_section][et_pb_section fb_built=&#8221;1&#8243; theme_builder_area=&#8221;post_content&#8221; _builder_version=&#8221;4.27.4&#8243; _module_preset=&#8221;default&#8221; alt=&#8221;Construction-Machinery-Hydraulic-Cylinders&#8221; title_text=&#8221;Construction-Machinery-Hydraulic-Cylinders&#8221; background_image=&#8221;https:\/\/fmp-components.com\/wp-content\/uploads\/2025\/03\/Construction-Machinery-Hydraulic-Cylinders-Banner.webp&#8221; hover_enabled=&#8221;0&#8243; sticky_enabled=&#8221;0&#8243; min_height=&#8221;436px&#8221; use_background_color_gradient=&#8221;on&#8221; background_color_gradient_stops=&#8221;rgba(0,0,0,0.51) 0%|rgba(0,0,0,0.29) 100%&#8221; background_color_gradient_overlays_image=&#8221;on&#8221;][et_pb_row _builder_version=&#8221;4.27.4&#8243; _module_preset=&#8221;default&#8221; theme_builder_area=&#8221;post_content&#8221; custom_padding=&#8221;88px|||||&#8221;][et_pb_column _builder_version=&#8221;4.27.4&#8243; _module_preset=&#8221;default&#8221; type=&#8221;4_4&#8243; theme_builder_area=&#8221;post_content&#8221;][et_pb_text _builder_version=&#8221;4.27.4&#8243; _module_preset=&#8221;default&#8221; theme_builder_area=&#8221;post_content&#8221; text_font_size=&#8221;18px&#8221; text_line_height=&#8221;2em&#8221; text_text_color=&#8221;#FFFFFF&#8221; text_text_shadow_style=&#8221;preset1&#8243; hover_enabled=&#8221;0&#8243; sticky_enabled=&#8221;0&#8243;]<\/p>\n<p style=\"text-align: center;\">FMP olarak, Milano'dan G\u00fcney \u0130talya'ya kadar her t\u00fcrl\u00fc in\u015faat makinesi i\u00e7in birinci s\u0131n\u0131f hidrolik silindir \u00fcretmekten gurur duyuyoruz. \u0130ster ekskavat\u00f6rler i\u00e7in g\u00fc\u00e7l\u00fc silindirlere, ister Venedik'teki harika projeler i\u00e7in \u00f6zel silindirlere ihtiyac\u0131n\u0131z olsun, \u0130talya'daki ekibimiz sizin i\u00e7in sa\u011flam ve y\u00fcksek performansl\u0131 \u00fcr\u00fcnler \u00fcretebilir. Silindirlerimizin \u0130talya'n\u0131n zorlu in\u015faat i\u015flerinin \u00fcstesinden gelebilmesini sa\u011flamak i\u00e7in yerel uzmanlar\u0131m\u0131z\u0131n yeni fikirlerine ve bilgi birikimine odaklan\u0131yoruz. Hem d\u00fczenli ihtiya\u00e7lara hem de \u00f6zel tasar\u0131mlara her zaman h\u0131zl\u0131 ve g\u00fcvenilir hizmet sunarak yard\u0131mc\u0131 olmaya haz\u0131r\u0131z.<\/p>\n<p>[\/et_pb_text][\/et_pb_column][\/et_pb_row][\/et_pb_section]<\/p>","protected":false},"excerpt":{"rendered":"<p>Construction Machinery Hydraulic CylindersAt FMP Company, we specialize in manufacturing a wide range of Construction Machinery Hydraulic Cylinders designed to meet diverse industry needs. In addition to our extensive product lineup, we also offer customized solutions tailored to your specific requirements. If you don\u2019t find the model you need in our product list, it simply [&hellip;]<\/p>","protected":false},"author":2,"featured_media":0,"parent":0,"menu_order":0,"comment_status":"closed","ping_status":"closed","template":"","meta":{"_et_pb_use_builder":"on","_et_pb_old_content":"","_et_gb_content_width":"","footnotes":""},"class_list":["post-7540","page","type-page","status-publish","hentry"],"_links":{"self":[{"href":"https:\/\/fmp-components.com\/tr\/wp-json\/wp\/v2\/pages\/7540","targetHints":{"allow":["GET"]}}],"collection":[{"href":"https:\/\/fmp-components.com\/tr\/wp-json\/wp\/v2\/pages"}],"about":[{"href":"https:\/\/fmp-components.com\/tr\/wp-json\/wp\/v2\/types\/page"}],"author":[{"embeddable":true,"href":"https:\/\/fmp-components.com\/tr\/wp-json\/wp\/v2\/users\/2"}],"replies":[{"embeddable":true,"href":"https:\/\/fmp-components.com\/tr\/wp-json\/wp\/v2\/comments?post=7540"}],"version-history":[{"count":13,"href":"https:\/\/fmp-components.com\/tr\/wp-json\/wp\/v2\/pages\/7540\/revisions"}],"predecessor-version":[{"id":7562,"href":"https:\/\/fmp-components.com\/tr\/wp-json\/wp\/v2\/pages\/7540\/revisions\/7562"}],"wp:attachment":[{"href":"https:\/\/fmp-components.com\/tr\/wp-json\/wp\/v2\/media?parent=7540"}],"curies":[{"name":"wp","href":"https:\/\/api.w.org\/{rel}","templated":true}]}}