{"id":6269,"date":"2025-03-07T03:38:27","date_gmt":"2025-03-07T03:38:27","guid":{"rendered":"https:\/\/fmp-components.com\/?page_id=6269"},"modified":"2025-03-07T06:14:40","modified_gmt":"2025-03-07T06:14:40","slug":"steel-2","status":"publish","type":"page","link":"https:\/\/fmp-components.com\/tr\/steel-2\/","title":{"rendered":"\u00c7elik"},"content":{"rendered":"<p>[et_pb_section fb_built=&#8221;1&#8243; theme_builder_area=&#8221;post_content&#8221; _builder_version=&#8221;4.27.4&#8243; _module_preset=&#8221;default&#8221; alt=&#8221;Steel&#8221; title_text=&#8221;steel-banner&#8221; background_image=&#8221;https:\/\/fmp-components.com\/wp-content\/uploads\/2025\/03\/steel-banner.webp&#8221; hover_enabled=&#8221;0&#8243; sticky_enabled=&#8221;0&#8243; min_height=&#8221;447px&#8221; use_background_color_gradient=&#8221;on&#8221; background_color_gradient_stops=&#8221;rgba(0,0,0,0.2) 0%|rgba(0,0,0,0.15) 100%&#8221; background_color_gradient_overlays_image=&#8221;on&#8221;][et_pb_row _builder_version=&#8221;4.27.4&#8243; _module_preset=&#8221;default&#8221; theme_builder_area=&#8221;post_content&#8221;][et_pb_column _builder_version=&#8221;4.27.4&#8243; _module_preset=&#8221;default&#8221; type=&#8221;4_4&#8243; theme_builder_area=&#8221;post_content&#8221;][et_pb_text _builder_version=&#8221;4.27.4&#8243; _module_preset=&#8221;default&#8221; theme_builder_area=&#8221;post_content&#8221; text_orientation=&#8221;center&#8221; text_text_color=&#8221;#FFFFFF&#8221; header_font=&#8221;Frank Ruhl Libre||||||||&#8221; header_text_align=&#8221;center&#8221; header_text_color=&#8221;#FFFFFF&#8221; header_font_size=&#8221;70px&#8221; header_text_shadow_style=&#8221;preset1&#8243; hover_enabled=&#8221;0&#8243; sticky_enabled=&#8221;0&#8243;]<\/p>\n<h1 style=\"text-align: center;\">\u00c7elik<\/h1>\n<p>[\/et_pb_text][\/et_pb_column][\/et_pb_row][\/et_pb_section][et_pb_section fb_built=&#8221;1&#8243; theme_builder_area=&#8221;post_content&#8221; _builder_version=&#8221;4.27.4&#8243; _module_preset=&#8221;default&#8221;][et_pb_row _builder_version=&#8221;4.27.4&#8243; _module_preset=&#8221;default&#8221; theme_builder_area=&#8221;post_content&#8221;][et_pb_column _builder_version=&#8221;4.27.4&#8243; _module_preset=&#8221;default&#8221; type=&#8221;4_4&#8243; theme_builder_area=&#8221;post_content&#8221;][et_pb_text _builder_version=&#8221;4.27.4&#8243; _module_preset=&#8221;default&#8221; theme_builder_area=&#8221;post_content&#8221; header_font=&#8221;Frank Ruhl Libre||||||||&#8221; header_2_font=&#8221;Frank Ruhl Libre||||||||&#8221; header_2_font_size=&#8221;35px&#8221; hover_enabled=&#8221;0&#8243; sticky_enabled=&#8221;0&#8243;]<\/p>\n<h2>FMP'nin \u00c7elik \u00c7\u00f6z\u00fcmleri: \u0130talya'n\u0131n End\u00fcstrilerine Kalite ve Hassasiyetle G\u00fc\u00e7 Veriyor<\/h2>\n<p>[\/et_pb_text][et_pb_text _builder_version=&#8221;4.27.4&#8243; _module_preset=&#8221;default&#8221; theme_builder_area=&#8221;post_content&#8221; text_font_size=&#8221;16px&#8221; text_line_height=&#8221;1.8em&#8221; hover_enabled=&#8221;0&#8243; sticky_enabled=&#8221;0&#8243;]<\/p>\n<p>\u00c7elik s\u00f6z konusu oldu\u011funda, FMP \u015eirketi, \u0130talya'da g\u00fcvenilir bir lider olarak \u00f6ne \u00e7\u0131k\u0131yor ve yar\u0131mada genelindeki end\u00fcstrilerin, zanaatk\u00e2rlar\u0131n ve yenilik\u00e7ilerin ihtiya\u00e7lar\u0131n\u0131 kar\u015f\u0131lamak \u00fczere geni\u015f bir yelpazede y\u00fcksek kaliteli \u00e7elik \u00fcr\u00fcnleri sunuyor. 2%'ye kadar karbon i\u00e7eri\u011fine sahip bir demir ve karbon ala\u015f\u0131m\u0131 olan \u00e7elik, Milano'nun y\u00fcksek g\u00f6kdelenlerinden Toskana at\u00f6lyelerinin karma\u015f\u0131k makinelerine kadar modern altyap\u0131n\u0131n omurgas\u0131n\u0131 olu\u015fturur. FMP olarak, \u0130talya'n\u0131n \u00e7e\u015fitli uygulamalar\u0131n\u0131 desteklemek \u00fczere tasarlanm\u0131\u015f karbon \u00e7eli\u011fi, ala\u015f\u0131ml\u0131 \u00e7elik, paslanmaz \u00e7elik ve tak\u0131m \u00e7eli\u011fi dahil olmak \u00fczere geni\u015f bir \u00e7elik t\u00fcrleri portf\u00f6y\u00fc sunuyoruz.<\/p>\n<p>[\/et_pb_text][\/et_pb_column][\/et_pb_row][et_pb_row _builder_version=&#8221;4.27.4&#8243; _module_preset=&#8221;default&#8221; theme_builder_area=&#8221;post_content&#8221;][et_pb_column _builder_version=&#8221;4.27.4&#8243; _module_preset=&#8221;default&#8221; type=&#8221;4_4&#8243; theme_builder_area=&#8221;post_content&#8221;][et_pb_text _builder_version=&#8221;4.27.4&#8243; _module_preset=&#8221;default&#8221; theme_builder_area=&#8221;post_content&#8221; header_font=&#8221;Frank Ruhl Libre||||||||&#8221; header_2_font=&#8221;Frank Ruhl Libre||||||||&#8221; header_2_font_size=&#8221;35px&#8221; hover_enabled=&#8221;0&#8243; sticky_enabled=&#8221;0&#8243;]<\/p>\n<h2>\u00c7elik Neden \u00d6nemlidir?<\/h2>\n<p>[\/et_pb_text][et_pb_text _builder_version=&#8221;4.27.4&#8243; _module_preset=&#8221;default&#8221; theme_builder_area=&#8221;post_content&#8221; text_font_size=&#8221;16px&#8221; text_line_height=&#8221;1.8em&#8221; hover_enabled=&#8221;0&#8243; sticky_enabled=&#8221;0&#8243;]<\/p>\n<p>\u00c7eli\u011fin \u00e7ok y\u00f6nl\u00fcl\u00fc\u011f\u00fc, benzersiz bile\u015fiminden kaynaklan\u0131r: D\u00fcnya'n\u0131n en bol bulunan elementlerinden biri olan demir, karbonla birle\u015ferek saf demirden daha g\u00fc\u00e7l\u00fc ve dayan\u0131kl\u0131 bir malzeme olu\u015fturur. 2013 y\u0131l\u0131nda 1,6 milyar tonluk k\u00fcresel \u00fcretimle (bir sonraki en \u00f6nemli m\u00fchendislik metali olan al\u00fcminyumun sadece 47 milyon tonluk \u00fcretimiyle kar\u015f\u0131la\u015ft\u0131r\u0131ld\u0131\u011f\u0131nda), \u00e7elik d\u00fcnyan\u0131n en yayg\u0131n kullan\u0131lan malzemesi olarak \u00f6ne \u00e7\u0131kmaktad\u0131r. Diki\u015f i\u011fnelerinden petrol tankerlerine ve hatta bunlar\u0131 yapmak i\u00e7in kullan\u0131lan aletlere kadar her \u015feyi \u015fekillendirir. FMP olarak, ferrit, ostenit ve martensit gibi kristal yap\u0131lar\u0131 sayesinde \u00e7eli\u011fin benzersiz mekanik \u00f6zelliklerini kullanarak \u0130talya'n\u0131n end\u00fcstriyel ve yarat\u0131c\u0131 ihtiya\u00e7lar\u0131na \u00f6zel \u00fcr\u00fcnler sunuyoruz.<\/p>\n<p>[\/et_pb_text][\/et_pb_column][\/et_pb_row][et_pb_row _builder_version=&#8221;4.27.4&#8243; _module_preset=&#8221;default&#8221; theme_builder_area=&#8221;post_content&#8221;][et_pb_column _builder_version=&#8221;4.27.4&#8243; _module_preset=&#8221;default&#8221; type=&#8221;4_4&#8243; theme_builder_area=&#8221;post_content&#8221;][et_pb_image src=&#8221;https:\/\/fmp-components.com\/wp-content\/uploads\/2025\/03\/steel-product.webp&#8221; _builder_version=&#8221;4.27.4&#8243; _module_preset=&#8221;default&#8221; theme_builder_area=&#8221;post_content&#8221; alt=&#8221;steel product&#8221; title_text=&#8221;steel-product&#8221; hover_enabled=&#8221;0&#8243; sticky_enabled=&#8221;0&#8243; align=&#8221;center&#8221;][\/et_pb_image][\/et_pb_column][\/et_pb_row][et_pb_row _builder_version=&#8221;4.27.4&#8243; _module_preset=&#8221;default&#8221; theme_builder_area=&#8221;post_content&#8221; custom_padding=&#8221;||3px|||&#8221;][et_pb_column _builder_version=&#8221;4.27.4&#8243; _module_preset=&#8221;default&#8221; type=&#8221;4_4&#8243; theme_builder_area=&#8221;post_content&#8221;][et_pb_text _builder_version=&#8221;4.27.4&#8243; _module_preset=&#8221;default&#8221; theme_builder_area=&#8221;post_content&#8221; header_2_font=&#8221;Frank Ruhl Libre||||||||&#8221; header_2_font_size=&#8221;35px&#8221; hover_enabled=&#8221;0&#8243; sticky_enabled=&#8221;0&#8243;]<\/p>\n<h2 style=\"text-align: center;\">Neden \u0130talya'da FMP \u00c7elik \u00dcr\u00fcnleri'ni Se\u00e7melisiniz?<\/h2>\n<p>[\/et_pb_text][\/et_pb_column][\/et_pb_row][et_pb_row _builder_version=&#8221;4.27.4&#8243; _module_preset=&#8221;default&#8221; column_structure=&#8221;1_3,1_3,1_3&#8243; theme_builder_area=&#8221;post_content&#8221; use_custom_gutter=&#8221;on&#8221; gutter_width=&#8221;2&#8243; width=&#8221;100%&#8221; max_width=&#8221;1100px&#8221; hover_enabled=&#8221;0&#8243; sticky_enabled=&#8221;0&#8243;][et_pb_column _builder_version=&#8221;4.27.4&#8243; _module_preset=&#8221;default&#8221; type=&#8221;1_3&#8243; theme_builder_area=&#8221;post_content&#8221;][et_pb_text _builder_version=&#8221;4.27.4&#8243; _module_preset=&#8221;default&#8221; theme_builder_area=&#8221;post_content&#8221; header_3_font=&#8221;Frank Ruhl Libre||||||||&#8221; hover_enabled=&#8221;0&#8243; sticky_enabled=&#8221;0&#8243;]<\/p>\n<h3>Kapsaml\u0131 \u00c7elik Portf\u00f6y\u00fc<\/h3>\n<div>\n<p>FMP olarak her ihtiyaca uygun geni\u015f bir \u00e7elik kalitesi yelpazesi sunmaktan gurur duyuyoruz:<\/p>\n<ul class=\"marker:text-secondary\">\n<li class=\"break-words\"><strong>Karbon \u00c7elikleri<\/strong>:Otomotiv panelleri i\u00e7in d\u00fc\u015f\u00fck karbonlu (0,05-0,19%) malzemeden demiryolu raylar\u0131 i\u00e7in y\u00fcksek karbonlu (0,5% \u00fczeri) malzemeye kadar.<\/li>\n<li class=\"break-words\"><strong>Ala\u015f\u0131ml\u0131 \u00c7elikler<\/strong>: \u00dcst\u00fcn mukavemet ve korozyon direnci i\u00e7in nikel, krom ve molibden gibi elementlerle zenginle\u015ftirilmi\u015ftir.<\/li>\n<li class=\"break-words\"><strong>Paslanmaz \u00c7elikler<\/strong>:\u0130talya'n\u0131n g\u0131da i\u015fleme ve t\u0131bbi sekt\u00f6rleri i\u00e7in m\u00fckemmeldir, Venedik gibi nemli iklimlerde paslanmaya kar\u015f\u0131 dayan\u0131kl\u0131d\u0131r.<\/li>\n<li class=\"break-words\"><strong>Tak\u0131m \u00c7elikleri<\/strong>: Bologna'daki m\u00fchendislik at\u00f6lyelerinde kullan\u0131lan hassas kesici tak\u0131mlar i\u00e7in sertle\u015ftirilmi\u015ftir.<br \/>\u00dcr\u00fcn yelpazemiz, 0,013 mm inceli\u011findeki \u00e7ekilmi\u015f tellerden 1.100 mm \u00e7apa kadar d\u00f6vme \u00e7ubuklara kadar uzanarak projeniz i\u00e7in do\u011fru \u00e7eli\u011fe sahip olmam\u0131z\u0131 sa\u011flar.<\/li>\n<\/ul>\n<\/div>\n<p>[\/et_pb_text][\/et_pb_column][et_pb_column _builder_version=&#8221;4.27.4&#8243; _module_preset=&#8221;default&#8221; type=&#8221;1_3&#8243; theme_builder_area=&#8221;post_content&#8221;][et_pb_text _builder_version=&#8221;4.27.4&#8243; _module_preset=&#8221;default&#8221; theme_builder_area=&#8221;post_content&#8221; header_3_font=&#8221;Frank Ruhl Libre||||||||&#8221; hover_enabled=&#8221;0&#8243; sticky_enabled=&#8221;0&#8243;]<\/p>\n<h3>Geli\u015fmi\u015f \u00dcretim Uzmanl\u0131\u011f\u0131<\/h3>\n<div>\n<p>\u00c7eli\u011fin g\u00fcc\u00fc, ister 912\u00b0C'nin alt\u0131ndaki g\u00f6vde merkezli k\u00fcbik (bcc) ferrit, ister 912\u00b0C ile 1.394\u00b0C aras\u0131ndaki y\u00fczey merkezli k\u00fcbik (fcc) ostenit olsun, mikro yap\u0131s\u0131ndan gelir. FMP olarak, bu d\u00f6n\u00fc\u015f\u00fcmleri, s\u00f6nd\u00fcrme ve temperleme gibi hassas \u0131s\u0131l i\u015flemlerle ustal\u0131kla ger\u00e7ekle\u015ftirerek martenzit (1.000 DPH'ye kadar sertlikte) veya sert perlit (yakla\u015f\u0131k 200 DPH) \u00fcretiyoruz. \u0130talya'daki son teknoloji tesislerimiz, her \u00e7elik \u00fcr\u00fcn\u00fcn\u00fcn ISO 4184 gibi uluslararas\u0131 standartlar\u0131 kar\u015f\u0131lamas\u0131n\u0131 sa\u011flayarak uygulamalar\u0131n\u0131z i\u00e7in g\u00fcvenilirlik sunar.<\/p>\n<\/div>\n<p>[\/et_pb_text][\/et_pb_column][et_pb_column _builder_version=&#8221;4.27.4&#8243; _module_preset=&#8221;default&#8221; type=&#8221;1_3&#8243; theme_builder_area=&#8221;post_content&#8221;][et_pb_text _builder_version=&#8221;4.27.4&#8243; _module_preset=&#8221;default&#8221; theme_builder_area=&#8221;post_content&#8221; header_3_font=&#8221;Frank Ruhl Libre||||||||&#8221; hover_enabled=&#8221;0&#8243; sticky_enabled=&#8221;0&#8243;]<\/p>\n<h3>\u0130talyan \u0130htiya\u00e7lar\u0131na G\u00f6re \u00d6zelle\u015ftirme<\/h3>\n<div>\n<p>\u0130htiyac\u0131n\u0131z olan \u00e7eli\u011fi bulam\u0131yor musunuz? FMP, \u00f6zel \u00e7\u00f6z\u00fcmler konusunda uzmanla\u015fm\u0131\u015ft\u0131r. \u0130ster Napoli'deki bir tersane i\u00e7in y\u00fcksek kaynaklanabilirli\u011fe sahip d\u00fc\u015f\u00fck karbonlu bir \u00e7eli\u011fe, ister Torino'daki bir havac\u0131l\u0131k projesi i\u00e7in y\u00fcksek mukavemetli bir ala\u015f\u0131ma ihtiyac\u0131n\u0131z olsun, \u00e7eli\u011fimizi ihtiya\u00e7lar\u0131n\u0131za g\u00f6re uyarl\u0131yoruz. Bizimle ileti\u015fime ge\u00e7in: <a href=\"mailto:info@fmpcomponents.it\">info@fmpcomponents.it<\/a>ve m\u00fchendislerimiz tane boyutundan ala\u015f\u0131m bile\u015fimine kadar t\u00fcm gereksinimlerinizi kar\u015f\u0131layan bir \u00fcr\u00fcn \u00fcretecektir.<\/p>\n<\/div>\n<p>[\/et_pb_text][\/et_pb_column][\/et_pb_row][et_pb_row _builder_version=&#8221;4.27.4&#8243; _module_preset=&#8221;default&#8221; column_structure=&#8221;1_3,1_3,1_3&#8243; theme_builder_area=&#8221;post_content&#8221; use_custom_gutter=&#8221;on&#8221; gutter_width=&#8221;2&#8243; width=&#8221;100%&#8221; max_width=&#8221;1100px&#8221; hover_enabled=&#8221;0&#8243; sticky_enabled=&#8221;0&#8243;][et_pb_column _builder_version=&#8221;4.27.4&#8243; _module_preset=&#8221;default&#8221; type=&#8221;1_3&#8243; theme_builder_area=&#8221;post_content&#8221;][et_pb_text _builder_version=&#8221;4.27.4&#8243; _module_preset=&#8221;default&#8221; theme_builder_area=&#8221;post_content&#8221; header_3_font=&#8221;Frank Ruhl Libre||||||||&#8221; hover_enabled=&#8221;0&#8243; sticky_enabled=&#8221;0&#8243;]<\/p>\n<h3>Yerel \u0130talyan Taahh\u00fcd\u00fc<\/h3>\n<div>\n<p>\u0130talya'da k\u00f6kl\u00fc bir firmay\u0131z ve ak\u0131c\u0131 \u0130talyanca konu\u015fan bir m\u00fc\u015fteri hizmetleri ekibimiz var. Uzmanlar\u0131m\u0131z, do\u011fru \u00e7elik kalitesini se\u00e7mekten montaj ve bak\u0131m dan\u0131\u015fmanl\u0131\u011f\u0131na kadar pratik destek sa\u011fl\u0131yor. Floransa'da s\u00fcrd\u00fcr\u00fclebilir bir proje i\u00e7in \u00e7eli\u011fe mi ihtiyac\u0131n\u0131z var? 94%'ye kadar geri d\u00f6n\u00fc\u015ft\u00fcr\u00fclm\u00fc\u015f hurdadan ve d\u00fc\u015f\u00fck CO2 emisyonlu bir i\u015flemden \u00fcretilen ye\u015fil \u00e7elik se\u00e7eneklerimiz, \u00e7evresel ayak izini 83% azaltarak \u0130talya'n\u0131n \u00e7evre bilincine sahip gelece\u011fi i\u00e7in m\u00fckemmel bir \u00e7\u00f6z\u00fcm sunuyor.<\/p>\n<\/div>\n<p>[\/et_pb_text][\/et_pb_column][et_pb_column _builder_version=&#8221;4.27.4&#8243; _module_preset=&#8221;default&#8221; type=&#8221;1_3&#8243; theme_builder_area=&#8221;post_content&#8221;][et_pb_text _builder_version=&#8221;4.27.4&#8243; _module_preset=&#8221;default&#8221; theme_builder_area=&#8221;post_content&#8221; header_3_font=&#8221;Frank Ruhl Libre||||||||&#8221; hover_enabled=&#8221;0&#8243; sticky_enabled=&#8221;0&#8243;]<\/p>\n<h3>Rakipsiz Dayan\u0131kl\u0131l\u0131k ve \u00d6zellikler<\/h3>\n<div>\n<p>\u00c7eli\u011fin \u00f6zellikleri karbon ve ala\u015f\u0131m elementleri ile geli\u015ftirilir. \u00d6rne\u011fin, 0.77% karbon eklenmesi perlit olu\u015ftururken, h\u0131zl\u0131 so\u011futma maksimum sertlik i\u00e7in martensit olu\u015fturur. FMP'de ayr\u0131ca, mukavemeti, sertle\u015ftirilebilirli\u011fi ve a\u015f\u0131nma direncini art\u0131rmak i\u00e7in titanyum, vanadyum ve manganez gibi elementlerle ala\u015f\u0131mlama yap\u0131yoruz; bu da \u0130talya'n\u0131n in\u015faat, otomotiv ve enerji sekt\u00f6rleri i\u00e7in idealdir. \u00c7eli\u011fimiz, Puglia'daki zeytin preslerinin mekanik streslerine ve Ligurya'n\u0131n a\u015f\u0131nd\u0131r\u0131c\u0131 deniz havas\u0131na dayan\u0131kl\u0131d\u0131r.<\/p>\n<\/div>\n<p>[\/et_pb_text][\/et_pb_column][et_pb_column _builder_version=&#8221;4.27.4&#8243; _module_preset=&#8221;default&#8221; type=&#8221;1_3&#8243; theme_builder_area=&#8221;post_content&#8221;][et_pb_text _builder_version=&#8221;4.27.4&#8243; _module_preset=&#8221;default&#8221; theme_builder_area=&#8221;post_content&#8221; header_3_font=&#8221;Frank Ruhl Libre||||||||&#8221; hover_enabled=&#8221;0&#8243; sticky_enabled=&#8221;0&#8243;]<\/p>\n<h3>\u0130talyan End\u00fcstrileri Taraf\u0131ndan G\u00fcveniliyor<\/h3>\n<div>\n<p>Sicilya'daki tar\u0131mdan Emilia-Romagna'daki makine m\u00fchendisli\u011fine kadar, FMP \u00e7eli\u011fi \u0130talya'n\u0131n kilit sekt\u00f6rlerine g\u00fc\u00e7 veriyor. Y\u00fcksek mukavemetli d\u00fc\u015f\u00fck ala\u015f\u0131ml\u0131 (HSLA) \u00e7eliklerimiz boru hatlar\u0131n\u0131 ve a\u00e7\u0131k deniz yap\u0131lar\u0131n\u0131 desteklerken, k\u00fck\u00fcrt ve kur\u015fun i\u00e7eren serbest i\u015fleme \u00e7eliklerimiz Brescia'daki \u00fcreticilerin tak\u0131m \u00f6mr\u00fcn\u00fc uzat\u0131yor. 20 y\u0131l\u0131 a\u015fk\u0131n uzmanl\u0131\u011f\u0131m\u0131zla, kalite, hassasiyet ve inovasyon sunarak \u0130talyan profesyonellerin g\u00fcvenini kazand\u0131k.<\/p>\n<\/div>\n<p>[\/et_pb_text][\/et_pb_column][\/et_pb_row][et_pb_row _builder_version=&#8221;4.27.4&#8243; _module_preset=&#8221;default&#8221; theme_builder_area=&#8221;post_content&#8221;][et_pb_column _builder_version=&#8221;4.27.4&#8243; _module_preset=&#8221;default&#8221; type=&#8221;4_4&#8243; theme_builder_area=&#8221;post_content&#8221;][et_pb_image src=&#8221;https:\/\/fmp-components.com\/wp-content\/uploads\/2025\/03\/steel-product-1.webp&#8221; _builder_version=&#8221;4.27.4&#8243; _module_preset=&#8221;default&#8221; theme_builder_area=&#8221;post_content&#8221; alt=&#8221;steel product&#8221; title_text=&#8221;steel-product-1&#8243; hover_enabled=&#8221;0&#8243; sticky_enabled=&#8221;0&#8243; align=&#8221;center&#8221;][\/et_pb_image][\/et_pb_column][\/et_pb_row][et_pb_row _builder_version=&#8221;4.27.4&#8243; _module_preset=&#8221;default&#8221; theme_builder_area=&#8221;post_content&#8221; column_structure=&#8221;1_2,1_2&#8243;][et_pb_column _builder_version=&#8221;4.27.4&#8243; _module_preset=&#8221;default&#8221; type=&#8221;1_2&#8243; theme_builder_area=&#8221;post_content&#8221;][et_pb_text _builder_version=&#8221;4.27.4&#8243; _module_preset=&#8221;default&#8221; theme_builder_area=&#8221;post_content&#8221; header_2_font=&#8221;Frank Ruhl Libre||||||||&#8221; header_2_font_size=&#8221;30px&#8221; header_2_text_align=&#8221;left&#8221; text_font_size=&#8221;16px&#8221; text_line_height=&#8221;1.8em&#8221; hover_enabled=&#8221;0&#8243; sticky_enabled=&#8221;0&#8243;]<\/p>\n<h2 style=\"text-align: left;\">\u0130talya'da \u00c7elik Uygulamalar\u0131<\/h2>\n<p>\u00c7elik, \u0130talya'n\u0131n \u00e7e\u015fitli co\u011frafyas\u0131nda \u00e7ok y\u00f6nl\u00fcl\u00fc\u011f\u00fcn\u00fc sergiliyor:<\/p>\n<p>Yap\u0131: Orta karbonlu \u00e7elik levhalar Cenova'daki k\u00f6pr\u00fcleri ve Milano'daki g\u00f6kdelenleri in\u015fa ediyor.<br \/>Otomotiv: Torino fabrikalar\u0131nda d\u00fc\u015f\u00fck karbonlu levhalar otomobil g\u00f6vdelerini olu\u015fturuyor.<br \/>Tar\u0131m: Tak\u0131m \u00e7elikleri Umbria'n\u0131n \u00fcz\u00fcm ba\u011flar\u0131 i\u00e7in dayan\u0131kl\u0131 ekipmanlar \u00fcretiyor.<br \/>Enerji: Ala\u015f\u0131ml\u0131 \u00e7elikler, Adriyatik k\u0131y\u0131s\u0131ndaki r\u00fczgar t\u00fcrbinlerini g\u00fc\u00e7lendiriyor.<\/p>\n<p>[\/et_pb_text][\/et_pb_column][et_pb_column _builder_version=&#8221;4.27.4&#8243; _module_preset=&#8221;default&#8221; type=&#8221;1_2&#8243; theme_builder_area=&#8221;post_content&#8221;][et_pb_text _builder_version=&#8221;4.27.4&#8243; _module_preset=&#8221;default&#8221; theme_builder_area=&#8221;post_content&#8221; header_2_font=&#8221;Frank Ruhl Libre||||||||&#8221; header_2_font_size=&#8221;30px&#8221; header_2_text_align=&#8221;left&#8221; text_font_size=&#8221;16px&#8221; text_line_height=&#8221;1.8em&#8221; hover_enabled=&#8221;0&#8243; sticky_enabled=&#8221;0&#8243;]<\/p>\n<h2 style=\"text-align: left;\">FMP \u00c7elik Performans\u0131n\u0131 Nas\u0131l Art\u0131r\u0131r?<\/h2>\n<p>Sadece \u00e7elik tedarik etmiyoruz, ayn\u0131 zamanda onu optimize ediyoruz. Is\u0131l i\u015flem s\u00fcre\u00e7lerimiz karbon dif\u00fczyon h\u0131zlar\u0131n\u0131 ayarlayarak, mukavemet ve s\u00fcneklik i\u00e7in ince mikro yap\u0131lar olu\u015fturur. Nikel ve krom gibi ala\u015f\u0131m elementleri korozyon direncini art\u0131r\u0131rken, titanyum veya niyobyum ile \u00e7\u00f6kelme sertle\u015ftirmesi, daha fazla tokluk i\u00e7in k\u00fc\u00e7\u00fck tane boyutlar\u0131 sa\u011flar. 3B tasar\u0131m yaz\u0131l\u0131m\u0131m\u0131z, fikirlerinizi ger\u00e7e\u011fe d\u00f6n\u00fc\u015ft\u00fcr\u00fcyor ve ard\u0131ndan hassas \u00fcretim ve teslimat s\u00fcreci ba\u015fl\u0131yor.<\/p>\n<p>[\/et_pb_text][\/et_pb_column][\/et_pb_row][\/et_pb_section][et_pb_section fb_built=&#8221;1&#8243; theme_builder_area=&#8221;post_content&#8221; _builder_version=&#8221;4.27.4&#8243; _module_preset=&#8221;default&#8221; alt=&#8221;Steel Product&#8221; title_text=&#8221;steel-product-2&#8243; background_image=&#8221;https:\/\/fmp-components.com\/wp-content\/uploads\/2025\/03\/steel-product-2.webp&#8221; use_background_color_gradient=&#8221;on&#8221; background_color_gradient_stops=&#8221;rgba(0,0,0,0.28) 0%|rgba(0,0,0,0.68) 100%&#8221; background_color_gradient_overlays_image=&#8221;on&#8221; hover_enabled=&#8221;0&#8243; sticky_enabled=&#8221;0&#8243; min_height=&#8221;754px&#8221;][et_pb_row _builder_version=&#8221;4.27.4&#8243; _module_preset=&#8221;default&#8221; theme_builder_area=&#8221;post_content&#8221; custom_margin=&#8221;100px||||false|false&#8221; hover_enabled=&#8221;0&#8243; sticky_enabled=&#8221;0&#8243;][et_pb_column _builder_version=&#8221;4.27.4&#8243; _module_preset=&#8221;default&#8221; type=&#8221;4_4&#8243; theme_builder_area=&#8221;post_content&#8221;][et_pb_text _builder_version=&#8221;4.27.4&#8243; _module_preset=&#8221;default&#8221; theme_builder_area=&#8221;post_content&#8221; header_2_font=&#8221;Frank Ruhl Libre||||||||&#8221; header_2_text_color=&#8221;#FFFFFF&#8221; header_2_text_align=&#8221;center&#8221; header_2_font_size=&#8221;45px&#8221; header_2_text_shadow_style=&#8221;preset1&#8243; hover_enabled=&#8221;0&#8243; sticky_enabled=&#8221;0&#8243;]<\/p>\n<h2>\u00c7elik \u00c7\u00f6z\u00fcm\u00fcn\u00fcz\u00fc Bug\u00fcn Al\u0131n!<\/h2>\n<p>[\/et_pb_text][et_pb_text _builder_version=&#8221;4.27.4&#8243; _module_preset=&#8221;default&#8221; theme_builder_area=&#8221;post_content&#8221; text_text_color=&#8221;#FFFFFF&#8221; text_font_size=&#8221;16px&#8221; text_line_height=&#8221;1.8em&#8221; text_orientation=&#8221;center&#8221; hover_enabled=&#8221;0&#8243; sticky_enabled=&#8221;0&#8243;]<\/p>\n<p>Bir sonraki projeniz i\u00e7in m\u00fckemmel \u00e7eli\u011fi mi ar\u0131yorsunuz? FMP'nin geni\u015f \u00fcr\u00fcn yelpazesini ke\u015ffedin veya \u00f6zel sipari\u015f i\u00e7in bizimle ileti\u015fime ge\u00e7in. <a href=\"mailto:info@fmpcomponents.it\">info@fmpcomponents.it<\/a>\u0130htiyac\u0131n\u0131z olan\u0131 bulam\u0131yorsan\u0131z, muhtemelen \u00fcretimdedir - sadece sorun! S\u00fcrd\u00fcr\u00fclebilir Ye\u015fil \u00c7elikten y\u00fcksek performansl\u0131 ala\u015f\u0131mlara kadar FMP, \u0130talya end\u00fcstrilerine en iyi \u00e7elik \u00e7\u00f6z\u00fcmlerini sunmak i\u00e7in burada. Birlikte s\u0131ra d\u0131\u015f\u0131 bir \u015fey in\u015fa edelim!<\/p>\n<p>[\/et_pb_text][\/et_pb_column][\/et_pb_row][\/et_pb_section]<\/p>","protected":false},"excerpt":{"rendered":"<p>SteelSteel Solutions by FMP: Powering Italy\u2019s Industries with Quality and PrecisionWhen it comes to steel, FMP Company stands as a trusted leader in Italy, delivering a vast range of high-quality steel products to meet the needs of industries, artisans, and innovators across the peninsula. Steel\u2014an alloy of iron and carbon with up to 2% carbon [&hellip;]<\/p>","protected":false},"author":2,"featured_media":0,"parent":0,"menu_order":0,"comment_status":"closed","ping_status":"closed","template":"","meta":{"_et_pb_use_builder":"on","_et_pb_old_content":"","_et_gb_content_width":"","footnotes":""},"class_list":["post-6269","page","type-page","status-publish","hentry"],"_links":{"self":[{"href":"https:\/\/fmp-components.com\/tr\/wp-json\/wp\/v2\/pages\/6269","targetHints":{"allow":["GET"]}}],"collection":[{"href":"https:\/\/fmp-components.com\/tr\/wp-json\/wp\/v2\/pages"}],"about":[{"href":"https:\/\/fmp-components.com\/tr\/wp-json\/wp\/v2\/types\/page"}],"author":[{"embeddable":true,"href":"https:\/\/fmp-components.com\/tr\/wp-json\/wp\/v2\/users\/2"}],"replies":[{"embeddable":true,"href":"https:\/\/fmp-components.com\/tr\/wp-json\/wp\/v2\/comments?post=6269"}],"version-history":[{"count":4,"href":"https:\/\/fmp-components.com\/tr\/wp-json\/wp\/v2\/pages\/6269\/revisions"}],"predecessor-version":[{"id":6306,"href":"https:\/\/fmp-components.com\/tr\/wp-json\/wp\/v2\/pages\/6269\/revisions\/6306"}],"wp:attachment":[{"href":"https:\/\/fmp-components.com\/tr\/wp-json\/wp\/v2\/media?parent=6269"}],"curies":[{"name":"wp","href":"https:\/\/api.w.org\/{rel}","templated":true}]}}