{"id":6007,"date":"2025-02-25T01:31:14","date_gmt":"2025-02-25T01:31:14","guid":{"rendered":"https:\/\/fmp-components.com\/?page_id=6007"},"modified":"2025-03-07T08:44:17","modified_gmt":"2025-03-07T08:44:17","slug":"locking-devices","status":"publish","type":"page","link":"https:\/\/fmp-components.com\/tr\/locking-devices\/","title":{"rendered":"Kilit Cihazlar\u0131"},"content":{"rendered":"<p>[et_pb_section fb_built=&#8221;1&#8243; _builder_version=&#8221;4.27.4&#8243; _module_preset=&#8221;default&#8221; use_background_color_gradient=&#8221;on&#8221; background_color_gradient_stops=&#8221;rgba(0,0,0,0.24) 0%|rgba(0,0,0,0.18) 100%&#8221; background_color_gradient_overlays_image=&#8221;on&#8221; background_image=&#8221;https:\/\/fmp-components.com\/wp-content\/uploads\/2025\/02\/locking-devies-banner-1.webp&#8221; min_height=&#8221;440px&#8221; global_colors_info=&#8221;{}&#8221;][et_pb_row _builder_version=&#8221;4.27.4&#8243; _module_preset=&#8221;default&#8221; global_colors_info=&#8221;{}&#8221;][et_pb_column type=&#8221;4_4&#8243; _builder_version=&#8221;4.27.4&#8243; _module_preset=&#8221;default&#8221; global_colors_info=&#8221;{}&#8221;][et_pb_text _builder_version=&#8221;4.27.4&#8243; _module_preset=&#8221;default&#8221; header_font=&#8221;Frank Ruhl Libre||||||||&#8221; header_text_align=&#8221;center&#8221; header_text_color=&#8221;#FFFFFF&#8221; header_font_size=&#8221;70px&#8221; header_text_shadow_style=&#8221;preset1&#8243; global_colors_info=&#8221;{}&#8221;]<\/p>\n<h1>Kilit Cihazlar\u0131<\/h1>\n<p>[\/et_pb_text][et_pb_text _builder_version=&#8221;4.27.4&#8243; _module_preset=&#8221;default&#8221; text_text_color=&#8221;#FFFFFF&#8221; text_font_size=&#8221;16px&#8221; text_line_height=&#8221;1.8em&#8221; text_orientation=&#8221;center&#8221; global_colors_info=&#8221;{}&#8221;]<\/p>\n<p>FMP Company olarak, standart modellerden \u00f6zel \u00e7\u00f6z\u00fcmlere kadar \u00e7e\u015fitli ihtiya\u00e7lar\u0131 kar\u015f\u0131lamak \u00fczere tasarlanm\u0131\u015f geni\u015f bir kilitleme cihaz\u0131 yelpazesi \u00fcretmekle gurur duyuyoruz. Ayr\u0131ca, \u00fcr\u00fcnlerimizi \u00f6zel ihtiya\u00e7lar\u0131n\u0131za g\u00f6re uyarlayarak \u00f6zel se\u00e7enekler de sunuyoruz. \u00dcr\u00fcn listemizde arad\u0131\u011f\u0131n\u0131z modeli tam olarak g\u00f6remiyorsan\u0131z endi\u015felenmeyin; bu, katalo\u011fumuzu hen\u00fcz g\u00fcncelleme f\u0131rsat\u0131m\u0131z olmad\u0131\u011f\u0131 anlam\u0131na gelebilir. \u0130htiyac\u0131n\u0131z olan kilitleme cihaz\u0131 hakk\u0131nda bilgi almak i\u00e7in l\u00fctfen bize e-posta g\u00f6ndermekten \u00e7ekinmeyin, size yard\u0131mc\u0131 olmaktan memnuniyet duyar\u0131z!<\/p>\n<p>[\/et_pb_text][\/et_pb_column][\/et_pb_row][\/et_pb_section][et_pb_section fb_built=&#8221;1&#8243; _builder_version=&#8221;4.27.4&#8243; _module_preset=&#8221;default&#8221; global_colors_info=&#8221;{}&#8221;][et_pb_row _builder_version=&#8221;4.27.4&#8243; _module_preset=&#8221;default&#8221; global_colors_info=&#8221;{}&#8221;][et_pb_column type=&#8221;4_4&#8243; _builder_version=&#8221;4.27.4&#8243; _module_preset=&#8221;default&#8221; global_colors_info=&#8221;{}&#8221;][et_pb_text _builder_version=&#8221;4.27.4&#8243; _module_preset=&#8221;default&#8221; header_2_font=&#8221;Frank Ruhl Libre||||||||&#8221; header_2_font_size=&#8221;35px&#8221; hover_enabled=&#8221;0&#8243; global_colors_info=&#8221;{}&#8221; sticky_enabled=&#8221;0&#8243;]<\/p>\n<h2 style=\"text-align: center;\">Kilit Cihazlar\u0131<\/h2>\n<p>[\/et_pb_text][\/et_pb_column][\/et_pb_row][et_pb_row column_structure=&#8221;1_5,1_5,1_5,1_5,1_5&#8243; use_custom_gutter=&#8221;on&#8221; gutter_width=&#8221;2&#8243; _builder_version=&#8221;4.27.4&#8243; _module_preset=&#8221;default&#8221; width=&#8221;100%&#8221; max_width=&#8221;1200px&#8221; global_colors_info=&#8221;{}&#8221;][et_pb_column type=&#8221;1_5&#8243; _builder_version=&#8221;4.27.4&#8243; _module_preset=&#8221;default&#8221; global_colors_info=&#8221;{}&#8221;][et_pb_blurb title=&#8221;Locking Devices B Series Power Locks&#8221; image=&#8221;https:\/\/fmp-components.com\/wp-content\/uploads\/2025\/02\/Locking-Assembly-B-Series-Power-Locks.webp&#8221; alt=&#8221;Locking-Assembly-B-Series-Power-Locks&#8221; _builder_version=&#8221;4.27.4&#8243; _module_preset=&#8221;default&#8221; header_level=&#8221;h3&#8243; header_font=&#8221;Frank Ruhl Libre||||||||&#8221; header_text_align=&#8221;center&#8221; header_font_size=&#8221;18px&#8221; box_shadow_style=&#8221;preset1&#8243; global_colors_info=&#8221;{}&#8221;][\/et_pb_blurb][\/et_pb_column][et_pb_column type=&#8221;1_5&#8243; _builder_version=&#8221;4.27.4&#8243; _module_preset=&#8221;default&#8221; global_colors_info=&#8221;{}&#8221;][et_pb_blurb title=&#8221;Locking Devices BA Series Power Locks&#8221; image=&#8221;https:\/\/fmp-components.com\/wp-content\/uploads\/2025\/02\/Locking-Assembly-B-Series-Power-Locks.webp&#8221; alt=&#8221;Locking-Assembly-B-Series-Power-Locks&#8221; _builder_version=&#8221;4.27.4&#8243; _module_preset=&#8221;default&#8221; header_level=&#8221;h3&#8243; header_font=&#8221;Frank Ruhl Libre||||||||&#8221; header_text_align=&#8221;center&#8221; header_font_size=&#8221;18px&#8221; box_shadow_style=&#8221;preset1&#8243; global_colors_info=&#8221;{}&#8221;][\/et_pb_blurb][\/et_pb_column][et_pb_column type=&#8221;1_5&#8243; _builder_version=&#8221;4.27.4&#8243; _module_preset=&#8221;default&#8221; global_colors_info=&#8221;{}&#8221;][et_pb_blurb title=&#8221;Locking Devices C Series Power Locks&#8221; image=&#8221;https:\/\/fmp-components.com\/wp-content\/uploads\/2025\/02\/Locking-Assembly-C-Series-Power-Locks.webp&#8221; alt=&#8221;Locking-Devices-Locking-Assembly-C-Series-Power-Locks&#8221; _builder_version=&#8221;4.27.4&#8243; _module_preset=&#8221;default&#8221; header_level=&#8221;h3&#8243; header_font=&#8221;Frank Ruhl Libre||||||||&#8221; header_text_align=&#8221;center&#8221; header_font_size=&#8221;18px&#8221; box_shadow_style=&#8221;preset1&#8243; global_colors_info=&#8221;{}&#8221;][\/et_pb_blurb][\/et_pb_column][et_pb_column type=&#8221;1_5&#8243; _builder_version=&#8221;4.27.4&#8243; _module_preset=&#8221;default&#8221; global_colors_info=&#8221;{}&#8221;][et_pb_blurb title=&#8221;Locking Devices D Series Power Locks&#8221; image=&#8221;https:\/\/fmp-components.com\/wp-content\/uploads\/2025\/02\/Locking-Assembly-D-Series-Power-Locks.webp&#8221; alt=&#8221;Locking-Devices-D-Series-Power-Locks&#8221; _builder_version=&#8221;4.27.4&#8243; _module_preset=&#8221;default&#8221; header_level=&#8221;h3&#8243; header_font=&#8221;Frank Ruhl Libre||||||||&#8221; header_text_align=&#8221;center&#8221; header_font_size=&#8221;18px&#8221; box_shadow_style=&#8221;preset1&#8243; global_colors_info=&#8221;{}&#8221;][\/et_pb_blurb][\/et_pb_column][et_pb_column type=&#8221;1_5&#8243; _builder_version=&#8221;4.27.4&#8243; _module_preset=&#8221;default&#8221; global_colors_info=&#8221;{}&#8221;][et_pb_blurb title=&#8221;Locking Devices DA Series Power Locks&#8221; image=&#8221;https:\/\/fmp-components.com\/wp-content\/uploads\/2025\/02\/Locking-Assembly-DA-Series-Power-Locks.webp&#8221; alt=&#8221;Locking-Devices-DA-Series-Power-Locks&#8221; _builder_version=&#8221;4.27.4&#8243; _module_preset=&#8221;default&#8221; header_level=&#8221;h3&#8243; header_font=&#8221;Frank Ruhl Libre||||||||&#8221; header_text_align=&#8221;center&#8221; header_font_size=&#8221;18px&#8221; box_shadow_style=&#8221;preset1&#8243; global_colors_info=&#8221;{}&#8221;][\/et_pb_blurb][\/et_pb_column][\/et_pb_row][et_pb_row column_structure=&#8221;1_5,1_5,1_5,1_5,1_5&#8243; use_custom_gutter=&#8221;on&#8221; gutter_width=&#8221;2&#8243; _builder_version=&#8221;4.27.4&#8243; _module_preset=&#8221;default&#8221; width=&#8221;100%&#8221; max_width=&#8221;1200px&#8221; global_colors_info=&#8221;{}&#8221;][et_pb_column type=&#8221;1_5&#8243; _builder_version=&#8221;4.27.4&#8243; _module_preset=&#8221;default&#8221; global_colors_info=&#8221;{}&#8221;][et_pb_blurb title=&#8221;Locking Devices DB Series Power Locks&#8221; image=&#8221;https:\/\/fmp-components.com\/wp-content\/uploads\/2025\/02\/Locking-devices-db-Series-Power-Locks.webp&#8221; alt=&#8221;Locking Devices DB Series Power Locks&#8221; _builder_version=&#8221;4.27.4&#8243; _module_preset=&#8221;default&#8221; header_level=&#8221;h3&#8243; header_font=&#8221;Frank Ruhl Libre||||||||&#8221; header_text_align=&#8221;center&#8221; header_font_size=&#8221;18px&#8221; box_shadow_style=&#8221;preset1&#8243; global_colors_info=&#8221;{}&#8221;][\/et_pb_blurb][\/et_pb_column][et_pb_column type=&#8221;1_5&#8243; _builder_version=&#8221;4.27.4&#8243; _module_preset=&#8221;default&#8221; global_colors_info=&#8221;{}&#8221;][et_pb_blurb title=&#8221;Locking Devices E Series Power Locks&#8221; image=&#8221;https:\/\/fmp-components.com\/wp-content\/uploads\/2025\/02\/Locking-devices-E-Series-Power-Locks.webp&#8221; alt=&#8221;Locking Assembly E Series Power Locks&#8221; _builder_version=&#8221;4.27.4&#8243; _module_preset=&#8221;default&#8221; header_level=&#8221;h3&#8243; header_font=&#8221;Frank Ruhl Libre||||||||&#8221; header_text_align=&#8221;center&#8221; header_font_size=&#8221;18px&#8221; box_shadow_style=&#8221;preset1&#8243; global_colors_info=&#8221;{}&#8221;][\/et_pb_blurb][\/et_pb_column][et_pb_column type=&#8221;1_5&#8243; _builder_version=&#8221;4.27.4&#8243; _module_preset=&#8221;default&#8221; global_colors_info=&#8221;{}&#8221;][\/et_pb_column][et_pb_column type=&#8221;1_5&#8243; _builder_version=&#8221;4.27.4&#8243; _module_preset=&#8221;default&#8221; global_colors_info=&#8221;{}&#8221;][\/et_pb_column][et_pb_column type=&#8221;1_5&#8243; _builder_version=&#8221;4.27.4&#8243; _module_preset=&#8221;default&#8221; global_colors_info=&#8221;{}&#8221;][\/et_pb_column][\/et_pb_row][\/et_pb_section]<\/p>","protected":false},"excerpt":{"rendered":"<p>Locking DevicesAt FMP Company, we pride ourselves on manufacturing a wide range of locking devices designed to meet diverse needs, from standard models to specialized solutions. We also offer custom options, tailoring our products to your specific requirements. If you don\u2019t see the exact model you\u2019re looking for in our product list, don\u2019t worry\u2014it might [&hellip;]<\/p>","protected":false},"author":2,"featured_media":0,"parent":0,"menu_order":0,"comment_status":"closed","ping_status":"closed","template":"","meta":{"_et_pb_use_builder":"on","_et_pb_old_content":"","_et_gb_content_width":"","footnotes":""},"class_list":["post-6007","page","type-page","status-publish","hentry"],"_links":{"self":[{"href":"https:\/\/fmp-components.com\/tr\/wp-json\/wp\/v2\/pages\/6007","targetHints":{"allow":["GET"]}}],"collection":[{"href":"https:\/\/fmp-components.com\/tr\/wp-json\/wp\/v2\/pages"}],"about":[{"href":"https:\/\/fmp-components.com\/tr\/wp-json\/wp\/v2\/types\/page"}],"author":[{"embeddable":true,"href":"https:\/\/fmp-components.com\/tr\/wp-json\/wp\/v2\/users\/2"}],"replies":[{"embeddable":true,"href":"https:\/\/fmp-components.com\/tr\/wp-json\/wp\/v2\/comments?post=6007"}],"version-history":[{"count":11,"href":"https:\/\/fmp-components.com\/tr\/wp-json\/wp\/v2\/pages\/6007\/revisions"}],"predecessor-version":[{"id":6326,"href":"https:\/\/fmp-components.com\/tr\/wp-json\/wp\/v2\/pages\/6007\/revisions\/6326"}],"wp:attachment":[{"href":"https:\/\/fmp-components.com\/tr\/wp-json\/wp\/v2\/media?parent=6007"}],"curies":[{"name":"wp","href":"https:\/\/api.w.org\/{rel}","templated":true}]}}