{"id":5875,"date":"2025-02-24T08:05:24","date_gmt":"2025-02-24T08:05:24","guid":{"rendered":"https:\/\/fmp-components.com\/?page_id=8"},"modified":"2025-03-10T01:02:49","modified_gmt":"2025-03-10T01:02:49","slug":"food-industry-chain-12","status":"publish","type":"page","link":"https:\/\/fmp-components.com\/tr\/food-industry-chain-12\/","title":{"rendered":"G\u0131da End\u00fcstrisi Zinciri"},"content":{"rendered":"<p>[et_pb_section fb_built=&#8221;1&#8243; _builder_version=&#8221;4.27.4&#8243; _module_preset=&#8221;default&#8221; background_image=&#8221;https:\/\/fmp-components.com\/wp-content\/uploads\/2025\/02\/food-industry-chain-banner.webp&#8221; min_height=&#8221;480px&#8221; global_colors_info=&#8221;{}&#8221;][et_pb_row _builder_version=&#8221;4.27.4&#8243; _module_preset=&#8221;default&#8221; global_colors_info=&#8221;{}&#8221;][et_pb_column type=&#8221;4_4&#8243; _builder_version=&#8221;4.27.4&#8243; _module_preset=&#8221;default&#8221; global_colors_info=&#8221;{}&#8221;][et_pb_text _builder_version=&#8221;4.27.4&#8243; _module_preset=&#8221;default&#8221; header_font=&#8221;Frank Ruhl Libre||||||||&#8221; header_text_align=&#8221;center&#8221; header_text_color=&#8221;#FFFFFF&#8221; header_font_size=&#8221;70px&#8221; header_text_shadow_style=&#8221;preset2&#8243; global_colors_info=&#8221;{}&#8221;]<\/p>\n<h1 style=\"text-align: center;\">G\u0131da End\u00fcstrisi Zinciri<\/h1>\n<p>[\/et_pb_text][et_pb_text _builder_version=&#8221;4.27.4&#8243; _module_preset=&#8221;default&#8221; text_text_color=&#8221;#FFFFFF&#8221; text_font_size=&#8221;16px&#8221; text_line_height=&#8221;1.8em&#8221; text_orientation=&#8221;center&#8221; global_colors_info=&#8221;{}&#8221;]<\/p>\n<p>FMP, g\u0131da end\u00fcstrisi zincirinin \u00f6nemli bile\u015fenleri olan geni\u015f bir Tar\u0131m Zinciri yelpazesinin \u00fcretiminde uzmanla\u015fm\u0131\u015ft\u0131r. \u00dcr\u00fcnlerimiz, tar\u0131m makinelerinin \u00e7e\u015fitli ihtiya\u00e7lar\u0131n\u0131 kar\u015f\u0131lamak \u00fczere tasarlanm\u0131\u015f olup, m\u00fckemmel dayan\u0131kl\u0131l\u0131k ve performans sunar. Standart \u00fcr\u00fcnlerimize ek olarak, \u00f6zel ihtiya\u00e7lar\u0131n\u0131z\u0131 kar\u015f\u0131lamak i\u00e7in \u00f6zelle\u015ftirilmi\u015f \u00e7\u00f6z\u00fcmler de sunuyoruz. \u0130htiyac\u0131n\u0131z olan model \u00fcr\u00fcn katalo\u011fumuzda listelenmemi\u015fse, hen\u00fcz eklenmemi\u015f olabilir. L\u00fctfen modelle ilgili sorular\u0131n\u0131z i\u00e7in bize e-posta g\u00f6ndermekten \u00e7ekinmeyin, size yard\u0131mc\u0131 olmaktan memnuniyet duyar\u0131z.<\/p>\n<p>[\/et_pb_text][\/et_pb_column][\/et_pb_row][\/et_pb_section][et_pb_section fb_built=&#8221;1&#8243; _builder_version=&#8221;4.27.4&#8243; _module_preset=&#8221;default&#8221; global_colors_info=&#8221;{}&#8221;][et_pb_row _builder_version=&#8221;4.27.4&#8243; _module_preset=&#8221;default&#8221; global_colors_info=&#8221;{}&#8221;][et_pb_column type=&#8221;4_4&#8243; _builder_version=&#8221;4.27.4&#8243; _module_preset=&#8221;default&#8221; global_colors_info=&#8221;{}&#8221;][et_pb_text _builder_version=&#8221;4.27.4&#8243; _module_preset=&#8221;default&#8221; header_2_font=&#8221;Frank Ruhl Libre||||||||&#8221; header_2_font_size=&#8221;40px&#8221; hover_enabled=&#8221;0&#8243; global_colors_info=&#8221;{}&#8221; sticky_enabled=&#8221;0&#8243;]<\/p>\n<h2 style=\"text-align: center;\">G\u0131da End\u00fcstrisi Zinciri<\/h2>\n<p>[\/et_pb_text][\/et_pb_column][\/et_pb_row][et_pb_row column_structure=&#8221;1_4,1_4,1_4,1_4&#8243; _builder_version=&#8221;4.27.4&#8243; _module_preset=&#8221;default&#8221; global_colors_info=&#8221;{}&#8221;][et_pb_column type=&#8221;1_4&#8243; _builder_version=&#8221;4.27.4&#8243; _module_preset=&#8221;default&#8221; global_colors_info=&#8221;{}&#8221;][et_pb_blurb title=&#8221;Stainless Steel Cold drink &#038; Food Processing Chains&#8221; image=&#8221;https:\/\/fmp-components.com\/wp-content\/uploads\/2025\/02\/Cold-Drink-Food-Processing-Chain.webp&#8221; alt=&#8221;Cold-Drink-Food-Processing-Chain&#8221; _builder_version=&#8221;4.27.4&#8243; _module_preset=&#8221;default&#8221; header_level=&#8221;h3&#8243; header_font=&#8221;Frank Ruhl Libre||||||||&#8221; header_text_align=&#8221;center&#8221; header_font_size=&#8221;18px&#8221; global_colors_info=&#8221;{}&#8221;][\/et_pb_blurb][\/et_pb_column][et_pb_column type=&#8221;1_4&#8243; _builder_version=&#8221;4.27.4&#8243; _module_preset=&#8221;default&#8221; global_colors_info=&#8221;{}&#8221;][et_pb_blurb title=&#8221;Stainless Steel Conveyor Chain For Ice Cream Cold Drink Production&#8221; image=&#8221;https:\/\/fmp-components.com\/wp-content\/uploads\/2025\/02\/Conveyor-Chain-For-Cold-Drink-Production-2.webp&#8221; alt=&#8221;Stainless Steel Conveyor Chain For Ice Cream Cold Drink Production&#8221; _builder_version=&#8221;4.27.4&#8243; _module_preset=&#8221;default&#8221; header_level=&#8221;h3&#8243; header_font=&#8221;Frank Ruhl Libre||||||||&#8221; header_text_align=&#8221;center&#8221; header_font_size=&#8221;18px&#8221; global_colors_info=&#8221;{}&#8221;][\/et_pb_blurb][\/et_pb_column][et_pb_column type=&#8221;1_4&#8243; _builder_version=&#8221;4.27.4&#8243; _module_preset=&#8221;default&#8221; global_colors_info=&#8221;{}&#8221;][et_pb_blurb title=&#8221;Stainless Steel Conveyor Chain for Sausage\/Hot Dog Production&#8221; image=&#8221;https:\/\/fmp-components.com\/wp-content\/uploads\/2025\/02\/conveyor-chain-for-sausage-production-1.webp&#8221; alt=&#8221;Stainless Steel Conveyor Chain for Sausage\/Hot Dog Production&#8221; _builder_version=&#8221;4.27.4&#8243; _module_preset=&#8221;default&#8221; header_level=&#8221;h3&#8243; header_font=&#8221;Frank Ruhl Libre||||||||&#8221; header_text_align=&#8221;center&#8221; header_font_size=&#8221;18px&#8221; global_colors_info=&#8221;{}&#8221;][\/et_pb_blurb][\/et_pb_column][et_pb_column type=&#8221;1_4&#8243; _builder_version=&#8221;4.27.4&#8243; _module_preset=&#8221;default&#8221; global_colors_info=&#8221;{}&#8221;][et_pb_blurb title=&#8221;Sugar Mill Chain&#8221; image=&#8221;https:\/\/fmp-components.com\/wp-content\/uploads\/2025\/02\/Sugar-Mill-Chain-With-Straight-Plate.webp&#8221; alt=&#8221;Sugar Mill Chain&#8221; _builder_version=&#8221;4.27.4&#8243; _module_preset=&#8221;default&#8221; header_level=&#8221;h3&#8243; header_font=&#8221;Frank Ruhl Libre||||||||&#8221; header_text_align=&#8221;center&#8221; header_font_size=&#8221;18px&#8221; global_colors_info=&#8221;{}&#8221;][\/et_pb_blurb][\/et_pb_column][\/et_pb_row][et_pb_row column_structure=&#8221;1_4,1_4,1_4,1_4&#8243; _builder_version=&#8221;4.27.4&#8243; _module_preset=&#8221;default&#8221; global_colors_info=&#8221;{}&#8221;][et_pb_column type=&#8221;1_4&#8243; _builder_version=&#8221;4.27.4&#8243; _module_preset=&#8221;default&#8221; global_colors_info=&#8221;{}&#8221;][et_pb_blurb title=&#8221;Palm Oil Chains&#8221; image=&#8221;https:\/\/fmp-components.com\/wp-content\/uploads\/2025\/02\/palm-oil-chains31.webp&#8221; alt=&#8221;Palm Oil Chains&#8221; _builder_version=&#8221;4.27.4&#8243; _module_preset=&#8221;default&#8221; header_level=&#8221;h3&#8243; header_font=&#8221;Frank Ruhl Libre||||||||&#8221; header_text_align=&#8221;center&#8221; header_font_size=&#8221;18px&#8221; global_colors_info=&#8221;{}&#8221;][\/et_pb_blurb][\/et_pb_column][et_pb_column type=&#8221;1_4&#8243; _builder_version=&#8221;4.27.4&#8243; _module_preset=&#8221;default&#8221; global_colors_info=&#8221;{}&#8221;][et_pb_blurb title=&#8221;Meat Production Line Conveyor Chains&#8221; image=&#8221;https:\/\/fmp-components.com\/wp-content\/uploads\/2025\/02\/Meat-Production-Line-Conveyor-Chains.webp&#8221; alt=&#8221;Meat Production Line Conveyor Chains&#8221; _builder_version=&#8221;4.27.4&#8243; _module_preset=&#8221;default&#8221; header_level=&#8221;h3&#8243; header_font=&#8221;Frank Ruhl Libre||||||||&#8221; header_text_align=&#8221;center&#8221; header_font_size=&#8221;18px&#8221; global_colors_info=&#8221;{}&#8221;][\/et_pb_blurb][\/et_pb_column][et_pb_column type=&#8221;1_4&#8243; _builder_version=&#8221;4.27.4&#8243; _module_preset=&#8221;default&#8221; global_colors_info=&#8221;{}&#8221;][et_pb_blurb title=&#8221;Bottle Washer Conveyor Chains&#8221; image=&#8221;https:\/\/fmp-components.com\/wp-content\/uploads\/2025\/02\/Bottle-Washer-Conveyor-Chains-1.webp&#8221; alt=&#8221;Bottle Washer Conveyor Chains&#8221; _builder_version=&#8221;4.27.4&#8243; _module_preset=&#8221;default&#8221; header_level=&#8221;h3&#8243; header_font=&#8221;Frank Ruhl Libre||||||||&#8221; header_text_align=&#8221;center&#8221; header_font_size=&#8221;18px&#8221; global_colors_info=&#8221;{}&#8221;][\/et_pb_blurb][\/et_pb_column][et_pb_column type=&#8221;1_4&#8243; _builder_version=&#8221;4.27.4&#8243; _module_preset=&#8221;default&#8221; global_colors_info=&#8221;{}&#8221;][\/et_pb_column][\/et_pb_row][\/et_pb_section][et_pb_section fb_built=&#8221;1&#8243; _builder_version=&#8221;4.27.4&#8243; _module_preset=&#8221;default&#8221; use_background_color_gradient=&#8221;on&#8221; background_color_gradient_stops=&#8221;rgba(255,255,255,0.63) 0%|rgba(255,255,255,0.66) 100%&#8221; background_color_gradient_overlays_image=&#8221;on&#8221; background_image=&#8221;https:\/\/fmp-components.com\/wp-content\/uploads\/2025\/02\/food-industry-chain-11.webp&#8221; global_colors_info=&#8221;{}&#8221;][et_pb_row _builder_version=&#8221;4.27.4&#8243; _module_preset=&#8221;default&#8221; global_colors_info=&#8221;{}&#8221;][et_pb_column type=&#8221;4_4&#8243; _builder_version=&#8221;4.27.4&#8243; _module_preset=&#8221;default&#8221; global_colors_info=&#8221;{}&#8221;][et_pb_text _builder_version=&#8221;4.27.4&#8243; _module_preset=&#8221;default&#8221; text_text_color=&#8221;#000000&#8243; text_font_size=&#8221;16px&#8221; text_line_height=&#8221;1.8em&#8221; header_2_font=&#8221;Frank Ruhl Libre||||||||&#8221; header_2_font_size=&#8221;35px&#8221; header_2_line_height=&#8221;1.4em&#8221; header_3_font=&#8221;Frank Ruhl Libre||||||||&#8221; header_3_font_size=&#8221;28px&#8221; header_3_line_height=&#8221;1.3em&#8221; global_colors_info=&#8221;{}&#8221;]<\/p>\n<h2 style=\"text-align: left;\">Zincir G\u0131da End\u00fcstrisi<\/h2>\n<p>G\u0131da end\u00fcstrisi i\u00e7in zincirler, et \u00fcretim hatlar\u0131, eri\u015fte yap\u0131m makineleri, \u015feker yap\u0131m makineleri, deniz yosunu i\u015fleme ekipmanlar\u0131, kavun \u00e7ekirde\u011fi i\u015fleme ekipmanlar\u0131, sosis i\u015fleme ekipmanlar\u0131, s\u00fct \u00fcr\u00fcnleri dolum ekipmanlar\u0131, dondurma \u00fcretim ekipmanlar\u0131 vb. gibi \u00e7e\u015fitli g\u0131da i\u015fleme makinelerinde yayg\u0131n olarak kullan\u0131lmaktad\u0131r.<\/p>\n<h3>\u00d6zellikler:<\/h3>\n<p>Farkl\u0131 \u00e7al\u0131\u015fma ko\u015fullar\u0131na g\u00f6re optimize edilmi\u015f tasar\u0131m ve \u00f6zel teknoloji benimsenmi\u015f olup, zincirin korozyon direncini ve a\u015f\u0131nma direncini art\u0131rmak i\u00e7in y\u00fcksek kaliteli ala\u015f\u0131ml\u0131 \u00e7elik, paslanmaz \u00e7elik ve di\u011fer malzemeler se\u00e7ilmi\u015f, temiz \u00fcretim ve \u00e7e\u015fitli ekipmanlar\u0131n g\u00fcvenilir kullan\u0131m\u0131 gereksinimleri kar\u015f\u0131lanm\u0131\u015ft\u0131r.<br \/>\u25cf Kesim ekipmanlar\u0131 i\u00e7in zincirler: y\u00fcksek mukavemet, iyi korozyon direnci, a\u015f\u0131nma direnci, vb.<br \/>\u25cf Eri\u015fte yap\u0131m ekipmanlar\u0131 i\u00e7in zincirler: iyi korozyon direnci, a\u015f\u0131nma direnci, vb.<br \/>\u25cf Meyve toplama ekipmanlar\u0131 i\u00e7in zincirler: istikrarl\u0131 \u00e7al\u0131\u015fma, y\u00fcksek senkronizasyon, vb.<br \/>\u25cf Sosis i\u015fleme, dondurma \u00fcretimi, s\u00fct dolumu ve di\u011fer ekipmanlar i\u00e7in zincirler: korozyon direnci, temizlik vb.<br \/>\u25cf \u015eeker \u00fcretim makineleri ve palmiye ya\u011f\u0131 \u00fcretim hatlar\u0131 i\u00e7in zincirler: y\u00fcksek mukavemet, iyi korozyon direnci, a\u015f\u0131nma direnci vb.<\/p>\n<h3>Ana \u00fcr\u00fcnler:<\/h3>\n<p>Makaral\u0131 zincirler, uzun hatveli konvey\u00f6r zincirleri, paslanmaz \u00e7elik zincirler, \u00e7e\u015fitli \u00f6zel y\u00fczey i\u015flemlerine sahip \u00f6zel zincirler, vb.<\/p>\n<p>[\/et_pb_text][\/et_pb_column][\/et_pb_row][\/et_pb_section][et_pb_section fb_built=&#8221;1&#8243; _builder_version=&#8221;4.27.4&#8243; _module_preset=&#8221;default&#8221; global_colors_info=&#8221;{}&#8221;][et_pb_row _builder_version=&#8221;4.27.4&#8243; _module_preset=&#8221;default&#8221; global_colors_info=&#8221;{}&#8221;][et_pb_column type=&#8221;4_4&#8243; _builder_version=&#8221;4.27.4&#8243; _module_preset=&#8221;default&#8221; global_colors_info=&#8221;{}&#8221;][et_pb_text _builder_version=&#8221;4.27.4&#8243; _module_preset=&#8221;default&#8221; header_2_font=&#8221;Frank Ruhl Libre||||||||&#8221; header_2_font_size=&#8221;40px&#8221; global_colors_info=&#8221;{}&#8221;]<\/p>\n<h2 style=\"text-align: center;\">G\u0131da uygulamas\u0131 ger\u00e7ek \u00e7ekim<\/h2>\n<p>[\/et_pb_text][\/et_pb_column][\/et_pb_row][et_pb_row column_structure=&#8221;1_2,1_2&#8243; use_custom_gutter=&#8221;on&#8221; gutter_width=&#8221;2&#8243; make_equal=&#8221;on&#8221; _builder_version=&#8221;4.27.4&#8243; _module_preset=&#8221;default&#8221; width=&#8221;100%&#8221; max_width=&#8221;1400px&#8221; global_colors_info=&#8221;{}&#8221;][et_pb_column type=&#8221;1_2&#8243; _builder_version=&#8221;4.27.4&#8243; _module_preset=&#8221;default&#8221; global_colors_info=&#8221;{}&#8221;][et_pb_image src=&#8221;https:\/\/fmp-components.com\/wp-content\/uploads\/2025\/02\/food-industry-chain-7.webp&#8221; alt=&#8221;food-industry-chain&#8221; title_text=&#8221;food-industry-chain-7&#8243; _builder_version=&#8221;4.27.4&#8243; _module_preset=&#8221;default&#8221; global_colors_info=&#8221;{}&#8221;][\/et_pb_image][et_pb_image src=&#8221;https:\/\/fmp-components.com\/wp-content\/uploads\/2025\/02\/food-industry-chain-5.webp&#8221; alt=&#8221;food-industry-chain&#8221; title_text=&#8221;food-industry-chain-5&#8243; _builder_version=&#8221;4.27.4&#8243; _module_preset=&#8221;default&#8221; global_colors_info=&#8221;{}&#8221;][\/et_pb_image][et_pb_image src=&#8221;https:\/\/fmp-components.com\/wp-content\/uploads\/2025\/02\/food-industry-chain-3.webp&#8221; alt=&#8221;food-industry-chain&#8221; title_text=&#8221;food-industry-chain-3&#8243; _builder_version=&#8221;4.27.4&#8243; _module_preset=&#8221;default&#8221; global_colors_info=&#8221;{}&#8221;][\/et_pb_image][et_pb_image src=&#8221;https:\/\/fmp-components.com\/wp-content\/uploads\/2025\/02\/food-industry-chain-1.webp&#8221; alt=&#8221;food-industry-chain&#8221; title_text=&#8221;food-industry-chain-1&#8243; _builder_version=&#8221;4.27.4&#8243; _module_preset=&#8221;default&#8221; global_colors_info=&#8221;{}&#8221;][\/et_pb_image][et_pb_image src=&#8221;https:\/\/fmp-components.com\/wp-content\/uploads\/2025\/02\/food-industry-chain-9.webp&#8221; alt=&#8221;food-industry-chain&#8221; title_text=&#8221;food-industry-chain-9&#8243; _builder_version=&#8221;4.27.4&#8243; _module_preset=&#8221;default&#8221; global_colors_info=&#8221;{}&#8221;][\/et_pb_image][\/et_pb_column][et_pb_column type=&#8221;1_2&#8243; _builder_version=&#8221;4.27.4&#8243; _module_preset=&#8221;default&#8221; global_colors_info=&#8221;{}&#8221;][et_pb_image src=&#8221;https:\/\/fmp-components.com\/wp-content\/uploads\/2025\/02\/food-industry-chain-6.webp&#8221; alt=&#8221;food-industry-chain&#8221; title_text=&#8221;food-industry-chain-6&#8243; _builder_version=&#8221;4.27.4&#8243; _module_preset=&#8221;default&#8221; global_colors_info=&#8221;{}&#8221;][\/et_pb_image][et_pb_image src=&#8221;https:\/\/fmp-components.com\/wp-content\/uploads\/2025\/02\/food-industry-chain-4.webp&#8221; alt=&#8221;food-industry-chain&#8221; title_text=&#8221;food-industry-chain-4&#8243; _builder_version=&#8221;4.27.4&#8243; _module_preset=&#8221;default&#8221; global_colors_info=&#8221;{}&#8221;][\/et_pb_image][et_pb_image src=&#8221;https:\/\/fmp-components.com\/wp-content\/uploads\/2025\/02\/food-industry-chain-2.webp&#8221; alt=&#8221;food-industry-chain&#8221; title_text=&#8221;food-industry-chain-2&#8243; _builder_version=&#8221;4.27.4&#8243; _module_preset=&#8221;default&#8221; global_colors_info=&#8221;{}&#8221;][\/et_pb_image][et_pb_image src=&#8221;https:\/\/fmp-components.com\/wp-content\/uploads\/2025\/02\/food-industry-chain-10.webp&#8221; alt=&#8221;food-industry-chain&#8221; title_text=&#8221;food-industry-chain-10&#8243; _builder_version=&#8221;4.27.4&#8243; _module_preset=&#8221;default&#8221; global_colors_info=&#8221;{}&#8221;][\/et_pb_image][et_pb_image src=&#8221;https:\/\/fmp-components.com\/wp-content\/uploads\/2025\/02\/food-industry-chain-8.webp&#8221; alt=&#8221;food-industry-chain&#8221; title_text=&#8221;food-industry-chain-8&#8243; _builder_version=&#8221;4.27.4&#8243; _module_preset=&#8221;default&#8221; global_colors_info=&#8221;{}&#8221;][\/et_pb_image][\/et_pb_column][\/et_pb_row][\/et_pb_section]<\/p>","protected":false},"excerpt":{"rendered":"<p>Food Industry ChainFMP specializes in manufacturing a wide range of Agricultural Chains, which are crucial components in the food industry chain. Our products are designed to meet the diverse needs of agricultural machinery, offering excellent durability and performance. In addition to our standard offerings, we also provide customized solutions to cater to specific requirements. If [&hellip;]<\/p>","protected":false},"author":2,"featured_media":0,"parent":0,"menu_order":0,"comment_status":"closed","ping_status":"closed","template":"","meta":{"_et_pb_use_builder":"on","_et_pb_old_content":"","_et_gb_content_width":"","footnotes":""},"class_list":["post-5875","page","type-page","status-publish","hentry"],"_links":{"self":[{"href":"https:\/\/fmp-components.com\/tr\/wp-json\/wp\/v2\/pages\/5875","targetHints":{"allow":["GET"]}}],"collection":[{"href":"https:\/\/fmp-components.com\/tr\/wp-json\/wp\/v2\/pages"}],"about":[{"href":"https:\/\/fmp-components.com\/tr\/wp-json\/wp\/v2\/types\/page"}],"author":[{"embeddable":true,"href":"https:\/\/fmp-components.com\/tr\/wp-json\/wp\/v2\/users\/2"}],"replies":[{"embeddable":true,"href":"https:\/\/fmp-components.com\/tr\/wp-json\/wp\/v2\/comments?post=5875"}],"version-history":[{"count":5,"href":"https:\/\/fmp-components.com\/tr\/wp-json\/wp\/v2\/pages\/5875\/revisions"}],"predecessor-version":[{"id":6349,"href":"https:\/\/fmp-components.com\/tr\/wp-json\/wp\/v2\/pages\/5875\/revisions\/6349"}],"wp:attachment":[{"href":"https:\/\/fmp-components.com\/tr\/wp-json\/wp\/v2\/media?parent=5875"}],"curies":[{"name":"wp","href":"https:\/\/api.w.org\/{rel}","templated":true}]}}