{"id":5823,"date":"2025-02-24T07:58:06","date_gmt":"2025-02-24T07:58:06","guid":{"rendered":"https:\/\/fmp-components.com\/?page_id=8"},"modified":"2025-03-10T01:14:10","modified_gmt":"2025-03-10T01:14:10","slug":"plastic-chain","status":"publish","type":"page","link":"https:\/\/fmp-components.com\/tr\/plastic-chain\/","title":{"rendered":"Plastik Zincir"},"content":{"rendered":"<p>[et_pb_section fb_built=&#8221;1&#8243; _builder_version=&#8221;4.27.4&#8243; _module_preset=&#8221;default&#8221; use_background_color_gradient=&#8221;on&#8221; background_color_gradient_stops=&#8221;rgba(0,0,0,0.45) 0%|rgba(0,0,0,0.54) 100%&#8221; background_color_gradient_overlays_image=&#8221;on&#8221; background_image=&#8221;https:\/\/fmp-components.com\/wp-content\/uploads\/2025\/02\/plastic-chain-banner.webp&#8221; min_height=&#8221;429px&#8221; global_colors_info=&#8221;{}&#8221;][et_pb_row _builder_version=&#8221;4.27.4&#8243; _module_preset=&#8221;default&#8221; global_colors_info=&#8221;{}&#8221;][et_pb_column type=&#8221;4_4&#8243; _builder_version=&#8221;4.27.4&#8243; _module_preset=&#8221;default&#8221; global_colors_info=&#8221;{}&#8221;][et_pb_text _builder_version=&#8221;4.27.4&#8243; _module_preset=&#8221;default&#8221; header_font=&#8221;Frank Ruhl Libre||||||||&#8221; header_text_color=&#8221;#FFFFFF&#8221; header_font_size=&#8221;70px&#8221; header_text_shadow_style=&#8221;preset1&#8243; global_colors_info=&#8221;{}&#8221;]<\/p>\n<h1 style=\"text-align: center;\">Plastik Zincir<\/h1>\n<p>[\/et_pb_text][et_pb_text _builder_version=&#8221;4.27.4&#8243; _module_preset=&#8221;default&#8221; text_text_color=&#8221;#FFFFFF&#8221; text_font_size=&#8221;16px&#8221; text_line_height=&#8221;1.8em&#8221; global_colors_info=&#8221;{}&#8221;]<\/p>\n<p style=\"text-align: center;\">FMP, \u00e7e\u015fitli sekt\u00f6r ihtiya\u00e7lar\u0131n\u0131 kar\u015f\u0131layacak \u015fekilde tasarlanm\u0131\u015f \u00e7\u00f6z\u00fcmler sunan \u00e7ok \u00e7e\u015fitli Plastik Zincirler \u00fcretmektedir. Standart \u00fcr\u00fcnlerin yan\u0131 s\u0131ra, \u00f6zel ihtiya\u00e7lara uygun \u00f6zelle\u015ftirilmi\u015f se\u00e7enekler de sunuyoruz. Arad\u0131\u011f\u0131n\u0131z model \u00fcr\u00fcn katalo\u011fumuzda listelenmemi\u015fse, hen\u00fcz eklenmemi\u015f olabilir. L\u00fctfen modelle ilgili sorular\u0131n\u0131z i\u00e7in bize e-posta g\u00f6ndermekten \u00e7ekinmeyin; ekibimiz size yard\u0131mc\u0131 olmaktan memnuniyet duyacakt\u0131r.<\/p>\n<p>[\/et_pb_text][\/et_pb_column][\/et_pb_row][\/et_pb_section][et_pb_section fb_built=&#8221;1&#8243; _builder_version=&#8221;4.27.4&#8243; _module_preset=&#8221;default&#8221; global_colors_info=&#8221;{}&#8221;][et_pb_row _builder_version=&#8221;4.27.4&#8243; _module_preset=&#8221;default&#8221; global_colors_info=&#8221;{}&#8221;][et_pb_column type=&#8221;4_4&#8243; _builder_version=&#8221;4.27.4&#8243; _module_preset=&#8221;default&#8221; global_colors_info=&#8221;{}&#8221;][et_pb_text _builder_version=&#8221;4.27.4&#8243; _module_preset=&#8221;default&#8221; header_2_font=&#8221;Frank Ruhl Libre||||||||&#8221; header_2_font_size=&#8221;35px&#8221; hover_enabled=&#8221;0&#8243; global_colors_info=&#8221;{}&#8221; sticky_enabled=&#8221;0&#8243;]<\/p>\n<h2 style=\"text-align: center;\">Plastik Zincir<\/h2>\n<p>[\/et_pb_text][\/et_pb_column][\/et_pb_row][et_pb_row column_structure=&#8221;1_3,1_3,1_3&#8243; _builder_version=&#8221;4.27.4&#8243; _module_preset=&#8221;default&#8221; global_colors_info=&#8221;{}&#8221;][et_pb_column type=&#8221;1_3&#8243; _builder_version=&#8221;4.27.4&#8243; _module_preset=&#8221;default&#8221; global_colors_info=&#8221;{}&#8221;][et_pb_blurb title=&#8221;Plastic Flat Top Chains&#8221; image=&#8221;https:\/\/fmp-components.com\/wp-content\/uploads\/2025\/02\/Plastic-Flat-Top-Chains-1.webp&#8221; alt=&#8221;Plastic-Flat-Top-Chains&#8221; _builder_version=&#8221;4.27.4&#8243; _module_preset=&#8221;default&#8221; header_level=&#8221;h3&#8243; header_font=&#8221;Frank Ruhl Libre||||||||&#8221; header_text_align=&#8221;center&#8221; global_colors_info=&#8221;{}&#8221;][\/et_pb_blurb][\/et_pb_column][et_pb_column type=&#8221;1_3&#8243; _builder_version=&#8221;4.27.4&#8243; _module_preset=&#8221;default&#8221; global_colors_info=&#8221;{}&#8221;][et_pb_blurb title=&#8221;Plastic Flexible Chains&#8221; image=&#8221;https:\/\/fmp-components.com\/wp-content\/uploads\/2025\/02\/plastic-Flexible-Chains.webp&#8221; alt=&#8221;plastic-Flexible-Chains&#8221; _builder_version=&#8221;4.27.4&#8243; _module_preset=&#8221;default&#8221; header_level=&#8221;h3&#8243; header_font=&#8221;Frank Ruhl Libre||||||||&#8221; header_text_align=&#8221;center&#8221; global_colors_info=&#8221;{}&#8221;][\/et_pb_blurb][\/et_pb_column][et_pb_column type=&#8221;1_3&#8243; _builder_version=&#8221;4.27.4&#8243; _module_preset=&#8221;default&#8221; global_colors_info=&#8221;{}&#8221;][et_pb_blurb title=&#8221;Plastic Case Conveyor Chains&#8221; image=&#8221;https:\/\/fmp-components.com\/wp-content\/uploads\/2025\/02\/plastic-Case-Conveyor-Chain.webp&#8221; alt=&#8221;Plastic Case Conveyor Chains&#8221; _builder_version=&#8221;4.27.4&#8243; _module_preset=&#8221;default&#8221; header_level=&#8221;h3&#8243; header_font=&#8221;Frank Ruhl Libre||||||||&#8221; header_text_align=&#8221;center&#8221; global_colors_info=&#8221;{}&#8221;][\/et_pb_blurb][\/et_pb_column][\/et_pb_row][et_pb_row column_structure=&#8221;1_3,1_3,1_3&#8243; _builder_version=&#8221;4.27.4&#8243; _module_preset=&#8221;default&#8221; global_colors_info=&#8221;{}&#8221;][et_pb_column type=&#8221;1_3&#8243; _builder_version=&#8221;4.27.4&#8243; _module_preset=&#8221;default&#8221; global_colors_info=&#8221;{}&#8221;][et_pb_blurb title=&#8221;Plastic Multiflex Chains&#8221; image=&#8221;https:\/\/fmp-components.com\/wp-content\/uploads\/2025\/02\/plastic-Multiflex-Chain.webp&#8221; alt=&#8221;Plastic Multiflex Chains&#8221; _builder_version=&#8221;4.27.4&#8243; _module_preset=&#8221;default&#8221; header_level=&#8221;h3&#8243; header_font=&#8221;Frank Ruhl Libre||||||||&#8221; header_text_align=&#8221;center&#8221; global_colors_info=&#8221;{}&#8221;][\/et_pb_blurb][\/et_pb_column][et_pb_column type=&#8221;1_3&#8243; _builder_version=&#8221;4.27.4&#8243; _module_preset=&#8221;default&#8221; global_colors_info=&#8221;{}&#8221;][et_pb_blurb title=&#8221;Plastic Special Chains&#8221; image=&#8221;https:\/\/fmp-components.com\/wp-content\/uploads\/2025\/02\/plastic-special-chain.webp&#8221; alt=&#8221;Plastic Special Chains&#8221; _builder_version=&#8221;4.27.4&#8243; _module_preset=&#8221;default&#8221; header_level=&#8221;h3&#8243; header_font=&#8221;Frank Ruhl Libre||||||||&#8221; header_text_align=&#8221;center&#8221; global_colors_info=&#8221;{}&#8221;][\/et_pb_blurb][\/et_pb_column][et_pb_column type=&#8221;1_3&#8243; _builder_version=&#8221;4.27.4&#8243; _module_preset=&#8221;default&#8221; global_colors_info=&#8221;{}&#8221;][et_pb_blurb title=&#8221;Plastic Modular Belts&#8221; image=&#8221;https:\/\/fmp-components.com\/wp-content\/uploads\/2025\/02\/Plastic-Modular-Belts.webp&#8221; alt=&#8221;Plastic Modular Belts&#8221; _builder_version=&#8221;4.27.4&#8243; _module_preset=&#8221;default&#8221; header_level=&#8221;h3&#8243; header_font=&#8221;Frank Ruhl Libre||||||||&#8221; header_text_align=&#8221;center&#8221; global_colors_info=&#8221;{}&#8221;][\/et_pb_blurb][\/et_pb_column][\/et_pb_row][\/et_pb_section][et_pb_section fb_built=&#8221;1&#8243; _builder_version=&#8221;4.27.4&#8243; _module_preset=&#8221;default&#8221; use_background_color_gradient=&#8221;on&#8221; background_color_gradient_stops=&#8221;rgba(0,0,0,0.26) 0%|rgba(0,0,0,0.22) 100%&#8221; background_color_gradient_overlays_image=&#8221;on&#8221; background_image=&#8221;https:\/\/fmp-components.com\/wp-content\/uploads\/2025\/02\/plastic-Chain-1.webp&#8221; global_colors_info=&#8221;{}&#8221;][et_pb_row _builder_version=&#8221;4.27.4&#8243; _module_preset=&#8221;default&#8221; global_colors_info=&#8221;{}&#8221;][et_pb_column type=&#8221;4_4&#8243; _builder_version=&#8221;4.27.4&#8243; _module_preset=&#8221;default&#8221; global_colors_info=&#8221;{}&#8221;][et_pb_text _builder_version=&#8221;4.27.4&#8243; _module_preset=&#8221;default&#8221; header_2_font=&#8221;Frank Ruhl Libre||||||||&#8221; header_2_text_color=&#8221;#FFFFFF&#8221; header_2_font_size=&#8221;45px&#8221; global_colors_info=&#8221;{}&#8221;]<\/p>\n<h2>Plastik Zincir \u00dcreticisi<\/h2>\n<p>[\/et_pb_text][et_pb_text _builder_version=&#8221;4.27.4&#8243; _module_preset=&#8221;default&#8221; text_text_color=&#8221;#FFFFFF&#8221; text_font_size=&#8221;16px&#8221; text_line_height=&#8221;1.8em&#8221; global_colors_info=&#8221;{}&#8221;]<\/p>\n<p>FMP, d\u00fc\u015f\u00fck g\u00fc\u00e7 aktar\u0131mlar\u0131 i\u00e7in ideal olan plastik zincirlerin \u00f6nde gelen \u00fcreticilerinden biridir. Bu plastik makaral\u0131 zincirler, geleneksel metal zincirlere k\u0131yasla hafif, g\u00fc\u00e7l\u00fc ve uygun maliyetli bir se\u00e7enektir.<\/p>\n<p>Plastik zincirlerimiz, g\u0131da i\u015flemede kullan\u0131lanlar da dahil olmak \u00fczere konvey\u00f6r sistemleri gibi sistemlerde iyi \u00e7al\u0131\u015f\u0131r. Asetal, naylon, poliamid ve polipropilen gibi malzemelerden \u00fcretildikleri i\u00e7in a\u015f\u0131nmaya, kimyasallara ve s\u0131cakl\u0131k de\u011fi\u015fimlerine kar\u015f\u0131 dayan\u0131kl\u0131d\u0131rlar ve uzun s\u00fcre dayan\u0131rlar. Naylon, esnememesi ve di\u015flilerle g\u00fcvenli bir \u015fekilde yerinde kalmas\u0131 nedeniyle pop\u00fcler bir se\u00e7imdir.<\/p>\n<p>Daha zorlu i\u015fler i\u00e7in, ekstra dayan\u0131kl\u0131 asetalden yap\u0131lm\u0131\u015f a\u011f\u0131r hizmet tipi plastik zincirler de sunuyoruz. Ayr\u0131ca, plastik zincirlerimizin montaj\u0131 ve s\u00f6k\u00fclmesi kolayd\u0131r; \u00f6zel alet gerektirmez ve ekstra ba\u011flant\u0131 halkalar\u0131na ihtiya\u00e7 duymazlar.<\/p>\n<p>FMP'nin plastik makaral\u0131 zincirleri ANSI #25, #35 ve #40 ebatlar\u0131nda mevcuttur. 3 metrelik kutularda sat\u0131lmaktad\u0131r, ancak ihtiyac\u0131n\u0131z olursa \u00f6zel uzunluk ve ebatlarda da \u00fcretim yapabiliriz. Bu zincirler, her t\u00fcrl\u00fc i\u015fe uyacak \u015fekilde farkl\u0131 malzemelerden \u00fcretilmi\u015ftir.<\/p>\n<p><strong>Neden FMP'yi Se\u00e7melisiniz?<\/strong><\/p>\n<ul>\n<li><strong>Kalite<\/strong>: Her \u00fcr\u00fcn\u00fcn sa\u011flam ve iyi \u00e7al\u0131\u015ft\u0131\u011f\u0131ndan emin olmak i\u00e7in dikkatlice kontrol edilir.<\/li>\n<li><strong>\u0130talya'da \u00fcretildi<\/strong>:Zincirlerimiz, y\u00fcksek kaliteli \u00fcr\u00fcnler \u00fcretmeleriyle tan\u0131nan insanlar\u0131n bulundu\u011fu \u0130talya'da \u00fcretilmektedir.<\/li>\n<\/ul>\n<p>\u0130ster standart bir zincire ister \u00f6zel bir \u015feye ihtiyac\u0131n\u0131z olsun, FMP g\u00fcvenilir ve uygun fiyatl\u0131 plastik zincir \u00e7\u00f6z\u00fcmleriyle size yard\u0131mc\u0131 olmak i\u00e7in burada.<\/p>\n<p>[\/et_pb_text][\/et_pb_column][\/et_pb_row][\/et_pb_section]<\/p>","protected":false},"excerpt":{"rendered":"<p>Plastic ChainFMP manufactures a wide variety of Plastic Chains, offering solutions tailored to meet diverse industry needs. We provide standard products as well as customized options to suit specific requirements. If the model you are looking for is not listed in our product catalog, it may not have been uploaded yet. Please feel free to [&hellip;]<\/p>","protected":false},"author":2,"featured_media":0,"parent":0,"menu_order":0,"comment_status":"closed","ping_status":"closed","template":"","meta":{"_et_pb_use_builder":"on","_et_pb_old_content":"","_et_gb_content_width":"","footnotes":""},"class_list":["post-5823","page","type-page","status-publish","hentry"],"_links":{"self":[{"href":"https:\/\/fmp-components.com\/tr\/wp-json\/wp\/v2\/pages\/5823","targetHints":{"allow":["GET"]}}],"collection":[{"href":"https:\/\/fmp-components.com\/tr\/wp-json\/wp\/v2\/pages"}],"about":[{"href":"https:\/\/fmp-components.com\/tr\/wp-json\/wp\/v2\/types\/page"}],"author":[{"embeddable":true,"href":"https:\/\/fmp-components.com\/tr\/wp-json\/wp\/v2\/users\/2"}],"replies":[{"embeddable":true,"href":"https:\/\/fmp-components.com\/tr\/wp-json\/wp\/v2\/comments?post=5823"}],"version-history":[{"count":5,"href":"https:\/\/fmp-components.com\/tr\/wp-json\/wp\/v2\/pages\/5823\/revisions"}],"predecessor-version":[{"id":6357,"href":"https:\/\/fmp-components.com\/tr\/wp-json\/wp\/v2\/pages\/5823\/revisions\/6357"}],"wp:attachment":[{"href":"https:\/\/fmp-components.com\/tr\/wp-json\/wp\/v2\/media?parent=5823"}],"curies":[{"name":"wp","href":"https:\/\/api.w.org\/{rel}","templated":true}]}}