{"id":1268,"date":"2024-12-22T07:25:55","date_gmt":"2024-12-22T07:25:55","guid":{"rendered":"https:\/\/fmp-components.com\/?page_id=8"},"modified":"2025-06-04T08:54:01","modified_gmt":"2025-06-04T08:54:01","slug":"gear-rack","status":"publish","type":"page","link":"https:\/\/fmp-components.com\/tr\/gear-rack\/","title":{"rendered":"Di\u015fli Raf\u0131"},"content":{"rendered":"<p>[et_pb_section fb_built=\u201d1\u2033 _builder_version=\u201d4.27.4\u2033 _module_preset=\u201ddefault\u201d use_background_color_gradient=\u201don\u201d background_color_gradient_stops=\u201drgba(8,40,9,0.07) 0%|rgba(8,40,9,0.3) 100%\u201d background_color_gradient_overlays_image=\u201don\u201d background_image=\u201dhttps:\/\/fmp-components.com\/wp-content\/uploads\/2024\/12\/gear-rack-banner.webp\u201d min_height=\u201d538px\u201d global_colors_info=\u201d{}\u201d][et_pb_row _builder_version=\u201d4.27.4\u2033 _module_preset=\u201ddefault\u201d global_colors_info=\u201d{}\u201d][et_pb_column type=\u201d4_4\u2033 _builder_version=\u201d4.27.4\u2033 _module_preset=\u201ddefault\u201d global_colors_info=\u201d{}\u201d][et_pb_text _builder_version=\u201d4.27.4\u2033 _module_preset=\u201ddefault\u201d header_font=\u201dFrank Ruhl Libre|500|||||||\u201d header_text_align=\u201dcenter\u201d header_text_color=\u201d#FFFFFF\u201d header_font_size=\u201d60px\u201d global_colors_info=\u201d{}\u201d]<\/p>\n<h1>Di\u015fli ve Raf<\/h1>\n<p>[\/et_pb_text][\/et_pb_column][\/et_pb_row][et_pb_row _builder_version=\u201d4.27.4\u2033 _module_preset=\u201ddefault\u201d global_colors_info=\u201d{}\u201d][et_pb_column type=\u201d4_4\u2033 _builder_version=\u201d4.27.4\u2033 _module_preset=\u201ddefault\u201d global_colors_info=\u201d{}\u201d][et_pb_text _builder_version=\u201d4.27.4\u2033 _module_preset=\u201ddefault\u201d text_text_color=\u201d#FFFFFF\u201d text_font_size=\u201d16px\u201d text_line_height=\u201d1.8em\u201d text_text_shadow_style=\u201dpreset4\u2033 global_colors_info=\u201d{}\u201d]<\/p>\n<p>Di\u015fliler ve kremayer di\u015fliler, mekanik sistemlerde d\u00f6ner hareketi do\u011frusal harekete d\u00f6n\u00fc\u015ft\u00fcren \u00f6nemli bile\u015fenlerdir. Di\u015fli profilleri sayesinde kremayer di\u015flilerle i\u00e7 i\u00e7e ge\u00e7en di\u015fliler, konvey\u00f6r sistemleri, otomotiv direksiyonlar\u0131 ve end\u00fcstriyel makineler gibi uygulamalarda hassas hareket ve kontrol sa\u011flar.<\/p>\n<p>FMP olarak, \u00e7e\u015fitli uygulama ihtiya\u00e7lar\u0131n\u0131 kar\u015f\u0131lamak i\u00e7in geni\u015f bir yelpazede di\u015fli ve kremayer di\u015fli se\u00e7enekleri sunuyoruz. Ayr\u0131ca, ihtiya\u00e7lar\u0131n\u0131za uygun \u00f6zel \u00e7\u00f6z\u00fcmler sunmak i\u00e7in \u00f6zel sipari\u015fleri de kabul ediyoruz. \u0130ster standart bile\u015fenlere ister \u00f6zel tasar\u0131mlara ihtiyac\u0131n\u0131z olsun, FMP projeleriniz i\u00e7in y\u00fcksek kaliteli di\u015fli ve kremayer di\u015fli \u00e7\u00f6z\u00fcmleri sunmaya kendini adam\u0131\u015ft\u0131r.<\/p>\n<p>[\/et_pb_text][\/et_pb_column][\/et_pb_row][\/et_pb_section][et_pb_section fb_built=\u201d1\u2033 _builder_version=\u201d4.27.4\u2033 _module_preset=\u201ddefault\u201d global_colors_info=\u201d{}\u201d][et_pb_row _builder_version=\u201d4.27.4\u2033 _module_preset=\u201ddefault\u201d global_colors_info=\u201d{}\u201d][et_pb_column type=\u201d4_4\u2033 _builder_version=\u201d4.27.4\u2033 _module_preset=\u201ddefault\u201d global_colors_info=\u201d{}\u201d][et_pb_text _builder_version=\u201d4.27.4\u2033 _module_preset=\u201ddefault\u201d header_2_font=\u201dFrank Ruhl Libre|500|||||||\u201d header_2_text_align=\u201dcenter\u201d header_2_font_size=\u201d40px\u201d global_colors_info=\u201d{}\u201d]<\/p>\n<h2>Vites<\/h2>\n<p>[\/et_pb_text][\/et_pb_column][\/et_pb_row][et_pb_row column_structure=\u201d1_4,1_4,1_4,1_4\u2033 _builder_version=\u201d4.27.4\u2033 _module_preset=\u201ddefault\u201d global_colors_info=\u201d{}\u201d][et_pb_column type=\u201d1_4\u2033 _builder_version=\u201d4.27.4\u2033 _module_preset=\u201ddefault\u201d global_colors_info=\u201d{}\u201d][et_pb_blurb title=\u201dKonik Di\u015fli\u201d image=\u201dhttps:\/\/fmp-components.com\/wp-content\/uploads\/2024\/12\/Bevel-Gear.webp\u201d alt=\u201dKonik Di\u015fli\u201d _builder_version=\u201d4.27.4\u2033 _module_preset=\u201ddefault\u201d header_text_align=\u201dcenter\u201d hover_enabled=\u201d0\u2033 global_colors_info=\u201d{}\u201d url_new_window=\u201don\u201d link_option_url_new_window=\u201don\u201d link_option_url=\u201d@ET-DC@eyJkeW5hbWljIjp0cnVlLCJjb250ZW50IjoicG9zdF9saW5rX3VybF9wYWdlIiwic2V0dGluZ3MiOnsicG9zdF9pZCI6IjQzMjQifX0=@\u201d _dynamic_attributes=\u201dlink_option_url\u201d sticky_enabled=\u201d0\u2033][\/et_pb_blurb][\/et_pb_column][et_pb_column type=\u201d1_4\u2033 _builder_version=\u201d4.27.4\u2033 _module_preset=\u201ddefault\u201d global_colors_info=\u201d{}\u201d][et_pb_blurb title=\u201dSonsuz Di\u015fli ve Sonsuz Mil\u201d image=\u201dhttps:\/\/fmp-components.com\/wp-content\/uploads\/2024\/12\/Worm-Gear-and-Worm-Shaft.webp\u201d alt=\u201dSonsuz Di\u015fli ve Sonsuz Mil\u201d _builder_version=\u201d4.27.4\u2033 _module_preset=\u201ddefault\u201d header_text_align=\u201dcenter\u201d hover_enabled=\u201d0\u2033 global_colors_info=\u201d{}\u201d link_option_url_new_window=\u201don\u201d] link_option_url=\u201d@ET-DC@eyJkeW5hbWljIjp0cnVlLCJjb250ZW50IjoicG9zdF9saW5rX3VybF9wYWdlIiwic2V0dGluZ3MiOnsicG9zdF9pZCI6IjQ1MzQifX0=@\u201d _dynamic_attributes=\u201dlink_option_url\u201d sticky_enabled=\u201d0\u2033][\/et_pb_blurb][\/et_pb_column][et_pb_column type=\u201d1_4\u2033 _builder_version=\u201d4.27.4\u2033 _module_preset=\u201ddefault\u201d global_colors_info=\u201d{}\u201d][et_pb_blurb title=\u201d Helisel Di\u015fli\u201d image=\u201dhttps:\/\/fmp-components.com\/wp-content\/uploads\/2024\/12\/Helical-Gear.webp\u201d alt=\u201d<br \/>\nHelisel Di\u015fli\u201d _builder_version=\u201d4.27.4\u2033 _module_preset=\u201ddefault\u201d header_text_align=\u201dcenter\u201d hover_enabled=\u201d0\u2033 global_colors_info=\u201d{}\u201d url_new_window=\u201don\u201d link_option_url_new_window=\u201don\u201d link_option_url=\u201d@ET-DC@eyJkeW5hbWljIjp0cnVlLCJjb250ZW50IjoicG9zdF9saW5rX3VybF9wYWdlIiwic2V0dGluZ3MiOnsicG9zdF9pZCI6IjQ1NjkifX0=@\u201d _dynamic_attributes=\u201dlink_option_url\u201d sticky_enabled=\u201d0\u2033][\/et_pb_blurb][\/et_pb_column][et_pb_column type=\u201d1_4\u2033 _builder_version=\u201d4.27.4\u2033 _module_preset=\u201ddefault\u201d global_colors_info=\u201d{}\u201d][et_pb_blurb title=\u201dD\u00fcz Di\u015fli\u201d image=\u201dhttps:\/\/fmp-components.com\/wp-content\/uploads\/2024\/12\/Spur-Gear.webp\u201d alt=\u201dD\u00fcz Di\u015fli\u201d _builder_version=\u201d4.27.4\u2033 _module_preset=\u201ddefault\u201d header_text_align=\u201dcenter\u201d hover_enabled=\u201d0\u2033 global_colors_info=\u201d{}\u201d url_new_window=\u201don\u201d link_option_url_new_window=\u201don\u201d link_option_url=\u201d@ET-DC@eyJkeW5hbWljIjp0cnVlLCJjb250ZW50IjoicG9zdF9saW5rX3VybF9wYWdlIiwic2V0dGluZ3MiOnsicG9zdF9pZCI6IjQ2MDAifX0=@\u201d _dynamic_attributes=\u201dlink_option_url\u201d sticky_enabled=\u201d0\u2033][\/et_pb_blurb][\/et_pb_column][\/et_pb_row][et_pb_row column_structure=\u201d1_4,1_4,1_4,1_4\u2033 _builder_version=\u201d4.27.4\u2033 _module_preset=\u201ddefault\u201d global_colors_info=\u201d{}\u201d][et_pb_column type=\u201d1_4\u2033 _builder_version=\u201d4.27.4\u2033 _module_preset=\u201ddefault\u201d global_colors_info=\u201d{}\u201d][et_pb_blurb title=\u201dGezegen Di\u015flisi (Episiklik Di\u015fli)\u201d image=\u201dhttps:\/\/fmp-components.com\/wp-content\/uploads\/2024\/12\/Planetary-Gear-Epicyclic-Gear.webp\u201d alt=\u201dGezegen Di\u015flisi (Episiklik Di\u015fli)\u201d _builder_version=\u201d4.27.4\u2033 _module_preset=\u201ddefault\u201d header_text_align=\u201dcenter\u201d hover_enabled=\u201d0\u2033 global_colors_info=\u201d{}\u201d url_new_window=\u201don\u201d link_option_url_new_window=\u201don\u201d link_option_url=\u201d@ET-DC@eyJkeW5hbWljIjp0cnVlLCJjb250ZW50IjoicG9zdF9saW5rX3VybF9wYWdlIiwic2V0dGluZ3MiOnsicG9zdF9pZCI6IjQ2MTkifX0=@\u201d _dynamic_attributes=\u201dlink_option_url\u201d sticky_enabled=\u201d0\u2033][\/et_pb_blurb][\/et_pb_column][et_pb_column type=\u201d1_4\u2033 _builder_version=\u201d4.27.4\u2033 _module_preset=\u201ddefault\u201d global_colors_info=\u201d{}\u201d][et_pb_blurb title=\u201d\u0130\u00e7 Di\u015fli (Halka Di\u015fli)\u201d image=\u201dhttps:\/\/fmp-components.com\/wp-content\/uploads\/2024\/12\/Internal-Gear-Ring-Gear.webp\u201d alt=\u201d\u0130\u00e7 Di\u015fli (Halka Di\u015fli)\u201d _builder_version=\u201d4.27.4\u2033 _module_preset=\u201ddefault\u201d header_text_align=\u201dcenter\u201d hover_enabled=\u201d0\u2033 global_colors_info=\u201d{}\u201d link_option_url_new_window=\u201don\u201d link_option_url=\u201d@ET-DC@eyJkeW5hbWljIjp0cnVlLCJjb250ZW50IjoicG9zdF9saW5rX3VybF9wYWdlIiwic2V0dGluZ3MiOnsicG9zdF9pZCI6IjQ2MjkifX0=@\u201d _dynamic_attributes=\u201dlink_option_url\u201d sticky_enabled=\u201d0\u2033][\/et_pb_blurb][\/et_pb_column][et_pb_column type=\u201d1_4\u2033 _builder_version=\u201d4.27.4\u2033 _module_preset=\u201ddefault\u201d global_colors_info=\u201d{}\u201d][et_pb_blurb title=\u201dPlastik Di\u015fli\u201d image=\u201dhttps:\/\/fmp-components.com\/wp-content\/uploads\/2024\/12\/Plastic-Gear.webp\u201d alt=\u201dPlastik Di\u015fli\u201d _builder_version=\u201d4.27.4\u2033 _module_preset=\u201ddefault\u201d header_text_align=\u201dcenter\u201d hover_enabled=\u201d0\u2033 global_colors_info=\u201d{}\u201d url_new_window=\u201don\u201d link_option_url_new_window=\u201don\u201d link_option_url=\u201d@ET-DC@eyJkeW5hbWljIjp0cnVlLCJjb250ZW50IjoicG9zdF9saW5rX3VybF9wYWdlIiwic2V0dGluZ3MiOnsicG9zdF9pZCI6IjQ2NTMifX0=@\u201d _dynamic_attributes=\u201dlink_option_url\u201d sticky_enabled=\u201d0\u2033][\/et_pb_blurb][\/et_pb_column][et_pb_column type=\u201d1_4\u2033 _builder_version=\u201d4.27.4\u2033 _module_preset=\u201ddefault\u201d global_colors_info=\u201d{}\u201d][et_pb_blurb title=\u201dG\u00f6nye Di\u015flisi\u201d image=\u201dhttps:\/\/fmp-components.com\/wp-content\/uploads\/2024\/12\/Miter-Gear.webp\u201d alt=\u201dG\u00f6nye Di\u015flisi\u201d _builder_version=\u201d4.27.4\u2033 _module_preset=\u201ddefault\u201d header_text_align=\u201dcenter\u201d hover_enabled=\u201d0\u2033 global_colors_info=\u201d{}\u201d url_new_window=\u201don\u201d link_option_url_new_window=\u201don\u201d link_option_url=\u201d@ET-DC@eyJkeW5hbWljIjp0cnVlLCJjb250ZW50IjoicG9zdF9saW5rX3VybF9wYWdlIiwic2V0dGluZ3MiOnsicG9zdF9pZCI6IjQ2OTQifX0=@\u201d _dynamic_attributes=\u201dlink_option_url\u201d sticky_enabled=\u201d0\u2033][\/et_pb_blurb][\/et_pb_column][\/et_pb_row][et_pb_row column_structure=\u201d1_4,1_4,1_4,1_4\u2033 _builder_version=\u201d4.27.4\u2033 _module_preset=\u201ddefault\u201d global_colors_info=\u201d{}\u201d][et_pb_column type=\u201d1_4\u2033 _builder_version=\u201d4.27.4\u2033 _module_preset=\u201ddefault\u201d global_colors_info=\u201d{}\u201d][et_pb_blurb title=\u201dVida Di\u015flisi\u201d image=\u201dhttps:\/\/fmp-components.com\/wp-content\/uploads\/2024\/12\/Screw-Gear.webp\u201d alt=\u201dVida Di\u015flisi\u201d _builder_version=\u201d4.27.4\u2033 _module_preset=\u201ddefault\u201d header_text_align=\u201dcenter\u201d hover_enabled=\u201d0\u2033 global_colors_info=\u201d{}\u201d url_new_window=\u201don\u201d link_option_url_new_window=\u201don\u201d link_option_url=\u201d@ET-DC@eyJkeW5hbWljIjp0cnVlLCJjb250ZW50IjoicG9zdF9saW5rX3VybF9wYWdlIiwic2V0dGluZ3MiOnsicG9zdF9pZCI6IjQ3MjgifX0=@\u201d _dynamic_attributes=\u201dlink_option_url\u201d sticky_enabled=\u201d0\u2033][\/et_pb_blurb][\/et_pb_column][et_pb_column type=\u201d1_4\u2033 _builder_version=\u201d4.27.4\u2033 _module_preset=\u201ddefault\u201d global_colors_info=\u201d{}\u201d][et_pb_blurb title=\u201dElektrikli Araba Di\u015flileri\u201d image=\u201dhttps:\/\/fmp-components.com\/wp-content\/uploads\/2024\/12\/Electric-Car-Gears.webp\u201d alt=\u201dElektrikli Araba Di\u015flileri\u201d _builder_version=\u201d4.27.4\u2033 _module_preset=\u201ddefault\u201d header_text_align=\u201dcenter\u201d hover_enabled=\u201d0\u2033 global_colors_info=\u201d{}\u201d url_new_window=\u201don\u201d link_option_url_new_window=\u201don\u201d link_option_url=\u201d@ET-DC@eyJkeW5hbWljIjp0cnVlLCJjb250ZW50IjoicG9zdF9saW5rX3VybF9wYWdlIiwic2V0dGluZ3MiOnsicG9zdF9pZCI6IjQ3NDUifX0=@\u201d _dynamic_attributes=\u201dlink_option_url\u201d sticky_enabled=\u201d0\u2033][\/et_pb_blurb][\/et_pb_column][et_pb_column type=\u201d1_4\u2033 _builder_version=\u201d4.27.4\u2033 _module_preset=\u201ddefault\u201d global_colors_info=\u201d{}\u201d][\/et_pb_column][et_pb_column type=\u201d1_4\u2033 _builder_version=\u201d4.27.4\u2033 _module_preset=\u201ddefault\u201d global_colors_info=\u201d{}\u201d][\/et_pb_column][\/et_pb_row][et_pb_row _builder_version=\u201d4.27.4\u2033 _module_preset=\u201ddefault\u201d global_colors_info=\u201d{}\u201d][et_pb_column type=\u201d4_4\u2033 _builder_version=\u201d4.27.4\u2033 _module_preset=\u201ddefault\u201d global_colors_info=\u201d{}\u201d][et_pb_text _builder_version=\u201d4.27.4\u2033 _module_preset=\u201ddefault\u201d header_2_font=\u201dFrank Ruhl Libre|500|||||||\u201d header_2_text_align=\u201dcenter\u201d header_2_font_size=\u201d40px\u201d global_colors_info=\u201d{}\u201d]<\/p>\n<h2>Di\u015fli Raf\u0131<\/h2>\n<p>[\/et_pb_text][\/et_pb_column][\/et_pb_row][et_pb_row column_structure=\u201d1_4,1_4,1_4,1_4\u2033 _builder_version=\u201d4.27.4\u2033 _module_preset=\u201ddefault\u201d global_colors_info=\u201d{}\u201d][et_pb_column type=\u201d1_4\u2033 _builder_version=\u201d4.27.4\u2033 _module_preset=\u201ddefault\u201d global_colors_info=\u201d{}\u201d][et_pb_blurb title=\u201dD\u00fcz Di\u015fli Raflar\u0131\u201d image=\u201dhttps:\/\/fmp-components.com\/wp-content\/uploads\/2024\/12\/Straight-Gear-Racks.webp\u201d alt=\u201dD\u00fcz Di\u015fli Raflar\u0131\u201d _builder_version=\u201d4.27.4\u2033 _module_preset=\u201ddefault\u201d header_text_align=\u201dcenter\u201d hover_enabled=\u201d0\u2033 global_colors_info=\u201d{}\u201d url_new_window=\u201don\u201d link_option_url_new_window=\u201don\u201d link_option_url=\u201d@ET-DC@eyJkeW5hbWljIjp0cnVlLCJjb250ZW50IjoicG9zdF9saW5rX3VybF9wcm9kdWN0Iiwic2V0dGluZ3MiOnsicG9zdF9pZCI6Ijc5NzgifX0=@\u201d _dynamic_attributes=\u201dlink_option_url\u201d sticky_enabled=\u201d0\u2033][\/et_pb_blurb][\/et_pb_column][et_pb_column type=\u201d1_4\u2033 _builder_version=\u201d4.27.4\u2033 _module_preset=\u201ddefault\u201d global_colors_info=\u201d{}\u201d][et_pb_blurb title=\u201dHelisel Di\u015fli Raflar\u0131\u201d image=\u201dhttps:\/\/fmp-components.com\/wp-content\/uploads\/2024\/12\/Helical-Gear-Racks.webp\u201d alt=\u201dHelisel Di\u015fli Raflar\u0131\u201d _builder_version=\u201d4.27.4\u2033 _module_preset=\u201ddefault\u201d header_text_align=\u201dcenter\u201d hover_enabled=\u201d0\u2033 global_colors_info=\u201d{}\u201d url_new_window=\u201don\u201d link_option_url_new_window=\u201don\u201d link_option_url=\u201d@ET-DC@eyJkeW5hbWljIjp0cnVlLCJjb250ZW50IjoicG9zdF9saW5rX3VybF9wcm9kdWN0Iiwic2V0dGluZ3MiOnsicG9zdF9pZCI6IjQ3NjkifX0=@\u201d _dynamic_attributes=\u201dlink_option_url\u201d sticky_enabled=\u201d0\u2033][\/et_pb_blurb][\/et_pb_column][et_pb_column type=\u201d1_4\u2033 _builder_version=\u201d4.27.4\u2033 _module_preset=\u201ddefault\u201d global_colors_info=\u201d{}\u201d][et_pb_blurb title=\u201dYuvarlak Di\u015fli \"Rights\" image=\u201dhttps:\/\/fmp-components.com\/wp-content\/uploads\/2024\/12\/Round-Gear-Racks.webp\u201d alt=\u201dRound Gear Racks\u201d _builder_version=\u201d4.27.4\u2033 _module_preset=\u201ddefault\u201d header_text_align=\u201dcenter\u201d hover_enabled=\u201d0\u2033 global_colors_info=\u201d{}\u201d url_new_window=\u201don\u201d link_option_url_new_window=\u201don\u201d link_option_url=\u201d@ET-DC@eyJkeW5hbWljIjp0cnVlLCJjb250ZW50IjoicG9zdF9saW5rX3VybF9wcm9kdWN0Iiwic2V0dGluZ3MiOnsicG9zdF9pZCI6IjQ3NzMifX0=@\u201d _dynamic_attributes=\u201dlink_option_url\u201d sticky_enabled=\u201d0\u2033][\/et_pb_blurb][\/et_pb_column][et_pb_column type=\u201d1_4\u2033 _builder_version=\u201d4.27.4\u2033 _module_preset=\u201ddefault\u201d global_colors_info=\u201d{}\u201d][et_pb_blurb title=\u201dKavisli Di\u015fli Raflar\u0131\u201d image=\u201dhttps:\/\/fmp-components.com\/wp-content\/uploads\/2024\/12\/Curved-Gear-Racks.webp\u201d alt=\u201dKavisli Vites Raflar\u0131\u201d _builder_version=\u201d4.27.4\u2033 _module_preset=\u201ddefault\u201d header_text_align=\u201dcenter\u201d hover_enabled=\u201d0\u2033 global_colors_info=\u201d{}\u201d url_new_window=\u201don\u201d link_option_url_new_window=\u201don\u201d link_option_url=\u201d@ET-DC@eyJkeW5hbWljIjp0cnVlLCJjb250ZW50IjoicG9zdF9saW5rX3VybF9wcm9kdWN0Iiwic2V0dGluZ3MiOnsicG9zdF9pZCI6IjQ3NzcifX0=@\u201d _dynamic_attributes=\u201dlink_option_url\u201d sticky_enabled=\u201d0\u2033][\/et_pb_blurb][\/et_pb_column][\/et_pb_row][et_pb_row column_structure=\u201d1_4,1_4,1_4,1_4\u2033 _builder_version=\u201d4.27.4\u2033 _module_preset=\u201ddefault\u201d global_colors_info=\u201d{}\u201d][et_pb_column type=\u201d1_4\u2033 _builder_version=\u201d4.27.4\u2033 _module_preset=\u201ddefault\u201d global_colors_info=\u201d{}\u201d][et_pb_blurb title=\u201dPlastik Di\u015fli Raflar\u0131\u201d image=\u201dhttps:\/\/fmp-components.com\/wp-content\/uploads\/2024\/12\/Plastic-Gear-Racks.webp\u201d alt=\u201dPlastik Di\u015fli Raflar\u0131\u201d _builder_version=\u201d4.27.4\u2033 _module_preset=\u201ddefault\u201d header_text_align=\u201dcenter\u201d hover_enabled=\u201d0\u2033 global_colors_info=\u201d{}\u201d url_new_window=\u201don\u201d link_option_url_new_window=\u201don\u201d link_option_url=\u201d@ET-DC@eyJkeW5hbWljIjp0cnVlLCJjb250ZW50IjoicG9zdF9saW5rX3VybF9wcm9kdWN0Iiwic2V0dGluZ3MiOnsicG9zdF9pZCI6IjgwMDUifX0=@\u201d _dynamic_attributes=\u201dlink_option_url\u201d sticky_enabled=\u201d0\u2033][\/et_pb_blurb][\/et_pb_column][et_pb_column type=\u201d1_4\u2033 _builder_version=\u201d4.27.4\u2033 _module_preset=\u201ddefault\u201d global_colors_info=\u201d{}\u201d][et_pb_blurb title=\u201dS\u00fcrg\u00fcl\u00fc Kap\u0131 i\u00e7in Di\u015fli Raflar\u0131\u201d image=\u201dhttps:\/\/fmp-components.com\/wp-content\/uploads\/2024\/12\/Gear-Racks-for-Construction.webp\u201d alt=\u201dS\u00fcrg\u00fcl\u00fc Kap\u0131 i\u00e7in Di\u015fli Raylar\u0131\u201d _builder_version=\u201d4.27.4\u2033 _module_preset=\u201ddefault\u201d header_text_align=\u201dcenter\u201d hover_enabled=\u201d0\u2033 global_colors_info=\u201d{}\u201d url_new_window=\u201don\u201d link_option_url_new_window=\u201don\u201d link_option_url=\u201d@ET-DC@eyJkeW5hbWljIjp0cnVlLCJjb250ZW50IjoicG9zdF9saW5rX3VybF9wYWdlIiwic2V0dGluZ3MiOnsicG9zdF9pZCI6IjQ4NDYifX0=@\u201d _dynamic_attributes=\u201dlink_option_url\u201d sticky_enabled=\u201d0\u2033][\/et_pb_blurb][\/et_pb_column][et_pb_column type=\u201d1_4\u2033 _builder_version=\u201d4.27.4\u2033 _module_preset=\u201ddefault\u201d global_colors_info=\u201d{}\u201d][et_pb_blurb title=\u201d\u0130n\u015faat \u0130\u00e7in Di\u015fli Raflar\u0131\u201d url=\u201dhttps:\/\/fmp-components.com\/en\/gear-rack-for-construction-machinery\u201d image=\u201dhttps:\/\/fmp-components.com\/wp-content\/uploads\/2025\/01\/Gear-Rack-for-Construction-Lifting-Elevator-2.webp\u201d alt=\u201d\u0130n\u015faat Kald\u0131rma Asans\u00f6r\u00fc i\u00e7in Di\u015fli Raf\u0131\u201d _builder_version=\u201d4.27.4\u2033 _module_preset=\u201ddefault\u201d header_text_align=\u201dcenter\u201d global_colors_info=\u201d{}\u201d][\/et_pb_blurb][\/et_pb_column][et_pb_column type=\u201d1_4\u2033 _builder_version=\u201d4.27.4\u2033 _module_preset=\u201ddefault\u201d global_colors_info=\u201d{}\u201d][\/et_pb_column][\/et_pb_row][\/et_pb_section]<\/p>","protected":false},"excerpt":{"rendered":"<p>Di\u015fli ve Di\u015fli \u00c7arklar: Di\u015fliler ve di\u015fli \u00e7arklar, d\u00f6nme hareketini do\u011frusal harekete d\u00f6n\u00fc\u015ft\u00fcren mekanik sistemlerde hayati \u00f6neme sahip bile\u015fenlerdir. Di\u015fliler, di\u015fli profilleriyle, konvey\u00f6r sistemleri, otomotiv direksiyonu ve end\u00fcstriyel makineler gibi uygulamalarda hassas hareket ve kontrol sa\u011flamak i\u00e7in di\u015fli \u00e7arklarla birle\u015fir. FMP olarak, \u00e7ok \u00e7e\u015fitli di\u015fli ve di\u015fli \u00e7arklar sunuyoruz [\u2026]<\/p>","protected":false},"author":2,"featured_media":0,"parent":0,"menu_order":0,"comment_status":"closed","ping_status":"closed","template":"","meta":{"_et_pb_use_builder":"on","_et_pb_old_content":"","_et_gb_content_width":"","footnotes":""},"class_list":["post-1268","page","type-page","status-publish","hentry"],"_links":{"self":[{"href":"https:\/\/fmp-components.com\/tr\/wp-json\/wp\/v2\/pages\/1268","targetHints":{"allow":["GET"]}}],"collection":[{"href":"https:\/\/fmp-components.com\/tr\/wp-json\/wp\/v2\/pages"}],"about":[{"href":"https:\/\/fmp-components.com\/tr\/wp-json\/wp\/v2\/types\/page"}],"author":[{"embeddable":true,"href":"https:\/\/fmp-components.com\/tr\/wp-json\/wp\/v2\/users\/2"}],"replies":[{"embeddable":true,"href":"https:\/\/fmp-components.com\/tr\/wp-json\/wp\/v2\/comments?post=1268"}],"version-history":[{"count":23,"href":"https:\/\/fmp-components.com\/tr\/wp-json\/wp\/v2\/pages\/1268\/revisions"}],"predecessor-version":[{"id":8154,"href":"https:\/\/fmp-components.com\/tr\/wp-json\/wp\/v2\/pages\/1268\/revisions\/8154"}],"wp:attachment":[{"href":"https:\/\/fmp-components.com\/tr\/wp-json\/wp\/v2\/media?parent=1268"}],"curies":[{"name":"wp","href":"https:\/\/api.w.org\/{rel}","templated":true}]}}