{"id":1162,"date":"2024-12-20T01:38:48","date_gmt":"2024-12-20T01:38:48","guid":{"rendered":"https:\/\/fmp-components.com\/?page_id=8"},"modified":"2025-07-22T03:14:30","modified_gmt":"2025-07-22T03:14:30","slug":"planetary-gearbox","status":"publish","type":"page","link":"https:\/\/fmp-components.com\/tr\/planetary-gearbox\/","title":{"rendered":"Planet Di\u015fli Kutusu"},"content":{"rendered":"<p>[et_pb_section fb_built=\u201d1\u2033 _builder_version=\u201d4.27.4\u2033 _module_preset=\u201ddefault\u201d use_background_color_gradient=\u201don\u201d background_color_gradient_stops=\u201drgba(4,40,4,0.07) 0%|rgba(8,40,9,0.33) 100%\u201d background_color_gradient_overlays_image=\u201don\u201d background_image=\u201dhttps:\/\/fmp-components.com\/wp-content\/uploads\/2024\/12\/planetary-gearbox-banner.webp\u201d min_height=\u201d509px\u201d global_colors_info=\u201d{}\u201d][et_pb_row _builder_version=\u201d4.27.4\u2033 _module_preset=\u201ddefault\u201d global_colors_info=\u201d{}\u201d][et_pb_column type=\u201d4_4\u2033 _builder_version=\u201d4.27.4\u2033 _module_preset=\u201ddefault\u201d global_colors_info=\u201d{}\u201d][et_pb_text _builder_version=\u201d4.27.4\u2033 _module_preset=\u201ddefault\u201d header_font=\u201dFrank Ruhl Libre|500|||||||\u201d header_text_align=\u201dcenter\u201d header_text_color=\u201d#FFFFFF\u201d header_font_size=\u201d65px\u201d header_text_shadow_style=\u201dpreset1\u2033 global_colors_info=\u201d{}\u201d]<\/p>\n<h1>Planet Di\u015fli Kutusu<\/h1>\n<p>[\/et_pb_text][\/et_pb_column][\/et_pb_row][et_pb_row _builder_version=\u201d4.27.4\u2033 _module_preset=\u201ddefault\u201d global_colors_info=\u201d{}\u201d][et_pb_column type=\u201d4_4\u2033 _builder_version=\u201d4.27.4\u2033 _module_preset=\u201ddefault\u201d global_colors_info=\u201d{}\u201d][et_pb_text _builder_version=\u201d4.27.4\u2033 _module_preset=\u201ddefault\u201d text_text_color=\u201d#FFFFFF\u201d text_font_size=\u201d16px\u201d text_line_height=\u201d1.8em\u201d text_text_shadow_style=\u201dpreset1\u2033 global_colors_info=\u201d{}\u201d]<\/p>\n<p>Planet di\u015fli kutusu, merkezi bir g\u00fcne\u015f di\u015flisi, birden fazla planet di\u015flisi ve bir d\u0131\u015f halka di\u015flisinden olu\u015fur ve y\u00fcksek tork yo\u011funlu\u011fu ve kompakt bir tasar\u0131m sunar. Bu konfig\u00fcrasyon, robotik, otomotiv ve end\u00fcstriyel makinelerde yayg\u0131n olarak kullan\u0131lan, hassas h\u0131z azaltma ve art\u0131r\u0131lm\u0131\u015f tork gerektiren uygulamalar i\u00e7in idealdir.<\/p>\n<p>FMP olarak, geni\u015f bir planet di\u015fli kutusu yelpazesi sunuyor ve \u00f6zel ihtiya\u00e7lar\u0131n\u0131z\u0131 kar\u015f\u0131lamak i\u00e7in \u00f6zel sipari\u015fler kabul ediyoruz. \u0130ster standart ister \u00f6zel \u00e7\u00f6z\u00fcmlere ihtiyac\u0131n\u0131z olsun, FMP ihtiya\u00e7lar\u0131n\u0131za \u00f6zel, y\u00fcksek kaliteli di\u015fli kutular\u0131 sunmaya kendini adam\u0131\u015ft\u0131r.<\/p>\n<p>[\/et_pb_text][\/et_pb_column][\/et_pb_row][\/et_pb_section][et_pb_section fb_built=\u201d1\u2033 _builder_version=\u201d4.27.4\u2033 _module_preset=\u201ddefault\u201d custom_padding=\u201d||5px|||\u201d global_colors_info=\u201d{}\u201d][et_pb_row _builder_version=\u201d4.27.4\u2033 _module_preset=\u201ddefault\u201d global_colors_info=\u201d{}\u201d][et_pb_column type=\u201d4_4\u2033 _builder_version=\u201d4.27.4\u2033 _module_preset=\u201ddefault\u201d global_colors_info=\u201d{}\u201d][et_pb_text _builder_version=\u201d4.27.4\u2033 _module_preset=\u201ddefault\u201d header_2_font=\u201dFrank Ruhl Libre||||||||\u201d header_2_text_align=\u201dcenter\u201d header_2_font_size=\u201d40px\u201d global_colors_info=\u201d{}\u201d]<\/p>\n<h2>Planet Di\u015fli Kutusu<\/h2>\n<p>[\/et_pb_text][\/et_pb_column][\/et_pb_row][et_pb_row column_structure=\u201d1_3,1_3,1_3\u2033 _builder_version=\u201d4.27.4\u2033 _module_preset=\u201ddefault\u201d global_colors_info=\u201d{}\u201d][et_pb_column type=\u201d1_3\u2033 _builder_version=\u201d4.27.4\u2033 _module_preset=\u201ddefault\u201d global_colors_info=\u201d{}\u201d][et_pb_image src=\u201dhttps:\/\/fmp-components.com\/wp-content\/uploads\/2025\/01\/Track-Drive.webp\u201d alt=\u201dTrack-Drive\u201d title_text=\u201dTrack-Drive\u201d _builder_version=\u201d4.27.4\u2033 _module_preset=\u201ddefault\u201d global_colors_info=\u201d{}\u201d][\/et_pb_image][et_pb_toggle title=\u201dTrack Drive\u201d _builder_version=\u201d4.27.4\u2033 _module_preset=\u201ddefault\u201d global_colors_info=\u201d{}\u201d]<\/p>\n<ul>\n<li><a href=\"https:\/\/fmp-components.com\/tr\/product\/wheel-drive-planetary-gearbox-reducer-for-access-plateform\/\">Eri\u015fim Platformu i\u00e7in Planet Di\u015fli Kutusu<\/a><\/li>\n<li><a href=\"https:\/\/fmp-components.com\/tr\/product\/wheel-drive-planetary-gearbox-reducer-for-rough-terrain-scissor-lift3679\/\">Zorlu Araziler \u0130\u00e7in Planet Di\u015fli Kutusu <\/a><a href=\"https:\/\/fmp-components.com\/tr\/product\/wheel-drive-planetary-gearbox-reducer-for-road-reclaimers-and-grades\/\">Makas<\/a><\/li>\n<li><a href=\"https:\/\/fmp-components.com\/tr\/product\/wheel-drive-planetary-gearbox-reducer-for-road-reclaimers-and-grades\/\">Yol Rek\u00fcperat\u00f6rleri ve S\u0131n\u0131fland\u0131rmalar\u0131 i\u00e7in Planet Di\u015fli Kutusu<\/a><\/li>\n<li><a href=\"https:\/\/fmp-components.com\/tr\/product\/wheel-drive-planetary-gearbox-reducer-for-land-clearing-stone-crusher\/\">Arazi Temizleme Ta\u015f K\u0131rma Makinesi i\u00e7in Planet Di\u015fli Kutusu<\/a><\/li>\n<li><a href=\"https:\/\/fmp-components.com\/tr\/product\/wheel-drive-planetary-gearbox-reducer-for-cranes\/\">Vin\u00e7ler i\u00e7in Planet Di\u015fli Kutusu<\/a><\/li>\n<\/ul>\n<p>[\/et_pb_toggle][\/et_pb_column][et_pb_column type=\u201d1_3\u2033 _builder_version=\u201d4.27.4\u2033 _module_preset=\u201ddefault\u201d global_colors_info=\u201d{}\u201d][et_pb_image src=\u201dhttps:\/\/fmp-components.com\/wp-content\/uploads\/2024\/12\/Winch-Drive.webp\u201d alt=\u201dVin\u00e7 S\u00fcr\u00fcc\u00fcs\u00fc\u201d title_text=\u201dVin\u00e7 S\u00fcr\u00fcc\u00fcs\u00fc\u201d _builder_version=\u201d4.27.4\u2033 _module_preset=\u201ddefault\u201d global_colors_info=\u201d{}\u201d][\/et_pb_image][et_pb_toggle title=\u201dVin\u00e7 S\u00fcr\u00fcc\u00fcs\u00fc\u201d _builder_version=\u201d4.27.4\u2033 _module_preset=\u201ddefault\u201d global_colors_info=\u201d{}\u201d]<\/p>\n<ul>\n<li>\u00c7apa Vin\u00e7leri i\u00e7in Planet Di\u015fli Kutusu<\/li>\n<li>Tugger Vin\u00e7 i\u00e7in Planet Di\u015fli Kutusu<\/li>\n<li>A\u00e7\u0131k Deniz \u0130n\u015faat Gemileri i\u00e7in Planet Di\u015fli Kutusu<\/li>\n<li>A\u00e7\u0131k Deniz Platformu i\u00e7in Planet Di\u015fli Kutusu<\/li>\n<li>Sondaj Kuleleri i\u00e7in Planet Di\u015fli Kutusu<\/li>\n<li>Ormanc\u0131l\u0131k ve Tomruk\u00e7uluk Vin\u00e7leri i\u00e7in Planet Di\u015fli Kutusu<\/li>\n<li>3D Depolar i\u00e7in Planet Di\u015fli Kutusu<\/li>\n<li>Maden Kald\u0131rma Ekipmanlar\u0131 i\u00e7in Planet Di\u015fli Kutusu<\/li>\n<li>Asans\u00f6r Asans\u00f6r\u00fc i\u00e7in Planet Di\u015fli Kutusu<\/li>\n<li>Boru D\u00f6\u015feme Makineleri i\u00e7in Planet Di\u015fli Kutusu<\/li>\n<li>Kamyon \u00dcst\u00fc Vin\u00e7ler i\u00e7in Planet Di\u015fli Kutusu<\/li>\n<li>Skip Kova Kald\u0131rma Konvey\u00f6r\u00fc i\u00e7in Planet Di\u015fli Kutusu<\/li>\n<li>F\u0131r\u0131n Kap\u0131s\u0131 A\u00e7mak \u0130\u00e7in Planet Di\u015fli Kutusu<\/li>\n<li>Yang\u0131n ve Kurtarma Vin\u00e7leri i\u00e7in Planet Di\u015fli Kutusu<\/li>\n<\/ul>\n<p>[\/et_pb_toggle][\/et_pb_column][et_pb_column type=\u201d1_3\u2033 _builder_version=\u201d4.27.4\u2033 _module_preset=\u201ddefault\u201d global_colors_info=\u201d{}\u201d][et_pb_image src=\u201dhttps:\/\/fmp-components.com\/wp-content\/uploads\/2024\/12\/Wheel-Drive.webp\u201d alt=\u201dTekerlekli Tahrik\u201d title_text=\u201dTekerlekli Tahrik\u201d _builder_version=\u201d4.27.4\u2033 _module_preset=\u201ddefault\u201d global_colors_info=\u201d{}\u201d][\/et_pb_image][et_pb_toggle title=\u201dTekerlekli Tahrik\u201d _builder_version=\u201d4.27.4\u2033 _module_preset=\u201ddefault\u201d global_colors_info=\u201d{}\u201d]<\/p>\n<ul>\n<li>Elma Hasat Makinesi i\u00e7in Planet Di\u015fli Kutusu<\/li>\n<li>Yem Hasat Makinesi i\u00e7in Planet Di\u015fli Kutusu<\/li>\n<li>Patates Hasat Makinesi i\u00e7in Planet Di\u015fli Kutusu<\/li>\n<li>\u00dcz\u00fcm Hasat Makinesi i\u00e7in Planet Di\u015fli Kutusu<\/li>\n<li>\u015eeker Hasat Makinesi i\u00e7in Planet Di\u015fli Kutusu<\/li>\n<li>Yem Kar\u0131\u015ft\u0131r\u0131c\u0131s\u0131 i\u00e7in Planet Red\u00fckt\u00f6r<\/li>\n<li>Kara i\u00e7in Planet Di\u015fli Kutusu<br \/>Temizleme Ta\u015f K\u0131r\u0131c\u0131<\/li>\n<li>Do\u011frusal Hareketli Sulama i\u00e7in Planet Di\u015fli Kutusu<\/li>\n<li>Ekim Makinas\u0131 i\u00e7in Planet Di\u015fli Kutusu<\/li>\n<li>G\u00fcbre i\u00e7in Planet Di\u015fli Kutusu<\/li>\n<li>Eri\u015fim Platformu i\u00e7in Planet Di\u015fli Kutusu<\/li>\n<li>Engebeli Arazi Makasl\u0131 Platform i\u00e7in Planet Di\u015fli Kutusu<\/li>\n<li>Yol Rek\u00fcperat\u00f6rleri ve S\u0131n\u0131fland\u0131rmalar\u0131 i\u00e7in Planet Di\u015fli Kutusu<\/li>\n<li>Buldozer i\u00e7in Planet Di\u015fli Kutusu<\/li>\n<li>Vin\u00e7ler i\u00e7in Planet Di\u015fli Kutusu<\/li>\n<li>Beton Mikser Kamyonlar\u0131 i\u00e7in Planet \u015eanz\u0131man<\/li>\n<li>Greyderler i\u00e7in Planet Di\u015fli Kutusu<\/li>\n<li>Silindirler i\u00e7in Planet Red\u00fckt\u00f6r<\/li>\n<li>Y\u00fckleyiciler i\u00e7in Planet Di\u015fli Kutusu<\/li>\n<li>Ekskavat\u00f6rler i\u00e7in Planet Di\u015fli Kutusu<\/li>\n<li>Yeralt\u0131 Sondaj Jumbolar\u0131 i\u00e7in Planet Di\u015fli Kutusu<\/li>\n<li>Yeralt\u0131 Y\u00fckleyiciler\/LHD'ler i\u00e7in Planet Di\u015fli Kutusu<\/li>\n<li>Mobil K\u0131rma ve Eleme Tesisleri i\u00e7in Planet Di\u015fli Kutusu<\/li>\n<li>Madencilik Damperli Kamyonlar\u0131 i\u00e7in Planet Di\u015fli Kutusu<\/li>\n<li>Forkliftler i\u00e7in Planet Di\u015fli Kutusu<\/li>\n<li>Konteyner Vin\u00e7leri i\u00e7in Planet Di\u015fli Kutusu<\/li>\n<li>Otomatik G\u00fcd\u00fcml\u00fc Ara\u00e7lar ve AGV'ler i\u00e7in Planet Di\u015fli Kutusu<\/li>\n<li>Reach Stacker'lar i\u00e7in Planet Di\u015fli Kutusu<\/li>\n<li>RTG Lastikli Vin\u00e7 i\u00e7in Planet Di\u015fli Kutusu<\/li>\n<\/ul>\n<p>[\/et_pb_toggle][\/et_pb_column][\/et_pb_row][et_pb_row column_structure=\u201d1_3,1_3,1_3\u2033 _builder_version=\u201d4.27.4\u2033 _module_preset=\u201ddefault\u201d global_colors_info=\u201d{}\u201d][et_pb_column type=\u201d1_3\u2033 _builder_version=\u201d4.27.4\u2033 _module_preset=\u201ddefault\u201d global_colors_info=\u201d{}\u201d][et_pb_image src=\u201dhttps:\/\/fmp-components.com\/wp-content\/uploads\/2024\/12\/Slewing-Drive.webp\u201d alt=\u201dSlewing Drive\u201d title_text=\u201dSlewing Drive\u201d _builder_version=\u201d4.27.4\u2033 _module_preset=\u201ddefault\u201d global_colors_info=\u201d{}\u201d][\/et_pb_image][et_pb_toggle title=\u201dD\u00f6ner Tahrik Sistemi\u201d _builder_version=\u201d4.27.4\u2033 _module_preset=\u201ddefault\u201d global_colors_info=\u201d{}\u201d]<\/p>\n<ul>\n<li>R\u00fczgar T\u00fcrbini i\u00e7in Planet Di\u015fli Kutusu<\/li>\n<li>G\u00fcne\u015f Takip Sistemi i\u00e7in Planet Di\u015fli Kutusu<\/li>\n<li>Kamyon \u00dcst\u00fc Beton Pompas\u0131 i\u00e7in Planet Di\u015fli Kutusu<\/li>\n<li>Hava \u00c7al\u0131\u015fma Ara\u00e7lar\u0131 i\u00e7in Planet Di\u015fli Kutusu<\/li>\n<li>A\u00e7\u0131k Deniz Sondaj Platformlar\u0131 i\u00e7in Planet Di\u015fli Kutusu<\/li>\n<li>Radar Anteni i\u00e7in Planet Di\u015fli Kutusu<\/li>\n<li>TBM Kesici Kafa i\u00e7in Planet Di\u015fli Kutusu<\/li>\n<li>Ekskavat\u00f6rler i\u00e7in Planet Di\u015fli Kutusu<\/li>\n<li>Kule Vin\u00e7 i\u00e7in Planet Di\u015fli Kutusu<\/li>\n<li>Liman Konteyner Vinci i\u00e7in Planet Di\u015fli Kutusu<\/li>\n<li>Paletli Vin\u00e7 i\u00e7in Planet Di\u015fli Kutusu<\/li>\n<li>Kamyon \u00dcst\u00fc Vin\u00e7ler i\u00e7in Planet Di\u015fli Kutusu<\/li>\n<li>Arazi Vin\u00e7leri i\u00e7in Planet Di\u015fli Kutusu<\/li>\n<\/ul>\n<p>[\/et_pb_toggle][\/et_pb_column][et_pb_column type=\u201d1_3\u2033 _builder_version=\u201d4.27.4\u2033 _module_preset=\u201ddefault\u201d global_colors_info=\u201d{}\u201d][et_pb_image src=\u201dhttps:\/\/fmp-components.com\/wp-content\/uploads\/2024\/12\/Swing-Gearbox.webp\u201d alt=\u201dSwing Gearbox\u201d title_text=\u201dSwing Gearbox\u201d _builder_version=\u201d4.27.4\u2033 _module_preset=\u201ddefault\u201d global_colors_info=\u201d{}\u201d][\/et_pb_image][et_pb_toggle title=\u201dSwing Gearbox\u201d _builder_version=\u201d4.27.4\u2033 _module_preset=\u201ddefault\u201d global_colors_info=\u201d{}\u201d]<\/p>\n<ul>\n<li>Planet Di\u015fli Kutusu i\u00e7in <span>Kobelco SK350-8<\/span><\/li>\n<li>Yuchai YC60-7 Ekskavat\u00f6r i\u00e7in Planet Di\u015fli Kutusu<\/li>\n<li>Yol Rek\u00fcperat\u00f6rleri ve S\u0131n\u0131fland\u0131rmalar\u0131 i\u00e7in Planet Di\u015fli Kutusu<\/li>\n<li>Hitachi ZX70 Ekskavat\u00f6r i\u00e7in Planet Di\u015fli Kutusu<\/li>\n<li>CASE CX130 Ekskavat\u00f6r i\u00e7in Planet Di\u015fli Kutusu<\/li>\n<li>Ekskavat\u00f6r i\u00e7in Planet Di\u015fli Kutusu <span>DX380<\/span><\/li>\n<li>Caterpillar E307B Ekskavat\u00f6r i\u00e7in Planet Di\u015fli Kutusu<\/li>\n<li>Caterpillar E336D Ekskavat\u00f6r i\u00e7in Planet Di\u015fli Kutusu<\/li>\n<li>Ekskavat\u00f6r i\u00e7in Planet Di\u015fli Kutusu <span>EC360<\/span><\/li>\n<li>Volvo EC460 Ekskavat\u00f6r i\u00e7in Planet \u015eanz\u0131man<\/li>\n<li>Ekskavat\u00f6r i\u00e7in Planet Di\u015fli Kutusu <span>EC700<\/span><\/li>\n<li>Volvo EC360 Ekskavat\u00f6r i\u00e7in Planet \u015eanz\u0131man<\/li>\n<li>Volvo EC460 Ekskavat\u00f6r i\u00e7in Planet \u015eanz\u0131man<\/li>\n<li>Ekskavat\u00f6r i\u00e7in Planet Di\u015fli Kutusu <span>EC700<\/span><\/li>\n<li>Komatsu PC40 Ekskavat\u00f6r i\u00e7in Planet Di\u015fli Kutusu<\/li>\n<li>Komatsu PC56-7 Ekskavat\u00f6r i\u00e7in Planet Di\u015fli Kutusu<\/li>\n<li>Komatsu PC300-7 Ekskavat\u00f6r i\u00e7in Planet Di\u015fli Kutusu<\/li>\n<li>Komatsu PC400-7 Ekskavat\u00f6r i\u00e7in Planet Di\u015fli Kutusu<\/li>\n<li>Kobelco SK60-6 Ekskavat\u00f6r i\u00e7in Planet Di\u015fli Kutusu<\/li>\n<li>Kobelco SK135 Ekskavat\u00f6r i\u00e7in Planet Di\u015fli Kutusu<\/li>\n<li>Kobelco SK200-8 Ekskavat\u00f6r i\u00e7in Planet Di\u015fli Kutusu<\/li>\n<li>Daewoo DH300-7 Ekskavat\u00f6r i\u00e7in Planet Di\u015fli Kutusu<\/li>\n<\/ul>\n<p>[\/et_pb_toggle][\/et_pb_column][et_pb_column type=\u201d1_3\u2033 _builder_version=\u201d4.27.4\u2033 _module_preset=\u201ddefault\u201d global_colors_info=\u201d{}\u201d][et_pb_image src=\u201dhttps:\/\/fmp-components.com\/wp-content\/uploads\/2024\/12\/In-line-Planetary-Gearbox.webp\u201d alt=\u201dS\u0131ral\u0131 Planet Di\u015fli Kutusu\u201d title_text=\u201dS\u0131ral\u0131 Planet Di\u015fli Kutusu\u201d _builder_version=\u201d4.27.4\u2033 _module_preset=\u201ddefault\u201d global_colors_info=\u201d{}\u201d][\/et_pb_image][et_pb_toggle title=\u201dS\u0131ral\u0131 Planet Di\u015fli Kutusu\u201d _builder_version=\u201d4.27.4\u2033 _module_preset=\u201ddefault\u201d global_colors_info=\u201d{}\u201d]<\/p>\n<ul>\n<li>S Serisi End\u00fcstriyel Planet Di\u015fli \u00dcnitesi \u015eanz\u0131man<\/li>\n<li>E serisi Planet Di\u015fli Kutusu<\/li>\n<li>311 Serisi Planet Di\u015fli Kutusu<\/li>\n<li>310 Serisi Planet Di\u015fli Kutusu<\/li>\n<li>306 Serisi Planet Di\u015fli Kutusu<\/li>\n<li>301 Serisi Planet Di\u015fli Kutusu<\/li>\n<\/ul>\n<p>[\/et_pb_toggle][\/et_pb_column][\/et_pb_row][et_pb_row column_structure=\u201d1_3,1_3,1_3\u2033 _builder_version=\u201d4.27.4\u2033 _module_preset=\u201ddefault\u201d global_colors_info=\u201d{}\u201d][et_pb_column type=\u201d1_3\u2033 _builder_version=\u201d4.27.4\u2033 _module_preset=\u201ddefault\u201d global_colors_info=\u201d{}\u201d][et_pb_image src=\u201dhttps:\/\/fmp-components.com\/wp-content\/uploads\/2024\/12\/Right-Angle-Planetary-Gearbox.webp\u201d alt=\u201dDik A\u00e7\u0131l\u0131 Planet Di\u015fli Kutusu\u201d title_text=\u201dDik A\u00e7\u0131l\u0131 Planet Di\u015fli Kutusu\u201d _builder_version=\u201d4.27.4\u2033 _module_preset=\u201ddefault\u201d global_colors_info=\u201d{}\u201d][\/et_pb_image][et_pb_toggle title=\u201dDik A\u00e7\u0131l\u0131 Planet Di\u015fli Kutusu\u201d _builder_version=\u201d4.27.4\u2033 _module_preset=\u201ddefault\u201d global_colors_info=\u201d{}\u201d]<\/p>\n<ul>\n<li>307 Serisi Planet Di\u015fli Kutusu<\/li>\n<\/ul>\n<p>[\/et_pb_toggle][\/et_pb_column][et_pb_column type=\u201d1_3\u2033 _builder_version=\u201d4.27.4\u2033 _module_preset=\u201ddefault\u201d global_colors_info=\u201d{}\u201d][et_pb_image src=\u201dhttps:\/\/fmp-components.com\/wp-content\/uploads\/2024\/12\/Planetary-Gearbox-for-Feed-Mixer.webp\u201d alt=\u201dYem Kar\u0131\u015ft\u0131r\u0131c\u0131 i\u00e7in Planet Di\u015fli Kutusu\u201d title_text=\u201dYem Kar\u0131\u015ft\u0131r\u0131c\u0131 i\u00e7in Planet Di\u015fli Kutusu\u201d _builder_version=\u201d4.27.4\u2033 _module_preset=\u201ddefault\u201d global_colors_info=\u201d{}\u201d][\/et_pb_image][et_pb_toggle title=\u201dYem Kar\u0131\u015ft\u0131r\u0131c\u0131 i\u00e7in Planet Di\u015fli Kutusu\u201d _builder_version=\u201d4.27.4\u2033 _module_preset=\u201ddefault\u201d global_colors_info=\u201d{}\u201d]<\/p>\n<ul>\n<li>Yem Kar\u0131\u015ft\u0131rma \u015eanz\u0131man\u0131 C3A, 1:1, 1,8:1<\/li>\n<li>Yem Karma Makineleri \u015eanz\u0131man C-3A<\/li>\n<li>Yem Karma Makinalar\u0131 \u015eanz\u0131man D-732A 1:1\/1.41:1<\/li>\n<li>Yatay Yem Kar\u0131\u015ft\u0131r\u0131c\u0131 \u015eanz\u0131man D732A 1:1\/1.93:1<\/li>\n<li>Yatay Yem Kar\u0131\u015ft\u0131rma Makinesi \u015eanz\u0131man C3A 1:1<\/li>\n<li>TMR Mikser EP RMG i\u00e7in Yem Kar\u0131\u015ft\u0131rma \u015eanz\u0131man\u0131<\/li>\n<li>Yem Karma Makinesi \u015eanz\u0131man PGA-1202VM<\/li>\n<li>Yem Karma Makineleri \u015eanz\u0131man PGA-1602<\/li>\n<li>Dikey Yem Kar\u0131\u015ft\u0131rma \u015eanz\u0131man\u0131 PGA1202VM<\/li>\n<li>Dikey Yem Kar\u0131\u015ft\u0131r\u0131c\u0131 \u015eanz\u0131man PGA1602VM<\/li>\n<\/ul>\n<p>[\/et_pb_toggle][\/et_pb_column][et_pb_column type=\u201d1_3\u2033 _builder_version=\u201d4.27.4\u2033 _module_preset=\u201ddefault\u201d global_colors_info=\u201d{}\u201d][et_pb_image src=\u201dhttps:\/\/fmp-components.com\/wp-content\/uploads\/2024\/12\/Planetary-Gearbox-for-Wind-Turbine.webp\u201d alt=\u201dR\u00fczgar T\u00fcrbini i\u00e7in Planet Di\u015fli Kutusu\u201d title_text=\u201dR\u00fczgar T\u00fcrbini i\u00e7in Planet Di\u015fli Kutusu\u201d _builder_version=\u201d4.27.4\u2033 _module_preset=\u201ddefault\u201d global_colors_info=\u201d{}\u201d][\/et_pb_image][et_pb_toggle title=\u201dR\u00fczgar T\u00fcrbini i\u00e7in Planet Di\u015fli Kutusu\u201d _builder_version=\u201d4.27.4\u2033 _module_preset=\u201ddefault\u201d global_colors_info=\u201d{}\u201d]<\/p>\n<ul>\n<li>SD Serisi Mobil D\u00f6ner Tahrikli Planet Di\u015fli Kutusu<\/li>\n<li>NB Serisi <span>Yaw Drive \u015eanz\u0131man<\/span><\/li>\n<\/ul>\n<p>[\/et_pb_toggle][\/et_pb_column][\/et_pb_row][\/et_pb_section][et_pb_section fb_built=\u201d1\u2033 _builder_version=\u201d4.27.4\u2033 _module_preset=\u201ddefault\u201d global_colors_info=\u201d{}\u201d][et_pb_row _builder_version=\u201d4.27.4\u2033 _module_preset=\u201ddefault\u201d global_colors_info=\u201d{}\u201d][et_pb_column type=\u201d4_4\u2033 _builder_version=\u201d4.27.4\u2033 _module_preset=\u201ddefault\u201d global_colors_info=\u201d{}\u201d][et_pb_text _builder_version=\u201d4.27.4\u2033 _module_preset=\u201ddefault\u201d header_2_font=\u201dFrank Ruhl Libre||||||||\u201d header_2_font_size=\u201d38px\u201d global_colors_info=\u201d{}\u201d]<\/p>\n<h2 style=\"text-align: center;\">\u0130lgili \u00dcr\u00fcnler \u2013 Planet Di\u015fli<\/h2>\n<p>[\/et_pb_text][\/et_pb_column][\/et_pb_row][et_pb_row column_structure=\u201d1_4,1_4,1_4,1_4\u2033 _builder_version=\u201d4.27.4\u2033 _module_preset=\u201ddefault\u201d global_colors_info=\u201d{}\u201d][et_pb_column type=\u201d1_4\u2033 _builder_version=\u201d4.27.4\u2033 _module_preset=\u201ddefault\u201d global_colors_info=\u201d{}\u201d][et_pb_blurb title=\u201dGezegen Di\u015fli Setleri\u201d url=\u201dhttps:\/\/fmp-components.com\/en\/product\/planetary-gear-sets\u201d url_new_window=\u201don\u201d image=\u201dhttps:\/\/fmp-components.com\/wp-content\/uploads\/2025\/01\/Planetary-Gear-set.webp\u201d alt=\u201dGezegen Di\u015fli Seti\u201d _builder_version=\u201d4.27.4\u2033 _module_preset=\u201ddefault\u201d header_level=\u201dh3\u2033 header_font=\u201dFrank Ruhl Libre||||||||\u201d header_text_align=\u201dcenter\u201d header_font_size=\u201d20px\u201d global_colors_info=\u201d{}\u201d][\/et_pb_blurb][\/et_pb_column][et_pb_column type=\u201d1_4\u2033 _builder_version=\u201d4.27.4\u2033 _module_preset=\u201ddefault\u201d global_colors_info=\u201d{}\u201d][et_pb_blurb title=\u201d\u0130\u00e7 Planet Di\u015flisi\u201d url=\u201dhttps:\/\/fmp-components.com\/en\/product\/internal-planetary-gear\u201d url_new_window=\u201don\u201d image=\u201dhttps:\/\/fmp-components.com\/wp-content\/uploads\/2025\/01\/Internal-Planetary-Gear.webp\u201d alt=\u201d\u0130\u00e7 Planet Di\u015flisi\u201d _builder_version=\u201d4.27.4\u2033 _module_preset=\u201ddefault\u201d header_level=\u201dh3\u2033 header_font=\u201dFrank Ruhl Libre||||||||\u201d header_text_align=\u201dcenter\u201d header_font_size=\u201d20px\u201d global_colors_info=\u201d{}\u201d][\/et_pb_blurb][\/et_pb_column][et_pb_column type=\u201d1_4\u2033 _builder_version=\u201d4.27.4\u2033 _module_preset=\u201ddefault\u201d global_colors_info=\u201d{}\u201d][et_pb_blurb title=\u201d\u0130\u00e7 Planet Di\u015fli Kiti\u201d url=\u201dhttps:\/\/fmp-components.com\/en\/product\/internal-planetary-gear-kit\u201d url_new_window=\u201don\u201d image=\u201dhttps:\/\/fmp-components.com\/wp-content\/uploads\/2025\/01\/Internal-Planetary-Gear-Kit.webp\u201d alt=\u201d\u0130\u00e7 Planet Di\u015fli Kiti\u201d _builder_version=\u201d4.27.4\u2033 _module_preset=\u201ddefault\u201d header_level=\u201dh3\u2033 header_font=\u201dFrank Ruhl Libre||||||||\u201d header_text_align=\u201dcenter\u201d header_font_size=\u201d20px\u201d global_colors_info=\u201d{}\u201d][\/et_pb_blurb][\/et_pb_column][et_pb_column type=\u201d1_4\u2033 _builder_version=\u201d4.27.4\u2033 _module_preset=\u201ddefault\u201d global_colors_info=\u201d{}\u201d][et_pb_blurb title=\u201dGezegen Halka Di\u015flisi\u201d url=\u201dhttps:\/\/fmp-components.com\/en\/product\/planetary-ring-gear\u201d url_new_window=\u201don\u201d image=\u201dhttps:\/\/fmp-components.com\/wp-content\/uploads\/2025\/01\/Planetary-Ring-Gear.webp\u201d alt=\u201dGezegen Halka Di\u015flisi\u201d _builder_version=\u201d4.27.4\u2033 _module_preset=\u201ddefault\u201d header_level=\u201dh3\u2033 header_font=\u201dFrank Ruhl Libre||||||||\u201d header_text_align=\u201dcenter\u201d header_font_size=\u201d20px\u201d global_colors_info=\u201d{}\u201d][\/et_pb_blurb][\/et_pb_column][\/et_pb_row][\/et_pb_section]<\/p>","protected":false},"excerpt":{"rendered":"<p>Planet di\u015fli kutusu, merkezi bir g\u00fcne\u015f di\u015flisi, birden fazla planet di\u015flisi ve d\u0131\u015f halka di\u015flisinden olu\u015fur ve y\u00fcksek tork yo\u011funlu\u011fu ve kompakt bir tasar\u0131m sunar. Bu konfig\u00fcrasyon, hassas h\u0131z d\u00fc\u015f\u00fcrme ve art\u0131r\u0131lm\u0131\u015f tork gerektiren uygulamalar i\u00e7in idealdir ve genellikle robotik, otomotiv ve end\u00fcstriyel makinelerde kullan\u0131l\u0131r. FMP olarak, geni\u015f bir yelpazede [\u2026]<\/p>","protected":false},"author":2,"featured_media":0,"parent":0,"menu_order":0,"comment_status":"closed","ping_status":"closed","template":"","meta":{"_et_pb_use_builder":"on","_et_pb_old_content":"","_et_gb_content_width":"","footnotes":""},"class_list":["post-1162","page","type-page","status-publish","hentry"],"_links":{"self":[{"href":"https:\/\/fmp-components.com\/tr\/wp-json\/wp\/v2\/pages\/1162","targetHints":{"allow":["GET"]}}],"collection":[{"href":"https:\/\/fmp-components.com\/tr\/wp-json\/wp\/v2\/pages"}],"about":[{"href":"https:\/\/fmp-components.com\/tr\/wp-json\/wp\/v2\/types\/page"}],"author":[{"embeddable":true,"href":"https:\/\/fmp-components.com\/tr\/wp-json\/wp\/v2\/users\/2"}],"replies":[{"embeddable":true,"href":"https:\/\/fmp-components.com\/tr\/wp-json\/wp\/v2\/comments?post=1162"}],"version-history":[{"count":30,"href":"https:\/\/fmp-components.com\/tr\/wp-json\/wp\/v2\/pages\/1162\/revisions"}],"predecessor-version":[{"id":8188,"href":"https:\/\/fmp-components.com\/tr\/wp-json\/wp\/v2\/pages\/1162\/revisions\/8188"}],"wp:attachment":[{"href":"https:\/\/fmp-components.com\/tr\/wp-json\/wp\/v2\/media?parent=1162"}],"curies":[{"name":"wp","href":"https:\/\/api.w.org\/{rel}","templated":true}]}}