{"id":966,"date":"2024-12-19T03:40:23","date_gmt":"2024-12-19T03:40:23","guid":{"rendered":"https:\/\/fmp-components.com\/product\/10046-professional-craftsmanship-tractor-hydraulic-cylinder-trailer-hydraulic-cylinder-for-agriculture\/"},"modified":"2024-12-19T08:42:09","modified_gmt":"2024-12-19T08:42:09","slug":"10046-professional-craftsmanship-tractor-hydraulic-cylinder-trailer-hydraulic-cylinder-for-agriculture","status":"publish","type":"product","link":"https:\/\/fmp-components.com\/sl\/product\/10046-professional-craftsmanship-tractor-hydraulic-cylinder-trailer-hydraulic-cylinder-for-agriculture\/","title":{"rendered":"10046 Profesionalna izdelava traktorskega hidravli\u010dnega cilindra Prikolica Hidravli\u010dni cilinder za kmetijstvo"},"content":{"rendered":"<p>Profesionalni hidravli\u010dni cilinder za traktor 10046 je zasnovan posebej za kmetijsko uporabo in zagotavlja izjemno zmogljivost ter vzdr\u017eljivost za traktorje in priklopnike. Ta hidravli\u010dni cilinder zdru\u017euje strokovno in\u017eenirstvo z visokokakovostnimi materiali za pove\u010danje u\u010dinkovitosti in zanesljivosti va\u0161e kmetijske mehanizacije.<\/p>\n<h4>Klju\u010dne lastnosti:<\/h4>\n<ul>\n<li><strong>Profesionalna izdelava<\/strong>Izdelano z natan\u010dnostjo za zagotavljanje optimalne zmogljivosti in dolge \u017eivljenjske dobe v zahtevnih kmetijskih okoljih.<\/li>\n<li><strong>Dvojno delujo\u010da funkcionalnost<\/strong>Omogo\u010da u\u010dinkovito delovanje tako pri iztegovanju kot vle\u010denju, kar izbolj\u0161a nadzor med dvigovanjem in spu\u0161\u010danjem.<\/li>\n<li><strong>Visoka nosilnost<\/strong>Zasnovan za prena\u0161anje znatnih obremenitev, zaradi \u010desar je idealen za te\u017eka kmetijska dela.<\/li>\n<li><strong>Premaz, odporen proti koroziji<\/strong>Obdelano z za\u0161\u010ditnimi premazi za prepre\u010devanje rje in podalj\u0161anje \u017eivljenjske dobe cilindra, kar zagotavlja zanesljivo delovanje v razli\u010dnih vremenskih razmerah.<\/li>\n<li><strong>Enostavna namestitev<\/strong>Zasnovan za enostavno integracijo v obstoje\u010de sisteme vla\u010dilcev in priklopnikov, kar skraj\u0161a \u010das nastavitve.<\/li>\n<\/ul>\n<p><img decoding=\"async\" class=\"aligncenter\" src=\"https:\/\/hzpt.com\/wp-content\/uploads\/2023\/12\/random-5.webp\" alt=\"\" title=\"\"><\/p>\n<h4>Prednosti:<\/h4>\n<ul>\n<li><strong>Izbolj\u0161ana u\u010dinkovitost<\/strong>Izbolj\u0161a operativno u\u010dinkovitost traktorjev in priklopnikov ter olaj\u0161a bolj gladka kmetijska opravila.<\/li>\n<li><strong>Vsestranske uporabe<\/strong>Primerno za \u0161iroko paleto kmetijske opreme, kar zagotavlja prilagodljivost pri uporabi.<\/li>\n<li><strong>Zmanj\u0161ano vzdr\u017eevanje<\/strong>Trpe\u017ena konstrukcija zmanj\u0161uje obrabo, kar vodi do ni\u017ejih stro\u0161kov vzdr\u017eevanja in dalj\u0161ega \u010dasa delovanja.<\/li>\n<\/ul>\n<p>Profesionalni hidravli\u010dni cilinder za traktor 10046 je bistvena komponenta sodobne kmetijske prakse, ki zagotavlja zanesljivo delovanje in u\u010dinkovitost. Zaradi robustne zasnove in profesionalne izdelave je dragocen dodatek k vsakemu traktorju ali prikolici, kar pove\u010duje produktivnost na polju.<img decoding=\"async\" src=\"https:\/\/hzpt.com\/wp-content\/uploads\/2023\/12\/random-1.webp?v=1694163707\" alt=\"\" title=\"\"><\/p>\n<h2>Prednosti varjenega cilindra tipa T<\/h2>\n<ul>\n<li style=\"list-style-type: none;\">\n<ul>\n<li><strong>Pove\u010dana mo\u010d:<\/strong> Varjeni cilindri tipa T so znani po svoji visoki trdnosti, zaradi \u010desar so primerni za aplikacije, ki zahtevajo dvigovanje te\u017ekih bremen. Postopek varjenja, ki se uporablja med izdelavo teh cilindrov, zagotavlja, da je cilinder brez \u0161ibkih to\u010dk in lahko prenese visok tlak in obremenitve.<\/li>\n<\/ul>\n<\/li>\n<\/ul>\n<p>Ko se na valj izvaja pritisk, se ta enakomerno porazdeli po celotni povr\u0161ini, zaradi \u010desar je odporen na deformacije. Ta lastnost zagotavlja, da valj ohrani svojo obliko in strukturno celovitost tudi v ekstremnih pogojih.<\/p>\n<ul>\n<li style=\"list-style-type: none;\">\n<ul>\n<li><strong>Prepre\u010devanje pu\u0161\u010danja:<\/strong> Varjeni cilindri s T-kosom so zasnovani tako, da prepre\u010dujejo pu\u0161\u010danje. Postopek varjenja, ki se uporablja med izdelavo, zagotavlja, da je valj popolnoma zatesnjen in brez morebitnih pu\u0161\u010danj. Zaradi te lastnosti so primerni za uporabo v aplikacijah, kjer bi pu\u0161\u010danje lahko povzro\u010dilo resno \u0161kodo ali po\u0161kodbe.<\/li>\n<\/ul>\n<\/li>\n<\/ul>\n<p>Varjeni spoji so gladki, brez razpok ali utorov, kjer se lahko nabirajo ostanki ali umazanija, kar zmanj\u0161uje tveganje korozije in po\u0161kodb jeklenke.<\/p>\n<ul>\n<li style=\"list-style-type: none;\">\n<ul>\n<li><strong>Prilagodljivo:<\/strong> Varjene cilindre s T-kosom je mogo\u010de prilagoditi specifi\u010dnim aplikacijam. Cilindri so na voljo v razli\u010dnih velikostih in oblikah ter jih je mogo\u010de izdelati tako, da ustrezajo specifi\u010dnim zahtevam aplikacije.<\/li>\n<\/ul>\n<\/li>\n<\/ul>\n<p>Postopek prilagajanja omogo\u010da optimizacijo delovanja cilindra in zagotavlja, da je primeren za predvideno uporabo. Zaradi te lastnosti so varjeni cilindri s T-kosom idealni za uporabo v razli\u010dnih industrijskih aplikacijah, vklju\u010dno z gradbeni\u0161tvom, rudarstvom in ravnanjem z materiali.<\/p>\n<ul>\n<li style=\"list-style-type: none;\">\n<ul>\n<li><strong>Stro\u0161kovno u\u010dinkovito:<\/strong> Varjeni valji tipa T so stro\u0161kovno u\u010dinkovitej\u0161i v primerjavi z drugimi vrstami valjev. Postopek izdelave teh valjev je preprost, zaradi \u010desar so cenej\u0161i od drugih vrst valjev.<\/li>\n<\/ul>\n<\/li>\n<\/ul>\n<p>Poleg tega visoka trdnost in vzdr\u017eljivost varjenih valjev tipa T zmanj\u0161ujeta potrebo po pogostih popravilih in zamenjavah, kar prihrani stro\u0161ke vzdr\u017eevanja. Zaradi te lastnosti so priljubljena izbira za \u0161tevilne panoge, zlasti tiste z omejenim prora\u010dunom.<\/p>\n<ul>\n<li style=\"list-style-type: none;\">\n<ul>\n<li><strong>Pove\u010dana u\u010dinkovitost:<\/strong> Varjeni cilindri tipa T so zelo u\u010dinkoviti in uspe\u0161ni. Zasnova cilindra zagotavlja, da se uporabljena sila prenese neposredno na obremenitev, kar zmanj\u0161a izgubo energije in pove\u010da u\u010dinkovitost.<\/li>\n<\/ul>\n<\/li>\n<\/ul>\n<p>Varjeni spoji so mo\u010dni in togi, kar zmanj\u0161uje upogib in zagotavlja, da valj ohrani svojo obliko in strukturno celovitost tudi v ekstremnih pogojih. Zaradi te lastnosti so varjeni valji tipa T idealni za uporabo v aplikacijah, ki zahtevajo visoko u\u010dinkovitost in zanesljivost.<\/p>\n<p><img loading=\"lazy\" decoding=\"async\" class=\"size-full wp-image-974 aligncenter\" src=\"https:\/\/fmp-components.com\/wp-content\/uploads\/2024\/12\/application-of-Welded-Tee-Type-Cylinder.webp\" alt=\"uporaba varjenega valja s T-kosom\" width=\"760\" height=\"860\" title=\"\" srcset=\"https:\/\/fmp-components.com\/wp-content\/uploads\/2024\/12\/application-of-Welded-Tee-Type-Cylinder.webp 760w, https:\/\/fmp-components.com\/wp-content\/uploads\/2024\/12\/application-of-Welded-Tee-Type-Cylinder-480x543.webp 480w\" sizes=\"(min-width: 0px) and (max-width: 480px) 480px, (min-width: 481px) 760px, 100vw\" \/><\/p>\n<h2>Uporaba varjenega valja tipa T<\/h2>\n<ul>\n<li>\n<h3>Industrijski stroji in oprema<\/h3>\n<p>Varjeni T-valj se pogosto uporablja v industrijskih strojih in opremi, zlasti v hidravli\u010dnih sistemih. Valj je sestavljen iz bata in cevi valja, ki sta zvarjena skupaj v eno samo enoto. Ta zasnova ponuja ve\u010d prednosti pred drugimi vrstami valjev, kot so izbolj\u0161ana vzdr\u017eljivost, ve\u010dja trdnost in ve\u010dja natan\u010dnost.<\/p>\n<p>Ena najpomembnej\u0161ih uporab varjenih T-valjev v industrijskih strojih je njihova sposobnost zagotavljanja dosledne in natan\u010dne sile. To je bistvenega pomena za \u0161tevilne proizvodne procese, kjer je potreben natan\u010den nadzor za zagotovitev kakovosti kon\u010dnega izdelka. Varjeni T-valji se lahko uporabljajo tudi za regulacijo pretoka teko\u010din v hidravli\u010dnih sistemih, kar omogo\u010da ve\u010djo u\u010dinkovitost in zanesljivost v razli\u010dnih industrijskih aplikacijah.<\/li>\n<li>\n<h3>Kmetijska oprema<\/h3>\n<p>Varjeni T-cilinder se pogosto uporablja tudi v kmetijski opremi, kot so traktorji in \u017eetveni stroji. Ti stroji za u\u010dinkovito delovanje potrebujejo zmogljive in zanesljive hidravli\u010dne sisteme, varjeni T-cilinder pa je idealna izbira za ta namen.<\/p>\n<p>Robustna konstrukcija in visoka trdnost cilindra ga naredita zelo odpornega proti obrabi, tudi v te\u017ekih delovnih pogojih. Zaradi tega je idealna izbira za uporabo v kmetijski opremi, kjer je vzdr\u017eljivost klju\u010dnega pomena. Varjeni T-cilinder se lahko uporablja tudi za zagotavljanje natan\u010dnega nadzora, potrebnega za \u0161tevilne kmetijske procese, kot so sajenje, \u017eetev in namakanje.<\/li>\n<li>\n<h3>Gradbena oprema<\/h3>\n<p>Varjeni T-cilinder se pogosto uporablja tudi v gradbeni opremi, kot so bagri, nakladalniki in buldo\u017eerji. Ti stroji potrebujejo zmogljive in zanesljive hidravli\u010dne sisteme za opravljanje te\u017ekih nalog, kot so kopanje, dvigovanje in potiskanje te\u017ekih bremen.<\/p>\n<p>Zaradi visoke trdnosti in vzdr\u017eljivosti je varjeni T-cilinder idealna izbira za uporabo v gradbeni opremi. Njegova sposobnost zagotavljanja natan\u010dnega nadzora in konstantne sile je bistvenega pomena za \u0161tevilne gradbene procese, kot so izkopavanje, niveliranje in tlakovanje. Varjeni T-cilinder se lahko uporablja tudi za regulacijo pretoka teko\u010din v hidravli\u010dnih sistemih, kar izbolj\u0161a u\u010dinkovitost in zanesljivost gradbene opreme v razli\u010dnih aplikacijah.<\/li>\n<\/ul>\n<h3>O FMP-ju<\/h3>\n<p>FMP je \u017ee ve\u010d kot 30 let vodilni proizvajalec hidravli\u010dnih cilindrov z industrijskim obmo\u010djem v Italiji. Ponujamo \u0161iroko paleto izdelkov, vklju\u010dno s hidravli\u010dnimi cilindri, cilindri z u\u0161esi, dvosmernimi avtomatskimi teleskopskimi hidravli\u010dnimi cilindri in drugimi. Na\u0161e izdelke je mogo\u010de prilagoditi va\u0161im specifi\u010dnim potrebam. Z ve\u010d kot 100 kosi opreme, vklju\u010dno z avtomatskimi varilnimi stroji v za\u0161\u010ditni plinski atmosferi, stroji za globoko vrtanje in CNC stru\u017enicami, zagotavljamo kakovost na\u0161ih izdelkov vsem na\u0161im strankam.<\/p>\n<h3>Zakaj izbrati FMP?<\/h3>\n<ol>\n<li><b>Storitev oblikovanja:<\/b> Na\u0161a izku\u0161ena oblikovalska ekipa vam lahko pomaga pri vseh potrebah po oblikovanju in razvoju izdelkov, ki jih morda imate za univerzalne gredi.<\/li>\n<li><b>Storitev za izdelke:<\/b> Na\u0161i izdelki so podvr\u017eeni strogemu postopku, ki vklju\u010duje izbiro surovin, rezanje, grobo obdelavo, testiranje, \u010di\u0161\u010denje, monta\u017eo, pakiranje in transport, da zagotovimo najvi\u0161jo kakovost izdelka, ki ga prejmete.<\/li>\n<li><b>Vzorec postopka:<\/b> Vzorce lahko razvijemo v skladu z va\u0161imi zahtevami in jih nenehno spreminjamo, da ustrezajo va\u0161im potrebam. To zagotavlja, da va\u0161 kon\u010dni izdelek natan\u010dno ustreza va\u0161im specifikacijam.<\/li>\n<li><b>Raziskave in razvoj:<\/b> Nenehno preu\u010dujemo trg, da bi razvili nove modele, ki ustrezajo potrebam na\u0161ih strank. To nam omogo\u010da, da ostanemo korak pred konkurenco in na\u0161im strankam ponudimo inovativne izdelke.<\/li>\n<li><b>Prilagoditev:<\/b> Na\u0161e izdelke je mogo\u010de prilagoditi va\u0161im specifi\u010dnim zahtevam. Tesno sodelujemo z na\u0161imi strankami, da zagotovimo, da kon\u010dni izdelek natan\u010dno ustreza njihovim potrebam.<\/li>\n<\/ol>\n<p>V podjetju FMP smo zavezani k temu, da svojim strankam zagotavljamo najbolj\u0161e izdelke in storitve. Ponosni smo na na\u0161o pozornost do detajlov in postopke zagotavljanja kakovosti, s \u010dimer zagotavljamo, da na\u0161i izdelki izpolnjujejo najvi\u0161je standarde.<\/p>\n<p><img decoding=\"async\" src=\"https:\/\/fmp-components.com\/wp-content\/uploads\/2024\/12\/fmp-factory-4.webp\" alt=\"Tovarna FMP\" width=\"800\" title=\"\"><br \/>\nAvtor: CX<\/p>","protected":false},"excerpt":{"rendered":"<p>The 10046 Professional Craftsmanship Tractor Hydraulic Cylinder is designed specifically for agricultural applications, providing exceptional performance and durability for tractors and trailers. This hydraulic cylinder combines expert engineering with high-quality materials to enhance the efficiency and reliability of your agricultural machinery. Key Features: Professional Craftsmanship: Manufactured with precision to ensure optimal performance and longevity in [&hellip;]<\/p>","protected":false},"featured_media":1132,"comment_status":"closed","ping_status":"closed","template":"","meta":{"_et_pb_use_builder":"","_et_pb_old_content":"","_et_gb_content_width":""},"product_brand":[],"product_cat":[31],"product_tag":[34,35],"class_list":{"0":"post-966","1":"product","2":"type-product","3":"status-publish","4":"has-post-thumbnail","6":"product_cat-welded-tee-type-cylinder","7":"product_tag-hydraulic-cylinder","8":"product_tag-welded-tee-type-cylinder","10":"first","11":"instock","12":"product-type-simple"},"_links":{"self":[{"href":"https:\/\/fmp-components.com\/sl\/wp-json\/wp\/v2\/product\/966","targetHints":{"allow":["GET"]}}],"collection":[{"href":"https:\/\/fmp-components.com\/sl\/wp-json\/wp\/v2\/product"}],"about":[{"href":"https:\/\/fmp-components.com\/sl\/wp-json\/wp\/v2\/types\/product"}],"replies":[{"embeddable":true,"href":"https:\/\/fmp-components.com\/sl\/wp-json\/wp\/v2\/comments?post=966"}],"wp:featuredmedia":[{"embeddable":true,"href":"https:\/\/fmp-components.com\/sl\/wp-json\/wp\/v2\/media\/1132"}],"wp:attachment":[{"href":"https:\/\/fmp-components.com\/sl\/wp-json\/wp\/v2\/media?parent=966"}],"wp:term":[{"taxonomy":"product_brand","embeddable":true,"href":"https:\/\/fmp-components.com\/sl\/wp-json\/wp\/v2\/product_brand?post=966"},{"taxonomy":"product_cat","embeddable":true,"href":"https:\/\/fmp-components.com\/sl\/wp-json\/wp\/v2\/product_cat?post=966"},{"taxonomy":"product_tag","embeddable":true,"href":"https:\/\/fmp-components.com\/sl\/wp-json\/wp\/v2\/product_tag?post=966"}],"curies":[{"name":"delovni list","href":"https:\/\/api.w.org\/{rel}","templated":true}]}}