{"id":965,"date":"2024-12-19T03:40:23","date_gmt":"2024-12-19T03:40:23","guid":{"rendered":"https:\/\/fmp-components.com\/product\/10045-double-acting-stainless-steel-hydraulic-cylinder-for-agriculture\/"},"modified":"2024-12-19T08:41:57","modified_gmt":"2024-12-19T08:41:57","slug":"10045-double-acting-stainless-steel-hydraulic-cylinder-for-agriculture","status":"publish","type":"product","link":"https:\/\/fmp-components.com\/sl\/product\/10045-double-acting-stainless-steel-hydraulic-cylinder-for-agriculture\/","title":{"rendered":"10045 Dvostranski hidravli\u010dni cilinder iz nerjave\u010dega jekla za kmetijstvo"},"content":{"rendered":"<p>Predstavljamo vam dvosmerno delujo\u010di hidravli\u010dni cilinder iz nerjave\u010dega jekla FMP 10045, posebej zasnovan za kmetijsko uporabo. Ta zelo robusten in vzdr\u017eljiv cilinder, izdelan iz vrhunskega nerjave\u010dega jekla, zagotavlja dolgotrajno delovanje tudi v najte\u017ejih pogojih.<\/p>\n<p>Klju\u010dne specifikacije tega hidravli\u010dnega cilindra vklju\u010dujejo spremenljive dimenzije, veliko zmogljivost in optimalno nosilnost. Njegove edinstvene prednosti so energetska u\u010dinkovitost, visoka zmogljivost in varnostne funkcije, zaradi \u010desar je stro\u0161kovno u\u010dinkovita izbira za hidravli\u010dne sisteme, povezane s kmetijstvom.<\/p>\n<p>Ta hidravli\u010dni cilinder, ki deluje na principu hidravli\u010dne sile, pretvarja tlak v linearno gibanje in ustvarja mehansko silo z mo\u010djo hidravli\u010dne teko\u010dine pod tlakom.<\/p>\n<p>Dvostranski hidravli\u010dni cilinder iz nerjave\u010dega jekla 10045 se pogosto uporablja v razli\u010dnih kmetijskih strojih, vklju\u010dno s traktorji, kombajni in plu\u017eno opremo.<\/p>\n<p>FMP se je od takrat specializiral za proizvodnjo hidravli\u010dnih cilindrov. Na\u0161i izdelki so zasnovani za enostavno namestitev, vzdr\u017eevanje in hitro popravilo, kar zagotavlja maksimalno delovanje va\u0161e kmetijske mehanizacije.<\/p>\n<p><img loading=\"lazy\" decoding=\"async\" class=\"alignnone size-full wp-image-976\" src=\"https:\/\/fmp-components.com\/wp-content\/uploads\/2024\/12\/Welded-Tee-Type-Cylinder2.webp\" alt=\"Varjeni valj tipa T\" width=\"764\" height=\"675\" title=\"\" srcset=\"https:\/\/fmp-components.com\/wp-content\/uploads\/2024\/12\/Welded-Tee-Type-Cylinder2.webp 764w, https:\/\/fmp-components.com\/wp-content\/uploads\/2024\/12\/Welded-Tee-Type-Cylinder2-480x424.webp 480w\" sizes=\"(min-width: 0px) and (max-width: 480px) 480px, (min-width: 481px) 764px, 100vw\" \/><\/p>\n<p>Za izbiro pravega hidravli\u010dnega cilindra za va\u0161e potrebe upo\u0161tevajte dejavnike, kot so vrsta hidravli\u010dnega olja in oljnih tesnil, potreba po zamenjavi, na\u010din merjenja cilindra in na\u010din njegovega delovanja.<\/p>\n<p>FMP ponuja \u0161iroko paleto hidravli\u010dnih cilindrov za razli\u010dne aplikacije, vklju\u010dno z cilindri za delovne plo\u0161\u010dadi, hidravli\u010dnimi cilindri za industrijska vozila, cilindri za rotacijske vrtalne stroje in cilindri za avtomobilske \u017eerjave. Sprejemamo prilagoditve glede na va\u0161e posebne zahteve.<\/p>\n<p>Skratka, FMP obljublja visokokakovostne izdelke, konkuren\u010dne cene in skrbne storitve, ki bodo zadovoljile vse va\u0161e potrebe po hidravli\u010dnih cilindrih.<\/p>\n<h2>Prednosti varjenega cilindra tipa T<\/h2>\n<ul>\n<li style=\"list-style-type: none;\">\n<ul>\n<li><strong>Pove\u010dana mo\u010d:<\/strong> Varjeni cilindri tipa T so znani po svoji visoki trdnosti, zaradi \u010desar so primerni za aplikacije, ki zahtevajo dvigovanje te\u017ekih bremen. Postopek varjenja, ki se uporablja med izdelavo teh cilindrov, zagotavlja, da je cilinder brez \u0161ibkih to\u010dk in lahko prenese visok tlak in obremenitve.<\/li>\n<\/ul>\n<\/li>\n<\/ul>\n<p>Ko se na valj izvaja pritisk, se ta enakomerno porazdeli po celotni povr\u0161ini, zaradi \u010desar je odporen na deformacije. Ta lastnost zagotavlja, da valj ohrani svojo obliko in strukturno celovitost tudi v ekstremnih pogojih.<\/p>\n<ul>\n<li style=\"list-style-type: none;\">\n<ul>\n<li><strong>Prepre\u010devanje pu\u0161\u010danja:<\/strong> Varjeni cilindri s T-kosom so zasnovani tako, da prepre\u010dujejo pu\u0161\u010danje. Postopek varjenja, ki se uporablja med izdelavo, zagotavlja, da je valj popolnoma zatesnjen in brez morebitnih pu\u0161\u010danj. Zaradi te lastnosti so primerni za uporabo v aplikacijah, kjer bi pu\u0161\u010danje lahko povzro\u010dilo resno \u0161kodo ali po\u0161kodbe.<\/li>\n<\/ul>\n<\/li>\n<\/ul>\n<p>Varjeni spoji so gladki, brez razpok ali utorov, kjer se lahko nabirajo ostanki ali umazanija, kar zmanj\u0161uje tveganje korozije in po\u0161kodb jeklenke.<\/p>\n<ul>\n<li style=\"list-style-type: none;\">\n<ul>\n<li><strong>Prilagodljivo:<\/strong> Varjene cilindre s T-kosom je mogo\u010de prilagoditi specifi\u010dnim aplikacijam. Cilindri so na voljo v razli\u010dnih velikostih in oblikah ter jih je mogo\u010de izdelati tako, da ustrezajo specifi\u010dnim zahtevam aplikacije.<\/li>\n<\/ul>\n<\/li>\n<\/ul>\n<p>Postopek prilagajanja omogo\u010da optimizacijo delovanja cilindra in zagotavlja, da je primeren za predvideno uporabo. Zaradi te lastnosti so varjeni cilindri s T-kosom idealni za uporabo v razli\u010dnih industrijskih aplikacijah, vklju\u010dno z gradbeni\u0161tvom, rudarstvom in ravnanjem z materiali.<\/p>\n<ul>\n<li style=\"list-style-type: none;\">\n<ul>\n<li><strong>Stro\u0161kovno u\u010dinkovito:<\/strong> Varjeni valji tipa T so stro\u0161kovno u\u010dinkovitej\u0161i v primerjavi z drugimi vrstami valjev. Postopek izdelave teh valjev je preprost, zaradi \u010desar so cenej\u0161i od drugih vrst valjev.<\/li>\n<\/ul>\n<\/li>\n<\/ul>\n<p>Poleg tega visoka trdnost in vzdr\u017eljivost varjenih valjev tipa T zmanj\u0161ujeta potrebo po pogostih popravilih in zamenjavah, kar prihrani stro\u0161ke vzdr\u017eevanja. Zaradi te lastnosti so priljubljena izbira za \u0161tevilne panoge, zlasti tiste z omejenim prora\u010dunom.<\/p>\n<ul>\n<li style=\"list-style-type: none;\">\n<ul>\n<li><strong>Pove\u010dana u\u010dinkovitost:<\/strong> Varjeni cilindri tipa T so zelo u\u010dinkoviti in uspe\u0161ni. Zasnova cilindra zagotavlja, da se uporabljena sila prenese neposredno na obremenitev, kar zmanj\u0161a izgubo energije in pove\u010da u\u010dinkovitost.<\/li>\n<\/ul>\n<\/li>\n<\/ul>\n<p>Varjeni spoji so mo\u010dni in togi, kar zmanj\u0161uje upogib in zagotavlja, da valj ohrani svojo obliko in strukturno celovitost tudi v ekstremnih pogojih. Zaradi te lastnosti so varjeni valji tipa T idealni za uporabo v aplikacijah, ki zahtevajo visoko u\u010dinkovitost in zanesljivost.<\/p>\n<p><img loading=\"lazy\" decoding=\"async\" class=\"alignnone size-full wp-image-975\" src=\"https:\/\/fmp-components.com\/wp-content\/uploads\/2024\/12\/Welded-Tee-Type-Cylinder1.webp\" alt=\"Varjeni valj tipa T\" width=\"759\" height=\"761\" title=\"\" srcset=\"https:\/\/fmp-components.com\/wp-content\/uploads\/2024\/12\/Welded-Tee-Type-Cylinder1.webp 759w, https:\/\/fmp-components.com\/wp-content\/uploads\/2024\/12\/Welded-Tee-Type-Cylinder1-480x481.webp 480w\" sizes=\"(min-width: 0px) and (max-width: 480px) 480px, (min-width: 481px) 759px, 100vw\" \/><\/p>\n<h2>Uporaba varjenega valja tipa T<\/h2>\n<ul>\n<li>\n<h3>Industrijski stroji in oprema<\/h3>\n<p>Varjeni T-valj se pogosto uporablja v industrijskih strojih in opremi, zlasti v hidravli\u010dnih sistemih. Valj je sestavljen iz bata in cevi valja, ki sta zvarjena skupaj v eno samo enoto. Ta zasnova ponuja ve\u010d prednosti pred drugimi vrstami valjev, kot so izbolj\u0161ana vzdr\u017eljivost, ve\u010dja trdnost in ve\u010dja natan\u010dnost.<\/p>\n<p>Ena najpomembnej\u0161ih uporab varjenih T-valjev v industrijskih strojih je njihova sposobnost zagotavljanja dosledne in natan\u010dne sile. To je bistvenega pomena za \u0161tevilne proizvodne procese, kjer je potreben natan\u010den nadzor za zagotovitev kakovosti kon\u010dnega izdelka. Varjeni T-valji se lahko uporabljajo tudi za regulacijo pretoka teko\u010din v hidravli\u010dnih sistemih, kar omogo\u010da ve\u010djo u\u010dinkovitost in zanesljivost v razli\u010dnih industrijskih aplikacijah.<\/li>\n<li>\n<h3>Kmetijska oprema<\/h3>\n<p>Varjeni T-cilinder se pogosto uporablja tudi v kmetijski opremi, kot so traktorji in \u017eetveni stroji. Ti stroji za u\u010dinkovito delovanje potrebujejo zmogljive in zanesljive hidravli\u010dne sisteme, varjeni T-cilinder pa je idealna izbira za ta namen.<\/p>\n<p>Robustna konstrukcija in visoka trdnost cilindra ga naredita zelo odpornega proti obrabi, tudi v te\u017ekih delovnih pogojih. Zaradi tega je idealna izbira za uporabo v kmetijski opremi, kjer je vzdr\u017eljivost klju\u010dnega pomena. Varjeni T-cilinder se lahko uporablja tudi za zagotavljanje natan\u010dnega nadzora, potrebnega za \u0161tevilne kmetijske procese, kot so sajenje, \u017eetev in namakanje.<\/li>\n<li>\n<h3>Gradbena oprema<\/h3>\n<p>Varjeni T-cilinder se pogosto uporablja tudi v gradbeni opremi, kot so bagri, nakladalniki in buldo\u017eerji. Ti stroji potrebujejo zmogljive in zanesljive hidravli\u010dne sisteme za opravljanje te\u017ekih nalog, kot so kopanje, dvigovanje in potiskanje te\u017ekih bremen.<\/p>\n<p>Zaradi visoke trdnosti in vzdr\u017eljivosti je varjeni T-cilinder idealna izbira za uporabo v gradbeni opremi. Njegova sposobnost zagotavljanja natan\u010dnega nadzora in konstantne sile je bistvenega pomena za \u0161tevilne gradbene procese, kot so izkopavanje, niveliranje in tlakovanje. Varjeni T-cilinder se lahko uporablja tudi za regulacijo pretoka teko\u010din v hidravli\u010dnih sistemih, kar izbolj\u0161a u\u010dinkovitost in zanesljivost gradbene opreme v razli\u010dnih aplikacijah.<\/li>\n<\/ul>\n<h3>O FMP-ju<\/h3>\n<p>FMP, ustanovljeno pred ve\u010d kot 30 leti, je vodilni proizvajalec in dobavitelj hidravli\u010dnih cilindrov. Na\u0161e industrijsko obmo\u010dje se nahaja v Italiji in ponosni smo na najsodobnej\u0161e obrate, opremljene z ve\u010d kot 100 naprednimi stroji.<\/p>\n<p>Na\u0161a \u0161iroka paleta izdelkov vklju\u010duje:<\/p>\n<ol>\n<li>Avtomatski varilni aparat v za\u0161\u010ditni plinski atmosferi: Zagotavlja natan\u010dne in u\u010dinkovite varilne procese.<\/li>\n<li>Stroj za globoko vrtanje: Omogo\u010da natan\u010dno in globoko vrtanje za razli\u010dne aplikacije.<\/li>\n<li>CNC stru\u017enica: Zagotavlja visoko natan\u010dno obdelavo kompleksnih hidravli\u010dnih komponent.<\/li>\n<li>Cilindri\u010dni brusilnik: Zagotavlja fino obdelavo in dimenzijsko natan\u010dnost na\u0161ih hidravli\u010dnih cilindrov.<\/li>\n<li>Avtomatski \u010distilni stroj: Zagotavlja \u010disto\u010do in odstranjuje morebitne ne\u010disto\u010de iz na\u0161ih izdelkov.<\/li>\n<\/ol>\n<p>V podjetju FMP smo zavezani k zagotavljanju vrhunskih hidravli\u010dnih cilindrov na\u0161im strankam. Tukaj je nekaj klju\u010dnih prednosti izbire na\u0161ih izdelkov in storitev:<\/p>\n<p>1) Oblikovalske storitve: Na\u0161a izku\u0161ena oblikovalska ekipa je predana izpolnjevanju va\u0161ih specifi\u010dnih zahtev. Ne glede na to, ali potrebujete nov izdelek ali i\u0161\u010dete izbolj\u0161ave, smo tukaj, da vas podpremo skozi celoten proces oblikovanja in razvoja.<\/p>\n<p>2) Storitve za izdelke: Sledimo celovitemu proizvodnemu procesu, ki vklju\u010duje izbiro surovin, rezanje, grobo obdelavo, testiranje, \u010di\u0161\u010denje, monta\u017eo, pakiranje in transport. To zagotavlja, da na\u0161i izdelki izpolnjujejo najvi\u0161je standarde kakovosti in zanesljivosti.<\/p>\n<p>3) Postopek vzor\u010denja: Ponujamo razvoj vzorcev v skladu z va\u0161imi zahtevami in jih nenehno spreminjamo, da ustrezajo va\u0161im potrebam. To vam omogo\u010da, da preizkusite in ocenite na\u0161e izdelke, preden sprejmete kon\u010dno odlo\u010ditev.<\/p>\n<p>4) Raziskave in razvoj: S preu\u010devanjem novih potreb trga in razvojem inovativnih modelov hidravli\u010dnih cilindrov ostajamo korak pred drugimi. To nam omogo\u010da, da na\u0161im strankam zagotovimo najnovej\u0161e in naju\u010dinkovitej\u0161e izdelke.<\/p>\n<p>5) Prilagoditev: Specializirani smo za proizvodnjo in prodajo razli\u010dnih vrst hidravli\u010dnih cilindrov in z veseljem sprejemamo naro\u010dila po meri. Na\u0161a ekipa je predana izpolnjevanju va\u0161ih edinstvenih specifikacij in zagotavljanju re\u0161itev po meri.<\/p>\n<p><img decoding=\"async\" src=\"https:\/\/fmp-components.com\/wp-content\/uploads\/2024\/12\/fmp-factory-4.webp\" alt=\"Tovarna FMP\" width=\"800\" title=\"\"><\/p>\n<p>Avtor: CX<\/p>","protected":false},"excerpt":{"rendered":"<p>Introducing FMP&#8217;s 10045 Double Acting Stainless Steel Hydraulic Cylinder, specifically designed for agricultural applications. Made from premium stainless steel, this highly robust and durable cylinder guarantees long-lasting performance even in the toughest conditions. Key Specifications of this Hydraulic Cylinder include variable dimensions, high capacity, and optimal load capacity. Its unique advantages lie in its energy [&hellip;]<\/p>","protected":false},"featured_media":1132,"comment_status":"closed","ping_status":"closed","template":"","meta":{"_et_pb_use_builder":"","_et_pb_old_content":"","_et_gb_content_width":""},"product_brand":[],"product_cat":[31],"product_tag":[34,35],"class_list":{"0":"post-965","1":"product","2":"type-product","3":"status-publish","4":"has-post-thumbnail","6":"product_cat-welded-tee-type-cylinder","7":"product_tag-hydraulic-cylinder","8":"product_tag-welded-tee-type-cylinder","10":"first","11":"instock","12":"product-type-simple"},"_links":{"self":[{"href":"https:\/\/fmp-components.com\/sl\/wp-json\/wp\/v2\/product\/965","targetHints":{"allow":["GET"]}}],"collection":[{"href":"https:\/\/fmp-components.com\/sl\/wp-json\/wp\/v2\/product"}],"about":[{"href":"https:\/\/fmp-components.com\/sl\/wp-json\/wp\/v2\/types\/product"}],"replies":[{"embeddable":true,"href":"https:\/\/fmp-components.com\/sl\/wp-json\/wp\/v2\/comments?post=965"}],"wp:featuredmedia":[{"embeddable":true,"href":"https:\/\/fmp-components.com\/sl\/wp-json\/wp\/v2\/media\/1132"}],"wp:attachment":[{"href":"https:\/\/fmp-components.com\/sl\/wp-json\/wp\/v2\/media?parent=965"}],"wp:term":[{"taxonomy":"product_brand","embeddable":true,"href":"https:\/\/fmp-components.com\/sl\/wp-json\/wp\/v2\/product_brand?post=965"},{"taxonomy":"product_cat","embeddable":true,"href":"https:\/\/fmp-components.com\/sl\/wp-json\/wp\/v2\/product_cat?post=965"},{"taxonomy":"product_tag","embeddable":true,"href":"https:\/\/fmp-components.com\/sl\/wp-json\/wp\/v2\/product_tag?post=965"}],"curies":[{"name":"delovni list","href":"https:\/\/api.w.org\/{rel}","templated":true}]}}