{"id":962,"date":"2024-12-19T03:40:23","date_gmt":"2024-12-19T03:40:23","guid":{"rendered":"https:\/\/fmp-components.com\/product\/10042-quality-assurance-tractor-welded-piston-hydraulic-cylinder\/"},"modified":"2024-12-19T08:41:01","modified_gmt":"2024-12-19T08:41:01","slug":"10042-quality-assurance-tractor-welded-piston-hydraulic-cylinder","status":"publish","type":"product","link":"https:\/\/fmp-components.com\/sl\/product\/10042-quality-assurance-tractor-welded-piston-hydraulic-cylinder\/","title":{"rendered":"10042 Zagotavljanje kakovosti traktorja z varjenim batom hidravli\u010dnega cilindra"},"content":{"rendered":"<p>Hidravli\u010dni cilinder 10042 Quality Assurance z varjenim batom za traktorje je zasnovan za zanesljivost in zmogljivost v kmetijski uporabi. Ta hidravli\u010dni cilinder je zasnovan tako, da zagotavlja robustne zmogljivosti dvigovanja in potiskanja za traktorje, kar zagotavlja u\u010dinkovito delovanje pri razli\u010dnih kmetijskih opravilih.<\/p>\n<h4>Klju\u010dne lastnosti:<\/h4>\n<ul>\n<li><strong>Varjena zasnova bata<\/strong>Izdelan z varjenim batom za ve\u010djo trdnost in vzdr\u017eljivost, zaradi \u010desar je primeren za te\u017eka dela.<\/li>\n<li><strong>Zagotavljanje kakovosti<\/strong>Izdelano pod strogim nadzorom kakovosti, da se zagotovi visoka zmogljivost in dolga \u017eivljenjsko doba v zahtevnih okoljih.<\/li>\n<li><strong>Visoka nosilnost<\/strong>Zmo\u017een prena\u0161anja znatnih bremen, idealen za zahtevna kmetijska dela.<\/li>\n<li><strong>Odporna proti koroziji povr\u0161ina<\/strong>Prevle\u010den za za\u0161\u010dito pred rjo in korozijo, kar zagotavlja dolgotrajno zanesljivost v zunanjih pogojih.<\/li>\n<li><strong>Enostavna namestitev<\/strong>Zasnovan za enostavno integracijo v obstoje\u010de sisteme traktorjev, kar omogo\u010da hitro nastavitev in minimalen \u010das izpada.<\/li>\n<\/ul>\n<p><img loading=\"lazy\" decoding=\"async\" class=\"alignnone size-full wp-image-976\" src=\"https:\/\/fmp-components.com\/wp-content\/uploads\/2024\/12\/Welded-Tee-Type-Cylinder2.webp\" alt=\"Varjeni valj tipa T\" width=\"764\" height=\"675\" title=\"\" srcset=\"https:\/\/fmp-components.com\/wp-content\/uploads\/2024\/12\/Welded-Tee-Type-Cylinder2.webp 764w, https:\/\/fmp-components.com\/wp-content\/uploads\/2024\/12\/Welded-Tee-Type-Cylinder2-480x424.webp 480w\" sizes=\"(min-width: 0px) and (max-width: 480px) 480px, (min-width: 481px) 764px, 100vw\" \/><\/p>\n<h4>Prednosti:<\/h4>\n<ul>\n<li><strong>Pove\u010dana u\u010dinkovitost<\/strong>Izbolj\u0161a operativno u\u010dinkovitost traktorjev, kar omogo\u010da bolj gladko in mo\u010dnej\u0161e gibanje.<\/li>\n<li><strong>Vsestranske uporabe<\/strong>Primeren za razli\u010dna kmetijska opravila, zaradi \u010desar je vsestranska izbira za kmete in upravljavce.<\/li>\n<li><strong>Zni\u017eani stro\u0161ki vzdr\u017eevanja<\/strong>Trpe\u017ena konstrukcija zmanj\u0161uje obrabo, kar vodi do ni\u017ejih stro\u0161kov vzdr\u017eevanja in zamenjave.<\/li>\n<\/ul>\n<p>Hidravli\u010dni cilinder z varjenim batom za traktor 10042 Quality Assurance je bistvena komponenta sodobnih traktorjev, ki zagotavlja zanesljivo delovanje in u\u010dinkovitost pri kmetijskih opravilih. Zaradi robustne zasnove in zavezanosti kakovosti je dragocen dodatek k vsaki ponudbi kmetijske opreme.<\/p>\n<h2>Prednosti varjenega cilindra tipa T<\/h2>\n<ul>\n<li style=\"list-style-type: none;\">\n<ul>\n<li><strong>Pove\u010dana mo\u010d:<\/strong> Varjeni cilindri tipa T so znani po svoji visoki trdnosti, zaradi \u010desar so primerni za aplikacije, ki zahtevajo dvigovanje te\u017ekih bremen. Postopek varjenja, ki se uporablja med izdelavo teh cilindrov, zagotavlja, da je cilinder brez \u0161ibkih to\u010dk in lahko prenese visok tlak in obremenitve.<\/li>\n<\/ul>\n<\/li>\n<\/ul>\n<p>Ko se na valj izvaja pritisk, se ta enakomerno porazdeli po celotni povr\u0161ini, zaradi \u010desar je odporen na deformacije. Ta lastnost zagotavlja, da valj ohrani svojo obliko in strukturno celovitost tudi v ekstremnih pogojih.<\/p>\n<ul>\n<li style=\"list-style-type: none;\">\n<ul>\n<li><strong>Prepre\u010devanje pu\u0161\u010danja:<\/strong> Varjeni cilindri s T-kosom so zasnovani tako, da prepre\u010dujejo pu\u0161\u010danje. Postopek varjenja, ki se uporablja med izdelavo, zagotavlja, da je valj popolnoma zatesnjen in brez morebitnih pu\u0161\u010danj. Zaradi te lastnosti so primerni za uporabo v aplikacijah, kjer bi pu\u0161\u010danje lahko povzro\u010dilo resno \u0161kodo ali po\u0161kodbe.<\/li>\n<\/ul>\n<\/li>\n<\/ul>\n<p>Varjeni spoji so gladki, brez razpok ali utorov, kjer se lahko nabirajo ostanki ali umazanija, kar zmanj\u0161uje tveganje korozije in po\u0161kodb jeklenke.<\/p>\n<ul>\n<li style=\"list-style-type: none;\">\n<ul>\n<li><strong>Prilagodljivo:<\/strong> Varjene cilindre s T-kosom je mogo\u010de prilagoditi specifi\u010dnim aplikacijam. Cilindri so na voljo v razli\u010dnih velikostih in oblikah ter jih je mogo\u010de izdelati tako, da ustrezajo specifi\u010dnim zahtevam aplikacije.<\/li>\n<\/ul>\n<\/li>\n<\/ul>\n<p>Postopek prilagajanja omogo\u010da optimizacijo delovanja cilindra in zagotavlja, da je primeren za predvideno uporabo. Zaradi te lastnosti so varjeni cilindri s T-kosom idealni za uporabo v razli\u010dnih industrijskih aplikacijah, vklju\u010dno z gradbeni\u0161tvom, rudarstvom in ravnanjem z materiali.<\/p>\n<ul>\n<li style=\"list-style-type: none;\">\n<ul>\n<li><strong>Stro\u0161kovno u\u010dinkovito:<\/strong> Varjeni valji tipa T so stro\u0161kovno u\u010dinkovitej\u0161i v primerjavi z drugimi vrstami valjev. Postopek izdelave teh valjev je preprost, zaradi \u010desar so cenej\u0161i od drugih vrst valjev.<\/li>\n<\/ul>\n<\/li>\n<\/ul>\n<p>Poleg tega visoka trdnost in vzdr\u017eljivost varjenih valjev tipa T zmanj\u0161ujeta potrebo po pogostih popravilih in zamenjavah, kar prihrani stro\u0161ke vzdr\u017eevanja. Zaradi te lastnosti so priljubljena izbira za \u0161tevilne panoge, zlasti tiste z omejenim prora\u010dunom.<\/p>\n<ul>\n<li style=\"list-style-type: none;\">\n<ul>\n<li><strong>Pove\u010dana u\u010dinkovitost:<\/strong> Varjeni cilindri tipa T so zelo u\u010dinkoviti in uspe\u0161ni. Zasnova cilindra zagotavlja, da se uporabljena sila prenese neposredno na obremenitev, kar zmanj\u0161a izgubo energije in pove\u010da u\u010dinkovitost.<\/li>\n<\/ul>\n<\/li>\n<\/ul>\n<p>Varjeni spoji so mo\u010dni in togi, kar zmanj\u0161uje upogib in zagotavlja, da valj ohrani svojo obliko in strukturno celovitost tudi v ekstremnih pogojih. Zaradi te lastnosti so varjeni valji tipa T idealni za uporabo v aplikacijah, ki zahtevajo visoko u\u010dinkovitost in zanesljivost.<\/p>\n<h2>Uporaba varjenega valja tipa T<\/h2>\n<ul>\n<li>\n<h3>Industrijski stroji in oprema<\/h3>\n<p>Varjeni T-valj se pogosto uporablja v industrijskih strojih in opremi, zlasti v hidravli\u010dnih sistemih. Valj je sestavljen iz bata in cevi valja, ki sta zvarjena skupaj v eno samo enoto. Ta zasnova ponuja ve\u010d prednosti pred drugimi vrstami valjev, kot so izbolj\u0161ana vzdr\u017eljivost, ve\u010dja trdnost in ve\u010dja natan\u010dnost.<\/p>\n<p>Ena najpomembnej\u0161ih uporab varjenih T-valjev v industrijskih strojih je njihova sposobnost zagotavljanja dosledne in natan\u010dne sile. To je bistvenega pomena za \u0161tevilne proizvodne procese, kjer je potreben natan\u010den nadzor za zagotovitev kakovosti kon\u010dnega izdelka. Varjeni T-valji se lahko uporabljajo tudi za regulacijo pretoka teko\u010din v hidravli\u010dnih sistemih, kar omogo\u010da ve\u010djo u\u010dinkovitost in zanesljivost v razli\u010dnih industrijskih aplikacijah.<\/li>\n<li>\n<h3>Kmetijska oprema<\/h3>\n<p>Varjeni T-cilinder se pogosto uporablja tudi v kmetijski opremi, kot so traktorji in \u017eetveni stroji. Ti stroji za u\u010dinkovito delovanje potrebujejo zmogljive in zanesljive hidravli\u010dne sisteme, varjeni T-cilinder pa je idealna izbira za ta namen.<\/p>\n<p>Robustna konstrukcija in visoka trdnost cilindra ga naredita zelo odpornega proti obrabi, tudi v te\u017ekih delovnih pogojih. Zaradi tega je idealna izbira za uporabo v kmetijski opremi, kjer je vzdr\u017eljivost klju\u010dnega pomena. Varjeni T-cilinder se lahko uporablja tudi za zagotavljanje natan\u010dnega nadzora, potrebnega za \u0161tevilne kmetijske procese, kot so sajenje, \u017eetev in namakanje.<\/li>\n<li>\n<h3>Gradbena oprema<\/h3>\n<p>Varjeni T-cilinder se pogosto uporablja tudi v gradbeni opremi, kot so bagri, nakladalniki in buldo\u017eerji. Ti stroji potrebujejo zmogljive in zanesljive hidravli\u010dne sisteme za opravljanje te\u017ekih nalog, kot so kopanje, dvigovanje in potiskanje te\u017ekih bremen.<\/p>\n<p>Zaradi visoke trdnosti in vzdr\u017eljivosti je varjeni T-cilinder idealna izbira za uporabo v gradbeni opremi. Njegova sposobnost zagotavljanja natan\u010dnega nadzora in konstantne sile je bistvenega pomena za \u0161tevilne gradbene procese, kot so izkopavanje, niveliranje in tlakovanje. Varjeni T-cilinder se lahko uporablja tudi za regulacijo pretoka teko\u010din v hidravli\u010dnih sistemih, kar izbolj\u0161a u\u010dinkovitost in zanesljivost gradbene opreme v razli\u010dnih aplikacijah.<\/li>\n<\/ul>\n<h3>O FMP-ju<\/h3>\n<p>FMP je \u017ee ve\u010d kot 30 let vodilni proizvajalec hidravli\u010dnih cilindrov. Na\u0161e industrijsko obmo\u010dje se nahaja v Italiji in ponosni smo na ve\u010d kot 100 enot opreme, med drugim predvsem avtomatske varilne stroje v za\u0161\u010ditni plinski atmosferi, stroje za globoko vrtanje in CNC stru\u017enice.<\/p>\n<p>Ponujamo \u0161iroko paleto hidravli\u010dnih cilindrov, vklju\u010dno z cilindri z uhani, dvosmernimi avtomatskimi teleskopskimi hidravli\u010dnimi cilindri in drugimi. Vsak valj je podvr\u017een strogi obdelavi in \u200b\u200bpregledu, da na\u0161im strankam zagotovimo dobro kakovost.<\/p>\n<p>Tukaj je nekaj razlogov, zakaj bi morali izbrati FMP za va\u0161e potrebe po hidravli\u010dnih cilindrih:<\/p>\n<ol>\n<li><strong>Storitev oblikovanja:<\/strong> Na\u0161a izku\u0161ena oblikovalska ekipa vam lahko pomaga pri razvoju novih izdelkov ali izbolj\u0161avah izdelkov.<\/li>\n<li><strong>Storitev za izdelke:<\/strong> Poskrbimo za celoten proizvodni proces, od surovin do transporta, in zagotavljamo visokokakovostne izdelke.<\/li>\n<li><strong>Vzorec postopka:<\/strong> Vzorce lahko razvijemo glede na va\u0161e specifi\u010dne zahteve in jih nenehno spreminjamo, da ustrezajo va\u0161im potrebam.<\/li>\n<li><strong>Raziskave in razvoj:<\/strong> Nenehno preu\u010dujemo trg in razvijamo nove modele za na\u0161e stranke.<\/li>\n<li><strong>Najsodobnej\u0161a oprema:<\/strong> Na\u0161a tovarna je opremljena z najnovej\u0161imi in najnaprednej\u0161imi stroji, vklju\u010dno z avtomatskimi \u010distilnimi stroji, avtomatskimi monta\u017enimi stroji in avtomatskimi preskusnimi mizami za delovanje hidravli\u010dnih cilindrov.<\/li>\n<\/ol>\n<p>Pri FMP smo zavezani k zagotavljanju visokokakovostnih hidravli\u010dnih cilindrov in odli\u010dne storitve na\u0161im strankam. Za ve\u010d informacij o tem, kako vam lahko pomagamo izpolniti va\u0161e potrebe po hidravli\u010dnih cilindrih, nas kontaktirajte \u0161e danes.<\/p>\n<p><img decoding=\"async\" src=\"https:\/\/fmp-components.com\/wp-content\/uploads\/2024\/12\/fmp-factory-4.webp\" alt=\"Tovarna FMP\" width=\"800\" title=\"\"><br \/>\nAvtor: CX<\/p>","protected":false},"excerpt":{"rendered":"<p>The 10042 Quality Assurance Tractor Welded Piston Hydraulic Cylinder is engineered for reliability and performance in agricultural applications. This hydraulic cylinder is designed to provide robust lifting and pushing capabilities for tractors, ensuring efficient operation in a variety of farming tasks. Key Features: Welded Piston Design: Constructed with a welded piston for enhanced strength and [&hellip;]<\/p>","protected":false},"featured_media":1132,"comment_status":"closed","ping_status":"closed","template":"","meta":{"_et_pb_use_builder":"","_et_pb_old_content":"","_et_gb_content_width":""},"product_brand":[],"product_cat":[31],"product_tag":[34,35],"class_list":{"0":"post-962","1":"product","2":"type-product","3":"status-publish","4":"has-post-thumbnail","6":"product_cat-welded-tee-type-cylinder","7":"product_tag-hydraulic-cylinder","8":"product_tag-welded-tee-type-cylinder","10":"first","11":"instock","12":"product-type-simple"},"_links":{"self":[{"href":"https:\/\/fmp-components.com\/sl\/wp-json\/wp\/v2\/product\/962","targetHints":{"allow":["GET"]}}],"collection":[{"href":"https:\/\/fmp-components.com\/sl\/wp-json\/wp\/v2\/product"}],"about":[{"href":"https:\/\/fmp-components.com\/sl\/wp-json\/wp\/v2\/types\/product"}],"replies":[{"embeddable":true,"href":"https:\/\/fmp-components.com\/sl\/wp-json\/wp\/v2\/comments?post=962"}],"wp:featuredmedia":[{"embeddable":true,"href":"https:\/\/fmp-components.com\/sl\/wp-json\/wp\/v2\/media\/1132"}],"wp:attachment":[{"href":"https:\/\/fmp-components.com\/sl\/wp-json\/wp\/v2\/media?parent=962"}],"wp:term":[{"taxonomy":"product_brand","embeddable":true,"href":"https:\/\/fmp-components.com\/sl\/wp-json\/wp\/v2\/product_brand?post=962"},{"taxonomy":"product_cat","embeddable":true,"href":"https:\/\/fmp-components.com\/sl\/wp-json\/wp\/v2\/product_cat?post=962"},{"taxonomy":"product_tag","embeddable":true,"href":"https:\/\/fmp-components.com\/sl\/wp-json\/wp\/v2\/product_tag?post=962"}],"curies":[{"name":"delovni list","href":"https:\/\/api.w.org\/{rel}","templated":true}]}}