{"id":960,"date":"2024-12-19T03:40:23","date_gmt":"2024-12-19T03:40:23","guid":{"rendered":"https:\/\/fmp-components.com\/product\/10040-professional-small-piston-hydraulic-cylinders-for-agriculture\/"},"modified":"2024-12-19T08:39:23","modified_gmt":"2024-12-19T08:39:23","slug":"10040-professional-small-piston-hydraulic-cylinders-for-agriculture","status":"publish","type":"product","link":"https:\/\/fmp-components.com\/sl\/product\/10040-professional-small-piston-hydraulic-cylinders-for-agriculture\/","title":{"rendered":"10040 Profesionalni hidravli\u010dni cilindri z majhnimi bati za kmetijstvo"},"content":{"rendered":"<p>Profesionalni hidravli\u010dni cilindri z majhnimi bati 10040 so zasnovani za kmetijsko uporabo in ponujajo zanesljivo delovanje ter vzdr\u017eljivost. Ti hidravli\u010dni cilindri so zasnovani za u\u010dinkovito dvigovanje, potiskanje in vle\u010denje te\u017ekih bremen, zaradi \u010desar so idealni za razli\u010dno kmetijsko opremo, vklju\u010dno s traktorji, kombajni in drugimi stroji.<\/p>\n<h4>Klju\u010dne lastnosti:<\/h4>\n<ul>\n<li><strong>Kompaktna zasnova<\/strong>Majhna velikost bata omogo\u010da enostavno integracijo v tesne prostore, hkrati pa ohranja robustne dvi\u017ene zmogljivosti.<\/li>\n<li><strong>Visoka u\u010dinkovitost<\/strong>Zasnovan za optimizacijo pretoka hidravli\u010dne teko\u010dine, kar zagotavlja nemoteno in u\u010dinkovito delovanje.<\/li>\n<li><strong>Trpe\u017ena konstrukcija<\/strong>Izdelano iz visokokakovostnih materialov, ki so odporni proti obrabi in zagotavljajo dolgo \u017eivljenjsko dobo tudi v zahtevnih okoljih.<\/li>\n<li><strong>Vsestranske uporabe<\/strong>Primerno za \u0161irok spekter kmetijskih opravil, od dvigovanja priklju\u010dkov do pogona hidravli\u010dnih sistemov.<\/li>\n<li><strong>Enostavna namestitev<\/strong>Uporabniku prijazna zasnova z enostavnimi mo\u017enostmi monta\u017ee za enostavno namestitev.<\/li>\n<\/ul>\n<p><img decoding=\"async\" src=\"https:\/\/hzpt.com\/wp-content\/uploads\/2023\/12\/random-1.webp?v=1694163707\" alt=\"\" title=\"\"><\/p>\n<h4>Prednosti:<\/h4>\n<ul>\n<li><strong>Pove\u010dana produktivnost<\/strong>Izbolj\u0161ati operativno u\u010dinkovitost pri kmetijskih nalogah.<\/li>\n<li><strong>Stro\u0161kovno u\u010dinkovito<\/strong>Zaradi trpe\u017ene zasnove zmanj\u0161uje potrebo po obse\u017enem vzdr\u017eevanju.<\/li>\n<li><strong>Varnostne funkcije<\/strong>Vklju\u010duje varnostne mehanizme za prepre\u010devanje preobremenitve in zagotavljanje varnega delovanja.<\/li>\n<\/ul>\n<p>Ti hidravli\u010dni cilindri so bistvena komponenta sodobne kmetijske prakse, saj zagotavljajo zmogljivost in zanesljivost, ki ju potrebujete za uspe\u0161no kmetijsko delo.<\/p>\n<h2>Prednosti varjenega cilindra tipa T<\/h2>\n<ul>\n<li style=\"list-style-type: none;\">\n<ul>\n<li><strong>Pove\u010dana mo\u010d:<\/strong> Varjeni cilindri tipa T so znani po svoji visoki trdnosti, zaradi \u010desar so primerni za aplikacije, ki zahtevajo dvigovanje te\u017ekih bremen. Postopek varjenja, ki se uporablja med izdelavo teh cilindrov, zagotavlja, da je cilinder brez \u0161ibkih to\u010dk in lahko prenese visok tlak in obremenitve.<\/li>\n<\/ul>\n<\/li>\n<\/ul>\n<p>Ko se na valj izvaja pritisk, se ta enakomerno porazdeli po celotni povr\u0161ini, zaradi \u010desar je odporen na deformacije. Ta lastnost zagotavlja, da valj ohrani svojo obliko in strukturno celovitost tudi v ekstremnih pogojih.<\/p>\n<ul>\n<li style=\"list-style-type: none;\">\n<ul>\n<li><strong>Prepre\u010devanje pu\u0161\u010danja:<\/strong> Varjeni cilindri s T-kosom so zasnovani tako, da prepre\u010dujejo pu\u0161\u010danje. Postopek varjenja, ki se uporablja med izdelavo, zagotavlja, da je valj popolnoma zatesnjen in brez morebitnih pu\u0161\u010danj. Zaradi te lastnosti so primerni za uporabo v aplikacijah, kjer bi pu\u0161\u010danje lahko povzro\u010dilo resno \u0161kodo ali po\u0161kodbe.<\/li>\n<\/ul>\n<\/li>\n<\/ul>\n<p>Varjeni spoji so gladki, brez razpok ali utorov, kjer se lahko nabirajo ostanki ali umazanija, kar zmanj\u0161uje tveganje korozije in po\u0161kodb jeklenke.<\/p>\n<ul>\n<li style=\"list-style-type: none;\">\n<ul>\n<li><strong>Prilagodljivo:<\/strong> Varjene cilindre s T-kosom je mogo\u010de prilagoditi specifi\u010dnim aplikacijam. Cilindri so na voljo v razli\u010dnih velikostih in oblikah ter jih je mogo\u010de izdelati tako, da ustrezajo specifi\u010dnim zahtevam aplikacije.<\/li>\n<\/ul>\n<\/li>\n<\/ul>\n<p>Postopek prilagajanja omogo\u010da optimizacijo delovanja cilindra in zagotavlja, da je primeren za predvideno uporabo. Zaradi te lastnosti so varjeni cilindri s T-kosom idealni za uporabo v razli\u010dnih industrijskih aplikacijah, vklju\u010dno z gradbeni\u0161tvom, rudarstvom in ravnanjem z materiali.<\/p>\n<ul>\n<li style=\"list-style-type: none;\">\n<ul>\n<li><strong>Stro\u0161kovno u\u010dinkovito:<\/strong> Varjeni valji tipa T so stro\u0161kovno u\u010dinkovitej\u0161i v primerjavi z drugimi vrstami valjev. Postopek izdelave teh valjev je preprost, zaradi \u010desar so cenej\u0161i od drugih vrst valjev.<\/li>\n<\/ul>\n<\/li>\n<\/ul>\n<p>Poleg tega visoka trdnost in vzdr\u017eljivost varjenih valjev tipa T zmanj\u0161ujeta potrebo po pogostih popravilih in zamenjavah, kar prihrani stro\u0161ke vzdr\u017eevanja. Zaradi te lastnosti so priljubljena izbira za \u0161tevilne panoge, zlasti tiste z omejenim prora\u010dunom.<\/p>\n<ul>\n<li style=\"list-style-type: none;\">\n<ul>\n<li><strong>Pove\u010dana u\u010dinkovitost:<\/strong> Varjeni cilindri tipa T so zelo u\u010dinkoviti in uspe\u0161ni. Zasnova cilindra zagotavlja, da se uporabljena sila prenese neposredno na obremenitev, kar zmanj\u0161a izgubo energije in pove\u010da u\u010dinkovitost.<\/li>\n<\/ul>\n<\/li>\n<\/ul>\n<p>Varjeni spoji so mo\u010dni in togi, kar zmanj\u0161uje upogib in zagotavlja, da valj ohrani svojo obliko in strukturno celovitost tudi v ekstremnih pogojih. Zaradi te lastnosti so varjeni valji tipa T idealni za uporabo v aplikacijah, ki zahtevajo visoko u\u010dinkovitost in zanesljivost.<\/p>\n<p><img decoding=\"async\" class=\"aligncenter\" src=\"https:\/\/hzpt.com\/wp-content\/uploads\/2023\/12\/random-4.webp\" alt=\"\" title=\"\"><\/p>\n<h2>Uporaba varjenega valja tipa T<\/h2>\n<ol>\n<li>\n<h3>Avtomobilska industrija<\/h3>\n<p>Varjeni cilindri tipa T se pogosto uporabljajo v avtomobilski industriji. Uporabljajo se v avtomobilskih vratih, dvigalih pokrova motorja in prtlja\u017enika, strehah kabrioletov in servo volanskih sistemih. Ti cilindri so priljubljeni zaradi svoje sposobnosti zagotavljanja visoke izhodne sile z majhnimi prostorskimi potrebami. Zasnova cilindra tipa T je zelo primerna za aplikacije, kjer je treba silo prenesti v dve razli\u010dni smeri.<\/p>\n<p>Poleg tega varjena konstrukcija teh valjev omogo\u010da delovanje pri visokih temperaturah in tlakih brez pu\u0161\u010danja. Zaradi tega so primerni za uporabo v motorjih, menjalnikih in zavornih sistemih.<\/li>\n<li>\n<h3>Predelovalna industrija<\/h3>\n<p>Varjeni cilindri s T-kosom se uporabljajo tudi v predelovalni industriji. Uporabljajo se v hidravli\u010dnih stiskalnicah, kova\u0161kih strojih in strojih za rezanje kovin. Zaradi visoke izhodne sile teh cilindrov so idealni za aplikacije, kjer je potrebna velika sila v majhnem prostoru.<\/p>\n<p>Zasnova valja s T-obliko je zelo primerna tudi za aplikacije, kjer je treba silo prenesti v dve razli\u010dni smeri. Na primer, v hidravli\u010dni stiskalnici se lahko valj s T-obliko uporablja za nana\u0161anje sile tako navpi\u010dno kot vodoravno, kar omogo\u010da bolj zapletene proizvodne procese.<\/li>\n<li>\n<h3>Letalska in vesoljska industrija<\/h3>\n<p>Varjeni cilindri s T-kosom se uporabljajo v letalski industriji za razli\u010dne namene. Uporabljajo se v sistemih podvozja, tovornih vratih in sistemih za krmiljenje leta. Zaradi visoke izhodne sile in kompaktne zasnove teh cilindrov so idealni za uporabo v omejenem prostoru, ki je na voljo na letalu.<\/p>\n<p>Varjena konstrukcija teh jeklenk jih naredi odporne tudi na visoke tlake in temperature, ki se pojavljajo med letom. Poleg tega zasnova jeklenk tipa T omogo\u010da prenos sile v dve razli\u010dni smeri, zaradi \u010desar so zelo primerne za aplikacije, kjer je treba silo uporabiti pod kotom.<\/li>\n<li>\n<h3>Gradbena industrija<\/h3>\n<p>Varjeni cilindri s T-kosom se uporabljajo v gradbeni industriji za dvigovanje in premikanje te\u017ekih bremen. Uporabljajo se v \u017eerjavih, bagrih in nakladalnih strojih. Zaradi visoke izhodne sile in kompaktne zasnove teh cilindrov so idealni za uporabo v omejenem prostoru na gradbi\u0161\u010du.<\/p>\n<p>Zasnova cilindra s T-kosom omogo\u010da prenos sile v dve razli\u010dni smeri, zaradi \u010desar je zelo primeren za aplikacije, kjer je treba silo uporabiti pod kotom. Poleg tega varjena konstrukcija teh cilindrov omogo\u010da delovanje pri visokih tlakih in temperaturah brez pu\u0161\u010danja, zaradi \u010desar so primerni za uporabo v zahtevnih zunanjih okoljih.<\/li>\n<\/ol>\n<h3>O FMP-ju<\/h3>\n<p>FMP je vodilni proizvajalec in dobavitelj hidravli\u010dnih cilindrov z ve\u010d kot 30-letnimi izku\u0161njami v panogi. Na\u0161e industrijsko obmo\u010dje se nahaja v Italiji in imamo ve\u010d kot 100 kosov opreme, da zagotovimo visokokakovostne izdelke in pravo\u010dasno dobavo na\u0161im strankam.<\/p>\n<h4>Na\u0161i izdelki in prednosti podjetja<\/h4>\n<p>1. \u0160iroka paleta hidravli\u010dnih cilindrov<\/p>\n<p>Na\u0161i hidravli\u010dni cilindri vklju\u010dujejo cilindre z uhani, dvosmerne avtomatske teleskopske hidravli\u010dne cilindre in \u0161tevilne druge vrste. Vsak hidravli\u010dni cilinder je podvr\u017een strogim pregledom in obdelavi, da se zagotovi kakovost.<\/p>\n<p><img decoding=\"async\" src=\"https:\/\/fmp-components.com\/wp-content\/uploads\/2024\/12\/fmp-factory-4.webp\" alt=\"Tovarna FMP\" width=\"800\" title=\"\"><\/p>\n<p>2. Oblikovalske storitve<\/p>\n<p>Na\u0161a oblikovalska ekipa ima bogate izku\u0161nje z na\u010drtovanjem in razvojem izdelkov za univerzalne gredi. Sposobni smo izpolniti potrebe strank po novih izdelkih ali nadaljnjih izbolj\u0161avah.<\/p>\n<p>3. Celovita storitev za izdelke<\/p>\n<p>Nudimo celovito storitev za izdelke, od surovin do rezanja, grobe obdelave, testiranja, \u010di\u0161\u010denja, monta\u017ee, pakiranja in transporta. To zagotavlja, da na\u0161e stranke prejmejo zanesljiv in kakovosten izdelek.<\/p>\n<p>4. Postopek vzor\u010denja<\/p>\n<p>Vzorce lahko razvijemo glede na va\u0161e zahteve in jih nenehno spreminjamo, da ustrezajo va\u0161im potrebam. To vam daje mo\u017enost, da izdelek pred nakupom v celoti ocenite.<\/p>\n<p>5. Zmogljivosti raziskav in razvoja<\/p>\n<p>Na\u0161e podjetje je predano nenehnemu izbolj\u0161evanju in inovacijam. Ko se na trgu pojavijo nove potrebe, jih preu\u010dimo in razvijemo nove modele, ki ustrezajo zahtevam na\u0161ih strank.<\/p>\n<p>Partnerstvo s FMP pomeni sodelovanje z zanesljivim in kakovostno usmerjenim dobaviteljem. Zavezani smo k temu, da svojim strankam zagotavljamo najbolj\u0161e mo\u017ene izdelke in storitve, ki jim bodo pomagale pri uspehu njihovega poslovanja.<\/p>\n<p>Avtor: CX<\/p>","protected":false},"excerpt":{"rendered":"<p>The 10040 Professional Small Piston Hydraulic Cylinders are engineered for agricultural applications, offering reliable performance and durability. These hydraulic cylinders are designed to efficiently lift, push, and pull heavy loads, making them ideal for various farming equipment, including tractors, harvesters, and other machinery. Key Features: Compact Design: The small piston size allows for easy integration [&hellip;]<\/p>","protected":false},"featured_media":1133,"comment_status":"closed","ping_status":"closed","template":"","meta":{"_et_pb_use_builder":"","_et_pb_old_content":"","_et_gb_content_width":""},"product_brand":[],"product_cat":[31],"product_tag":[34,35],"class_list":{"0":"post-960","1":"product","2":"type-product","3":"status-publish","4":"has-post-thumbnail","6":"product_cat-welded-tee-type-cylinder","7":"product_tag-hydraulic-cylinder","8":"product_tag-welded-tee-type-cylinder","10":"first","11":"instock","12":"product-type-simple"},"_links":{"self":[{"href":"https:\/\/fmp-components.com\/sl\/wp-json\/wp\/v2\/product\/960","targetHints":{"allow":["GET"]}}],"collection":[{"href":"https:\/\/fmp-components.com\/sl\/wp-json\/wp\/v2\/product"}],"about":[{"href":"https:\/\/fmp-components.com\/sl\/wp-json\/wp\/v2\/types\/product"}],"replies":[{"embeddable":true,"href":"https:\/\/fmp-components.com\/sl\/wp-json\/wp\/v2\/comments?post=960"}],"wp:featuredmedia":[{"embeddable":true,"href":"https:\/\/fmp-components.com\/sl\/wp-json\/wp\/v2\/media\/1133"}],"wp:attachment":[{"href":"https:\/\/fmp-components.com\/sl\/wp-json\/wp\/v2\/media?parent=960"}],"wp:term":[{"taxonomy":"product_brand","embeddable":true,"href":"https:\/\/fmp-components.com\/sl\/wp-json\/wp\/v2\/product_brand?post=960"},{"taxonomy":"product_cat","embeddable":true,"href":"https:\/\/fmp-components.com\/sl\/wp-json\/wp\/v2\/product_cat?post=960"},{"taxonomy":"product_tag","embeddable":true,"href":"https:\/\/fmp-components.com\/sl\/wp-json\/wp\/v2\/product_tag?post=960"}],"curies":[{"name":"delovni list","href":"https:\/\/api.w.org\/{rel}","templated":true}]}}