{"id":958,"date":"2024-12-19T03:39:43","date_gmt":"2024-12-19T03:39:43","guid":{"rendered":"https:\/\/fmp-components.com\/product\/10038-quality-assurance-hydraulic-cylinder-double-acting-hydraulic-cylinder-for-trailer\/"},"modified":"2024-12-19T08:49:07","modified_gmt":"2024-12-19T08:49:07","slug":"10038-quality-assurance-hydraulic-cylinder-double-acting-hydraulic-cylinder-for-trailer","status":"publish","type":"product","link":"https:\/\/fmp-components.com\/sl\/product\/10038-quality-assurance-hydraulic-cylinder-double-acting-hydraulic-cylinder-for-trailer\/","title":{"rendered":"10038 Hidravli\u010dni cilinder za zagotavljanje kakovosti Dvosmerni hidravli\u010dni cilinder za prikolico"},"content":{"rendered":"<p>Dvosmerni hidravli\u010dni cilinder 10038 Quality Assurance je strokovno zasnovan za uporabo na priklopnikih in ponuja zanesljivo delovanje ter izbolj\u0161ano u\u010dinkovitost. Ta hidravli\u010dni cilinder je izdelan tako, da izpolnjuje zahteve razli\u010dnih tipov priklopnikov, kar zagotavlja optimalno funkcionalnost in vzdr\u017eljivost.<\/p>\n<h4>Klju\u010dne lastnosti:<\/h4>\n<ul>\n<li><strong>Dvostransko delujo\u010di mehanizem:<\/strong><br \/>\nDvojno delujo\u010da zasnova omogo\u010da gladko delovanje tako pri iztegovanju kot vle\u010denju, kar zagotavlja natan\u010den nadzor med dvigovanjem in spu\u0161\u010danjem. Ta lastnost izbolj\u0161a splo\u0161no u\u010dinkovitost delovanja priklopnika.<\/li>\n<li><strong>Zagotavljanje kakovosti:<\/strong><br \/>\nVsak hidravli\u010dni valj je podvr\u017een strogim preizkusom kakovosti, da se zagotovi skladnost z visokimi industrijskimi standardi. Ta zavezanost kakovosti zagotavlja zanesljivost in varnost med delovanjem.<\/li>\n<li><strong>Robustna konstrukcija:<\/strong><br \/>\nHidravli\u010dni cilinder 10038 je izdelan iz visokokakovostnih materialov in je zasnovan tako, da prenese obremenitve te\u017eke uporabe. Njegova trpe\u017ena konstrukcija zagotavlja dolgotrajno delovanje tudi v zahtevnih okoljih.<\/li>\n<li><strong>Vsestranske uporabe:<\/strong><br \/>\nTa hidravli\u010dni cilinder, primeren za \u0161iroko paleto priklopnikov, vklju\u010dno s priklopniki s plo\u0161\u010dadjo, prekucniki in delovnimi priklopniki, izbolj\u0161uje funkcionalnost razli\u010dnih vrst priklopnikov.<\/li>\n<li><strong>Enostavna namestitev:<\/strong><br \/>\nHidravli\u010dni cilinder 10038 je zasnovan za enostavno namestitev in ga je mogo\u010de hitro integrirati v obstoje\u010de sisteme priklopnikov, kar zmanj\u0161a \u010das izpada in izbolj\u0161a produktivnost.<\/li>\n<\/ul>\n<p><img decoding=\"async\" src=\"https:\/\/hzpt.com\/wp-content\/uploads\/2023\/12\/random-2.webp\" alt=\"\" title=\"\"><\/p>\n<h4>Tehni\u010dne specifikacije:<\/h4>\n<table style=\"width: 91.5825%; height: 151px;\">\n<thead>\n<tr>\n<th>Specifikacija<\/th>\n<th>Opis<\/th>\n<\/tr>\n<\/thead>\n<tbody>\n<tr>\n<td><strong>Nosilnost<\/strong><\/td>\n<td>Prilagodljivo<\/td>\n<\/tr>\n<tr>\n<td><strong>Velikost izvrtine<\/strong><\/td>\n<td>Na voljo so razli\u010dne mo\u017enosti<\/td>\n<\/tr>\n<tr>\n<td><strong>Dol\u017eina giba<\/strong><\/td>\n<td>Prilagodljivo<\/td>\n<\/tr>\n<tr>\n<td><strong>Najve\u010dji tlak<\/strong><\/td>\n<td>Do 3000 PSI<\/td>\n<\/tr>\n<tr>\n<td><strong>Material<\/strong><\/td>\n<td>Visokokakovostno jeklo<\/td>\n<\/tr>\n<tr>\n<td><strong>Vrsta povezave<\/strong><\/td>\n<td>Prirobni\u010dni ali navojni<\/td>\n<\/tr>\n<\/tbody>\n<\/table>\n<h4>Na\u010delo delovanja:<\/h4>\n<p>Dvosmerno delujo\u010di hidravli\u010dni cilinder 10038 deluje na principu tlaka hidravli\u010dne teko\u010dine. Ko se hidravli\u010dna teko\u010dina \u010drpa v valj, deluje na bat in ustvarja linearno gibanje v obe smeri. Ta u\u010dinkovit prenos mo\u010di omogo\u010da natan\u010den nadzor nad delovanjem priklopnika in pove\u010duje splo\u0161no u\u010dinkovitost.<\/p>\n<p>Skratka, dvosmerni hidravli\u010dni cilinder 10038 Quality Assurance za priklopnike je zanesljiva in u\u010dinkovita re\u0161itev za izbolj\u0161anje zmogljivosti priklopnikov. Zaradi robustne konstrukcije, zagotavljanja kakovosti in vsestranske uporabe je bistvena komponenta za upravljavce, ki \u017eelijo izbolj\u0161ati svoje sisteme priklopnikov.<\/p>\n<p>&nbsp;<\/p>\n<h2>Vpra\u0161anja in odgovori<\/h2>\n<ol>\n<li>V: Kako deluje dvostransko delujo\u010di hidravli\u010dni cilinder?<br \/>\n<img decoding=\"async\" src=\"https:\/\/hzpt.com\/wp-content\/uploads\/2023\/12\/random-1.webp?v=1694163707\" alt=\"\" title=\"\"><br \/>\nA: Deluje tako, da omogo\u010da vstop teko\u010dine na obeh straneh bata, kar zagotavlja mo\u010d v obe smeri.<\/li>\n<li>V: V katerih aplikacijah se uporabljajo ti cilindri?<br \/>\nA: Med drugim se pogosto uporabljajo v prikolicah.<\/li>\n<li>V: Kako izberem pravo hidravli\u010dno olje?<br \/>\nA: Izbira hidravli\u010dnega olja je odvisna od delovnega okolja in specifikacij hidravli\u010dnega sistema.<\/li>\n<li>V: Kdaj naj zamenjam oljna tesnila?<br \/>\nA: Oljna tesnila je treba zamenjati, ko se pojavijo znaki obrabe ali pu\u0161\u010danja.<\/li>\n<li>V: Kako izmerim hidravli\u010dni valj?<br \/>\nA: Izmerite premer izvrtine, premer palice in dol\u017eino hoda.<\/li>\n<\/ol>\n<h2>Prednosti varjenega cilindra tipa T<\/h2>\n<ul>\n<li style=\"list-style-type: none;\">\n<ul>\n<li><strong>Pove\u010dana mo\u010d:<\/strong> Varjeni cilindri tipa T so znani po svoji visoki trdnosti, zaradi \u010desar so primerni za aplikacije, ki zahtevajo dvigovanje te\u017ekih bremen. Postopek varjenja, ki se uporablja med izdelavo teh cilindrov, zagotavlja, da je cilinder brez \u0161ibkih to\u010dk in lahko prenese visok tlak in obremenitve.<\/li>\n<\/ul>\n<\/li>\n<\/ul>\n<p>Ko se na valj izvaja pritisk, se ta enakomerno porazdeli po celotni povr\u0161ini, zaradi \u010desar je odporen na deformacije. Ta lastnost zagotavlja, da valj ohrani svojo obliko in strukturno celovitost tudi v ekstremnih pogojih.<\/p>\n<ul>\n<li style=\"list-style-type: none;\">\n<ul>\n<li><strong>Prepre\u010devanje pu\u0161\u010danja:<\/strong> Varjeni cilindri s T-kosom so zasnovani tako, da prepre\u010dujejo pu\u0161\u010danje. Postopek varjenja, ki se uporablja med izdelavo, zagotavlja, da je valj popolnoma zatesnjen in brez morebitnih pu\u0161\u010danj. Zaradi te lastnosti so primerni za uporabo v aplikacijah, kjer bi pu\u0161\u010danje lahko povzro\u010dilo resno \u0161kodo ali po\u0161kodbe.<\/li>\n<\/ul>\n<\/li>\n<\/ul>\n<p>Varjeni spoji so gladki, brez razpok ali utorov, kjer se lahko nabirajo ostanki ali umazanija, kar zmanj\u0161uje tveganje korozije in po\u0161kodb jeklenke.<\/p>\n<ul>\n<li style=\"list-style-type: none;\">\n<ul>\n<li><strong>Prilagodljivo:<\/strong> Varjene cilindre s T-kosom je mogo\u010de prilagoditi specifi\u010dnim aplikacijam. Cilindri so na voljo v razli\u010dnih velikostih in oblikah ter jih je mogo\u010de izdelati tako, da ustrezajo specifi\u010dnim zahtevam aplikacije.<\/li>\n<\/ul>\n<\/li>\n<\/ul>\n<p>Postopek prilagajanja omogo\u010da optimizacijo delovanja cilindra in zagotavlja, da je primeren za predvideno uporabo. Zaradi te lastnosti so varjeni cilindri s T-kosom idealni za uporabo v razli\u010dnih industrijskih aplikacijah, vklju\u010dno z gradbeni\u0161tvom, rudarstvom in ravnanjem z materiali.<\/p>\n<ul>\n<li style=\"list-style-type: none;\">\n<ul>\n<li><strong>Stro\u0161kovno u\u010dinkovito:<\/strong> Varjeni valji tipa T so stro\u0161kovno u\u010dinkovitej\u0161i v primerjavi z drugimi vrstami valjev. Postopek izdelave teh valjev je preprost, zaradi \u010desar so cenej\u0161i od drugih vrst valjev.<\/li>\n<\/ul>\n<\/li>\n<\/ul>\n<p>Poleg tega visoka trdnost in vzdr\u017eljivost varjenih valjev tipa T zmanj\u0161ujeta potrebo po pogostih popravilih in zamenjavah, kar prihrani stro\u0161ke vzdr\u017eevanja. Zaradi te lastnosti so priljubljena izbira za \u0161tevilne panoge, zlasti tiste z omejenim prora\u010dunom.<\/p>\n<ul>\n<li style=\"list-style-type: none;\">\n<ul>\n<li><strong>Pove\u010dana u\u010dinkovitost:<\/strong> Varjeni cilindri tipa T so zelo u\u010dinkoviti in uspe\u0161ni. Zasnova cilindra zagotavlja, da se uporabljena sila prenese neposredno na obremenitev, kar zmanj\u0161a izgubo energije in pove\u010da u\u010dinkovitost.<\/li>\n<\/ul>\n<\/li>\n<\/ul>\n<p>Varjeni spoji so mo\u010dni in togi, kar zmanj\u0161uje upogib in zagotavlja, da valj ohrani svojo obliko in strukturno celovitost tudi v ekstremnih pogojih. Zaradi te lastnosti so varjeni valji tipa T idealni za uporabo v aplikacijah, ki zahtevajo visoko u\u010dinkovitost in zanesljivost.<\/p>\n<h2>Uporaba varjenega valja tipa T<\/h2>\n<h3>Uvod<\/h3>\n<p>Varjeni T-cilinder je vrsta hidravli\u010dnega cilindra, ki se pogosto uporablja v industrijskih aplikacijah. Zasnovan je tako, da zagotavlja visoko izhodno silo v kompaktnem in stro\u0161kovno u\u010dinkovitem ohi\u0161ju. Ta tip cilindra je sestavljen iz varjenega T-kosa in batne palice, ki je pritrjena na T-kos. T-kos je povezan z valjem cilindra in vsebuje bat, ki se premika naprej in nazaj znotraj cilindra, da ustvari silo.<\/p>\n<p><img loading=\"lazy\" decoding=\"async\" class=\"size-full wp-image-974 aligncenter\" src=\"https:\/\/fmp-components.com\/wp-content\/uploads\/2024\/12\/application-of-Welded-Tee-Type-Cylinder.webp\" alt=\"uporaba varjenega valja s T-kosom\" width=\"760\" height=\"860\" title=\"\" srcset=\"https:\/\/fmp-components.com\/wp-content\/uploads\/2024\/12\/application-of-Welded-Tee-Type-Cylinder.webp 760w, https:\/\/fmp-components.com\/wp-content\/uploads\/2024\/12\/application-of-Welded-Tee-Type-Cylinder-480x543.webp 480w\" sizes=\"(min-width: 0px) and (max-width: 480px) 480px, (min-width: 481px) 760px, 100vw\" \/><\/p>\n<h3>Prednosti varjenega cilindra tipa T<\/h3>\n<p>Uporaba varjenega cilindra tipa T v industrijskih aplikacijah ima ve\u010d prednosti:<\/p>\n<ul>\n<li><b>Kompaktna zasnova:<\/b> Varjeni cilindri s T-kosom so zasnovani tako, da so kompaktni, zaradi \u010desar so idealni za uporabo v aplikacijah z omejenim prostorom.<\/li>\n<li><b>Visoka u\u010dinkovitost:<\/b> Varjeni cilindri s T-priklju\u010dkom so zelo u\u010dinkoviti, kar pomeni, da lahko ustvarijo veliko silo z minimalnim vnosom energije.<\/li>\n<li><b>Trpe\u017eno:<\/b> Varjeni cilindri s T-kosom so zasnovani tako, da so zelo vzdr\u017eljivi, kar pomeni, da lahko prenesejo te\u017eke obratovalne pogoje in trajajo dolgo \u010dasa.<\/li>\n<li><b>Stro\u0161kovno u\u010dinkovito:<\/b> Varjeni cilindri tipa T so stro\u0161kovno u\u010dinkoviti, kar pomeni, da zagotavljajo dobro razmerje med ceno in kakovostjo.<\/li>\n<\/ul>\n<h3>Uporaba varjenega valja tipa T<\/h3>\n<p>Varjeni cilindri tipa T se uporabljajo v \u0161tevilnih panogah, vklju\u010dno z:<\/p>\n<ul>\n<li><b>Proizvodnja:<\/b> Varjeni cilindri tipa T se uporabljajo v proizvodnji za upravljanje strojev, premikanje te\u017ekih bremen in oblikovanje kovinskih delov.<\/li>\n<li><b>Kmetijstvo:<\/b> Varjeni cilindri s T-konektorjem se uporabljajo v kmetijstvu za upravljanje hidravli\u010dnih sistemov na traktorjih, kombajnih in drugi kmetijski opremi.<\/li>\n<li><b>Gradnja:<\/b> Varjeni cilindri s T-kosom se uporabljajo v gradbeni\u0161tvu za upravljanje strojev, kot so \u017eerjavi, bagri in nakladalniki.<\/li>\n<li><b>Rudarstvo:<\/b> Varjeni cilindri s T-kosom se uporabljajo v rudarstvu za upravljanje hidravli\u010dnih sistemov na te\u017eki opremi, kot so buldo\u017eerji, nakladalci in vrtalniki za skale.<\/li>\n<li><b>Prevoz:<\/b> Varjeni cilindri s T-kosom se uporabljajo v transportu za upravljanje hidravli\u010dnih sistemov na tovornjakih, avtobusih in drugih vozilih.<\/li>\n<\/ul>\n<p>Skratka, varjeni cilindri s T-kosom so pomemben sestavni del v \u0161tevilnih industrijskih aplikacijah. Zasnovani so tako, da so kompaktni, u\u010dinkoviti, vzdr\u017eljivi in \u200b\u200bstro\u0161kovno u\u010dinkoviti, zaradi \u010desar so idealna izbira za \u0161irok spekter uporabe. Ne glede na to, ali upravljate stroje v proizvodnem obratu, kmetijsko opremo na kmetiji ali te\u017eko opremo v rudniku, vam lahko varjeni cilindri s T-kosom pomagajo pri u\u010dinkovitem in uspe\u0161nem opravljanju dela.<\/p>\n<h3>O FMP-ju<\/h3>\n<p>FMP je vodilni proizvajalec in dobavitelj hidravli\u010dnih cilindrov z ve\u010d kot 30-letnimi izku\u0161njami v industriji. V na\u0161em najsodobnej\u0161em industrijskem obmo\u010dju, ki se nahaja v Italiji, je name\u0161\u010denih ve\u010d kot 100 naprednih naprav, vklju\u010dno z avtomatskimi varilnimi stroji v za\u0161\u010ditni plinski atmosferi, stroji za globoko vrtanje, CNC stru\u017enicami, cilindri\u010dnimi brusilniki, avtomatskimi \u010distilnimi stroji, avtomatskimi monta\u017enimi stroji, avtomatskimi preskusnimi mizami za delovanje hidravli\u010dnih cilindrov in avtomatskimi linijami za barvanje.<\/p>\n<p><img decoding=\"async\" src=\"https:\/\/fmp-components.com\/wp-content\/uploads\/2024\/12\/fmp-factory-4.webp\" alt=\"Tovarna FMP\" width=\"800\" title=\"\"><\/p>\n<p>Ponujamo \u0161iroko paleto hidravli\u010dnih cilindrov za razli\u010dne potrebe:<\/p>\n<ol>\n<li>Hidravli\u010dni valj: Na\u0161i standardni hidravli\u010dni cilindri so skrbno obdelani in pregledani, da zagotovimo vrhunsko kakovost. Zasnovani so za izjemno zmogljivost in vzdr\u017eljivost.<\/li>\n<li>Hidravli\u010dni cilinder za uhane: Ta specializirani hidravli\u010dni cilinder je posebej zasnovan za uporabo v uhanih. Zaradi robustne konstrukcije in natan\u010dne in\u017eeniringa je zanesljiva izbira.<\/li>\n<li>Dvosmerni avtomatski teleskopski hidravli\u010dni cilinder: Na\u0161 dvosmerni avtomatski teleskopski hidravli\u010dni cilinder ponuja vsestranskost in u\u010dinkovitost. Zasnovan je za enostavno opravljanje zahtevnih nalog.<\/li>\n<li>Oblikovalske storitve: Na\u0161a izku\u0161ena oblikovalska ekipa je predana zagotavljanju odli\u010dnih oblikovalskih in razvojnih storitev. Ne glede na to, ali potrebujete nove zasnove izdelkov ali izbolj\u0161ave obstoje\u010dih, smo tukaj, da vam pomagamo.<\/li>\n<li>Storitve za izdelke: Od surovin do transporta zagotavljamo nemoten proizvodni proces. Na\u0161i izdelki gredo skozi rezanje, grobo obdelavo, testiranje, \u010di\u0161\u010denje, monta\u017eo, pakiranje in stroge kontrole kakovosti, da dose\u017eemo brezhibne rezultate.<\/li>\n<\/ol>\n<p>Poleg teh klju\u010dnih izdelkov ponujamo tudi storitve razvoja vzorcev, ki ustrezajo va\u0161im specifi\u010dnim zahtevam. Na\u0161a ekipa lahko razvija in spreminja vzorce, dokler se popolnoma ne ujemajo z va\u0161imi potrebami. Poleg tega nam na\u0161a predanost raziskavam in razvoju omogo\u010da, da smo korak pred tr\u017enimi trendi. Nenehno preu\u010dujemo razvijajo\u010de se potrebe trga in ustrezno razvijamo nove modele.<\/p>\n<p>Izberite FMP za vse va\u0161e potrebe po hidravli\u010dnih cilindrih. Z na\u0161imi visokokakovostnimi izdelki, obse\u017enim strokovnim znanjem in pristopom, osredoto\u010denim na stranke, smo va\u0161 zaupanja vreden partner. Za razpravo o va\u0161ih zahtevah in izku\u0161njo prednosti FMP nas kontaktirajte \u0161e danes.<\/p>\n<p>Avtor: CX<\/p>","protected":false},"excerpt":{"rendered":"<p>The 10038 Quality Assurance Double Acting Hydraulic Cylinder is expertly designed for trailer applications, offering reliable performance and enhanced efficiency. This hydraulic cylinder is built to meet the demands of various trailer types, ensuring optimal functionality and durability. Key Features: Double Acting Mechanism: The double acting design allows for smooth operation in both extension and [&hellip;]<\/p>","protected":false},"featured_media":1133,"comment_status":"closed","ping_status":"closed","template":"","meta":{"_et_pb_use_builder":"","_et_pb_old_content":"","_et_gb_content_width":""},"product_brand":[],"product_cat":[31],"product_tag":[34,35],"class_list":{"0":"post-958","1":"product","2":"type-product","3":"status-publish","4":"has-post-thumbnail","6":"product_cat-welded-tee-type-cylinder","7":"product_tag-hydraulic-cylinder","8":"product_tag-welded-tee-type-cylinder","10":"first","11":"instock","12":"product-type-simple"},"_links":{"self":[{"href":"https:\/\/fmp-components.com\/sl\/wp-json\/wp\/v2\/product\/958","targetHints":{"allow":["GET"]}}],"collection":[{"href":"https:\/\/fmp-components.com\/sl\/wp-json\/wp\/v2\/product"}],"about":[{"href":"https:\/\/fmp-components.com\/sl\/wp-json\/wp\/v2\/types\/product"}],"replies":[{"embeddable":true,"href":"https:\/\/fmp-components.com\/sl\/wp-json\/wp\/v2\/comments?post=958"}],"wp:featuredmedia":[{"embeddable":true,"href":"https:\/\/fmp-components.com\/sl\/wp-json\/wp\/v2\/media\/1133"}],"wp:attachment":[{"href":"https:\/\/fmp-components.com\/sl\/wp-json\/wp\/v2\/media?parent=958"}],"wp:term":[{"taxonomy":"product_brand","embeddable":true,"href":"https:\/\/fmp-components.com\/sl\/wp-json\/wp\/v2\/product_brand?post=958"},{"taxonomy":"product_cat","embeddable":true,"href":"https:\/\/fmp-components.com\/sl\/wp-json\/wp\/v2\/product_cat?post=958"},{"taxonomy":"product_tag","embeddable":true,"href":"https:\/\/fmp-components.com\/sl\/wp-json\/wp\/v2\/product_tag?post=958"}],"curies":[{"name":"delovni list","href":"https:\/\/api.w.org\/{rel}","templated":true}]}}