{"id":956,"date":"2024-12-19T03:39:43","date_gmt":"2024-12-19T03:39:43","guid":{"rendered":"https:\/\/fmp-components.com\/product\/quality-assurance-custom-piston-hydraulic-cylinder-for-agricultural-machinery\/"},"modified":"2024-12-19T08:48:34","modified_gmt":"2024-12-19T08:48:34","slug":"quality-assurance-custom-piston-hydraulic-cylinder-for-agricultural-machinery","status":"publish","type":"product","link":"https:\/\/fmp-components.com\/sl\/product\/quality-assurance-custom-piston-hydraulic-cylinder-for-agricultural-machinery\/","title":{"rendered":"Zagotavljanje kakovosti po meri batni hidravli\u010dni cilinder za kmetijsko mehanizacijo"},"content":{"rendered":"<p>Hidravli\u010dni cilinder Quality Assurance Custom Piston je posebej zasnovan za kmetijsko mehanizacijo in zagotavlja robustno delovanje ter zanesljivost. Ta hidravli\u010dni cilinder je prilagojen edinstvenim potrebam razli\u010dnih kmetijskih aplikacij ter zagotavlja u\u010dinkovito delovanje in vzdr\u017eljivost.<\/p>\n<h4>Klju\u010dne lastnosti:<\/h4>\n<ul>\n<li><strong>Prilagodljiva oblika:<\/strong><br \/>\nTa hidravli\u010dni cilinder je mogo\u010de prilagoditi specifi\u010dnim zahtevam, vklju\u010dno z velikostjo izvrtine, dol\u017eino hoda in nosilnostjo. Ta prilagoditev zagotavlja optimalno delovanje za razli\u010dna kmetijska opravila.<\/li>\n<li><strong>Robustna konstrukcija bata:<\/strong><br \/>\nTa hidravli\u010dni cilinder z visokokakovostno zasnovo bata ponuja odli\u010dno trdnost in u\u010dinkovitost. Robustna konstrukcija zmanj\u0161uje obrabo in podalj\u0161uje \u017eivljenjsko dobo cilindra, zaradi \u010desar je idealen za zahtevna kmetijska okolja.<\/li>\n<li><strong>Zagotavljanje kakovosti:<\/strong><br \/>\nVsak hidravli\u010dni valj je podvr\u017een strogim postopkom kontrole kakovosti, ki zagotavljajo skladnost z industrijskimi standardi. Ta zavezanost kakovosti zagotavlja zanesljivo delovanje in varnost med delovanjem.<\/li>\n<li><strong>Vsestranske uporabe:<\/strong><br \/>\nTa hidravli\u010dni cilinder, primeren za \u0161iroko paleto kmetijskih strojev, vklju\u010dno s traktorji, kombajni in nakladalniki, izbolj\u0161uje funkcionalnost razli\u010dne opreme, zaradi \u010desar je dragocen dodatek k vsakemu kmetijskemu delu.<\/li>\n<li><strong>Enostavna namestitev:<\/strong><br \/>\nZasnovan za enostavno namestitev, je batni hidravli\u010dni cilinder po meri mogo\u010de hitro integrirati v obstoje\u010de sisteme, kar zmanj\u0161a \u010das izpada in pove\u010da produktivnost.<\/li>\n<\/ul>\n<p><img decoding=\"async\" class=\"aligncenter\" src=\"https:\/\/hzpt.com\/wp-content\/uploads\/2023\/12\/random-3.webp\" alt=\"\" title=\"\"><\/p>\n<h4>Tehni\u010dne specifikacije:<\/h4>\n<table style=\"width: 94.7071%; height: 200px;\">\n<thead>\n<tr>\n<th>Specifikacija<\/th>\n<th>Opis<\/th>\n<\/tr>\n<\/thead>\n<tbody>\n<tr>\n<td><strong>Nosilnost<\/strong><\/td>\n<td>Prilagodljivo<\/td>\n<\/tr>\n<tr>\n<td><strong>Velikost izvrtine<\/strong><\/td>\n<td>Na voljo so razli\u010dne mo\u017enosti<\/td>\n<\/tr>\n<tr>\n<td><strong>Dol\u017eina giba<\/strong><\/td>\n<td>Prilagodljivo<\/td>\n<\/tr>\n<tr>\n<td><strong>Najve\u010dji tlak<\/strong><\/td>\n<td>Do 3000 PSI<\/td>\n<\/tr>\n<tr>\n<td><strong>Material<\/strong><\/td>\n<td>Visokokakovostno jeklo<\/td>\n<\/tr>\n<tr>\n<td><strong>Vrsta povezave<\/strong><\/td>\n<td>Prirobni\u010dni ali navojni<\/td>\n<\/tr>\n<\/tbody>\n<\/table>\n<h4>Na\u010delo delovanja:<\/h4>\n<p>Hidravli\u010dni cilinder Custom Piston deluje na principu tlaka hidravli\u010dne teko\u010dine. Ko se hidravli\u010dna teko\u010dina \u010drpa v valj, izvaja silo na bat, kar ustvarja linearno gibanje za dvigovanje ali potiskanje. Ta u\u010dinkovit mehanizem omogo\u010da natan\u010den nadzor in izbolj\u0161uje delovanje kmetijske mehanizacije.<\/p>\n<p>Skratka, hidravli\u010dni cilinder z batom po meri za kmetijsko mehanizacijo je zanesljiva in u\u010dinkovita re\u0161itev, prilagojena specifi\u010dnim potrebam kmetov in upravljavcev. Zaradi svoje trpe\u017ene konstrukcije, mo\u017enosti prilagajanja in zavezanosti kakovosti je bistvena komponenta za izbolj\u0161anje delovanja kmetijske mehanizacije.<\/p>\n<h2>Funkcije in lastnosti<\/h2>\n<p>Hidravli\u010dni cilinder z batom po meri igra klju\u010dno vlogo v kmetijski mehanizaciji, saj omogo\u010da u\u010dinkovito in uspe\u0161no delovanje, od dvigovanja te\u017ekih bremen do zagotavljanja gibanja in nadzora. Zaradi visoke nosilnosti, robustne konstrukcije in izjemne odpornosti proti obrabi je ta hidravli\u010dni cilinder idealen za zahteve kmetijske mehanizacije.<\/p>\n<p><img decoding=\"async\" src=\"https:\/\/hzpt.com\/wp-content\/uploads\/2023\/12\/random-1.webp?v=1694163707\" alt=\"\" title=\"\"><\/p>\n<h2>Prednosti varjenega cilindra tipa T<\/h2>\n<ul>\n<li style=\"list-style-type: none;\">\n<ul>\n<li><strong>Pove\u010dana mo\u010d:<\/strong> Varjeni cilindri tipa T so znani po svoji visoki trdnosti, zaradi \u010desar so primerni za aplikacije, ki zahtevajo dvigovanje te\u017ekih bremen. Postopek varjenja, ki se uporablja med izdelavo teh cilindrov, zagotavlja, da je cilinder brez \u0161ibkih to\u010dk in lahko prenese visok tlak in obremenitve.<\/li>\n<\/ul>\n<\/li>\n<\/ul>\n<p>Ko se na valj izvaja pritisk, se ta enakomerno porazdeli po celotni povr\u0161ini, zaradi \u010desar je odporen na deformacije. Ta lastnost zagotavlja, da valj ohrani svojo obliko in strukturno celovitost tudi v ekstremnih pogojih.<\/p>\n<ul>\n<li style=\"list-style-type: none;\">\n<ul>\n<li><strong>Prepre\u010devanje pu\u0161\u010danja:<\/strong> Varjeni cilindri s T-kosom so zasnovani tako, da prepre\u010dujejo pu\u0161\u010danje. Postopek varjenja, ki se uporablja med izdelavo, zagotavlja, da je valj popolnoma zatesnjen in brez morebitnih pu\u0161\u010danj. Zaradi te lastnosti so primerni za uporabo v aplikacijah, kjer bi pu\u0161\u010danje lahko povzro\u010dilo resno \u0161kodo ali po\u0161kodbe.<\/li>\n<\/ul>\n<\/li>\n<\/ul>\n<p>Varjeni spoji so gladki, brez razpok ali utorov, kjer se lahko nabirajo ostanki ali umazanija, kar zmanj\u0161uje tveganje korozije in po\u0161kodb jeklenke.<\/p>\n<ul>\n<li style=\"list-style-type: none;\">\n<ul>\n<li><strong>Prilagodljivo:<\/strong> Varjene cilindre s T-kosom je mogo\u010de prilagoditi specifi\u010dnim aplikacijam. Cilindri so na voljo v razli\u010dnih velikostih in oblikah ter jih je mogo\u010de izdelati tako, da ustrezajo specifi\u010dnim zahtevam aplikacije.<\/li>\n<\/ul>\n<\/li>\n<\/ul>\n<p>Postopek prilagajanja omogo\u010da optimizacijo delovanja cilindra in zagotavlja, da je primeren za predvideno uporabo. Zaradi te lastnosti so varjeni cilindri s T-kosom idealni za uporabo v razli\u010dnih industrijskih aplikacijah, vklju\u010dno z gradbeni\u0161tvom, rudarstvom in ravnanjem z materiali.<\/p>\n<ul>\n<li style=\"list-style-type: none;\">\n<ul>\n<li><strong>Stro\u0161kovno u\u010dinkovito:<\/strong> Varjeni valji tipa T so stro\u0161kovno u\u010dinkovitej\u0161i v primerjavi z drugimi vrstami valjev. Postopek izdelave teh valjev je preprost, zaradi \u010desar so cenej\u0161i od drugih vrst valjev.<\/li>\n<\/ul>\n<\/li>\n<\/ul>\n<p>Poleg tega visoka trdnost in vzdr\u017eljivost varjenih valjev tipa T zmanj\u0161ujeta potrebo po pogostih popravilih in zamenjavah, kar prihrani stro\u0161ke vzdr\u017eevanja. Zaradi te lastnosti so priljubljena izbira za \u0161tevilne panoge, zlasti tiste z omejenim prora\u010dunom.<\/p>\n<ul>\n<li style=\"list-style-type: none;\">\n<ul>\n<li><strong>Pove\u010dana u\u010dinkovitost:<\/strong> Varjeni cilindri tipa T so zelo u\u010dinkoviti in uspe\u0161ni. Zasnova cilindra zagotavlja, da se uporabljena sila prenese neposredno na obremenitev, kar zmanj\u0161a izgubo energije in pove\u010da u\u010dinkovitost.<\/li>\n<\/ul>\n<\/li>\n<\/ul>\n<p>Varjeni spoji so mo\u010dni in togi, kar zmanj\u0161uje upogib in zagotavlja, da valj ohrani svojo obliko in strukturno celovitost tudi v ekstremnih pogojih. Zaradi te lastnosti so varjeni valji tipa T idealni za uporabo v aplikacijah, ki zahtevajo visoko u\u010dinkovitost in zanesljivost.<\/p>\n<h2>Uporaba varjenega valja tipa T<\/h2>\n<ul>\n<li>\n<h3>Industrijski stroji in oprema<\/h3>\n<p>Varjeni T-valj se pogosto uporablja v industrijskih strojih in opremi, zlasti v hidravli\u010dnih sistemih. Valj je sestavljen iz bata in cevi valja, ki sta zvarjena skupaj v eno samo enoto. Ta zasnova ponuja ve\u010d prednosti pred drugimi vrstami valjev, kot so izbolj\u0161ana vzdr\u017eljivost, ve\u010dja trdnost in ve\u010dja natan\u010dnost.<\/p>\n<p>Ena najpomembnej\u0161ih uporab varjenih T-valjev v industrijskih strojih je njihova sposobnost zagotavljanja dosledne in natan\u010dne sile. To je bistvenega pomena za \u0161tevilne proizvodne procese, kjer je potreben natan\u010den nadzor za zagotovitev kakovosti kon\u010dnega izdelka. Varjeni T-valji se lahko uporabljajo tudi za regulacijo pretoka teko\u010din v hidravli\u010dnih sistemih, kar omogo\u010da ve\u010djo u\u010dinkovitost in zanesljivost v razli\u010dnih industrijskih aplikacijah.<\/li>\n<li>\n<h3>Kmetijska oprema<\/h3>\n<p>Varjeni T-cilinder se pogosto uporablja tudi v kmetijski opremi, kot so traktorji in \u017eetveni stroji. Ti stroji za u\u010dinkovito delovanje potrebujejo zmogljive in zanesljive hidravli\u010dne sisteme, varjeni T-cilinder pa je idealna izbira za ta namen.<\/p>\n<p>Robustna konstrukcija in visoka trdnost cilindra ga naredita zelo odpornega proti obrabi, tudi v te\u017ekih delovnih pogojih. Zaradi tega je idealna izbira za uporabo v kmetijski opremi, kjer je vzdr\u017eljivost klju\u010dnega pomena. Varjeni T-cilinder se lahko uporablja tudi za zagotavljanje natan\u010dnega nadzora, potrebnega za \u0161tevilne kmetijske procese, kot so sajenje, \u017eetev in namakanje.<\/li>\n<li>\n<h3>Gradbena oprema<\/h3>\n<p>Varjeni T-cilinder se pogosto uporablja tudi v gradbeni opremi, kot so bagri, nakladalniki in buldo\u017eerji. Ti stroji potrebujejo zmogljive in zanesljive hidravli\u010dne sisteme za opravljanje te\u017ekih nalog, kot so kopanje, dvigovanje in potiskanje te\u017ekih bremen.<\/p>\n<p>Zaradi visoke trdnosti in vzdr\u017eljivosti je varjeni T-cilinder idealna izbira za uporabo v gradbeni opremi. Njegova sposobnost zagotavljanja natan\u010dnega nadzora in konstantne sile je bistvenega pomena za \u0161tevilne gradbene procese, kot so izkopavanje, niveliranje in tlakovanje. Varjeni T-cilinder se lahko uporablja tudi za regulacijo pretoka teko\u010din v hidravli\u010dnih sistemih, kar izbolj\u0161a u\u010dinkovitost in zanesljivost gradbene opreme v razli\u010dnih aplikacijah.<\/li>\n<\/ul>\n<h3>O FMP-ju<\/h3>\n<p>FMP je \u017ee ve\u010d kot 30 let vodilni proizvajalec in dobavitelj visokokakovostnih hidravli\u010dnih cilindrov. Na\u0161e industrijsko obmo\u010dje se nahaja v Italiji in imamo ve\u010d kot 100 kosov opreme, vklju\u010dno z avtomatskimi varilnimi stroji v za\u0161\u010ditni plinski atmosferi, stroji za globoko vrtanje, CNC stru\u017enicami, cilindri\u010dnimi brusilniki, avtomatskimi \u010distilnimi stroji, avtomatskimi monta\u017enimi stroji, avtomatskimi preskusnimi mizami za delovanje hidravli\u010dnih cilindrov in avtomatskimi linijami za barvanje. Vsi na\u0161i hidravli\u010dni cilindri, vklju\u010dno z uhastim hidravli\u010dnim cilindrom in dvosmernim avtomatskim teleskopskim hidravli\u010dnim cilindrom, so podvr\u017eeni strogim postopkim obdelave in pregledov, da na\u0161im strankam zagotovimo vrhunsko kakovost.<\/p>\n<h4>Storitev oblikovanja<\/h4>\n<p>Na\u0161a oblikovalska ekipa ima bogate izku\u0161nje z na\u010drtovanjem in razvojem izdelkov za univerzalne gredi. \u010ce imate kakr\u0161ne koli potrebe po novih izdelkih ali \u017eelite nadaljnje izbolj\u0161ave, vam bomo z veseljem pomagali.<\/p>\n<h4>Storitve za izdelke<\/h4>\n<p>Na\u0161a celovita storitev vklju\u010duje rezanje surovin, grobo obdelavo, testiranje, \u010di\u0161\u010denje, monta\u017eo, pakiranje in transport. Zagotavljamo, da na\u0161e stranke prejmejo svoje izdelke v brezhibnem stanju in pravo\u010dasno.<\/p>\n<h4>Vzorec postopka<\/h4>\n<p>Vzorce lahko razvijemo glede na va\u0161e zahteve in jih nenehno spreminjamo, da ustrezajo va\u0161im potrebam. To zagotavlja, da ste zadovoljni s kon\u010dnim izdelkom.<\/p>\n<h4>Raziskave in razvoj<\/h4>\n<p>Na\u0161a ekipa za raziskave in razvoj vedno sledi najnovej\u0161im tr\u017enim trendom in dela na razvoju novih modelov, da bi zadovoljila spreminjajo\u010de se potrebe na\u0161ih strank.<\/p>\n<h4>Prilagoditev<\/h4>\n<p>Sprejemamo prilagoditve na\u0161ih hidravli\u010dnih cilindrov glede na va\u0161e specifi\u010dne zahteve. To pomeni, da lahko dobite izdelek, ki popolnoma ustreza va\u0161im potrebam, na\u0161a ekipa pa vam je vedno pripravljena ponuditi najbolj\u0161e re\u0161itve.<\/p>\n<p><img decoding=\"async\" src=\"https:\/\/fmp-components.com\/wp-content\/uploads\/2024\/12\/fmp-factory-4.webp\" alt=\"Tovarna FMP\" width=\"800\" title=\"\"><br \/>\nAvtor: CX<\/p>","protected":false},"excerpt":{"rendered":"<p>The Quality Assurance Custom Piston Hydraulic Cylinder is specifically designed for agricultural machinery, providing robust performance and reliability. Tailored to meet the unique needs of various agricultural applications, this hydraulic cylinder ensures efficient operation and durability. Key Features: Customizable Design: This hydraulic cylinder can be tailored to meet specific requirements, including bore size, stroke length, [&hellip;]<\/p>","protected":false},"featured_media":1132,"comment_status":"closed","ping_status":"closed","template":"","meta":{"_et_pb_use_builder":"","_et_pb_old_content":"","_et_gb_content_width":""},"product_brand":[],"product_cat":[31],"product_tag":[34,35],"class_list":{"0":"post-956","1":"product","2":"type-product","3":"status-publish","4":"has-post-thumbnail","6":"product_cat-welded-tee-type-cylinder","7":"product_tag-hydraulic-cylinder","8":"product_tag-welded-tee-type-cylinder","10":"first","11":"instock","12":"product-type-simple"},"_links":{"self":[{"href":"https:\/\/fmp-components.com\/sl\/wp-json\/wp\/v2\/product\/956","targetHints":{"allow":["GET"]}}],"collection":[{"href":"https:\/\/fmp-components.com\/sl\/wp-json\/wp\/v2\/product"}],"about":[{"href":"https:\/\/fmp-components.com\/sl\/wp-json\/wp\/v2\/types\/product"}],"replies":[{"embeddable":true,"href":"https:\/\/fmp-components.com\/sl\/wp-json\/wp\/v2\/comments?post=956"}],"wp:featuredmedia":[{"embeddable":true,"href":"https:\/\/fmp-components.com\/sl\/wp-json\/wp\/v2\/media\/1132"}],"wp:attachment":[{"href":"https:\/\/fmp-components.com\/sl\/wp-json\/wp\/v2\/media?parent=956"}],"wp:term":[{"taxonomy":"product_brand","embeddable":true,"href":"https:\/\/fmp-components.com\/sl\/wp-json\/wp\/v2\/product_brand?post=956"},{"taxonomy":"product_cat","embeddable":true,"href":"https:\/\/fmp-components.com\/sl\/wp-json\/wp\/v2\/product_cat?post=956"},{"taxonomy":"product_tag","embeddable":true,"href":"https:\/\/fmp-components.com\/sl\/wp-json\/wp\/v2\/product_tag?post=956"}],"curies":[{"name":"delovni list","href":"https:\/\/api.w.org\/{rel}","templated":true}]}}