{"id":954,"date":"2024-12-19T03:39:43","date_gmt":"2024-12-19T03:39:43","guid":{"rendered":"https:\/\/fmp-components.com\/product\/10034-cost-effective-welded-hydraulic-cylinders-double-acting\/"},"modified":"2024-12-19T08:48:23","modified_gmt":"2024-12-19T08:48:23","slug":"10034-cost-effective-welded-hydraulic-cylinders-double-acting","status":"publish","type":"product","link":"https:\/\/fmp-components.com\/sl\/product\/10034-cost-effective-welded-hydraulic-cylinders-double-acting\/","title":{"rendered":"10034 Stro\u0161kovno u\u010dinkoviti varjeni hidravli\u010dni cilindri z dvojnim delovanjem"},"content":{"rendered":"<p>Stro\u0161kovno u\u010dinkoviti varjeni hidravli\u010dni cilindri 10034 so zasnovani za zanesljivo delovanje v razli\u010dnih aplikacijah in ponujajo robustno re\u0161itev tako za industrijske kot kmetijske potrebe. Ti dvostransko delujo\u010di cilindri so zasnovani za u\u010dinkovitost in vzdr\u017eljivost, zaradi \u010desar so dragocen dodatek k vsakemu hidravli\u010dnemu sistemu.<\/p>\n<h4>Klju\u010dne lastnosti:<\/h4>\n<ul>\n<li><strong>Dvostransko delujo\u010di mehanizem:<\/strong><br \/>\nDvojno delujo\u010da zasnova omogo\u010da u\u010dinkovito delovanje tako pri iztegovanju kot vle\u010denju, kar zagotavlja gladko in nadzorovano gibanje pri dvigovanju, potiskanju in vleki. Ta lastnost pove\u010duje vsestranskost pri razli\u010dnih aplikacijah.<\/li>\n<li><strong>Varjena konstrukcija:<\/strong><br \/>\nHidravli\u010dni cilindri 10034 so izdelani z varjeno zasnovo in ponujajo vrhunsko trdnost in vzdr\u017eljivost. Ta metoda konstrukcije zagotavlja robustno strukturo, ki lahko prenese visoke tlake in zahtevne pogoje.<\/li>\n<li><strong>Stro\u0161kovno u\u010dinkovita re\u0161itev:<\/strong><br \/>\nTi hidravli\u010dni cilindri, zasnovani za zagotavljanje odli\u010dne zmogljivosti po dostopni ceni, so ekonomi\u010dna izbira za tiste, ki \u017eelijo optimizirati svoje hidravli\u010dne sisteme brez kompromisov pri kakovosti.<\/li>\n<li><strong>Vsestranske uporabe:<\/strong><br \/>\nHidravli\u010dni cilindri 10034 so primerni za razli\u010dne aplikacije, vklju\u010dno z industrijskimi stroji, kmetijsko opremo in gradbenimi projekti, zato so prilagodljivi razli\u010dnim operativnim potrebam.<\/li>\n<li><strong>Enostavna namestitev:<\/strong><br \/>\nZasnova omogo\u010da enostavno namestitev in hitro integracijo v obstoje\u010de sisteme. Ta enostavnost uporabe zmanj\u0161uje \u010das izpada in pove\u010duje produktivnost.<\/li>\n<\/ul>\n<p><img decoding=\"async\" src=\"https:\/\/hzpt.com\/wp-content\/uploads\/2023\/12\/random-2.webp\" alt=\"\" title=\"\"><\/p>\n<h4>Tehni\u010dne specifikacije:<\/h4>\n<table style=\"width: 89.7053%; height: 327px;\">\n<thead>\n<tr style=\"height: 23px;\">\n<th style=\"height: 23px;\">Specifikacija<\/th>\n<th style=\"height: 23px;\">Opis<\/th>\n<\/tr>\n<\/thead>\n<tbody>\n<tr style=\"height: 23px;\">\n<td style=\"height: 23px;\"><strong>Nosilnost<\/strong><\/td>\n<td style=\"height: 23px;\">Prilagodljivo<\/td>\n<\/tr>\n<tr style=\"height: 47px;\">\n<td style=\"height: 47px;\"><strong>Velikost izvrtine<\/strong><\/td>\n<td style=\"height: 47px;\">Na voljo so razli\u010dne mo\u017enosti<\/td>\n<\/tr>\n<tr style=\"height: 23px;\">\n<td style=\"height: 23px;\"><strong>Dol\u017eina giba<\/strong><\/td>\n<td style=\"height: 23px;\">Prilagodljivo<\/td>\n<\/tr>\n<tr style=\"height: 47px;\">\n<td style=\"height: 47px;\"><strong>Najve\u010dji tlak<\/strong><\/td>\n<td style=\"height: 47px;\">Do 3000 PSI<\/td>\n<\/tr>\n<tr style=\"height: 23px;\">\n<td style=\"height: 23px;\"><strong>Material<\/strong><\/td>\n<td style=\"height: 23px;\">Visokokakovostno jeklo<\/td>\n<\/tr>\n<tr style=\"height: 23px;\">\n<td style=\"height: 23px;\"><strong>Vrsta povezave<\/strong><\/td>\n<td style=\"height: 23px;\">Prirobni\u010dni ali navojni<\/td>\n<\/tr>\n<\/tbody>\n<\/table>\n<h4>Na\u010delo delovanja:<\/h4>\n<p>Varjeni hidravli\u010dni cilindri 10034 delujejo na principu tlaka hidravli\u010dne teko\u010dine. Ko se hidravli\u010dna teko\u010dina \u010drpa v valj, deluje na bat in ustvarja linearno gibanje v obe smeri. Ta u\u010dinkovit prenos mo\u010di omogo\u010da natan\u010den nadzor nad razli\u010dnimi nalogami in pove\u010duje operativno u\u010dinkovitost.<\/p>\n<p>Skratka, cenovno ugodni varjeni hidravli\u010dni cilindri 10034 z dvojnim delovanjem so zanesljiva in cenovno dostopna re\u0161itev za \u0161irok spekter uporabe. Zaradi svoje trpe\u017ene konstrukcije, vsestranskosti in enostavne namestitve so bistvena izbira za izbolj\u0161anje delovanja hidravli\u010dnih sistemov v industrijskih in kmetijskih okoljih.<\/p>\n<p>&nbsp;<\/p>\n<p><img decoding=\"async\" class=\"aligncenter\" src=\"https:\/\/hzpt.com\/wp-content\/uploads\/2023\/12\/random-3.webp\" alt=\"\" title=\"\"><\/p>\n<h2>Prednosti varjenega cilindra tipa T<\/h2>\n<ul>\n<li style=\"list-style-type: none;\">\n<ul>\n<li><strong>Pove\u010dana mo\u010d:<\/strong> Varjeni cilindri tipa T so znani po svoji visoki trdnosti, zaradi \u010desar so primerni za aplikacije, ki zahtevajo dvigovanje te\u017ekih bremen. Postopek varjenja, ki se uporablja med izdelavo teh cilindrov, zagotavlja, da je cilinder brez \u0161ibkih to\u010dk in lahko prenese visok tlak in obremenitve.<\/li>\n<\/ul>\n<\/li>\n<\/ul>\n<p>Ko se na valj izvaja pritisk, se ta enakomerno porazdeli po celotni povr\u0161ini, zaradi \u010desar je odporen na deformacije. Ta lastnost zagotavlja, da valj ohrani svojo obliko in strukturno celovitost tudi v ekstremnih pogojih.<\/p>\n<ul>\n<li style=\"list-style-type: none;\">\n<ul>\n<li><strong>Prepre\u010devanje pu\u0161\u010danja:<\/strong> Varjeni cilindri s T-kosom so zasnovani tako, da prepre\u010dujejo pu\u0161\u010danje. Postopek varjenja, ki se uporablja med izdelavo, zagotavlja, da je valj popolnoma zatesnjen in brez morebitnih pu\u0161\u010danj. Zaradi te lastnosti so primerni za uporabo v aplikacijah, kjer bi pu\u0161\u010danje lahko povzro\u010dilo resno \u0161kodo ali po\u0161kodbe.<\/li>\n<\/ul>\n<\/li>\n<\/ul>\n<p>Varjeni spoji so gladki, brez razpok ali utorov, kjer se lahko nabirajo ostanki ali umazanija, kar zmanj\u0161uje tveganje korozije in po\u0161kodb jeklenke.<\/p>\n<ul>\n<li style=\"list-style-type: none;\">\n<ul>\n<li><strong>Prilagodljivo:<\/strong> Varjene cilindre s T-kosom je mogo\u010de prilagoditi specifi\u010dnim aplikacijam. Cilindri so na voljo v razli\u010dnih velikostih in oblikah ter jih je mogo\u010de izdelati tako, da ustrezajo specifi\u010dnim zahtevam aplikacije.<\/li>\n<\/ul>\n<\/li>\n<\/ul>\n<p>Postopek prilagajanja omogo\u010da optimizacijo delovanja cilindra in zagotavlja, da je primeren za predvideno uporabo. Zaradi te lastnosti so varjeni cilindri s T-kosom idealni za uporabo v razli\u010dnih industrijskih aplikacijah, vklju\u010dno z gradbeni\u0161tvom, rudarstvom in ravnanjem z materiali.<\/p>\n<ul>\n<li style=\"list-style-type: none;\">\n<ul>\n<li><strong>Stro\u0161kovno u\u010dinkovito:<\/strong> Varjeni valji tipa T so stro\u0161kovno u\u010dinkovitej\u0161i v primerjavi z drugimi vrstami valjev. Postopek izdelave teh valjev je preprost, zaradi \u010desar so cenej\u0161i od drugih vrst valjev.<\/li>\n<\/ul>\n<\/li>\n<\/ul>\n<p>Poleg tega visoka trdnost in vzdr\u017eljivost varjenih valjev tipa T zmanj\u0161ujeta potrebo po pogostih popravilih in zamenjavah, kar prihrani stro\u0161ke vzdr\u017eevanja. Zaradi te lastnosti so priljubljena izbira za \u0161tevilne panoge, zlasti tiste z omejenim prora\u010dunom.<\/p>\n<ul>\n<li style=\"list-style-type: none;\">\n<ul>\n<li><strong>Pove\u010dana u\u010dinkovitost:<\/strong> Varjeni cilindri tipa T so zelo u\u010dinkoviti in uspe\u0161ni. Zasnova cilindra zagotavlja, da se uporabljena sila prenese neposredno na obremenitev, kar zmanj\u0161a izgubo energije in pove\u010da u\u010dinkovitost.<\/li>\n<\/ul>\n<\/li>\n<\/ul>\n<p>Varjeni spoji so mo\u010dni in togi, kar zmanj\u0161uje upogib in zagotavlja, da valj ohrani svojo obliko in strukturno celovitost tudi v ekstremnih pogojih. Zaradi te lastnosti so varjeni valji tipa T idealni za uporabo v aplikacijah, ki zahtevajo visoko u\u010dinkovitost in zanesljivost.<\/p>\n<h2>Uporaba varjenega valja tipa T<\/h2>\n<h3>Uvod<\/h3>\n<p>Varjeni T-cilinder je vrsta hidravli\u010dnega cilindra, ki se pogosto uporablja v industrijskih aplikacijah. Zasnovan je tako, da zagotavlja visoko izhodno silo v kompaktnem in stro\u0161kovno u\u010dinkovitem ohi\u0161ju. Ta tip cilindra je sestavljen iz varjenega T-kosa in batne palice, ki je pritrjena na T-kos. T-kos je povezan z valjem cilindra in vsebuje bat, ki se premika naprej in nazaj znotraj cilindra, da ustvari silo.<\/p>\n<h3>Prednosti varjenega cilindra tipa T<\/h3>\n<p>Uporaba varjenega cilindra tipa T v industrijskih aplikacijah ima ve\u010d prednosti:<\/p>\n<ul>\n<li><b>Kompaktna zasnova:<\/b> Varjeni cilindri s T-kosom so zasnovani tako, da so kompaktni, zaradi \u010desar so idealni za uporabo v aplikacijah z omejenim prostorom.<\/li>\n<li><b>Visoka u\u010dinkovitost:<\/b> Varjeni cilindri s T-priklju\u010dkom so zelo u\u010dinkoviti, kar pomeni, da lahko ustvarijo veliko silo z minimalnim vnosom energije.<\/li>\n<li><b>Trpe\u017eno:<\/b> Varjeni cilindri s T-kosom so zasnovani tako, da so zelo vzdr\u017eljivi, kar pomeni, da lahko prenesejo te\u017eke obratovalne pogoje in trajajo dolgo \u010dasa.<\/li>\n<li><b>Stro\u0161kovno u\u010dinkovito:<\/b> Varjeni cilindri tipa T so stro\u0161kovno u\u010dinkoviti, kar pomeni, da zagotavljajo dobro razmerje med ceno in kakovostjo.<\/li>\n<\/ul>\n<h3>Uporaba varjenega valja tipa T<\/h3>\n<p>Varjeni cilindri tipa T se uporabljajo v \u0161tevilnih panogah, vklju\u010dno z:<\/p>\n<ul>\n<li><b>Proizvodnja:<\/b> Varjeni cilindri tipa T se uporabljajo v proizvodnji za upravljanje strojev, premikanje te\u017ekih bremen in oblikovanje kovinskih delov.<\/li>\n<li><b>Kmetijstvo:<\/b> Varjeni cilindri s T-konektorjem se uporabljajo v kmetijstvu za upravljanje hidravli\u010dnih sistemov na traktorjih, kombajnih in drugi kmetijski opremi.<\/li>\n<li><b>Gradnja:<\/b> Varjeni cilindri s T-kosom se uporabljajo v gradbeni\u0161tvu za upravljanje strojev, kot so \u017eerjavi, bagri in nakladalniki.<\/li>\n<li><b>Rudarstvo:<\/b> Varjeni cilindri s T-kosom se uporabljajo v rudarstvu za upravljanje hidravli\u010dnih sistemov na te\u017eki opremi, kot so buldo\u017eerji, nakladalci in vrtalniki za skale.<\/li>\n<li><b>Prevoz:<\/b> Varjeni cilindri s T-kosom se uporabljajo v transportu za upravljanje hidravli\u010dnih sistemov na tovornjakih, avtobusih in drugih vozilih.<\/li>\n<\/ul>\n<p>Skratka, varjeni cilindri s T-kosom so pomemben sestavni del v \u0161tevilnih industrijskih aplikacijah. Zasnovani so tako, da so kompaktni, u\u010dinkoviti, vzdr\u017eljivi in \u200b\u200bstro\u0161kovno u\u010dinkoviti, zaradi \u010desar so idealna izbira za \u0161irok spekter uporabe. Ne glede na to, ali upravljate stroje v proizvodnem obratu, kmetijsko opremo na kmetiji ali te\u017eko opremo v rudniku, vam lahko varjeni cilindri s T-kosom pomagajo pri u\u010dinkovitem in uspe\u0161nem opravljanju dela.<\/p>\n<p><img loading=\"lazy\" decoding=\"async\" class=\"size-full wp-image-974 aligncenter\" src=\"https:\/\/fmp-components.com\/wp-content\/uploads\/2024\/12\/application-of-Welded-Tee-Type-Cylinder.webp\" alt=\"uporaba varjenega valja s T-kosom\" width=\"760\" height=\"860\" title=\"\" srcset=\"https:\/\/fmp-components.com\/wp-content\/uploads\/2024\/12\/application-of-Welded-Tee-Type-Cylinder.webp 760w, https:\/\/fmp-components.com\/wp-content\/uploads\/2024\/12\/application-of-Welded-Tee-Type-Cylinder-480x543.webp 480w\" sizes=\"(min-width: 0px) and (max-width: 480px) 480px, (min-width: 481px) 760px, 100vw\" \/><\/p>\n<h3>O FMP-ju<\/h3>\n<p>FMP, ustanovljeno pred ve\u010d kot 30 leti, je vodilni proizvajalec in dobavitelj hidravli\u010dnih cilindrov. Na\u0161e industrijsko obmo\u010dje se nahaja v Italiji in ponosni smo na na\u0161e najsodobnej\u0161e obrate, opremljene z ve\u010d kot 100 naprednimi stroji. Na\u0161a \u0161iroka paleta opreme vklju\u010duje avtomatske varilne stroje v za\u0161\u010ditni plinski atmosferi, stroje za globoko vrtanje, CNC stru\u017enice, cilindri\u010dne brusilnike, avtomatske \u010distilne stroje, avtomatske monta\u017ene stroje, avtomatske preskusne mize za delovanje hidravli\u010dnih cilindrov, avtomatske lakirne linije in drugo.<\/p>\n<p>Pri FMP dajemo prednost kakovosti in zadovoljstvu strank. Vsak hidravli\u010dni valj je podvr\u017een strogim pregledom in obdelavi, da zagotovimo vrhunsko kakovost za na\u0161e stranke.<\/p>\n<h4>Prednosti na\u0161ih izdelkov in podjetja:<\/h4>\n<ol>\n<li><strong>Storitev oblikovanja:<\/strong> Na\u0161a izku\u0161ena ekipa oblikovalcev je dobro opremljena za na\u010drtovanje in razvoj izdelkov s kardanskimi gredmi. \u010ce imate kakr\u0161ne koli zahteve za nove izdelke ali \u017eelite nadaljnje izbolj\u0161ave, smo tukaj, da vam pomagamo.<\/li>\n<li><strong>Storitev za izdelke:<\/strong> Na\u0161a celovita storitev zajema celoten proizvodni proces, vklju\u010dno z nabavo surovin, rezanjem, grobo obdelavo, testiranjem, \u010di\u0161\u010denjem, monta\u017eo, pakiranjem in transportom. Prizadevamo si za zagotavljanje izdelkov najvi\u0161jih standardov.<\/li>\n<li><strong>Vzorec postopka:<\/strong> Razumemo pomen prilagojenih re\u0161itev. Na\u0161a ekipa lahko razvije vzorce v skladu z va\u0161imi specifi\u010dnimi zahtevami in jih nenehno spreminja, da ustrezajo va\u0161im potrebam, s \u010dimer zagotavlja, da kon\u010dni izdelek popolnoma ustreza va\u0161im pri\u010dakovanjem.<\/li>\n<li><strong>Raziskave in razvoj:<\/strong> Kot napredno misle\u010de podjetje smo vedno na teko\u010dem s tr\u017enimi trendi in zahtevami. Ko na trg pridejo novi modeli, aktivno preu\u010dujemo potrebe trga in razvijamo inovativne re\u0161itve, da bi jih zadovoljili.<\/li>\n<li><strong>Prilagoditev:<\/strong> Poleg \u0161iroke ponudbe standardnih hidravli\u010dnih cilindrov smo specializirani tudi za prilagoditve. Sprejemamo va\u0161e edinstvene specifikacije in zagotavljamo re\u0161itve po meri, ki popolnoma ustrezajo va\u0161i aplikaciji.<\/li>\n<\/ol>\n<p><img decoding=\"async\" src=\"https:\/\/fmp-components.com\/wp-content\/uploads\/2024\/12\/fmp-factory-4.webp\" alt=\"Tovarna FMP\" width=\"800\" title=\"\"><\/p>\n<p>Avtor: CX<\/p>","protected":false},"excerpt":{"rendered":"<p>Stro\u0161kovno u\u010dinkoviti varjeni hidravli\u010dni cilindri 10034 so zasnovani za zanesljivo delovanje v razli\u010dnih aplikacijah in ponujajo robustno re\u0161itev tako za industrijske kot kmetijske potrebe. Ti dvostransko delujo\u010di cilindri so zasnovani za u\u010dinkovitost in vzdr\u017eljivost, zaradi \u010desar so dragocen dodatek k vsakemu hidravli\u010dnemu sistemu. Klju\u010dne zna\u010dilnosti: Dvostransko delujo\u010di mehanizem: Dvostransko delujo\u010da zasnova omogo\u010da [\u2026]<\/p>","protected":false},"featured_media":1132,"comment_status":"closed","ping_status":"closed","template":"","meta":{"_et_pb_use_builder":"","_et_pb_old_content":"","_et_gb_content_width":""},"product_brand":[],"product_cat":[31],"product_tag":[34,35],"class_list":{"0":"post-954","1":"product","2":"type-product","3":"status-publish","4":"has-post-thumbnail","6":"product_cat-welded-tee-type-cylinder","7":"product_tag-hydraulic-cylinder","8":"product_tag-welded-tee-type-cylinder","10":"first","11":"instock","12":"product-type-simple"},"_links":{"self":[{"href":"https:\/\/fmp-components.com\/sl\/wp-json\/wp\/v2\/product\/954","targetHints":{"allow":["GET"]}}],"collection":[{"href":"https:\/\/fmp-components.com\/sl\/wp-json\/wp\/v2\/product"}],"about":[{"href":"https:\/\/fmp-components.com\/sl\/wp-json\/wp\/v2\/types\/product"}],"replies":[{"embeddable":true,"href":"https:\/\/fmp-components.com\/sl\/wp-json\/wp\/v2\/comments?post=954"}],"wp:featuredmedia":[{"embeddable":true,"href":"https:\/\/fmp-components.com\/sl\/wp-json\/wp\/v2\/media\/1132"}],"wp:attachment":[{"href":"https:\/\/fmp-components.com\/sl\/wp-json\/wp\/v2\/media?parent=954"}],"wp:term":[{"taxonomy":"product_brand","embeddable":true,"href":"https:\/\/fmp-components.com\/sl\/wp-json\/wp\/v2\/product_brand?post=954"},{"taxonomy":"product_cat","embeddable":true,"href":"https:\/\/fmp-components.com\/sl\/wp-json\/wp\/v2\/product_cat?post=954"},{"taxonomy":"product_tag","embeddable":true,"href":"https:\/\/fmp-components.com\/sl\/wp-json\/wp\/v2\/product_tag?post=954"}],"curies":[{"name":"delovni list","href":"https:\/\/api.w.org\/{rel}","templated":true}]}}