{"id":953,"date":"2024-12-19T03:39:43","date_gmt":"2024-12-19T03:39:43","guid":{"rendered":"https:\/\/fmp-components.com\/product\/10033-good-quality-mini-hydraulic-cylinder-double-acting-for-tractor\/"},"modified":"2024-12-19T08:48:11","modified_gmt":"2024-12-19T08:48:11","slug":"10033-good-quality-mini-hydraulic-cylinder-double-acting-for-tractor","status":"publish","type":"product","link":"https:\/\/fmp-components.com\/sl\/product\/10033-good-quality-mini-hydraulic-cylinder-double-acting-for-tractor\/","title":{"rendered":"10033 Kakovosten mini hidravli\u010dni cilinder z dvojnim delovanjem za traktor"},"content":{"rendered":"<p>Mini hidravli\u010dni cilinder dobre kakovosti 10033 je posebej zasnovan za uporabo s traktorji in ponuja zanesljivo delovanje ter u\u010dinkovito delovanje. Ta dvostransko delujo\u010di hidravli\u010dni cilinder je kompakten, a zmogljiv, zaradi \u010desar je bistvena komponenta za razli\u010dna kmetijska opravila.<\/p>\n<h4>Klju\u010dne lastnosti:<\/h4>\n<ul>\n<li><strong>Dvojno delujo\u010da zasnova:<\/strong><br \/>\nDvostransko delujo\u010di mehanizem omogo\u010da gladko delovanje tako pri iztegovanju kot vvla\u010denju, kar zagotavlja odli\u010den nadzor med dvigovanjem in spu\u0161\u010danjem. Ta lastnost pove\u010duje u\u010dinkovitost delovanja traktorja, zaradi \u010desar je idealen za razli\u010dne aplikacije.<\/li>\n<li><strong>Mini velikost:<\/strong><br \/>\nKompaktna zasnova hidravli\u010dnega cilindra 10033 ga naredi idealnega za uporabo v tesnih prostorih na traktorjih. Njegova majhna velikost ne vpliva na njegovo trdnost, kar omogo\u010da u\u010dinkovito delovanje v razli\u010dnih kmetijskih okoljih.<\/li>\n<li><strong>Visokokakovostna gradnja:<\/strong><br \/>\nTa hidravli\u010dni cilinder je izdelan iz trpe\u017enih materialov in je zasnovan tako, da prenese te\u017eke pogoje v kmetijskem okolju. Njegova robustna konstrukcija zagotavlja dolgotrajno zanesljivost in zmogljivost.<\/li>\n<li><strong>Vsestranske uporabe:<\/strong><br \/>\nHidravli\u010dni cilinder 10033 je primeren za vrsto traktorskih aplikacij, vklju\u010dno z dvigovanjem priklju\u010dkov, spu\u0161\u010danjem priklju\u010dkov in drugimi hidravli\u010dnimi funkcijami. Zaradi svoje vsestranskosti je dragoceno orodje za kmete in upravljavce.<\/li>\n<li><strong>Stro\u0161kovno u\u010dinkovita re\u0161itev:<\/strong><br \/>\nTa mini hidravli\u010dni cilinder ponuja odli\u010dno razmerje med ceno in kakovostjo ter zagotavlja zanesljivo delovanje po dostopni ceni. Je idealna izbira za nadgradnjo ali zamenjavo hidravli\u010dnih komponent v traktorjih.<\/li>\n<\/ul>\n<p><img loading=\"lazy\" decoding=\"async\" class=\"size-full wp-image-977 aligncenter\" src=\"https:\/\/fmp-components.com\/wp-content\/uploads\/2024\/12\/Welded-Tee-Type-Cylinder3.webp\" alt=\"Varjeni valj tipa T\" width=\"653\" height=\"600\" title=\"\" srcset=\"https:\/\/fmp-components.com\/wp-content\/uploads\/2024\/12\/Welded-Tee-Type-Cylinder3.webp 653w, https:\/\/fmp-components.com\/wp-content\/uploads\/2024\/12\/Welded-Tee-Type-Cylinder3-480x441.webp 480w\" sizes=\"(min-width: 0px) and (max-width: 480px) 480px, (min-width: 481px) 653px, 100vw\" \/><\/p>\n<h4>Tehni\u010dne specifikacije:<\/h4>\n<table style=\"width: 100.145%; height: 246px;\">\n<thead>\n<tr>\n<th>Specifikacija<\/th>\n<th>Opis<\/th>\n<\/tr>\n<\/thead>\n<tbody>\n<tr>\n<td><strong>Nosilnost<\/strong><\/td>\n<td>Prilagodljivo<\/td>\n<\/tr>\n<tr>\n<td><strong>Velikost izvrtine<\/strong><\/td>\n<td>Na voljo so razli\u010dne mo\u017enosti<\/td>\n<\/tr>\n<tr>\n<td><strong>Dol\u017eina giba<\/strong><\/td>\n<td>Prilagodljivo<\/td>\n<\/tr>\n<tr>\n<td><strong>Najve\u010dji tlak<\/strong><\/td>\n<td>Do 3000 PSI<\/td>\n<\/tr>\n<tr>\n<td><strong>Material<\/strong><\/td>\n<td>Visokokakovostno jeklo ali aluminij<\/td>\n<\/tr>\n<tr>\n<td><strong>Vrsta povezave<\/strong><\/td>\n<td>Prirobni\u010dni ali navojni<\/td>\n<\/tr>\n<\/tbody>\n<\/table>\n<h4>Na\u010delo delovanja:<\/h4>\n<p>Mini hidravli\u010dni cilinder 10033 deluje na principu tlaka hidravli\u010dne teko\u010dine. Ko se hidravli\u010dna teko\u010dina vnese v valj, deluje na bat in ustvarja linearno gibanje v obe smeri. Ta u\u010dinkovit prenos mo\u010di omogo\u010da natan\u010den nadzor nad delovanjem traktorja in pove\u010duje splo\u0161no produktivnost.<\/p>\n<p>Skratka, mini hidravli\u010dni cilinder 10033 dobre kakovosti z dvojnim delovanjem za traktor je zanesljiva in u\u010dinkovita re\u0161itev za kmetijsko uporabo. Zaradi svoje trpe\u017ene konstrukcije, kompaktne zasnove in vsestranskosti je bistveno orodje za izbolj\u0161anje zmogljivosti in u\u010dinkovitosti traktorjev.<\/p>\n<p><img decoding=\"async\" class=\"aligncenter\" src=\"https:\/\/hzpt.com\/wp-content\/uploads\/2023\/12\/random-3.webp\" alt=\"\" title=\"\"><\/p>\n<h2>Pogosta vpra\u0161anja<\/h2>\n<dl>\n<dt>V1: Kak\u0161na je prostornina hidravli\u010dnega cilindra?<\/dt>\n<dd>A1: Hidravli\u010dni cilinder ima dvojno delovanje.<\/dd>\n<dt>V2: Kak\u0161na je nosilnost izdelka?<\/dt>\n<dd>A2: Izdelek ima visoko nosilnost.<\/dd>\n<dt>V3: Ali je izdelek energetsko u\u010dinkovit?<\/dt>\n<dd>A3: Da, hidravli\u010dni cilinder u\u010dinkovito izkori\u0161\u010da mo\u010d, kar ima za posledico manj\u0161o porabo energije.<\/dd>\n<dt>V4: Kak\u0161ni so varnostni ukrepi izdelka?<\/dt>\n<dd>A4: Izdelek je zasnovan z varnostnimi ukrepi za prepre\u010devanje morebitnih nesre\u010d med delovanjem.<\/dd>\n<dt>V5: Kak\u0161ne so uporabe tega hidravli\u010dnega cilindra?<\/dt>\n<dd>A5: Ta hidravli\u010dni cilinder se uporablja predvsem v traktorjih za razli\u010dne operacije.<\/dd>\n<\/dl>\n<h2>Prednosti varjenega cilindra tipa T<\/h2>\n<ul>\n<li style=\"list-style-type: none;\">\n<ul>\n<li><strong>Pove\u010dana mo\u010d:<\/strong> Varjeni cilindri tipa T so znani po svoji visoki trdnosti, zaradi \u010desar so primerni za aplikacije, ki zahtevajo dvigovanje te\u017ekih bremen. Postopek varjenja, ki se uporablja med izdelavo teh cilindrov, zagotavlja, da je cilinder brez \u0161ibkih to\u010dk in lahko prenese visok tlak in obremenitve.<\/li>\n<\/ul>\n<\/li>\n<\/ul>\n<p>Ko se na valj izvaja pritisk, se ta enakomerno porazdeli po celotni povr\u0161ini, zaradi \u010desar je odporen na deformacije. Ta lastnost zagotavlja, da valj ohrani svojo obliko in strukturno celovitost tudi v ekstremnih pogojih.<\/p>\n<ul>\n<li style=\"list-style-type: none;\">\n<ul>\n<li><strong>Prepre\u010devanje pu\u0161\u010danja:<\/strong> Varjeni cilindri s T-kosom so zasnovani tako, da prepre\u010dujejo pu\u0161\u010danje. Postopek varjenja, ki se uporablja med izdelavo, zagotavlja, da je valj popolnoma zatesnjen in brez morebitnih pu\u0161\u010danj. Zaradi te lastnosti so primerni za uporabo v aplikacijah, kjer bi pu\u0161\u010danje lahko povzro\u010dilo resno \u0161kodo ali po\u0161kodbe.<\/li>\n<\/ul>\n<\/li>\n<\/ul>\n<p>Varjeni spoji so gladki, brez razpok ali utorov, kjer se lahko nabirajo ostanki ali umazanija, kar zmanj\u0161uje tveganje korozije in po\u0161kodb jeklenke.<\/p>\n<ul>\n<li style=\"list-style-type: none;\">\n<ul>\n<li><strong>Prilagodljivo:<\/strong> Varjene cilindre s T-kosom je mogo\u010de prilagoditi specifi\u010dnim aplikacijam. Cilindri so na voljo v razli\u010dnih velikostih in oblikah ter jih je mogo\u010de izdelati tako, da ustrezajo specifi\u010dnim zahtevam aplikacije.<\/li>\n<\/ul>\n<\/li>\n<\/ul>\n<p>Postopek prilagajanja omogo\u010da optimizacijo delovanja cilindra in zagotavlja, da je primeren za predvideno uporabo. Zaradi te lastnosti so varjeni cilindri s T-kosom idealni za uporabo v razli\u010dnih industrijskih aplikacijah, vklju\u010dno z gradbeni\u0161tvom, rudarstvom in ravnanjem z materiali.<\/p>\n<ul>\n<li style=\"list-style-type: none;\">\n<ul>\n<li><strong>Stro\u0161kovno u\u010dinkovito:<\/strong> Varjeni valji tipa T so stro\u0161kovno u\u010dinkovitej\u0161i v primerjavi z drugimi vrstami valjev. Postopek izdelave teh valjev je preprost, zaradi \u010desar so cenej\u0161i od drugih vrst valjev.<\/li>\n<\/ul>\n<\/li>\n<\/ul>\n<p>Poleg tega visoka trdnost in vzdr\u017eljivost varjenih valjev tipa T zmanj\u0161ujeta potrebo po pogostih popravilih in zamenjavah, kar prihrani stro\u0161ke vzdr\u017eevanja. Zaradi te lastnosti so priljubljena izbira za \u0161tevilne panoge, zlasti tiste z omejenim prora\u010dunom.<\/p>\n<ul>\n<li style=\"list-style-type: none;\">\n<ul>\n<li><strong>Pove\u010dana u\u010dinkovitost:<\/strong> Varjeni cilindri tipa T so zelo u\u010dinkoviti in uspe\u0161ni. Zasnova cilindra zagotavlja, da se uporabljena sila prenese neposredno na obremenitev, kar zmanj\u0161a izgubo energije in pove\u010da u\u010dinkovitost.<\/li>\n<\/ul>\n<\/li>\n<\/ul>\n<p>Varjeni spoji so mo\u010dni in togi, kar zmanj\u0161uje upogib in zagotavlja, da valj ohrani svojo obliko in strukturno celovitost tudi v ekstremnih pogojih. Zaradi te lastnosti so varjeni valji tipa T idealni za uporabo v aplikacijah, ki zahtevajo visoko u\u010dinkovitost in zanesljivost.<\/p>\n<p><img loading=\"lazy\" decoding=\"async\" class=\"size-full wp-image-974 aligncenter\" src=\"https:\/\/fmp-components.com\/wp-content\/uploads\/2024\/12\/application-of-Welded-Tee-Type-Cylinder.webp\" alt=\"uporaba varjenega valja s T-kosom\" width=\"760\" height=\"860\" title=\"\" srcset=\"https:\/\/fmp-components.com\/wp-content\/uploads\/2024\/12\/application-of-Welded-Tee-Type-Cylinder.webp 760w, https:\/\/fmp-components.com\/wp-content\/uploads\/2024\/12\/application-of-Welded-Tee-Type-Cylinder-480x543.webp 480w\" sizes=\"(min-width: 0px) and (max-width: 480px) 480px, (min-width: 481px) 760px, 100vw\" \/><\/p>\n<h2>Uporaba varjenega valja tipa T<\/h2>\n<h3>Uvod<\/h3>\n<p>Varjeni T-cilinder je vrsta hidravli\u010dnega cilindra, ki se pogosto uporablja v industrijskih aplikacijah. Zasnovan je tako, da zagotavlja visoko izhodno silo v kompaktnem in stro\u0161kovno u\u010dinkovitem ohi\u0161ju. Ta tip cilindra je sestavljen iz varjenega T-kosa in batne palice, ki je pritrjena na T-kos. T-kos je povezan z valjem cilindra in vsebuje bat, ki se premika naprej in nazaj znotraj cilindra, da ustvari silo.<\/p>\n<h3>Prednosti varjenega cilindra tipa T<\/h3>\n<p>Uporaba varjenega cilindra tipa T v industrijskih aplikacijah ima ve\u010d prednosti:<\/p>\n<ul>\n<li><b>Kompaktna zasnova:<\/b> Varjeni cilindri s T-kosom so zasnovani tako, da so kompaktni, zaradi \u010desar so idealni za uporabo v aplikacijah z omejenim prostorom.<\/li>\n<li><b>Visoka u\u010dinkovitost:<\/b> Varjeni cilindri s T-priklju\u010dkom so zelo u\u010dinkoviti, kar pomeni, da lahko ustvarijo veliko silo z minimalnim vnosom energije.<\/li>\n<li><b>Trpe\u017eno:<\/b> Varjeni cilindri s T-kosom so zasnovani tako, da so zelo vzdr\u017eljivi, kar pomeni, da lahko prenesejo te\u017eke obratovalne pogoje in trajajo dolgo \u010dasa.<\/li>\n<li><b>Stro\u0161kovno u\u010dinkovito:<\/b> Varjeni cilindri tipa T so stro\u0161kovno u\u010dinkoviti, kar pomeni, da zagotavljajo dobro razmerje med ceno in kakovostjo.<\/li>\n<\/ul>\n<h3>Uporaba varjenega valja tipa T<\/h3>\n<p>Varjeni cilindri tipa T se uporabljajo v \u0161tevilnih panogah, vklju\u010dno z:<\/p>\n<ul>\n<li><b>Proizvodnja:<\/b> Varjeni cilindri tipa T se uporabljajo v proizvodnji za upravljanje strojev, premikanje te\u017ekih bremen in oblikovanje kovinskih delov.<\/li>\n<li><b>Kmetijstvo:<\/b> Varjeni cilindri s T-konektorjem se uporabljajo v kmetijstvu za upravljanje hidravli\u010dnih sistemov na traktorjih, kombajnih in drugi kmetijski opremi.<\/li>\n<li><b>Gradnja:<\/b> Varjeni cilindri s T-kosom se uporabljajo v gradbeni\u0161tvu za upravljanje strojev, kot so \u017eerjavi, bagri in nakladalniki.<\/li>\n<li><b>Rudarstvo:<\/b> Varjeni cilindri s T-kosom se uporabljajo v rudarstvu za upravljanje hidravli\u010dnih sistemov na te\u017eki opremi, kot so buldo\u017eerji, nakladalci in vrtalniki za skale.<\/li>\n<li><b>Prevoz:<\/b> Varjeni cilindri s T-kosom se uporabljajo v transportu za upravljanje hidravli\u010dnih sistemov na tovornjakih, avtobusih in drugih vozilih.<\/li>\n<\/ul>\n<p>Skratka, varjeni cilindri s T-kosom so pomemben sestavni del v \u0161tevilnih industrijskih aplikacijah. Zasnovani so tako, da so kompaktni, u\u010dinkoviti, vzdr\u017eljivi in \u200b\u200bstro\u0161kovno u\u010dinkoviti, zaradi \u010desar so idealna izbira za \u0161irok spekter uporabe. Ne glede na to, ali upravljate stroje v proizvodnem obratu, kmetijsko opremo na kmetiji ali te\u017eko opremo v rudniku, vam lahko varjeni cilindri s T-kosom pomagajo pri u\u010dinkovitem in uspe\u0161nem opravljanju dela.<\/p>\n<h3>O FMP-ju<\/h3>\n<p>FMP je priznan proizvajalec in dobavitelj hidravli\u010dnih cilindrov, ki ponuja razli\u010dne tipe in mo\u017enosti prilagoditve. Z ve\u010d kot 30-letnimi izku\u0161njami v industrijskem obmo\u010dju Italije si je FMP prislu\u017eil sloves ponudnika visokokakovostnih izdelkov in izjemne storitve za stranke. Ponosni smo na na\u0161o \u0161iroko paleto opreme, ki se pona\u0161a z ve\u010d kot 100 enotami, vklju\u010dno z avtomatskimi stroji za varjenje v za\u0161\u010ditni plinski atmosferi, stroji za globoko vrtanje, CNC stru\u017enicami, cilindri\u010dnimi brusilniki, avtomatskimi \u010distilnimi stroji, avtomatskimi monta\u017enimi stroji, avtomatskimi preskusnimi mizami za delovanje hidravli\u010dnih cilindrov in avtomatskimi linijami za barvanje.<\/p>\n<p><img decoding=\"async\" src=\"https:\/\/fmp-components.com\/wp-content\/uploads\/2024\/12\/fmp-factory-4.webp\" alt=\"Tovarna FMP\" width=\"800\" title=\"\"><\/p>\n<p>Pri FMP zagotavljamo, da je vsak hidravli\u010dni valj podvr\u017een strogim pregledom in obdelavi, da bi na\u0161im cenjenim strankam zagotovili vrhunsko kakovost in zanesljivost. Na\u0161a zavezanost odli\u010dnosti sega dlje od na\u0161ih izdelkov, saj ponujamo vrsto storitev, ki ustrezajo va\u0161im specifi\u010dnim zahtevam:<\/p>\n<ol>\n<li><strong>Storitev oblikovanja:<\/strong> Na\u0161a izku\u0161ena ekipa oblikovalcev je opremljena za na\u010drtovanje in razvoj izdelkov s kardanskimi gredmi. Ne glede na to, ali potrebujete nov izdelek ali izbolj\u0161ave obstoje\u010dega, smo tukaj, da vam pomagamo.<\/li>\n<li><strong>Storitev za izdelke:<\/strong> Od iskanja najbolj\u0161ih surovin do rezanja, grobe obdelave, testiranja, \u010di\u0161\u010denja, monta\u017ee, pakiranja in transporta skrbno nadzorujemo vsako fazo proizvodnega procesa, da zagotovimo najvi\u0161je standarde.<\/li>\n<li><strong>Vzorec postopka:<\/strong> Razumemo pomen prilagojenih vzorcev. Vzorce lahko razvijemo glede na va\u0161e specifi\u010dne zahteve in jih nenehno spreminjamo, dokler ne ustrezajo va\u0161im potrebam.<\/li>\n<li><strong>Raziskave in razvoj:<\/strong> Kot podjetje, ki je zavezano inovacijam, nenehno preu\u010dujemo razvijajo\u010de se potrebe trga, zlasti ko se uvedejo novi modeli avtomobilov. To nam omogo\u010da razvoj novih in izbolj\u0161anih modelov hidravli\u010dnih cilindrov, ki so usklajeni z najnovej\u0161imi trendi.<\/li>\n<\/ol>\n<p>Z izbiro podjetja FMP za zaupanja vrednega partnerja pridobite dostop do vrhunskih hidravli\u010dnih cilindrov in \u0161tevilnih prednosti. Na\u0161e klju\u010dne prednosti vklju\u010dujejo:<\/p>\n<ul>\n<li>Vrhunska kakovost: Vsak hidravli\u010dni valj je podvr\u017een strogim pregledom in obdelavi, kar zagotavlja izjemno zmogljivost in vzdr\u017eljivost.<\/li>\n<li>Prilagoditev: Ponujamo re\u0161itve po meri, ki ustrezajo va\u0161im edinstvenim zahtevam, in zagotavljamo, da se na\u0161i hidravli\u010dni cilindri popolnoma ujemajo z va\u0161imi aplikacijami.<\/li>\n<li>Obse\u017ena ponudba opreme: S \u0161iroko paleto napredne opreme lahko izdelujemo hidravli\u010dne cilindre, ki ustrezajo razli\u010dnim specifikacijam in potrebam industrije.<\/li>\n<li>Izku\u0161ena oblikovalska ekipa: Na\u0161a usposobljena oblikovalska ekipa ima poglobljeno strokovno znanje na podro\u010dju oblikovanja izdelkov, kar nam omogo\u010da, da ponujamo inovativne in zanesljive re\u0161itve.<\/li>\n<li>Celovite storitve: Od zasnove in proizvodnje do dostave in poprodajne podpore je na\u0161a predana ekipa zavezana zagotavljanju brezhibne izku\u0161nje skozi celoten proces.<\/li>\n<\/ul>\n<p>Sodelujte s FMP \u0161e danes in izkusite odli\u010dnost, ki nas lo\u010di od drugih v industriji hidravli\u010dnih cilindrov.<\/p>\n<p>Avtor: CX<\/p>","protected":false},"excerpt":{"rendered":"<p>The 10033 Good Quality Mini Hydraulic Cylinder is specifically designed for tractor applications, offering reliable performance and efficient operation. This double acting hydraulic cylinder is compact yet powerful, making it an essential component for various agricultural tasks. Key Features: Double Acting Design: The double acting mechanism allows for smooth operation in both extension and retraction, [&hellip;]<\/p>","protected":false},"featured_media":1133,"comment_status":"closed","ping_status":"closed","template":"","meta":{"_et_pb_use_builder":"","_et_pb_old_content":"","_et_gb_content_width":""},"product_brand":[],"product_cat":[31],"product_tag":[34,35],"class_list":{"0":"post-953","1":"product","2":"type-product","3":"status-publish","4":"has-post-thumbnail","6":"product_cat-welded-tee-type-cylinder","7":"product_tag-hydraulic-cylinder","8":"product_tag-welded-tee-type-cylinder","10":"first","11":"instock","12":"product-type-simple"},"_links":{"self":[{"href":"https:\/\/fmp-components.com\/sl\/wp-json\/wp\/v2\/product\/953","targetHints":{"allow":["GET"]}}],"collection":[{"href":"https:\/\/fmp-components.com\/sl\/wp-json\/wp\/v2\/product"}],"about":[{"href":"https:\/\/fmp-components.com\/sl\/wp-json\/wp\/v2\/types\/product"}],"replies":[{"embeddable":true,"href":"https:\/\/fmp-components.com\/sl\/wp-json\/wp\/v2\/comments?post=953"}],"wp:featuredmedia":[{"embeddable":true,"href":"https:\/\/fmp-components.com\/sl\/wp-json\/wp\/v2\/media\/1133"}],"wp:attachment":[{"href":"https:\/\/fmp-components.com\/sl\/wp-json\/wp\/v2\/media?parent=953"}],"wp:term":[{"taxonomy":"product_brand","embeddable":true,"href":"https:\/\/fmp-components.com\/sl\/wp-json\/wp\/v2\/product_brand?post=953"},{"taxonomy":"product_cat","embeddable":true,"href":"https:\/\/fmp-components.com\/sl\/wp-json\/wp\/v2\/product_cat?post=953"},{"taxonomy":"product_tag","embeddable":true,"href":"https:\/\/fmp-components.com\/sl\/wp-json\/wp\/v2\/product_tag?post=953"}],"curies":[{"name":"delovni list","href":"https:\/\/api.w.org\/{rel}","templated":true}]}}