{"id":952,"date":"2024-12-19T03:39:43","date_gmt":"2024-12-19T03:39:43","guid":{"rendered":"https:\/\/fmp-components.com\/product\/10032-factory-direct-sale-double-acting-hydraulic-cylinder-for-trailer\/"},"modified":"2024-12-19T08:47:35","modified_gmt":"2024-12-19T08:47:35","slug":"10032-factory-direct-sale-double-acting-hydraulic-cylinder-for-trailer","status":"publish","type":"product","link":"https:\/\/fmp-components.com\/sl\/product\/10032-factory-direct-sale-double-acting-hydraulic-cylinder-for-trailer\/","title":{"rendered":"10032 Tovarni\u0161ko neposredno prodajni dvosmerni hidravli\u010dni cilinder za prikolico"},"content":{"rendered":"<p>Dvosmerni hidravli\u010dni cilinder 10032, ki je naprodaj neposredno iz tovarne, je zasnovan posebej za uporabo s priklopniki in ponuja izjemno zmogljivost in zanesljivost. Ta hidravli\u010dni cilinder je zasnovan za zmogljivo dvigovanje in spu\u0161\u010danje, zaradi \u010desar je bistvenega pomena za u\u010dinkovito delovanje priklopnika.<\/p>\n<h4>Klju\u010dne lastnosti:<\/h4>\n<ul>\n<li><strong>Dvojno delujo\u010da funkcionalnost<\/strong>Omogo\u010da gladko delovanje tako pri iztegovanju kot vle\u010denju, kar zagotavlja natan\u010den nadzor med nakladanjem in razkladanjem.<\/li>\n<li><strong>Neposredna prodaja iz tovarne<\/strong>Ponujamo neposredno od proizvajalca, kar zagotavlja konkuren\u010dne cene in visoko kakovost brez posrednikov.<\/li>\n<li><strong>Robustna konstrukcija<\/strong>Izdelano iz visoko trdnih materialov, ki prenesejo velike obremenitve in te\u017eke delovne pogoje, kar zagotavlja vzdr\u017eljivost in dolgo \u017eivljenjsko dobo.<\/li>\n<li><strong>Odporna proti koroziji povr\u0161ina<\/strong>Prevle\u010deno za za\u0161\u010dito pred rjo in korozijo, primerno za zunanjo uporabo in razli\u010dne vremenske razmere.<\/li>\n<li><strong>Enostavna namestitev<\/strong>Zasnovan za hitro in enostavno integracijo v obstoje\u010de sisteme prikolic, kar skraj\u0161a \u010das nastavitve.<\/li>\n<\/ul>\n<h4>Prednosti:<\/h4>\n<ul>\n<li><strong>Pove\u010dana u\u010dinkovitost<\/strong>Izbolj\u0161a operativno u\u010dinkovitost priklopnikov, saj omogo\u010da gladko in zanesljivo dvigovanje in spu\u0161\u010danje.<\/li>\n<li><strong>Vsestranske uporabe<\/strong>Primeren za razli\u010dne vrste in na\u010dine uporabe prikolic, zaradi \u010desar je vsestranski dodatek k va\u0161i opremi.<\/li>\n<li><strong>Zni\u017eani stro\u0161ki vzdr\u017eevanja<\/strong>Trpe\u017ena zasnova zmanj\u0161uje obrabo, kar s\u010dasoma vodi do ni\u017ejih stro\u0161kov vzdr\u017eevanja.<\/li>\n<\/ul>\n<p>Dvosmerni hidravli\u010dni cilinder 10032, ki je naprodaj neposredno iz tovarne, je bistvena komponenta za prikolice, saj zagotavlja zanesljivo delovanje in u\u010dinkovitost. Zaradi robustne zasnove in neposrednih cen iz tovarne je odli\u010dna izbira za vse, ki \u017eelijo izbolj\u0161ati svoje delovanje s prikolico.<\/p>\n<p><img decoding=\"async\" src=\"https:\/\/hzpt.com\/wp-content\/uploads\/2023\/12\/random-3.webp\" alt=\"\" title=\"\"><\/p>\n<p>&nbsp;<\/p>\n<h2>Prednosti varjenega cilindra tipa T<\/h2>\n<ul>\n<li style=\"list-style-type: none;\">\n<ul>\n<li><strong>Pove\u010dana mo\u010d:<\/strong> Varjeni cilindri tipa T so znani po svoji visoki trdnosti, zaradi \u010desar so primerni za aplikacije, ki zahtevajo dvigovanje te\u017ekih bremen. Postopek varjenja, ki se uporablja med izdelavo teh cilindrov, zagotavlja, da je cilinder brez \u0161ibkih to\u010dk in lahko prenese visok tlak in obremenitve.<\/li>\n<\/ul>\n<\/li>\n<\/ul>\n<p>Ko se na valj izvaja pritisk, se ta enakomerno porazdeli po celotni povr\u0161ini, zaradi \u010desar je odporen na deformacije. Ta lastnost zagotavlja, da valj ohrani svojo obliko in strukturno celovitost tudi v ekstremnih pogojih.<\/p>\n<ul>\n<li style=\"list-style-type: none;\">\n<ul>\n<li><strong>Prepre\u010devanje pu\u0161\u010danja:<\/strong> Varjeni cilindri s T-kosom so zasnovani tako, da prepre\u010dujejo pu\u0161\u010danje. Postopek varjenja, ki se uporablja med izdelavo, zagotavlja, da je valj popolnoma zatesnjen in brez morebitnih pu\u0161\u010danj. Zaradi te lastnosti so primerni za uporabo v aplikacijah, kjer bi pu\u0161\u010danje lahko povzro\u010dilo resno \u0161kodo ali po\u0161kodbe.<\/li>\n<\/ul>\n<\/li>\n<\/ul>\n<p>Varjeni spoji so gladki, brez razpok ali utorov, kjer se lahko nabirajo ostanki ali umazanija, kar zmanj\u0161uje tveganje korozije in po\u0161kodb jeklenke.<\/p>\n<ul>\n<li style=\"list-style-type: none;\">\n<ul>\n<li><strong>Prilagodljivo:<\/strong> Varjene cilindre s T-kosom je mogo\u010de prilagoditi specifi\u010dnim aplikacijam. Cilindri so na voljo v razli\u010dnih velikostih in oblikah ter jih je mogo\u010de izdelati tako, da ustrezajo specifi\u010dnim zahtevam aplikacije.<\/li>\n<\/ul>\n<\/li>\n<\/ul>\n<p>Postopek prilagajanja omogo\u010da optimizacijo delovanja cilindra in zagotavlja, da je primeren za predvideno uporabo. Zaradi te lastnosti so varjeni cilindri s T-kosom idealni za uporabo v razli\u010dnih industrijskih aplikacijah, vklju\u010dno z gradbeni\u0161tvom, rudarstvom in ravnanjem z materiali.<\/p>\n<ul>\n<li style=\"list-style-type: none;\">\n<ul>\n<li><strong>Stro\u0161kovno u\u010dinkovito:<\/strong> Varjeni valji tipa T so stro\u0161kovno u\u010dinkovitej\u0161i v primerjavi z drugimi vrstami valjev. Postopek izdelave teh valjev je preprost, zaradi \u010desar so cenej\u0161i od drugih vrst valjev.<\/li>\n<\/ul>\n<\/li>\n<\/ul>\n<p>Poleg tega visoka trdnost in vzdr\u017eljivost varjenih valjev tipa T zmanj\u0161ujeta potrebo po pogostih popravilih in zamenjavah, kar prihrani stro\u0161ke vzdr\u017eevanja. Zaradi te lastnosti so priljubljena izbira za \u0161tevilne panoge, zlasti tiste z omejenim prora\u010dunom.<\/p>\n<ul>\n<li style=\"list-style-type: none;\">\n<ul>\n<li><strong>Pove\u010dana u\u010dinkovitost:<\/strong> Varjeni cilindri tipa T so zelo u\u010dinkoviti in uspe\u0161ni. Zasnova cilindra zagotavlja, da se uporabljena sila prenese neposredno na obremenitev, kar zmanj\u0161a izgubo energije in pove\u010da u\u010dinkovitost.<\/li>\n<\/ul>\n<\/li>\n<\/ul>\n<p>Varjeni spoji so mo\u010dni in togi, kar zmanj\u0161uje upogib in zagotavlja, da valj ohrani svojo obliko in strukturno celovitost tudi v ekstremnih pogojih. Zaradi te lastnosti so varjeni valji tipa T idealni za uporabo v aplikacijah, ki zahtevajo visoko u\u010dinkovitost in zanesljivost.<\/p>\n<p><img decoding=\"async\" src=\"https:\/\/hzpt.com\/wp-content\/uploads\/2023\/12\/random-1.webp?v=1694163707\" alt=\"\" title=\"\"><\/p>\n<h2>Uporaba varjenega valja tipa T<\/h2>\n<ol>\n<li>\n<h3>Avtomobilska industrija<\/h3>\n<p>Varjeni cilindri tipa T se pogosto uporabljajo v avtomobilski industriji. Uporabljajo se v avtomobilskih vratih, dvigalih pokrova motorja in prtlja\u017enika, strehah kabrioletov in servo volanskih sistemih. Ti cilindri so priljubljeni zaradi svoje sposobnosti zagotavljanja visoke izhodne sile z majhnimi prostorskimi potrebami. Zasnova cilindra tipa T je zelo primerna za aplikacije, kjer je treba silo prenesti v dve razli\u010dni smeri.<\/p>\n<p>Poleg tega varjena konstrukcija teh valjev omogo\u010da delovanje pri visokih temperaturah in tlakih brez pu\u0161\u010danja. Zaradi tega so primerni za uporabo v motorjih, menjalnikih in zavornih sistemih.<\/li>\n<li>\n<h3>Predelovalna industrija<\/h3>\n<p>Varjeni cilindri s T-kosom se uporabljajo tudi v predelovalni industriji. Uporabljajo se v hidravli\u010dnih stiskalnicah, kova\u0161kih strojih in strojih za rezanje kovin. Zaradi visoke izhodne sile teh cilindrov so idealni za aplikacije, kjer je potrebna velika sila v majhnem prostoru.<\/p>\n<p>Zasnova valja s T-obliko je zelo primerna tudi za aplikacije, kjer je treba silo prenesti v dve razli\u010dni smeri. Na primer, v hidravli\u010dni stiskalnici se lahko valj s T-obliko uporablja za nana\u0161anje sile tako navpi\u010dno kot vodoravno, kar omogo\u010da bolj zapletene proizvodne procese.<\/li>\n<li>\n<h3>Letalska in vesoljska industrija<\/h3>\n<p>Varjeni cilindri s T-kosom se uporabljajo v letalski industriji za razli\u010dne namene. Uporabljajo se v sistemih podvozja, tovornih vratih in sistemih za krmiljenje leta. Zaradi visoke izhodne sile in kompaktne zasnove teh cilindrov so idealni za uporabo v omejenem prostoru, ki je na voljo na letalu.<\/p>\n<p>Varjena konstrukcija teh jeklenk jih naredi odporne tudi na visoke tlake in temperature, ki se pojavljajo med letom. Poleg tega zasnova jeklenk tipa T omogo\u010da prenos sile v dve razli\u010dni smeri, zaradi \u010desar so zelo primerne za aplikacije, kjer je treba silo uporabiti pod kotom.<\/li>\n<li>\n<h3>Gradbena industrija<\/h3>\n<p>Varjeni cilindri s T-kosom se uporabljajo v gradbeni industriji za dvigovanje in premikanje te\u017ekih bremen. Uporabljajo se v \u017eerjavih, bagrih in nakladalnih strojih. Zaradi visoke izhodne sile in kompaktne zasnove teh cilindrov so idealni za uporabo v omejenem prostoru na gradbi\u0161\u010du.<\/p>\n<p>Zasnova cilindra s T-kosom omogo\u010da prenos sile v dve razli\u010dni smeri, zaradi \u010desar je zelo primeren za aplikacije, kjer je treba silo uporabiti pod kotom. Poleg tega varjena konstrukcija teh cilindrov omogo\u010da delovanje pri visokih tlakih in temperaturah brez pu\u0161\u010danja, zaradi \u010desar so primerni za uporabo v zahtevnih zunanjih okoljih.<\/li>\n<\/ol>\n<h3>O FMP-ju<\/h3>\n<p>FMP je profesionalni proizvajalec in distributer hidravli\u010dnih cilindrov z ve\u010d kot 30-letnimi izku\u0161njami v panogi. Na\u0161e industrijsko obmo\u010dje se nahaja v Italiji in imamo ve\u010d kot 100 kosov opreme, vklju\u010dno z avtomatskimi varilnimi stroji v za\u0161\u010ditni plinski atmosferi, stroji za globoko vrtanje, CNC stru\u017enicami, cilindri\u010dnimi brusilniki, avtomatskimi \u010distilnimi stroji, avtomatskimi monta\u017enimi stroji, avtomatskimi preskusnimi mizami za delovanje hidravli\u010dnih cilindrov, avtomatskimi linijami za barvanje in \u0161e ve\u010d. Vsak hidravli\u010dni cilinder je podvr\u017een strogim postopkom obdelave in pregleda, da zagotovimo dobro kakovost za na\u0161e stranke.<\/p>\n<p>Tukaj je pet razlogov, zakaj bi morali izbrati FMP:<\/p>\n<p>1. Storitve oblikovanja: Na\u0161a ekipa oblikovalcev ima bogate izku\u0161nje z na\u010drtovanjem in razvojem izdelkov za univerzalne gredi. \u010ce imate kakr\u0161ne koli potrebe po novih izdelkih ali \u017eelite nadaljnje izbolj\u0161ave, vam bomo z veseljem pomagali.<\/p>\n<p>2. Storitve za izdelke: Na\u0161i izdelki gredo skozi strog postopek, ki vklju\u010duje nabavo surovin, rezanje, grobo obdelavo, testiranje, \u010di\u0161\u010denje, monta\u017eo, pakiranje in transport. To zagotavlja, da so na\u0161i izdelki najvi\u0161je kakovosti in izpolnjujejo va\u0161e zahteve.<\/p>\n<p>3. Postopek vzor\u010denja: Vzorce lahko razvijemo v skladu z va\u0161imi zahtevami in jih nenehno spreminjamo, da ustrezajo va\u0161im potrebam. To zagotavlja, da od na\u0161ih izdelkov dobite to\u010dno tisto, kar potrebujete.<\/p>\n<p>4. Raziskave in razvoj: Nenehno preu\u010dujemo trg in razvijamo nove modele, da bi zadostili spreminjajo\u010dim se potrebam na\u0161ih strank.<\/p>\n<p>5. Prilagoditev: Sprejemamo naro\u010dila za prilagoditev in lahko zagotovimo izdelke, prilagojene va\u0161im specifi\u010dnim potrebam.<\/p>\n<p>Pri FMP smo ponosni na to, da zagotavljamo visokokakovostne hidravli\u010dne cilindre in odli\u010dno storitev za stranke. Za va\u0161e potrebe po hidravli\u010dnih cilindrih nas kontaktirajte \u0161e danes.<\/p>\n<p><img decoding=\"async\" src=\"https:\/\/fmp-components.com\/wp-content\/uploads\/2024\/12\/fmp-factory-4.webp\" alt=\"Tovarna FMP\" width=\"800\" title=\"\"><br \/>\nAvtor: CX<\/p>","protected":false},"excerpt":{"rendered":"<p>The 10032 Factory Direct Sale Double Acting Hydraulic Cylinder is engineered specifically for trailer applications, offering exceptional performance and reliability. This hydraulic cylinder is designed to provide powerful lifting and lowering capabilities, making it essential for efficient trailer operations. Key Features: Double Acting Functionality: Allows for smooth operation in both extension and retraction, providing precise [&hellip;]<\/p>","protected":false},"featured_media":1133,"comment_status":"closed","ping_status":"closed","template":"","meta":{"_et_pb_use_builder":"","_et_pb_old_content":"","_et_gb_content_width":""},"product_brand":[],"product_cat":[31],"product_tag":[34,35],"class_list":{"0":"post-952","1":"product","2":"type-product","3":"status-publish","4":"has-post-thumbnail","6":"product_cat-welded-tee-type-cylinder","7":"product_tag-hydraulic-cylinder","8":"product_tag-welded-tee-type-cylinder","10":"first","11":"instock","12":"product-type-simple"},"_links":{"self":[{"href":"https:\/\/fmp-components.com\/sl\/wp-json\/wp\/v2\/product\/952","targetHints":{"allow":["GET"]}}],"collection":[{"href":"https:\/\/fmp-components.com\/sl\/wp-json\/wp\/v2\/product"}],"about":[{"href":"https:\/\/fmp-components.com\/sl\/wp-json\/wp\/v2\/types\/product"}],"replies":[{"embeddable":true,"href":"https:\/\/fmp-components.com\/sl\/wp-json\/wp\/v2\/comments?post=952"}],"wp:featuredmedia":[{"embeddable":true,"href":"https:\/\/fmp-components.com\/sl\/wp-json\/wp\/v2\/media\/1133"}],"wp:attachment":[{"href":"https:\/\/fmp-components.com\/sl\/wp-json\/wp\/v2\/media?parent=952"}],"wp:term":[{"taxonomy":"product_brand","embeddable":true,"href":"https:\/\/fmp-components.com\/sl\/wp-json\/wp\/v2\/product_brand?post=952"},{"taxonomy":"product_cat","embeddable":true,"href":"https:\/\/fmp-components.com\/sl\/wp-json\/wp\/v2\/product_cat?post=952"},{"taxonomy":"product_tag","embeddable":true,"href":"https:\/\/fmp-components.com\/sl\/wp-json\/wp\/v2\/product_tag?post=952"}],"curies":[{"name":"delovni list","href":"https:\/\/api.w.org\/{rel}","templated":true}]}}