{"id":951,"date":"2024-12-19T03:39:43","date_gmt":"2024-12-19T03:39:43","guid":{"rendered":"https:\/\/fmp-components.com\/product\/10031-factory-price-adjustable-hydraulic-telescopic-cylinder-for-agriculture\/"},"modified":"2024-12-19T08:46:44","modified_gmt":"2024-12-19T08:46:44","slug":"10031-factory-price-adjustable-hydraulic-telescopic-cylinder-for-agriculture","status":"publish","type":"product","link":"https:\/\/fmp-components.com\/sl\/product\/10031-factory-price-adjustable-hydraulic-telescopic-cylinder-for-agriculture\/","title":{"rendered":"10031 Tovarni\u0161ka cena Nastavljiv hidravli\u010dni teleskopski cilinder za kmetijstvo"},"content":{"rendered":"<p>Nastavljiv hidravli\u010dni teleskopski cilinder 10031 po tovarni\u0161ki ceni je zasnovan posebej za kmetijsko uporabo in ponuja vsestranskost in u\u010dinkovitost v kompaktni obliki. Ta hidravli\u010dni cilinder ima nastavljivo zasnovo, ki omogo\u010da razli\u010dne dol\u017eine iztega, zaradi \u010desar je idealen za vrsto kmetijskih opravil.<\/p>\n<h4>Klju\u010dne lastnosti:<\/h4>\n<ul>\n<li><strong>Nastavljiva zasnova<\/strong>Teleskopska funkcija omogo\u010da prilagoditev dol\u017eine hoda, kar zagotavlja prilagodljivost za razli\u010dne kmetijske aplikacije.<\/li>\n<li><strong>Tovarni\u0161ka cena<\/strong>Konkuren\u010dna cena brez kompromisov pri kakovosti, zaradi \u010desar je ekonomi\u010dna izbira za kmete in kmetijske izvajalce.<\/li>\n<li><strong>Trpe\u017ena konstrukcija<\/strong>Izdelano iz visokokakovostnih materialov za zagotavljanje trdnosti in zanesljivosti, sposobno prenesti velike obremenitve in te\u017eke pogoje.<\/li>\n<li><strong>Premaz, odporen proti koroziji<\/strong>Obdelano za prepre\u010devanje rje in korozije, kar zagotavlja dolgotrajno delovanje v zunanjem okolju.<\/li>\n<li><strong>Enostavna namestitev<\/strong>Zasnovan za enostavno integracijo v razli\u010dne kmetijske stroje, kar omogo\u010da hitro nastavitev in upravljanje.<\/li>\n<\/ul>\n<p><img loading=\"lazy\" decoding=\"async\" class=\"alignnone size-full wp-image-975\" src=\"https:\/\/fmp-components.com\/wp-content\/uploads\/2024\/12\/Welded-Tee-Type-Cylinder1.webp\" alt=\"Varjeni valj tipa T\" width=\"759\" height=\"761\" title=\"\" srcset=\"https:\/\/fmp-components.com\/wp-content\/uploads\/2024\/12\/Welded-Tee-Type-Cylinder1.webp 759w, https:\/\/fmp-components.com\/wp-content\/uploads\/2024\/12\/Welded-Tee-Type-Cylinder1-480x481.webp 480w\" sizes=\"(min-width: 0px) and (max-width: 480px) 480px, (min-width: 481px) 759px, 100vw\" \/><\/p>\n<h4>Prednosti:<\/h4>\n<ul>\n<li><strong>Izbolj\u0161ana u\u010dinkovitost<\/strong>Optimizira funkcionalnost kmetijske opreme, kar omogo\u010da nemoteno in u\u010dinkovito delovanje.<\/li>\n<li><strong>Vsestranske uporabe<\/strong>Primeren za \u0161irok spekter kmetijskih opravil, vklju\u010dno z dvigovanjem, potiskanjem in vleko, zaradi \u010desar je vsestransko orodje za vsakega kmeta.<\/li>\n<li><strong>Stro\u0161kovno u\u010dinkovita re\u0161itev<\/strong>Zagotavlja visoko zmogljivost po tovarni\u0161ki ceni, kar zagotavlja odli\u010dno vrednost za nalo\u017ebo.<\/li>\n<\/ul>\n<p>Nastavljiv hidravli\u010dni teleskopski cilinder 10031 po tovarni\u0161ki ceni je bistvena komponenta sodobne kmetijske mehanizacije, saj zagotavlja zanesljivo delovanje in prilagodljivost. Zaradi robustne zasnove in konkuren\u010dne cene je dragocen dodatek k vsakemu kmetijskemu delu.<\/p>\n<h2>Prednosti varjenega cilindra tipa T<\/h2>\n<ul>\n<li style=\"list-style-type: none;\">\n<ul>\n<li><strong>Pove\u010dana mo\u010d:<\/strong> Varjeni cilindri tipa T so znani po svoji visoki trdnosti, zaradi \u010desar so primerni za aplikacije, ki zahtevajo dvigovanje te\u017ekih bremen. Postopek varjenja, ki se uporablja med izdelavo teh cilindrov, zagotavlja, da je cilinder brez \u0161ibkih to\u010dk in lahko prenese visok tlak in obremenitve.<\/li>\n<\/ul>\n<\/li>\n<\/ul>\n<p>Ko se na valj izvaja pritisk, se ta enakomerno porazdeli po celotni povr\u0161ini, zaradi \u010desar je odporen na deformacije. Ta lastnost zagotavlja, da valj ohrani svojo obliko in strukturno celovitost tudi v ekstremnih pogojih.<\/p>\n<ul>\n<li style=\"list-style-type: none;\">\n<ul>\n<li><strong>Prepre\u010devanje pu\u0161\u010danja:<\/strong> Varjeni cilindri s T-kosom so zasnovani tako, da prepre\u010dujejo pu\u0161\u010danje. Postopek varjenja, ki se uporablja med izdelavo, zagotavlja, da je valj popolnoma zatesnjen in brez morebitnih pu\u0161\u010danj. Zaradi te lastnosti so primerni za uporabo v aplikacijah, kjer bi pu\u0161\u010danje lahko povzro\u010dilo resno \u0161kodo ali po\u0161kodbe.<\/li>\n<\/ul>\n<\/li>\n<\/ul>\n<p>Varjeni spoji so gladki, brez razpok ali utorov, kjer se lahko nabirajo ostanki ali umazanija, kar zmanj\u0161uje tveganje korozije in po\u0161kodb jeklenke.<\/p>\n<ul>\n<li style=\"list-style-type: none;\">\n<ul>\n<li><strong>Prilagodljivo:<\/strong> Varjene cilindre s T-kosom je mogo\u010de prilagoditi specifi\u010dnim aplikacijam. Cilindri so na voljo v razli\u010dnih velikostih in oblikah ter jih je mogo\u010de izdelati tako, da ustrezajo specifi\u010dnim zahtevam aplikacije.<\/li>\n<\/ul>\n<\/li>\n<\/ul>\n<p>Postopek prilagajanja omogo\u010da optimizacijo delovanja cilindra in zagotavlja, da je primeren za predvideno uporabo. Zaradi te lastnosti so varjeni cilindri s T-kosom idealni za uporabo v razli\u010dnih industrijskih aplikacijah, vklju\u010dno z gradbeni\u0161tvom, rudarstvom in ravnanjem z materiali.<\/p>\n<ul>\n<li style=\"list-style-type: none;\">\n<ul>\n<li><strong>Stro\u0161kovno u\u010dinkovito:<\/strong> Varjeni valji tipa T so stro\u0161kovno u\u010dinkovitej\u0161i v primerjavi z drugimi vrstami valjev. Postopek izdelave teh valjev je preprost, zaradi \u010desar so cenej\u0161i od drugih vrst valjev.<\/li>\n<\/ul>\n<\/li>\n<\/ul>\n<p>Poleg tega visoka trdnost in vzdr\u017eljivost varjenih valjev tipa T zmanj\u0161ujeta potrebo po pogostih popravilih in zamenjavah, kar prihrani stro\u0161ke vzdr\u017eevanja. Zaradi te lastnosti so priljubljena izbira za \u0161tevilne panoge, zlasti tiste z omejenim prora\u010dunom.<\/p>\n<ul>\n<li style=\"list-style-type: none;\">\n<ul>\n<li><strong>Pove\u010dana u\u010dinkovitost:<\/strong> Varjeni cilindri tipa T so zelo u\u010dinkoviti in uspe\u0161ni. Zasnova cilindra zagotavlja, da se uporabljena sila prenese neposredno na obremenitev, kar zmanj\u0161a izgubo energije in pove\u010da u\u010dinkovitost.<\/li>\n<\/ul>\n<\/li>\n<\/ul>\n<p>Varjeni spoji so mo\u010dni in togi, kar zmanj\u0161uje upogib in zagotavlja, da valj ohrani svojo obliko in strukturno celovitost tudi v ekstremnih pogojih. Zaradi te lastnosti so varjeni valji tipa T idealni za uporabo v aplikacijah, ki zahtevajo visoko u\u010dinkovitost in zanesljivost.<\/p>\n<p><img loading=\"lazy\" decoding=\"async\" class=\"alignnone size-full wp-image-976\" src=\"https:\/\/fmp-components.com\/wp-content\/uploads\/2024\/12\/Welded-Tee-Type-Cylinder2.webp\" alt=\"Varjeni valj tipa T\" width=\"764\" height=\"675\" title=\"\" srcset=\"https:\/\/fmp-components.com\/wp-content\/uploads\/2024\/12\/Welded-Tee-Type-Cylinder2.webp 764w, https:\/\/fmp-components.com\/wp-content\/uploads\/2024\/12\/Welded-Tee-Type-Cylinder2-480x424.webp 480w\" sizes=\"(min-width: 0px) and (max-width: 480px) 480px, (min-width: 481px) 764px, 100vw\" \/><\/p>\n<h2>Uporaba varjenega valja tipa T<\/h2>\n<ul>\n<li>\n<h3>Industrijski stroji in oprema<\/h3>\n<p>Varjeni T-valj se pogosto uporablja v industrijskih strojih in opremi, zlasti v hidravli\u010dnih sistemih. Valj je sestavljen iz bata in cevi valja, ki sta zvarjena skupaj v eno samo enoto. Ta zasnova ponuja ve\u010d prednosti pred drugimi vrstami valjev, kot so izbolj\u0161ana vzdr\u017eljivost, ve\u010dja trdnost in ve\u010dja natan\u010dnost.<\/p>\n<p>Ena najpomembnej\u0161ih uporab varjenih T-valjev v industrijskih strojih je njihova sposobnost zagotavljanja dosledne in natan\u010dne sile. To je bistvenega pomena za \u0161tevilne proizvodne procese, kjer je potreben natan\u010den nadzor za zagotovitev kakovosti kon\u010dnega izdelka. Varjeni T-valji se lahko uporabljajo tudi za regulacijo pretoka teko\u010din v hidravli\u010dnih sistemih, kar omogo\u010da ve\u010djo u\u010dinkovitost in zanesljivost v razli\u010dnih industrijskih aplikacijah.<\/li>\n<li>\n<h3>Kmetijska oprema<\/h3>\n<p>Varjeni T-cilinder se pogosto uporablja tudi v kmetijski opremi, kot so traktorji in \u017eetveni stroji. Ti stroji za u\u010dinkovito delovanje potrebujejo zmogljive in zanesljive hidravli\u010dne sisteme, varjeni T-cilinder pa je idealna izbira za ta namen.<\/p>\n<p>Robustna konstrukcija in visoka trdnost cilindra ga naredita zelo odpornega proti obrabi, tudi v te\u017ekih delovnih pogojih. Zaradi tega je idealna izbira za uporabo v kmetijski opremi, kjer je vzdr\u017eljivost klju\u010dnega pomena. Varjeni T-cilinder se lahko uporablja tudi za zagotavljanje natan\u010dnega nadzora, potrebnega za \u0161tevilne kmetijske procese, kot so sajenje, \u017eetev in namakanje.<\/li>\n<li>\n<h3>Gradbena oprema<\/h3>\n<p>Varjeni T-cilinder se pogosto uporablja tudi v gradbeni opremi, kot so bagri, nakladalniki in buldo\u017eerji. Ti stroji potrebujejo zmogljive in zanesljive hidravli\u010dne sisteme za opravljanje te\u017ekih nalog, kot so kopanje, dvigovanje in potiskanje te\u017ekih bremen.<\/p>\n<p>Zaradi visoke trdnosti in vzdr\u017eljivosti je varjeni T-cilinder idealna izbira za uporabo v gradbeni opremi. Njegova sposobnost zagotavljanja natan\u010dnega nadzora in konstantne sile je bistvenega pomena za \u0161tevilne gradbene procese, kot so izkopavanje, niveliranje in tlakovanje. Varjeni T-cilinder se lahko uporablja tudi za regulacijo pretoka teko\u010din v hidravli\u010dnih sistemih, kar izbolj\u0161a u\u010dinkovitost in zanesljivost gradbene opreme v razli\u010dnih aplikacijah.<\/li>\n<\/ul>\n<h3>O FMP-ju<\/h3>\n<p>FMP je vodilni proizvajalec hidravli\u010dnih cilindrov z ve\u010d kot 30-letnimi izku\u0161njami. Na\u0161e industrijsko obmo\u010dje se nahaja v Italiji in imamo ve\u010d kot 100 kosov opreme, vklju\u010dno z avtomatskimi varilnimi stroji v za\u0161\u010ditni plinski atmosferi, stroji za globoko vrtanje, CNC stru\u017enicami, cilindri\u010dnimi brusilniki, avtomatskimi \u010distilnimi stroji, avtomatskimi monta\u017enimi stroji, avtomatskimi preskusnimi mizami za delovanje hidravli\u010dnih cilindrov, avtomatskimi lakirnimi linijami in drugo.<\/p>\n<p>Na\u0161i hidravli\u010dni cilindri so razli\u010dnih vrst, vklju\u010dno s hidravli\u010dnimi cilindri, hidravli\u010dnimi cilindri z uhani, dvosmernimi avtomatskimi teleskopskimi hidravli\u010dnimi cilindri in drugimi. Vsak hidravli\u010dni cilinder je podvr\u017een strogim pregledom in obdelavi, da na\u0161im strankam zagotovimo dobro kakovost. Na\u0161im strankam ponujamo naslednje prednosti:<\/p>\n<ul>\n<li><strong>Storitev oblikovanja:<\/strong> Na\u0161a oblikovalska ekipa ima bogate izku\u0161nje z na\u010drtovanjem in razvojem izdelkov za univerzalne gredi. \u010ce imate kakr\u0161ne koli potrebe po novih izdelkih ali \u017eelite nadaljnje izbolj\u0161ave, vam bomo z veseljem pomagali.<\/li>\n<li><strong>Storitev za izdelke:<\/strong> Na\u0161e storitve zajemajo surovine, rezanje, grobo obdelavo, testiranje, \u010di\u0161\u010denje, monta\u017eo, pakiranje in transport. Zagotavljamo, da se vsak korak postopka izvede natan\u010dno in skrbno.<\/li>\n<li><strong>Vzorec postopka:<\/strong> Vzorce lahko razvijemo v skladu z va\u0161imi zahtevami in jih nenehno spreminjamo, da ustrezajo va\u0161im potrebam. Zavezani smo k izpolnjevanju in preseganju va\u0161ih pri\u010dakovanj.<\/li>\n<li><strong>Raziskave in razvoj:<\/strong> Spremljamo potrebe trga in nenehno razvijamo nove modele, da zadostimo zahtevam strank. Predani smo inovacijam in odli\u010dnosti.<\/li>\n<li><strong>Nadzor kakovosti:<\/strong> Vzpostavljeni so strogi ukrepi za nadzor kakovosti, s katerimi zagotavljamo, da je vsak izdelek, ki zapusti na\u0161o tovarno, najvi\u0161je kakovosti. Lahko nam zaupate, da bomo dobavili zanesljive in trpe\u017ene hidravli\u010dne cilindre.<\/li>\n<\/ul>\n<p><img decoding=\"async\" src=\"https:\/\/fmp-components.com\/wp-content\/uploads\/2024\/12\/fmp-factory-4.webp\" alt=\"Tovarna FMP\" width=\"800\" title=\"\"><br \/>\nAvtor: CX<\/p>","protected":false},"excerpt":{"rendered":"<p>The 10031 Factory Price Adjustable Hydraulic Telescopic Cylinder is designed specifically for agricultural applications, offering versatility and efficiency in a compact form. This hydraulic cylinder features an adjustable design that allows for variable extension lengths, making it ideal for a range of farming tasks. Key Features: Adjustable Design: The telescopic feature enables customization of the [&hellip;]<\/p>","protected":false},"featured_media":920,"comment_status":"closed","ping_status":"closed","template":"","meta":{"_et_pb_use_builder":"","_et_pb_old_content":"","_et_gb_content_width":""},"product_brand":[],"product_cat":[31],"product_tag":[34,35],"class_list":{"0":"post-951","1":"product","2":"type-product","3":"status-publish","4":"has-post-thumbnail","6":"product_cat-welded-tee-type-cylinder","7":"product_tag-hydraulic-cylinder","8":"product_tag-welded-tee-type-cylinder","10":"first","11":"instock","12":"product-type-simple"},"_links":{"self":[{"href":"https:\/\/fmp-components.com\/sl\/wp-json\/wp\/v2\/product\/951","targetHints":{"allow":["GET"]}}],"collection":[{"href":"https:\/\/fmp-components.com\/sl\/wp-json\/wp\/v2\/product"}],"about":[{"href":"https:\/\/fmp-components.com\/sl\/wp-json\/wp\/v2\/types\/product"}],"replies":[{"embeddable":true,"href":"https:\/\/fmp-components.com\/sl\/wp-json\/wp\/v2\/comments?post=951"}],"wp:featuredmedia":[{"embeddable":true,"href":"https:\/\/fmp-components.com\/sl\/wp-json\/wp\/v2\/media\/920"}],"wp:attachment":[{"href":"https:\/\/fmp-components.com\/sl\/wp-json\/wp\/v2\/media?parent=951"}],"wp:term":[{"taxonomy":"product_brand","embeddable":true,"href":"https:\/\/fmp-components.com\/sl\/wp-json\/wp\/v2\/product_brand?post=951"},{"taxonomy":"product_cat","embeddable":true,"href":"https:\/\/fmp-components.com\/sl\/wp-json\/wp\/v2\/product_cat?post=951"},{"taxonomy":"product_tag","embeddable":true,"href":"https:\/\/fmp-components.com\/sl\/wp-json\/wp\/v2\/product_tag?post=951"}],"curies":[{"name":"delovni list","href":"https:\/\/api.w.org\/{rel}","templated":true}]}}