{"id":949,"date":"2024-12-19T03:39:43","date_gmt":"2024-12-19T03:39:43","guid":{"rendered":"https:\/\/fmp-components.com\/product\/10029-customized-mini-welded-hydraulic-cylinders-for-agricultural-machinery\/"},"modified":"2024-12-19T08:44:05","modified_gmt":"2024-12-19T08:44:05","slug":"10029-customized-mini-welded-hydraulic-cylinders-for-agricultural-machinery","status":"publish","type":"product","link":"https:\/\/fmp-components.com\/sl\/product\/10029-customized-mini-welded-hydraulic-cylinders-for-agricultural-machinery\/","title":{"rendered":"10029 Prilagojeni mini varjeni hidravli\u010dni cilindri za kmetijsko mehanizacijo"},"content":{"rendered":"<p>Prilagojeni mini varjeni hidravli\u010dni cilindri 10029 so posebej zasnovani za kmetijsko mehanizacijo in zagotavljajo kompaktno in zmogljivo re\u0161itev za razli\u010dne kmetijske aplikacije. Ti hidravli\u010dni cilindri ponujajo izjemno zmogljivost in vzdr\u017eljivost, zaradi \u010desar so idealni za uporabo v tesnih prostorih in zahtevnih okoljih.<\/p>\n<h4>Klju\u010dne lastnosti:<\/h4>\n<ul>\n<li><strong>Prilagojeno oblikovanje<\/strong>Prilagojeno specifi\u010dnim zahtevam, kar zagotavlja zdru\u017eljivost s \u0161iroko paleto kmetijske opreme.<\/li>\n<li><strong>Miniaturna velikost<\/strong>Kompaktna zasnova omogo\u010da namestitev v omejenih prostorih brez \u017ertvovanja mo\u010di ali zmogljivosti.<\/li>\n<li><strong>Varjena konstrukcija<\/strong>Izdelana z robustno varjeno zasnovo za ve\u010djo trdnost in zanesljivost, primerna za uporabo v te\u017ekih pogojih.<\/li>\n<li><strong>Premaz, odporen proti koroziji<\/strong>Obdelano z za\u0161\u010ditnimi premazi za prepre\u010devanje rje in korozije, kar zagotavlja dolgo \u017eivljenjsko dobo v zunanjih pogojih.<\/li>\n<li><strong>Enostavna integracija<\/strong>Zasnovan za enostavno namestitev v razli\u010dne kmetijske stroje, kar omogo\u010da hitro nastavitev in minimalen \u010das izpada.<\/li>\n<\/ul>\n<p><img decoding=\"async\" src=\"https:\/\/hzpt.com\/wp-content\/uploads\/2023\/12\/random-2.webp\" alt=\"\" title=\"\"><\/p>\n<h4>Prednosti:<\/h4>\n<ul>\n<li><strong>Izbolj\u0161ana u\u010dinkovitost<\/strong>Optimizira delovanje kmetijske mehanizacije, saj zagotavlja gladko in mo\u010dno hidravli\u010dno delovanje.<\/li>\n<li><strong>Vsestranske uporabe<\/strong>Idealno za razli\u010dna opravila, vklju\u010dno z dvigovanjem, potiskanjem in vleko v kmetijskih obratih.<\/li>\n<li><strong>Zmanj\u0161ano vzdr\u017eevanje<\/strong>Trpe\u017ena konstrukcija zmanj\u0161uje obrabo, kar s\u010dasoma vodi do ni\u017ejih stro\u0161kov vzdr\u017eevanja.<\/li>\n<\/ul>\n<p>Prilagojeni mini varjeni hidravli\u010dni cilindri 10029 so bistvena komponenta sodobne kmetijske mehanizacije, saj zagotavljajo zanesljivo delovanje in u\u010dinkovitost v kompaktni obliki. Zaradi robustne zasnove in mo\u017enosti prilagoditve so dragocen dodatek k vsakemu kmetijskemu delu.<\/p>\n<p>&nbsp;<\/p>\n<p><img decoding=\"async\" class=\"aligncenter\" src=\"https:\/\/hzpt.com\/wp-content\/uploads\/2023\/12\/random-3.webp\" alt=\"\" title=\"\"><\/p>\n<p><!-- Add 5 Q&A here --><\/p>\n<h2>Prednosti varjenega cilindra tipa T<\/h2>\n<ul>\n<li style=\"list-style-type: none;\">\n<ul>\n<li><strong>Pove\u010dana mo\u010d:<\/strong> Varjeni cilindri tipa T so znani po svoji visoki trdnosti, zaradi \u010desar so primerni za aplikacije, ki zahtevajo dvigovanje te\u017ekih bremen. Postopek varjenja, ki se uporablja med izdelavo teh cilindrov, zagotavlja, da je cilinder brez \u0161ibkih to\u010dk in lahko prenese visok tlak in obremenitve.<\/li>\n<\/ul>\n<\/li>\n<\/ul>\n<p>Ko se na valj izvaja pritisk, se ta enakomerno porazdeli po celotni povr\u0161ini, zaradi \u010desar je odporen na deformacije. Ta lastnost zagotavlja, da valj ohrani svojo obliko in strukturno celovitost tudi v ekstremnih pogojih.<\/p>\n<ul>\n<li style=\"list-style-type: none;\">\n<ul>\n<li><strong>Prepre\u010devanje pu\u0161\u010danja:<\/strong> Varjeni cilindri s T-kosom so zasnovani tako, da prepre\u010dujejo pu\u0161\u010danje. Postopek varjenja, ki se uporablja med izdelavo, zagotavlja, da je valj popolnoma zatesnjen in brez morebitnih pu\u0161\u010danj. Zaradi te lastnosti so primerni za uporabo v aplikacijah, kjer bi pu\u0161\u010danje lahko povzro\u010dilo resno \u0161kodo ali po\u0161kodbe.<\/li>\n<\/ul>\n<\/li>\n<\/ul>\n<p>Varjeni spoji so gladki, brez razpok ali utorov, kjer se lahko nabirajo ostanki ali umazanija, kar zmanj\u0161uje tveganje korozije in po\u0161kodb jeklenke.<\/p>\n<ul>\n<li style=\"list-style-type: none;\">\n<ul>\n<li><strong>Prilagodljivo:<\/strong> Varjene cilindre s T-kosom je mogo\u010de prilagoditi specifi\u010dnim aplikacijam. Cilindri so na voljo v razli\u010dnih velikostih in oblikah ter jih je mogo\u010de izdelati tako, da ustrezajo specifi\u010dnim zahtevam aplikacije.<\/li>\n<\/ul>\n<\/li>\n<\/ul>\n<p>Postopek prilagajanja omogo\u010da optimizacijo delovanja cilindra in zagotavlja, da je primeren za predvideno uporabo. Zaradi te lastnosti so varjeni cilindri s T-kosom idealni za uporabo v razli\u010dnih industrijskih aplikacijah, vklju\u010dno z gradbeni\u0161tvom, rudarstvom in ravnanjem z materiali.<\/p>\n<ul>\n<li style=\"list-style-type: none;\">\n<ul>\n<li><strong>Stro\u0161kovno u\u010dinkovito:<\/strong> Varjeni valji tipa T so stro\u0161kovno u\u010dinkovitej\u0161i v primerjavi z drugimi vrstami valjev. Postopek izdelave teh valjev je preprost, zaradi \u010desar so cenej\u0161i od drugih vrst valjev.<\/li>\n<\/ul>\n<\/li>\n<\/ul>\n<p>Poleg tega visoka trdnost in vzdr\u017eljivost varjenih valjev tipa T zmanj\u0161ujeta potrebo po pogostih popravilih in zamenjavah, kar prihrani stro\u0161ke vzdr\u017eevanja. Zaradi te lastnosti so priljubljena izbira za \u0161tevilne panoge, zlasti tiste z omejenim prora\u010dunom.<\/p>\n<ul>\n<li style=\"list-style-type: none;\">\n<ul>\n<li><strong>Pove\u010dana u\u010dinkovitost:<\/strong> Varjeni cilindri tipa T so zelo u\u010dinkoviti in uspe\u0161ni. Zasnova cilindra zagotavlja, da se uporabljena sila prenese neposredno na obremenitev, kar zmanj\u0161a izgubo energije in pove\u010da u\u010dinkovitost.<\/li>\n<\/ul>\n<\/li>\n<\/ul>\n<p>Varjeni spoji so mo\u010dni in togi, kar zmanj\u0161uje upogib in zagotavlja, da valj ohrani svojo obliko in strukturno celovitost tudi v ekstremnih pogojih. Zaradi te lastnosti so varjeni valji tipa T idealni za uporabo v aplikacijah, ki zahtevajo visoko u\u010dinkovitost in zanesljivost.<\/p>\n<h2>Uporaba varjenega valja tipa T<\/h2>\n<ul>\n<li>\n<h3>Industrijski stroji in oprema<\/h3>\n<p>Varjeni T-valj se pogosto uporablja v industrijskih strojih in opremi, zlasti v hidravli\u010dnih sistemih. Valj je sestavljen iz bata in cevi valja, ki sta zvarjena skupaj v eno samo enoto. Ta zasnova ponuja ve\u010d prednosti pred drugimi vrstami valjev, kot so izbolj\u0161ana vzdr\u017eljivost, ve\u010dja trdnost in ve\u010dja natan\u010dnost.<\/p>\n<p>Ena najpomembnej\u0161ih uporab varjenih T-valjev v industrijskih strojih je njihova sposobnost zagotavljanja dosledne in natan\u010dne sile. To je bistvenega pomena za \u0161tevilne proizvodne procese, kjer je potreben natan\u010den nadzor za zagotovitev kakovosti kon\u010dnega izdelka. Varjeni T-valji se lahko uporabljajo tudi za regulacijo pretoka teko\u010din v hidravli\u010dnih sistemih, kar omogo\u010da ve\u010djo u\u010dinkovitost in zanesljivost v razli\u010dnih industrijskih aplikacijah.<\/li>\n<li>\n<h3>Kmetijska oprema<\/h3>\n<p>Varjeni T-cilinder se pogosto uporablja tudi v kmetijski opremi, kot so traktorji in \u017eetveni stroji. Ti stroji za u\u010dinkovito delovanje potrebujejo zmogljive in zanesljive hidravli\u010dne sisteme, varjeni T-cilinder pa je idealna izbira za ta namen.<\/p>\n<p>Robustna konstrukcija in visoka trdnost cilindra ga naredita zelo odpornega proti obrabi, tudi v te\u017ekih delovnih pogojih. Zaradi tega je idealna izbira za uporabo v kmetijski opremi, kjer je vzdr\u017eljivost klju\u010dnega pomena. Varjeni T-cilinder se lahko uporablja tudi za zagotavljanje natan\u010dnega nadzora, potrebnega za \u0161tevilne kmetijske procese, kot so sajenje, \u017eetev in namakanje.<\/li>\n<li>\n<h3>Gradbena oprema<\/h3>\n<p>Varjeni T-cilinder se pogosto uporablja tudi v gradbeni opremi, kot so bagri, nakladalniki in buldo\u017eerji. Ti stroji potrebujejo zmogljive in zanesljive hidravli\u010dne sisteme za opravljanje te\u017ekih nalog, kot so kopanje, dvigovanje in potiskanje te\u017ekih bremen.<\/p>\n<p>Zaradi visoke trdnosti in vzdr\u017eljivosti je varjeni T-cilinder idealna izbira za uporabo v gradbeni opremi. Njegova sposobnost zagotavljanja natan\u010dnega nadzora in konstantne sile je bistvenega pomena za \u0161tevilne gradbene procese, kot so izkopavanje, niveliranje in tlakovanje. Varjeni T-cilinder se lahko uporablja tudi za regulacijo pretoka teko\u010din v hidravli\u010dnih sistemih, kar izbolj\u0161a u\u010dinkovitost in zanesljivost gradbene opreme v razli\u010dnih aplikacijah.<\/li>\n<\/ul>\n<h3>O FMP-ju<\/h3>\n<p>FMP je vodilni proizvajalec in dobavitelj hidravli\u010dnih cilindrov z ve\u010d kot 30-letnimi izku\u0161njami v industriji. Na\u0161e najsodobnej\u0161e industrijsko obmo\u010dje, ki se nahaja v Italiji, gosti ve\u010d kot 100 najsodobnej\u0161ih naprav, vklju\u010dno z avtomatskimi varilnimi stroji v za\u0161\u010ditni plinski atmosferi, stroji za globoko vrtanje, CNC stru\u017enicami, cilindri\u010dnimi brusilniki, avtomatskimi \u010distilnimi stroji, avtomatskimi monta\u017enimi stroji, avtomatskimi preskusnimi mizami za delovanje hidravli\u010dnih cilindrov in avtomatskimi linijami za barvanje.<\/p>\n<p>Na\u0161i hidravli\u010dni cilindri so skrbno obdelani in pregledani, da bi na\u0161im strankam zagotovili izjemno kakovost. Ponujamo \u0161iroko paleto izdelkov, vklju\u010dno s hidravli\u010dnimi cilindri z u\u0161esi, dvosmernimi avtomatskimi teleskopskimi hidravli\u010dnimi cilindri in drugimi. Tukaj je pet klju\u010dnih prednosti, ki nas lo\u010dijo od drugih:<\/p>\n<p>1) Storitev oblikovanja: Na\u0161a izku\u0161ena ekipa oblikovalcev je odli\u010dna v oblikovanju in razvoju izdelkov za univerzalne gredi. Ne glede na to, ali potrebujete nove izdelke ali izbolj\u0161ave obstoje\u010dih, smo tukaj, da vas podpremo na vsakem koraku.<\/p>\n<p>2) Storitve za izdelke: Na\u0161e celovite storitve za izdelke zajemajo celoten proizvodni proces, od surovin do rezanja, grobe obdelave, testiranja, \u010di\u0161\u010denja, monta\u017ee, pakiranja in transporta. Z na\u0161o natan\u010dno pozornostjo do detajlov ste lahko prepri\u010dani, da na\u0161i izdelki izpolnjujejo najvi\u0161je standarde kakovosti.<\/p>\n<p>3) Postopek vzor\u010denja: Razumemo pomen prilagojenih re\u0161itev. Na\u0161a ekipa lahko razvije vzorce v skladu z va\u0161imi edinstvenimi zahtevami in jih nenehno spreminja, dokler ne bodo popolnoma ustrezali va\u0161im potrebam. Va\u0161e zadovoljstvo je na\u0161a prioriteta.<\/p>\n<p>4) Raziskave in razvoj: V podjetju FMP smo korak pred tr\u017enimi trendi in si nenehno prizadevamo za inovacije. Ko se pojavijo nove tr\u017ene zahteve, jih proaktivno preu\u010dimo in razvijemo nove modele, da zagotovimo, da na\u0161i izdelki ostanejo v ospredju panoge.<\/p>\n<p>5) Prilagoditev: Specializirani smo za proizvodnjo in prodajo razli\u010dnih vrst hidravli\u010dnih cilindrov in sprejemamo naro\u010dila po meri. Na\u0161a ekipa je predana prilagajanju na\u0161ih izdelkov va\u0161im specifi\u010dnim potrebam in vam zagotavlja zanesljive in trpe\u017ene re\u0161itve.<\/p>\n<p>Partnerstvo s FMP pomeni izbiro zaupanja vrednega dobavitelja, ki daje prednost kakovosti, inovacijam in zadovoljstvu strank. Vabimo vas, da si ogledate na\u0161o ponudbo hidravli\u010dnih cilindrov in izkusite razliko, ki jo lahko na\u0161i izdelki in storitve naredijo za va\u0161e podjetje.<\/p>\n<p><img decoding=\"async\" src=\"https:\/\/fmp-components.com\/wp-content\/uploads\/2024\/12\/fmp-factory-4.webp\" alt=\"Tovarna FMP\" width=\"800\" title=\"\"><br \/>\nAvtor: CX<\/p>","protected":false},"excerpt":{"rendered":"<p>The 10029 Customized Mini Welded Hydraulic Cylinders are specifically designed for agricultural machinery, providing a compact and powerful solution for various farming applications. These hydraulic cylinders offer exceptional performance and durability, making them ideal for use in tight spaces and demanding environments. Key Features: Customized Design: Tailored to meet specific requirements, ensuring compatibility with a [&hellip;]<\/p>","protected":false},"featured_media":1133,"comment_status":"closed","ping_status":"closed","template":"","meta":{"_et_pb_use_builder":"","_et_pb_old_content":"","_et_gb_content_width":""},"product_brand":[],"product_cat":[31],"product_tag":[34,35],"class_list":{"0":"post-949","1":"product","2":"type-product","3":"status-publish","4":"has-post-thumbnail","6":"product_cat-welded-tee-type-cylinder","7":"product_tag-hydraulic-cylinder","8":"product_tag-welded-tee-type-cylinder","10":"first","11":"instock","12":"product-type-simple"},"_links":{"self":[{"href":"https:\/\/fmp-components.com\/sl\/wp-json\/wp\/v2\/product\/949","targetHints":{"allow":["GET"]}}],"collection":[{"href":"https:\/\/fmp-components.com\/sl\/wp-json\/wp\/v2\/product"}],"about":[{"href":"https:\/\/fmp-components.com\/sl\/wp-json\/wp\/v2\/types\/product"}],"replies":[{"embeddable":true,"href":"https:\/\/fmp-components.com\/sl\/wp-json\/wp\/v2\/comments?post=949"}],"wp:featuredmedia":[{"embeddable":true,"href":"https:\/\/fmp-components.com\/sl\/wp-json\/wp\/v2\/media\/1133"}],"wp:attachment":[{"href":"https:\/\/fmp-components.com\/sl\/wp-json\/wp\/v2\/media?parent=949"}],"wp:term":[{"taxonomy":"product_brand","embeddable":true,"href":"https:\/\/fmp-components.com\/sl\/wp-json\/wp\/v2\/product_brand?post=949"},{"taxonomy":"product_cat","embeddable":true,"href":"https:\/\/fmp-components.com\/sl\/wp-json\/wp\/v2\/product_cat?post=949"},{"taxonomy":"product_tag","embeddable":true,"href":"https:\/\/fmp-components.com\/sl\/wp-json\/wp\/v2\/product_tag?post=949"}],"curies":[{"name":"delovni list","href":"https:\/\/api.w.org\/{rel}","templated":true}]}}