{"id":947,"date":"2024-12-19T03:39:43","date_gmt":"2024-12-19T03:39:43","guid":{"rendered":"https:\/\/fmp-components.com\/product\/10027-chinese-factory-small-double-acting-trailer-hydraulic-cylinder\/"},"modified":"2025-03-18T02:25:32","modified_gmt":"2025-03-18T02:25:32","slug":"10027-italian-factory-small-double-acting-trailer-hydraulic-cylinder","status":"publish","type":"product","link":"https:\/\/fmp-components.com\/sl\/product\/10027-italian-factory-small-double-acting-trailer-hydraulic-cylinder\/","title":{"rendered":"10027 Italijanski tovarni\u0161ki majhen dvostranski hidravli\u010dni cilinder za prikolice"},"content":{"rendered":"<p>Mali dvosmerno delujo\u010di hidravli\u010dni cilinder za priklopnike 10027 italijanske tovarne je strokovno zasnovan za zagotavljanje zanesljivega in u\u010dinkovitega delovanja za razli\u010dne aplikacije priklopnikov. Ta kompaktni hidravli\u010dni cilinder je bistvena komponenta za izbolj\u0161anje funkcionalnosti priklopnikov tako v komercialnih kot kmetijskih okoljih.<\/p>\n<h4>Klju\u010dne lastnosti:<\/h4>\n<ul>\n<li><strong>Dvojno delujo\u010da zasnova:<\/strong><br \/>\nDvostransko delujo\u010di mehanizem omogo\u010da gladko delovanje tako pri iztegovanju kot vle\u010denju, kar zagotavlja natan\u010den nadzor med dvigovanjem in spu\u0161\u010danjem. Ta lastnost pove\u010duje splo\u0161no u\u010dinkovitost delovanja priklopnika.<\/li>\n<li><strong>Kompaktna velikost:<\/strong><br \/>\nZaradi majhne zasnove je hidravli\u010dni cilinder 10027 idealen za uporabo z omejenim prostorom. Njegova kompaktnost ne vpliva na zmogljivost, zato je primeren za \u0161irok spekter tipov priklopnikov.<\/li>\n<li><strong>Trpe\u017ena konstrukcija:<\/strong><br \/>\nTa hidravli\u010dni cilinder je izdelan iz visokokakovostnih materialov in je zasnovan tako, da prenese obremenitve vsakodnevne uporabe v zahtevnih okoljih. Njegova robustna konstrukcija zagotavlja dolgotrajno delovanje in zanesljivost.<\/li>\n<li><strong>Vsestranske uporabe:<\/strong><br \/>\nHidravli\u010dni cilinder 10027 je zasnovan za razli\u010dne aplikacije priklopnikov, vklju\u010dno s priklopniki s plo\u0161\u010dadjo, prekucniki in priklopniki za \u017eivino. Zaradi svoje vsestranskosti je dragoceno orodje za upravljavce v razli\u010dnih panogah.<\/li>\n<li><strong>Stro\u0161kovno u\u010dinkovita re\u0161itev:<\/strong><br \/>\nS konkuren\u010dno ceno ta hidravli\u010dni cilinder ponuja odli\u010dno razmerje med ceno in kakovostjo, ne da bi pri tem \u017ertvoval kakovost. Ponuja cenovno ugodno mo\u017enost za nadgradnjo ali zamenjavo hidravli\u010dnih komponent v priklopnikih.<\/li>\n<li><img decoding=\"async\" src=\"https:\/\/hzpt.com\/wp-content\/uploads\/2023\/12\/random-2.webp\" alt=\"\" title=\"\"><\/li>\n<\/ul>\n<h4>Tehni\u010dne specifikacije:<\/h4>\n<table style=\"width: 97.0909%; height: 191px;\">\n<thead>\n<tr>\n<th>Specifikacija<\/th>\n<th>Opis<\/th>\n<\/tr>\n<\/thead>\n<tbody>\n<tr>\n<td><strong>Nosilnost<\/strong><\/td>\n<td>Prilagodljivo<\/td>\n<\/tr>\n<tr>\n<td><strong>Velikost izvrtine<\/strong><\/td>\n<td>Na voljo so razli\u010dne mo\u017enosti<\/td>\n<\/tr>\n<tr>\n<td><strong>Dol\u017eina giba<\/strong><\/td>\n<td>Prilagodljivo<\/td>\n<\/tr>\n<tr>\n<td><strong>Najve\u010dji tlak<\/strong><\/td>\n<td>Do 3000 PSI<\/td>\n<\/tr>\n<tr>\n<td><strong>Material<\/strong><\/td>\n<td>Visokokakovostno jeklo ali aluminij<\/td>\n<\/tr>\n<tr>\n<td><strong>Vrsta povezave<\/strong><\/td>\n<td>Prirobni\u010dni ali navojni<\/td>\n<\/tr>\n<\/tbody>\n<\/table>\n<h4>Na\u010delo delovanja:<\/h4>\n<p>Mali dvosmerno delujo\u010di hidravli\u010dni cilinder za prikolico 10027 deluje na principu tlaka hidravli\u010dne teko\u010dine. Ko se hidravli\u010dna teko\u010dina \u010drpa v valj, deluje na bat in ustvarja linearno gibanje v obe smeri. Ta u\u010dinkovit prenos mo\u010di omogo\u010da natan\u010den nadzor nad delovanjem prikolice in pove\u010duje splo\u0161no produktivnost.<\/p>\n<p>Skratka, majhen dvosmerno delujo\u010di hidravli\u010dni cilinder za priklopnike 10027 italijanske tovarne je zanesljiva in u\u010dinkovita re\u0161itev za uporabo s priklopniki. Zaradi svoje trpe\u017ene konstrukcije, kompaktne zasnove in vsestranskosti je bistveno orodje za upravljavce, ki \u017eelijo izbolj\u0161ati zmogljivost in u\u010dinkovitost svojih priklopnikov.<\/p>\n<p>&nbsp;<\/p>\n<p><img decoding=\"async\" class=\"aligncenter\" src=\"https:\/\/hzpt.com\/wp-content\/uploads\/2023\/12\/random-5.webp\" alt=\"\" title=\"\"><\/p>\n<h2>Prednosti varjenega cilindra tipa T<\/h2>\n<ul>\n<li style=\"list-style-type: none;\">\n<ul>\n<li><strong>Pove\u010dana mo\u010d:<\/strong> Varjeni cilindri tipa T so znani po svoji visoki trdnosti, zaradi \u010desar so primerni za aplikacije, ki zahtevajo dvigovanje te\u017ekih bremen. Postopek varjenja, ki se uporablja med izdelavo teh cilindrov, zagotavlja, da je cilinder brez \u0161ibkih to\u010dk in lahko prenese visok tlak in obremenitve.<\/li>\n<\/ul>\n<\/li>\n<\/ul>\n<p>Ko se na valj izvaja pritisk, se ta enakomerno porazdeli po celotni povr\u0161ini, zaradi \u010desar je odporen na deformacije. Ta lastnost zagotavlja, da valj ohrani svojo obliko in strukturno celovitost tudi v ekstremnih pogojih.<\/p>\n<ul>\n<li style=\"list-style-type: none;\">\n<ul>\n<li><strong>Prepre\u010devanje pu\u0161\u010danja:<\/strong> Varjeni cilindri s T-kosom so zasnovani tako, da prepre\u010dujejo pu\u0161\u010danje. Postopek varjenja, ki se uporablja med izdelavo, zagotavlja, da je valj popolnoma zatesnjen in brez morebitnih pu\u0161\u010danj. Zaradi te lastnosti so primerni za uporabo v aplikacijah, kjer bi pu\u0161\u010danje lahko povzro\u010dilo resno \u0161kodo ali po\u0161kodbe.<\/li>\n<\/ul>\n<\/li>\n<\/ul>\n<p>Varjeni spoji so gladki, brez razpok ali utorov, kjer se lahko nabirajo ostanki ali umazanija, kar zmanj\u0161uje tveganje korozije in po\u0161kodb jeklenke.<\/p>\n<ul>\n<li style=\"list-style-type: none;\">\n<ul>\n<li><strong>Prilagodljivo:<\/strong> Varjene cilindre s T-kosom je mogo\u010de prilagoditi specifi\u010dnim aplikacijam. Cilindri so na voljo v razli\u010dnih velikostih in oblikah ter jih je mogo\u010de izdelati tako, da ustrezajo specifi\u010dnim zahtevam aplikacije.<\/li>\n<\/ul>\n<\/li>\n<\/ul>\n<p>Postopek prilagajanja omogo\u010da optimizacijo delovanja cilindra in zagotavlja, da je primeren za predvideno uporabo. Zaradi te lastnosti so varjeni cilindri s T-kosom idealni za uporabo v razli\u010dnih industrijskih aplikacijah, vklju\u010dno z gradbeni\u0161tvom, rudarstvom in ravnanjem z materiali.<\/p>\n<ul>\n<li style=\"list-style-type: none;\">\n<ul>\n<li><strong>Stro\u0161kovno u\u010dinkovito:<\/strong> Varjeni valji tipa T so stro\u0161kovno u\u010dinkovitej\u0161i v primerjavi z drugimi vrstami valjev. Postopek izdelave teh valjev je preprost, zaradi \u010desar so cenej\u0161i od drugih vrst valjev.<\/li>\n<\/ul>\n<\/li>\n<\/ul>\n<p>Poleg tega visoka trdnost in vzdr\u017eljivost varjenih valjev tipa T zmanj\u0161ujeta potrebo po pogostih popravilih in zamenjavah, kar prihrani stro\u0161ke vzdr\u017eevanja. Zaradi te lastnosti so priljubljena izbira za \u0161tevilne panoge, zlasti tiste z omejenim prora\u010dunom.<\/p>\n<ul>\n<li style=\"list-style-type: none;\">\n<ul>\n<li><strong>Pove\u010dana u\u010dinkovitost:<\/strong> Varjeni cilindri tipa T so zelo u\u010dinkoviti in uspe\u0161ni. Zasnova cilindra zagotavlja, da se uporabljena sila prenese neposredno na obremenitev, kar zmanj\u0161a izgubo energije in pove\u010da u\u010dinkovitost.<\/li>\n<\/ul>\n<\/li>\n<\/ul>\n<p>Varjeni spoji so mo\u010dni in togi, kar zmanj\u0161uje upogib in zagotavlja, da valj ohrani svojo obliko in strukturno celovitost tudi v ekstremnih pogojih. Zaradi te lastnosti so varjeni valji tipa T idealni za uporabo v aplikacijah, ki zahtevajo visoko u\u010dinkovitost in zanesljivost.<\/p>\n<h2>Uporaba varjenega valja tipa T<\/h2>\n<h3>Uvod<\/h3>\n<p>Varjeni T-cilinder je vrsta hidravli\u010dnega cilindra, ki se pogosto uporablja v industrijskih aplikacijah. Zasnovan je tako, da zagotavlja visoko izhodno silo v kompaktnem in stro\u0161kovno u\u010dinkovitem ohi\u0161ju. Ta tip cilindra je sestavljen iz varjenega T-kosa in batne palice, ki je pritrjena na T-kos. T-kos je povezan z valjem cilindra in vsebuje bat, ki se premika naprej in nazaj znotraj cilindra, da ustvari silo.<\/p>\n<h3>Prednosti varjenega cilindra tipa T<\/h3>\n<p>Uporaba varjenega cilindra tipa T v industrijskih aplikacijah ima ve\u010d prednosti:<\/p>\n<ul>\n<li><b>Kompaktna zasnova:<\/b> Varjeni cilindri s T-kosom so zasnovani tako, da so kompaktni, zaradi \u010desar so idealni za uporabo v aplikacijah z omejenim prostorom.<\/li>\n<li><b>Visoka u\u010dinkovitost:<\/b> Varjeni cilindri s T-priklju\u010dkom so zelo u\u010dinkoviti, kar pomeni, da lahko ustvarijo veliko silo z minimalnim vnosom energije.<\/li>\n<li><b>Trpe\u017eno:<\/b> Varjeni cilindri s T-kosom so zasnovani tako, da so zelo vzdr\u017eljivi, kar pomeni, da lahko prenesejo te\u017eke obratovalne pogoje in trajajo dolgo \u010dasa.<\/li>\n<li><b>Stro\u0161kovno u\u010dinkovito:<\/b> Varjeni cilindri tipa T so stro\u0161kovno u\u010dinkoviti, kar pomeni, da zagotavljajo dobro razmerje med ceno in kakovostjo.<\/li>\n<\/ul>\n<p><img loading=\"lazy\" decoding=\"async\" class=\"size-full wp-image-977 aligncenter\" src=\"https:\/\/fmp-components.com\/wp-content\/uploads\/2024\/12\/Welded-Tee-Type-Cylinder3.webp\" alt=\"Varjeni valj tipa T\" width=\"653\" height=\"600\" title=\"\" srcset=\"https:\/\/fmp-components.com\/wp-content\/uploads\/2024\/12\/Welded-Tee-Type-Cylinder3.webp 653w, https:\/\/fmp-components.com\/wp-content\/uploads\/2024\/12\/Welded-Tee-Type-Cylinder3-480x441.webp 480w\" sizes=\"(min-width: 0px) and (max-width: 480px) 480px, (min-width: 481px) 653px, 100vw\" \/><\/p>\n<h3>Uporaba varjenega valja tipa T<\/h3>\n<p>Varjeni cilindri tipa T se uporabljajo v \u0161tevilnih panogah, vklju\u010dno z:<\/p>\n<ul>\n<li><b>Proizvodnja:<\/b> Varjeni cilindri tipa T se uporabljajo v proizvodnji za upravljanje strojev, premikanje te\u017ekih bremen in oblikovanje kovinskih delov.<\/li>\n<li><b>Kmetijstvo:<\/b> Varjeni cilindri s T-konektorjem se uporabljajo v kmetijstvu za upravljanje hidravli\u010dnih sistemov na traktorjih, kombajnih in drugi kmetijski opremi.<\/li>\n<li><b>Gradnja:<\/b> Varjeni cilindri s T-kosom se uporabljajo v gradbeni\u0161tvu za upravljanje strojev, kot so \u017eerjavi, bagri in nakladalniki.<\/li>\n<li><b>Rudarstvo:<\/b> Varjeni cilindri s T-kosom se uporabljajo v rudarstvu za upravljanje hidravli\u010dnih sistemov na te\u017eki opremi, kot so buldo\u017eerji, nakladalci in vrtalniki za skale.<\/li>\n<li><b>Prevoz:<\/b> Varjeni cilindri s T-kosom se uporabljajo v transportu za upravljanje hidravli\u010dnih sistemov na tovornjakih, avtobusih in drugih vozilih.<\/li>\n<\/ul>\n<h3>Zaklju\u010dek<\/h3>\n<p>Skratka, varjeni cilindri s T-kosom so pomemben sestavni del v \u0161tevilnih industrijskih aplikacijah. Zasnovani so tako, da so kompaktni, u\u010dinkoviti, vzdr\u017eljivi in \u200b\u200bstro\u0161kovno u\u010dinkoviti, zaradi \u010desar so idealna izbira za \u0161irok spekter uporabe. Ne glede na to, ali upravljate stroje v proizvodnem obratu, kmetijsko opremo na kmetiji ali te\u017eko opremo v rudniku, vam lahko varjeni cilindri s T-kosom pomagajo pri u\u010dinkovitem in uspe\u0161nem opravljanju dela.<\/p>\n<h3>O FMP-ju<\/h3>\n<p>FMP je \u017ee ve\u010d kot 30 let vodilni proizvajalec hidravli\u010dnih cilindrov. Na\u0161e industrijsko obmo\u010dje se nahaja v Italiji in imamo ve\u010d kot 100 naprav, vklju\u010dno z avtomatskimi varilnimi stroji v za\u0161\u010ditni plinski atmosferi, stroji za globoko vrtanje, CNC stru\u017enicami, cilindri\u010dnimi brusilniki, avtomatskimi \u010distilnimi stroji, avtomatskimi monta\u017enimi stroji, avtomatskimi preskusnimi mizami za delovanje hidravli\u010dnih cilindrov, avtomatskimi linijami za barvanje in \u0161e ve\u010d.<\/p>\n<p>Na\u0161i hidravli\u010dni cilindri so skrbno obdelani in pregledani, da bi na\u0161im strankam zagotovili najvi\u0161jo kakovost. Ponujamo razli\u010dne hidravli\u010dne cilindre, vklju\u010dno s hidravli\u010dnimi uhani, dvosmernimi avtomatskimi teleskopskimi hidravli\u010dnimi cilindri in drugimi.<\/p>\n<h4>Prednosti na\u0161ega izdelka in podjetja:<\/h4>\n<ol>\n<li><strong>Storitev oblikovanja:<\/strong> Na\u0161a izku\u0161ena oblikovalska ekipa vam lahko pomaga pri oblikovanju in razvoju izdelkov, ki ustrezajo va\u0161im specifi\u010dnim potrebam in zahtevam.<\/li>\n<li><strong>Storitev za izdelke:<\/strong> Zagotavljamo celovit proizvodni proces od surovin do transporta, ki vklju\u010duje rezanje, grobo obdelavo, testiranje, \u010di\u0161\u010denje, monta\u017eo, pakiranje in transport.<\/li>\n<li><strong>Vzorec postopka:<\/strong> Vzorce lahko razvijemo glede na va\u0161e specifi\u010dne zahteve in jih prilagodimo va\u0161im potrebam.<\/li>\n<li><strong>Raziskave in razvoj:<\/strong> Nenehno raziskujemo in preu\u010dujemo trg, da bi razvili nove modele in zadostili spreminjajo\u010dim se potrebam na\u0161ih strank.<\/li>\n<li><strong>Prilagoditev:<\/strong> Specializirani smo za proizvodnjo in prodajo razli\u010dnih vrst hidravli\u010dnih cilindrov in sprejemamo naro\u010dila po meri. Hidravli\u010dne cilindre lahko prilagodimo va\u0161im specifi\u010dnim zahtevam in potrebam.<\/li>\n<\/ol>\n<p>V podjetju FMP smo ponosni na svojo zavezanost kakovosti in odli\u010dnosti. Na\u0161a strokovna ekipa in\u017eenirjev in tehnikov neutrudno dela, da bi na\u0161i izdelki izpolnjevali najvi\u0161je standarde kakovosti in zanesljivosti. Za ve\u010d informacij o na\u0161ih izdelkih in storitvah nas kontaktirajte \u0161e danes.<\/p>\n<p><img decoding=\"async\" src=\"https:\/\/fmp-components.com\/wp-content\/uploads\/2024\/12\/fmp-factory-4.webp\" alt=\"Tovarna FMP\" width=\"800\" title=\"\"><br \/>\nAvtor: CX<\/p>","protected":false},"excerpt":{"rendered":"<p>The 10027 Italian Factory Small Double Acting Trailer Hydraulic Cylinder is expertly designed to provide reliable and efficient performance for various trailer applications. This compact hydraulic cylinder is an essential component for enhancing the functionality of trailers in both commercial and agricultural settings. Key Features: Double Acting Design: The double acting mechanism allows for smooth [&hellip;]<\/p>","protected":false},"featured_media":1132,"comment_status":"closed","ping_status":"closed","template":"","meta":{"_et_pb_use_builder":"","_et_pb_old_content":"","_et_gb_content_width":""},"product_brand":[],"product_cat":[31],"product_tag":[34,35],"class_list":{"0":"post-947","1":"product","2":"type-product","3":"status-publish","4":"has-post-thumbnail","6":"product_cat-welded-tee-type-cylinder","7":"product_tag-hydraulic-cylinder","8":"product_tag-welded-tee-type-cylinder","10":"first","11":"instock","12":"product-type-simple"},"_links":{"self":[{"href":"https:\/\/fmp-components.com\/sl\/wp-json\/wp\/v2\/product\/947","targetHints":{"allow":["GET"]}}],"collection":[{"href":"https:\/\/fmp-components.com\/sl\/wp-json\/wp\/v2\/product"}],"about":[{"href":"https:\/\/fmp-components.com\/sl\/wp-json\/wp\/v2\/types\/product"}],"replies":[{"embeddable":true,"href":"https:\/\/fmp-components.com\/sl\/wp-json\/wp\/v2\/comments?post=947"}],"wp:featuredmedia":[{"embeddable":true,"href":"https:\/\/fmp-components.com\/sl\/wp-json\/wp\/v2\/media\/1132"}],"wp:attachment":[{"href":"https:\/\/fmp-components.com\/sl\/wp-json\/wp\/v2\/media?parent=947"}],"wp:term":[{"taxonomy":"product_brand","embeddable":true,"href":"https:\/\/fmp-components.com\/sl\/wp-json\/wp\/v2\/product_brand?post=947"},{"taxonomy":"product_cat","embeddable":true,"href":"https:\/\/fmp-components.com\/sl\/wp-json\/wp\/v2\/product_cat?post=947"},{"taxonomy":"product_tag","embeddable":true,"href":"https:\/\/fmp-components.com\/sl\/wp-json\/wp\/v2\/product_tag?post=947"}],"curies":[{"name":"delovni list","href":"https:\/\/api.w.org\/{rel}","templated":true}]}}