{"id":944,"date":"2024-12-19T03:39:43","date_gmt":"2024-12-19T03:39:43","guid":{"rendered":"https:\/\/fmp-components.com\/product\/high-quality-welded-hydraulic-piston-cylinder-for-agriculture\/"},"modified":"2024-12-19T08:57:21","modified_gmt":"2024-12-19T08:57:21","slug":"high-quality-welded-hydraulic-piston-cylinder-for-agriculture","status":"publish","type":"product","link":"https:\/\/fmp-components.com\/sl\/product\/high-quality-welded-hydraulic-piston-cylinder-for-agriculture\/","title":{"rendered":"Visokokakovostni varjeni hidravli\u010dni batni cilinder za kmetijstvo"},"content":{"rendered":"<p>Visokokakovostni varjeni hidravli\u010dni batni valj je posebej zasnovan za kmetijsko uporabo in zagotavlja robustno in zanesljivo delovanje v zahtevnih okoljih. Ta valj zdru\u017euje napredno in\u017eenirstvo z visokokakovostnimi materiali, kar zagotavlja optimalno funkcionalnost in vzdr\u017eljivost za razli\u010dna kmetijska opravila.<\/p>\n<p><img decoding=\"async\" class=\"aligncenter\" src=\"https:\/\/hzpt.com\/wp-content\/uploads\/2023\/12\/random-3.webp\" alt=\"\" title=\"\"><\/p>\n<h4>Klju\u010dne lastnosti:<\/h4>\n<ul>\n<li><strong>Varjena konstrukcija<\/strong>Zasnovan z visoko trdnimi varjenimi spoji za izbolj\u0161anje strukturne celovitosti in prepre\u010devanje pu\u0161\u010danja, zaradi \u010desar je idealen za te\u017eko kmetijsko uporabo.<\/li>\n<li><strong>U\u010dinkovito delovanje<\/strong>Zasnovan za dvojno delovanje, ki omogo\u010da nemoteno delovanje med iztegovanjem in umikanjem za natan\u010den nadzor.<\/li>\n<li><strong>Odpornost proti koroziji<\/strong>Prevle\u010deno z za\u0161\u010ditnimi premazi, odpornimi proti rji in koroziji, kar zagotavlja dolgo \u017eivljenjsko dobo in zanesljivo delovanje v zunanjih pogojih.<\/li>\n<li><strong>Vsestranske uporabe<\/strong>Primeren za \u0161iroko paleto kmetijske opreme, vklju\u010dno s traktorji, plugi in kombajni, zaradi \u010desar je vsestranska re\u0161itev za kmete.<\/li>\n<li><strong>Enostavna namestitev<\/strong>Zasnovan za brezhibno integracijo v obstoje\u010de stroje, kar zmanj\u0161uje izpade in pove\u010duje operativno u\u010dinkovitost.<\/li>\n<\/ul>\n<h4>Prednosti:<\/h4>\n<ul>\n<li><strong>Pove\u010dana u\u010dinkovitost<\/strong>Optimizira delovanje kmetijske mehanizacije, kar omogo\u010da u\u010dinkovito dvigovanje, potiskanje in vle\u010denje.<\/li>\n<li><strong>Vzdr\u017eljivost<\/strong>Zasnovan tako, da prenese te\u017eke kmetijske razmere, kar zmanj\u0161uje potrebe po vzdr\u017eevanju in podalj\u0161uje \u017eivljenjsko dobo.<\/li>\n<li><strong>Stro\u0161kovno u\u010dinkovita zmogljivost<\/strong>Zagotavlja visoko zanesljivost in zmogljivost po konkuren\u010dni ceni, kar zagotavlja odli\u010dno vrednost za nalo\u017ebo.<\/li>\n<\/ul>\n<p>Visokokakovostni varjeni hidravli\u010dni batni valj je bistvena komponenta sodobne kmetijske mehanizacije, saj zagotavlja zanesljivo delovanje in robustnost. Zaradi svoje trpe\u017ene konstrukcije in vsestranske zasnove je neprecenljiv dodatek k vsaki ponudbi kmetijske opreme.<\/p>\n<p>Hidravli\u010dni batni cilinder podjetja FMP se pona\u0161a z edinstvenimi lastnostmi, ki ga lo\u010dijo od konkurence. Je energetsko u\u010dinkovit, zelo u\u010dinkovit in varen. Zaradi teh lastnosti je dragocen dodatek k vsakemu kmetijskemu delu.<\/p>\n<p><img decoding=\"async\" class=\"aligncenter\" src=\"https:\/\/hzpt.com\/wp-content\/uploads\/2023\/12\/random-5.webp\" alt=\"\" title=\"\"><\/p>\n<h2>Prednosti varjenega cilindra tipa T<\/h2>\n<ul>\n<li style=\"list-style-type: none;\">\n<ul>\n<li><strong>Pove\u010dana mo\u010d:<\/strong> Varjeni cilindri tipa T so znani po svoji visoki trdnosti, zaradi \u010desar so primerni za aplikacije, ki zahtevajo dvigovanje te\u017ekih bremen. Postopek varjenja, ki se uporablja med izdelavo teh cilindrov, zagotavlja, da je cilinder brez \u0161ibkih to\u010dk in lahko prenese visok tlak in obremenitve.<\/li>\n<\/ul>\n<\/li>\n<\/ul>\n<p>Ko se na valj izvaja pritisk, se ta enakomerno porazdeli po celotni povr\u0161ini, zaradi \u010desar je odporen na deformacije. Ta lastnost zagotavlja, da valj ohrani svojo obliko in strukturno celovitost tudi v ekstremnih pogojih.<\/p>\n<ul>\n<li style=\"list-style-type: none;\">\n<ul>\n<li><strong>Prepre\u010devanje pu\u0161\u010danja:<\/strong> Varjeni cilindri s T-kosom so zasnovani tako, da prepre\u010dujejo pu\u0161\u010danje. Postopek varjenja, ki se uporablja med izdelavo, zagotavlja, da je valj popolnoma zatesnjen in brez morebitnih pu\u0161\u010danj. Zaradi te lastnosti so primerni za uporabo v aplikacijah, kjer bi pu\u0161\u010danje lahko povzro\u010dilo resno \u0161kodo ali po\u0161kodbe.<\/li>\n<\/ul>\n<\/li>\n<\/ul>\n<p>Varjeni spoji so gladki, brez razpok ali utorov, kjer se lahko nabirajo ostanki ali umazanija, kar zmanj\u0161uje tveganje korozije in po\u0161kodb jeklenke.<\/p>\n<ul>\n<li style=\"list-style-type: none;\">\n<ul>\n<li><strong>Prilagodljivo:<\/strong> Varjene cilindre s T-kosom je mogo\u010de prilagoditi specifi\u010dnim aplikacijam. Cilindri so na voljo v razli\u010dnih velikostih in oblikah ter jih je mogo\u010de izdelati tako, da ustrezajo specifi\u010dnim zahtevam aplikacije.<\/li>\n<\/ul>\n<\/li>\n<\/ul>\n<p>Postopek prilagajanja omogo\u010da optimizacijo delovanja cilindra in zagotavlja, da je primeren za predvideno uporabo. Zaradi te lastnosti so varjeni cilindri s T-kosom idealni za uporabo v razli\u010dnih industrijskih aplikacijah, vklju\u010dno z gradbeni\u0161tvom, rudarstvom in ravnanjem z materiali.<\/p>\n<ul>\n<li style=\"list-style-type: none;\">\n<ul>\n<li><strong>Stro\u0161kovno u\u010dinkovito:<\/strong> Varjeni valji tipa T so stro\u0161kovno u\u010dinkovitej\u0161i v primerjavi z drugimi vrstami valjev. Postopek izdelave teh valjev je preprost, zaradi \u010desar so cenej\u0161i od drugih vrst valjev.<\/li>\n<\/ul>\n<\/li>\n<\/ul>\n<p>Poleg tega visoka trdnost in vzdr\u017eljivost varjenih valjev tipa T zmanj\u0161ujeta potrebo po pogostih popravilih in zamenjavah, kar prihrani stro\u0161ke vzdr\u017eevanja. Zaradi te lastnosti so priljubljena izbira za \u0161tevilne panoge, zlasti tiste z omejenim prora\u010dunom.<\/p>\n<ul>\n<li style=\"list-style-type: none;\">\n<ul>\n<li><strong>Pove\u010dana u\u010dinkovitost:<\/strong> Varjeni cilindri tipa T so zelo u\u010dinkoviti in uspe\u0161ni. Zasnova cilindra zagotavlja, da se uporabljena sila prenese neposredno na obremenitev, kar zmanj\u0161a izgubo energije in pove\u010da u\u010dinkovitost.<\/li>\n<\/ul>\n<\/li>\n<\/ul>\n<p>Varjeni spoji so mo\u010dni in togi, kar zmanj\u0161uje upogib in zagotavlja, da valj ohrani svojo obliko in strukturno celovitost tudi v ekstremnih pogojih. Zaradi te lastnosti so varjeni valji tipa T idealni za uporabo v aplikacijah, ki zahtevajo visoko u\u010dinkovitost in zanesljivost.<\/p>\n<h2>Uporaba varjenega valja tipa T<\/h2>\n<ul>\n<li>\n<h3>Industrijski stroji in oprema<\/h3>\n<p>Varjeni T-valj se pogosto uporablja v industrijskih strojih in opremi, zlasti v hidravli\u010dnih sistemih. Valj je sestavljen iz bata in cevi valja, ki sta zvarjena skupaj v eno samo enoto. Ta zasnova ponuja ve\u010d prednosti pred drugimi vrstami valjev, kot so izbolj\u0161ana vzdr\u017eljivost, ve\u010dja trdnost in ve\u010dja natan\u010dnost.<\/p>\n<p>Ena najpomembnej\u0161ih uporab varjenih T-valjev v industrijskih strojih je njihova sposobnost zagotavljanja dosledne in natan\u010dne sile. To je bistvenega pomena za \u0161tevilne proizvodne procese, kjer je potreben natan\u010den nadzor za zagotovitev kakovosti kon\u010dnega izdelka. Varjeni T-valji se lahko uporabljajo tudi za regulacijo pretoka teko\u010din v hidravli\u010dnih sistemih, kar omogo\u010da ve\u010djo u\u010dinkovitost in zanesljivost v razli\u010dnih industrijskih aplikacijah.<\/li>\n<li>\n<h3>Kmetijska oprema<\/h3>\n<p>Varjeni T-cilinder se pogosto uporablja tudi v kmetijski opremi, kot so traktorji in \u017eetveni stroji. Ti stroji za u\u010dinkovito delovanje potrebujejo zmogljive in zanesljive hidravli\u010dne sisteme, varjeni T-cilinder pa je idealna izbira za ta namen.<\/p>\n<p>Robustna konstrukcija in visoka trdnost cilindra ga naredita zelo odpornega proti obrabi, tudi v te\u017ekih delovnih pogojih. Zaradi tega je idealna izbira za uporabo v kmetijski opremi, kjer je vzdr\u017eljivost klju\u010dnega pomena. Varjeni T-cilinder se lahko uporablja tudi za zagotavljanje natan\u010dnega nadzora, potrebnega za \u0161tevilne kmetijske procese, kot so sajenje, \u017eetev in namakanje.<\/li>\n<li>\n<h3>Gradbena oprema<\/h3>\n<p>Varjeni T-cilinder se pogosto uporablja tudi v gradbeni opremi, kot so bagri, nakladalniki in buldo\u017eerji. Ti stroji potrebujejo zmogljive in zanesljive hidravli\u010dne sisteme za opravljanje te\u017ekih nalog, kot so kopanje, dvigovanje in potiskanje te\u017ekih bremen.<\/p>\n<p>Zaradi visoke trdnosti in vzdr\u017eljivosti je varjeni T-cilinder idealna izbira za uporabo v gradbeni opremi. Njegova sposobnost zagotavljanja natan\u010dnega nadzora in konstantne sile je bistvenega pomena za \u0161tevilne gradbene procese, kot so izkopavanje, niveliranje in tlakovanje. Varjeni T-cilinder se lahko uporablja tudi za regulacijo pretoka teko\u010din v hidravli\u010dnih sistemih, kar izbolj\u0161a u\u010dinkovitost in zanesljivost gradbene opreme v razli\u010dnih aplikacijah.<\/li>\n<\/ul>\n<h3>O FMP-ju<\/h3>\n<p>FMP je vodilni proizvajalec in dobavitelj hidravli\u010dnih cilindrov z ve\u010d kot 30-letnimi izku\u0161njami v panogi. Sede\u017e imamo v Italiji, v na\u0161em najsodobnej\u0161em industrijskem prostoru pa imamo ve\u010d kot 100 naprednih naprav. Na\u0161a \u0161iroka paleta opreme vklju\u010duje avtomatske varilne stroje v za\u0161\u010ditni plinski atmosferi, stroje za globoko vrtanje, CNC stru\u017enice, cilindri\u010dne brusilnike, avtomatske \u010distilne stroje, avtomatske monta\u017ene stroje, avtomatske preskusne mize za delovanje hidravli\u010dnih cilindrov in avtomatske lakirne linije.<\/p>\n<p><img decoding=\"async\" src=\"https:\/\/fmp-components.com\/wp-content\/uploads\/2024\/12\/fmp-factory-4.webp\" alt=\"Tovarna FMP\" width=\"800\" title=\"\"><\/p>\n<p>V podjetju FMP smo ponosni, da svojim strankam zagotavljamo visokokakovostne hidravli\u010dne cilindre. Vsak hidravli\u010dni valj je podvr\u017een strogim pregledom in obdelavi, da se zagotovi vrhunska kakovost. Na\u0161a ponudba izdelkov vklju\u010duje:<\/p>\n<ol>\n<li style=\"list-style-type: none;\">\n<ol>\n<li>Hidravli\u010dni cilinder<\/li>\n<\/ol>\n<\/li>\n<\/ol>\n<p>Na\u0161i hidravli\u010dni cilindri so zasnovani tako, da ustrezajo razli\u010dnim industrijskim potrebam. So skrbno izdelani in preizku\u0161eni za optimalno delovanje in vzdr\u017eljivost.<\/p>\n<ol>\n<li style=\"list-style-type: none;\">\n<ol>\n<li>Hidravli\u010dni valj Cilinder za uhane<\/li>\n<\/ol>\n<\/li>\n<\/ol>\n<p>Na\u0161i valji za uhane so posebej zasnovani za u\u010dinkovito in zanesljivo delovanje v \u0161irokem naboru uporab. Podvr\u017eeni so strogim testiranjem, da se zagotovi njihova funkcionalnost in dolga \u017eivljenjska doba.<\/p>\n<ol>\n<li style=\"list-style-type: none;\">\n<ol>\n<li>Dvosmerni avtomatski teleskopski hidravli\u010dni cilinder<\/li>\n<\/ol>\n<\/li>\n<\/ol>\n<p>Z na\u0161imi dvosmernimi avtomatskimi teleskopskimi hidravli\u010dnimi cilindri lahko pri\u010dakujete gladko in natan\u010dno delovanje. Ti cilindri so izdelani tako, da prenesejo velike obremenitve in ponujajo odli\u010den nadzor.<\/p>\n<ol>\n<li style=\"list-style-type: none;\">\n<ol>\n<li>Storitev oblikovanja<\/li>\n<\/ol>\n<\/li>\n<\/ol>\n<p>Na\u0161a izku\u0161ena oblikovalska ekipa vam je pripravljena pomagati pri oblikovanju in razvoju izdelkov. Ne glede na to, ali potrebujete nov izdelek ali izbolj\u0161ave obstoje\u010dega, smo tukaj, da vam pomagamo pri va\u0161ih potrebah.<\/p>\n<ol>\n<li style=\"list-style-type: none;\">\n<ol>\n<li>Storitve za izdelke<\/li>\n<\/ol>\n<\/li>\n<\/ol>\n<p>Od iskanja najbolj\u0161ih surovin do pakiranja in transporta zagotavljamo brezhibno storitev za izdelke. Vsak korak, vklju\u010dno z rezanjem, grobo obdelavo, testiranjem, \u010di\u0161\u010denjem in monta\u017eo, je skrbno izveden, da zagotovimo izdelke najvi\u0161je kakovosti.<\/p>\n<p>Poleg teh izdelkov in storitev ponujamo tudi razvoj vzorcev, prilagojen va\u0161im zahtevam. Na\u0161a predana ekipa lahko nenehno spreminja vzorce, da ustrezajo va\u0161im specifi\u010dnim potrebam. Poleg tega smo v ospredju tr\u017enih trendov in vlagamo v raziskave in razvoj. To nam omogo\u010da, da preu\u010dujemo nove tr\u017ene potrebe in razvijamo inovativne modele hidravli\u010dnih cilindrov, ki ustrezajo zahtevam razvijajo\u010de se avtomobilske industrije.<\/p>\n<p>Izberite FMP za vse va\u0161e potrebe po hidravli\u010dnih cilindrih. Zavezani smo k zagotavljanju vrhunskih izdelkov in odli\u010dni storitvi za stranke. Za razpravo o va\u0161ih zahtevah nas kontaktirajte \u0161e danes in nam dovolite, da postanemo va\u0161 zaupanja vreden partner.<\/p>\n<p>&nbsp;<\/p>\n<h2>Pogosta vpra\u0161anja<\/h2>\n<h3>V1: Kak\u0161na je nosilnost hidravli\u010dnega batnega cilindra?<\/h3>\n<p>A: Nosilnost je podrobno opisana v zgornji tabeli s specifikacijami izdelka.<\/p>\n<h3>V2: Kako deluje hidravli\u010dni batni valj?<\/h3>\n<p>A: Hidravli\u010dni batni valj deluje na principu hidravli\u010dne sile, kjer se za ustvarjanje sile in gibanja uporablja hidravli\u010dna teko\u010dina pod tlakom.<\/p>\n<h3>V3: Kako vem, kdaj je treba zamenjati hidravli\u010dno olje in tesnila?<\/h3>\n<p>A: FMP ponuja podrobna navodila o tem, kdaj in kako zamenjati hidravli\u010dno olje in tesnila.<\/p>\n<h3>V4: Ali lahko prilagodim svoj hidravli\u010dni batni valj?<\/h3>\n<p>A: Da, FMP pozdravlja prilagoditve na podlagi risb ali vzorcev, ki jih posredujejo stranke.<\/p>\n<h3>V5: Kak\u0161no podporo lahko pri\u010dakujem od FMP po nakupu?<\/h3>\n<p>A: FMP nudi celovita navodila za namestitev, vzdr\u017eevanje in popravila, s \u010dimer zagotavlja optimalno delovanje va\u0161ega hidravli\u010dnega batnega cilindra.<\/p>\n<p>Avtor: CX<\/p>","protected":false},"excerpt":{"rendered":"<p>The High Quality Welded Hydraulic Piston Cylinder is specifically designed for agricultural applications, providing robust and reliable performance in demanding environments. This cylinder combines advanced engineering with high-quality materials, ensuring optimal functionality and durability for various farming tasks. Key Features: Welded Construction: Engineered with high-strength welded joints to enhance structural integrity and prevent leaks, making [&hellip;]<\/p>","protected":false},"featured_media":1132,"comment_status":"closed","ping_status":"closed","template":"","meta":{"_et_pb_use_builder":"","_et_pb_old_content":"","_et_gb_content_width":""},"product_brand":[],"product_cat":[31],"product_tag":[34,35],"class_list":{"0":"post-944","1":"product","2":"type-product","3":"status-publish","4":"has-post-thumbnail","6":"product_cat-welded-tee-type-cylinder","7":"product_tag-hydraulic-cylinder","8":"product_tag-welded-tee-type-cylinder","10":"first","11":"instock","12":"product-type-simple"},"_links":{"self":[{"href":"https:\/\/fmp-components.com\/sl\/wp-json\/wp\/v2\/product\/944","targetHints":{"allow":["GET"]}}],"collection":[{"href":"https:\/\/fmp-components.com\/sl\/wp-json\/wp\/v2\/product"}],"about":[{"href":"https:\/\/fmp-components.com\/sl\/wp-json\/wp\/v2\/types\/product"}],"replies":[{"embeddable":true,"href":"https:\/\/fmp-components.com\/sl\/wp-json\/wp\/v2\/comments?post=944"}],"wp:featuredmedia":[{"embeddable":true,"href":"https:\/\/fmp-components.com\/sl\/wp-json\/wp\/v2\/media\/1132"}],"wp:attachment":[{"href":"https:\/\/fmp-components.com\/sl\/wp-json\/wp\/v2\/media?parent=944"}],"wp:term":[{"taxonomy":"product_brand","embeddable":true,"href":"https:\/\/fmp-components.com\/sl\/wp-json\/wp\/v2\/product_brand?post=944"},{"taxonomy":"product_cat","embeddable":true,"href":"https:\/\/fmp-components.com\/sl\/wp-json\/wp\/v2\/product_cat?post=944"},{"taxonomy":"product_tag","embeddable":true,"href":"https:\/\/fmp-components.com\/sl\/wp-json\/wp\/v2\/product_tag?post=944"}],"curies":[{"name":"delovni list","href":"https:\/\/api.w.org\/{rel}","templated":true}]}}